{"id":13836,"date":"2024-03-08T16:30:29","date_gmt":"2024-03-08T16:30:29","guid":{"rendered":"https:\/\/botiga.saiga.es\/producte\/a-propos-du-poivre-de-cayenne\/"},"modified":"2024-03-08T16:30:29","modified_gmt":"2024-03-08T16:30:29","slug":"a-propos-du-poivre-de-cayenne","status":"publish","type":"product","link":"https:\/\/saiga.es\/fr\/produit\/a-propos-du-poivre-de-cayenne\/","title":{"rendered":"\u00c0 propos du poivre de Cayenne"},"content":{"rendered":"<p>A propos du poivre de Cayenne Fruits longs et fins, 12&#215;2 cm, rouges \u00e0 maturit\u00e9, tr\u00e8s \u00e9pic\u00e9s (50 000 unit\u00e9s Scoville). Plante portuaire dress\u00e9e, vigoureuse, pr\u00e9coce.<\/p>\n","protected":false},"excerpt":{"rendered":"<p>A propos du poivre de Cayenne Fruits longs et fins, 12&#215;2 cm, rouges \u00e0 maturit\u00e9, tr\u00e8s \u00e9pic\u00e9s (50 000 unit\u00e9s Scoville). Plante portuaire dress\u00e9e, vigoureuse, pr\u00e9coce.<\/p>\n","protected":false},"featured_media":8922,"comment_status":"open","ping_status":"closed","template":"","meta":[],"product_brand":[],"product_cat":[458],"product_tag":[],"class_list":{"0":"post-13836","1":"product","2":"type-product","3":"status-publish","4":"has-post-thumbnail","6":"product_cat-horticole","8":"first","9":"instock","10":"taxable","11":"shipping-taxable","12":"purchasable","13":"product-type-simple"},"yoast_head":"<!-- This site is optimized with the Yoast SEO plugin v27.3 - https:\/\/yoast.com\/product\/yoast-seo-wordpress\/ -->\n<title>\u00c0 propos du poivre de Cayenne | SAIGA<\/title>\n<meta name=\"description\" content=\"Fruits longs et fins, 12x2 cm, rouges \u00e0 maturit\u00e9, tr\u00e8s \u00e9pic\u00e9s (50 000 unit\u00e9s Scoville). Plante portuaire dress\u00e9e, vigoureuse, pr\u00e9coce.\" \/>\n<meta name=\"robots\" content=\"index, follow, max-snippet:-1, max-image-preview:large, max-video-preview:-1\" \/>\n<link rel=\"canonical\" href=\"https:\/\/saiga.es\/fr\/produit\/a-propos-du-poivre-de-cayenne\/\" \/>\n<meta property=\"og:locale\" content=\"fr_FR\" \/>\n<meta property=\"og:type\" content=\"article\" \/>\n<meta property=\"og:title\" content=\"\u00c0 propos du poivre de Cayenne | SAIGA\" \/>\n<meta property=\"og:description\" content=\"Fruits longs et fins, 12x2 cm, rouges \u00e0 maturit\u00e9, tr\u00e8s \u00e9pic\u00e9s (50 000 unit\u00e9s Scoville). Plante portuaire dress\u00e9e, vigoureuse, pr\u00e9coce.\" \/>\n<meta property=\"og:url\" content=\"https:\/\/saiga.es\/fr\/produit\/a-propos-du-poivre-de-cayenne\/\" \/>\n<meta property=\"og:site_name\" content=\"SAIGA\" \/>\n<meta property=\"og:image\" content=\"https:\/\/saiga.es\/wp-content\/uploads\/2024\/03\/pimiento-picante-cayenna.jpg\" \/>\n\t<meta property=\"og:image:width\" content=\"500\" \/>\n\t<meta property=\"og:image:height\" content=\"720\" \/>\n\t<meta property=\"og:image:type\" content=\"image\/jpeg\" \/>\n<meta name=\"twitter:card\" content=\"summary_large_image\" \/>\n<meta name=\"twitter:site\" content=\"@saiga_agro\" \/>\n<script type=\"application\/ld+json\" class=\"yoast-schema-graph\">{\"@context\":\"https:\\\/\\\/schema.org\",\"@graph\":[{\"@type\":\"WebPage\",\"@id\":\"https:\\\/\\\/saiga.es\\\/fr\\\/produit\\\/a-propos-du-poivre-de-cayenne\\\/\",\"url\":\"https:\\\/\\\/saiga.es\\\/fr\\\/produit\\\/a-propos-du-poivre-de-cayenne\\\/\",\"name\":\"\u00c0 propos du poivre de Cayenne | SAIGA\",\"isPartOf\":{\"@id\":\"https:\\\/\\\/saiga.es\\\/fr\\\/#website\"},\"primaryImageOfPage\":{\"@id\":\"https:\\\/\\\/saiga.es\\\/fr\\\/produit\\\/a-propos-du-poivre-de-cayenne\\\/#primaryimage\"},\"image\":{\"@id\":\"https:\\\/\\\/saiga.es\\\/fr\\\/produit\\\/a-propos-du-poivre-de-cayenne\\\/#primaryimage\"},\"thumbnailUrl\":\"https:\\\/\\\/saiga.es\\\/wp-content\\\/uploads\\\/2024\\\/03\\\/pimiento-picante-cayenna.jpg\",\"datePublished\":\"2024-03-08T16:30:29+00:00\",\"description\":\"Fruits longs et fins, 12x2 cm, rouges \u00e0 maturit\u00e9, tr\u00e8s \u00e9pic\u00e9s (50 000 unit\u00e9s Scoville). Plante portuaire dress\u00e9e, vigoureuse, pr\u00e9coce.\",\"breadcrumb\":{\"@id\":\"https:\\\/\\\/saiga.es\\\/fr\\\/produit\\\/a-propos-du-poivre-de-cayenne\\\/#breadcrumb\"},\"inLanguage\":\"fr-FR\",\"potentialAction\":[{\"@type\":\"ReadAction\",\"target\":[\"https:\\\/\\\/saiga.es\\\/fr\\\/produit\\\/a-propos-du-poivre-de-cayenne\\\/\"]}]},{\"@type\":\"ImageObject\",\"inLanguage\":\"fr-FR\",\"@id\":\"https:\\\/\\\/saiga.es\\\/fr\\\/produit\\\/a-propos-du-poivre-de-cayenne\\\/#primaryimage\",\"url\":\"https:\\\/\\\/saiga.es\\\/wp-content\\\/uploads\\\/2024\\\/03\\\/pimiento-picante-cayenna.jpg\",\"contentUrl\":\"https:\\\/\\\/saiga.es\\\/wp-content\\\/uploads\\\/2024\\\/03\\\/pimiento-picante-cayenna.jpg\",\"width\":500,\"height\":720},{\"@type\":\"BreadcrumbList\",\"@id\":\"https:\\\/\\\/saiga.es\\\/fr\\\/produit\\\/a-propos-du-poivre-de-cayenne\\\/#breadcrumb\",\"itemListElement\":[{\"@type\":\"ListItem\",\"position\":1,\"name\":\"Inici\",\"item\":\"https:\\\/\\\/saiga.es\\\/fr\\\/\"},{\"@type\":\"ListItem\",\"position\":2,\"name\":\"boutique\",\"item\":\"https:\\\/\\\/saiga.es\\\/fr\\\/boutique\\\/\"},{\"@type\":\"ListItem\",\"position\":3,\"name\":\"\u00c0 propos du poivre de Cayenne\"}]},{\"@type\":\"WebSite\",\"@id\":\"https:\\\/\\\/saiga.es\\\/fr\\\/#website\",\"url\":\"https:\\\/\\\/saiga.es\\\/fr\\\/\",\"name\":\"SAIGA\",\"description\":\"M\u00e9s de 50 anys al servei de la terra i treballant per a un \u00fas eficient de l\u2019aigua!\",\"publisher\":{\"@id\":\"https:\\\/\\\/saiga.es\\\/fr\\\/#organization\"},\"potentialAction\":[{\"@type\":\"SearchAction\",\"target\":{\"@type\":\"EntryPoint\",\"urlTemplate\":\"https:\\\/\\\/saiga.es\\\/fr\\\/?s={search_term_string}\"},\"query-input\":{\"@type\":\"PropertyValueSpecification\",\"valueRequired\":true,\"valueName\":\"search_term_string\"}}],\"inLanguage\":\"fr-FR\"},{\"@type\":\"Organization\",\"@id\":\"https:\\\/\\\/saiga.es\\\/fr\\\/#organization\",\"name\":\"SAIGA\",\"url\":\"https:\\\/\\\/saiga.es\\\/fr\\\/\",\"logo\":{\"@type\":\"ImageObject\",\"inLanguage\":\"fr-FR\",\"@id\":\"https:\\\/\\\/saiga.es\\\/fr\\\/#\\\/schema\\\/logo\\\/image\\\/\",\"url\":\"https:\\\/\\\/saiga.es\\\/wp-content\\\/uploads\\\/2025\\\/07\\\/logo_saiga_baseline_optimitzat.svg\",\"contentUrl\":\"https:\\\/\\\/saiga.es\\\/wp-content\\\/uploads\\\/2025\\\/07\\\/logo_saiga_baseline_optimitzat.svg\",\"caption\":\"SAIGA\"},\"image\":{\"@id\":\"https:\\\/\\\/saiga.es\\\/fr\\\/#\\\/schema\\\/logo\\\/image\\\/\"},\"sameAs\":[\"https:\\\/\\\/x.com\\\/saiga_agro\",\"https:\\\/\\\/www.instagram.com\\\/saiga_agro\\\/\"]}]}<\/script>\n<!-- \/ Yoast SEO plugin. -->","yoast_head_json":{"title":"\u00c0 propos du poivre de Cayenne | SAIGA","description":"Fruits longs et fins, 12x2 cm, rouges \u00e0 maturit\u00e9, tr\u00e8s \u00e9pic\u00e9s (50 000 unit\u00e9s Scoville). Plante portuaire dress\u00e9e, vigoureuse, pr\u00e9coce.","robots":{"index":"index","follow":"follow","max-snippet":"max-snippet:-1","max-image-preview":"max-image-preview:large","max-video-preview":"max-video-preview:-1"},"canonical":"https:\/\/saiga.es\/fr\/produit\/a-propos-du-poivre-de-cayenne\/","og_locale":"fr_FR","og_type":"article","og_title":"\u00c0 propos du poivre de Cayenne | SAIGA","og_description":"Fruits longs et fins, 12x2 cm, rouges \u00e0 maturit\u00e9, tr\u00e8s \u00e9pic\u00e9s (50 000 unit\u00e9s Scoville). Plante portuaire dress\u00e9e, vigoureuse, pr\u00e9coce.","og_url":"https:\/\/saiga.es\/fr\/produit\/a-propos-du-poivre-de-cayenne\/","og_site_name":"SAIGA","og_image":[{"width":500,"height":720,"url":"https:\/\/saiga.es\/wp-content\/uploads\/2024\/03\/pimiento-picante-cayenna.jpg","type":"image\/jpeg"}],"twitter_card":"summary_large_image","twitter_site":"@saiga_agro","schema":{"@context":"https:\/\/schema.org","@graph":[{"@type":"WebPage","@id":"https:\/\/saiga.es\/fr\/produit\/a-propos-du-poivre-de-cayenne\/","url":"https:\/\/saiga.es\/fr\/produit\/a-propos-du-poivre-de-cayenne\/","name":"\u00c0 propos du poivre de Cayenne | SAIGA","isPartOf":{"@id":"https:\/\/saiga.es\/fr\/#website"},"primaryImageOfPage":{"@id":"https:\/\/saiga.es\/fr\/produit\/a-propos-du-poivre-de-cayenne\/#primaryimage"},"image":{"@id":"https:\/\/saiga.es\/fr\/produit\/a-propos-du-poivre-de-cayenne\/#primaryimage"},"thumbnailUrl":"https:\/\/saiga.es\/wp-content\/uploads\/2024\/03\/pimiento-picante-cayenna.jpg","datePublished":"2024-03-08T16:30:29+00:00","description":"Fruits longs et fins, 12x2 cm, rouges \u00e0 maturit\u00e9, tr\u00e8s \u00e9pic\u00e9s (50 000 unit\u00e9s Scoville). Plante portuaire dress\u00e9e, vigoureuse, pr\u00e9coce.","breadcrumb":{"@id":"https:\/\/saiga.es\/fr\/produit\/a-propos-du-poivre-de-cayenne\/#breadcrumb"},"inLanguage":"fr-FR","potentialAction":[{"@type":"ReadAction","target":["https:\/\/saiga.es\/fr\/produit\/a-propos-du-poivre-de-cayenne\/"]}]},{"@type":"ImageObject","inLanguage":"fr-FR","@id":"https:\/\/saiga.es\/fr\/produit\/a-propos-du-poivre-de-cayenne\/#primaryimage","url":"https:\/\/saiga.es\/wp-content\/uploads\/2024\/03\/pimiento-picante-cayenna.jpg","contentUrl":"https:\/\/saiga.es\/wp-content\/uploads\/2024\/03\/pimiento-picante-cayenna.jpg","width":500,"height":720},{"@type":"BreadcrumbList","@id":"https:\/\/saiga.es\/fr\/produit\/a-propos-du-poivre-de-cayenne\/#breadcrumb","itemListElement":[{"@type":"ListItem","position":1,"name":"Inici","item":"https:\/\/saiga.es\/fr\/"},{"@type":"ListItem","position":2,"name":"boutique","item":"https:\/\/saiga.es\/fr\/boutique\/"},{"@type":"ListItem","position":3,"name":"\u00c0 propos du poivre de Cayenne"}]},{"@type":"WebSite","@id":"https:\/\/saiga.es\/fr\/#website","url":"https:\/\/saiga.es\/fr\/","name":"SAIGA","description":"M\u00e9s de 50 anys al servei de la terra i treballant per a un \u00fas eficient de l\u2019aigua!","publisher":{"@id":"https:\/\/saiga.es\/fr\/#organization"},"potentialAction":[{"@type":"SearchAction","target":{"@type":"EntryPoint","urlTemplate":"https:\/\/saiga.es\/fr\/?s={search_term_string}"},"query-input":{"@type":"PropertyValueSpecification","valueRequired":true,"valueName":"search_term_string"}}],"inLanguage":"fr-FR"},{"@type":"Organization","@id":"https:\/\/saiga.es\/fr\/#organization","name":"SAIGA","url":"https:\/\/saiga.es\/fr\/","logo":{"@type":"ImageObject","inLanguage":"fr-FR","@id":"https:\/\/saiga.es\/fr\/#\/schema\/logo\/image\/","url":"https:\/\/saiga.es\/wp-content\/uploads\/2025\/07\/logo_saiga_baseline_optimitzat.svg","contentUrl":"https:\/\/saiga.es\/wp-content\/uploads\/2025\/07\/logo_saiga_baseline_optimitzat.svg","caption":"SAIGA"},"image":{"@id":"https:\/\/saiga.es\/fr\/#\/schema\/logo\/image\/"},"sameAs":["https:\/\/x.com\/saiga_agro","https:\/\/www.instagram.com\/saiga_agro\/"]}]}},"_links":{"self":[{"href":"https:\/\/saiga.es\/fr\/wp-json\/wp\/v2\/product\/13836","targetHints":{"allow":["GET"]}}],"collection":[{"href":"https:\/\/saiga.es\/fr\/wp-json\/wp\/v2\/product"}],"about":[{"href":"https:\/\/saiga.es\/fr\/wp-json\/wp\/v2\/types\/product"}],"replies":[{"embeddable":true,"href":"https:\/\/saiga.es\/fr\/wp-json\/wp\/v2\/comments?post=13836"}],"wp:featuredmedia":[{"embeddable":true,"href":"https:\/\/saiga.es\/fr\/wp-json\/wp\/v2\/media\/8922"}],"wp:attachment":[{"href":"https:\/\/saiga.es\/fr\/wp-json\/wp\/v2\/media?parent=13836"}],"wp:term":[{"taxonomy":"product_brand","embeddable":true,"href":"https:\/\/saiga.es\/fr\/wp-json\/wp\/v2\/product_brand?post=13836"},{"taxonomy":"product_cat","embeddable":true,"href":"https:\/\/saiga.es\/fr\/wp-json\/wp\/v2\/product_cat?post=13836"},{"taxonomy":"product_tag","embeddable":true,"href":"https:\/\/saiga.es\/fr\/wp-json\/wp\/v2\/product_tag?post=13836"}],"curies":[{"name":"wp","href":"https:\/\/api.w.org\/{rel}","templated":true}]}}