{"id":13841,"date":"2024-03-08T14:23:42","date_gmt":"2024-03-08T14:23:42","guid":{"rendered":"https:\/\/botiga.saiga.es\/producte\/enveloppe-laitue-alface-lollo-rossa\/"},"modified":"2024-03-08T14:23:42","modified_gmt":"2024-03-08T14:23:42","slug":"enveloppe-laitue-alface-lollo-rossa","status":"publish","type":"product","link":"https:\/\/saiga.es\/fr\/produit\/enveloppe-laitue-alface-lollo-rossa\/","title":{"rendered":"Enveloppe laitue alface lollo rossa"},"content":{"rendered":"<p>Enveloppe laitue alface lollo rossa Vari\u00e9t\u00e9 moyennement pr\u00e9coce. Feuilles tr\u00e8s fris\u00e9es et coup\u00e9es, tr\u00e8s jolie couleur rouge fonc\u00e9. Port compact, sans former de cocon. R\u00e9coltez la plante enti\u00e8re ou ramassez les feuilles au fur et \u00e0 mesure de leur croissance.<\/p>\n","protected":false},"excerpt":{"rendered":"<p>Enveloppe laitue alface lollo rossa Vari\u00e9t\u00e9 moyennement pr\u00e9coce. Feuilles tr\u00e8s fris\u00e9es et coup\u00e9es, tr\u00e8s jolie couleur rouge fonc\u00e9. Port compact, sans former de cocon. R\u00e9coltez la plante enti\u00e8re ou ramassez les feuilles au fur et \u00e0 mesure de leur croissance.<\/p>\n","protected":false},"featured_media":8889,"comment_status":"open","ping_status":"closed","template":"","meta":[],"product_brand":[],"product_cat":[458],"product_tag":[],"class_list":{"0":"post-13841","1":"product","2":"type-product","3":"status-publish","4":"has-post-thumbnail","6":"product_cat-horticole","8":"first","9":"instock","10":"taxable","11":"shipping-taxable","12":"purchasable","13":"product-type-simple"},"yoast_head":"<!-- This site is optimized with the Yoast SEO plugin v27.3 - https:\/\/yoast.com\/product\/yoast-seo-wordpress\/ -->\n<title>Enveloppe laitue alface lollo rossa | SAIGA<\/title>\n<meta name=\"description\" content=\"Vari\u00e9t\u00e9 moyennement pr\u00e9coce. Feuilles tr\u00e8s fris\u00e9es et coup\u00e9es, rouge fonc\u00e9. R\u00e9coltez la plante enti\u00e8re ou ramassez les feuilles au fur et \u00e0 mesure de leur croissance.\" \/>\n<meta name=\"robots\" content=\"index, follow, max-snippet:-1, max-image-preview:large, max-video-preview:-1\" \/>\n<link rel=\"canonical\" href=\"https:\/\/saiga.es\/fr\/produit\/enveloppe-laitue-alface-lollo-rossa\/\" \/>\n<meta property=\"og:locale\" content=\"fr_FR\" \/>\n<meta property=\"og:type\" content=\"article\" \/>\n<meta property=\"og:title\" content=\"Enveloppe laitue alface lollo rossa | SAIGA\" \/>\n<meta property=\"og:description\" content=\"Vari\u00e9t\u00e9 moyennement pr\u00e9coce. Feuilles tr\u00e8s fris\u00e9es et coup\u00e9es, rouge fonc\u00e9. R\u00e9coltez la plante enti\u00e8re ou ramassez les feuilles au fur et \u00e0 mesure de leur croissance.\" \/>\n<meta property=\"og:url\" content=\"https:\/\/saiga.es\/fr\/produit\/enveloppe-laitue-alface-lollo-rossa\/\" \/>\n<meta property=\"og:site_name\" content=\"SAIGA\" \/>\n<meta property=\"og:image\" content=\"https:\/\/saiga.es\/wp-content\/uploads\/2024\/03\/lechuga-lollo-rossa.jpg\" \/>\n\t<meta property=\"og:image:width\" content=\"500\" \/>\n\t<meta property=\"og:image:height\" content=\"720\" \/>\n\t<meta property=\"og:image:type\" content=\"image\/jpeg\" \/>\n<meta name=\"twitter:card\" content=\"summary_large_image\" \/>\n<meta name=\"twitter:site\" content=\"@saiga_agro\" \/>\n<script type=\"application\/ld+json\" class=\"yoast-schema-graph\">{\"@context\":\"https:\\\/\\\/schema.org\",\"@graph\":[{\"@type\":\"WebPage\",\"@id\":\"https:\\\/\\\/saiga.es\\\/fr\\\/produit\\\/enveloppe-laitue-alface-lollo-rossa\\\/\",\"url\":\"https:\\\/\\\/saiga.es\\\/fr\\\/produit\\\/enveloppe-laitue-alface-lollo-rossa\\\/\",\"name\":\"Enveloppe laitue alface lollo rossa | SAIGA\",\"isPartOf\":{\"@id\":\"https:\\\/\\\/saiga.es\\\/fr\\\/#website\"},\"primaryImageOfPage\":{\"@id\":\"https:\\\/\\\/saiga.es\\\/fr\\\/produit\\\/enveloppe-laitue-alface-lollo-rossa\\\/#primaryimage\"},\"image\":{\"@id\":\"https:\\\/\\\/saiga.es\\\/fr\\\/produit\\\/enveloppe-laitue-alface-lollo-rossa\\\/#primaryimage\"},\"thumbnailUrl\":\"https:\\\/\\\/saiga.es\\\/wp-content\\\/uploads\\\/2024\\\/03\\\/lechuga-lollo-rossa.jpg\",\"datePublished\":\"2024-03-08T14:23:42+00:00\",\"description\":\"Vari\u00e9t\u00e9 moyennement pr\u00e9coce. Feuilles tr\u00e8s fris\u00e9es et coup\u00e9es, rouge fonc\u00e9. R\u00e9coltez la plante enti\u00e8re ou ramassez les feuilles au fur et \u00e0 mesure de leur croissance.\",\"breadcrumb\":{\"@id\":\"https:\\\/\\\/saiga.es\\\/fr\\\/produit\\\/enveloppe-laitue-alface-lollo-rossa\\\/#breadcrumb\"},\"inLanguage\":\"fr-FR\",\"potentialAction\":[{\"@type\":\"ReadAction\",\"target\":[\"https:\\\/\\\/saiga.es\\\/fr\\\/produit\\\/enveloppe-laitue-alface-lollo-rossa\\\/\"]}]},{\"@type\":\"ImageObject\",\"inLanguage\":\"fr-FR\",\"@id\":\"https:\\\/\\\/saiga.es\\\/fr\\\/produit\\\/enveloppe-laitue-alface-lollo-rossa\\\/#primaryimage\",\"url\":\"https:\\\/\\\/saiga.es\\\/wp-content\\\/uploads\\\/2024\\\/03\\\/lechuga-lollo-rossa.jpg\",\"contentUrl\":\"https:\\\/\\\/saiga.es\\\/wp-content\\\/uploads\\\/2024\\\/03\\\/lechuga-lollo-rossa.jpg\",\"width\":500,\"height\":720},{\"@type\":\"BreadcrumbList\",\"@id\":\"https:\\\/\\\/saiga.es\\\/fr\\\/produit\\\/enveloppe-laitue-alface-lollo-rossa\\\/#breadcrumb\",\"itemListElement\":[{\"@type\":\"ListItem\",\"position\":1,\"name\":\"Inici\",\"item\":\"https:\\\/\\\/saiga.es\\\/fr\\\/\"},{\"@type\":\"ListItem\",\"position\":2,\"name\":\"boutique\",\"item\":\"https:\\\/\\\/saiga.es\\\/fr\\\/boutique\\\/\"},{\"@type\":\"ListItem\",\"position\":3,\"name\":\"Enveloppe laitue alface lollo rossa\"}]},{\"@type\":\"WebSite\",\"@id\":\"https:\\\/\\\/saiga.es\\\/fr\\\/#website\",\"url\":\"https:\\\/\\\/saiga.es\\\/fr\\\/\",\"name\":\"SAIGA\",\"description\":\"M\u00e9s de 50 anys al servei de la terra i treballant per a un \u00fas eficient de l\u2019aigua!\",\"publisher\":{\"@id\":\"https:\\\/\\\/saiga.es\\\/fr\\\/#organization\"},\"potentialAction\":[{\"@type\":\"SearchAction\",\"target\":{\"@type\":\"EntryPoint\",\"urlTemplate\":\"https:\\\/\\\/saiga.es\\\/fr\\\/?s={search_term_string}\"},\"query-input\":{\"@type\":\"PropertyValueSpecification\",\"valueRequired\":true,\"valueName\":\"search_term_string\"}}],\"inLanguage\":\"fr-FR\"},{\"@type\":\"Organization\",\"@id\":\"https:\\\/\\\/saiga.es\\\/fr\\\/#organization\",\"name\":\"SAIGA\",\"url\":\"https:\\\/\\\/saiga.es\\\/fr\\\/\",\"logo\":{\"@type\":\"ImageObject\",\"inLanguage\":\"fr-FR\",\"@id\":\"https:\\\/\\\/saiga.es\\\/fr\\\/#\\\/schema\\\/logo\\\/image\\\/\",\"url\":\"https:\\\/\\\/saiga.es\\\/wp-content\\\/uploads\\\/2025\\\/07\\\/logo_saiga_baseline_optimitzat.svg\",\"contentUrl\":\"https:\\\/\\\/saiga.es\\\/wp-content\\\/uploads\\\/2025\\\/07\\\/logo_saiga_baseline_optimitzat.svg\",\"caption\":\"SAIGA\"},\"image\":{\"@id\":\"https:\\\/\\\/saiga.es\\\/fr\\\/#\\\/schema\\\/logo\\\/image\\\/\"},\"sameAs\":[\"https:\\\/\\\/x.com\\\/saiga_agro\",\"https:\\\/\\\/www.instagram.com\\\/saiga_agro\\\/\"]}]}<\/script>\n<!-- \/ Yoast SEO plugin. -->","yoast_head_json":{"title":"Enveloppe laitue alface lollo rossa | SAIGA","description":"Vari\u00e9t\u00e9 moyennement pr\u00e9coce. Feuilles tr\u00e8s fris\u00e9es et coup\u00e9es, rouge fonc\u00e9. R\u00e9coltez la plante enti\u00e8re ou ramassez les feuilles au fur et \u00e0 mesure de leur croissance.","robots":{"index":"index","follow":"follow","max-snippet":"max-snippet:-1","max-image-preview":"max-image-preview:large","max-video-preview":"max-video-preview:-1"},"canonical":"https:\/\/saiga.es\/fr\/produit\/enveloppe-laitue-alface-lollo-rossa\/","og_locale":"fr_FR","og_type":"article","og_title":"Enveloppe laitue alface lollo rossa | SAIGA","og_description":"Vari\u00e9t\u00e9 moyennement pr\u00e9coce. Feuilles tr\u00e8s fris\u00e9es et coup\u00e9es, rouge fonc\u00e9. R\u00e9coltez la plante enti\u00e8re ou ramassez les feuilles au fur et \u00e0 mesure de leur croissance.","og_url":"https:\/\/saiga.es\/fr\/produit\/enveloppe-laitue-alface-lollo-rossa\/","og_site_name":"SAIGA","og_image":[{"width":500,"height":720,"url":"https:\/\/saiga.es\/wp-content\/uploads\/2024\/03\/lechuga-lollo-rossa.jpg","type":"image\/jpeg"}],"twitter_card":"summary_large_image","twitter_site":"@saiga_agro","schema":{"@context":"https:\/\/schema.org","@graph":[{"@type":"WebPage","@id":"https:\/\/saiga.es\/fr\/produit\/enveloppe-laitue-alface-lollo-rossa\/","url":"https:\/\/saiga.es\/fr\/produit\/enveloppe-laitue-alface-lollo-rossa\/","name":"Enveloppe laitue alface lollo rossa | SAIGA","isPartOf":{"@id":"https:\/\/saiga.es\/fr\/#website"},"primaryImageOfPage":{"@id":"https:\/\/saiga.es\/fr\/produit\/enveloppe-laitue-alface-lollo-rossa\/#primaryimage"},"image":{"@id":"https:\/\/saiga.es\/fr\/produit\/enveloppe-laitue-alface-lollo-rossa\/#primaryimage"},"thumbnailUrl":"https:\/\/saiga.es\/wp-content\/uploads\/2024\/03\/lechuga-lollo-rossa.jpg","datePublished":"2024-03-08T14:23:42+00:00","description":"Vari\u00e9t\u00e9 moyennement pr\u00e9coce. Feuilles tr\u00e8s fris\u00e9es et coup\u00e9es, rouge fonc\u00e9. R\u00e9coltez la plante enti\u00e8re ou ramassez les feuilles au fur et \u00e0 mesure de leur croissance.","breadcrumb":{"@id":"https:\/\/saiga.es\/fr\/produit\/enveloppe-laitue-alface-lollo-rossa\/#breadcrumb"},"inLanguage":"fr-FR","potentialAction":[{"@type":"ReadAction","target":["https:\/\/saiga.es\/fr\/produit\/enveloppe-laitue-alface-lollo-rossa\/"]}]},{"@type":"ImageObject","inLanguage":"fr-FR","@id":"https:\/\/saiga.es\/fr\/produit\/enveloppe-laitue-alface-lollo-rossa\/#primaryimage","url":"https:\/\/saiga.es\/wp-content\/uploads\/2024\/03\/lechuga-lollo-rossa.jpg","contentUrl":"https:\/\/saiga.es\/wp-content\/uploads\/2024\/03\/lechuga-lollo-rossa.jpg","width":500,"height":720},{"@type":"BreadcrumbList","@id":"https:\/\/saiga.es\/fr\/produit\/enveloppe-laitue-alface-lollo-rossa\/#breadcrumb","itemListElement":[{"@type":"ListItem","position":1,"name":"Inici","item":"https:\/\/saiga.es\/fr\/"},{"@type":"ListItem","position":2,"name":"boutique","item":"https:\/\/saiga.es\/fr\/boutique\/"},{"@type":"ListItem","position":3,"name":"Enveloppe laitue alface lollo rossa"}]},{"@type":"WebSite","@id":"https:\/\/saiga.es\/fr\/#website","url":"https:\/\/saiga.es\/fr\/","name":"SAIGA","description":"M\u00e9s de 50 anys al servei de la terra i treballant per a un \u00fas eficient de l\u2019aigua!","publisher":{"@id":"https:\/\/saiga.es\/fr\/#organization"},"potentialAction":[{"@type":"SearchAction","target":{"@type":"EntryPoint","urlTemplate":"https:\/\/saiga.es\/fr\/?s={search_term_string}"},"query-input":{"@type":"PropertyValueSpecification","valueRequired":true,"valueName":"search_term_string"}}],"inLanguage":"fr-FR"},{"@type":"Organization","@id":"https:\/\/saiga.es\/fr\/#organization","name":"SAIGA","url":"https:\/\/saiga.es\/fr\/","logo":{"@type":"ImageObject","inLanguage":"fr-FR","@id":"https:\/\/saiga.es\/fr\/#\/schema\/logo\/image\/","url":"https:\/\/saiga.es\/wp-content\/uploads\/2025\/07\/logo_saiga_baseline_optimitzat.svg","contentUrl":"https:\/\/saiga.es\/wp-content\/uploads\/2025\/07\/logo_saiga_baseline_optimitzat.svg","caption":"SAIGA"},"image":{"@id":"https:\/\/saiga.es\/fr\/#\/schema\/logo\/image\/"},"sameAs":["https:\/\/x.com\/saiga_agro","https:\/\/www.instagram.com\/saiga_agro\/"]}]}},"_links":{"self":[{"href":"https:\/\/saiga.es\/fr\/wp-json\/wp\/v2\/product\/13841","targetHints":{"allow":["GET"]}}],"collection":[{"href":"https:\/\/saiga.es\/fr\/wp-json\/wp\/v2\/product"}],"about":[{"href":"https:\/\/saiga.es\/fr\/wp-json\/wp\/v2\/types\/product"}],"replies":[{"embeddable":true,"href":"https:\/\/saiga.es\/fr\/wp-json\/wp\/v2\/comments?post=13841"}],"wp:featuredmedia":[{"embeddable":true,"href":"https:\/\/saiga.es\/fr\/wp-json\/wp\/v2\/media\/8889"}],"wp:attachment":[{"href":"https:\/\/saiga.es\/fr\/wp-json\/wp\/v2\/media?parent=13841"}],"wp:term":[{"taxonomy":"product_brand","embeddable":true,"href":"https:\/\/saiga.es\/fr\/wp-json\/wp\/v2\/product_brand?post=13841"},{"taxonomy":"product_cat","embeddable":true,"href":"https:\/\/saiga.es\/fr\/wp-json\/wp\/v2\/product_cat?post=13841"},{"taxonomy":"product_tag","embeddable":true,"href":"https:\/\/saiga.es\/fr\/wp-json\/wp\/v2\/product_tag?post=13841"}],"curies":[{"name":"wp","href":"https:\/\/api.w.org\/{rel}","templated":true}]}}