{"id":13844,"date":"2024-03-07T11:25:41","date_gmt":"2024-03-07T11:25:41","guid":{"rendered":"https:\/\/botiga.saiga.es\/producte\/enveloppe-laitue-batavia-rossa\/"},"modified":"2024-03-07T11:25:41","modified_gmt":"2024-03-07T11:25:41","slug":"enveloppe-laitue-batavia-rossa","status":"publish","type":"product","link":"https:\/\/saiga.es\/fr\/produit\/enveloppe-laitue-batavia-rossa\/","title":{"rendered":"Enveloppe laitue batavia rossa"},"content":{"rendered":"<p>Enveloppe laitue batavia rossa Vari\u00e9t\u00e9 de printemps et d&rsquo;\u00e9t\u00e9. Feuilles l\u00e9g\u00e8rement rid\u00e9es, aux bords fris\u00e9s, consistantes et croustillantes. Il forme un concombre volumineux et dense. Bonne r\u00e9sistance \u00e0 l&rsquo;oreille.<\/p>\n","protected":false},"excerpt":{"rendered":"<p>Enveloppe laitue batavia rossa Vari\u00e9t\u00e9 de printemps et d&rsquo;\u00e9t\u00e9. Feuilles l\u00e9g\u00e8rement rid\u00e9es, aux bords fris\u00e9s, consistantes et croustillantes. Il forme un concombre volumineux et dense. Bonne r\u00e9sistance \u00e0 l&rsquo;oreille.<\/p>\n","protected":false},"featured_media":8747,"comment_status":"open","ping_status":"closed","template":"","meta":[],"product_brand":[],"product_cat":[458],"product_tag":[],"class_list":{"0":"post-13844","1":"product","2":"type-product","3":"status-publish","4":"has-post-thumbnail","6":"product_cat-horticole","8":"first","9":"instock","10":"taxable","11":"shipping-taxable","12":"purchasable","13":"product-type-simple"},"yoast_head":"<!-- This site is optimized with the Yoast SEO plugin v27.3 - https:\/\/yoast.com\/product\/yoast-seo-wordpress\/ -->\n<title>Enveloppe laitue batavia rossa | SAIGA<\/title>\n<meta name=\"description\" content=\"Vari\u00e9t\u00e9 de printemps et d&#039;\u00e9t\u00e9. Feuilles l\u00e9g\u00e8rement rid\u00e9es, aux bords recourb\u00e9s. Il forme un concombre volumineux et dense. Bonne r\u00e9sistance \u00e0 l&#039;oreille.Vari\u00e9t\u00e9 de printemps et d&#039;\u00e9t\u00e9. Feuilles l\u00e9g\u00e8rement rid\u00e9es, aux bords recourb\u00e9s. Il forme un concombre volumineux et dense. Bonne r\u00e9sistance \u00e0 l&#039;oreille.\" \/>\n<meta name=\"robots\" content=\"index, follow, max-snippet:-1, max-image-preview:large, max-video-preview:-1\" \/>\n<link rel=\"canonical\" href=\"https:\/\/saiga.es\/fr\/produit\/enveloppe-laitue-batavia-rossa\/\" \/>\n<meta property=\"og:locale\" content=\"fr_FR\" \/>\n<meta property=\"og:type\" content=\"article\" \/>\n<meta property=\"og:title\" content=\"Enveloppe laitue batavia rossa | SAIGA\" \/>\n<meta property=\"og:description\" content=\"Vari\u00e9t\u00e9 de printemps et d&#039;\u00e9t\u00e9. Feuilles l\u00e9g\u00e8rement rid\u00e9es, aux bords recourb\u00e9s. Il forme un concombre volumineux et dense. Bonne r\u00e9sistance \u00e0 l&#039;oreille.Vari\u00e9t\u00e9 de printemps et d&#039;\u00e9t\u00e9. Feuilles l\u00e9g\u00e8rement rid\u00e9es, aux bords recourb\u00e9s. Il forme un concombre volumineux et dense. Bonne r\u00e9sistance \u00e0 l&#039;oreille.\" \/>\n<meta property=\"og:url\" content=\"https:\/\/saiga.es\/fr\/produit\/enveloppe-laitue-batavia-rossa\/\" \/>\n<meta property=\"og:site_name\" content=\"SAIGA\" \/>\n<meta property=\"og:image\" content=\"https:\/\/saiga.es\/wp-content\/uploads\/2024\/03\/lechuga-batavia-rubia.jpg\" \/>\n\t<meta property=\"og:image:width\" content=\"500\" \/>\n\t<meta property=\"og:image:height\" content=\"720\" \/>\n\t<meta property=\"og:image:type\" content=\"image\/jpeg\" \/>\n<meta name=\"twitter:card\" content=\"summary_large_image\" \/>\n<meta name=\"twitter:site\" content=\"@saiga_agro\" \/>\n<script type=\"application\/ld+json\" class=\"yoast-schema-graph\">{\"@context\":\"https:\\\/\\\/schema.org\",\"@graph\":[{\"@type\":\"WebPage\",\"@id\":\"https:\\\/\\\/saiga.es\\\/fr\\\/produit\\\/enveloppe-laitue-batavia-rossa\\\/\",\"url\":\"https:\\\/\\\/saiga.es\\\/fr\\\/produit\\\/enveloppe-laitue-batavia-rossa\\\/\",\"name\":\"Enveloppe laitue batavia rossa | SAIGA\",\"isPartOf\":{\"@id\":\"https:\\\/\\\/saiga.es\\\/fr\\\/#website\"},\"primaryImageOfPage\":{\"@id\":\"https:\\\/\\\/saiga.es\\\/fr\\\/produit\\\/enveloppe-laitue-batavia-rossa\\\/#primaryimage\"},\"image\":{\"@id\":\"https:\\\/\\\/saiga.es\\\/fr\\\/produit\\\/enveloppe-laitue-batavia-rossa\\\/#primaryimage\"},\"thumbnailUrl\":\"https:\\\/\\\/saiga.es\\\/wp-content\\\/uploads\\\/2024\\\/03\\\/lechuga-batavia-rubia.jpg\",\"datePublished\":\"2024-03-07T11:25:41+00:00\",\"description\":\"Vari\u00e9t\u00e9 de printemps et d'\u00e9t\u00e9. Feuilles l\u00e9g\u00e8rement rid\u00e9es, aux bords recourb\u00e9s. Il forme un concombre volumineux et dense. Bonne r\u00e9sistance \u00e0 l'oreille.Vari\u00e9t\u00e9 de printemps et d'\u00e9t\u00e9. Feuilles l\u00e9g\u00e8rement rid\u00e9es, aux bords recourb\u00e9s. Il forme un concombre volumineux et dense. Bonne r\u00e9sistance \u00e0 l'oreille.\",\"breadcrumb\":{\"@id\":\"https:\\\/\\\/saiga.es\\\/fr\\\/produit\\\/enveloppe-laitue-batavia-rossa\\\/#breadcrumb\"},\"inLanguage\":\"fr-FR\",\"potentialAction\":[{\"@type\":\"ReadAction\",\"target\":[\"https:\\\/\\\/saiga.es\\\/fr\\\/produit\\\/enveloppe-laitue-batavia-rossa\\\/\"]}]},{\"@type\":\"ImageObject\",\"inLanguage\":\"fr-FR\",\"@id\":\"https:\\\/\\\/saiga.es\\\/fr\\\/produit\\\/enveloppe-laitue-batavia-rossa\\\/#primaryimage\",\"url\":\"https:\\\/\\\/saiga.es\\\/wp-content\\\/uploads\\\/2024\\\/03\\\/lechuga-batavia-rubia.jpg\",\"contentUrl\":\"https:\\\/\\\/saiga.es\\\/wp-content\\\/uploads\\\/2024\\\/03\\\/lechuga-batavia-rubia.jpg\",\"width\":500,\"height\":720},{\"@type\":\"BreadcrumbList\",\"@id\":\"https:\\\/\\\/saiga.es\\\/fr\\\/produit\\\/enveloppe-laitue-batavia-rossa\\\/#breadcrumb\",\"itemListElement\":[{\"@type\":\"ListItem\",\"position\":1,\"name\":\"Inici\",\"item\":\"https:\\\/\\\/saiga.es\\\/fr\\\/\"},{\"@type\":\"ListItem\",\"position\":2,\"name\":\"boutique\",\"item\":\"https:\\\/\\\/saiga.es\\\/fr\\\/boutique\\\/\"},{\"@type\":\"ListItem\",\"position\":3,\"name\":\"Enveloppe laitue batavia rossa\"}]},{\"@type\":\"WebSite\",\"@id\":\"https:\\\/\\\/saiga.es\\\/fr\\\/#website\",\"url\":\"https:\\\/\\\/saiga.es\\\/fr\\\/\",\"name\":\"SAIGA\",\"description\":\"M\u00e9s de 50 anys al servei de la terra i treballant per a un \u00fas eficient de l\u2019aigua!\",\"publisher\":{\"@id\":\"https:\\\/\\\/saiga.es\\\/fr\\\/#organization\"},\"potentialAction\":[{\"@type\":\"SearchAction\",\"target\":{\"@type\":\"EntryPoint\",\"urlTemplate\":\"https:\\\/\\\/saiga.es\\\/fr\\\/?s={search_term_string}\"},\"query-input\":{\"@type\":\"PropertyValueSpecification\",\"valueRequired\":true,\"valueName\":\"search_term_string\"}}],\"inLanguage\":\"fr-FR\"},{\"@type\":\"Organization\",\"@id\":\"https:\\\/\\\/saiga.es\\\/fr\\\/#organization\",\"name\":\"SAIGA\",\"url\":\"https:\\\/\\\/saiga.es\\\/fr\\\/\",\"logo\":{\"@type\":\"ImageObject\",\"inLanguage\":\"fr-FR\",\"@id\":\"https:\\\/\\\/saiga.es\\\/fr\\\/#\\\/schema\\\/logo\\\/image\\\/\",\"url\":\"https:\\\/\\\/saiga.es\\\/wp-content\\\/uploads\\\/2025\\\/07\\\/logo_saiga_baseline_optimitzat.svg\",\"contentUrl\":\"https:\\\/\\\/saiga.es\\\/wp-content\\\/uploads\\\/2025\\\/07\\\/logo_saiga_baseline_optimitzat.svg\",\"caption\":\"SAIGA\"},\"image\":{\"@id\":\"https:\\\/\\\/saiga.es\\\/fr\\\/#\\\/schema\\\/logo\\\/image\\\/\"},\"sameAs\":[\"https:\\\/\\\/x.com\\\/saiga_agro\",\"https:\\\/\\\/www.instagram.com\\\/saiga_agro\\\/\"]}]}<\/script>\n<!-- \/ Yoast SEO plugin. -->","yoast_head_json":{"title":"Enveloppe laitue batavia rossa | SAIGA","description":"Vari\u00e9t\u00e9 de printemps et d'\u00e9t\u00e9. Feuilles l\u00e9g\u00e8rement rid\u00e9es, aux bords recourb\u00e9s. Il forme un concombre volumineux et dense. Bonne r\u00e9sistance \u00e0 l'oreille.Vari\u00e9t\u00e9 de printemps et d'\u00e9t\u00e9. Feuilles l\u00e9g\u00e8rement rid\u00e9es, aux bords recourb\u00e9s. Il forme un concombre volumineux et dense. Bonne r\u00e9sistance \u00e0 l'oreille.","robots":{"index":"index","follow":"follow","max-snippet":"max-snippet:-1","max-image-preview":"max-image-preview:large","max-video-preview":"max-video-preview:-1"},"canonical":"https:\/\/saiga.es\/fr\/produit\/enveloppe-laitue-batavia-rossa\/","og_locale":"fr_FR","og_type":"article","og_title":"Enveloppe laitue batavia rossa | SAIGA","og_description":"Vari\u00e9t\u00e9 de printemps et d'\u00e9t\u00e9. Feuilles l\u00e9g\u00e8rement rid\u00e9es, aux bords recourb\u00e9s. Il forme un concombre volumineux et dense. Bonne r\u00e9sistance \u00e0 l'oreille.Vari\u00e9t\u00e9 de printemps et d'\u00e9t\u00e9. Feuilles l\u00e9g\u00e8rement rid\u00e9es, aux bords recourb\u00e9s. Il forme un concombre volumineux et dense. Bonne r\u00e9sistance \u00e0 l'oreille.","og_url":"https:\/\/saiga.es\/fr\/produit\/enveloppe-laitue-batavia-rossa\/","og_site_name":"SAIGA","og_image":[{"width":500,"height":720,"url":"https:\/\/saiga.es\/wp-content\/uploads\/2024\/03\/lechuga-batavia-rubia.jpg","type":"image\/jpeg"}],"twitter_card":"summary_large_image","twitter_site":"@saiga_agro","schema":{"@context":"https:\/\/schema.org","@graph":[{"@type":"WebPage","@id":"https:\/\/saiga.es\/fr\/produit\/enveloppe-laitue-batavia-rossa\/","url":"https:\/\/saiga.es\/fr\/produit\/enveloppe-laitue-batavia-rossa\/","name":"Enveloppe laitue batavia rossa | SAIGA","isPartOf":{"@id":"https:\/\/saiga.es\/fr\/#website"},"primaryImageOfPage":{"@id":"https:\/\/saiga.es\/fr\/produit\/enveloppe-laitue-batavia-rossa\/#primaryimage"},"image":{"@id":"https:\/\/saiga.es\/fr\/produit\/enveloppe-laitue-batavia-rossa\/#primaryimage"},"thumbnailUrl":"https:\/\/saiga.es\/wp-content\/uploads\/2024\/03\/lechuga-batavia-rubia.jpg","datePublished":"2024-03-07T11:25:41+00:00","description":"Vari\u00e9t\u00e9 de printemps et d'\u00e9t\u00e9. Feuilles l\u00e9g\u00e8rement rid\u00e9es, aux bords recourb\u00e9s. Il forme un concombre volumineux et dense. Bonne r\u00e9sistance \u00e0 l'oreille.Vari\u00e9t\u00e9 de printemps et d'\u00e9t\u00e9. Feuilles l\u00e9g\u00e8rement rid\u00e9es, aux bords recourb\u00e9s. Il forme un concombre volumineux et dense. Bonne r\u00e9sistance \u00e0 l'oreille.","breadcrumb":{"@id":"https:\/\/saiga.es\/fr\/produit\/enveloppe-laitue-batavia-rossa\/#breadcrumb"},"inLanguage":"fr-FR","potentialAction":[{"@type":"ReadAction","target":["https:\/\/saiga.es\/fr\/produit\/enveloppe-laitue-batavia-rossa\/"]}]},{"@type":"ImageObject","inLanguage":"fr-FR","@id":"https:\/\/saiga.es\/fr\/produit\/enveloppe-laitue-batavia-rossa\/#primaryimage","url":"https:\/\/saiga.es\/wp-content\/uploads\/2024\/03\/lechuga-batavia-rubia.jpg","contentUrl":"https:\/\/saiga.es\/wp-content\/uploads\/2024\/03\/lechuga-batavia-rubia.jpg","width":500,"height":720},{"@type":"BreadcrumbList","@id":"https:\/\/saiga.es\/fr\/produit\/enveloppe-laitue-batavia-rossa\/#breadcrumb","itemListElement":[{"@type":"ListItem","position":1,"name":"Inici","item":"https:\/\/saiga.es\/fr\/"},{"@type":"ListItem","position":2,"name":"boutique","item":"https:\/\/saiga.es\/fr\/boutique\/"},{"@type":"ListItem","position":3,"name":"Enveloppe laitue batavia rossa"}]},{"@type":"WebSite","@id":"https:\/\/saiga.es\/fr\/#website","url":"https:\/\/saiga.es\/fr\/","name":"SAIGA","description":"M\u00e9s de 50 anys al servei de la terra i treballant per a un \u00fas eficient de l\u2019aigua!","publisher":{"@id":"https:\/\/saiga.es\/fr\/#organization"},"potentialAction":[{"@type":"SearchAction","target":{"@type":"EntryPoint","urlTemplate":"https:\/\/saiga.es\/fr\/?s={search_term_string}"},"query-input":{"@type":"PropertyValueSpecification","valueRequired":true,"valueName":"search_term_string"}}],"inLanguage":"fr-FR"},{"@type":"Organization","@id":"https:\/\/saiga.es\/fr\/#organization","name":"SAIGA","url":"https:\/\/saiga.es\/fr\/","logo":{"@type":"ImageObject","inLanguage":"fr-FR","@id":"https:\/\/saiga.es\/fr\/#\/schema\/logo\/image\/","url":"https:\/\/saiga.es\/wp-content\/uploads\/2025\/07\/logo_saiga_baseline_optimitzat.svg","contentUrl":"https:\/\/saiga.es\/wp-content\/uploads\/2025\/07\/logo_saiga_baseline_optimitzat.svg","caption":"SAIGA"},"image":{"@id":"https:\/\/saiga.es\/fr\/#\/schema\/logo\/image\/"},"sameAs":["https:\/\/x.com\/saiga_agro","https:\/\/www.instagram.com\/saiga_agro\/"]}]}},"_links":{"self":[{"href":"https:\/\/saiga.es\/fr\/wp-json\/wp\/v2\/product\/13844","targetHints":{"allow":["GET"]}}],"collection":[{"href":"https:\/\/saiga.es\/fr\/wp-json\/wp\/v2\/product"}],"about":[{"href":"https:\/\/saiga.es\/fr\/wp-json\/wp\/v2\/types\/product"}],"replies":[{"embeddable":true,"href":"https:\/\/saiga.es\/fr\/wp-json\/wp\/v2\/comments?post=13844"}],"wp:featuredmedia":[{"embeddable":true,"href":"https:\/\/saiga.es\/fr\/wp-json\/wp\/v2\/media\/8747"}],"wp:attachment":[{"href":"https:\/\/saiga.es\/fr\/wp-json\/wp\/v2\/media?parent=13844"}],"wp:term":[{"taxonomy":"product_brand","embeddable":true,"href":"https:\/\/saiga.es\/fr\/wp-json\/wp\/v2\/product_brand?post=13844"},{"taxonomy":"product_cat","embeddable":true,"href":"https:\/\/saiga.es\/fr\/wp-json\/wp\/v2\/product_cat?post=13844"},{"taxonomy":"product_tag","embeddable":true,"href":"https:\/\/saiga.es\/fr\/wp-json\/wp\/v2\/product_tag?post=13844"}],"curies":[{"name":"wp","href":"https:\/\/api.w.org\/{rel}","templated":true}]}}