{"id":13852,"date":"2025-01-16T08:57:51","date_gmt":"2025-01-16T08:57:51","guid":{"rendered":"https:\/\/botiga.saiga.es\/producte\/poulailler-modele-berlin-plafond-pvc\/"},"modified":"2025-01-16T10:02:13","modified_gmt":"2025-01-16T10:02:13","slug":"poulailler-modele-berlin-plafond-pvc","status":"publish","type":"product","link":"https:\/\/saiga.es\/fr\/produit\/poulailler-modele-berlin-plafond-pvc\/","title":{"rendered":"Poulailler mod\u00e8le Berlin plafond PVC"},"content":{"rendered":"<p>Le poulailler mod\u00e8le Berlin de Gaun est une structure compacte et fonctionnelle, id\u00e9ale pour les petits groupes de poules. Avec des dimensions de 1360 x 990 x 1040 mm (hauteur), il est constitu\u00e9 de mat\u00e9riaux r\u00e9sistants et durables. Son toit en PVC garantit une excellente \u00e9tanch\u00e9it\u00e9 et prot\u00e8ge les oiseaux des intemp\u00e9ries. Il comprend des espaces confortables pour se reposer et pondre, ainsi qu&rsquo;un acc\u00e8s facile pour le nettoyage et la collecte. C&rsquo;est une solution pratique et attractive pour \u00e9lever des poules en milieu domestique ou semi-urbain.<\/p>\n","protected":false},"excerpt":{"rendered":"<p>Le poulailler mod\u00e8le Berlin de Gaun est une structure compacte et fonctionnelle, id\u00e9ale pour les petits groupes de poules.<\/p>\n","protected":false},"featured_media":13847,"comment_status":"closed","ping_status":"closed","template":"","meta":[],"product_brand":[2212],"product_cat":[1811],"product_tag":[],"class_list":{"0":"post-13852","1":"product","2":"type-product","3":"status-publish","4":"has-post-thumbnail","6":"product_brand-gaun-fr","7":"product_cat-poulaillers","9":"first","10":"instock","11":"taxable","12":"shipping-taxable","13":"purchasable","14":"product-type-simple"},"yoast_head":"<!-- This site is optimized with the Yoast SEO plugin v27.4 - https:\/\/yoast.com\/product\/yoast-seo-wordpress\/ -->\n<title>Poulailler mod\u00e8le Berlin plafond PVC | SAIGA<\/title>\n<meta name=\"description\" content=\"Le poulailler mod\u00e8le Berlin de Gaun est une structure compacte et fonctionnelle, id\u00e9ale pour les petits groupes de poules.\" \/>\n<meta name=\"robots\" content=\"index, follow, max-snippet:-1, max-image-preview:large, max-video-preview:-1\" \/>\n<link rel=\"canonical\" href=\"https:\/\/saiga.es\/fr\/produit\/poulailler-modele-berlin-plafond-pvc\/\" \/>\n<meta property=\"og:locale\" content=\"fr_FR\" \/>\n<meta property=\"og:type\" content=\"article\" \/>\n<meta property=\"og:title\" content=\"Poulailler mod\u00e8le Berlin plafond PVC | SAIGA\" \/>\n<meta property=\"og:description\" content=\"Le poulailler mod\u00e8le Berlin de Gaun est une structure compacte et fonctionnelle, id\u00e9ale pour les petits groupes de poules.\" \/>\n<meta property=\"og:url\" content=\"https:\/\/saiga.es\/fr\/produit\/poulailler-modele-berlin-plafond-pvc\/\" \/>\n<meta property=\"og:site_name\" content=\"SAIGA\" \/>\n<meta property=\"article:modified_time\" content=\"2025-01-16T10:02:13+00:00\" \/>\n<meta property=\"og:image\" content=\"https:\/\/saiga.es\/wp-content\/uploads\/2025\/01\/Galliner.jpg\" \/>\n\t<meta property=\"og:image:width\" content=\"2560\" \/>\n\t<meta property=\"og:image:height\" content=\"1920\" \/>\n\t<meta property=\"og:image:type\" content=\"image\/jpeg\" \/>\n<meta name=\"twitter:card\" content=\"summary_large_image\" \/>\n<meta name=\"twitter:site\" content=\"@saiga_agro\" \/>\n<meta name=\"twitter:label1\" content=\"Dur\u00e9e de lecture estim\u00e9e\" \/>\n\t<meta name=\"twitter:data1\" content=\"1 minute\" \/>\n<script type=\"application\/ld+json\" class=\"yoast-schema-graph\">{\"@context\":\"https:\\\/\\\/schema.org\",\"@graph\":[{\"@type\":\"WebPage\",\"@id\":\"https:\\\/\\\/saiga.es\\\/fr\\\/produit\\\/poulailler-modele-berlin-plafond-pvc\\\/\",\"url\":\"https:\\\/\\\/saiga.es\\\/fr\\\/produit\\\/poulailler-modele-berlin-plafond-pvc\\\/\",\"name\":\"Poulailler mod\u00e8le Berlin plafond PVC | SAIGA\",\"isPartOf\":{\"@id\":\"https:\\\/\\\/saiga.es\\\/fr\\\/#website\"},\"primaryImageOfPage\":{\"@id\":\"https:\\\/\\\/saiga.es\\\/fr\\\/produit\\\/poulailler-modele-berlin-plafond-pvc\\\/#primaryimage\"},\"image\":{\"@id\":\"https:\\\/\\\/saiga.es\\\/fr\\\/produit\\\/poulailler-modele-berlin-plafond-pvc\\\/#primaryimage\"},\"thumbnailUrl\":\"https:\\\/\\\/saiga.es\\\/wp-content\\\/uploads\\\/2025\\\/01\\\/Galliner.jpg\",\"datePublished\":\"2025-01-16T08:57:51+00:00\",\"dateModified\":\"2025-01-16T10:02:13+00:00\",\"description\":\"Le poulailler mod\u00e8le Berlin de Gaun est une structure compacte et fonctionnelle, id\u00e9ale pour les petits groupes de poules.\",\"breadcrumb\":{\"@id\":\"https:\\\/\\\/saiga.es\\\/fr\\\/produit\\\/poulailler-modele-berlin-plafond-pvc\\\/#breadcrumb\"},\"inLanguage\":\"fr-FR\",\"potentialAction\":[{\"@type\":\"ReadAction\",\"target\":[\"https:\\\/\\\/saiga.es\\\/fr\\\/produit\\\/poulailler-modele-berlin-plafond-pvc\\\/\"]}]},{\"@type\":\"ImageObject\",\"inLanguage\":\"fr-FR\",\"@id\":\"https:\\\/\\\/saiga.es\\\/fr\\\/produit\\\/poulailler-modele-berlin-plafond-pvc\\\/#primaryimage\",\"url\":\"https:\\\/\\\/saiga.es\\\/wp-content\\\/uploads\\\/2025\\\/01\\\/Galliner.jpg\",\"contentUrl\":\"https:\\\/\\\/saiga.es\\\/wp-content\\\/uploads\\\/2025\\\/01\\\/Galliner.jpg\",\"width\":2560,\"height\":1920,\"caption\":\"Galliner model Berl\u00edn de Gaun\"},{\"@type\":\"BreadcrumbList\",\"@id\":\"https:\\\/\\\/saiga.es\\\/fr\\\/produit\\\/poulailler-modele-berlin-plafond-pvc\\\/#breadcrumb\",\"itemListElement\":[{\"@type\":\"ListItem\",\"position\":1,\"name\":\"Inici\",\"item\":\"https:\\\/\\\/saiga.es\\\/fr\\\/\"},{\"@type\":\"ListItem\",\"position\":2,\"name\":\"boutique\",\"item\":\"https:\\\/\\\/saiga.es\\\/fr\\\/boutique\\\/\"},{\"@type\":\"ListItem\",\"position\":3,\"name\":\"Poulailler mod\u00e8le Berlin plafond PVC\"}]},{\"@type\":\"WebSite\",\"@id\":\"https:\\\/\\\/saiga.es\\\/fr\\\/#website\",\"url\":\"https:\\\/\\\/saiga.es\\\/fr\\\/\",\"name\":\"SAIGA\",\"description\":\"M\u00e9s de 50 anys al servei de la terra i treballant per a un \u00fas eficient de l\u2019aigua!\",\"publisher\":{\"@id\":\"https:\\\/\\\/saiga.es\\\/fr\\\/#organization\"},\"potentialAction\":[{\"@type\":\"SearchAction\",\"target\":{\"@type\":\"EntryPoint\",\"urlTemplate\":\"https:\\\/\\\/saiga.es\\\/fr\\\/?s={search_term_string}\"},\"query-input\":{\"@type\":\"PropertyValueSpecification\",\"valueRequired\":true,\"valueName\":\"search_term_string\"}}],\"inLanguage\":\"fr-FR\"},{\"@type\":\"Organization\",\"@id\":\"https:\\\/\\\/saiga.es\\\/fr\\\/#organization\",\"name\":\"SAIGA\",\"url\":\"https:\\\/\\\/saiga.es\\\/fr\\\/\",\"logo\":{\"@type\":\"ImageObject\",\"inLanguage\":\"fr-FR\",\"@id\":\"https:\\\/\\\/saiga.es\\\/fr\\\/#\\\/schema\\\/logo\\\/image\\\/\",\"url\":\"https:\\\/\\\/saiga.es\\\/wp-content\\\/uploads\\\/2025\\\/07\\\/logo_saiga_baseline_optimitzat.svg\",\"contentUrl\":\"https:\\\/\\\/saiga.es\\\/wp-content\\\/uploads\\\/2025\\\/07\\\/logo_saiga_baseline_optimitzat.svg\",\"caption\":\"SAIGA\"},\"image\":{\"@id\":\"https:\\\/\\\/saiga.es\\\/fr\\\/#\\\/schema\\\/logo\\\/image\\\/\"},\"sameAs\":[\"https:\\\/\\\/x.com\\\/saiga_agro\",\"https:\\\/\\\/www.instagram.com\\\/saiga_agro\\\/\"]}]}<\/script>\n<!-- \/ Yoast SEO plugin. -->","yoast_head_json":{"title":"Poulailler mod\u00e8le Berlin plafond PVC | SAIGA","description":"Le poulailler mod\u00e8le Berlin de Gaun est une structure compacte et fonctionnelle, id\u00e9ale pour les petits groupes de poules.","robots":{"index":"index","follow":"follow","max-snippet":"max-snippet:-1","max-image-preview":"max-image-preview:large","max-video-preview":"max-video-preview:-1"},"canonical":"https:\/\/saiga.es\/fr\/produit\/poulailler-modele-berlin-plafond-pvc\/","og_locale":"fr_FR","og_type":"article","og_title":"Poulailler mod\u00e8le Berlin plafond PVC | SAIGA","og_description":"Le poulailler mod\u00e8le Berlin de Gaun est une structure compacte et fonctionnelle, id\u00e9ale pour les petits groupes de poules.","og_url":"https:\/\/saiga.es\/fr\/produit\/poulailler-modele-berlin-plafond-pvc\/","og_site_name":"SAIGA","article_modified_time":"2025-01-16T10:02:13+00:00","og_image":[{"width":2560,"height":1920,"url":"https:\/\/saiga.es\/wp-content\/uploads\/2025\/01\/Galliner.jpg","type":"image\/jpeg"}],"twitter_card":"summary_large_image","twitter_site":"@saiga_agro","twitter_misc":{"Dur\u00e9e de lecture estim\u00e9e":"1 minute"},"schema":{"@context":"https:\/\/schema.org","@graph":[{"@type":"WebPage","@id":"https:\/\/saiga.es\/fr\/produit\/poulailler-modele-berlin-plafond-pvc\/","url":"https:\/\/saiga.es\/fr\/produit\/poulailler-modele-berlin-plafond-pvc\/","name":"Poulailler mod\u00e8le Berlin plafond PVC | SAIGA","isPartOf":{"@id":"https:\/\/saiga.es\/fr\/#website"},"primaryImageOfPage":{"@id":"https:\/\/saiga.es\/fr\/produit\/poulailler-modele-berlin-plafond-pvc\/#primaryimage"},"image":{"@id":"https:\/\/saiga.es\/fr\/produit\/poulailler-modele-berlin-plafond-pvc\/#primaryimage"},"thumbnailUrl":"https:\/\/saiga.es\/wp-content\/uploads\/2025\/01\/Galliner.jpg","datePublished":"2025-01-16T08:57:51+00:00","dateModified":"2025-01-16T10:02:13+00:00","description":"Le poulailler mod\u00e8le Berlin de Gaun est une structure compacte et fonctionnelle, id\u00e9ale pour les petits groupes de poules.","breadcrumb":{"@id":"https:\/\/saiga.es\/fr\/produit\/poulailler-modele-berlin-plafond-pvc\/#breadcrumb"},"inLanguage":"fr-FR","potentialAction":[{"@type":"ReadAction","target":["https:\/\/saiga.es\/fr\/produit\/poulailler-modele-berlin-plafond-pvc\/"]}]},{"@type":"ImageObject","inLanguage":"fr-FR","@id":"https:\/\/saiga.es\/fr\/produit\/poulailler-modele-berlin-plafond-pvc\/#primaryimage","url":"https:\/\/saiga.es\/wp-content\/uploads\/2025\/01\/Galliner.jpg","contentUrl":"https:\/\/saiga.es\/wp-content\/uploads\/2025\/01\/Galliner.jpg","width":2560,"height":1920,"caption":"Galliner model Berl\u00edn de Gaun"},{"@type":"BreadcrumbList","@id":"https:\/\/saiga.es\/fr\/produit\/poulailler-modele-berlin-plafond-pvc\/#breadcrumb","itemListElement":[{"@type":"ListItem","position":1,"name":"Inici","item":"https:\/\/saiga.es\/fr\/"},{"@type":"ListItem","position":2,"name":"boutique","item":"https:\/\/saiga.es\/fr\/boutique\/"},{"@type":"ListItem","position":3,"name":"Poulailler mod\u00e8le Berlin plafond PVC"}]},{"@type":"WebSite","@id":"https:\/\/saiga.es\/fr\/#website","url":"https:\/\/saiga.es\/fr\/","name":"SAIGA","description":"M\u00e9s de 50 anys al servei de la terra i treballant per a un \u00fas eficient de l\u2019aigua!","publisher":{"@id":"https:\/\/saiga.es\/fr\/#organization"},"potentialAction":[{"@type":"SearchAction","target":{"@type":"EntryPoint","urlTemplate":"https:\/\/saiga.es\/fr\/?s={search_term_string}"},"query-input":{"@type":"PropertyValueSpecification","valueRequired":true,"valueName":"search_term_string"}}],"inLanguage":"fr-FR"},{"@type":"Organization","@id":"https:\/\/saiga.es\/fr\/#organization","name":"SAIGA","url":"https:\/\/saiga.es\/fr\/","logo":{"@type":"ImageObject","inLanguage":"fr-FR","@id":"https:\/\/saiga.es\/fr\/#\/schema\/logo\/image\/","url":"https:\/\/saiga.es\/wp-content\/uploads\/2025\/07\/logo_saiga_baseline_optimitzat.svg","contentUrl":"https:\/\/saiga.es\/wp-content\/uploads\/2025\/07\/logo_saiga_baseline_optimitzat.svg","caption":"SAIGA"},"image":{"@id":"https:\/\/saiga.es\/fr\/#\/schema\/logo\/image\/"},"sameAs":["https:\/\/x.com\/saiga_agro","https:\/\/www.instagram.com\/saiga_agro\/"]}]}},"_links":{"self":[{"href":"https:\/\/saiga.es\/fr\/wp-json\/wp\/v2\/product\/13852","targetHints":{"allow":["GET"]}}],"collection":[{"href":"https:\/\/saiga.es\/fr\/wp-json\/wp\/v2\/product"}],"about":[{"href":"https:\/\/saiga.es\/fr\/wp-json\/wp\/v2\/types\/product"}],"replies":[{"embeddable":true,"href":"https:\/\/saiga.es\/fr\/wp-json\/wp\/v2\/comments?post=13852"}],"wp:featuredmedia":[{"embeddable":true,"href":"https:\/\/saiga.es\/fr\/wp-json\/wp\/v2\/media\/13847"}],"wp:attachment":[{"href":"https:\/\/saiga.es\/fr\/wp-json\/wp\/v2\/media?parent=13852"}],"wp:term":[{"taxonomy":"product_brand","embeddable":true,"href":"https:\/\/saiga.es\/fr\/wp-json\/wp\/v2\/product_brand?post=13852"},{"taxonomy":"product_cat","embeddable":true,"href":"https:\/\/saiga.es\/fr\/wp-json\/wp\/v2\/product_cat?post=13852"},{"taxonomy":"product_tag","embeddable":true,"href":"https:\/\/saiga.es\/fr\/wp-json\/wp\/v2\/product_tag?post=13852"}],"curies":[{"name":"wp","href":"https:\/\/api.w.org\/{rel}","templated":true}]}}