{"id":13888,"date":"2025-01-16T14:59:15","date_gmt":"2025-01-16T14:59:15","guid":{"rendered":"https:\/\/botiga.saiga.es\/producte\/abreuvoir-pour-chien-avec-bouteille\/"},"modified":"2025-10-27T07:54:05","modified_gmt":"2025-10-27T07:54:05","slug":"abreuvoir-pour-chien-avec-bouteille","status":"publish","type":"product","link":"https:\/\/saiga.es\/fr\/produit\/abreuvoir-pour-chien-avec-bouteille\/","title":{"rendered":"Abreuvoir pour chien avec bouteille"},"content":{"rendered":"<p>L&rsquo;abreuvoir pour chiens avec bouteille dans sa nouvelle version am\u00e9lior\u00e9e permet un approvisionnement en eau propre et fra\u00eeche en permanence et avec une grande autonomie dans ses trois tailles de 12, 8 et 5 litres permettant que quelle que soit la race ou la taille de votre chien il puisse avoir assez d&rsquo;eau sans avoir besoin de le servir constamment.<\/p>\n","protected":false},"excerpt":{"rendered":"<p>L&rsquo;abreuvoir pour chien avec bouteille dans sa nouvelle version am\u00e9lior\u00e9e permet un approvisionnement constant en eau propre et fra\u00eeche<\/p>\n","protected":false},"featured_media":13885,"comment_status":"closed","ping_status":"closed","template":"","meta":[],"product_brand":[],"product_cat":[1421],"product_tag":[682,692],"class_list":{"0":"post-13888","1":"product","2":"type-product","3":"status-publish","4":"has-post-thumbnail","6":"product_cat-animaux-domestiques","7":"product_tag-auges","8":"product_tag-gossos-fr","10":"first","11":"instock","12":"taxable","13":"shipping-taxable","14":"purchasable","15":"product-type-simple"},"yoast_head":"<!-- This site is optimized with the Yoast SEO plugin v27.4 - https:\/\/yoast.com\/product\/yoast-seo-wordpress\/ -->\n<title>Abreuvoir pour chien avec bouteille | SAIGA<\/title>\n<meta name=\"description\" content=\"L&#039;abreuvoir pour chien avec bouteille dans sa nouvelle version am\u00e9lior\u00e9e permet un approvisionnement constant en eau propre et fra\u00eeche.\" \/>\n<meta name=\"robots\" content=\"index, follow, max-snippet:-1, max-image-preview:large, max-video-preview:-1\" \/>\n<link rel=\"canonical\" href=\"https:\/\/saiga.es\/fr\/produit\/abreuvoir-pour-chien-avec-bouteille\/\" \/>\n<meta property=\"og:locale\" content=\"fr_FR\" \/>\n<meta property=\"og:type\" content=\"article\" \/>\n<meta property=\"og:title\" content=\"Abreuvoir pour chien avec bouteille | SAIGA\" \/>\n<meta property=\"og:description\" content=\"L&#039;abreuvoir pour chien avec bouteille dans sa nouvelle version am\u00e9lior\u00e9e permet un approvisionnement constant en eau propre et fra\u00eeche.\" \/>\n<meta property=\"og:url\" content=\"https:\/\/saiga.es\/fr\/produit\/abreuvoir-pour-chien-avec-bouteille\/\" \/>\n<meta property=\"og:site_name\" content=\"SAIGA\" \/>\n<meta property=\"article:modified_time\" content=\"2025-10-27T07:54:05+00:00\" \/>\n<meta property=\"og:image\" content=\"https:\/\/saiga.es\/wp-content\/uploads\/2025\/01\/Abeurador-gossos-amb-ampolla.jpg\" \/>\n\t<meta property=\"og:image:width\" content=\"1080\" \/>\n\t<meta property=\"og:image:height\" content=\"1080\" \/>\n\t<meta property=\"og:image:type\" content=\"image\/jpeg\" \/>\n<meta name=\"twitter:card\" content=\"summary_large_image\" \/>\n<meta name=\"twitter:site\" content=\"@saiga_agro\" \/>\n<script type=\"application\/ld+json\" class=\"yoast-schema-graph\">{\"@context\":\"https:\\\/\\\/schema.org\",\"@graph\":[{\"@type\":\"WebPage\",\"@id\":\"https:\\\/\\\/saiga.es\\\/fr\\\/produit\\\/abreuvoir-pour-chien-avec-bouteille\\\/\",\"url\":\"https:\\\/\\\/saiga.es\\\/fr\\\/produit\\\/abreuvoir-pour-chien-avec-bouteille\\\/\",\"name\":\"Abreuvoir pour chien avec bouteille | SAIGA\",\"isPartOf\":{\"@id\":\"https:\\\/\\\/saiga.es\\\/fr\\\/#website\"},\"primaryImageOfPage\":{\"@id\":\"https:\\\/\\\/saiga.es\\\/fr\\\/produit\\\/abreuvoir-pour-chien-avec-bouteille\\\/#primaryimage\"},\"image\":{\"@id\":\"https:\\\/\\\/saiga.es\\\/fr\\\/produit\\\/abreuvoir-pour-chien-avec-bouteille\\\/#primaryimage\"},\"thumbnailUrl\":\"https:\\\/\\\/saiga.es\\\/wp-content\\\/uploads\\\/2025\\\/01\\\/Abeurador-gossos-amb-ampolla.jpg\",\"datePublished\":\"2025-01-16T14:59:15+00:00\",\"dateModified\":\"2025-10-27T07:54:05+00:00\",\"description\":\"L'abreuvoir pour chien avec bouteille dans sa nouvelle version am\u00e9lior\u00e9e permet un approvisionnement constant en eau propre et fra\u00eeche.\",\"breadcrumb\":{\"@id\":\"https:\\\/\\\/saiga.es\\\/fr\\\/produit\\\/abreuvoir-pour-chien-avec-bouteille\\\/#breadcrumb\"},\"inLanguage\":\"fr-FR\",\"potentialAction\":[{\"@type\":\"ReadAction\",\"target\":[\"https:\\\/\\\/saiga.es\\\/fr\\\/produit\\\/abreuvoir-pour-chien-avec-bouteille\\\/\"]}]},{\"@type\":\"ImageObject\",\"inLanguage\":\"fr-FR\",\"@id\":\"https:\\\/\\\/saiga.es\\\/fr\\\/produit\\\/abreuvoir-pour-chien-avec-bouteille\\\/#primaryimage\",\"url\":\"https:\\\/\\\/saiga.es\\\/wp-content\\\/uploads\\\/2025\\\/01\\\/Abeurador-gossos-amb-ampolla.jpg\",\"contentUrl\":\"https:\\\/\\\/saiga.es\\\/wp-content\\\/uploads\\\/2025\\\/01\\\/Abeurador-gossos-amb-ampolla.jpg\",\"width\":1080,\"height\":1080,\"caption\":\"Abreuvoir gossos\"},{\"@type\":\"BreadcrumbList\",\"@id\":\"https:\\\/\\\/saiga.es\\\/fr\\\/produit\\\/abreuvoir-pour-chien-avec-bouteille\\\/#breadcrumb\",\"itemListElement\":[{\"@type\":\"ListItem\",\"position\":1,\"name\":\"Inici\",\"item\":\"https:\\\/\\\/saiga.es\\\/fr\\\/\"},{\"@type\":\"ListItem\",\"position\":2,\"name\":\"boutique\",\"item\":\"https:\\\/\\\/saiga.es\\\/fr\\\/boutique\\\/\"},{\"@type\":\"ListItem\",\"position\":3,\"name\":\"Abreuvoir pour chien avec bouteille\"}]},{\"@type\":\"WebSite\",\"@id\":\"https:\\\/\\\/saiga.es\\\/fr\\\/#website\",\"url\":\"https:\\\/\\\/saiga.es\\\/fr\\\/\",\"name\":\"SAIGA\",\"description\":\"M\u00e9s de 50 anys al servei de la terra i treballant per a un \u00fas eficient de l\u2019aigua!\",\"publisher\":{\"@id\":\"https:\\\/\\\/saiga.es\\\/fr\\\/#organization\"},\"potentialAction\":[{\"@type\":\"SearchAction\",\"target\":{\"@type\":\"EntryPoint\",\"urlTemplate\":\"https:\\\/\\\/saiga.es\\\/fr\\\/?s={search_term_string}\"},\"query-input\":{\"@type\":\"PropertyValueSpecification\",\"valueRequired\":true,\"valueName\":\"search_term_string\"}}],\"inLanguage\":\"fr-FR\"},{\"@type\":\"Organization\",\"@id\":\"https:\\\/\\\/saiga.es\\\/fr\\\/#organization\",\"name\":\"SAIGA\",\"url\":\"https:\\\/\\\/saiga.es\\\/fr\\\/\",\"logo\":{\"@type\":\"ImageObject\",\"inLanguage\":\"fr-FR\",\"@id\":\"https:\\\/\\\/saiga.es\\\/fr\\\/#\\\/schema\\\/logo\\\/image\\\/\",\"url\":\"https:\\\/\\\/saiga.es\\\/wp-content\\\/uploads\\\/2025\\\/07\\\/logo_saiga_baseline_optimitzat.svg\",\"contentUrl\":\"https:\\\/\\\/saiga.es\\\/wp-content\\\/uploads\\\/2025\\\/07\\\/logo_saiga_baseline_optimitzat.svg\",\"caption\":\"SAIGA\"},\"image\":{\"@id\":\"https:\\\/\\\/saiga.es\\\/fr\\\/#\\\/schema\\\/logo\\\/image\\\/\"},\"sameAs\":[\"https:\\\/\\\/x.com\\\/saiga_agro\",\"https:\\\/\\\/www.instagram.com\\\/saiga_agro\\\/\"]}]}<\/script>\n<!-- \/ Yoast SEO plugin. -->","yoast_head_json":{"title":"Abreuvoir pour chien avec bouteille | SAIGA","description":"L'abreuvoir pour chien avec bouteille dans sa nouvelle version am\u00e9lior\u00e9e permet un approvisionnement constant en eau propre et fra\u00eeche.","robots":{"index":"index","follow":"follow","max-snippet":"max-snippet:-1","max-image-preview":"max-image-preview:large","max-video-preview":"max-video-preview:-1"},"canonical":"https:\/\/saiga.es\/fr\/produit\/abreuvoir-pour-chien-avec-bouteille\/","og_locale":"fr_FR","og_type":"article","og_title":"Abreuvoir pour chien avec bouteille | SAIGA","og_description":"L'abreuvoir pour chien avec bouteille dans sa nouvelle version am\u00e9lior\u00e9e permet un approvisionnement constant en eau propre et fra\u00eeche.","og_url":"https:\/\/saiga.es\/fr\/produit\/abreuvoir-pour-chien-avec-bouteille\/","og_site_name":"SAIGA","article_modified_time":"2025-10-27T07:54:05+00:00","og_image":[{"width":1080,"height":1080,"url":"https:\/\/saiga.es\/wp-content\/uploads\/2025\/01\/Abeurador-gossos-amb-ampolla.jpg","type":"image\/jpeg"}],"twitter_card":"summary_large_image","twitter_site":"@saiga_agro","schema":{"@context":"https:\/\/schema.org","@graph":[{"@type":"WebPage","@id":"https:\/\/saiga.es\/fr\/produit\/abreuvoir-pour-chien-avec-bouteille\/","url":"https:\/\/saiga.es\/fr\/produit\/abreuvoir-pour-chien-avec-bouteille\/","name":"Abreuvoir pour chien avec bouteille | SAIGA","isPartOf":{"@id":"https:\/\/saiga.es\/fr\/#website"},"primaryImageOfPage":{"@id":"https:\/\/saiga.es\/fr\/produit\/abreuvoir-pour-chien-avec-bouteille\/#primaryimage"},"image":{"@id":"https:\/\/saiga.es\/fr\/produit\/abreuvoir-pour-chien-avec-bouteille\/#primaryimage"},"thumbnailUrl":"https:\/\/saiga.es\/wp-content\/uploads\/2025\/01\/Abeurador-gossos-amb-ampolla.jpg","datePublished":"2025-01-16T14:59:15+00:00","dateModified":"2025-10-27T07:54:05+00:00","description":"L'abreuvoir pour chien avec bouteille dans sa nouvelle version am\u00e9lior\u00e9e permet un approvisionnement constant en eau propre et fra\u00eeche.","breadcrumb":{"@id":"https:\/\/saiga.es\/fr\/produit\/abreuvoir-pour-chien-avec-bouteille\/#breadcrumb"},"inLanguage":"fr-FR","potentialAction":[{"@type":"ReadAction","target":["https:\/\/saiga.es\/fr\/produit\/abreuvoir-pour-chien-avec-bouteille\/"]}]},{"@type":"ImageObject","inLanguage":"fr-FR","@id":"https:\/\/saiga.es\/fr\/produit\/abreuvoir-pour-chien-avec-bouteille\/#primaryimage","url":"https:\/\/saiga.es\/wp-content\/uploads\/2025\/01\/Abeurador-gossos-amb-ampolla.jpg","contentUrl":"https:\/\/saiga.es\/wp-content\/uploads\/2025\/01\/Abeurador-gossos-amb-ampolla.jpg","width":1080,"height":1080,"caption":"Abreuvoir gossos"},{"@type":"BreadcrumbList","@id":"https:\/\/saiga.es\/fr\/produit\/abreuvoir-pour-chien-avec-bouteille\/#breadcrumb","itemListElement":[{"@type":"ListItem","position":1,"name":"Inici","item":"https:\/\/saiga.es\/fr\/"},{"@type":"ListItem","position":2,"name":"boutique","item":"https:\/\/saiga.es\/fr\/boutique\/"},{"@type":"ListItem","position":3,"name":"Abreuvoir pour chien avec bouteille"}]},{"@type":"WebSite","@id":"https:\/\/saiga.es\/fr\/#website","url":"https:\/\/saiga.es\/fr\/","name":"SAIGA","description":"M\u00e9s de 50 anys al servei de la terra i treballant per a un \u00fas eficient de l\u2019aigua!","publisher":{"@id":"https:\/\/saiga.es\/fr\/#organization"},"potentialAction":[{"@type":"SearchAction","target":{"@type":"EntryPoint","urlTemplate":"https:\/\/saiga.es\/fr\/?s={search_term_string}"},"query-input":{"@type":"PropertyValueSpecification","valueRequired":true,"valueName":"search_term_string"}}],"inLanguage":"fr-FR"},{"@type":"Organization","@id":"https:\/\/saiga.es\/fr\/#organization","name":"SAIGA","url":"https:\/\/saiga.es\/fr\/","logo":{"@type":"ImageObject","inLanguage":"fr-FR","@id":"https:\/\/saiga.es\/fr\/#\/schema\/logo\/image\/","url":"https:\/\/saiga.es\/wp-content\/uploads\/2025\/07\/logo_saiga_baseline_optimitzat.svg","contentUrl":"https:\/\/saiga.es\/wp-content\/uploads\/2025\/07\/logo_saiga_baseline_optimitzat.svg","caption":"SAIGA"},"image":{"@id":"https:\/\/saiga.es\/fr\/#\/schema\/logo\/image\/"},"sameAs":["https:\/\/x.com\/saiga_agro","https:\/\/www.instagram.com\/saiga_agro\/"]}]}},"_links":{"self":[{"href":"https:\/\/saiga.es\/fr\/wp-json\/wp\/v2\/product\/13888","targetHints":{"allow":["GET"]}}],"collection":[{"href":"https:\/\/saiga.es\/fr\/wp-json\/wp\/v2\/product"}],"about":[{"href":"https:\/\/saiga.es\/fr\/wp-json\/wp\/v2\/types\/product"}],"replies":[{"embeddable":true,"href":"https:\/\/saiga.es\/fr\/wp-json\/wp\/v2\/comments?post=13888"}],"wp:featuredmedia":[{"embeddable":true,"href":"https:\/\/saiga.es\/fr\/wp-json\/wp\/v2\/media\/13885"}],"wp:attachment":[{"href":"https:\/\/saiga.es\/fr\/wp-json\/wp\/v2\/media?parent=13888"}],"wp:term":[{"taxonomy":"product_brand","embeddable":true,"href":"https:\/\/saiga.es\/fr\/wp-json\/wp\/v2\/product_brand?post=13888"},{"taxonomy":"product_cat","embeddable":true,"href":"https:\/\/saiga.es\/fr\/wp-json\/wp\/v2\/product_cat?post=13888"},{"taxonomy":"product_tag","embeddable":true,"href":"https:\/\/saiga.es\/fr\/wp-json\/wp\/v2\/product_tag?post=13888"}],"curies":[{"name":"wp","href":"https:\/\/api.w.org\/{rel}","templated":true}]}}