{"id":13924,"date":"2025-01-23T14:01:56","date_gmt":"2025-01-23T14:01:56","guid":{"rendered":"https:\/\/botiga.saiga.es\/producte\/filet-de-securite-pour-la-construction\/"},"modified":"2025-01-23T14:01:56","modified_gmt":"2025-01-23T14:01:56","slug":"filet-de-securite-pour-la-construction","status":"publish","type":"product","link":"https:\/\/saiga.es\/fr\/produit\/filet-de-securite-pour-la-construction\/","title":{"rendered":"Filet de s\u00e9curit\u00e9 pour la construction"},"content":{"rendered":"<p>Cette cl\u00f4ture de s\u00e9curit\u00e9 est une excellente solution de cl\u00f4ture temporaire pour les chantiers de construction, les domaines skiables, les fermes et les ranchs. Il est \u00e9galement id\u00e9al pour le contr\u00f4le de la circulation et les \u00e9v\u00e9nements sportifs en plein air, etc. Fabriqu\u00e9 avec des mat\u00e9riaux de haute qualit\u00e9, il ne rouille pas et ne pourrit pas. La cl\u00f4ture est incroyablement solide, mais l\u00e9g\u00e8re et flexible gr\u00e2ce au processus sp\u00e9cial d&rsquo;extrusion et d&rsquo;\u00e9tirement utilis\u00e9 dans la fabrication. Les couleurs vives et le design du drap plat offrent une grande visibilit\u00e9. Notre cl\u00f4ture de s\u00e9curit\u00e9 est flexible, pliable et durable, ce qui la rend facile \u00e0 installer m\u00eame sur un sol in\u00e9gal. L&rsquo;assemblage est assez simple.      <\/p>\n","protected":false},"excerpt":{"rendered":"<p>Cette cl\u00f4ture de s\u00e9curit\u00e9 est une excellente solution de cl\u00f4ture temporaire pour les chantiers de construction, les domaines skiables, les fermes et les ranchs.<\/p>\n","protected":false},"featured_media":13922,"comment_status":"closed","ping_status":"closed","template":"","meta":[],"product_brand":[],"product_cat":[487],"product_tag":[615,915],"class_list":{"0":"post-13924","1":"product","2":"type-product","3":"status-publish","4":"has-post-thumbnail","6":"product_cat-semelle-interieure-en-maille","7":"product_tag-ferme","8":"product_tag-maille","10":"first","11":"instock","12":"taxable","13":"shipping-taxable","14":"purchasable","15":"product-type-simple"},"yoast_head":"<!-- This site is optimized with the Yoast SEO plugin v27.3 - https:\/\/yoast.com\/product\/yoast-seo-wordpress\/ -->\n<title>Filet de s\u00e9curit\u00e9 pour la construction | SAIGA<\/title>\n<meta name=\"description\" content=\"Cette cl\u00f4ture de s\u00e9curit\u00e9 est une excellente solution de cl\u00f4ture temporaire pour les chantiers de construction, les domaines skiables, les fermes et les ranchs.\" \/>\n<meta name=\"robots\" content=\"index, follow, max-snippet:-1, max-image-preview:large, max-video-preview:-1\" \/>\n<link rel=\"canonical\" href=\"https:\/\/saiga.es\/fr\/produit\/filet-de-securite-pour-la-construction\/\" \/>\n<meta property=\"og:locale\" content=\"fr_FR\" \/>\n<meta property=\"og:type\" content=\"article\" \/>\n<meta property=\"og:title\" content=\"Filet de s\u00e9curit\u00e9 pour la construction | SAIGA\" \/>\n<meta property=\"og:description\" content=\"Cette cl\u00f4ture de s\u00e9curit\u00e9 est une excellente solution de cl\u00f4ture temporaire pour les chantiers de construction, les domaines skiables, les fermes et les ranchs.\" \/>\n<meta property=\"og:url\" content=\"https:\/\/saiga.es\/fr\/produit\/filet-de-securite-pour-la-construction\/\" \/>\n<meta property=\"og:site_name\" content=\"SAIGA\" \/>\n<meta property=\"og:image\" content=\"https:\/\/saiga.es\/wp-content\/uploads\/2025\/01\/Malla-abalisament.jpg\" \/>\n\t<meta property=\"og:image:width\" content=\"1080\" \/>\n\t<meta property=\"og:image:height\" content=\"1080\" \/>\n\t<meta property=\"og:image:type\" content=\"image\/jpeg\" \/>\n<meta name=\"twitter:card\" content=\"summary_large_image\" \/>\n<meta name=\"twitter:site\" content=\"@saiga_agro\" \/>\n<meta name=\"twitter:label1\" content=\"Dur\u00e9e de lecture estim\u00e9e\" \/>\n\t<meta name=\"twitter:data1\" content=\"1 minute\" \/>\n<script type=\"application\/ld+json\" class=\"yoast-schema-graph\">{\"@context\":\"https:\\\/\\\/schema.org\",\"@graph\":[{\"@type\":\"WebPage\",\"@id\":\"https:\\\/\\\/saiga.es\\\/fr\\\/produit\\\/filet-de-securite-pour-la-construction\\\/\",\"url\":\"https:\\\/\\\/saiga.es\\\/fr\\\/produit\\\/filet-de-securite-pour-la-construction\\\/\",\"name\":\"Filet de s\u00e9curit\u00e9 pour la construction | SAIGA\",\"isPartOf\":{\"@id\":\"https:\\\/\\\/saiga.es\\\/fr\\\/#website\"},\"primaryImageOfPage\":{\"@id\":\"https:\\\/\\\/saiga.es\\\/fr\\\/produit\\\/filet-de-securite-pour-la-construction\\\/#primaryimage\"},\"image\":{\"@id\":\"https:\\\/\\\/saiga.es\\\/fr\\\/produit\\\/filet-de-securite-pour-la-construction\\\/#primaryimage\"},\"thumbnailUrl\":\"https:\\\/\\\/saiga.es\\\/wp-content\\\/uploads\\\/2025\\\/01\\\/Malla-abalisament.jpg\",\"datePublished\":\"2025-01-23T14:01:56+00:00\",\"description\":\"Cette cl\u00f4ture de s\u00e9curit\u00e9 est une excellente solution de cl\u00f4ture temporaire pour les chantiers de construction, les domaines skiables, les fermes et les ranchs.\",\"breadcrumb\":{\"@id\":\"https:\\\/\\\/saiga.es\\\/fr\\\/produit\\\/filet-de-securite-pour-la-construction\\\/#breadcrumb\"},\"inLanguage\":\"fr-FR\",\"potentialAction\":[{\"@type\":\"ReadAction\",\"target\":[\"https:\\\/\\\/saiga.es\\\/fr\\\/produit\\\/filet-de-securite-pour-la-construction\\\/\"]}]},{\"@type\":\"ImageObject\",\"inLanguage\":\"fr-FR\",\"@id\":\"https:\\\/\\\/saiga.es\\\/fr\\\/produit\\\/filet-de-securite-pour-la-construction\\\/#primaryimage\",\"url\":\"https:\\\/\\\/saiga.es\\\/wp-content\\\/uploads\\\/2025\\\/01\\\/Malla-abalisament.jpg\",\"contentUrl\":\"https:\\\/\\\/saiga.es\\\/wp-content\\\/uploads\\\/2025\\\/01\\\/Malla-abalisament.jpg\",\"width\":1080,\"height\":1080,\"caption\":\"Travail en maille orange\"},{\"@type\":\"BreadcrumbList\",\"@id\":\"https:\\\/\\\/saiga.es\\\/fr\\\/produit\\\/filet-de-securite-pour-la-construction\\\/#breadcrumb\",\"itemListElement\":[{\"@type\":\"ListItem\",\"position\":1,\"name\":\"Inici\",\"item\":\"https:\\\/\\\/saiga.es\\\/fr\\\/\"},{\"@type\":\"ListItem\",\"position\":2,\"name\":\"boutique\",\"item\":\"https:\\\/\\\/saiga.es\\\/fr\\\/boutique\\\/\"},{\"@type\":\"ListItem\",\"position\":3,\"name\":\"Filet de s\u00e9curit\u00e9 pour la construction\"}]},{\"@type\":\"WebSite\",\"@id\":\"https:\\\/\\\/saiga.es\\\/fr\\\/#website\",\"url\":\"https:\\\/\\\/saiga.es\\\/fr\\\/\",\"name\":\"SAIGA\",\"description\":\"M\u00e9s de 50 anys al servei de la terra i treballant per a un \u00fas eficient de l\u2019aigua!\",\"publisher\":{\"@id\":\"https:\\\/\\\/saiga.es\\\/fr\\\/#organization\"},\"potentialAction\":[{\"@type\":\"SearchAction\",\"target\":{\"@type\":\"EntryPoint\",\"urlTemplate\":\"https:\\\/\\\/saiga.es\\\/fr\\\/?s={search_term_string}\"},\"query-input\":{\"@type\":\"PropertyValueSpecification\",\"valueRequired\":true,\"valueName\":\"search_term_string\"}}],\"inLanguage\":\"fr-FR\"},{\"@type\":\"Organization\",\"@id\":\"https:\\\/\\\/saiga.es\\\/fr\\\/#organization\",\"name\":\"SAIGA\",\"url\":\"https:\\\/\\\/saiga.es\\\/fr\\\/\",\"logo\":{\"@type\":\"ImageObject\",\"inLanguage\":\"fr-FR\",\"@id\":\"https:\\\/\\\/saiga.es\\\/fr\\\/#\\\/schema\\\/logo\\\/image\\\/\",\"url\":\"https:\\\/\\\/saiga.es\\\/wp-content\\\/uploads\\\/2025\\\/07\\\/logo_saiga_baseline_optimitzat.svg\",\"contentUrl\":\"https:\\\/\\\/saiga.es\\\/wp-content\\\/uploads\\\/2025\\\/07\\\/logo_saiga_baseline_optimitzat.svg\",\"caption\":\"SAIGA\"},\"image\":{\"@id\":\"https:\\\/\\\/saiga.es\\\/fr\\\/#\\\/schema\\\/logo\\\/image\\\/\"},\"sameAs\":[\"https:\\\/\\\/x.com\\\/saiga_agro\",\"https:\\\/\\\/www.instagram.com\\\/saiga_agro\\\/\"]}]}<\/script>\n<!-- \/ Yoast SEO plugin. -->","yoast_head_json":{"title":"Filet de s\u00e9curit\u00e9 pour la construction | SAIGA","description":"Cette cl\u00f4ture de s\u00e9curit\u00e9 est une excellente solution de cl\u00f4ture temporaire pour les chantiers de construction, les domaines skiables, les fermes et les ranchs.","robots":{"index":"index","follow":"follow","max-snippet":"max-snippet:-1","max-image-preview":"max-image-preview:large","max-video-preview":"max-video-preview:-1"},"canonical":"https:\/\/saiga.es\/fr\/produit\/filet-de-securite-pour-la-construction\/","og_locale":"fr_FR","og_type":"article","og_title":"Filet de s\u00e9curit\u00e9 pour la construction | SAIGA","og_description":"Cette cl\u00f4ture de s\u00e9curit\u00e9 est une excellente solution de cl\u00f4ture temporaire pour les chantiers de construction, les domaines skiables, les fermes et les ranchs.","og_url":"https:\/\/saiga.es\/fr\/produit\/filet-de-securite-pour-la-construction\/","og_site_name":"SAIGA","og_image":[{"width":1080,"height":1080,"url":"https:\/\/saiga.es\/wp-content\/uploads\/2025\/01\/Malla-abalisament.jpg","type":"image\/jpeg"}],"twitter_card":"summary_large_image","twitter_site":"@saiga_agro","twitter_misc":{"Dur\u00e9e de lecture estim\u00e9e":"1 minute"},"schema":{"@context":"https:\/\/schema.org","@graph":[{"@type":"WebPage","@id":"https:\/\/saiga.es\/fr\/produit\/filet-de-securite-pour-la-construction\/","url":"https:\/\/saiga.es\/fr\/produit\/filet-de-securite-pour-la-construction\/","name":"Filet de s\u00e9curit\u00e9 pour la construction | SAIGA","isPartOf":{"@id":"https:\/\/saiga.es\/fr\/#website"},"primaryImageOfPage":{"@id":"https:\/\/saiga.es\/fr\/produit\/filet-de-securite-pour-la-construction\/#primaryimage"},"image":{"@id":"https:\/\/saiga.es\/fr\/produit\/filet-de-securite-pour-la-construction\/#primaryimage"},"thumbnailUrl":"https:\/\/saiga.es\/wp-content\/uploads\/2025\/01\/Malla-abalisament.jpg","datePublished":"2025-01-23T14:01:56+00:00","description":"Cette cl\u00f4ture de s\u00e9curit\u00e9 est une excellente solution de cl\u00f4ture temporaire pour les chantiers de construction, les domaines skiables, les fermes et les ranchs.","breadcrumb":{"@id":"https:\/\/saiga.es\/fr\/produit\/filet-de-securite-pour-la-construction\/#breadcrumb"},"inLanguage":"fr-FR","potentialAction":[{"@type":"ReadAction","target":["https:\/\/saiga.es\/fr\/produit\/filet-de-securite-pour-la-construction\/"]}]},{"@type":"ImageObject","inLanguage":"fr-FR","@id":"https:\/\/saiga.es\/fr\/produit\/filet-de-securite-pour-la-construction\/#primaryimage","url":"https:\/\/saiga.es\/wp-content\/uploads\/2025\/01\/Malla-abalisament.jpg","contentUrl":"https:\/\/saiga.es\/wp-content\/uploads\/2025\/01\/Malla-abalisament.jpg","width":1080,"height":1080,"caption":"Travail en maille orange"},{"@type":"BreadcrumbList","@id":"https:\/\/saiga.es\/fr\/produit\/filet-de-securite-pour-la-construction\/#breadcrumb","itemListElement":[{"@type":"ListItem","position":1,"name":"Inici","item":"https:\/\/saiga.es\/fr\/"},{"@type":"ListItem","position":2,"name":"boutique","item":"https:\/\/saiga.es\/fr\/boutique\/"},{"@type":"ListItem","position":3,"name":"Filet de s\u00e9curit\u00e9 pour la construction"}]},{"@type":"WebSite","@id":"https:\/\/saiga.es\/fr\/#website","url":"https:\/\/saiga.es\/fr\/","name":"SAIGA","description":"M\u00e9s de 50 anys al servei de la terra i treballant per a un \u00fas eficient de l\u2019aigua!","publisher":{"@id":"https:\/\/saiga.es\/fr\/#organization"},"potentialAction":[{"@type":"SearchAction","target":{"@type":"EntryPoint","urlTemplate":"https:\/\/saiga.es\/fr\/?s={search_term_string}"},"query-input":{"@type":"PropertyValueSpecification","valueRequired":true,"valueName":"search_term_string"}}],"inLanguage":"fr-FR"},{"@type":"Organization","@id":"https:\/\/saiga.es\/fr\/#organization","name":"SAIGA","url":"https:\/\/saiga.es\/fr\/","logo":{"@type":"ImageObject","inLanguage":"fr-FR","@id":"https:\/\/saiga.es\/fr\/#\/schema\/logo\/image\/","url":"https:\/\/saiga.es\/wp-content\/uploads\/2025\/07\/logo_saiga_baseline_optimitzat.svg","contentUrl":"https:\/\/saiga.es\/wp-content\/uploads\/2025\/07\/logo_saiga_baseline_optimitzat.svg","caption":"SAIGA"},"image":{"@id":"https:\/\/saiga.es\/fr\/#\/schema\/logo\/image\/"},"sameAs":["https:\/\/x.com\/saiga_agro","https:\/\/www.instagram.com\/saiga_agro\/"]}]}},"_links":{"self":[{"href":"https:\/\/saiga.es\/fr\/wp-json\/wp\/v2\/product\/13924","targetHints":{"allow":["GET"]}}],"collection":[{"href":"https:\/\/saiga.es\/fr\/wp-json\/wp\/v2\/product"}],"about":[{"href":"https:\/\/saiga.es\/fr\/wp-json\/wp\/v2\/types\/product"}],"replies":[{"embeddable":true,"href":"https:\/\/saiga.es\/fr\/wp-json\/wp\/v2\/comments?post=13924"}],"wp:featuredmedia":[{"embeddable":true,"href":"https:\/\/saiga.es\/fr\/wp-json\/wp\/v2\/media\/13922"}],"wp:attachment":[{"href":"https:\/\/saiga.es\/fr\/wp-json\/wp\/v2\/media?parent=13924"}],"wp:term":[{"taxonomy":"product_brand","embeddable":true,"href":"https:\/\/saiga.es\/fr\/wp-json\/wp\/v2\/product_brand?post=13924"},{"taxonomy":"product_cat","embeddable":true,"href":"https:\/\/saiga.es\/fr\/wp-json\/wp\/v2\/product_cat?post=13924"},{"taxonomy":"product_tag","embeddable":true,"href":"https:\/\/saiga.es\/fr\/wp-json\/wp\/v2\/product_tag?post=13924"}],"curies":[{"name":"wp","href":"https:\/\/api.w.org\/{rel}","templated":true}]}}