{"id":13938,"date":"2025-01-27T12:15:35","date_gmt":"2025-01-27T12:15:35","guid":{"rendered":"https:\/\/botiga.saiga.es\/producte\/herbicide-a-feuilles-larges-et-selectif-pour-pelouse\/"},"modified":"2025-01-27T12:15:35","modified_gmt":"2025-01-27T12:15:35","slug":"herbicide-a-feuilles-larges-et-selectif-pour-pelouse","status":"publish","type":"product","link":"https:\/\/saiga.es\/fr\/produit\/herbicide-a-feuilles-larges-et-selectif-pour-pelouse\/","title":{"rendered":"Herbicide \u00e0 feuilles larges et s\u00e9lectif pour pelouse"},"content":{"rendered":"<p>Autoris\u00e9 contre les dicotyl\u00e9dones annuelles et vivaces, 1 application maximum par an avec un volume de bouillon de 2 \u00e0 4 l\/100 m2. Pour les pelouses, la dose est de 10 ml\/100 m2 (2,5-5 ml\/l). Appliquer en formation de pousses ou de pousses lat\u00e9rales BBCH 20-25, sans p\u00e9riode de s\u00e9curit\u00e9. Utiliser uniquement sur le gazon r\u00e9cr\u00e9atif. Pour les agrumes et les arbres fruitiers issus de graines, la dose est de 15 ml\/100 m2 (3,75-7,5 ml\/l). P\u00e9riode d&rsquo;application au printemps ou en automne, p\u00e9riode de s\u00e9curit\u00e9 de 15 jours. Application aux bandes. Pour Olivo, la dose est de 15 ml\/100 m2 (3,75-7,5 ml\/l). P\u00e9riode d&rsquo;application au printemps ou en automne (apr\u00e8s r\u00e9colte), p\u00e9riode de s\u00e9curit\u00e9 de 120 jours. Application aux bandes. Les olives ne doivent pas \u00eatre cueillies au sol.          <\/p>\n","protected":false},"excerpt":{"rendered":"<p>Herbicide \u00e0 feuilles larges et s\u00e9lectif pour pelouse. Autoris\u00e9 contre les dicotyl\u00e9dones annuelles et vivaces, 1 application maximum par an avec un volume de bouillon de 2 \u00e0 4 l\/100 m2. <\/p>\n","protected":false},"featured_media":14343,"comment_status":"open","ping_status":"closed","template":"","meta":[],"product_brand":[1841],"product_cat":[1843],"product_tag":[1844],"class_list":{"0":"post-13938","1":"product","2":"type-product","3":"status-publish","4":"has-post-thumbnail","6":"product_brand-sipcam","7":"product_cat-herbicides-fr","8":"product_tag-herbicides-fr","10":"first","11":"instock","12":"taxable","13":"shipping-taxable","14":"purchasable","15":"product-type-variable"},"yoast_head":"<!-- This site is optimized with the Yoast SEO plugin v27.3 - https:\/\/yoast.com\/product\/yoast-seo-wordpress\/ -->\n<title>Herbicide \u00e0 feuilles larges et s\u00e9lectif pour pelouse | SAIGA<\/title>\n<meta name=\"description\" content=\"Herbicide \u00e0 feuilles larges et s\u00e9lectif pour pelouse. Autoris\u00e9 contre les dicotyl\u00e9dones annuelles et vivaces, 1 application maximum par an avec un volume de bouillon de 2 \u00e0 4 l\/100 m2.\" \/>\n<meta name=\"robots\" content=\"index, follow, max-snippet:-1, max-image-preview:large, max-video-preview:-1\" \/>\n<link rel=\"canonical\" href=\"https:\/\/saiga.es\/fr\/produit\/herbicide-a-feuilles-larges-et-selectif-pour-pelouse\/\" \/>\n<meta property=\"og:locale\" content=\"fr_FR\" \/>\n<meta property=\"og:type\" content=\"article\" \/>\n<meta property=\"og:title\" content=\"Herbicide \u00e0 feuilles larges et s\u00e9lectif pour pelouse | SAIGA\" \/>\n<meta property=\"og:description\" content=\"Herbicide \u00e0 feuilles larges et s\u00e9lectif pour pelouse. Autoris\u00e9 contre les dicotyl\u00e9dones annuelles et vivaces, 1 application maximum par an avec un volume de bouillon de 2 \u00e0 4 l\/100 m2.\" \/>\n<meta property=\"og:url\" content=\"https:\/\/saiga.es\/fr\/produit\/herbicide-a-feuilles-larges-et-selectif-pour-pelouse\/\" \/>\n<meta property=\"og:site_name\" content=\"SAIGA\" \/>\n<meta property=\"og:image\" content=\"https:\/\/saiga.es\/wp-content\/uploads\/2025\/01\/Terter-Duo.jpg\" \/>\n\t<meta property=\"og:image:width\" content=\"1080\" \/>\n\t<meta property=\"og:image:height\" content=\"1080\" \/>\n\t<meta property=\"og:image:type\" content=\"image\/jpeg\" \/>\n<meta name=\"twitter:card\" content=\"summary_large_image\" \/>\n<meta name=\"twitter:site\" content=\"@saiga_agro\" \/>\n<meta name=\"twitter:label1\" content=\"Dur\u00e9e de lecture estim\u00e9e\" \/>\n\t<meta name=\"twitter:data1\" content=\"1 minute\" \/>\n<script type=\"application\/ld+json\" class=\"yoast-schema-graph\">{\"@context\":\"https:\\\/\\\/schema.org\",\"@graph\":[{\"@type\":\"WebPage\",\"@id\":\"https:\\\/\\\/saiga.es\\\/fr\\\/produit\\\/herbicide-a-feuilles-larges-et-selectif-pour-pelouse\\\/\",\"url\":\"https:\\\/\\\/saiga.es\\\/fr\\\/produit\\\/herbicide-a-feuilles-larges-et-selectif-pour-pelouse\\\/\",\"name\":\"Herbicide \u00e0 feuilles larges et s\u00e9lectif pour pelouse | SAIGA\",\"isPartOf\":{\"@id\":\"https:\\\/\\\/saiga.es\\\/fr\\\/#website\"},\"primaryImageOfPage\":{\"@id\":\"https:\\\/\\\/saiga.es\\\/fr\\\/produit\\\/herbicide-a-feuilles-larges-et-selectif-pour-pelouse\\\/#primaryimage\"},\"image\":{\"@id\":\"https:\\\/\\\/saiga.es\\\/fr\\\/produit\\\/herbicide-a-feuilles-larges-et-selectif-pour-pelouse\\\/#primaryimage\"},\"thumbnailUrl\":\"https:\\\/\\\/saiga.es\\\/wp-content\\\/uploads\\\/2025\\\/01\\\/Terter-Duo.jpg\",\"datePublished\":\"2025-01-27T12:15:35+00:00\",\"description\":\"Herbicide \u00e0 feuilles larges et s\u00e9lectif pour pelouse. Autoris\u00e9 contre les dicotyl\u00e9dones annuelles et vivaces, 1 application maximum par an avec un volume de bouillon de 2 \u00e0 4 l\\\/100 m2.\",\"breadcrumb\":{\"@id\":\"https:\\\/\\\/saiga.es\\\/fr\\\/produit\\\/herbicide-a-feuilles-larges-et-selectif-pour-pelouse\\\/#breadcrumb\"},\"inLanguage\":\"fr-FR\",\"potentialAction\":[{\"@type\":\"ReadAction\",\"target\":[\"https:\\\/\\\/saiga.es\\\/fr\\\/produit\\\/herbicide-a-feuilles-larges-et-selectif-pour-pelouse\\\/\"]}]},{\"@type\":\"ImageObject\",\"inLanguage\":\"fr-FR\",\"@id\":\"https:\\\/\\\/saiga.es\\\/fr\\\/produit\\\/herbicide-a-feuilles-larges-et-selectif-pour-pelouse\\\/#primaryimage\",\"url\":\"https:\\\/\\\/saiga.es\\\/wp-content\\\/uploads\\\/2025\\\/01\\\/Terter-Duo.jpg\",\"contentUrl\":\"https:\\\/\\\/saiga.es\\\/wp-content\\\/uploads\\\/2025\\\/01\\\/Terter-Duo.jpg\",\"width\":1080,\"height\":1080,\"caption\":\"Herbicida Terter Duo\"},{\"@type\":\"BreadcrumbList\",\"@id\":\"https:\\\/\\\/saiga.es\\\/fr\\\/produit\\\/herbicide-a-feuilles-larges-et-selectif-pour-pelouse\\\/#breadcrumb\",\"itemListElement\":[{\"@type\":\"ListItem\",\"position\":1,\"name\":\"Inici\",\"item\":\"https:\\\/\\\/saiga.es\\\/fr\\\/\"},{\"@type\":\"ListItem\",\"position\":2,\"name\":\"boutique\",\"item\":\"https:\\\/\\\/saiga.es\\\/fr\\\/boutique\\\/\"},{\"@type\":\"ListItem\",\"position\":3,\"name\":\"Herbicide \u00e0 feuilles larges et s\u00e9lectif pour pelouse\"}]},{\"@type\":\"WebSite\",\"@id\":\"https:\\\/\\\/saiga.es\\\/fr\\\/#website\",\"url\":\"https:\\\/\\\/saiga.es\\\/fr\\\/\",\"name\":\"SAIGA\",\"description\":\"M\u00e9s de 50 anys al servei de la terra i treballant per a un \u00fas eficient de l\u2019aigua!\",\"publisher\":{\"@id\":\"https:\\\/\\\/saiga.es\\\/fr\\\/#organization\"},\"potentialAction\":[{\"@type\":\"SearchAction\",\"target\":{\"@type\":\"EntryPoint\",\"urlTemplate\":\"https:\\\/\\\/saiga.es\\\/fr\\\/?s={search_term_string}\"},\"query-input\":{\"@type\":\"PropertyValueSpecification\",\"valueRequired\":true,\"valueName\":\"search_term_string\"}}],\"inLanguage\":\"fr-FR\"},{\"@type\":\"Organization\",\"@id\":\"https:\\\/\\\/saiga.es\\\/fr\\\/#organization\",\"name\":\"SAIGA\",\"url\":\"https:\\\/\\\/saiga.es\\\/fr\\\/\",\"logo\":{\"@type\":\"ImageObject\",\"inLanguage\":\"fr-FR\",\"@id\":\"https:\\\/\\\/saiga.es\\\/fr\\\/#\\\/schema\\\/logo\\\/image\\\/\",\"url\":\"https:\\\/\\\/saiga.es\\\/wp-content\\\/uploads\\\/2025\\\/07\\\/logo_saiga_baseline_optimitzat.svg\",\"contentUrl\":\"https:\\\/\\\/saiga.es\\\/wp-content\\\/uploads\\\/2025\\\/07\\\/logo_saiga_baseline_optimitzat.svg\",\"caption\":\"SAIGA\"},\"image\":{\"@id\":\"https:\\\/\\\/saiga.es\\\/fr\\\/#\\\/schema\\\/logo\\\/image\\\/\"},\"sameAs\":[\"https:\\\/\\\/x.com\\\/saiga_agro\",\"https:\\\/\\\/www.instagram.com\\\/saiga_agro\\\/\"]}]}<\/script>\n<!-- \/ Yoast SEO plugin. -->","yoast_head_json":{"title":"Herbicide \u00e0 feuilles larges et s\u00e9lectif pour pelouse | SAIGA","description":"Herbicide \u00e0 feuilles larges et s\u00e9lectif pour pelouse. Autoris\u00e9 contre les dicotyl\u00e9dones annuelles et vivaces, 1 application maximum par an avec un volume de bouillon de 2 \u00e0 4 l\/100 m2.","robots":{"index":"index","follow":"follow","max-snippet":"max-snippet:-1","max-image-preview":"max-image-preview:large","max-video-preview":"max-video-preview:-1"},"canonical":"https:\/\/saiga.es\/fr\/produit\/herbicide-a-feuilles-larges-et-selectif-pour-pelouse\/","og_locale":"fr_FR","og_type":"article","og_title":"Herbicide \u00e0 feuilles larges et s\u00e9lectif pour pelouse | SAIGA","og_description":"Herbicide \u00e0 feuilles larges et s\u00e9lectif pour pelouse. Autoris\u00e9 contre les dicotyl\u00e9dones annuelles et vivaces, 1 application maximum par an avec un volume de bouillon de 2 \u00e0 4 l\/100 m2.","og_url":"https:\/\/saiga.es\/fr\/produit\/herbicide-a-feuilles-larges-et-selectif-pour-pelouse\/","og_site_name":"SAIGA","og_image":[{"width":1080,"height":1080,"url":"https:\/\/saiga.es\/wp-content\/uploads\/2025\/01\/Terter-Duo.jpg","type":"image\/jpeg"}],"twitter_card":"summary_large_image","twitter_site":"@saiga_agro","twitter_misc":{"Dur\u00e9e de lecture estim\u00e9e":"1 minute"},"schema":{"@context":"https:\/\/schema.org","@graph":[{"@type":"WebPage","@id":"https:\/\/saiga.es\/fr\/produit\/herbicide-a-feuilles-larges-et-selectif-pour-pelouse\/","url":"https:\/\/saiga.es\/fr\/produit\/herbicide-a-feuilles-larges-et-selectif-pour-pelouse\/","name":"Herbicide \u00e0 feuilles larges et s\u00e9lectif pour pelouse | SAIGA","isPartOf":{"@id":"https:\/\/saiga.es\/fr\/#website"},"primaryImageOfPage":{"@id":"https:\/\/saiga.es\/fr\/produit\/herbicide-a-feuilles-larges-et-selectif-pour-pelouse\/#primaryimage"},"image":{"@id":"https:\/\/saiga.es\/fr\/produit\/herbicide-a-feuilles-larges-et-selectif-pour-pelouse\/#primaryimage"},"thumbnailUrl":"https:\/\/saiga.es\/wp-content\/uploads\/2025\/01\/Terter-Duo.jpg","datePublished":"2025-01-27T12:15:35+00:00","description":"Herbicide \u00e0 feuilles larges et s\u00e9lectif pour pelouse. Autoris\u00e9 contre les dicotyl\u00e9dones annuelles et vivaces, 1 application maximum par an avec un volume de bouillon de 2 \u00e0 4 l\/100 m2.","breadcrumb":{"@id":"https:\/\/saiga.es\/fr\/produit\/herbicide-a-feuilles-larges-et-selectif-pour-pelouse\/#breadcrumb"},"inLanguage":"fr-FR","potentialAction":[{"@type":"ReadAction","target":["https:\/\/saiga.es\/fr\/produit\/herbicide-a-feuilles-larges-et-selectif-pour-pelouse\/"]}]},{"@type":"ImageObject","inLanguage":"fr-FR","@id":"https:\/\/saiga.es\/fr\/produit\/herbicide-a-feuilles-larges-et-selectif-pour-pelouse\/#primaryimage","url":"https:\/\/saiga.es\/wp-content\/uploads\/2025\/01\/Terter-Duo.jpg","contentUrl":"https:\/\/saiga.es\/wp-content\/uploads\/2025\/01\/Terter-Duo.jpg","width":1080,"height":1080,"caption":"Herbicida Terter Duo"},{"@type":"BreadcrumbList","@id":"https:\/\/saiga.es\/fr\/produit\/herbicide-a-feuilles-larges-et-selectif-pour-pelouse\/#breadcrumb","itemListElement":[{"@type":"ListItem","position":1,"name":"Inici","item":"https:\/\/saiga.es\/fr\/"},{"@type":"ListItem","position":2,"name":"boutique","item":"https:\/\/saiga.es\/fr\/boutique\/"},{"@type":"ListItem","position":3,"name":"Herbicide \u00e0 feuilles larges et s\u00e9lectif pour pelouse"}]},{"@type":"WebSite","@id":"https:\/\/saiga.es\/fr\/#website","url":"https:\/\/saiga.es\/fr\/","name":"SAIGA","description":"M\u00e9s de 50 anys al servei de la terra i treballant per a un \u00fas eficient de l\u2019aigua!","publisher":{"@id":"https:\/\/saiga.es\/fr\/#organization"},"potentialAction":[{"@type":"SearchAction","target":{"@type":"EntryPoint","urlTemplate":"https:\/\/saiga.es\/fr\/?s={search_term_string}"},"query-input":{"@type":"PropertyValueSpecification","valueRequired":true,"valueName":"search_term_string"}}],"inLanguage":"fr-FR"},{"@type":"Organization","@id":"https:\/\/saiga.es\/fr\/#organization","name":"SAIGA","url":"https:\/\/saiga.es\/fr\/","logo":{"@type":"ImageObject","inLanguage":"fr-FR","@id":"https:\/\/saiga.es\/fr\/#\/schema\/logo\/image\/","url":"https:\/\/saiga.es\/wp-content\/uploads\/2025\/07\/logo_saiga_baseline_optimitzat.svg","contentUrl":"https:\/\/saiga.es\/wp-content\/uploads\/2025\/07\/logo_saiga_baseline_optimitzat.svg","caption":"SAIGA"},"image":{"@id":"https:\/\/saiga.es\/fr\/#\/schema\/logo\/image\/"},"sameAs":["https:\/\/x.com\/saiga_agro","https:\/\/www.instagram.com\/saiga_agro\/"]}]}},"_links":{"self":[{"href":"https:\/\/saiga.es\/fr\/wp-json\/wp\/v2\/product\/13938","targetHints":{"allow":["GET"]}}],"collection":[{"href":"https:\/\/saiga.es\/fr\/wp-json\/wp\/v2\/product"}],"about":[{"href":"https:\/\/saiga.es\/fr\/wp-json\/wp\/v2\/types\/product"}],"replies":[{"embeddable":true,"href":"https:\/\/saiga.es\/fr\/wp-json\/wp\/v2\/comments?post=13938"}],"wp:featuredmedia":[{"embeddable":true,"href":"https:\/\/saiga.es\/fr\/wp-json\/wp\/v2\/media\/14343"}],"wp:attachment":[{"href":"https:\/\/saiga.es\/fr\/wp-json\/wp\/v2\/media?parent=13938"}],"wp:term":[{"taxonomy":"product_brand","embeddable":true,"href":"https:\/\/saiga.es\/fr\/wp-json\/wp\/v2\/product_brand?post=13938"},{"taxonomy":"product_cat","embeddable":true,"href":"https:\/\/saiga.es\/fr\/wp-json\/wp\/v2\/product_cat?post=13938"},{"taxonomy":"product_tag","embeddable":true,"href":"https:\/\/saiga.es\/fr\/wp-json\/wp\/v2\/product_tag?post=13938"}],"curies":[{"name":"wp","href":"https:\/\/api.w.org\/{rel}","templated":true}]}}