{"id":14021,"date":"2025-02-04T09:38:48","date_gmt":"2025-02-04T09:38:48","guid":{"rendered":"https:\/\/botiga.saiga.es\/producte\/desinfectant-pour-lames-de-coupe\/"},"modified":"2025-02-05T07:44:05","modified_gmt":"2025-02-05T07:44:05","slug":"desinfectant-pour-lames-de-coupe","status":"publish","type":"product","link":"https:\/\/saiga.es\/fr\/produit\/desinfectant-pour-lames-de-coupe\/","title":{"rendered":"D\u00e9sinfectant pour lames de coupe"},"content":{"rendered":"<p>D\u00e9sinfectant pour lames de coupe Pr\u00e9venez la propagation des maladies entre vos arbres fruitiers et vos plantes gr\u00e2ce \u00e0 notre d\u00e9sinfectant pour feuilles coup\u00e9es. Ce produit \u00e0 usage professionnel \u00e9limine les bact\u00e9ries, champignons et virus des outils de taille, assurant une hygi\u00e8ne optimale apr\u00e8s chaque coupe. Avec une application rapide et facile, il garantit que les ciseaux, scies et autres outils sont exempts d&rsquo;agents pathog\u00e8nes. Id\u00e9al pour les jardins, vergers et cultures, ce d\u00e9sinfectant est indispensable pour maintenir la sant\u00e9 de votre espace vert tout au long de l\u2019ann\u00e9e.  <\/p>\n","protected":false},"excerpt":{"rendered":"<p>Pr\u00e9venez la propagation des maladies entre vos arbres fruitiers et vos plantes gr\u00e2ce \u00e0 notre d\u00e9sinfectant pour feuilles coup\u00e9es.<\/p>\n","protected":false},"featured_media":14018,"comment_status":"closed","ping_status":"closed","template":"","meta":[],"product_brand":[1856],"product_cat":[434,468],"product_tag":[858,1859],"class_list":{"0":"post-14021","1":"product","2":"type-product","3":"status-publish","4":"has-post-thumbnail","6":"product_brand-arvipo","7":"product_cat-des-pieces-de-rechange","8":"product_cat-taille","9":"product_tag-arvipo-fr","10":"product_tag-desinfectant-fr","12":"first","13":"instock","14":"taxable","15":"shipping-taxable","16":"purchasable","17":"product-type-simple"},"yoast_head":"<!-- This site is optimized with the Yoast SEO plugin v27.3 - https:\/\/yoast.com\/product\/yoast-seo-wordpress\/ -->\n<title>D\u00e9sinfectant pour lames de coupe | SAIGA<\/title>\n<meta name=\"description\" content=\"Pr\u00e9venez la propagation des maladies entre vos arbres fruitiers et vos plantes gr\u00e2ce \u00e0 notre d\u00e9sinfectant pour feuilles coup\u00e9es.\" \/>\n<meta name=\"robots\" content=\"index, follow, max-snippet:-1, max-image-preview:large, max-video-preview:-1\" \/>\n<link rel=\"canonical\" href=\"https:\/\/saiga.es\/fr\/produit\/desinfectant-pour-lames-de-coupe\/\" \/>\n<meta property=\"og:locale\" content=\"fr_FR\" \/>\n<meta property=\"og:type\" content=\"article\" \/>\n<meta property=\"og:title\" content=\"D\u00e9sinfectant pour lames de coupe | SAIGA\" \/>\n<meta property=\"og:description\" content=\"Pr\u00e9venez la propagation des maladies entre vos arbres fruitiers et vos plantes gr\u00e2ce \u00e0 notre d\u00e9sinfectant pour feuilles coup\u00e9es.\" \/>\n<meta property=\"og:url\" content=\"https:\/\/saiga.es\/fr\/produit\/desinfectant-pour-lames-de-coupe\/\" \/>\n<meta property=\"og:site_name\" content=\"SAIGA\" \/>\n<meta property=\"article:modified_time\" content=\"2025-02-05T07:44:05+00:00\" \/>\n<meta property=\"og:image\" content=\"https:\/\/saiga.es\/wp-content\/uploads\/2025\/02\/Desinfectant-fulla-de-tall.jpg\" \/>\n\t<meta property=\"og:image:width\" content=\"1080\" \/>\n\t<meta property=\"og:image:height\" content=\"1080\" \/>\n\t<meta property=\"og:image:type\" content=\"image\/jpeg\" \/>\n<meta name=\"twitter:card\" content=\"summary_large_image\" \/>\n<meta name=\"twitter:site\" content=\"@saiga_agro\" \/>\n<meta name=\"twitter:label1\" content=\"Dur\u00e9e de lecture estim\u00e9e\" \/>\n\t<meta name=\"twitter:data1\" content=\"1 minute\" \/>\n<script type=\"application\/ld+json\" class=\"yoast-schema-graph\">{\"@context\":\"https:\\\/\\\/schema.org\",\"@graph\":[{\"@type\":\"WebPage\",\"@id\":\"https:\\\/\\\/saiga.es\\\/fr\\\/produit\\\/desinfectant-pour-lames-de-coupe\\\/\",\"url\":\"https:\\\/\\\/saiga.es\\\/fr\\\/produit\\\/desinfectant-pour-lames-de-coupe\\\/\",\"name\":\"D\u00e9sinfectant pour lames de coupe | SAIGA\",\"isPartOf\":{\"@id\":\"https:\\\/\\\/saiga.es\\\/fr\\\/#website\"},\"primaryImageOfPage\":{\"@id\":\"https:\\\/\\\/saiga.es\\\/fr\\\/produit\\\/desinfectant-pour-lames-de-coupe\\\/#primaryimage\"},\"image\":{\"@id\":\"https:\\\/\\\/saiga.es\\\/fr\\\/produit\\\/desinfectant-pour-lames-de-coupe\\\/#primaryimage\"},\"thumbnailUrl\":\"https:\\\/\\\/saiga.es\\\/wp-content\\\/uploads\\\/2025\\\/02\\\/Desinfectant-fulla-de-tall.jpg\",\"datePublished\":\"2025-02-04T09:38:48+00:00\",\"dateModified\":\"2025-02-05T07:44:05+00:00\",\"description\":\"Pr\u00e9venez la propagation des maladies entre vos arbres fruitiers et vos plantes gr\u00e2ce \u00e0 notre d\u00e9sinfectant pour feuilles coup\u00e9es.\",\"breadcrumb\":{\"@id\":\"https:\\\/\\\/saiga.es\\\/fr\\\/produit\\\/desinfectant-pour-lames-de-coupe\\\/#breadcrumb\"},\"inLanguage\":\"fr-FR\",\"potentialAction\":[{\"@type\":\"ReadAction\",\"target\":[\"https:\\\/\\\/saiga.es\\\/fr\\\/produit\\\/desinfectant-pour-lames-de-coupe\\\/\"]}]},{\"@type\":\"ImageObject\",\"inLanguage\":\"fr-FR\",\"@id\":\"https:\\\/\\\/saiga.es\\\/fr\\\/produit\\\/desinfectant-pour-lames-de-coupe\\\/#primaryimage\",\"url\":\"https:\\\/\\\/saiga.es\\\/wp-content\\\/uploads\\\/2025\\\/02\\\/Desinfectant-fulla-de-tall.jpg\",\"contentUrl\":\"https:\\\/\\\/saiga.es\\\/wp-content\\\/uploads\\\/2025\\\/02\\\/Desinfectant-fulla-de-tall.jpg\",\"width\":1080,\"height\":1080,\"caption\":\"D\u00e9sinfectant pour lame de coupe\"},{\"@type\":\"BreadcrumbList\",\"@id\":\"https:\\\/\\\/saiga.es\\\/fr\\\/produit\\\/desinfectant-pour-lames-de-coupe\\\/#breadcrumb\",\"itemListElement\":[{\"@type\":\"ListItem\",\"position\":1,\"name\":\"Inici\",\"item\":\"https:\\\/\\\/saiga.es\\\/fr\\\/\"},{\"@type\":\"ListItem\",\"position\":2,\"name\":\"boutique\",\"item\":\"https:\\\/\\\/saiga.es\\\/fr\\\/boutique\\\/\"},{\"@type\":\"ListItem\",\"position\":3,\"name\":\"D\u00e9sinfectant pour lames de coupe\"}]},{\"@type\":\"WebSite\",\"@id\":\"https:\\\/\\\/saiga.es\\\/fr\\\/#website\",\"url\":\"https:\\\/\\\/saiga.es\\\/fr\\\/\",\"name\":\"SAIGA\",\"description\":\"M\u00e9s de 50 anys al servei de la terra i treballant per a un \u00fas eficient de l\u2019aigua!\",\"publisher\":{\"@id\":\"https:\\\/\\\/saiga.es\\\/fr\\\/#organization\"},\"potentialAction\":[{\"@type\":\"SearchAction\",\"target\":{\"@type\":\"EntryPoint\",\"urlTemplate\":\"https:\\\/\\\/saiga.es\\\/fr\\\/?s={search_term_string}\"},\"query-input\":{\"@type\":\"PropertyValueSpecification\",\"valueRequired\":true,\"valueName\":\"search_term_string\"}}],\"inLanguage\":\"fr-FR\"},{\"@type\":\"Organization\",\"@id\":\"https:\\\/\\\/saiga.es\\\/fr\\\/#organization\",\"name\":\"SAIGA\",\"url\":\"https:\\\/\\\/saiga.es\\\/fr\\\/\",\"logo\":{\"@type\":\"ImageObject\",\"inLanguage\":\"fr-FR\",\"@id\":\"https:\\\/\\\/saiga.es\\\/fr\\\/#\\\/schema\\\/logo\\\/image\\\/\",\"url\":\"https:\\\/\\\/saiga.es\\\/wp-content\\\/uploads\\\/2025\\\/07\\\/logo_saiga_baseline_optimitzat.svg\",\"contentUrl\":\"https:\\\/\\\/saiga.es\\\/wp-content\\\/uploads\\\/2025\\\/07\\\/logo_saiga_baseline_optimitzat.svg\",\"caption\":\"SAIGA\"},\"image\":{\"@id\":\"https:\\\/\\\/saiga.es\\\/fr\\\/#\\\/schema\\\/logo\\\/image\\\/\"},\"sameAs\":[\"https:\\\/\\\/x.com\\\/saiga_agro\",\"https:\\\/\\\/www.instagram.com\\\/saiga_agro\\\/\"]}]}<\/script>\n<!-- \/ Yoast SEO plugin. -->","yoast_head_json":{"title":"D\u00e9sinfectant pour lames de coupe | SAIGA","description":"Pr\u00e9venez la propagation des maladies entre vos arbres fruitiers et vos plantes gr\u00e2ce \u00e0 notre d\u00e9sinfectant pour feuilles coup\u00e9es.","robots":{"index":"index","follow":"follow","max-snippet":"max-snippet:-1","max-image-preview":"max-image-preview:large","max-video-preview":"max-video-preview:-1"},"canonical":"https:\/\/saiga.es\/fr\/produit\/desinfectant-pour-lames-de-coupe\/","og_locale":"fr_FR","og_type":"article","og_title":"D\u00e9sinfectant pour lames de coupe | SAIGA","og_description":"Pr\u00e9venez la propagation des maladies entre vos arbres fruitiers et vos plantes gr\u00e2ce \u00e0 notre d\u00e9sinfectant pour feuilles coup\u00e9es.","og_url":"https:\/\/saiga.es\/fr\/produit\/desinfectant-pour-lames-de-coupe\/","og_site_name":"SAIGA","article_modified_time":"2025-02-05T07:44:05+00:00","og_image":[{"width":1080,"height":1080,"url":"https:\/\/saiga.es\/wp-content\/uploads\/2025\/02\/Desinfectant-fulla-de-tall.jpg","type":"image\/jpeg"}],"twitter_card":"summary_large_image","twitter_site":"@saiga_agro","twitter_misc":{"Dur\u00e9e de lecture estim\u00e9e":"1 minute"},"schema":{"@context":"https:\/\/schema.org","@graph":[{"@type":"WebPage","@id":"https:\/\/saiga.es\/fr\/produit\/desinfectant-pour-lames-de-coupe\/","url":"https:\/\/saiga.es\/fr\/produit\/desinfectant-pour-lames-de-coupe\/","name":"D\u00e9sinfectant pour lames de coupe | SAIGA","isPartOf":{"@id":"https:\/\/saiga.es\/fr\/#website"},"primaryImageOfPage":{"@id":"https:\/\/saiga.es\/fr\/produit\/desinfectant-pour-lames-de-coupe\/#primaryimage"},"image":{"@id":"https:\/\/saiga.es\/fr\/produit\/desinfectant-pour-lames-de-coupe\/#primaryimage"},"thumbnailUrl":"https:\/\/saiga.es\/wp-content\/uploads\/2025\/02\/Desinfectant-fulla-de-tall.jpg","datePublished":"2025-02-04T09:38:48+00:00","dateModified":"2025-02-05T07:44:05+00:00","description":"Pr\u00e9venez la propagation des maladies entre vos arbres fruitiers et vos plantes gr\u00e2ce \u00e0 notre d\u00e9sinfectant pour feuilles coup\u00e9es.","breadcrumb":{"@id":"https:\/\/saiga.es\/fr\/produit\/desinfectant-pour-lames-de-coupe\/#breadcrumb"},"inLanguage":"fr-FR","potentialAction":[{"@type":"ReadAction","target":["https:\/\/saiga.es\/fr\/produit\/desinfectant-pour-lames-de-coupe\/"]}]},{"@type":"ImageObject","inLanguage":"fr-FR","@id":"https:\/\/saiga.es\/fr\/produit\/desinfectant-pour-lames-de-coupe\/#primaryimage","url":"https:\/\/saiga.es\/wp-content\/uploads\/2025\/02\/Desinfectant-fulla-de-tall.jpg","contentUrl":"https:\/\/saiga.es\/wp-content\/uploads\/2025\/02\/Desinfectant-fulla-de-tall.jpg","width":1080,"height":1080,"caption":"D\u00e9sinfectant pour lame de coupe"},{"@type":"BreadcrumbList","@id":"https:\/\/saiga.es\/fr\/produit\/desinfectant-pour-lames-de-coupe\/#breadcrumb","itemListElement":[{"@type":"ListItem","position":1,"name":"Inici","item":"https:\/\/saiga.es\/fr\/"},{"@type":"ListItem","position":2,"name":"boutique","item":"https:\/\/saiga.es\/fr\/boutique\/"},{"@type":"ListItem","position":3,"name":"D\u00e9sinfectant pour lames de coupe"}]},{"@type":"WebSite","@id":"https:\/\/saiga.es\/fr\/#website","url":"https:\/\/saiga.es\/fr\/","name":"SAIGA","description":"M\u00e9s de 50 anys al servei de la terra i treballant per a un \u00fas eficient de l\u2019aigua!","publisher":{"@id":"https:\/\/saiga.es\/fr\/#organization"},"potentialAction":[{"@type":"SearchAction","target":{"@type":"EntryPoint","urlTemplate":"https:\/\/saiga.es\/fr\/?s={search_term_string}"},"query-input":{"@type":"PropertyValueSpecification","valueRequired":true,"valueName":"search_term_string"}}],"inLanguage":"fr-FR"},{"@type":"Organization","@id":"https:\/\/saiga.es\/fr\/#organization","name":"SAIGA","url":"https:\/\/saiga.es\/fr\/","logo":{"@type":"ImageObject","inLanguage":"fr-FR","@id":"https:\/\/saiga.es\/fr\/#\/schema\/logo\/image\/","url":"https:\/\/saiga.es\/wp-content\/uploads\/2025\/07\/logo_saiga_baseline_optimitzat.svg","contentUrl":"https:\/\/saiga.es\/wp-content\/uploads\/2025\/07\/logo_saiga_baseline_optimitzat.svg","caption":"SAIGA"},"image":{"@id":"https:\/\/saiga.es\/fr\/#\/schema\/logo\/image\/"},"sameAs":["https:\/\/x.com\/saiga_agro","https:\/\/www.instagram.com\/saiga_agro\/"]}]}},"_links":{"self":[{"href":"https:\/\/saiga.es\/fr\/wp-json\/wp\/v2\/product\/14021","targetHints":{"allow":["GET"]}}],"collection":[{"href":"https:\/\/saiga.es\/fr\/wp-json\/wp\/v2\/product"}],"about":[{"href":"https:\/\/saiga.es\/fr\/wp-json\/wp\/v2\/types\/product"}],"replies":[{"embeddable":true,"href":"https:\/\/saiga.es\/fr\/wp-json\/wp\/v2\/comments?post=14021"}],"wp:featuredmedia":[{"embeddable":true,"href":"https:\/\/saiga.es\/fr\/wp-json\/wp\/v2\/media\/14018"}],"wp:attachment":[{"href":"https:\/\/saiga.es\/fr\/wp-json\/wp\/v2\/media?parent=14021"}],"wp:term":[{"taxonomy":"product_brand","embeddable":true,"href":"https:\/\/saiga.es\/fr\/wp-json\/wp\/v2\/product_brand?post=14021"},{"taxonomy":"product_cat","embeddable":true,"href":"https:\/\/saiga.es\/fr\/wp-json\/wp\/v2\/product_cat?post=14021"},{"taxonomy":"product_tag","embeddable":true,"href":"https:\/\/saiga.es\/fr\/wp-json\/wp\/v2\/product_tag?post=14021"}],"curies":[{"name":"wp","href":"https:\/\/api.w.org\/{rel}","templated":true}]}}