{"id":14035,"date":"2025-02-06T11:03:33","date_gmt":"2025-02-06T11:03:33","guid":{"rendered":"https:\/\/botiga.saiga.es\/producte\/protecteur-de-plantes\/"},"modified":"2025-02-06T11:03:33","modified_gmt":"2025-02-06T11:03:33","slug":"protecteur-de-plantes","status":"publish","type":"product","link":"https:\/\/saiga.es\/fr\/produit\/protecteur-de-plantes\/","title":{"rendered":"protecteur de plantes"},"content":{"rendered":"<p>Le Cactus Protector est la solution id\u00e9ale pour prot\u00e9ger vos plantes et arbres en croissance des herbivores et des rongeurs. Avec une conception durable et facile \u00e0 installer, il cr\u00e9e une barri\u00e8re de s\u00e9curit\u00e9 qui emp\u00eache les lapins, les cerfs et autres animaux de manger l&rsquo;\u00e9corce ou les feuilles tendres. <\/p>\n<p>-Protection efficace contre les dommages caus\u00e9s par les animaux<br \/>\n-Mat\u00e9riau r\u00e9sistant et durable, adapt\u00e9 \u00e0 l&rsquo;ext\u00e9rieur<br \/>\n-Installation facile et adaptabilit\u00e9 \u00e0 diff\u00e9rents types de plantes<br \/>\n-Permet la ventilation et la croissance naturelle de l&rsquo;arbre<\/p>\n<p>Id\u00e9al pour les jardins, les vergers et le reboisement, Cactus Protector contribue \u00e0 assurer le d\u00e9veloppement sain de vos plantes sans avoir recours \u00e0 des produits chimiques ou \u00e0 des barri\u00e8res invasives.<\/p>\n","protected":false},"excerpt":{"rendered":"<p>Le Cactus Protector est la solution id\u00e9ale pour prot\u00e9ger vos plantes et arbres en croissance des herbivores et des rongeurs. Avec une conception durable et facile \u00e0 installer, il cr\u00e9e une barri\u00e8re de s\u00e9curit\u00e9 qui emp\u00eache les lapins, les cerfs et autres animaux de manger l&rsquo;\u00e9corce ou les feuilles tendres. <\/p>\n","protected":false},"featured_media":14027,"comment_status":"closed","ping_status":"closed","template":"","meta":[],"product_brand":[],"product_cat":[487],"product_tag":[917,1867],"class_list":{"0":"post-14035","1":"product","2":"type-product","3":"status-publish","4":"has-post-thumbnail","6":"product_cat-semelle-interieure-en-maille","7":"product_tag-malles-protectores-fr","8":"product_tag-protecteur-des-plantes","10":"first","11":"outofstock","12":"taxable","13":"shipping-taxable","14":"purchasable","15":"product-type-simple"},"yoast_head":"<!-- This site is optimized with the Yoast SEO plugin v27.3 - https:\/\/yoast.com\/product\/yoast-seo-wordpress\/ -->\n<title>protecteur de plantes | SAIGA<\/title>\n<meta name=\"description\" content=\"Le Cactus Protector est la solution id\u00e9ale pour prot\u00e9ger vos plantes et arbres en croissance des herbivores et des rongeurs.\" \/>\n<meta name=\"robots\" content=\"index, follow, max-snippet:-1, max-image-preview:large, max-video-preview:-1\" \/>\n<link rel=\"canonical\" href=\"https:\/\/saiga.es\/fr\/produit\/protecteur-de-plantes\/\" \/>\n<meta property=\"og:locale\" content=\"fr_FR\" \/>\n<meta property=\"og:type\" content=\"article\" \/>\n<meta property=\"og:title\" content=\"protecteur de plantes | SAIGA\" \/>\n<meta property=\"og:description\" content=\"Le Cactus Protector est la solution id\u00e9ale pour prot\u00e9ger vos plantes et arbres en croissance des herbivores et des rongeurs.\" \/>\n<meta property=\"og:url\" content=\"https:\/\/saiga.es\/fr\/produit\/protecteur-de-plantes\/\" \/>\n<meta property=\"og:site_name\" content=\"SAIGA\" \/>\n<meta property=\"og:image\" content=\"https:\/\/saiga.es\/wp-content\/uploads\/2025\/02\/cactus.jpg\" \/>\n\t<meta property=\"og:image:width\" content=\"1024\" \/>\n\t<meta property=\"og:image:height\" content=\"678\" \/>\n\t<meta property=\"og:image:type\" content=\"image\/jpeg\" \/>\n<meta name=\"twitter:card\" content=\"summary_large_image\" \/>\n<meta name=\"twitter:site\" content=\"@saiga_agro\" \/>\n<meta name=\"twitter:label1\" content=\"Dur\u00e9e de lecture estim\u00e9e\" \/>\n\t<meta name=\"twitter:data1\" content=\"1 minute\" \/>\n<script type=\"application\/ld+json\" class=\"yoast-schema-graph\">{\"@context\":\"https:\\\/\\\/schema.org\",\"@graph\":[{\"@type\":\"WebPage\",\"@id\":\"https:\\\/\\\/saiga.es\\\/fr\\\/produit\\\/protecteur-de-plantes\\\/\",\"url\":\"https:\\\/\\\/saiga.es\\\/fr\\\/produit\\\/protecteur-de-plantes\\\/\",\"name\":\"protecteur de plantes | SAIGA\",\"isPartOf\":{\"@id\":\"https:\\\/\\\/saiga.es\\\/fr\\\/#website\"},\"primaryImageOfPage\":{\"@id\":\"https:\\\/\\\/saiga.es\\\/fr\\\/produit\\\/protecteur-de-plantes\\\/#primaryimage\"},\"image\":{\"@id\":\"https:\\\/\\\/saiga.es\\\/fr\\\/produit\\\/protecteur-de-plantes\\\/#primaryimage\"},\"thumbnailUrl\":\"https:\\\/\\\/saiga.es\\\/wp-content\\\/uploads\\\/2025\\\/02\\\/cactus.jpg\",\"datePublished\":\"2025-02-06T11:03:33+00:00\",\"description\":\"Le Cactus Protector est la solution id\u00e9ale pour prot\u00e9ger vos plantes et arbres en croissance des herbivores et des rongeurs.\",\"breadcrumb\":{\"@id\":\"https:\\\/\\\/saiga.es\\\/fr\\\/produit\\\/protecteur-de-plantes\\\/#breadcrumb\"},\"inLanguage\":\"fr-FR\",\"potentialAction\":[{\"@type\":\"ReadAction\",\"target\":[\"https:\\\/\\\/saiga.es\\\/fr\\\/produit\\\/protecteur-de-plantes\\\/\"]}]},{\"@type\":\"ImageObject\",\"inLanguage\":\"fr-FR\",\"@id\":\"https:\\\/\\\/saiga.es\\\/fr\\\/produit\\\/protecteur-de-plantes\\\/#primaryimage\",\"url\":\"https:\\\/\\\/saiga.es\\\/wp-content\\\/uploads\\\/2025\\\/02\\\/cactus.jpg\",\"contentUrl\":\"https:\\\/\\\/saiga.es\\\/wp-content\\\/uploads\\\/2025\\\/02\\\/cactus.jpg\",\"width\":1024,\"height\":678,\"caption\":\"Protecteur des plantes contre les animaux et les rongeurs\"},{\"@type\":\"BreadcrumbList\",\"@id\":\"https:\\\/\\\/saiga.es\\\/fr\\\/produit\\\/protecteur-de-plantes\\\/#breadcrumb\",\"itemListElement\":[{\"@type\":\"ListItem\",\"position\":1,\"name\":\"Inici\",\"item\":\"https:\\\/\\\/saiga.es\\\/fr\\\/\"},{\"@type\":\"ListItem\",\"position\":2,\"name\":\"boutique\",\"item\":\"https:\\\/\\\/saiga.es\\\/fr\\\/boutique\\\/\"},{\"@type\":\"ListItem\",\"position\":3,\"name\":\"protecteur de plantes\"}]},{\"@type\":\"WebSite\",\"@id\":\"https:\\\/\\\/saiga.es\\\/fr\\\/#website\",\"url\":\"https:\\\/\\\/saiga.es\\\/fr\\\/\",\"name\":\"SAIGA\",\"description\":\"M\u00e9s de 50 anys al servei de la terra i treballant per a un \u00fas eficient de l\u2019aigua!\",\"publisher\":{\"@id\":\"https:\\\/\\\/saiga.es\\\/fr\\\/#organization\"},\"potentialAction\":[{\"@type\":\"SearchAction\",\"target\":{\"@type\":\"EntryPoint\",\"urlTemplate\":\"https:\\\/\\\/saiga.es\\\/fr\\\/?s={search_term_string}\"},\"query-input\":{\"@type\":\"PropertyValueSpecification\",\"valueRequired\":true,\"valueName\":\"search_term_string\"}}],\"inLanguage\":\"fr-FR\"},{\"@type\":\"Organization\",\"@id\":\"https:\\\/\\\/saiga.es\\\/fr\\\/#organization\",\"name\":\"SAIGA\",\"url\":\"https:\\\/\\\/saiga.es\\\/fr\\\/\",\"logo\":{\"@type\":\"ImageObject\",\"inLanguage\":\"fr-FR\",\"@id\":\"https:\\\/\\\/saiga.es\\\/fr\\\/#\\\/schema\\\/logo\\\/image\\\/\",\"url\":\"https:\\\/\\\/saiga.es\\\/wp-content\\\/uploads\\\/2025\\\/07\\\/logo_saiga_baseline_optimitzat.svg\",\"contentUrl\":\"https:\\\/\\\/saiga.es\\\/wp-content\\\/uploads\\\/2025\\\/07\\\/logo_saiga_baseline_optimitzat.svg\",\"caption\":\"SAIGA\"},\"image\":{\"@id\":\"https:\\\/\\\/saiga.es\\\/fr\\\/#\\\/schema\\\/logo\\\/image\\\/\"},\"sameAs\":[\"https:\\\/\\\/x.com\\\/saiga_agro\",\"https:\\\/\\\/www.instagram.com\\\/saiga_agro\\\/\"]}]}<\/script>\n<!-- \/ Yoast SEO plugin. -->","yoast_head_json":{"title":"protecteur de plantes | SAIGA","description":"Le Cactus Protector est la solution id\u00e9ale pour prot\u00e9ger vos plantes et arbres en croissance des herbivores et des rongeurs.","robots":{"index":"index","follow":"follow","max-snippet":"max-snippet:-1","max-image-preview":"max-image-preview:large","max-video-preview":"max-video-preview:-1"},"canonical":"https:\/\/saiga.es\/fr\/produit\/protecteur-de-plantes\/","og_locale":"fr_FR","og_type":"article","og_title":"protecteur de plantes | SAIGA","og_description":"Le Cactus Protector est la solution id\u00e9ale pour prot\u00e9ger vos plantes et arbres en croissance des herbivores et des rongeurs.","og_url":"https:\/\/saiga.es\/fr\/produit\/protecteur-de-plantes\/","og_site_name":"SAIGA","og_image":[{"width":1024,"height":678,"url":"https:\/\/saiga.es\/wp-content\/uploads\/2025\/02\/cactus.jpg","type":"image\/jpeg"}],"twitter_card":"summary_large_image","twitter_site":"@saiga_agro","twitter_misc":{"Dur\u00e9e de lecture estim\u00e9e":"1 minute"},"schema":{"@context":"https:\/\/schema.org","@graph":[{"@type":"WebPage","@id":"https:\/\/saiga.es\/fr\/produit\/protecteur-de-plantes\/","url":"https:\/\/saiga.es\/fr\/produit\/protecteur-de-plantes\/","name":"protecteur de plantes | SAIGA","isPartOf":{"@id":"https:\/\/saiga.es\/fr\/#website"},"primaryImageOfPage":{"@id":"https:\/\/saiga.es\/fr\/produit\/protecteur-de-plantes\/#primaryimage"},"image":{"@id":"https:\/\/saiga.es\/fr\/produit\/protecteur-de-plantes\/#primaryimage"},"thumbnailUrl":"https:\/\/saiga.es\/wp-content\/uploads\/2025\/02\/cactus.jpg","datePublished":"2025-02-06T11:03:33+00:00","description":"Le Cactus Protector est la solution id\u00e9ale pour prot\u00e9ger vos plantes et arbres en croissance des herbivores et des rongeurs.","breadcrumb":{"@id":"https:\/\/saiga.es\/fr\/produit\/protecteur-de-plantes\/#breadcrumb"},"inLanguage":"fr-FR","potentialAction":[{"@type":"ReadAction","target":["https:\/\/saiga.es\/fr\/produit\/protecteur-de-plantes\/"]}]},{"@type":"ImageObject","inLanguage":"fr-FR","@id":"https:\/\/saiga.es\/fr\/produit\/protecteur-de-plantes\/#primaryimage","url":"https:\/\/saiga.es\/wp-content\/uploads\/2025\/02\/cactus.jpg","contentUrl":"https:\/\/saiga.es\/wp-content\/uploads\/2025\/02\/cactus.jpg","width":1024,"height":678,"caption":"Protecteur des plantes contre les animaux et les rongeurs"},{"@type":"BreadcrumbList","@id":"https:\/\/saiga.es\/fr\/produit\/protecteur-de-plantes\/#breadcrumb","itemListElement":[{"@type":"ListItem","position":1,"name":"Inici","item":"https:\/\/saiga.es\/fr\/"},{"@type":"ListItem","position":2,"name":"boutique","item":"https:\/\/saiga.es\/fr\/boutique\/"},{"@type":"ListItem","position":3,"name":"protecteur de plantes"}]},{"@type":"WebSite","@id":"https:\/\/saiga.es\/fr\/#website","url":"https:\/\/saiga.es\/fr\/","name":"SAIGA","description":"M\u00e9s de 50 anys al servei de la terra i treballant per a un \u00fas eficient de l\u2019aigua!","publisher":{"@id":"https:\/\/saiga.es\/fr\/#organization"},"potentialAction":[{"@type":"SearchAction","target":{"@type":"EntryPoint","urlTemplate":"https:\/\/saiga.es\/fr\/?s={search_term_string}"},"query-input":{"@type":"PropertyValueSpecification","valueRequired":true,"valueName":"search_term_string"}}],"inLanguage":"fr-FR"},{"@type":"Organization","@id":"https:\/\/saiga.es\/fr\/#organization","name":"SAIGA","url":"https:\/\/saiga.es\/fr\/","logo":{"@type":"ImageObject","inLanguage":"fr-FR","@id":"https:\/\/saiga.es\/fr\/#\/schema\/logo\/image\/","url":"https:\/\/saiga.es\/wp-content\/uploads\/2025\/07\/logo_saiga_baseline_optimitzat.svg","contentUrl":"https:\/\/saiga.es\/wp-content\/uploads\/2025\/07\/logo_saiga_baseline_optimitzat.svg","caption":"SAIGA"},"image":{"@id":"https:\/\/saiga.es\/fr\/#\/schema\/logo\/image\/"},"sameAs":["https:\/\/x.com\/saiga_agro","https:\/\/www.instagram.com\/saiga_agro\/"]}]}},"_links":{"self":[{"href":"https:\/\/saiga.es\/fr\/wp-json\/wp\/v2\/product\/14035","targetHints":{"allow":["GET"]}}],"collection":[{"href":"https:\/\/saiga.es\/fr\/wp-json\/wp\/v2\/product"}],"about":[{"href":"https:\/\/saiga.es\/fr\/wp-json\/wp\/v2\/types\/product"}],"replies":[{"embeddable":true,"href":"https:\/\/saiga.es\/fr\/wp-json\/wp\/v2\/comments?post=14035"}],"wp:featuredmedia":[{"embeddable":true,"href":"https:\/\/saiga.es\/fr\/wp-json\/wp\/v2\/media\/14027"}],"wp:attachment":[{"href":"https:\/\/saiga.es\/fr\/wp-json\/wp\/v2\/media?parent=14035"}],"wp:term":[{"taxonomy":"product_brand","embeddable":true,"href":"https:\/\/saiga.es\/fr\/wp-json\/wp\/v2\/product_brand?post=14035"},{"taxonomy":"product_cat","embeddable":true,"href":"https:\/\/saiga.es\/fr\/wp-json\/wp\/v2\/product_cat?post=14035"},{"taxonomy":"product_tag","embeddable":true,"href":"https:\/\/saiga.es\/fr\/wp-json\/wp\/v2\/product_tag?post=14035"}],"curies":[{"name":"wp","href":"https:\/\/api.w.org\/{rel}","templated":true}]}}