{"id":14074,"date":"2025-02-21T11:49:26","date_gmt":"2025-02-21T11:49:26","guid":{"rendered":"https:\/\/botiga.saiga.es\/producte\/engrais-granule-aux-agrumes\/"},"modified":"2025-10-27T07:54:07","modified_gmt":"2025-10-27T07:54:07","slug":"engrais-granule-aux-agrumes","status":"publish","type":"product","link":"https:\/\/saiga.es\/fr\/produit\/engrais-granule-aux-agrumes\/","title":{"rendered":"Engrais granul\u00e9 aux agrumes"},"content":{"rendered":"<p data-start=\"217\" data-end=\"510\">L&rsquo;<strong data-start=\"219\" data-end=\"244\">engrais granul\u00e9 pour agrumes<\/strong> de <strong data-start=\"248\" data-end=\"262\">Fertiberia<\/strong> est sp\u00e9cialement con\u00e7u pour les orangers, les citronniers, les mandariniers et les pamplemoussiers. Gr\u00e2ce \u00e0 sa formule \u00e9quilibr\u00e9e, il favorise la floraison, prolonge la croissance et am\u00e9liore l&rsquo;apparence et la saveur des fruits. <\/p>\n<p data-start=\"512\" data-end=\"838\">Son format granul\u00e9 facilite son application, que ce soit dans les petits jardins familiaux ou dans les cultures plus extensives. Avec un conditionnement de <strong data-start=\"638\" data-end=\"646\">2 kg<\/strong>, il est facile \u00e0 manipuler et permet d&rsquo;ajuster la dose en fonction du stade de la culture : de la plantation \u00e0 la fructification. Il s&rsquo;adapte \u00e0 l&rsquo;\u00e2ge de chaque arbre et \u00e0 ses besoins nutritionnels.  <\/p>\n<p data-start=\"840\" data-end=\"1045\">Sa composition, \u00e0 base de nutriments NPK 12-7-12 et de 26 % de SO\u2083, offre une nutrition compl\u00e8te et \u00e9quilibr\u00e9e. Elle favorise l&rsquo;enracinement, stimule une floraison abondante et garantit des fruits plus sains et plus vigoureux. <\/p>\n<p data-start=\"1047\" data-end=\"1399\">Un autre grand avantage r\u00e9side dans son action protectrice. Cet engrais renforce la r\u00e9sistance des arbres aux facteurs d\u00e9favorables tels que le froid, la s\u00e9cheresse ou d&rsquo;autres stress environnementaux. De plus, sa granulation assure une distribution uniforme et une absorption progressive, permettant ainsi aux nutriments de rester disponibles plus longtemps.  <\/p>\n<p data-start=\"1401\" data-end=\"1740\">En bref, c&rsquo;est un engrais polyvalent et fiable. Il convient aussi bien aux jardins familiaux qu&rsquo;aux jardins d&rsquo;arbres fruitiers ou de productions plus exigeantes. Sa facilit\u00e9 d&rsquo;utilisation, son efficacit\u00e9 prouv\u00e9e et son format pratique de 2 kg en font le choix id\u00e9al pour les jardiniers et les agriculteurs en qu\u00eate de r\u00e9sultats visibles et de qualit\u00e9.  <\/p>\n","protected":false},"excerpt":{"rendered":"<p>Engrais granul\u00e9 formul\u00e9 pour la nutrition de tous types d&rsquo;agrumes : oranges, citrons, pamplemousses et mandarines.<\/p>\n","protected":false},"featured_media":14077,"comment_status":"closed","ping_status":"closed","template":"","meta":[],"product_brand":[],"product_cat":[1878],"product_tag":[895,672],"class_list":{"0":"post-14074","1":"product","2":"type-product","3":"status-publish","4":"has-post-thumbnail","6":"product_cat-engrais-et-engrais","7":"product_tag-abono","8":"product_tag-arbres-fruitiers","10":"first","11":"instock","12":"taxable","13":"shipping-taxable","14":"purchasable","15":"product-type-simple"},"yoast_head":"<!-- This site is optimized with the Yoast SEO plugin v27.4 - https:\/\/yoast.com\/product\/yoast-seo-wordpress\/ -->\n<title>Engrais granul\u00e9 aux agrumes | SAIGA<\/title>\n<meta name=\"description\" content=\"Engrais granul\u00e9 formul\u00e9 pour la nutrition de tous types d&#039;agrumes : oranges, citrons, pamplemousses et mandarines.\" \/>\n<meta name=\"robots\" content=\"index, follow, max-snippet:-1, max-image-preview:large, max-video-preview:-1\" \/>\n<link rel=\"canonical\" href=\"https:\/\/saiga.es\/fr\/produit\/engrais-granule-aux-agrumes\/\" \/>\n<meta property=\"og:locale\" content=\"fr_FR\" \/>\n<meta property=\"og:type\" content=\"article\" \/>\n<meta property=\"og:title\" content=\"Engrais granul\u00e9 aux agrumes | SAIGA\" \/>\n<meta property=\"og:description\" content=\"Engrais granul\u00e9 formul\u00e9 pour la nutrition de tous types d&#039;agrumes : oranges, citrons, pamplemousses et mandarines.\" \/>\n<meta property=\"og:url\" content=\"https:\/\/saiga.es\/fr\/produit\/engrais-granule-aux-agrumes\/\" \/>\n<meta property=\"og:site_name\" content=\"SAIGA\" \/>\n<meta property=\"article:modified_time\" content=\"2025-10-27T07:54:07+00:00\" \/>\n<meta property=\"og:image\" content=\"https:\/\/saiga.es\/wp-content\/uploads\/2025\/02\/Adob-granulat-citrics.jpg\" \/>\n\t<meta property=\"og:image:width\" content=\"1080\" \/>\n\t<meta property=\"og:image:height\" content=\"1080\" \/>\n\t<meta property=\"og:image:type\" content=\"image\/jpeg\" \/>\n<meta name=\"twitter:card\" content=\"summary_large_image\" \/>\n<meta name=\"twitter:site\" content=\"@saiga_agro\" \/>\n<meta name=\"twitter:label1\" content=\"Dur\u00e9e de lecture estim\u00e9e\" \/>\n\t<meta name=\"twitter:data1\" content=\"1 minute\" \/>\n<script type=\"application\/ld+json\" class=\"yoast-schema-graph\">{\"@context\":\"https:\\\/\\\/schema.org\",\"@graph\":[{\"@type\":\"WebPage\",\"@id\":\"https:\\\/\\\/saiga.es\\\/fr\\\/produit\\\/engrais-granule-aux-agrumes\\\/\",\"url\":\"https:\\\/\\\/saiga.es\\\/fr\\\/produit\\\/engrais-granule-aux-agrumes\\\/\",\"name\":\"Engrais granul\u00e9 aux agrumes | SAIGA\",\"isPartOf\":{\"@id\":\"https:\\\/\\\/saiga.es\\\/fr\\\/#website\"},\"primaryImageOfPage\":{\"@id\":\"https:\\\/\\\/saiga.es\\\/fr\\\/produit\\\/engrais-granule-aux-agrumes\\\/#primaryimage\"},\"image\":{\"@id\":\"https:\\\/\\\/saiga.es\\\/fr\\\/produit\\\/engrais-granule-aux-agrumes\\\/#primaryimage\"},\"thumbnailUrl\":\"https:\\\/\\\/saiga.es\\\/wp-content\\\/uploads\\\/2025\\\/02\\\/Adob-granulat-citrics.jpg\",\"datePublished\":\"2025-02-21T11:49:26+00:00\",\"dateModified\":\"2025-10-27T07:54:07+00:00\",\"description\":\"Engrais granul\u00e9 formul\u00e9 pour la nutrition de tous types d'agrumes : oranges, citrons, pamplemousses et mandarines.\",\"breadcrumb\":{\"@id\":\"https:\\\/\\\/saiga.es\\\/fr\\\/produit\\\/engrais-granule-aux-agrumes\\\/#breadcrumb\"},\"inLanguage\":\"fr-FR\",\"potentialAction\":[{\"@type\":\"ReadAction\",\"target\":[\"https:\\\/\\\/saiga.es\\\/fr\\\/produit\\\/engrais-granule-aux-agrumes\\\/\"]}]},{\"@type\":\"ImageObject\",\"inLanguage\":\"fr-FR\",\"@id\":\"https:\\\/\\\/saiga.es\\\/fr\\\/produit\\\/engrais-granule-aux-agrumes\\\/#primaryimage\",\"url\":\"https:\\\/\\\/saiga.es\\\/wp-content\\\/uploads\\\/2025\\\/02\\\/Adob-granulat-citrics.jpg\",\"contentUrl\":\"https:\\\/\\\/saiga.es\\\/wp-content\\\/uploads\\\/2025\\\/02\\\/Adob-granulat-citrics.jpg\",\"width\":1080,\"height\":1080,\"caption\":\"Engrais granul\u00e9 aux agrumes\"},{\"@type\":\"BreadcrumbList\",\"@id\":\"https:\\\/\\\/saiga.es\\\/fr\\\/produit\\\/engrais-granule-aux-agrumes\\\/#breadcrumb\",\"itemListElement\":[{\"@type\":\"ListItem\",\"position\":1,\"name\":\"Inici\",\"item\":\"https:\\\/\\\/saiga.es\\\/fr\\\/\"},{\"@type\":\"ListItem\",\"position\":2,\"name\":\"boutique\",\"item\":\"https:\\\/\\\/saiga.es\\\/fr\\\/boutique\\\/\"},{\"@type\":\"ListItem\",\"position\":3,\"name\":\"Engrais granul\u00e9 aux agrumes\"}]},{\"@type\":\"WebSite\",\"@id\":\"https:\\\/\\\/saiga.es\\\/fr\\\/#website\",\"url\":\"https:\\\/\\\/saiga.es\\\/fr\\\/\",\"name\":\"SAIGA\",\"description\":\"M\u00e9s de 50 anys al servei de la terra i treballant per a un \u00fas eficient de l\u2019aigua!\",\"publisher\":{\"@id\":\"https:\\\/\\\/saiga.es\\\/fr\\\/#organization\"},\"potentialAction\":[{\"@type\":\"SearchAction\",\"target\":{\"@type\":\"EntryPoint\",\"urlTemplate\":\"https:\\\/\\\/saiga.es\\\/fr\\\/?s={search_term_string}\"},\"query-input\":{\"@type\":\"PropertyValueSpecification\",\"valueRequired\":true,\"valueName\":\"search_term_string\"}}],\"inLanguage\":\"fr-FR\"},{\"@type\":\"Organization\",\"@id\":\"https:\\\/\\\/saiga.es\\\/fr\\\/#organization\",\"name\":\"SAIGA\",\"url\":\"https:\\\/\\\/saiga.es\\\/fr\\\/\",\"logo\":{\"@type\":\"ImageObject\",\"inLanguage\":\"fr-FR\",\"@id\":\"https:\\\/\\\/saiga.es\\\/fr\\\/#\\\/schema\\\/logo\\\/image\\\/\",\"url\":\"https:\\\/\\\/saiga.es\\\/wp-content\\\/uploads\\\/2025\\\/07\\\/logo_saiga_baseline_optimitzat.svg\",\"contentUrl\":\"https:\\\/\\\/saiga.es\\\/wp-content\\\/uploads\\\/2025\\\/07\\\/logo_saiga_baseline_optimitzat.svg\",\"caption\":\"SAIGA\"},\"image\":{\"@id\":\"https:\\\/\\\/saiga.es\\\/fr\\\/#\\\/schema\\\/logo\\\/image\\\/\"},\"sameAs\":[\"https:\\\/\\\/x.com\\\/saiga_agro\",\"https:\\\/\\\/www.instagram.com\\\/saiga_agro\\\/\"]}]}<\/script>\n<!-- \/ Yoast SEO plugin. -->","yoast_head_json":{"title":"Engrais granul\u00e9 aux agrumes | SAIGA","description":"Engrais granul\u00e9 formul\u00e9 pour la nutrition de tous types d'agrumes : oranges, citrons, pamplemousses et mandarines.","robots":{"index":"index","follow":"follow","max-snippet":"max-snippet:-1","max-image-preview":"max-image-preview:large","max-video-preview":"max-video-preview:-1"},"canonical":"https:\/\/saiga.es\/fr\/produit\/engrais-granule-aux-agrumes\/","og_locale":"fr_FR","og_type":"article","og_title":"Engrais granul\u00e9 aux agrumes | SAIGA","og_description":"Engrais granul\u00e9 formul\u00e9 pour la nutrition de tous types d'agrumes : oranges, citrons, pamplemousses et mandarines.","og_url":"https:\/\/saiga.es\/fr\/produit\/engrais-granule-aux-agrumes\/","og_site_name":"SAIGA","article_modified_time":"2025-10-27T07:54:07+00:00","og_image":[{"width":1080,"height":1080,"url":"https:\/\/saiga.es\/wp-content\/uploads\/2025\/02\/Adob-granulat-citrics.jpg","type":"image\/jpeg"}],"twitter_card":"summary_large_image","twitter_site":"@saiga_agro","twitter_misc":{"Dur\u00e9e de lecture estim\u00e9e":"1 minute"},"schema":{"@context":"https:\/\/schema.org","@graph":[{"@type":"WebPage","@id":"https:\/\/saiga.es\/fr\/produit\/engrais-granule-aux-agrumes\/","url":"https:\/\/saiga.es\/fr\/produit\/engrais-granule-aux-agrumes\/","name":"Engrais granul\u00e9 aux agrumes | SAIGA","isPartOf":{"@id":"https:\/\/saiga.es\/fr\/#website"},"primaryImageOfPage":{"@id":"https:\/\/saiga.es\/fr\/produit\/engrais-granule-aux-agrumes\/#primaryimage"},"image":{"@id":"https:\/\/saiga.es\/fr\/produit\/engrais-granule-aux-agrumes\/#primaryimage"},"thumbnailUrl":"https:\/\/saiga.es\/wp-content\/uploads\/2025\/02\/Adob-granulat-citrics.jpg","datePublished":"2025-02-21T11:49:26+00:00","dateModified":"2025-10-27T07:54:07+00:00","description":"Engrais granul\u00e9 formul\u00e9 pour la nutrition de tous types d'agrumes : oranges, citrons, pamplemousses et mandarines.","breadcrumb":{"@id":"https:\/\/saiga.es\/fr\/produit\/engrais-granule-aux-agrumes\/#breadcrumb"},"inLanguage":"fr-FR","potentialAction":[{"@type":"ReadAction","target":["https:\/\/saiga.es\/fr\/produit\/engrais-granule-aux-agrumes\/"]}]},{"@type":"ImageObject","inLanguage":"fr-FR","@id":"https:\/\/saiga.es\/fr\/produit\/engrais-granule-aux-agrumes\/#primaryimage","url":"https:\/\/saiga.es\/wp-content\/uploads\/2025\/02\/Adob-granulat-citrics.jpg","contentUrl":"https:\/\/saiga.es\/wp-content\/uploads\/2025\/02\/Adob-granulat-citrics.jpg","width":1080,"height":1080,"caption":"Engrais granul\u00e9 aux agrumes"},{"@type":"BreadcrumbList","@id":"https:\/\/saiga.es\/fr\/produit\/engrais-granule-aux-agrumes\/#breadcrumb","itemListElement":[{"@type":"ListItem","position":1,"name":"Inici","item":"https:\/\/saiga.es\/fr\/"},{"@type":"ListItem","position":2,"name":"boutique","item":"https:\/\/saiga.es\/fr\/boutique\/"},{"@type":"ListItem","position":3,"name":"Engrais granul\u00e9 aux agrumes"}]},{"@type":"WebSite","@id":"https:\/\/saiga.es\/fr\/#website","url":"https:\/\/saiga.es\/fr\/","name":"SAIGA","description":"M\u00e9s de 50 anys al servei de la terra i treballant per a un \u00fas eficient de l\u2019aigua!","publisher":{"@id":"https:\/\/saiga.es\/fr\/#organization"},"potentialAction":[{"@type":"SearchAction","target":{"@type":"EntryPoint","urlTemplate":"https:\/\/saiga.es\/fr\/?s={search_term_string}"},"query-input":{"@type":"PropertyValueSpecification","valueRequired":true,"valueName":"search_term_string"}}],"inLanguage":"fr-FR"},{"@type":"Organization","@id":"https:\/\/saiga.es\/fr\/#organization","name":"SAIGA","url":"https:\/\/saiga.es\/fr\/","logo":{"@type":"ImageObject","inLanguage":"fr-FR","@id":"https:\/\/saiga.es\/fr\/#\/schema\/logo\/image\/","url":"https:\/\/saiga.es\/wp-content\/uploads\/2025\/07\/logo_saiga_baseline_optimitzat.svg","contentUrl":"https:\/\/saiga.es\/wp-content\/uploads\/2025\/07\/logo_saiga_baseline_optimitzat.svg","caption":"SAIGA"},"image":{"@id":"https:\/\/saiga.es\/fr\/#\/schema\/logo\/image\/"},"sameAs":["https:\/\/x.com\/saiga_agro","https:\/\/www.instagram.com\/saiga_agro\/"]}]}},"_links":{"self":[{"href":"https:\/\/saiga.es\/fr\/wp-json\/wp\/v2\/product\/14074","targetHints":{"allow":["GET"]}}],"collection":[{"href":"https:\/\/saiga.es\/fr\/wp-json\/wp\/v2\/product"}],"about":[{"href":"https:\/\/saiga.es\/fr\/wp-json\/wp\/v2\/types\/product"}],"replies":[{"embeddable":true,"href":"https:\/\/saiga.es\/fr\/wp-json\/wp\/v2\/comments?post=14074"}],"wp:featuredmedia":[{"embeddable":true,"href":"https:\/\/saiga.es\/fr\/wp-json\/wp\/v2\/media\/14077"}],"wp:attachment":[{"href":"https:\/\/saiga.es\/fr\/wp-json\/wp\/v2\/media?parent=14074"}],"wp:term":[{"taxonomy":"product_brand","embeddable":true,"href":"https:\/\/saiga.es\/fr\/wp-json\/wp\/v2\/product_brand?post=14074"},{"taxonomy":"product_cat","embeddable":true,"href":"https:\/\/saiga.es\/fr\/wp-json\/wp\/v2\/product_cat?post=14074"},{"taxonomy":"product_tag","embeddable":true,"href":"https:\/\/saiga.es\/fr\/wp-json\/wp\/v2\/product_tag?post=14074"}],"curies":[{"name":"wp","href":"https:\/\/api.w.org\/{rel}","templated":true}]}}