{"id":14085,"date":"2025-02-21T12:30:16","date_gmt":"2025-02-21T12:30:16","guid":{"rendered":"https:\/\/botiga.saiga.es\/producte\/engrais-liquide-pour-bonsai\/"},"modified":"2025-10-27T07:54:07","modified_gmt":"2025-10-27T07:54:07","slug":"engrais-liquide-pour-bonsai","status":"publish","type":"product","link":"https:\/\/saiga.es\/fr\/produit\/engrais-liquide-pour-bonsai\/","title":{"rendered":"Engrais liquide pour bonsa\u00ef Fertiberia"},"content":{"rendered":"<p>L&rsquo;<strong>engrais liquide Fertiberia<\/strong> pour bonsa\u00ef est sp\u00e9cialement formul\u00e9 pour couvrir tous les besoins nutritionnels de ce type de plante ornementale. Sa combinaison \u00e9quilibr\u00e9e d&rsquo;\u00e9l\u00e9ments essentiels garantit une croissance saine et un d\u00e9veloppement harmonieux.  De plus, il am\u00e9liore la r\u00e9sistance du bonsa\u00ef face aux situations de stress et renforce sa vitalit\u00e9 tout au long de l&rsquo;ann\u00e9e.<\/p>\n<h2>Principaux avantages<\/h2>\n<ul>\n<li><strong>Stimule la croissance<\/strong> : apporte des nutriments qui favorisent le d\u00e9veloppement des feuilles, des tiges et des racines.<\/li>\n<li><strong>Plus de r\u00e9sistance \u00e0 la s\u00e9cheresse<\/strong> : sa teneur \u00e9lev\u00e9e en <strong>potassium <\/strong>renforce la tol\u00e9rance aux p\u00e9riodes de p\u00e9nurie d&rsquo;eau.<\/li>\n<li><strong>Am\u00e9liore la photosynth\u00e8se<\/strong> : il incorpore de l<strong>&lsquo;extrait d&rsquo;algues<\/strong>, qui am\u00e9liore l&rsquo;activit\u00e9 photosynth\u00e9tique et donne plus de vitalit\u00e9 \u00e0 la plante.<\/li>\n<li><strong>Protection contre le stress<\/strong> : aide le bonsa\u00ef \u00e0 mieux r\u00e9sister aux situations d\u00e9favorables telles que les changements de temp\u00e9rature ou les transplantations.<\/li>\n<\/ul>\n<h2>Pourquoi choisir Fertiberia ?<\/h2>\n<p>Forte d&rsquo;une longue exp\u00e9rience dans le domaine des engrais et des produits de jardinage, <strong>Fertiberia<\/strong> propose des solutions fiables pour prendre soin de vos plantes. Cet engrais liquide allie innovation et qualit\u00e9 pour garantir de bons r\u00e9sultats dans la culture des bonsa\u00efs. <\/p>\n<h2>Comment l&rsquo;utiliser<\/h2>\n<ol>\n<li>Diluer la dose recommand\u00e9e dans l&rsquo;eau.<\/li>\n<li>Arrosez le bonsa\u00ef r\u00e9guli\u00e8rement.<\/li>\n<li>Appliquer tous les 15 jours pendant la saison de croissance.<\/li>\n<\/ol>\n<p>Avec une utilisation r\u00e9guli\u00e8re, votre bonsa\u00ef sera plus fort, plus sain et plus r\u00e9sistant.<\/p>\n<p>&nbsp;<\/p>\n","protected":false},"excerpt":{"rendered":"<p>L&rsquo;<strong>engrais liquide Fertiberia<\/strong> pour bonsa\u00ef est sp\u00e9cialement formul\u00e9 pour couvrir tous les besoins nutritionnels de ce type de plante ornementale. Sa combinaison \u00e9quilibr\u00e9e d&rsquo;\u00e9l\u00e9ments essentiels garantit une croissance saine et un d\u00e9veloppement harmonieux. <\/p>\n","protected":false},"featured_media":14082,"comment_status":"closed","ping_status":"closed","template":"","meta":[],"product_brand":[2206],"product_cat":[1882],"product_tag":[895,1883],"class_list":{"0":"post-14085","1":"product","2":"type-product","3":"status-publish","4":"has-post-thumbnail","6":"product_brand-fertiberia-fr","7":"product_cat-bonsais-fr","8":"product_tag-abono","9":"product_tag-bonsais","11":"first","12":"instock","13":"taxable","14":"shipping-taxable","15":"purchasable","16":"product-type-simple"},"yoast_head":"<!-- This site is optimized with the Yoast SEO plugin v27.4 - https:\/\/yoast.com\/product\/yoast-seo-wordpress\/ -->\n<title>Engrais liquide pour bonsa\u00ef Fertiberia | SAIGA<\/title>\n<meta name=\"description\" content=\"Engrais liquide Fertiberia pour bonsa\u00efs \u00e0 base de potassium et d&#039;extrait d&#039;algues. Stimule la croissance, am\u00e9liore la photosynth\u00e8se et augmente la r\u00e9sistance \u00e0 la s\u00e9cheresse et au stress.\" \/>\n<meta name=\"robots\" content=\"index, follow, max-snippet:-1, max-image-preview:large, max-video-preview:-1\" \/>\n<link rel=\"canonical\" href=\"https:\/\/saiga.es\/fr\/produit\/engrais-liquide-pour-bonsai\/\" \/>\n<meta property=\"og:locale\" content=\"fr_FR\" \/>\n<meta property=\"og:type\" content=\"article\" \/>\n<meta property=\"og:title\" content=\"Engrais liquide pour bonsa\u00ef Fertiberia | SAIGA\" \/>\n<meta property=\"og:description\" content=\"Engrais liquide Fertiberia pour bonsa\u00efs \u00e0 base de potassium et d&#039;extrait d&#039;algues. Stimule la croissance, am\u00e9liore la photosynth\u00e8se et augmente la r\u00e9sistance \u00e0 la s\u00e9cheresse et au stress.\" \/>\n<meta property=\"og:url\" content=\"https:\/\/saiga.es\/fr\/produit\/engrais-liquide-pour-bonsai\/\" \/>\n<meta property=\"og:site_name\" content=\"SAIGA\" \/>\n<meta property=\"article:modified_time\" content=\"2025-10-27T07:54:07+00:00\" \/>\n<meta property=\"og:image\" content=\"https:\/\/saiga.es\/wp-content\/uploads\/2025\/02\/Adob-liquid-bonsais.jpg\" \/>\n\t<meta property=\"og:image:width\" content=\"1080\" \/>\n\t<meta property=\"og:image:height\" content=\"1080\" \/>\n\t<meta property=\"og:image:type\" content=\"image\/jpeg\" \/>\n<meta name=\"twitter:card\" content=\"summary_large_image\" \/>\n<meta name=\"twitter:site\" content=\"@saiga_agro\" \/>\n<meta name=\"twitter:label1\" content=\"Dur\u00e9e de lecture estim\u00e9e\" \/>\n\t<meta name=\"twitter:data1\" content=\"1 minute\" \/>\n<script type=\"application\/ld+json\" class=\"yoast-schema-graph\">{\"@context\":\"https:\\\/\\\/schema.org\",\"@graph\":[{\"@type\":\"WebPage\",\"@id\":\"https:\\\/\\\/saiga.es\\\/fr\\\/produit\\\/engrais-liquide-pour-bonsai\\\/\",\"url\":\"https:\\\/\\\/saiga.es\\\/fr\\\/produit\\\/engrais-liquide-pour-bonsai\\\/\",\"name\":\"Engrais liquide pour bonsa\u00ef Fertiberia | SAIGA\",\"isPartOf\":{\"@id\":\"https:\\\/\\\/saiga.es\\\/fr\\\/#website\"},\"primaryImageOfPage\":{\"@id\":\"https:\\\/\\\/saiga.es\\\/fr\\\/produit\\\/engrais-liquide-pour-bonsai\\\/#primaryimage\"},\"image\":{\"@id\":\"https:\\\/\\\/saiga.es\\\/fr\\\/produit\\\/engrais-liquide-pour-bonsai\\\/#primaryimage\"},\"thumbnailUrl\":\"https:\\\/\\\/saiga.es\\\/wp-content\\\/uploads\\\/2025\\\/02\\\/Adob-liquid-bonsais.jpg\",\"datePublished\":\"2025-02-21T12:30:16+00:00\",\"dateModified\":\"2025-10-27T07:54:07+00:00\",\"description\":\"Engrais liquide Fertiberia pour bonsa\u00efs \u00e0 base de potassium et d'extrait d'algues. Stimule la croissance, am\u00e9liore la photosynth\u00e8se et augmente la r\u00e9sistance \u00e0 la s\u00e9cheresse et au stress.\",\"breadcrumb\":{\"@id\":\"https:\\\/\\\/saiga.es\\\/fr\\\/produit\\\/engrais-liquide-pour-bonsai\\\/#breadcrumb\"},\"inLanguage\":\"fr-FR\",\"potentialAction\":[{\"@type\":\"ReadAction\",\"target\":[\"https:\\\/\\\/saiga.es\\\/fr\\\/produit\\\/engrais-liquide-pour-bonsai\\\/\"]}]},{\"@type\":\"ImageObject\",\"inLanguage\":\"fr-FR\",\"@id\":\"https:\\\/\\\/saiga.es\\\/fr\\\/produit\\\/engrais-liquide-pour-bonsai\\\/#primaryimage\",\"url\":\"https:\\\/\\\/saiga.es\\\/wp-content\\\/uploads\\\/2025\\\/02\\\/Adob-liquid-bonsais.jpg\",\"contentUrl\":\"https:\\\/\\\/saiga.es\\\/wp-content\\\/uploads\\\/2025\\\/02\\\/Adob-liquid-bonsais.jpg\",\"width\":1080,\"height\":1080,\"caption\":\"Engrais liquide Fertiberia pour bonsa\u00ef\"},{\"@type\":\"BreadcrumbList\",\"@id\":\"https:\\\/\\\/saiga.es\\\/fr\\\/produit\\\/engrais-liquide-pour-bonsai\\\/#breadcrumb\",\"itemListElement\":[{\"@type\":\"ListItem\",\"position\":1,\"name\":\"Inici\",\"item\":\"https:\\\/\\\/saiga.es\\\/fr\\\/\"},{\"@type\":\"ListItem\",\"position\":2,\"name\":\"boutique\",\"item\":\"https:\\\/\\\/saiga.es\\\/fr\\\/boutique\\\/\"},{\"@type\":\"ListItem\",\"position\":3,\"name\":\"Engrais liquide pour bonsa\u00ef Fertiberia\"}]},{\"@type\":\"WebSite\",\"@id\":\"https:\\\/\\\/saiga.es\\\/fr\\\/#website\",\"url\":\"https:\\\/\\\/saiga.es\\\/fr\\\/\",\"name\":\"SAIGA\",\"description\":\"M\u00e9s de 50 anys al servei de la terra i treballant per a un \u00fas eficient de l\u2019aigua!\",\"publisher\":{\"@id\":\"https:\\\/\\\/saiga.es\\\/fr\\\/#organization\"},\"potentialAction\":[{\"@type\":\"SearchAction\",\"target\":{\"@type\":\"EntryPoint\",\"urlTemplate\":\"https:\\\/\\\/saiga.es\\\/fr\\\/?s={search_term_string}\"},\"query-input\":{\"@type\":\"PropertyValueSpecification\",\"valueRequired\":true,\"valueName\":\"search_term_string\"}}],\"inLanguage\":\"fr-FR\"},{\"@type\":\"Organization\",\"@id\":\"https:\\\/\\\/saiga.es\\\/fr\\\/#organization\",\"name\":\"SAIGA\",\"url\":\"https:\\\/\\\/saiga.es\\\/fr\\\/\",\"logo\":{\"@type\":\"ImageObject\",\"inLanguage\":\"fr-FR\",\"@id\":\"https:\\\/\\\/saiga.es\\\/fr\\\/#\\\/schema\\\/logo\\\/image\\\/\",\"url\":\"https:\\\/\\\/saiga.es\\\/wp-content\\\/uploads\\\/2025\\\/07\\\/logo_saiga_baseline_optimitzat.svg\",\"contentUrl\":\"https:\\\/\\\/saiga.es\\\/wp-content\\\/uploads\\\/2025\\\/07\\\/logo_saiga_baseline_optimitzat.svg\",\"caption\":\"SAIGA\"},\"image\":{\"@id\":\"https:\\\/\\\/saiga.es\\\/fr\\\/#\\\/schema\\\/logo\\\/image\\\/\"},\"sameAs\":[\"https:\\\/\\\/x.com\\\/saiga_agro\",\"https:\\\/\\\/www.instagram.com\\\/saiga_agro\\\/\"]}]}<\/script>\n<!-- \/ Yoast SEO plugin. -->","yoast_head_json":{"title":"Engrais liquide pour bonsa\u00ef Fertiberia | SAIGA","description":"Engrais liquide Fertiberia pour bonsa\u00efs \u00e0 base de potassium et d'extrait d'algues. Stimule la croissance, am\u00e9liore la photosynth\u00e8se et augmente la r\u00e9sistance \u00e0 la s\u00e9cheresse et au stress.","robots":{"index":"index","follow":"follow","max-snippet":"max-snippet:-1","max-image-preview":"max-image-preview:large","max-video-preview":"max-video-preview:-1"},"canonical":"https:\/\/saiga.es\/fr\/produit\/engrais-liquide-pour-bonsai\/","og_locale":"fr_FR","og_type":"article","og_title":"Engrais liquide pour bonsa\u00ef Fertiberia | SAIGA","og_description":"Engrais liquide Fertiberia pour bonsa\u00efs \u00e0 base de potassium et d'extrait d'algues. Stimule la croissance, am\u00e9liore la photosynth\u00e8se et augmente la r\u00e9sistance \u00e0 la s\u00e9cheresse et au stress.","og_url":"https:\/\/saiga.es\/fr\/produit\/engrais-liquide-pour-bonsai\/","og_site_name":"SAIGA","article_modified_time":"2025-10-27T07:54:07+00:00","og_image":[{"width":1080,"height":1080,"url":"https:\/\/saiga.es\/wp-content\/uploads\/2025\/02\/Adob-liquid-bonsais.jpg","type":"image\/jpeg"}],"twitter_card":"summary_large_image","twitter_site":"@saiga_agro","twitter_misc":{"Dur\u00e9e de lecture estim\u00e9e":"1 minute"},"schema":{"@context":"https:\/\/schema.org","@graph":[{"@type":"WebPage","@id":"https:\/\/saiga.es\/fr\/produit\/engrais-liquide-pour-bonsai\/","url":"https:\/\/saiga.es\/fr\/produit\/engrais-liquide-pour-bonsai\/","name":"Engrais liquide pour bonsa\u00ef Fertiberia | SAIGA","isPartOf":{"@id":"https:\/\/saiga.es\/fr\/#website"},"primaryImageOfPage":{"@id":"https:\/\/saiga.es\/fr\/produit\/engrais-liquide-pour-bonsai\/#primaryimage"},"image":{"@id":"https:\/\/saiga.es\/fr\/produit\/engrais-liquide-pour-bonsai\/#primaryimage"},"thumbnailUrl":"https:\/\/saiga.es\/wp-content\/uploads\/2025\/02\/Adob-liquid-bonsais.jpg","datePublished":"2025-02-21T12:30:16+00:00","dateModified":"2025-10-27T07:54:07+00:00","description":"Engrais liquide Fertiberia pour bonsa\u00efs \u00e0 base de potassium et d'extrait d'algues. Stimule la croissance, am\u00e9liore la photosynth\u00e8se et augmente la r\u00e9sistance \u00e0 la s\u00e9cheresse et au stress.","breadcrumb":{"@id":"https:\/\/saiga.es\/fr\/produit\/engrais-liquide-pour-bonsai\/#breadcrumb"},"inLanguage":"fr-FR","potentialAction":[{"@type":"ReadAction","target":["https:\/\/saiga.es\/fr\/produit\/engrais-liquide-pour-bonsai\/"]}]},{"@type":"ImageObject","inLanguage":"fr-FR","@id":"https:\/\/saiga.es\/fr\/produit\/engrais-liquide-pour-bonsai\/#primaryimage","url":"https:\/\/saiga.es\/wp-content\/uploads\/2025\/02\/Adob-liquid-bonsais.jpg","contentUrl":"https:\/\/saiga.es\/wp-content\/uploads\/2025\/02\/Adob-liquid-bonsais.jpg","width":1080,"height":1080,"caption":"Engrais liquide Fertiberia pour bonsa\u00ef"},{"@type":"BreadcrumbList","@id":"https:\/\/saiga.es\/fr\/produit\/engrais-liquide-pour-bonsai\/#breadcrumb","itemListElement":[{"@type":"ListItem","position":1,"name":"Inici","item":"https:\/\/saiga.es\/fr\/"},{"@type":"ListItem","position":2,"name":"boutique","item":"https:\/\/saiga.es\/fr\/boutique\/"},{"@type":"ListItem","position":3,"name":"Engrais liquide pour bonsa\u00ef Fertiberia"}]},{"@type":"WebSite","@id":"https:\/\/saiga.es\/fr\/#website","url":"https:\/\/saiga.es\/fr\/","name":"SAIGA","description":"M\u00e9s de 50 anys al servei de la terra i treballant per a un \u00fas eficient de l\u2019aigua!","publisher":{"@id":"https:\/\/saiga.es\/fr\/#organization"},"potentialAction":[{"@type":"SearchAction","target":{"@type":"EntryPoint","urlTemplate":"https:\/\/saiga.es\/fr\/?s={search_term_string}"},"query-input":{"@type":"PropertyValueSpecification","valueRequired":true,"valueName":"search_term_string"}}],"inLanguage":"fr-FR"},{"@type":"Organization","@id":"https:\/\/saiga.es\/fr\/#organization","name":"SAIGA","url":"https:\/\/saiga.es\/fr\/","logo":{"@type":"ImageObject","inLanguage":"fr-FR","@id":"https:\/\/saiga.es\/fr\/#\/schema\/logo\/image\/","url":"https:\/\/saiga.es\/wp-content\/uploads\/2025\/07\/logo_saiga_baseline_optimitzat.svg","contentUrl":"https:\/\/saiga.es\/wp-content\/uploads\/2025\/07\/logo_saiga_baseline_optimitzat.svg","caption":"SAIGA"},"image":{"@id":"https:\/\/saiga.es\/fr\/#\/schema\/logo\/image\/"},"sameAs":["https:\/\/x.com\/saiga_agro","https:\/\/www.instagram.com\/saiga_agro\/"]}]}},"_links":{"self":[{"href":"https:\/\/saiga.es\/fr\/wp-json\/wp\/v2\/product\/14085","targetHints":{"allow":["GET"]}}],"collection":[{"href":"https:\/\/saiga.es\/fr\/wp-json\/wp\/v2\/product"}],"about":[{"href":"https:\/\/saiga.es\/fr\/wp-json\/wp\/v2\/types\/product"}],"replies":[{"embeddable":true,"href":"https:\/\/saiga.es\/fr\/wp-json\/wp\/v2\/comments?post=14085"}],"wp:featuredmedia":[{"embeddable":true,"href":"https:\/\/saiga.es\/fr\/wp-json\/wp\/v2\/media\/14082"}],"wp:attachment":[{"href":"https:\/\/saiga.es\/fr\/wp-json\/wp\/v2\/media?parent=14085"}],"wp:term":[{"taxonomy":"product_brand","embeddable":true,"href":"https:\/\/saiga.es\/fr\/wp-json\/wp\/v2\/product_brand?post=14085"},{"taxonomy":"product_cat","embeddable":true,"href":"https:\/\/saiga.es\/fr\/wp-json\/wp\/v2\/product_cat?post=14085"},{"taxonomy":"product_tag","embeddable":true,"href":"https:\/\/saiga.es\/fr\/wp-json\/wp\/v2\/product_tag?post=14085"}],"curies":[{"name":"wp","href":"https:\/\/api.w.org\/{rel}","templated":true}]}}