{"id":14104,"date":"2025-03-06T14:52:25","date_gmt":"2025-03-06T14:52:25","guid":{"rendered":"https:\/\/botiga.saiga.es\/producte\/substrat-bonsais-5l\/"},"modified":"2025-03-06T14:52:25","modified_gmt":"2025-03-06T14:52:25","slug":"substrat-bonsais-5l","status":"publish","type":"product","link":"https:\/\/saiga.es\/fr\/produit\/substrat-bonsais-5l\/","title":{"rendered":"Substrat bonsais 5L"},"content":{"rendered":"<p>Substrat de haute qualit\u00e9 adapt\u00e9 \u00e0 tous types de bonsa\u00ef. Il am\u00e9liore le d\u00e9veloppement des races et la croissance optimale de la plante, en assurant une bonne ventilation et un bon drainage.<br \/>\nBienfaits : Tourbe noire. Am\u00e9liore la r\u00e9tention d\u2019eau et la capacit\u00e9 d\u2019absorption. abonnement Rapport optimal de nutriments pour le meilleur d\u00e9veloppement de la plante. Gravier volcanique. Augmente le drainage et l&rsquo;a\u00e9ration.      <\/p>\n","protected":false},"excerpt":{"rendered":"<p>Substrat de haute qualit\u00e9 adapt\u00e9 \u00e0 tous types de bonsa\u00ef. Il am\u00e9liore le d\u00e9veloppement des races et la croissance optimale de la plante, en assurant une bonne ventilation et un bon drainage. <\/p>\n","protected":false},"featured_media":14102,"comment_status":"open","ping_status":"closed","template":"","meta":[],"product_brand":[2206],"product_cat":[447],"product_tag":[1904,723],"class_list":{"0":"post-14104","1":"product","2":"type-product","3":"status-publish","4":"has-post-thumbnail","6":"product_brand-fertiberia-fr","7":"product_cat-terres-potageres","8":"product_tag-bonsais-fr","9":"product_tag-substrat-fr","11":"first","12":"instock","13":"taxable","14":"shipping-taxable","15":"purchasable","16":"product-type-simple"},"yoast_head":"<!-- This site is optimized with the Yoast SEO plugin v27.4 - https:\/\/yoast.com\/product\/yoast-seo-wordpress\/ -->\n<title>Substrat bonsais 5L | SAIGA<\/title>\n<meta name=\"description\" content=\"Substrat de haute qualit\u00e9 adapt\u00e9 \u00e0 tous types de bonsa\u00ef. Il am\u00e9liore le d\u00e9veloppement des races et la croissance optimale de la plante, en assurant une bonne ventilation et un bon drainage.\" \/>\n<meta name=\"robots\" content=\"index, follow, max-snippet:-1, max-image-preview:large, max-video-preview:-1\" \/>\n<link rel=\"canonical\" href=\"https:\/\/saiga.es\/fr\/produit\/substrat-bonsais-5l\/\" \/>\n<meta property=\"og:locale\" content=\"fr_FR\" \/>\n<meta property=\"og:type\" content=\"article\" \/>\n<meta property=\"og:title\" content=\"Substrat bonsais 5L | SAIGA\" \/>\n<meta property=\"og:description\" content=\"Substrat de haute qualit\u00e9 adapt\u00e9 \u00e0 tous types de bonsa\u00ef. Il am\u00e9liore le d\u00e9veloppement des races et la croissance optimale de la plante, en assurant une bonne ventilation et un bon drainage.\" \/>\n<meta property=\"og:url\" content=\"https:\/\/saiga.es\/fr\/produit\/substrat-bonsais-5l\/\" \/>\n<meta property=\"og:site_name\" content=\"SAIGA\" \/>\n<meta property=\"og:image\" content=\"https:\/\/saiga.es\/wp-content\/uploads\/2025\/03\/Substrat-bonsai.jpg\" \/>\n\t<meta property=\"og:image:width\" content=\"1080\" \/>\n\t<meta property=\"og:image:height\" content=\"1080\" \/>\n\t<meta property=\"og:image:type\" content=\"image\/jpeg\" \/>\n<meta name=\"twitter:card\" content=\"summary_large_image\" \/>\n<meta name=\"twitter:site\" content=\"@saiga_agro\" \/>\n<script type=\"application\/ld+json\" class=\"yoast-schema-graph\">{\"@context\":\"https:\\\/\\\/schema.org\",\"@graph\":[{\"@type\":\"WebPage\",\"@id\":\"https:\\\/\\\/saiga.es\\\/fr\\\/produit\\\/substrat-bonsais-5l\\\/\",\"url\":\"https:\\\/\\\/saiga.es\\\/fr\\\/produit\\\/substrat-bonsais-5l\\\/\",\"name\":\"Substrat bonsais 5L | SAIGA\",\"isPartOf\":{\"@id\":\"https:\\\/\\\/saiga.es\\\/fr\\\/#website\"},\"primaryImageOfPage\":{\"@id\":\"https:\\\/\\\/saiga.es\\\/fr\\\/produit\\\/substrat-bonsais-5l\\\/#primaryimage\"},\"image\":{\"@id\":\"https:\\\/\\\/saiga.es\\\/fr\\\/produit\\\/substrat-bonsais-5l\\\/#primaryimage\"},\"thumbnailUrl\":\"https:\\\/\\\/saiga.es\\\/wp-content\\\/uploads\\\/2025\\\/03\\\/Substrat-bonsai.jpg\",\"datePublished\":\"2025-03-06T14:52:25+00:00\",\"description\":\"Substrat de haute qualit\u00e9 adapt\u00e9 \u00e0 tous types de bonsa\u00ef. Il am\u00e9liore le d\u00e9veloppement des races et la croissance optimale de la plante, en assurant une bonne ventilation et un bon drainage.\",\"breadcrumb\":{\"@id\":\"https:\\\/\\\/saiga.es\\\/fr\\\/produit\\\/substrat-bonsais-5l\\\/#breadcrumb\"},\"inLanguage\":\"fr-FR\",\"potentialAction\":[{\"@type\":\"ReadAction\",\"target\":[\"https:\\\/\\\/saiga.es\\\/fr\\\/produit\\\/substrat-bonsais-5l\\\/\"]}]},{\"@type\":\"ImageObject\",\"inLanguage\":\"fr-FR\",\"@id\":\"https:\\\/\\\/saiga.es\\\/fr\\\/produit\\\/substrat-bonsais-5l\\\/#primaryimage\",\"url\":\"https:\\\/\\\/saiga.es\\\/wp-content\\\/uploads\\\/2025\\\/03\\\/Substrat-bonsai.jpg\",\"contentUrl\":\"https:\\\/\\\/saiga.es\\\/wp-content\\\/uploads\\\/2025\\\/03\\\/Substrat-bonsai.jpg\",\"width\":1080,\"height\":1080,\"caption\":\"Substrat pour bonsa\u00ef 5L\"},{\"@type\":\"BreadcrumbList\",\"@id\":\"https:\\\/\\\/saiga.es\\\/fr\\\/produit\\\/substrat-bonsais-5l\\\/#breadcrumb\",\"itemListElement\":[{\"@type\":\"ListItem\",\"position\":1,\"name\":\"Inici\",\"item\":\"https:\\\/\\\/saiga.es\\\/fr\\\/\"},{\"@type\":\"ListItem\",\"position\":2,\"name\":\"boutique\",\"item\":\"https:\\\/\\\/saiga.es\\\/fr\\\/boutique\\\/\"},{\"@type\":\"ListItem\",\"position\":3,\"name\":\"Substrat bonsais 5L\"}]},{\"@type\":\"WebSite\",\"@id\":\"https:\\\/\\\/saiga.es\\\/fr\\\/#website\",\"url\":\"https:\\\/\\\/saiga.es\\\/fr\\\/\",\"name\":\"SAIGA\",\"description\":\"M\u00e9s de 50 anys al servei de la terra i treballant per a un \u00fas eficient de l\u2019aigua!\",\"publisher\":{\"@id\":\"https:\\\/\\\/saiga.es\\\/fr\\\/#organization\"},\"potentialAction\":[{\"@type\":\"SearchAction\",\"target\":{\"@type\":\"EntryPoint\",\"urlTemplate\":\"https:\\\/\\\/saiga.es\\\/fr\\\/?s={search_term_string}\"},\"query-input\":{\"@type\":\"PropertyValueSpecification\",\"valueRequired\":true,\"valueName\":\"search_term_string\"}}],\"inLanguage\":\"fr-FR\"},{\"@type\":\"Organization\",\"@id\":\"https:\\\/\\\/saiga.es\\\/fr\\\/#organization\",\"name\":\"SAIGA\",\"url\":\"https:\\\/\\\/saiga.es\\\/fr\\\/\",\"logo\":{\"@type\":\"ImageObject\",\"inLanguage\":\"fr-FR\",\"@id\":\"https:\\\/\\\/saiga.es\\\/fr\\\/#\\\/schema\\\/logo\\\/image\\\/\",\"url\":\"https:\\\/\\\/saiga.es\\\/wp-content\\\/uploads\\\/2025\\\/07\\\/logo_saiga_baseline_optimitzat.svg\",\"contentUrl\":\"https:\\\/\\\/saiga.es\\\/wp-content\\\/uploads\\\/2025\\\/07\\\/logo_saiga_baseline_optimitzat.svg\",\"caption\":\"SAIGA\"},\"image\":{\"@id\":\"https:\\\/\\\/saiga.es\\\/fr\\\/#\\\/schema\\\/logo\\\/image\\\/\"},\"sameAs\":[\"https:\\\/\\\/x.com\\\/saiga_agro\",\"https:\\\/\\\/www.instagram.com\\\/saiga_agro\\\/\"]}]}<\/script>\n<!-- \/ Yoast SEO plugin. -->","yoast_head_json":{"title":"Substrat bonsais 5L | SAIGA","description":"Substrat de haute qualit\u00e9 adapt\u00e9 \u00e0 tous types de bonsa\u00ef. Il am\u00e9liore le d\u00e9veloppement des races et la croissance optimale de la plante, en assurant une bonne ventilation et un bon drainage.","robots":{"index":"index","follow":"follow","max-snippet":"max-snippet:-1","max-image-preview":"max-image-preview:large","max-video-preview":"max-video-preview:-1"},"canonical":"https:\/\/saiga.es\/fr\/produit\/substrat-bonsais-5l\/","og_locale":"fr_FR","og_type":"article","og_title":"Substrat bonsais 5L | SAIGA","og_description":"Substrat de haute qualit\u00e9 adapt\u00e9 \u00e0 tous types de bonsa\u00ef. Il am\u00e9liore le d\u00e9veloppement des races et la croissance optimale de la plante, en assurant une bonne ventilation et un bon drainage.","og_url":"https:\/\/saiga.es\/fr\/produit\/substrat-bonsais-5l\/","og_site_name":"SAIGA","og_image":[{"width":1080,"height":1080,"url":"https:\/\/saiga.es\/wp-content\/uploads\/2025\/03\/Substrat-bonsai.jpg","type":"image\/jpeg"}],"twitter_card":"summary_large_image","twitter_site":"@saiga_agro","schema":{"@context":"https:\/\/schema.org","@graph":[{"@type":"WebPage","@id":"https:\/\/saiga.es\/fr\/produit\/substrat-bonsais-5l\/","url":"https:\/\/saiga.es\/fr\/produit\/substrat-bonsais-5l\/","name":"Substrat bonsais 5L | SAIGA","isPartOf":{"@id":"https:\/\/saiga.es\/fr\/#website"},"primaryImageOfPage":{"@id":"https:\/\/saiga.es\/fr\/produit\/substrat-bonsais-5l\/#primaryimage"},"image":{"@id":"https:\/\/saiga.es\/fr\/produit\/substrat-bonsais-5l\/#primaryimage"},"thumbnailUrl":"https:\/\/saiga.es\/wp-content\/uploads\/2025\/03\/Substrat-bonsai.jpg","datePublished":"2025-03-06T14:52:25+00:00","description":"Substrat de haute qualit\u00e9 adapt\u00e9 \u00e0 tous types de bonsa\u00ef. Il am\u00e9liore le d\u00e9veloppement des races et la croissance optimale de la plante, en assurant une bonne ventilation et un bon drainage.","breadcrumb":{"@id":"https:\/\/saiga.es\/fr\/produit\/substrat-bonsais-5l\/#breadcrumb"},"inLanguage":"fr-FR","potentialAction":[{"@type":"ReadAction","target":["https:\/\/saiga.es\/fr\/produit\/substrat-bonsais-5l\/"]}]},{"@type":"ImageObject","inLanguage":"fr-FR","@id":"https:\/\/saiga.es\/fr\/produit\/substrat-bonsais-5l\/#primaryimage","url":"https:\/\/saiga.es\/wp-content\/uploads\/2025\/03\/Substrat-bonsai.jpg","contentUrl":"https:\/\/saiga.es\/wp-content\/uploads\/2025\/03\/Substrat-bonsai.jpg","width":1080,"height":1080,"caption":"Substrat pour bonsa\u00ef 5L"},{"@type":"BreadcrumbList","@id":"https:\/\/saiga.es\/fr\/produit\/substrat-bonsais-5l\/#breadcrumb","itemListElement":[{"@type":"ListItem","position":1,"name":"Inici","item":"https:\/\/saiga.es\/fr\/"},{"@type":"ListItem","position":2,"name":"boutique","item":"https:\/\/saiga.es\/fr\/boutique\/"},{"@type":"ListItem","position":3,"name":"Substrat bonsais 5L"}]},{"@type":"WebSite","@id":"https:\/\/saiga.es\/fr\/#website","url":"https:\/\/saiga.es\/fr\/","name":"SAIGA","description":"M\u00e9s de 50 anys al servei de la terra i treballant per a un \u00fas eficient de l\u2019aigua!","publisher":{"@id":"https:\/\/saiga.es\/fr\/#organization"},"potentialAction":[{"@type":"SearchAction","target":{"@type":"EntryPoint","urlTemplate":"https:\/\/saiga.es\/fr\/?s={search_term_string}"},"query-input":{"@type":"PropertyValueSpecification","valueRequired":true,"valueName":"search_term_string"}}],"inLanguage":"fr-FR"},{"@type":"Organization","@id":"https:\/\/saiga.es\/fr\/#organization","name":"SAIGA","url":"https:\/\/saiga.es\/fr\/","logo":{"@type":"ImageObject","inLanguage":"fr-FR","@id":"https:\/\/saiga.es\/fr\/#\/schema\/logo\/image\/","url":"https:\/\/saiga.es\/wp-content\/uploads\/2025\/07\/logo_saiga_baseline_optimitzat.svg","contentUrl":"https:\/\/saiga.es\/wp-content\/uploads\/2025\/07\/logo_saiga_baseline_optimitzat.svg","caption":"SAIGA"},"image":{"@id":"https:\/\/saiga.es\/fr\/#\/schema\/logo\/image\/"},"sameAs":["https:\/\/x.com\/saiga_agro","https:\/\/www.instagram.com\/saiga_agro\/"]}]}},"_links":{"self":[{"href":"https:\/\/saiga.es\/fr\/wp-json\/wp\/v2\/product\/14104","targetHints":{"allow":["GET"]}}],"collection":[{"href":"https:\/\/saiga.es\/fr\/wp-json\/wp\/v2\/product"}],"about":[{"href":"https:\/\/saiga.es\/fr\/wp-json\/wp\/v2\/types\/product"}],"replies":[{"embeddable":true,"href":"https:\/\/saiga.es\/fr\/wp-json\/wp\/v2\/comments?post=14104"}],"wp:featuredmedia":[{"embeddable":true,"href":"https:\/\/saiga.es\/fr\/wp-json\/wp\/v2\/media\/14102"}],"wp:attachment":[{"href":"https:\/\/saiga.es\/fr\/wp-json\/wp\/v2\/media?parent=14104"}],"wp:term":[{"taxonomy":"product_brand","embeddable":true,"href":"https:\/\/saiga.es\/fr\/wp-json\/wp\/v2\/product_brand?post=14104"},{"taxonomy":"product_cat","embeddable":true,"href":"https:\/\/saiga.es\/fr\/wp-json\/wp\/v2\/product_cat?post=14104"},{"taxonomy":"product_tag","embeddable":true,"href":"https:\/\/saiga.es\/fr\/wp-json\/wp\/v2\/product_tag?post=14104"}],"curies":[{"name":"wp","href":"https:\/\/api.w.org\/{rel}","templated":true}]}}