{"id":14132,"date":"2025-03-07T14:50:50","date_gmt":"2025-03-07T14:50:50","guid":{"rendered":"https:\/\/botiga.saiga.es\/producte\/abreuvoir-seau-16-l-avec-pieds\/"},"modified":"2025-10-27T07:54:08","modified_gmt":"2025-10-27T07:54:08","slug":"abreuvoir-seau-16-l-avec-pieds","status":"publish","type":"product","link":"https:\/\/saiga.es\/fr\/produit\/abreuvoir-seau-16-l-avec-pieds\/","title":{"rendered":"Abreuvoir seau 16 L avec pieds"},"content":{"rendered":"<p>L&rsquo;abreuvoir sur pied pour oiseaux est la solution parfaite pour garder vos oiseaux bien hydrat\u00e9s \u00e0 tout moment. D&rsquo;une capacit\u00e9 de 16 litres, cet abreuvoir est con\u00e7u pour r\u00e9pondre aux besoins des poules, faisans, dindes et autres volailles. Le syst\u00e8me de t\u00e9tine innovant permet un approvisionnement contr\u00f4l\u00e9 en eau, minimisant les d\u00e9versements et garantissant que l&rsquo;eau reste toujours fra\u00eeche et propre.  <\/p>\n","protected":false},"excerpt":{"rendered":"<p>L&rsquo;abreuvoir sur pied pour oiseaux est la solution parfaite pour garder vos oiseaux bien hydrat\u00e9s \u00e0 tout moment.<\/p>\n","protected":false},"featured_media":14130,"comment_status":"open","ping_status":"closed","template":"","meta":[],"product_brand":[2212],"product_cat":[681],"product_tag":[682,1825],"class_list":{"0":"post-14132","1":"product","2":"type-product","3":"status-publish","4":"has-post-thumbnail","6":"product_brand-gaun-fr","7":"product_cat-auges","8":"product_tag-auges","9":"product_tag-poulets","11":"first","12":"instock","13":"taxable","14":"shipping-taxable","15":"purchasable","16":"product-type-simple"},"yoast_head":"<!-- This site is optimized with the Yoast SEO plugin v27.3 - https:\/\/yoast.com\/product\/yoast-seo-wordpress\/ -->\n<title>Abreuvoir seau 16 L avec pieds | SAIGA<\/title>\n<meta name=\"description\" content=\"L&#039;abreuvoir sur pied pour oiseaux est la solution parfaite pour garder vos oiseaux bien hydrat\u00e9s \u00e0 tout moment.\" \/>\n<meta name=\"robots\" content=\"index, follow, max-snippet:-1, max-image-preview:large, max-video-preview:-1\" \/>\n<link rel=\"canonical\" href=\"https:\/\/saiga.es\/fr\/produit\/abreuvoir-seau-16-l-avec-pieds\/\" \/>\n<meta property=\"og:locale\" content=\"fr_FR\" \/>\n<meta property=\"og:type\" content=\"article\" \/>\n<meta property=\"og:title\" content=\"Abreuvoir seau 16 L avec pieds | SAIGA\" \/>\n<meta property=\"og:description\" content=\"L&#039;abreuvoir sur pied pour oiseaux est la solution parfaite pour garder vos oiseaux bien hydrat\u00e9s \u00e0 tout moment.\" \/>\n<meta property=\"og:url\" content=\"https:\/\/saiga.es\/fr\/produit\/abreuvoir-seau-16-l-avec-pieds\/\" \/>\n<meta property=\"og:site_name\" content=\"SAIGA\" \/>\n<meta property=\"article:modified_time\" content=\"2025-10-27T07:54:08+00:00\" \/>\n<meta property=\"og:image\" content=\"https:\/\/saiga.es\/wp-content\/uploads\/2025\/03\/Abeurador-galleda.jpg\" \/>\n\t<meta property=\"og:image:width\" content=\"1080\" \/>\n\t<meta property=\"og:image:height\" content=\"1080\" \/>\n\t<meta property=\"og:image:type\" content=\"image\/jpeg\" \/>\n<meta name=\"twitter:card\" content=\"summary_large_image\" \/>\n<meta name=\"twitter:site\" content=\"@saiga_agro\" \/>\n<script type=\"application\/ld+json\" class=\"yoast-schema-graph\">{\"@context\":\"https:\\\/\\\/schema.org\",\"@graph\":[{\"@type\":\"WebPage\",\"@id\":\"https:\\\/\\\/saiga.es\\\/fr\\\/produit\\\/abreuvoir-seau-16-l-avec-pieds\\\/\",\"url\":\"https:\\\/\\\/saiga.es\\\/fr\\\/produit\\\/abreuvoir-seau-16-l-avec-pieds\\\/\",\"name\":\"Abreuvoir seau 16 L avec pieds | SAIGA\",\"isPartOf\":{\"@id\":\"https:\\\/\\\/saiga.es\\\/fr\\\/#website\"},\"primaryImageOfPage\":{\"@id\":\"https:\\\/\\\/saiga.es\\\/fr\\\/produit\\\/abreuvoir-seau-16-l-avec-pieds\\\/#primaryimage\"},\"image\":{\"@id\":\"https:\\\/\\\/saiga.es\\\/fr\\\/produit\\\/abreuvoir-seau-16-l-avec-pieds\\\/#primaryimage\"},\"thumbnailUrl\":\"https:\\\/\\\/saiga.es\\\/wp-content\\\/uploads\\\/2025\\\/03\\\/Abeurador-galleda.jpg\",\"datePublished\":\"2025-03-07T14:50:50+00:00\",\"dateModified\":\"2025-10-27T07:54:08+00:00\",\"description\":\"L'abreuvoir sur pied pour oiseaux est la solution parfaite pour garder vos oiseaux bien hydrat\u00e9s \u00e0 tout moment.\",\"breadcrumb\":{\"@id\":\"https:\\\/\\\/saiga.es\\\/fr\\\/produit\\\/abreuvoir-seau-16-l-avec-pieds\\\/#breadcrumb\"},\"inLanguage\":\"fr-FR\",\"potentialAction\":[{\"@type\":\"ReadAction\",\"target\":[\"https:\\\/\\\/saiga.es\\\/fr\\\/produit\\\/abreuvoir-seau-16-l-avec-pieds\\\/\"]}]},{\"@type\":\"ImageObject\",\"inLanguage\":\"fr-FR\",\"@id\":\"https:\\\/\\\/saiga.es\\\/fr\\\/produit\\\/abreuvoir-seau-16-l-avec-pieds\\\/#primaryimage\",\"url\":\"https:\\\/\\\/saiga.es\\\/wp-content\\\/uploads\\\/2025\\\/03\\\/Abeurador-galleda.jpg\",\"contentUrl\":\"https:\\\/\\\/saiga.es\\\/wp-content\\\/uploads\\\/2025\\\/03\\\/Abeurador-galleda.jpg\",\"width\":1080,\"height\":1080,\"caption\":\"Abreuvoir\"},{\"@type\":\"BreadcrumbList\",\"@id\":\"https:\\\/\\\/saiga.es\\\/fr\\\/produit\\\/abreuvoir-seau-16-l-avec-pieds\\\/#breadcrumb\",\"itemListElement\":[{\"@type\":\"ListItem\",\"position\":1,\"name\":\"Inici\",\"item\":\"https:\\\/\\\/saiga.es\\\/fr\\\/\"},{\"@type\":\"ListItem\",\"position\":2,\"name\":\"boutique\",\"item\":\"https:\\\/\\\/saiga.es\\\/fr\\\/boutique\\\/\"},{\"@type\":\"ListItem\",\"position\":3,\"name\":\"Abreuvoir seau 16 L avec pieds\"}]},{\"@type\":\"WebSite\",\"@id\":\"https:\\\/\\\/saiga.es\\\/fr\\\/#website\",\"url\":\"https:\\\/\\\/saiga.es\\\/fr\\\/\",\"name\":\"SAIGA\",\"description\":\"M\u00e9s de 50 anys al servei de la terra i treballant per a un \u00fas eficient de l\u2019aigua!\",\"publisher\":{\"@id\":\"https:\\\/\\\/saiga.es\\\/fr\\\/#organization\"},\"potentialAction\":[{\"@type\":\"SearchAction\",\"target\":{\"@type\":\"EntryPoint\",\"urlTemplate\":\"https:\\\/\\\/saiga.es\\\/fr\\\/?s={search_term_string}\"},\"query-input\":{\"@type\":\"PropertyValueSpecification\",\"valueRequired\":true,\"valueName\":\"search_term_string\"}}],\"inLanguage\":\"fr-FR\"},{\"@type\":\"Organization\",\"@id\":\"https:\\\/\\\/saiga.es\\\/fr\\\/#organization\",\"name\":\"SAIGA\",\"url\":\"https:\\\/\\\/saiga.es\\\/fr\\\/\",\"logo\":{\"@type\":\"ImageObject\",\"inLanguage\":\"fr-FR\",\"@id\":\"https:\\\/\\\/saiga.es\\\/fr\\\/#\\\/schema\\\/logo\\\/image\\\/\",\"url\":\"https:\\\/\\\/saiga.es\\\/wp-content\\\/uploads\\\/2025\\\/07\\\/logo_saiga_baseline_optimitzat.svg\",\"contentUrl\":\"https:\\\/\\\/saiga.es\\\/wp-content\\\/uploads\\\/2025\\\/07\\\/logo_saiga_baseline_optimitzat.svg\",\"caption\":\"SAIGA\"},\"image\":{\"@id\":\"https:\\\/\\\/saiga.es\\\/fr\\\/#\\\/schema\\\/logo\\\/image\\\/\"},\"sameAs\":[\"https:\\\/\\\/x.com\\\/saiga_agro\",\"https:\\\/\\\/www.instagram.com\\\/saiga_agro\\\/\"]}]}<\/script>\n<!-- \/ Yoast SEO plugin. -->","yoast_head_json":{"title":"Abreuvoir seau 16 L avec pieds | SAIGA","description":"L'abreuvoir sur pied pour oiseaux est la solution parfaite pour garder vos oiseaux bien hydrat\u00e9s \u00e0 tout moment.","robots":{"index":"index","follow":"follow","max-snippet":"max-snippet:-1","max-image-preview":"max-image-preview:large","max-video-preview":"max-video-preview:-1"},"canonical":"https:\/\/saiga.es\/fr\/produit\/abreuvoir-seau-16-l-avec-pieds\/","og_locale":"fr_FR","og_type":"article","og_title":"Abreuvoir seau 16 L avec pieds | SAIGA","og_description":"L'abreuvoir sur pied pour oiseaux est la solution parfaite pour garder vos oiseaux bien hydrat\u00e9s \u00e0 tout moment.","og_url":"https:\/\/saiga.es\/fr\/produit\/abreuvoir-seau-16-l-avec-pieds\/","og_site_name":"SAIGA","article_modified_time":"2025-10-27T07:54:08+00:00","og_image":[{"width":1080,"height":1080,"url":"https:\/\/saiga.es\/wp-content\/uploads\/2025\/03\/Abeurador-galleda.jpg","type":"image\/jpeg"}],"twitter_card":"summary_large_image","twitter_site":"@saiga_agro","schema":{"@context":"https:\/\/schema.org","@graph":[{"@type":"WebPage","@id":"https:\/\/saiga.es\/fr\/produit\/abreuvoir-seau-16-l-avec-pieds\/","url":"https:\/\/saiga.es\/fr\/produit\/abreuvoir-seau-16-l-avec-pieds\/","name":"Abreuvoir seau 16 L avec pieds | SAIGA","isPartOf":{"@id":"https:\/\/saiga.es\/fr\/#website"},"primaryImageOfPage":{"@id":"https:\/\/saiga.es\/fr\/produit\/abreuvoir-seau-16-l-avec-pieds\/#primaryimage"},"image":{"@id":"https:\/\/saiga.es\/fr\/produit\/abreuvoir-seau-16-l-avec-pieds\/#primaryimage"},"thumbnailUrl":"https:\/\/saiga.es\/wp-content\/uploads\/2025\/03\/Abeurador-galleda.jpg","datePublished":"2025-03-07T14:50:50+00:00","dateModified":"2025-10-27T07:54:08+00:00","description":"L'abreuvoir sur pied pour oiseaux est la solution parfaite pour garder vos oiseaux bien hydrat\u00e9s \u00e0 tout moment.","breadcrumb":{"@id":"https:\/\/saiga.es\/fr\/produit\/abreuvoir-seau-16-l-avec-pieds\/#breadcrumb"},"inLanguage":"fr-FR","potentialAction":[{"@type":"ReadAction","target":["https:\/\/saiga.es\/fr\/produit\/abreuvoir-seau-16-l-avec-pieds\/"]}]},{"@type":"ImageObject","inLanguage":"fr-FR","@id":"https:\/\/saiga.es\/fr\/produit\/abreuvoir-seau-16-l-avec-pieds\/#primaryimage","url":"https:\/\/saiga.es\/wp-content\/uploads\/2025\/03\/Abeurador-galleda.jpg","contentUrl":"https:\/\/saiga.es\/wp-content\/uploads\/2025\/03\/Abeurador-galleda.jpg","width":1080,"height":1080,"caption":"Abreuvoir"},{"@type":"BreadcrumbList","@id":"https:\/\/saiga.es\/fr\/produit\/abreuvoir-seau-16-l-avec-pieds\/#breadcrumb","itemListElement":[{"@type":"ListItem","position":1,"name":"Inici","item":"https:\/\/saiga.es\/fr\/"},{"@type":"ListItem","position":2,"name":"boutique","item":"https:\/\/saiga.es\/fr\/boutique\/"},{"@type":"ListItem","position":3,"name":"Abreuvoir seau 16 L avec pieds"}]},{"@type":"WebSite","@id":"https:\/\/saiga.es\/fr\/#website","url":"https:\/\/saiga.es\/fr\/","name":"SAIGA","description":"M\u00e9s de 50 anys al servei de la terra i treballant per a un \u00fas eficient de l\u2019aigua!","publisher":{"@id":"https:\/\/saiga.es\/fr\/#organization"},"potentialAction":[{"@type":"SearchAction","target":{"@type":"EntryPoint","urlTemplate":"https:\/\/saiga.es\/fr\/?s={search_term_string}"},"query-input":{"@type":"PropertyValueSpecification","valueRequired":true,"valueName":"search_term_string"}}],"inLanguage":"fr-FR"},{"@type":"Organization","@id":"https:\/\/saiga.es\/fr\/#organization","name":"SAIGA","url":"https:\/\/saiga.es\/fr\/","logo":{"@type":"ImageObject","inLanguage":"fr-FR","@id":"https:\/\/saiga.es\/fr\/#\/schema\/logo\/image\/","url":"https:\/\/saiga.es\/wp-content\/uploads\/2025\/07\/logo_saiga_baseline_optimitzat.svg","contentUrl":"https:\/\/saiga.es\/wp-content\/uploads\/2025\/07\/logo_saiga_baseline_optimitzat.svg","caption":"SAIGA"},"image":{"@id":"https:\/\/saiga.es\/fr\/#\/schema\/logo\/image\/"},"sameAs":["https:\/\/x.com\/saiga_agro","https:\/\/www.instagram.com\/saiga_agro\/"]}]}},"_links":{"self":[{"href":"https:\/\/saiga.es\/fr\/wp-json\/wp\/v2\/product\/14132","targetHints":{"allow":["GET"]}}],"collection":[{"href":"https:\/\/saiga.es\/fr\/wp-json\/wp\/v2\/product"}],"about":[{"href":"https:\/\/saiga.es\/fr\/wp-json\/wp\/v2\/types\/product"}],"replies":[{"embeddable":true,"href":"https:\/\/saiga.es\/fr\/wp-json\/wp\/v2\/comments?post=14132"}],"wp:featuredmedia":[{"embeddable":true,"href":"https:\/\/saiga.es\/fr\/wp-json\/wp\/v2\/media\/14130"}],"wp:attachment":[{"href":"https:\/\/saiga.es\/fr\/wp-json\/wp\/v2\/media?parent=14132"}],"wp:term":[{"taxonomy":"product_brand","embeddable":true,"href":"https:\/\/saiga.es\/fr\/wp-json\/wp\/v2\/product_brand?post=14132"},{"taxonomy":"product_cat","embeddable":true,"href":"https:\/\/saiga.es\/fr\/wp-json\/wp\/v2\/product_cat?post=14132"},{"taxonomy":"product_tag","embeddable":true,"href":"https:\/\/saiga.es\/fr\/wp-json\/wp\/v2\/product_tag?post=14132"}],"curies":[{"name":"wp","href":"https:\/\/api.w.org\/{rel}","templated":true}]}}