{"id":14139,"date":"2025-03-10T08:14:58","date_gmt":"2025-03-10T08:14:58","guid":{"rendered":"https:\/\/botiga.saiga.es\/producte\/poulailler-mod-marseille-gaun\/"},"modified":"2025-03-10T08:14:58","modified_gmt":"2025-03-10T08:14:58","slug":"poulailler-mod-marseille-gaun","status":"publish","type":"product","link":"https:\/\/saiga.es\/fr\/produit\/poulailler-mod-marseille-gaun\/","title":{"rendered":"Poulailler Mod. Marseille Gaun"},"content":{"rendered":"<p>Maison \u00e0 oiseaux Mod. Marseille : confort et style pour vos poules. Le poulailler Mod. Marseille offre un espace id\u00e9al pour que vos poules se sentent \u00e0 l&rsquo;aise et en s\u00e9curit\u00e9. Au rez-de-chauss\u00e9e, il dispose d&rsquo;un espace de promenade et de repos, ainsi que d&rsquo;une large porte qui permet un acc\u00e8s facile pour le nettoyage et \u00e9galement pour que les oiseaux se d\u00e9placent librement. Le poulailler comprend une rampe antid\u00e9rapante qui se connecte au deuxi\u00e8me \u00e9tage, o\u00f9 se trouve un nid accessible pour que les poules puissent pondre leurs \u0153ufs et se reposer. Ce nid poss\u00e8de un plateau amovible qui facilite le nettoyage, maintenant ainsi un environnement hygi\u00e9nique.      <\/p>\n<p>Avec un design attrayant, le toit \u00e0 pignon est \u00e9tanche, emp\u00eachant l\u2019eau de p\u00e9n\u00e9trer et de s\u2019accumuler \u00e0 l\u2019int\u00e9rieur. Fabriqu\u00e9 en bois trait\u00e9 et peint en blanc avec un ton de bois rouge\u00e2tre, l&rsquo;Aves House Mod. Marseille s&rsquo;int\u00e8gre parfaitement dans n&rsquo;importe quel environnement. De plus, le traitement du bois assure sa durabilit\u00e9 et sa r\u00e9sistance aux intemp\u00e9ries.   <\/p>\n","protected":false},"excerpt":{"rendered":"<p>Le poulailler Mod. Marseille offre un espace id\u00e9al pour que vos poules se sentent \u00e0 l&rsquo;aise et en s\u00e9curit\u00e9. <\/p>\n","protected":false},"featured_media":14136,"comment_status":"closed","ping_status":"closed","template":"","meta":[],"product_brand":[2212],"product_cat":[1811],"product_tag":[1931,1930,1825],"class_list":{"0":"post-14139","1":"product","2":"type-product","3":"status-publish","4":"has-post-thumbnail","6":"product_brand-gaun-fr","7":"product_cat-poulaillers","8":"product_tag-maison-doiseau","9":"product_tag-poulailler","10":"product_tag-poulets","12":"first","13":"instock","14":"taxable","15":"shipping-taxable","16":"purchasable","17":"product-type-simple"},"yoast_head":"<!-- This site is optimized with the Yoast SEO plugin v27.3 - https:\/\/yoast.com\/product\/yoast-seo-wordpress\/ -->\n<title>Poulailler Mod. Marseille Gaun | SAIGA<\/title>\n<meta name=\"description\" content=\"Le poulailler Mod. Marseille offre un espace id\u00e9al pour que vos poules se sentent \u00e0 l&#039;aise et en s\u00e9curit\u00e9.\" \/>\n<meta name=\"robots\" content=\"index, follow, max-snippet:-1, max-image-preview:large, max-video-preview:-1\" \/>\n<link rel=\"canonical\" href=\"https:\/\/saiga.es\/fr\/produit\/poulailler-mod-marseille-gaun\/\" \/>\n<meta property=\"og:locale\" content=\"fr_FR\" \/>\n<meta property=\"og:type\" content=\"article\" \/>\n<meta property=\"og:title\" content=\"Poulailler Mod. Marseille Gaun | SAIGA\" \/>\n<meta property=\"og:description\" content=\"Le poulailler Mod. Marseille offre un espace id\u00e9al pour que vos poules se sentent \u00e0 l&#039;aise et en s\u00e9curit\u00e9.\" \/>\n<meta property=\"og:url\" content=\"https:\/\/saiga.es\/fr\/produit\/poulailler-mod-marseille-gaun\/\" \/>\n<meta property=\"og:site_name\" content=\"SAIGA\" \/>\n<meta property=\"og:image\" content=\"https:\/\/saiga.es\/wp-content\/uploads\/2025\/03\/Galliner-model-Marsella-Gaun.jpg\" \/>\n\t<meta property=\"og:image:width\" content=\"1080\" \/>\n\t<meta property=\"og:image:height\" content=\"1080\" \/>\n\t<meta property=\"og:image:type\" content=\"image\/jpeg\" \/>\n<meta name=\"twitter:card\" content=\"summary_large_image\" \/>\n<meta name=\"twitter:site\" content=\"@saiga_agro\" \/>\n<meta name=\"twitter:label1\" content=\"Dur\u00e9e de lecture estim\u00e9e\" \/>\n\t<meta name=\"twitter:data1\" content=\"1 minute\" \/>\n<script type=\"application\/ld+json\" class=\"yoast-schema-graph\">{\"@context\":\"https:\\\/\\\/schema.org\",\"@graph\":[{\"@type\":\"WebPage\",\"@id\":\"https:\\\/\\\/saiga.es\\\/fr\\\/produit\\\/poulailler-mod-marseille-gaun\\\/\",\"url\":\"https:\\\/\\\/saiga.es\\\/fr\\\/produit\\\/poulailler-mod-marseille-gaun\\\/\",\"name\":\"Poulailler Mod. Marseille Gaun | SAIGA\",\"isPartOf\":{\"@id\":\"https:\\\/\\\/saiga.es\\\/fr\\\/#website\"},\"primaryImageOfPage\":{\"@id\":\"https:\\\/\\\/saiga.es\\\/fr\\\/produit\\\/poulailler-mod-marseille-gaun\\\/#primaryimage\"},\"image\":{\"@id\":\"https:\\\/\\\/saiga.es\\\/fr\\\/produit\\\/poulailler-mod-marseille-gaun\\\/#primaryimage\"},\"thumbnailUrl\":\"https:\\\/\\\/saiga.es\\\/wp-content\\\/uploads\\\/2025\\\/03\\\/Galliner-model-Marsella-Gaun.jpg\",\"datePublished\":\"2025-03-10T08:14:58+00:00\",\"description\":\"Le poulailler Mod. Marseille offre un espace id\u00e9al pour que vos poules se sentent \u00e0 l'aise et en s\u00e9curit\u00e9.\",\"breadcrumb\":{\"@id\":\"https:\\\/\\\/saiga.es\\\/fr\\\/produit\\\/poulailler-mod-marseille-gaun\\\/#breadcrumb\"},\"inLanguage\":\"fr-FR\",\"potentialAction\":[{\"@type\":\"ReadAction\",\"target\":[\"https:\\\/\\\/saiga.es\\\/fr\\\/produit\\\/poulailler-mod-marseille-gaun\\\/\"]}]},{\"@type\":\"ImageObject\",\"inLanguage\":\"fr-FR\",\"@id\":\"https:\\\/\\\/saiga.es\\\/fr\\\/produit\\\/poulailler-mod-marseille-gaun\\\/#primaryimage\",\"url\":\"https:\\\/\\\/saiga.es\\\/wp-content\\\/uploads\\\/2025\\\/03\\\/Galliner-model-Marsella-Gaun.jpg\",\"contentUrl\":\"https:\\\/\\\/saiga.es\\\/wp-content\\\/uploads\\\/2025\\\/03\\\/Galliner-model-Marsella-Gaun.jpg\",\"width\":1080,\"height\":1080,\"caption\":\"Poulailler mod\u00e8le Marseille Gaun\"},{\"@type\":\"BreadcrumbList\",\"@id\":\"https:\\\/\\\/saiga.es\\\/fr\\\/produit\\\/poulailler-mod-marseille-gaun\\\/#breadcrumb\",\"itemListElement\":[{\"@type\":\"ListItem\",\"position\":1,\"name\":\"Inici\",\"item\":\"https:\\\/\\\/saiga.es\\\/fr\\\/\"},{\"@type\":\"ListItem\",\"position\":2,\"name\":\"boutique\",\"item\":\"https:\\\/\\\/saiga.es\\\/fr\\\/boutique\\\/\"},{\"@type\":\"ListItem\",\"position\":3,\"name\":\"Poulailler Mod. Marseille Gaun\"}]},{\"@type\":\"WebSite\",\"@id\":\"https:\\\/\\\/saiga.es\\\/fr\\\/#website\",\"url\":\"https:\\\/\\\/saiga.es\\\/fr\\\/\",\"name\":\"SAIGA\",\"description\":\"M\u00e9s de 50 anys al servei de la terra i treballant per a un \u00fas eficient de l\u2019aigua!\",\"publisher\":{\"@id\":\"https:\\\/\\\/saiga.es\\\/fr\\\/#organization\"},\"potentialAction\":[{\"@type\":\"SearchAction\",\"target\":{\"@type\":\"EntryPoint\",\"urlTemplate\":\"https:\\\/\\\/saiga.es\\\/fr\\\/?s={search_term_string}\"},\"query-input\":{\"@type\":\"PropertyValueSpecification\",\"valueRequired\":true,\"valueName\":\"search_term_string\"}}],\"inLanguage\":\"fr-FR\"},{\"@type\":\"Organization\",\"@id\":\"https:\\\/\\\/saiga.es\\\/fr\\\/#organization\",\"name\":\"SAIGA\",\"url\":\"https:\\\/\\\/saiga.es\\\/fr\\\/\",\"logo\":{\"@type\":\"ImageObject\",\"inLanguage\":\"fr-FR\",\"@id\":\"https:\\\/\\\/saiga.es\\\/fr\\\/#\\\/schema\\\/logo\\\/image\\\/\",\"url\":\"https:\\\/\\\/saiga.es\\\/wp-content\\\/uploads\\\/2025\\\/07\\\/logo_saiga_baseline_optimitzat.svg\",\"contentUrl\":\"https:\\\/\\\/saiga.es\\\/wp-content\\\/uploads\\\/2025\\\/07\\\/logo_saiga_baseline_optimitzat.svg\",\"caption\":\"SAIGA\"},\"image\":{\"@id\":\"https:\\\/\\\/saiga.es\\\/fr\\\/#\\\/schema\\\/logo\\\/image\\\/\"},\"sameAs\":[\"https:\\\/\\\/x.com\\\/saiga_agro\",\"https:\\\/\\\/www.instagram.com\\\/saiga_agro\\\/\"]}]}<\/script>\n<!-- \/ Yoast SEO plugin. -->","yoast_head_json":{"title":"Poulailler Mod. Marseille Gaun | SAIGA","description":"Le poulailler Mod. Marseille offre un espace id\u00e9al pour que vos poules se sentent \u00e0 l'aise et en s\u00e9curit\u00e9.","robots":{"index":"index","follow":"follow","max-snippet":"max-snippet:-1","max-image-preview":"max-image-preview:large","max-video-preview":"max-video-preview:-1"},"canonical":"https:\/\/saiga.es\/fr\/produit\/poulailler-mod-marseille-gaun\/","og_locale":"fr_FR","og_type":"article","og_title":"Poulailler Mod. Marseille Gaun | SAIGA","og_description":"Le poulailler Mod. Marseille offre un espace id\u00e9al pour que vos poules se sentent \u00e0 l'aise et en s\u00e9curit\u00e9.","og_url":"https:\/\/saiga.es\/fr\/produit\/poulailler-mod-marseille-gaun\/","og_site_name":"SAIGA","og_image":[{"width":1080,"height":1080,"url":"https:\/\/saiga.es\/wp-content\/uploads\/2025\/03\/Galliner-model-Marsella-Gaun.jpg","type":"image\/jpeg"}],"twitter_card":"summary_large_image","twitter_site":"@saiga_agro","twitter_misc":{"Dur\u00e9e de lecture estim\u00e9e":"1 minute"},"schema":{"@context":"https:\/\/schema.org","@graph":[{"@type":"WebPage","@id":"https:\/\/saiga.es\/fr\/produit\/poulailler-mod-marseille-gaun\/","url":"https:\/\/saiga.es\/fr\/produit\/poulailler-mod-marseille-gaun\/","name":"Poulailler Mod. Marseille Gaun | SAIGA","isPartOf":{"@id":"https:\/\/saiga.es\/fr\/#website"},"primaryImageOfPage":{"@id":"https:\/\/saiga.es\/fr\/produit\/poulailler-mod-marseille-gaun\/#primaryimage"},"image":{"@id":"https:\/\/saiga.es\/fr\/produit\/poulailler-mod-marseille-gaun\/#primaryimage"},"thumbnailUrl":"https:\/\/saiga.es\/wp-content\/uploads\/2025\/03\/Galliner-model-Marsella-Gaun.jpg","datePublished":"2025-03-10T08:14:58+00:00","description":"Le poulailler Mod. Marseille offre un espace id\u00e9al pour que vos poules se sentent \u00e0 l'aise et en s\u00e9curit\u00e9.","breadcrumb":{"@id":"https:\/\/saiga.es\/fr\/produit\/poulailler-mod-marseille-gaun\/#breadcrumb"},"inLanguage":"fr-FR","potentialAction":[{"@type":"ReadAction","target":["https:\/\/saiga.es\/fr\/produit\/poulailler-mod-marseille-gaun\/"]}]},{"@type":"ImageObject","inLanguage":"fr-FR","@id":"https:\/\/saiga.es\/fr\/produit\/poulailler-mod-marseille-gaun\/#primaryimage","url":"https:\/\/saiga.es\/wp-content\/uploads\/2025\/03\/Galliner-model-Marsella-Gaun.jpg","contentUrl":"https:\/\/saiga.es\/wp-content\/uploads\/2025\/03\/Galliner-model-Marsella-Gaun.jpg","width":1080,"height":1080,"caption":"Poulailler mod\u00e8le Marseille Gaun"},{"@type":"BreadcrumbList","@id":"https:\/\/saiga.es\/fr\/produit\/poulailler-mod-marseille-gaun\/#breadcrumb","itemListElement":[{"@type":"ListItem","position":1,"name":"Inici","item":"https:\/\/saiga.es\/fr\/"},{"@type":"ListItem","position":2,"name":"boutique","item":"https:\/\/saiga.es\/fr\/boutique\/"},{"@type":"ListItem","position":3,"name":"Poulailler Mod. Marseille Gaun"}]},{"@type":"WebSite","@id":"https:\/\/saiga.es\/fr\/#website","url":"https:\/\/saiga.es\/fr\/","name":"SAIGA","description":"M\u00e9s de 50 anys al servei de la terra i treballant per a un \u00fas eficient de l\u2019aigua!","publisher":{"@id":"https:\/\/saiga.es\/fr\/#organization"},"potentialAction":[{"@type":"SearchAction","target":{"@type":"EntryPoint","urlTemplate":"https:\/\/saiga.es\/fr\/?s={search_term_string}"},"query-input":{"@type":"PropertyValueSpecification","valueRequired":true,"valueName":"search_term_string"}}],"inLanguage":"fr-FR"},{"@type":"Organization","@id":"https:\/\/saiga.es\/fr\/#organization","name":"SAIGA","url":"https:\/\/saiga.es\/fr\/","logo":{"@type":"ImageObject","inLanguage":"fr-FR","@id":"https:\/\/saiga.es\/fr\/#\/schema\/logo\/image\/","url":"https:\/\/saiga.es\/wp-content\/uploads\/2025\/07\/logo_saiga_baseline_optimitzat.svg","contentUrl":"https:\/\/saiga.es\/wp-content\/uploads\/2025\/07\/logo_saiga_baseline_optimitzat.svg","caption":"SAIGA"},"image":{"@id":"https:\/\/saiga.es\/fr\/#\/schema\/logo\/image\/"},"sameAs":["https:\/\/x.com\/saiga_agro","https:\/\/www.instagram.com\/saiga_agro\/"]}]}},"_links":{"self":[{"href":"https:\/\/saiga.es\/fr\/wp-json\/wp\/v2\/product\/14139","targetHints":{"allow":["GET"]}}],"collection":[{"href":"https:\/\/saiga.es\/fr\/wp-json\/wp\/v2\/product"}],"about":[{"href":"https:\/\/saiga.es\/fr\/wp-json\/wp\/v2\/types\/product"}],"replies":[{"embeddable":true,"href":"https:\/\/saiga.es\/fr\/wp-json\/wp\/v2\/comments?post=14139"}],"wp:featuredmedia":[{"embeddable":true,"href":"https:\/\/saiga.es\/fr\/wp-json\/wp\/v2\/media\/14136"}],"wp:attachment":[{"href":"https:\/\/saiga.es\/fr\/wp-json\/wp\/v2\/media?parent=14139"}],"wp:term":[{"taxonomy":"product_brand","embeddable":true,"href":"https:\/\/saiga.es\/fr\/wp-json\/wp\/v2\/product_brand?post=14139"},{"taxonomy":"product_cat","embeddable":true,"href":"https:\/\/saiga.es\/fr\/wp-json\/wp\/v2\/product_cat?post=14139"},{"taxonomy":"product_tag","embeddable":true,"href":"https:\/\/saiga.es\/fr\/wp-json\/wp\/v2\/product_tag?post=14139"}],"curies":[{"name":"wp","href":"https:\/\/api.w.org\/{rel}","templated":true}]}}