{"id":14146,"date":"2025-03-11T08:24:21","date_gmt":"2025-03-11T08:24:21","guid":{"rendered":"https:\/\/botiga.saiga.es\/producte\/parc-universel-no-1\/"},"modified":"2025-10-27T07:54:09","modified_gmt":"2025-10-27T07:54:09","slug":"parc-universel-no-1","status":"publish","type":"product","link":"https:\/\/saiga.es\/fr\/produit\/parc-universel-no-1\/","title":{"rendered":"Parc universel n\u00ba 1"},"content":{"rendered":"<p>Universal Park N\u00ba 1 est con\u00e7u pour permettre un contact direct de vos oiseaux avec le sol, favorisant leur croissance dans un environnement naturel et sain. Fabriqu\u00e9 \u00e0 partir de bois d&rsquo;\u00e9pic\u00e9a de haute qualit\u00e9 et trait\u00e9 pour une utilisation ext\u00e9rieure, ce parc est dot\u00e9 d&rsquo;un treillis m\u00e9tallique galvanis\u00e9 durable qui assure la s\u00e9curit\u00e9 de vos animaux. <\/p>\n<p>Ce parc est polyvalent et s&rsquo;adapte \u00e0 tous les mod\u00e8les de poulaillers, constituant un excellent choix \u00e0 la fois comme article ind\u00e9pendant et comme accessoire pour d&rsquo;autres poulaillers, y compris le mod\u00e8le Berlin. Il offre un espace suppl\u00e9mentaire \u00e0 vos oiseaux pour explorer et profiter du plein air, am\u00e9liorant ainsi leur bien-\u00eatre et leur qualit\u00e9 de vie. <\/p>\n","protected":false},"excerpt":{"rendered":"<p>Universal Park N\u00ba 1 est con\u00e7u pour permettre un contact direct de vos oiseaux avec le sol, favorisant leur croissance dans un environnement naturel et sain.<\/p>\n","protected":false},"featured_media":14144,"comment_status":"closed","ping_status":"closed","template":"","meta":[],"product_brand":[2212],"product_cat":[1811],"product_tag":[1937,1936,1825],"class_list":{"0":"post-14146","1":"product","2":"type-product","3":"status-publish","4":"has-post-thumbnail","6":"product_brand-gaun-fr","7":"product_cat-poulaillers","8":"product_tag-parc-fr","9":"product_tag-poulaillers","10":"product_tag-poulets","12":"first","13":"instock","14":"taxable","15":"shipping-taxable","16":"purchasable","17":"product-type-simple"},"yoast_head":"<!-- This site is optimized with the Yoast SEO plugin v27.3 - https:\/\/yoast.com\/product\/yoast-seo-wordpress\/ -->\n<title>Parc universel n\u00ba 1 | SAIGA<\/title>\n<meta name=\"description\" content=\"Ce Parc Universel est con\u00e7u pour permettre un contact direct de vos oiseaux avec le sol, favorisant leur croissance dans un environnement naturel et sain.\" \/>\n<meta name=\"robots\" content=\"index, follow, max-snippet:-1, max-image-preview:large, max-video-preview:-1\" \/>\n<link rel=\"canonical\" href=\"https:\/\/saiga.es\/fr\/produit\/parc-universel-no-1\/\" \/>\n<meta property=\"og:locale\" content=\"fr_FR\" \/>\n<meta property=\"og:type\" content=\"article\" \/>\n<meta property=\"og:title\" content=\"Parc universel n\u00ba 1 | SAIGA\" \/>\n<meta property=\"og:description\" content=\"Ce Parc Universel est con\u00e7u pour permettre un contact direct de vos oiseaux avec le sol, favorisant leur croissance dans un environnement naturel et sain.\" \/>\n<meta property=\"og:url\" content=\"https:\/\/saiga.es\/fr\/produit\/parc-universel-no-1\/\" \/>\n<meta property=\"og:site_name\" content=\"SAIGA\" \/>\n<meta property=\"article:modified_time\" content=\"2025-10-27T07:54:09+00:00\" \/>\n<meta property=\"og:image\" content=\"https:\/\/saiga.es\/wp-content\/uploads\/2025\/03\/Parc-universal-1.jpg\" \/>\n\t<meta property=\"og:image:width\" content=\"1080\" \/>\n\t<meta property=\"og:image:height\" content=\"1080\" \/>\n\t<meta property=\"og:image:type\" content=\"image\/jpeg\" \/>\n<meta name=\"twitter:card\" content=\"summary_large_image\" \/>\n<meta name=\"twitter:site\" content=\"@saiga_agro\" \/>\n<meta name=\"twitter:label1\" content=\"Dur\u00e9e de lecture estim\u00e9e\" \/>\n\t<meta name=\"twitter:data1\" content=\"1 minute\" \/>\n<script type=\"application\/ld+json\" class=\"yoast-schema-graph\">{\"@context\":\"https:\\\/\\\/schema.org\",\"@graph\":[{\"@type\":\"WebPage\",\"@id\":\"https:\\\/\\\/saiga.es\\\/fr\\\/produit\\\/parc-universel-no-1\\\/\",\"url\":\"https:\\\/\\\/saiga.es\\\/fr\\\/produit\\\/parc-universel-no-1\\\/\",\"name\":\"Parc universel n\u00ba 1 | SAIGA\",\"isPartOf\":{\"@id\":\"https:\\\/\\\/saiga.es\\\/fr\\\/#website\"},\"primaryImageOfPage\":{\"@id\":\"https:\\\/\\\/saiga.es\\\/fr\\\/produit\\\/parc-universel-no-1\\\/#primaryimage\"},\"image\":{\"@id\":\"https:\\\/\\\/saiga.es\\\/fr\\\/produit\\\/parc-universel-no-1\\\/#primaryimage\"},\"thumbnailUrl\":\"https:\\\/\\\/saiga.es\\\/wp-content\\\/uploads\\\/2025\\\/03\\\/Parc-universal-1.jpg\",\"datePublished\":\"2025-03-11T08:24:21+00:00\",\"dateModified\":\"2025-10-27T07:54:09+00:00\",\"description\":\"Ce Parc Universel est con\u00e7u pour permettre un contact direct de vos oiseaux avec le sol, favorisant leur croissance dans un environnement naturel et sain.\",\"breadcrumb\":{\"@id\":\"https:\\\/\\\/saiga.es\\\/fr\\\/produit\\\/parc-universel-no-1\\\/#breadcrumb\"},\"inLanguage\":\"fr-FR\",\"potentialAction\":[{\"@type\":\"ReadAction\",\"target\":[\"https:\\\/\\\/saiga.es\\\/fr\\\/produit\\\/parc-universel-no-1\\\/\"]}]},{\"@type\":\"ImageObject\",\"inLanguage\":\"fr-FR\",\"@id\":\"https:\\\/\\\/saiga.es\\\/fr\\\/produit\\\/parc-universel-no-1\\\/#primaryimage\",\"url\":\"https:\\\/\\\/saiga.es\\\/wp-content\\\/uploads\\\/2025\\\/03\\\/Parc-universal-1.jpg\",\"contentUrl\":\"https:\\\/\\\/saiga.es\\\/wp-content\\\/uploads\\\/2025\\\/03\\\/Parc-universal-1.jpg\",\"width\":1080,\"height\":1080,\"caption\":\"Parc universel pour poules\"},{\"@type\":\"BreadcrumbList\",\"@id\":\"https:\\\/\\\/saiga.es\\\/fr\\\/produit\\\/parc-universel-no-1\\\/#breadcrumb\",\"itemListElement\":[{\"@type\":\"ListItem\",\"position\":1,\"name\":\"Inici\",\"item\":\"https:\\\/\\\/saiga.es\\\/fr\\\/\"},{\"@type\":\"ListItem\",\"position\":2,\"name\":\"boutique\",\"item\":\"https:\\\/\\\/saiga.es\\\/fr\\\/boutique\\\/\"},{\"@type\":\"ListItem\",\"position\":3,\"name\":\"Parc universel n\u00ba 1\"}]},{\"@type\":\"WebSite\",\"@id\":\"https:\\\/\\\/saiga.es\\\/fr\\\/#website\",\"url\":\"https:\\\/\\\/saiga.es\\\/fr\\\/\",\"name\":\"SAIGA\",\"description\":\"M\u00e9s de 50 anys al servei de la terra i treballant per a un \u00fas eficient de l\u2019aigua!\",\"publisher\":{\"@id\":\"https:\\\/\\\/saiga.es\\\/fr\\\/#organization\"},\"potentialAction\":[{\"@type\":\"SearchAction\",\"target\":{\"@type\":\"EntryPoint\",\"urlTemplate\":\"https:\\\/\\\/saiga.es\\\/fr\\\/?s={search_term_string}\"},\"query-input\":{\"@type\":\"PropertyValueSpecification\",\"valueRequired\":true,\"valueName\":\"search_term_string\"}}],\"inLanguage\":\"fr-FR\"},{\"@type\":\"Organization\",\"@id\":\"https:\\\/\\\/saiga.es\\\/fr\\\/#organization\",\"name\":\"SAIGA\",\"url\":\"https:\\\/\\\/saiga.es\\\/fr\\\/\",\"logo\":{\"@type\":\"ImageObject\",\"inLanguage\":\"fr-FR\",\"@id\":\"https:\\\/\\\/saiga.es\\\/fr\\\/#\\\/schema\\\/logo\\\/image\\\/\",\"url\":\"https:\\\/\\\/saiga.es\\\/wp-content\\\/uploads\\\/2025\\\/07\\\/logo_saiga_baseline_optimitzat.svg\",\"contentUrl\":\"https:\\\/\\\/saiga.es\\\/wp-content\\\/uploads\\\/2025\\\/07\\\/logo_saiga_baseline_optimitzat.svg\",\"caption\":\"SAIGA\"},\"image\":{\"@id\":\"https:\\\/\\\/saiga.es\\\/fr\\\/#\\\/schema\\\/logo\\\/image\\\/\"},\"sameAs\":[\"https:\\\/\\\/x.com\\\/saiga_agro\",\"https:\\\/\\\/www.instagram.com\\\/saiga_agro\\\/\"]}]}<\/script>\n<!-- \/ Yoast SEO plugin. -->","yoast_head_json":{"title":"Parc universel n\u00ba 1 | SAIGA","description":"Ce Parc Universel est con\u00e7u pour permettre un contact direct de vos oiseaux avec le sol, favorisant leur croissance dans un environnement naturel et sain.","robots":{"index":"index","follow":"follow","max-snippet":"max-snippet:-1","max-image-preview":"max-image-preview:large","max-video-preview":"max-video-preview:-1"},"canonical":"https:\/\/saiga.es\/fr\/produit\/parc-universel-no-1\/","og_locale":"fr_FR","og_type":"article","og_title":"Parc universel n\u00ba 1 | SAIGA","og_description":"Ce Parc Universel est con\u00e7u pour permettre un contact direct de vos oiseaux avec le sol, favorisant leur croissance dans un environnement naturel et sain.","og_url":"https:\/\/saiga.es\/fr\/produit\/parc-universel-no-1\/","og_site_name":"SAIGA","article_modified_time":"2025-10-27T07:54:09+00:00","og_image":[{"width":1080,"height":1080,"url":"https:\/\/saiga.es\/wp-content\/uploads\/2025\/03\/Parc-universal-1.jpg","type":"image\/jpeg"}],"twitter_card":"summary_large_image","twitter_site":"@saiga_agro","twitter_misc":{"Dur\u00e9e de lecture estim\u00e9e":"1 minute"},"schema":{"@context":"https:\/\/schema.org","@graph":[{"@type":"WebPage","@id":"https:\/\/saiga.es\/fr\/produit\/parc-universel-no-1\/","url":"https:\/\/saiga.es\/fr\/produit\/parc-universel-no-1\/","name":"Parc universel n\u00ba 1 | SAIGA","isPartOf":{"@id":"https:\/\/saiga.es\/fr\/#website"},"primaryImageOfPage":{"@id":"https:\/\/saiga.es\/fr\/produit\/parc-universel-no-1\/#primaryimage"},"image":{"@id":"https:\/\/saiga.es\/fr\/produit\/parc-universel-no-1\/#primaryimage"},"thumbnailUrl":"https:\/\/saiga.es\/wp-content\/uploads\/2025\/03\/Parc-universal-1.jpg","datePublished":"2025-03-11T08:24:21+00:00","dateModified":"2025-10-27T07:54:09+00:00","description":"Ce Parc Universel est con\u00e7u pour permettre un contact direct de vos oiseaux avec le sol, favorisant leur croissance dans un environnement naturel et sain.","breadcrumb":{"@id":"https:\/\/saiga.es\/fr\/produit\/parc-universel-no-1\/#breadcrumb"},"inLanguage":"fr-FR","potentialAction":[{"@type":"ReadAction","target":["https:\/\/saiga.es\/fr\/produit\/parc-universel-no-1\/"]}]},{"@type":"ImageObject","inLanguage":"fr-FR","@id":"https:\/\/saiga.es\/fr\/produit\/parc-universel-no-1\/#primaryimage","url":"https:\/\/saiga.es\/wp-content\/uploads\/2025\/03\/Parc-universal-1.jpg","contentUrl":"https:\/\/saiga.es\/wp-content\/uploads\/2025\/03\/Parc-universal-1.jpg","width":1080,"height":1080,"caption":"Parc universel pour poules"},{"@type":"BreadcrumbList","@id":"https:\/\/saiga.es\/fr\/produit\/parc-universel-no-1\/#breadcrumb","itemListElement":[{"@type":"ListItem","position":1,"name":"Inici","item":"https:\/\/saiga.es\/fr\/"},{"@type":"ListItem","position":2,"name":"boutique","item":"https:\/\/saiga.es\/fr\/boutique\/"},{"@type":"ListItem","position":3,"name":"Parc universel n\u00ba 1"}]},{"@type":"WebSite","@id":"https:\/\/saiga.es\/fr\/#website","url":"https:\/\/saiga.es\/fr\/","name":"SAIGA","description":"M\u00e9s de 50 anys al servei de la terra i treballant per a un \u00fas eficient de l\u2019aigua!","publisher":{"@id":"https:\/\/saiga.es\/fr\/#organization"},"potentialAction":[{"@type":"SearchAction","target":{"@type":"EntryPoint","urlTemplate":"https:\/\/saiga.es\/fr\/?s={search_term_string}"},"query-input":{"@type":"PropertyValueSpecification","valueRequired":true,"valueName":"search_term_string"}}],"inLanguage":"fr-FR"},{"@type":"Organization","@id":"https:\/\/saiga.es\/fr\/#organization","name":"SAIGA","url":"https:\/\/saiga.es\/fr\/","logo":{"@type":"ImageObject","inLanguage":"fr-FR","@id":"https:\/\/saiga.es\/fr\/#\/schema\/logo\/image\/","url":"https:\/\/saiga.es\/wp-content\/uploads\/2025\/07\/logo_saiga_baseline_optimitzat.svg","contentUrl":"https:\/\/saiga.es\/wp-content\/uploads\/2025\/07\/logo_saiga_baseline_optimitzat.svg","caption":"SAIGA"},"image":{"@id":"https:\/\/saiga.es\/fr\/#\/schema\/logo\/image\/"},"sameAs":["https:\/\/x.com\/saiga_agro","https:\/\/www.instagram.com\/saiga_agro\/"]}]}},"_links":{"self":[{"href":"https:\/\/saiga.es\/fr\/wp-json\/wp\/v2\/product\/14146","targetHints":{"allow":["GET"]}}],"collection":[{"href":"https:\/\/saiga.es\/fr\/wp-json\/wp\/v2\/product"}],"about":[{"href":"https:\/\/saiga.es\/fr\/wp-json\/wp\/v2\/types\/product"}],"replies":[{"embeddable":true,"href":"https:\/\/saiga.es\/fr\/wp-json\/wp\/v2\/comments?post=14146"}],"wp:featuredmedia":[{"embeddable":true,"href":"https:\/\/saiga.es\/fr\/wp-json\/wp\/v2\/media\/14144"}],"wp:attachment":[{"href":"https:\/\/saiga.es\/fr\/wp-json\/wp\/v2\/media?parent=14146"}],"wp:term":[{"taxonomy":"product_brand","embeddable":true,"href":"https:\/\/saiga.es\/fr\/wp-json\/wp\/v2\/product_brand?post=14146"},{"taxonomy":"product_cat","embeddable":true,"href":"https:\/\/saiga.es\/fr\/wp-json\/wp\/v2\/product_cat?post=14146"},{"taxonomy":"product_tag","embeddable":true,"href":"https:\/\/saiga.es\/fr\/wp-json\/wp\/v2\/product_tag?post=14146"}],"curies":[{"name":"wp","href":"https:\/\/api.w.org\/{rel}","templated":true}]}}