{"id":14168,"date":"2025-03-11T10:38:10","date_gmt":"2025-03-11T10:38:10","guid":{"rendered":"https:\/\/botiga.saiga.es\/producte\/incubateur-12-oeufs-automatique-numerique\/"},"modified":"2025-03-11T10:38:10","modified_gmt":"2025-03-11T10:38:10","slug":"incubateur-12-oeufs-automatique-numerique","status":"publish","type":"product","link":"https:\/\/saiga.es\/fr\/produit\/incubateur-12-oeufs-automatique-numerique\/","title":{"rendered":"Incubateur 12 \u0153ufs, automatique num\u00e9rique"},"content":{"rendered":"<p>L&rsquo;incubateur num\u00e9rique 12 \u0153ufs est con\u00e7u pour incuber les \u0153ufs de poule, faisan, caille, perdrix, dinde, dinde, pigeon, oiseaux exotiques, rapaces ou palmip\u00e8des (oie, colvert, toutes races de canards, etc.). Sa capacit\u00e9 est jusqu&rsquo;\u00e0 12 \u0153ufs. caille). <\/p>\n","protected":false},"excerpt":{"rendered":"<p>L&rsquo;incubateur num\u00e9rique de 12 \u0153ufs est con\u00e7u pour incuber les \u0153ufs de poulet, faisan, caille, perdrix, dinde, dinde, pigeon, oiseaux exotiques, rapaces ou palmip\u00e8des (oie, colvert, toutes races de canards, etc.)<\/p>\n","protected":false},"featured_media":14166,"comment_status":"closed","ping_status":"closed","template":"","meta":[],"product_brand":[2212],"product_cat":[1941],"product_tag":[714,1946,1825],"class_list":{"0":"post-14168","1":"product","2":"type-product","3":"status-publish","4":"has-post-thumbnail","6":"product_brand-gaun-fr","7":"product_cat-incubateurs","8":"product_tag-betail","9":"product_tag-incubateurs","10":"product_tag-poulets","12":"first","13":"instock","14":"taxable","15":"shipping-taxable","16":"purchasable","17":"product-type-simple"},"yoast_head":"<!-- This site is optimized with the Yoast SEO plugin v27.3 - https:\/\/yoast.com\/product\/yoast-seo-wordpress\/ -->\n<title>Incubateur 12 \u0153ufs, automatique num\u00e9rique | SAIGA<\/title>\n<meta name=\"description\" content=\"L&#039;incubateur num\u00e9rique de 12 \u0153ufs est con\u00e7u pour incuber les \u0153ufs de poulet, faisan, caille, perdrix, dinde, dinde, pigeon, oiseaux exotiques, rapaces ou palmip\u00e8des (oie, colvert, toutes races de canards, etc.)\" \/>\n<meta name=\"robots\" content=\"index, follow, max-snippet:-1, max-image-preview:large, max-video-preview:-1\" \/>\n<link rel=\"canonical\" href=\"https:\/\/saiga.es\/fr\/produit\/incubateur-12-oeufs-automatique-numerique\/\" \/>\n<meta property=\"og:locale\" content=\"fr_FR\" \/>\n<meta property=\"og:type\" content=\"article\" \/>\n<meta property=\"og:title\" content=\"Incubateur 12 \u0153ufs, automatique num\u00e9rique | SAIGA\" \/>\n<meta property=\"og:description\" content=\"L&#039;incubateur num\u00e9rique de 12 \u0153ufs est con\u00e7u pour incuber les \u0153ufs de poulet, faisan, caille, perdrix, dinde, dinde, pigeon, oiseaux exotiques, rapaces ou palmip\u00e8des (oie, colvert, toutes races de canards, etc.)\" \/>\n<meta property=\"og:url\" content=\"https:\/\/saiga.es\/fr\/produit\/incubateur-12-oeufs-automatique-numerique\/\" \/>\n<meta property=\"og:site_name\" content=\"SAIGA\" \/>\n<meta property=\"og:image\" content=\"https:\/\/saiga.es\/wp-content\/uploads\/2025\/03\/Incubadora-12-ous.jpg\" \/>\n\t<meta property=\"og:image:width\" content=\"1080\" \/>\n\t<meta property=\"og:image:height\" content=\"1080\" \/>\n\t<meta property=\"og:image:type\" content=\"image\/jpeg\" \/>\n<meta name=\"twitter:card\" content=\"summary_large_image\" \/>\n<meta name=\"twitter:site\" content=\"@saiga_agro\" \/>\n<script type=\"application\/ld+json\" class=\"yoast-schema-graph\">{\"@context\":\"https:\\\/\\\/schema.org\",\"@graph\":[{\"@type\":\"WebPage\",\"@id\":\"https:\\\/\\\/saiga.es\\\/fr\\\/produit\\\/incubateur-12-oeufs-automatique-numerique\\\/\",\"url\":\"https:\\\/\\\/saiga.es\\\/fr\\\/produit\\\/incubateur-12-oeufs-automatique-numerique\\\/\",\"name\":\"Incubateur 12 \u0153ufs, automatique num\u00e9rique | SAIGA\",\"isPartOf\":{\"@id\":\"https:\\\/\\\/saiga.es\\\/fr\\\/#website\"},\"primaryImageOfPage\":{\"@id\":\"https:\\\/\\\/saiga.es\\\/fr\\\/produit\\\/incubateur-12-oeufs-automatique-numerique\\\/#primaryimage\"},\"image\":{\"@id\":\"https:\\\/\\\/saiga.es\\\/fr\\\/produit\\\/incubateur-12-oeufs-automatique-numerique\\\/#primaryimage\"},\"thumbnailUrl\":\"https:\\\/\\\/saiga.es\\\/wp-content\\\/uploads\\\/2025\\\/03\\\/Incubadora-12-ous.jpg\",\"datePublished\":\"2025-03-11T10:38:10+00:00\",\"description\":\"L'incubateur num\u00e9rique de 12 \u0153ufs est con\u00e7u pour incuber les \u0153ufs de poulet, faisan, caille, perdrix, dinde, dinde, pigeon, oiseaux exotiques, rapaces ou palmip\u00e8des (oie, colvert, toutes races de canards, etc.)\",\"breadcrumb\":{\"@id\":\"https:\\\/\\\/saiga.es\\\/fr\\\/produit\\\/incubateur-12-oeufs-automatique-numerique\\\/#breadcrumb\"},\"inLanguage\":\"fr-FR\",\"potentialAction\":[{\"@type\":\"ReadAction\",\"target\":[\"https:\\\/\\\/saiga.es\\\/fr\\\/produit\\\/incubateur-12-oeufs-automatique-numerique\\\/\"]}]},{\"@type\":\"ImageObject\",\"inLanguage\":\"fr-FR\",\"@id\":\"https:\\\/\\\/saiga.es\\\/fr\\\/produit\\\/incubateur-12-oeufs-automatique-numerique\\\/#primaryimage\",\"url\":\"https:\\\/\\\/saiga.es\\\/wp-content\\\/uploads\\\/2025\\\/03\\\/Incubadora-12-ous.jpg\",\"contentUrl\":\"https:\\\/\\\/saiga.es\\\/wp-content\\\/uploads\\\/2025\\\/03\\\/Incubadora-12-ous.jpg\",\"width\":1080,\"height\":1080,\"caption\":\"Incubateur 12 oeufs\"},{\"@type\":\"BreadcrumbList\",\"@id\":\"https:\\\/\\\/saiga.es\\\/fr\\\/produit\\\/incubateur-12-oeufs-automatique-numerique\\\/#breadcrumb\",\"itemListElement\":[{\"@type\":\"ListItem\",\"position\":1,\"name\":\"Inici\",\"item\":\"https:\\\/\\\/saiga.es\\\/fr\\\/\"},{\"@type\":\"ListItem\",\"position\":2,\"name\":\"boutique\",\"item\":\"https:\\\/\\\/saiga.es\\\/fr\\\/boutique\\\/\"},{\"@type\":\"ListItem\",\"position\":3,\"name\":\"Incubateur 12 \u0153ufs, automatique num\u00e9rique\"}]},{\"@type\":\"WebSite\",\"@id\":\"https:\\\/\\\/saiga.es\\\/fr\\\/#website\",\"url\":\"https:\\\/\\\/saiga.es\\\/fr\\\/\",\"name\":\"SAIGA\",\"description\":\"M\u00e9s de 50 anys al servei de la terra i treballant per a un \u00fas eficient de l\u2019aigua!\",\"publisher\":{\"@id\":\"https:\\\/\\\/saiga.es\\\/fr\\\/#organization\"},\"potentialAction\":[{\"@type\":\"SearchAction\",\"target\":{\"@type\":\"EntryPoint\",\"urlTemplate\":\"https:\\\/\\\/saiga.es\\\/fr\\\/?s={search_term_string}\"},\"query-input\":{\"@type\":\"PropertyValueSpecification\",\"valueRequired\":true,\"valueName\":\"search_term_string\"}}],\"inLanguage\":\"fr-FR\"},{\"@type\":\"Organization\",\"@id\":\"https:\\\/\\\/saiga.es\\\/fr\\\/#organization\",\"name\":\"SAIGA\",\"url\":\"https:\\\/\\\/saiga.es\\\/fr\\\/\",\"logo\":{\"@type\":\"ImageObject\",\"inLanguage\":\"fr-FR\",\"@id\":\"https:\\\/\\\/saiga.es\\\/fr\\\/#\\\/schema\\\/logo\\\/image\\\/\",\"url\":\"https:\\\/\\\/saiga.es\\\/wp-content\\\/uploads\\\/2025\\\/07\\\/logo_saiga_baseline_optimitzat.svg\",\"contentUrl\":\"https:\\\/\\\/saiga.es\\\/wp-content\\\/uploads\\\/2025\\\/07\\\/logo_saiga_baseline_optimitzat.svg\",\"caption\":\"SAIGA\"},\"image\":{\"@id\":\"https:\\\/\\\/saiga.es\\\/fr\\\/#\\\/schema\\\/logo\\\/image\\\/\"},\"sameAs\":[\"https:\\\/\\\/x.com\\\/saiga_agro\",\"https:\\\/\\\/www.instagram.com\\\/saiga_agro\\\/\"]}]}<\/script>\n<!-- \/ Yoast SEO plugin. -->","yoast_head_json":{"title":"Incubateur 12 \u0153ufs, automatique num\u00e9rique | SAIGA","description":"L'incubateur num\u00e9rique de 12 \u0153ufs est con\u00e7u pour incuber les \u0153ufs de poulet, faisan, caille, perdrix, dinde, dinde, pigeon, oiseaux exotiques, rapaces ou palmip\u00e8des (oie, colvert, toutes races de canards, etc.)","robots":{"index":"index","follow":"follow","max-snippet":"max-snippet:-1","max-image-preview":"max-image-preview:large","max-video-preview":"max-video-preview:-1"},"canonical":"https:\/\/saiga.es\/fr\/produit\/incubateur-12-oeufs-automatique-numerique\/","og_locale":"fr_FR","og_type":"article","og_title":"Incubateur 12 \u0153ufs, automatique num\u00e9rique | SAIGA","og_description":"L'incubateur num\u00e9rique de 12 \u0153ufs est con\u00e7u pour incuber les \u0153ufs de poulet, faisan, caille, perdrix, dinde, dinde, pigeon, oiseaux exotiques, rapaces ou palmip\u00e8des (oie, colvert, toutes races de canards, etc.)","og_url":"https:\/\/saiga.es\/fr\/produit\/incubateur-12-oeufs-automatique-numerique\/","og_site_name":"SAIGA","og_image":[{"width":1080,"height":1080,"url":"https:\/\/saiga.es\/wp-content\/uploads\/2025\/03\/Incubadora-12-ous.jpg","type":"image\/jpeg"}],"twitter_card":"summary_large_image","twitter_site":"@saiga_agro","schema":{"@context":"https:\/\/schema.org","@graph":[{"@type":"WebPage","@id":"https:\/\/saiga.es\/fr\/produit\/incubateur-12-oeufs-automatique-numerique\/","url":"https:\/\/saiga.es\/fr\/produit\/incubateur-12-oeufs-automatique-numerique\/","name":"Incubateur 12 \u0153ufs, automatique num\u00e9rique | SAIGA","isPartOf":{"@id":"https:\/\/saiga.es\/fr\/#website"},"primaryImageOfPage":{"@id":"https:\/\/saiga.es\/fr\/produit\/incubateur-12-oeufs-automatique-numerique\/#primaryimage"},"image":{"@id":"https:\/\/saiga.es\/fr\/produit\/incubateur-12-oeufs-automatique-numerique\/#primaryimage"},"thumbnailUrl":"https:\/\/saiga.es\/wp-content\/uploads\/2025\/03\/Incubadora-12-ous.jpg","datePublished":"2025-03-11T10:38:10+00:00","description":"L'incubateur num\u00e9rique de 12 \u0153ufs est con\u00e7u pour incuber les \u0153ufs de poulet, faisan, caille, perdrix, dinde, dinde, pigeon, oiseaux exotiques, rapaces ou palmip\u00e8des (oie, colvert, toutes races de canards, etc.)","breadcrumb":{"@id":"https:\/\/saiga.es\/fr\/produit\/incubateur-12-oeufs-automatique-numerique\/#breadcrumb"},"inLanguage":"fr-FR","potentialAction":[{"@type":"ReadAction","target":["https:\/\/saiga.es\/fr\/produit\/incubateur-12-oeufs-automatique-numerique\/"]}]},{"@type":"ImageObject","inLanguage":"fr-FR","@id":"https:\/\/saiga.es\/fr\/produit\/incubateur-12-oeufs-automatique-numerique\/#primaryimage","url":"https:\/\/saiga.es\/wp-content\/uploads\/2025\/03\/Incubadora-12-ous.jpg","contentUrl":"https:\/\/saiga.es\/wp-content\/uploads\/2025\/03\/Incubadora-12-ous.jpg","width":1080,"height":1080,"caption":"Incubateur 12 oeufs"},{"@type":"BreadcrumbList","@id":"https:\/\/saiga.es\/fr\/produit\/incubateur-12-oeufs-automatique-numerique\/#breadcrumb","itemListElement":[{"@type":"ListItem","position":1,"name":"Inici","item":"https:\/\/saiga.es\/fr\/"},{"@type":"ListItem","position":2,"name":"boutique","item":"https:\/\/saiga.es\/fr\/boutique\/"},{"@type":"ListItem","position":3,"name":"Incubateur 12 \u0153ufs, automatique num\u00e9rique"}]},{"@type":"WebSite","@id":"https:\/\/saiga.es\/fr\/#website","url":"https:\/\/saiga.es\/fr\/","name":"SAIGA","description":"M\u00e9s de 50 anys al servei de la terra i treballant per a un \u00fas eficient de l\u2019aigua!","publisher":{"@id":"https:\/\/saiga.es\/fr\/#organization"},"potentialAction":[{"@type":"SearchAction","target":{"@type":"EntryPoint","urlTemplate":"https:\/\/saiga.es\/fr\/?s={search_term_string}"},"query-input":{"@type":"PropertyValueSpecification","valueRequired":true,"valueName":"search_term_string"}}],"inLanguage":"fr-FR"},{"@type":"Organization","@id":"https:\/\/saiga.es\/fr\/#organization","name":"SAIGA","url":"https:\/\/saiga.es\/fr\/","logo":{"@type":"ImageObject","inLanguage":"fr-FR","@id":"https:\/\/saiga.es\/fr\/#\/schema\/logo\/image\/","url":"https:\/\/saiga.es\/wp-content\/uploads\/2025\/07\/logo_saiga_baseline_optimitzat.svg","contentUrl":"https:\/\/saiga.es\/wp-content\/uploads\/2025\/07\/logo_saiga_baseline_optimitzat.svg","caption":"SAIGA"},"image":{"@id":"https:\/\/saiga.es\/fr\/#\/schema\/logo\/image\/"},"sameAs":["https:\/\/x.com\/saiga_agro","https:\/\/www.instagram.com\/saiga_agro\/"]}]}},"_links":{"self":[{"href":"https:\/\/saiga.es\/fr\/wp-json\/wp\/v2\/product\/14168","targetHints":{"allow":["GET"]}}],"collection":[{"href":"https:\/\/saiga.es\/fr\/wp-json\/wp\/v2\/product"}],"about":[{"href":"https:\/\/saiga.es\/fr\/wp-json\/wp\/v2\/types\/product"}],"replies":[{"embeddable":true,"href":"https:\/\/saiga.es\/fr\/wp-json\/wp\/v2\/comments?post=14168"}],"wp:featuredmedia":[{"embeddable":true,"href":"https:\/\/saiga.es\/fr\/wp-json\/wp\/v2\/media\/14166"}],"wp:attachment":[{"href":"https:\/\/saiga.es\/fr\/wp-json\/wp\/v2\/media?parent=14168"}],"wp:term":[{"taxonomy":"product_brand","embeddable":true,"href":"https:\/\/saiga.es\/fr\/wp-json\/wp\/v2\/product_brand?post=14168"},{"taxonomy":"product_cat","embeddable":true,"href":"https:\/\/saiga.es\/fr\/wp-json\/wp\/v2\/product_cat?post=14168"},{"taxonomy":"product_tag","embeddable":true,"href":"https:\/\/saiga.es\/fr\/wp-json\/wp\/v2\/product_tag?post=14168"}],"curies":[{"name":"wp","href":"https:\/\/api.w.org\/{rel}","templated":true}]}}