{"id":14179,"date":"2025-03-11T11:43:30","date_gmt":"2025-03-11T11:43:30","guid":{"rendered":"https:\/\/botiga.saiga.es\/producte\/departements-de-couche-3\/"},"modified":"2025-10-27T07:54:10","modified_gmt":"2025-10-27T07:54:10","slug":"departements-de-couche-3","status":"publish","type":"product","link":"https:\/\/saiga.es\/fr\/produit\/departements-de-couche-3\/","title":{"rendered":"D\u00e9partements de couche 3"},"content":{"rendered":"<p>Le nichoir \u00e0 3 compartiments avec fond en plastique de Gaun est con\u00e7u pour les poules et les volailles, offrant un espace confortable et s\u00fbr pour pondre les \u0153ufs. Son fond en plastique, l\u00e9g\u00e8rement inclin\u00e9, permet aux \u0153ufs de glisser en douceur dans un seau en plastique s\u00e9par\u00e9, assurant ainsi leur propret\u00e9 et leur protection. <\/p>\n<p>Fabriqu\u00e9 \u00e0 partir de t\u00f4le galvanis\u00e9e et de plastique durable, ce poulailler est l\u00e9ger, durable et facile \u00e0 assembler. Sa conception comprend un nichoir hygi\u00e9nique et facile \u00e0 nettoyer qui offre aux oiseaux un environnement de nidification abrit\u00e9 et calme. De plus, le toit en pente emp\u00eache les oiseaux de s&rsquo;y percher, le gardant ainsi propre et en parfait \u00e9tat.  <\/p>\n","protected":false},"excerpt":{"rendered":"<p>Nid avec fond en plastique pour garder les \u0153ufs propres. Il peut \u00eatre install\u00e9 au soleil ou accroch\u00e9 au mur. Les \u0153ufs sont faciles \u00e0 ramasser et la finition est sublime.  <\/p>\n","protected":false},"featured_media":14177,"comment_status":"closed","ping_status":"closed","template":"","meta":[],"product_brand":[2212],"product_cat":[1952],"product_tag":[714,1953,1930,1825],"class_list":{"0":"post-14179","1":"product","2":"type-product","3":"status-publish","4":"has-post-thumbnail","6":"product_brand-gaun-fr","7":"product_cat-calques","8":"product_tag-betail","9":"product_tag-calques","10":"product_tag-poulailler","11":"product_tag-poulets","13":"first","14":"instock","15":"taxable","16":"shipping-taxable","17":"purchasable","18":"product-type-simple"},"yoast_head":"<!-- This site is optimized with the Yoast SEO plugin v27.3 - https:\/\/yoast.com\/product\/yoast-seo-wordpress\/ -->\n<title>D\u00e9partements de couche 3 | SAIGA<\/title>\n<meta name=\"description\" content=\"Nid avec fond en plastique pour garder les \u0153ufs propres. Il peut \u00eatre install\u00e9 au sol ou accroch\u00e9 au mur. Les \u0153ufs sont faciles \u00e0 r\u00e9colter et la finale est sublime.\" \/>\n<meta name=\"robots\" content=\"index, follow, max-snippet:-1, max-image-preview:large, max-video-preview:-1\" \/>\n<link rel=\"canonical\" href=\"https:\/\/saiga.es\/fr\/produit\/departements-de-couche-3\/\" \/>\n<meta property=\"og:locale\" content=\"fr_FR\" \/>\n<meta property=\"og:type\" content=\"article\" \/>\n<meta property=\"og:title\" content=\"D\u00e9partements de couche 3 | SAIGA\" \/>\n<meta property=\"og:description\" content=\"Nid avec fond en plastique pour garder les \u0153ufs propres. Il peut \u00eatre install\u00e9 au sol ou accroch\u00e9 au mur. Les \u0153ufs sont faciles \u00e0 r\u00e9colter et la finale est sublime.\" \/>\n<meta property=\"og:url\" content=\"https:\/\/saiga.es\/fr\/produit\/departements-de-couche-3\/\" \/>\n<meta property=\"og:site_name\" content=\"SAIGA\" \/>\n<meta property=\"article:modified_time\" content=\"2025-10-27T07:54:10+00:00\" \/>\n<meta property=\"og:image\" content=\"https:\/\/saiga.es\/wp-content\/uploads\/2025\/03\/Ponedores-3-departaments.jpg\" \/>\n\t<meta property=\"og:image:width\" content=\"1080\" \/>\n\t<meta property=\"og:image:height\" content=\"1080\" \/>\n\t<meta property=\"og:image:type\" content=\"image\/jpeg\" \/>\n<meta name=\"twitter:card\" content=\"summary_large_image\" \/>\n<meta name=\"twitter:site\" content=\"@saiga_agro\" \/>\n<meta name=\"twitter:label1\" content=\"Dur\u00e9e de lecture estim\u00e9e\" \/>\n\t<meta name=\"twitter:data1\" content=\"1 minute\" \/>\n<script type=\"application\/ld+json\" class=\"yoast-schema-graph\">{\"@context\":\"https:\\\/\\\/schema.org\",\"@graph\":[{\"@type\":\"WebPage\",\"@id\":\"https:\\\/\\\/saiga.es\\\/fr\\\/produit\\\/departements-de-couche-3\\\/\",\"url\":\"https:\\\/\\\/saiga.es\\\/fr\\\/produit\\\/departements-de-couche-3\\\/\",\"name\":\"D\u00e9partements de couche 3 | SAIGA\",\"isPartOf\":{\"@id\":\"https:\\\/\\\/saiga.es\\\/fr\\\/#website\"},\"primaryImageOfPage\":{\"@id\":\"https:\\\/\\\/saiga.es\\\/fr\\\/produit\\\/departements-de-couche-3\\\/#primaryimage\"},\"image\":{\"@id\":\"https:\\\/\\\/saiga.es\\\/fr\\\/produit\\\/departements-de-couche-3\\\/#primaryimage\"},\"thumbnailUrl\":\"https:\\\/\\\/saiga.es\\\/wp-content\\\/uploads\\\/2025\\\/03\\\/Ponedores-3-departaments.jpg\",\"datePublished\":\"2025-03-11T11:43:30+00:00\",\"dateModified\":\"2025-10-27T07:54:10+00:00\",\"description\":\"Nid avec fond en plastique pour garder les \u0153ufs propres. Il peut \u00eatre install\u00e9 au sol ou accroch\u00e9 au mur. Les \u0153ufs sont faciles \u00e0 r\u00e9colter et la finale est sublime.\",\"breadcrumb\":{\"@id\":\"https:\\\/\\\/saiga.es\\\/fr\\\/produit\\\/departements-de-couche-3\\\/#breadcrumb\"},\"inLanguage\":\"fr-FR\",\"potentialAction\":[{\"@type\":\"ReadAction\",\"target\":[\"https:\\\/\\\/saiga.es\\\/fr\\\/produit\\\/departements-de-couche-3\\\/\"]}]},{\"@type\":\"ImageObject\",\"inLanguage\":\"fr-FR\",\"@id\":\"https:\\\/\\\/saiga.es\\\/fr\\\/produit\\\/departements-de-couche-3\\\/#primaryimage\",\"url\":\"https:\\\/\\\/saiga.es\\\/wp-content\\\/uploads\\\/2025\\\/03\\\/Ponedores-3-departaments.jpg\",\"contentUrl\":\"https:\\\/\\\/saiga.es\\\/wp-content\\\/uploads\\\/2025\\\/03\\\/Ponedores-3-departaments.jpg\",\"width\":1080,\"height\":1080,\"caption\":\"Couches 3 d\u00e9partements\"},{\"@type\":\"BreadcrumbList\",\"@id\":\"https:\\\/\\\/saiga.es\\\/fr\\\/produit\\\/departements-de-couche-3\\\/#breadcrumb\",\"itemListElement\":[{\"@type\":\"ListItem\",\"position\":1,\"name\":\"Inici\",\"item\":\"https:\\\/\\\/saiga.es\\\/fr\\\/\"},{\"@type\":\"ListItem\",\"position\":2,\"name\":\"boutique\",\"item\":\"https:\\\/\\\/saiga.es\\\/fr\\\/boutique\\\/\"},{\"@type\":\"ListItem\",\"position\":3,\"name\":\"D\u00e9partements de couche 3\"}]},{\"@type\":\"WebSite\",\"@id\":\"https:\\\/\\\/saiga.es\\\/fr\\\/#website\",\"url\":\"https:\\\/\\\/saiga.es\\\/fr\\\/\",\"name\":\"SAIGA\",\"description\":\"M\u00e9s de 50 anys al servei de la terra i treballant per a un \u00fas eficient de l\u2019aigua!\",\"publisher\":{\"@id\":\"https:\\\/\\\/saiga.es\\\/fr\\\/#organization\"},\"potentialAction\":[{\"@type\":\"SearchAction\",\"target\":{\"@type\":\"EntryPoint\",\"urlTemplate\":\"https:\\\/\\\/saiga.es\\\/fr\\\/?s={search_term_string}\"},\"query-input\":{\"@type\":\"PropertyValueSpecification\",\"valueRequired\":true,\"valueName\":\"search_term_string\"}}],\"inLanguage\":\"fr-FR\"},{\"@type\":\"Organization\",\"@id\":\"https:\\\/\\\/saiga.es\\\/fr\\\/#organization\",\"name\":\"SAIGA\",\"url\":\"https:\\\/\\\/saiga.es\\\/fr\\\/\",\"logo\":{\"@type\":\"ImageObject\",\"inLanguage\":\"fr-FR\",\"@id\":\"https:\\\/\\\/saiga.es\\\/fr\\\/#\\\/schema\\\/logo\\\/image\\\/\",\"url\":\"https:\\\/\\\/saiga.es\\\/wp-content\\\/uploads\\\/2025\\\/07\\\/logo_saiga_baseline_optimitzat.svg\",\"contentUrl\":\"https:\\\/\\\/saiga.es\\\/wp-content\\\/uploads\\\/2025\\\/07\\\/logo_saiga_baseline_optimitzat.svg\",\"caption\":\"SAIGA\"},\"image\":{\"@id\":\"https:\\\/\\\/saiga.es\\\/fr\\\/#\\\/schema\\\/logo\\\/image\\\/\"},\"sameAs\":[\"https:\\\/\\\/x.com\\\/saiga_agro\",\"https:\\\/\\\/www.instagram.com\\\/saiga_agro\\\/\"]}]}<\/script>\n<!-- \/ Yoast SEO plugin. -->","yoast_head_json":{"title":"D\u00e9partements de couche 3 | SAIGA","description":"Nid avec fond en plastique pour garder les \u0153ufs propres. Il peut \u00eatre install\u00e9 au sol ou accroch\u00e9 au mur. Les \u0153ufs sont faciles \u00e0 r\u00e9colter et la finale est sublime.","robots":{"index":"index","follow":"follow","max-snippet":"max-snippet:-1","max-image-preview":"max-image-preview:large","max-video-preview":"max-video-preview:-1"},"canonical":"https:\/\/saiga.es\/fr\/produit\/departements-de-couche-3\/","og_locale":"fr_FR","og_type":"article","og_title":"D\u00e9partements de couche 3 | SAIGA","og_description":"Nid avec fond en plastique pour garder les \u0153ufs propres. Il peut \u00eatre install\u00e9 au sol ou accroch\u00e9 au mur. Les \u0153ufs sont faciles \u00e0 r\u00e9colter et la finale est sublime.","og_url":"https:\/\/saiga.es\/fr\/produit\/departements-de-couche-3\/","og_site_name":"SAIGA","article_modified_time":"2025-10-27T07:54:10+00:00","og_image":[{"width":1080,"height":1080,"url":"https:\/\/saiga.es\/wp-content\/uploads\/2025\/03\/Ponedores-3-departaments.jpg","type":"image\/jpeg"}],"twitter_card":"summary_large_image","twitter_site":"@saiga_agro","twitter_misc":{"Dur\u00e9e de lecture estim\u00e9e":"1 minute"},"schema":{"@context":"https:\/\/schema.org","@graph":[{"@type":"WebPage","@id":"https:\/\/saiga.es\/fr\/produit\/departements-de-couche-3\/","url":"https:\/\/saiga.es\/fr\/produit\/departements-de-couche-3\/","name":"D\u00e9partements de couche 3 | SAIGA","isPartOf":{"@id":"https:\/\/saiga.es\/fr\/#website"},"primaryImageOfPage":{"@id":"https:\/\/saiga.es\/fr\/produit\/departements-de-couche-3\/#primaryimage"},"image":{"@id":"https:\/\/saiga.es\/fr\/produit\/departements-de-couche-3\/#primaryimage"},"thumbnailUrl":"https:\/\/saiga.es\/wp-content\/uploads\/2025\/03\/Ponedores-3-departaments.jpg","datePublished":"2025-03-11T11:43:30+00:00","dateModified":"2025-10-27T07:54:10+00:00","description":"Nid avec fond en plastique pour garder les \u0153ufs propres. Il peut \u00eatre install\u00e9 au sol ou accroch\u00e9 au mur. Les \u0153ufs sont faciles \u00e0 r\u00e9colter et la finale est sublime.","breadcrumb":{"@id":"https:\/\/saiga.es\/fr\/produit\/departements-de-couche-3\/#breadcrumb"},"inLanguage":"fr-FR","potentialAction":[{"@type":"ReadAction","target":["https:\/\/saiga.es\/fr\/produit\/departements-de-couche-3\/"]}]},{"@type":"ImageObject","inLanguage":"fr-FR","@id":"https:\/\/saiga.es\/fr\/produit\/departements-de-couche-3\/#primaryimage","url":"https:\/\/saiga.es\/wp-content\/uploads\/2025\/03\/Ponedores-3-departaments.jpg","contentUrl":"https:\/\/saiga.es\/wp-content\/uploads\/2025\/03\/Ponedores-3-departaments.jpg","width":1080,"height":1080,"caption":"Couches 3 d\u00e9partements"},{"@type":"BreadcrumbList","@id":"https:\/\/saiga.es\/fr\/produit\/departements-de-couche-3\/#breadcrumb","itemListElement":[{"@type":"ListItem","position":1,"name":"Inici","item":"https:\/\/saiga.es\/fr\/"},{"@type":"ListItem","position":2,"name":"boutique","item":"https:\/\/saiga.es\/fr\/boutique\/"},{"@type":"ListItem","position":3,"name":"D\u00e9partements de couche 3"}]},{"@type":"WebSite","@id":"https:\/\/saiga.es\/fr\/#website","url":"https:\/\/saiga.es\/fr\/","name":"SAIGA","description":"M\u00e9s de 50 anys al servei de la terra i treballant per a un \u00fas eficient de l\u2019aigua!","publisher":{"@id":"https:\/\/saiga.es\/fr\/#organization"},"potentialAction":[{"@type":"SearchAction","target":{"@type":"EntryPoint","urlTemplate":"https:\/\/saiga.es\/fr\/?s={search_term_string}"},"query-input":{"@type":"PropertyValueSpecification","valueRequired":true,"valueName":"search_term_string"}}],"inLanguage":"fr-FR"},{"@type":"Organization","@id":"https:\/\/saiga.es\/fr\/#organization","name":"SAIGA","url":"https:\/\/saiga.es\/fr\/","logo":{"@type":"ImageObject","inLanguage":"fr-FR","@id":"https:\/\/saiga.es\/fr\/#\/schema\/logo\/image\/","url":"https:\/\/saiga.es\/wp-content\/uploads\/2025\/07\/logo_saiga_baseline_optimitzat.svg","contentUrl":"https:\/\/saiga.es\/wp-content\/uploads\/2025\/07\/logo_saiga_baseline_optimitzat.svg","caption":"SAIGA"},"image":{"@id":"https:\/\/saiga.es\/fr\/#\/schema\/logo\/image\/"},"sameAs":["https:\/\/x.com\/saiga_agro","https:\/\/www.instagram.com\/saiga_agro\/"]}]}},"_links":{"self":[{"href":"https:\/\/saiga.es\/fr\/wp-json\/wp\/v2\/product\/14179","targetHints":{"allow":["GET"]}}],"collection":[{"href":"https:\/\/saiga.es\/fr\/wp-json\/wp\/v2\/product"}],"about":[{"href":"https:\/\/saiga.es\/fr\/wp-json\/wp\/v2\/types\/product"}],"replies":[{"embeddable":true,"href":"https:\/\/saiga.es\/fr\/wp-json\/wp\/v2\/comments?post=14179"}],"wp:featuredmedia":[{"embeddable":true,"href":"https:\/\/saiga.es\/fr\/wp-json\/wp\/v2\/media\/14177"}],"wp:attachment":[{"href":"https:\/\/saiga.es\/fr\/wp-json\/wp\/v2\/media?parent=14179"}],"wp:term":[{"taxonomy":"product_brand","embeddable":true,"href":"https:\/\/saiga.es\/fr\/wp-json\/wp\/v2\/product_brand?post=14179"},{"taxonomy":"product_cat","embeddable":true,"href":"https:\/\/saiga.es\/fr\/wp-json\/wp\/v2\/product_cat?post=14179"},{"taxonomy":"product_tag","embeddable":true,"href":"https:\/\/saiga.es\/fr\/wp-json\/wp\/v2\/product_tag?post=14179"}],"curies":[{"name":"wp","href":"https:\/\/api.w.org\/{rel}","templated":true}]}}