{"id":14255,"date":"2025-03-21T10:21:26","date_gmt":"2025-03-21T10:21:26","guid":{"rendered":"https:\/\/botiga.saiga.es\/producte\/maille-triple-torsion-galvanisee\/"},"modified":"2025-03-21T10:21:26","modified_gmt":"2025-03-21T10:21:26","slug":"maille-triple-torsion-galvanisee","status":"publish","type":"product","link":"https:\/\/saiga.es\/fr\/produit\/maille-triple-torsion-galvanisee\/","title":{"rendered":"Maille triple torsion galvanis\u00e9e"},"content":{"rendered":"<p>Treillis galvanis\u00e9 triple torsion r\u00e9alis\u00e9 avec des fils de 0,70 \u00e0 0,90 mm d&rsquo;\u00e9paisseur. Diff\u00e9rents types d&rsquo;espaces et de hauteurs pour offrir une grande vari\u00e9t\u00e9 de dimensions au client. Fabriqu\u00e9 avec un rev\u00eatement en fil galvanis\u00e9 de 20 \u00e0 40 gr\/m\u00b2, selon le diam\u00e8tre, et une r\u00e9sistance \u00e0 la traction de 400-500 N\/mm\u00b2. Rouleaux de 50 ml et pour certains formats plus commerciaux disponibilit\u00e9 de mini rouleaux de 10 ml.   <\/p>\n","protected":false},"excerpt":{"rendered":"<p>Treillis galvanis\u00e9 triple torsion r\u00e9alis\u00e9 avec des fils de 0,70 \u00e0 0,90 mm d&rsquo;\u00e9paisseur.<\/p>\n","protected":false},"featured_media":14252,"comment_status":"closed","ping_status":"closed","template":"","meta":[],"product_brand":[],"product_cat":[487],"product_tag":[615,915,1936,1825,918],"class_list":{"0":"post-14255","1":"product","2":"type-product","3":"status-publish","4":"has-post-thumbnail","6":"product_cat-semelle-interieure-en-maille","7":"product_tag-ferme","8":"product_tag-maille","9":"product_tag-poulaillers","10":"product_tag-poulets","11":"product_tag-treillis-electrosoude","13":"first","14":"instock","15":"taxable","16":"shipping-taxable","17":"purchasable","18":"product-type-simple"},"yoast_head":"<!-- This site is optimized with the Yoast SEO plugin v27.4 - https:\/\/yoast.com\/product\/yoast-seo-wordpress\/ -->\n<title>Maille triple torsion galvanis\u00e9e | SAIGA<\/title>\n<meta name=\"description\" content=\"Treillis galvanis\u00e9 triple torsion r\u00e9alis\u00e9 avec des fils de 0,70 \u00e0 0,90 mm d&#039;\u00e9paisseur.\" \/>\n<meta name=\"robots\" content=\"index, follow, max-snippet:-1, max-image-preview:large, max-video-preview:-1\" \/>\n<link rel=\"canonical\" href=\"https:\/\/saiga.es\/fr\/produit\/maille-triple-torsion-galvanisee\/\" \/>\n<meta property=\"og:locale\" content=\"fr_FR\" \/>\n<meta property=\"og:type\" content=\"article\" \/>\n<meta property=\"og:title\" content=\"Maille triple torsion galvanis\u00e9e | SAIGA\" \/>\n<meta property=\"og:description\" content=\"Treillis galvanis\u00e9 triple torsion r\u00e9alis\u00e9 avec des fils de 0,70 \u00e0 0,90 mm d&#039;\u00e9paisseur.\" \/>\n<meta property=\"og:url\" content=\"https:\/\/saiga.es\/fr\/produit\/maille-triple-torsion-galvanisee\/\" \/>\n<meta property=\"og:site_name\" content=\"SAIGA\" \/>\n<meta property=\"og:image\" content=\"https:\/\/saiga.es\/wp-content\/uploads\/2025\/03\/Malla-triple-torsio-gallines.jpg\" \/>\n\t<meta property=\"og:image:width\" content=\"1080\" \/>\n\t<meta property=\"og:image:height\" content=\"1080\" \/>\n\t<meta property=\"og:image:type\" content=\"image\/jpeg\" \/>\n<meta name=\"twitter:card\" content=\"summary_large_image\" \/>\n<meta name=\"twitter:site\" content=\"@saiga_agro\" \/>\n<script type=\"application\/ld+json\" class=\"yoast-schema-graph\">{\"@context\":\"https:\\\/\\\/schema.org\",\"@graph\":[{\"@type\":\"WebPage\",\"@id\":\"https:\\\/\\\/saiga.es\\\/fr\\\/produit\\\/maille-triple-torsion-galvanisee\\\/\",\"url\":\"https:\\\/\\\/saiga.es\\\/fr\\\/produit\\\/maille-triple-torsion-galvanisee\\\/\",\"name\":\"Maille triple torsion galvanis\u00e9e | SAIGA\",\"isPartOf\":{\"@id\":\"https:\\\/\\\/saiga.es\\\/fr\\\/#website\"},\"primaryImageOfPage\":{\"@id\":\"https:\\\/\\\/saiga.es\\\/fr\\\/produit\\\/maille-triple-torsion-galvanisee\\\/#primaryimage\"},\"image\":{\"@id\":\"https:\\\/\\\/saiga.es\\\/fr\\\/produit\\\/maille-triple-torsion-galvanisee\\\/#primaryimage\"},\"thumbnailUrl\":\"https:\\\/\\\/saiga.es\\\/wp-content\\\/uploads\\\/2025\\\/03\\\/Malla-triple-torsio-gallines.jpg\",\"datePublished\":\"2025-03-21T10:21:26+00:00\",\"description\":\"Treillis galvanis\u00e9 triple torsion r\u00e9alis\u00e9 avec des fils de 0,70 \u00e0 0,90 mm d'\u00e9paisseur.\",\"breadcrumb\":{\"@id\":\"https:\\\/\\\/saiga.es\\\/fr\\\/produit\\\/maille-triple-torsion-galvanisee\\\/#breadcrumb\"},\"inLanguage\":\"fr-FR\",\"potentialAction\":[{\"@type\":\"ReadAction\",\"target\":[\"https:\\\/\\\/saiga.es\\\/fr\\\/produit\\\/maille-triple-torsion-galvanisee\\\/\"]}]},{\"@type\":\"ImageObject\",\"inLanguage\":\"fr-FR\",\"@id\":\"https:\\\/\\\/saiga.es\\\/fr\\\/produit\\\/maille-triple-torsion-galvanisee\\\/#primaryimage\",\"url\":\"https:\\\/\\\/saiga.es\\\/wp-content\\\/uploads\\\/2025\\\/03\\\/Malla-triple-torsio-gallines.jpg\",\"contentUrl\":\"https:\\\/\\\/saiga.es\\\/wp-content\\\/uploads\\\/2025\\\/03\\\/Malla-triple-torsio-gallines.jpg\",\"width\":1080,\"height\":1080,\"caption\":\"Treillis triple torsion \u00e9lectrosoud\u00e9\"},{\"@type\":\"BreadcrumbList\",\"@id\":\"https:\\\/\\\/saiga.es\\\/fr\\\/produit\\\/maille-triple-torsion-galvanisee\\\/#breadcrumb\",\"itemListElement\":[{\"@type\":\"ListItem\",\"position\":1,\"name\":\"Inici\",\"item\":\"https:\\\/\\\/saiga.es\\\/fr\\\/\"},{\"@type\":\"ListItem\",\"position\":2,\"name\":\"boutique\",\"item\":\"https:\\\/\\\/saiga.es\\\/fr\\\/boutique\\\/\"},{\"@type\":\"ListItem\",\"position\":3,\"name\":\"Maille triple torsion galvanis\u00e9e\"}]},{\"@type\":\"WebSite\",\"@id\":\"https:\\\/\\\/saiga.es\\\/fr\\\/#website\",\"url\":\"https:\\\/\\\/saiga.es\\\/fr\\\/\",\"name\":\"SAIGA\",\"description\":\"M\u00e9s de 50 anys al servei de la terra i treballant per a un \u00fas eficient de l\u2019aigua!\",\"publisher\":{\"@id\":\"https:\\\/\\\/saiga.es\\\/fr\\\/#organization\"},\"potentialAction\":[{\"@type\":\"SearchAction\",\"target\":{\"@type\":\"EntryPoint\",\"urlTemplate\":\"https:\\\/\\\/saiga.es\\\/fr\\\/?s={search_term_string}\"},\"query-input\":{\"@type\":\"PropertyValueSpecification\",\"valueRequired\":true,\"valueName\":\"search_term_string\"}}],\"inLanguage\":\"fr-FR\"},{\"@type\":\"Organization\",\"@id\":\"https:\\\/\\\/saiga.es\\\/fr\\\/#organization\",\"name\":\"SAIGA\",\"url\":\"https:\\\/\\\/saiga.es\\\/fr\\\/\",\"logo\":{\"@type\":\"ImageObject\",\"inLanguage\":\"fr-FR\",\"@id\":\"https:\\\/\\\/saiga.es\\\/fr\\\/#\\\/schema\\\/logo\\\/image\\\/\",\"url\":\"https:\\\/\\\/saiga.es\\\/wp-content\\\/uploads\\\/2025\\\/07\\\/logo_saiga_baseline_optimitzat.svg\",\"contentUrl\":\"https:\\\/\\\/saiga.es\\\/wp-content\\\/uploads\\\/2025\\\/07\\\/logo_saiga_baseline_optimitzat.svg\",\"caption\":\"SAIGA\"},\"image\":{\"@id\":\"https:\\\/\\\/saiga.es\\\/fr\\\/#\\\/schema\\\/logo\\\/image\\\/\"},\"sameAs\":[\"https:\\\/\\\/x.com\\\/saiga_agro\",\"https:\\\/\\\/www.instagram.com\\\/saiga_agro\\\/\"]}]}<\/script>\n<!-- \/ Yoast SEO plugin. -->","yoast_head_json":{"title":"Maille triple torsion galvanis\u00e9e | SAIGA","description":"Treillis galvanis\u00e9 triple torsion r\u00e9alis\u00e9 avec des fils de 0,70 \u00e0 0,90 mm d'\u00e9paisseur.","robots":{"index":"index","follow":"follow","max-snippet":"max-snippet:-1","max-image-preview":"max-image-preview:large","max-video-preview":"max-video-preview:-1"},"canonical":"https:\/\/saiga.es\/fr\/produit\/maille-triple-torsion-galvanisee\/","og_locale":"fr_FR","og_type":"article","og_title":"Maille triple torsion galvanis\u00e9e | SAIGA","og_description":"Treillis galvanis\u00e9 triple torsion r\u00e9alis\u00e9 avec des fils de 0,70 \u00e0 0,90 mm d'\u00e9paisseur.","og_url":"https:\/\/saiga.es\/fr\/produit\/maille-triple-torsion-galvanisee\/","og_site_name":"SAIGA","og_image":[{"width":1080,"height":1080,"url":"https:\/\/saiga.es\/wp-content\/uploads\/2025\/03\/Malla-triple-torsio-gallines.jpg","type":"image\/jpeg"}],"twitter_card":"summary_large_image","twitter_site":"@saiga_agro","schema":{"@context":"https:\/\/schema.org","@graph":[{"@type":"WebPage","@id":"https:\/\/saiga.es\/fr\/produit\/maille-triple-torsion-galvanisee\/","url":"https:\/\/saiga.es\/fr\/produit\/maille-triple-torsion-galvanisee\/","name":"Maille triple torsion galvanis\u00e9e | SAIGA","isPartOf":{"@id":"https:\/\/saiga.es\/fr\/#website"},"primaryImageOfPage":{"@id":"https:\/\/saiga.es\/fr\/produit\/maille-triple-torsion-galvanisee\/#primaryimage"},"image":{"@id":"https:\/\/saiga.es\/fr\/produit\/maille-triple-torsion-galvanisee\/#primaryimage"},"thumbnailUrl":"https:\/\/saiga.es\/wp-content\/uploads\/2025\/03\/Malla-triple-torsio-gallines.jpg","datePublished":"2025-03-21T10:21:26+00:00","description":"Treillis galvanis\u00e9 triple torsion r\u00e9alis\u00e9 avec des fils de 0,70 \u00e0 0,90 mm d'\u00e9paisseur.","breadcrumb":{"@id":"https:\/\/saiga.es\/fr\/produit\/maille-triple-torsion-galvanisee\/#breadcrumb"},"inLanguage":"fr-FR","potentialAction":[{"@type":"ReadAction","target":["https:\/\/saiga.es\/fr\/produit\/maille-triple-torsion-galvanisee\/"]}]},{"@type":"ImageObject","inLanguage":"fr-FR","@id":"https:\/\/saiga.es\/fr\/produit\/maille-triple-torsion-galvanisee\/#primaryimage","url":"https:\/\/saiga.es\/wp-content\/uploads\/2025\/03\/Malla-triple-torsio-gallines.jpg","contentUrl":"https:\/\/saiga.es\/wp-content\/uploads\/2025\/03\/Malla-triple-torsio-gallines.jpg","width":1080,"height":1080,"caption":"Treillis triple torsion \u00e9lectrosoud\u00e9"},{"@type":"BreadcrumbList","@id":"https:\/\/saiga.es\/fr\/produit\/maille-triple-torsion-galvanisee\/#breadcrumb","itemListElement":[{"@type":"ListItem","position":1,"name":"Inici","item":"https:\/\/saiga.es\/fr\/"},{"@type":"ListItem","position":2,"name":"boutique","item":"https:\/\/saiga.es\/fr\/boutique\/"},{"@type":"ListItem","position":3,"name":"Maille triple torsion galvanis\u00e9e"}]},{"@type":"WebSite","@id":"https:\/\/saiga.es\/fr\/#website","url":"https:\/\/saiga.es\/fr\/","name":"SAIGA","description":"M\u00e9s de 50 anys al servei de la terra i treballant per a un \u00fas eficient de l\u2019aigua!","publisher":{"@id":"https:\/\/saiga.es\/fr\/#organization"},"potentialAction":[{"@type":"SearchAction","target":{"@type":"EntryPoint","urlTemplate":"https:\/\/saiga.es\/fr\/?s={search_term_string}"},"query-input":{"@type":"PropertyValueSpecification","valueRequired":true,"valueName":"search_term_string"}}],"inLanguage":"fr-FR"},{"@type":"Organization","@id":"https:\/\/saiga.es\/fr\/#organization","name":"SAIGA","url":"https:\/\/saiga.es\/fr\/","logo":{"@type":"ImageObject","inLanguage":"fr-FR","@id":"https:\/\/saiga.es\/fr\/#\/schema\/logo\/image\/","url":"https:\/\/saiga.es\/wp-content\/uploads\/2025\/07\/logo_saiga_baseline_optimitzat.svg","contentUrl":"https:\/\/saiga.es\/wp-content\/uploads\/2025\/07\/logo_saiga_baseline_optimitzat.svg","caption":"SAIGA"},"image":{"@id":"https:\/\/saiga.es\/fr\/#\/schema\/logo\/image\/"},"sameAs":["https:\/\/x.com\/saiga_agro","https:\/\/www.instagram.com\/saiga_agro\/"]}]}},"_links":{"self":[{"href":"https:\/\/saiga.es\/fr\/wp-json\/wp\/v2\/product\/14255","targetHints":{"allow":["GET"]}}],"collection":[{"href":"https:\/\/saiga.es\/fr\/wp-json\/wp\/v2\/product"}],"about":[{"href":"https:\/\/saiga.es\/fr\/wp-json\/wp\/v2\/types\/product"}],"replies":[{"embeddable":true,"href":"https:\/\/saiga.es\/fr\/wp-json\/wp\/v2\/comments?post=14255"}],"wp:featuredmedia":[{"embeddable":true,"href":"https:\/\/saiga.es\/fr\/wp-json\/wp\/v2\/media\/14252"}],"wp:attachment":[{"href":"https:\/\/saiga.es\/fr\/wp-json\/wp\/v2\/media?parent=14255"}],"wp:term":[{"taxonomy":"product_brand","embeddable":true,"href":"https:\/\/saiga.es\/fr\/wp-json\/wp\/v2\/product_brand?post=14255"},{"taxonomy":"product_cat","embeddable":true,"href":"https:\/\/saiga.es\/fr\/wp-json\/wp\/v2\/product_cat?post=14255"},{"taxonomy":"product_tag","embeddable":true,"href":"https:\/\/saiga.es\/fr\/wp-json\/wp\/v2\/product_tag?post=14255"}],"curies":[{"name":"wp","href":"https:\/\/api.w.org\/{rel}","templated":true}]}}