{"id":14334,"date":"2025-03-27T12:22:18","date_gmt":"2025-03-27T12:22:18","guid":{"rendered":"https:\/\/botiga.saiga.es\/producte\/herbicide-naturel-terter-nature\/"},"modified":"2025-12-10T14:37:07","modified_gmt":"2025-12-10T14:37:07","slug":"herbicide-naturel-terter-nature","status":"publish","type":"product","link":"https:\/\/saiga.es\/fr\/produit\/herbicide-naturel-terter-nature\/","title":{"rendered":"Herbicide naturel Terter Nature"},"content":{"rendered":"<p>L&rsquo;herbicide naturel Terter est un produit efficace et \u00e9cologique con\u00e7u pour le contr\u00f4le des mauvaises herbes dans les jardins, vergers et zones non cultiv\u00e9es. Formul\u00e9 avec des ingr\u00e9dients naturels, Terter Nature offre une solution s\u00fbre et respectueuse de l&rsquo;environnement pour garder vos espaces verts exempts de mauvaises herbes. <\/p>\n","protected":false},"excerpt":{"rendered":"<p>L&rsquo;herbicide naturel Terter est un produit efficace et \u00e9cologique con\u00e7u pour le contr\u00f4le des mauvaises herbes dans les jardins, vergers et zones non cultiv\u00e9es.<\/p>\n","protected":false},"featured_media":14332,"comment_status":"closed","ping_status":"closed","template":"","meta":[],"product_brand":[1841],"product_cat":[1843,1551],"product_tag":[1979,1980,1981],"class_list":{"0":"post-14334","1":"product","2":"type-product","3":"status-publish","4":"has-post-thumbnail","6":"product_brand-sipcam","7":"product_cat-herbicides-fr","8":"product_cat-produits-naturels","9":"product_tag-herbicide","10":"product_tag-naturel","11":"product_tag-produit-ecologique","13":"first","14":"instock","15":"taxable","16":"shipping-taxable","17":"purchasable","18":"product-type-simple"},"yoast_head":"<!-- This site is optimized with the Yoast SEO plugin v27.3 - https:\/\/yoast.com\/product\/yoast-seo-wordpress\/ -->\n<title>Herbicide naturel Terter Nature | SAIGA<\/title>\n<meta name=\"description\" content=\"L&#039;herbicide naturel Terter est un produit efficace et \u00e9cologique con\u00e7u pour le contr\u00f4le des mauvaises herbes dans les jardins, vergers et zones non cultiv\u00e9es.\" \/>\n<meta name=\"robots\" content=\"index, follow, max-snippet:-1, max-image-preview:large, max-video-preview:-1\" \/>\n<link rel=\"canonical\" href=\"https:\/\/saiga.es\/fr\/produit\/herbicide-naturel-terter-nature\/\" \/>\n<meta property=\"og:locale\" content=\"fr_FR\" \/>\n<meta property=\"og:type\" content=\"article\" \/>\n<meta property=\"og:title\" content=\"Herbicide naturel Terter Nature | SAIGA\" \/>\n<meta property=\"og:description\" content=\"L&#039;herbicide naturel Terter est un produit efficace et \u00e9cologique con\u00e7u pour le contr\u00f4le des mauvaises herbes dans les jardins, vergers et zones non cultiv\u00e9es.\" \/>\n<meta property=\"og:url\" content=\"https:\/\/saiga.es\/fr\/produit\/herbicide-naturel-terter-nature\/\" \/>\n<meta property=\"og:site_name\" content=\"SAIGA\" \/>\n<meta property=\"article:modified_time\" content=\"2025-12-10T14:37:07+00:00\" \/>\n<meta property=\"og:image\" content=\"https:\/\/saiga.es\/wp-content\/uploads\/2025\/03\/Terter-Nature.jpg\" \/>\n\t<meta property=\"og:image:width\" content=\"1080\" \/>\n\t<meta property=\"og:image:height\" content=\"1080\" \/>\n\t<meta property=\"og:image:type\" content=\"image\/jpeg\" \/>\n<meta name=\"twitter:card\" content=\"summary_large_image\" \/>\n<meta name=\"twitter:site\" content=\"@saiga_agro\" \/>\n<script type=\"application\/ld+json\" class=\"yoast-schema-graph\">{\"@context\":\"https:\\\/\\\/schema.org\",\"@graph\":[{\"@type\":\"WebPage\",\"@id\":\"https:\\\/\\\/saiga.es\\\/fr\\\/produit\\\/herbicide-naturel-terter-nature\\\/\",\"url\":\"https:\\\/\\\/saiga.es\\\/fr\\\/produit\\\/herbicide-naturel-terter-nature\\\/\",\"name\":\"Herbicide naturel Terter Nature | SAIGA\",\"isPartOf\":{\"@id\":\"https:\\\/\\\/saiga.es\\\/fr\\\/#website\"},\"primaryImageOfPage\":{\"@id\":\"https:\\\/\\\/saiga.es\\\/fr\\\/produit\\\/herbicide-naturel-terter-nature\\\/#primaryimage\"},\"image\":{\"@id\":\"https:\\\/\\\/saiga.es\\\/fr\\\/produit\\\/herbicide-naturel-terter-nature\\\/#primaryimage\"},\"thumbnailUrl\":\"https:\\\/\\\/saiga.es\\\/wp-content\\\/uploads\\\/2025\\\/03\\\/Terter-Nature.jpg\",\"datePublished\":\"2025-03-27T12:22:18+00:00\",\"dateModified\":\"2025-12-10T14:37:07+00:00\",\"description\":\"L'herbicide naturel Terter est un produit efficace et \u00e9cologique con\u00e7u pour le contr\u00f4le des mauvaises herbes dans les jardins, vergers et zones non cultiv\u00e9es.\",\"breadcrumb\":{\"@id\":\"https:\\\/\\\/saiga.es\\\/fr\\\/produit\\\/herbicide-naturel-terter-nature\\\/#breadcrumb\"},\"inLanguage\":\"fr-FR\",\"potentialAction\":[{\"@type\":\"ReadAction\",\"target\":[\"https:\\\/\\\/saiga.es\\\/fr\\\/produit\\\/herbicide-naturel-terter-nature\\\/\"]}]},{\"@type\":\"ImageObject\",\"inLanguage\":\"fr-FR\",\"@id\":\"https:\\\/\\\/saiga.es\\\/fr\\\/produit\\\/herbicide-naturel-terter-nature\\\/#primaryimage\",\"url\":\"https:\\\/\\\/saiga.es\\\/wp-content\\\/uploads\\\/2025\\\/03\\\/Terter-Nature.jpg\",\"contentUrl\":\"https:\\\/\\\/saiga.es\\\/wp-content\\\/uploads\\\/2025\\\/03\\\/Terter-Nature.jpg\",\"width\":1080,\"height\":1080,\"caption\":\"Terter Nature\"},{\"@type\":\"BreadcrumbList\",\"@id\":\"https:\\\/\\\/saiga.es\\\/fr\\\/produit\\\/herbicide-naturel-terter-nature\\\/#breadcrumb\",\"itemListElement\":[{\"@type\":\"ListItem\",\"position\":1,\"name\":\"Inici\",\"item\":\"https:\\\/\\\/saiga.es\\\/fr\\\/\"},{\"@type\":\"ListItem\",\"position\":2,\"name\":\"boutique\",\"item\":\"https:\\\/\\\/saiga.es\\\/fr\\\/boutique\\\/\"},{\"@type\":\"ListItem\",\"position\":3,\"name\":\"Herbicide naturel Terter Nature\"}]},{\"@type\":\"WebSite\",\"@id\":\"https:\\\/\\\/saiga.es\\\/fr\\\/#website\",\"url\":\"https:\\\/\\\/saiga.es\\\/fr\\\/\",\"name\":\"SAIGA\",\"description\":\"M\u00e9s de 50 anys al servei de la terra i treballant per a un \u00fas eficient de l\u2019aigua!\",\"publisher\":{\"@id\":\"https:\\\/\\\/saiga.es\\\/fr\\\/#organization\"},\"potentialAction\":[{\"@type\":\"SearchAction\",\"target\":{\"@type\":\"EntryPoint\",\"urlTemplate\":\"https:\\\/\\\/saiga.es\\\/fr\\\/?s={search_term_string}\"},\"query-input\":{\"@type\":\"PropertyValueSpecification\",\"valueRequired\":true,\"valueName\":\"search_term_string\"}}],\"inLanguage\":\"fr-FR\"},{\"@type\":\"Organization\",\"@id\":\"https:\\\/\\\/saiga.es\\\/fr\\\/#organization\",\"name\":\"SAIGA\",\"url\":\"https:\\\/\\\/saiga.es\\\/fr\\\/\",\"logo\":{\"@type\":\"ImageObject\",\"inLanguage\":\"fr-FR\",\"@id\":\"https:\\\/\\\/saiga.es\\\/fr\\\/#\\\/schema\\\/logo\\\/image\\\/\",\"url\":\"https:\\\/\\\/saiga.es\\\/wp-content\\\/uploads\\\/2025\\\/07\\\/logo_saiga_baseline_optimitzat.svg\",\"contentUrl\":\"https:\\\/\\\/saiga.es\\\/wp-content\\\/uploads\\\/2025\\\/07\\\/logo_saiga_baseline_optimitzat.svg\",\"caption\":\"SAIGA\"},\"image\":{\"@id\":\"https:\\\/\\\/saiga.es\\\/fr\\\/#\\\/schema\\\/logo\\\/image\\\/\"},\"sameAs\":[\"https:\\\/\\\/x.com\\\/saiga_agro\",\"https:\\\/\\\/www.instagram.com\\\/saiga_agro\\\/\"]}]}<\/script>\n<!-- \/ Yoast SEO plugin. -->","yoast_head_json":{"title":"Herbicide naturel Terter Nature | SAIGA","description":"L'herbicide naturel Terter est un produit efficace et \u00e9cologique con\u00e7u pour le contr\u00f4le des mauvaises herbes dans les jardins, vergers et zones non cultiv\u00e9es.","robots":{"index":"index","follow":"follow","max-snippet":"max-snippet:-1","max-image-preview":"max-image-preview:large","max-video-preview":"max-video-preview:-1"},"canonical":"https:\/\/saiga.es\/fr\/produit\/herbicide-naturel-terter-nature\/","og_locale":"fr_FR","og_type":"article","og_title":"Herbicide naturel Terter Nature | SAIGA","og_description":"L'herbicide naturel Terter est un produit efficace et \u00e9cologique con\u00e7u pour le contr\u00f4le des mauvaises herbes dans les jardins, vergers et zones non cultiv\u00e9es.","og_url":"https:\/\/saiga.es\/fr\/produit\/herbicide-naturel-terter-nature\/","og_site_name":"SAIGA","article_modified_time":"2025-12-10T14:37:07+00:00","og_image":[{"width":1080,"height":1080,"url":"https:\/\/saiga.es\/wp-content\/uploads\/2025\/03\/Terter-Nature.jpg","type":"image\/jpeg"}],"twitter_card":"summary_large_image","twitter_site":"@saiga_agro","schema":{"@context":"https:\/\/schema.org","@graph":[{"@type":"WebPage","@id":"https:\/\/saiga.es\/fr\/produit\/herbicide-naturel-terter-nature\/","url":"https:\/\/saiga.es\/fr\/produit\/herbicide-naturel-terter-nature\/","name":"Herbicide naturel Terter Nature | SAIGA","isPartOf":{"@id":"https:\/\/saiga.es\/fr\/#website"},"primaryImageOfPage":{"@id":"https:\/\/saiga.es\/fr\/produit\/herbicide-naturel-terter-nature\/#primaryimage"},"image":{"@id":"https:\/\/saiga.es\/fr\/produit\/herbicide-naturel-terter-nature\/#primaryimage"},"thumbnailUrl":"https:\/\/saiga.es\/wp-content\/uploads\/2025\/03\/Terter-Nature.jpg","datePublished":"2025-03-27T12:22:18+00:00","dateModified":"2025-12-10T14:37:07+00:00","description":"L'herbicide naturel Terter est un produit efficace et \u00e9cologique con\u00e7u pour le contr\u00f4le des mauvaises herbes dans les jardins, vergers et zones non cultiv\u00e9es.","breadcrumb":{"@id":"https:\/\/saiga.es\/fr\/produit\/herbicide-naturel-terter-nature\/#breadcrumb"},"inLanguage":"fr-FR","potentialAction":[{"@type":"ReadAction","target":["https:\/\/saiga.es\/fr\/produit\/herbicide-naturel-terter-nature\/"]}]},{"@type":"ImageObject","inLanguage":"fr-FR","@id":"https:\/\/saiga.es\/fr\/produit\/herbicide-naturel-terter-nature\/#primaryimage","url":"https:\/\/saiga.es\/wp-content\/uploads\/2025\/03\/Terter-Nature.jpg","contentUrl":"https:\/\/saiga.es\/wp-content\/uploads\/2025\/03\/Terter-Nature.jpg","width":1080,"height":1080,"caption":"Terter Nature"},{"@type":"BreadcrumbList","@id":"https:\/\/saiga.es\/fr\/produit\/herbicide-naturel-terter-nature\/#breadcrumb","itemListElement":[{"@type":"ListItem","position":1,"name":"Inici","item":"https:\/\/saiga.es\/fr\/"},{"@type":"ListItem","position":2,"name":"boutique","item":"https:\/\/saiga.es\/fr\/boutique\/"},{"@type":"ListItem","position":3,"name":"Herbicide naturel Terter Nature"}]},{"@type":"WebSite","@id":"https:\/\/saiga.es\/fr\/#website","url":"https:\/\/saiga.es\/fr\/","name":"SAIGA","description":"M\u00e9s de 50 anys al servei de la terra i treballant per a un \u00fas eficient de l\u2019aigua!","publisher":{"@id":"https:\/\/saiga.es\/fr\/#organization"},"potentialAction":[{"@type":"SearchAction","target":{"@type":"EntryPoint","urlTemplate":"https:\/\/saiga.es\/fr\/?s={search_term_string}"},"query-input":{"@type":"PropertyValueSpecification","valueRequired":true,"valueName":"search_term_string"}}],"inLanguage":"fr-FR"},{"@type":"Organization","@id":"https:\/\/saiga.es\/fr\/#organization","name":"SAIGA","url":"https:\/\/saiga.es\/fr\/","logo":{"@type":"ImageObject","inLanguage":"fr-FR","@id":"https:\/\/saiga.es\/fr\/#\/schema\/logo\/image\/","url":"https:\/\/saiga.es\/wp-content\/uploads\/2025\/07\/logo_saiga_baseline_optimitzat.svg","contentUrl":"https:\/\/saiga.es\/wp-content\/uploads\/2025\/07\/logo_saiga_baseline_optimitzat.svg","caption":"SAIGA"},"image":{"@id":"https:\/\/saiga.es\/fr\/#\/schema\/logo\/image\/"},"sameAs":["https:\/\/x.com\/saiga_agro","https:\/\/www.instagram.com\/saiga_agro\/"]}]}},"_links":{"self":[{"href":"https:\/\/saiga.es\/fr\/wp-json\/wp\/v2\/product\/14334","targetHints":{"allow":["GET"]}}],"collection":[{"href":"https:\/\/saiga.es\/fr\/wp-json\/wp\/v2\/product"}],"about":[{"href":"https:\/\/saiga.es\/fr\/wp-json\/wp\/v2\/types\/product"}],"replies":[{"embeddable":true,"href":"https:\/\/saiga.es\/fr\/wp-json\/wp\/v2\/comments?post=14334"}],"wp:featuredmedia":[{"embeddable":true,"href":"https:\/\/saiga.es\/fr\/wp-json\/wp\/v2\/media\/14332"}],"wp:attachment":[{"href":"https:\/\/saiga.es\/fr\/wp-json\/wp\/v2\/media?parent=14334"}],"wp:term":[{"taxonomy":"product_brand","embeddable":true,"href":"https:\/\/saiga.es\/fr\/wp-json\/wp\/v2\/product_brand?post=14334"},{"taxonomy":"product_cat","embeddable":true,"href":"https:\/\/saiga.es\/fr\/wp-json\/wp\/v2\/product_cat?post=14334"},{"taxonomy":"product_tag","embeddable":true,"href":"https:\/\/saiga.es\/fr\/wp-json\/wp\/v2\/product_tag?post=14334"}],"curies":[{"name":"wp","href":"https:\/\/api.w.org\/{rel}","templated":true}]}}