{"id":14355,"date":"2025-03-27T13:30:33","date_gmt":"2025-03-27T13:30:33","guid":{"rendered":"https:\/\/botiga.saiga.es\/producte\/diatomic-terre-de-diatomees\/"},"modified":"2025-12-10T14:38:59","modified_gmt":"2025-12-10T14:38:59","slug":"diatomic-terre-de-diatomees","status":"publish","type":"product","link":"https:\/\/saiga.es\/fr\/produit\/diatomic-terre-de-diatomees\/","title":{"rendered":"Diatomic Terre de Diatom\u00e9es"},"content":{"rendered":"<p>La Terre de Diatom\u00e9es de Vithal Garden est un min\u00e9ral d&rsquo;origine v\u00e9g\u00e9tale \u00e0 base d&rsquo;algues, id\u00e9al pour l&rsquo;agriculture biologique. Ce produit 100% naturel est totalement inoffensif et est fabriqu\u00e9 selon un proc\u00e9d\u00e9 micronis\u00e9 et double tamis, garantissant une haute qualit\u00e9. Il est compos\u00e9 de micro et macro \u00e9l\u00e9ments, mettant en \u00e9vidence sa porosit\u00e9 \u00e9lev\u00e9e, sa faible densit\u00e9 apparente et sa surface sp\u00e9cifique \u00e9lev\u00e9e.  <\/p>\n","protected":false},"excerpt":{"rendered":"<p>La Terre de Diatom\u00e9es de Vithal Garden est un min\u00e9ral d&rsquo;origine v\u00e9g\u00e9tale \u00e0 base d&rsquo;algues, id\u00e9al pour l&rsquo;agriculture biologique.<\/p>\n","protected":false},"featured_media":14353,"comment_status":"closed","ping_status":"closed","template":"","meta":[],"product_brand":[1841],"product_cat":[445,1912,1551],"product_tag":[1361,1989,1990],"class_list":{"0":"post-14355","1":"product","2":"type-product","3":"status-publish","4":"has-post-thumbnail","6":"product_brand-sipcam","7":"product_cat-insecticides-fr-2","8":"product_cat-poulets","9":"product_cat-produits-naturels","10":"product_tag-ecologique","11":"product_tag-insecticides-fr","12":"product_tag-produits-naturels","14":"first","15":"instock","16":"taxable","17":"shipping-taxable","18":"purchasable","19":"product-type-simple"},"yoast_head":"<!-- This site is optimized with the Yoast SEO plugin v27.4 - https:\/\/yoast.com\/product\/yoast-seo-wordpress\/ -->\n<title>Diatomic Terre de Diatom\u00e9es | SAIGA<\/title>\n<meta name=\"description\" content=\"La Terre de Diatom\u00e9es de Vithal Garden est un min\u00e9ral d&#039;origine v\u00e9g\u00e9tale \u00e0 base d&#039;algues, id\u00e9al pour l&#039;agriculture biologique.\" \/>\n<meta name=\"robots\" content=\"index, follow, max-snippet:-1, max-image-preview:large, max-video-preview:-1\" \/>\n<link rel=\"canonical\" href=\"https:\/\/saiga.es\/fr\/produit\/diatomic-terre-de-diatomees\/\" \/>\n<meta property=\"og:locale\" content=\"fr_FR\" \/>\n<meta property=\"og:type\" content=\"article\" \/>\n<meta property=\"og:title\" content=\"Diatomic Terre de Diatom\u00e9es | SAIGA\" \/>\n<meta property=\"og:description\" content=\"La Terre de Diatom\u00e9es de Vithal Garden est un min\u00e9ral d&#039;origine v\u00e9g\u00e9tale \u00e0 base d&#039;algues, id\u00e9al pour l&#039;agriculture biologique.\" \/>\n<meta property=\"og:url\" content=\"https:\/\/saiga.es\/fr\/produit\/diatomic-terre-de-diatomees\/\" \/>\n<meta property=\"og:site_name\" content=\"SAIGA\" \/>\n<meta property=\"article:modified_time\" content=\"2025-12-10T14:38:59+00:00\" \/>\n<meta property=\"og:image\" content=\"https:\/\/saiga.es\/wp-content\/uploads\/2025\/03\/Terra-de-Diatomees.jpg\" \/>\n\t<meta property=\"og:image:width\" content=\"1080\" \/>\n\t<meta property=\"og:image:height\" content=\"1080\" \/>\n\t<meta property=\"og:image:type\" content=\"image\/jpeg\" \/>\n<meta name=\"twitter:card\" content=\"summary_large_image\" \/>\n<meta name=\"twitter:site\" content=\"@saiga_agro\" \/>\n<script type=\"application\/ld+json\" class=\"yoast-schema-graph\">{\"@context\":\"https:\\\/\\\/schema.org\",\"@graph\":[{\"@type\":\"WebPage\",\"@id\":\"https:\\\/\\\/saiga.es\\\/fr\\\/produit\\\/diatomic-terre-de-diatomees\\\/\",\"url\":\"https:\\\/\\\/saiga.es\\\/fr\\\/produit\\\/diatomic-terre-de-diatomees\\\/\",\"name\":\"Diatomic Terre de Diatom\u00e9es | SAIGA\",\"isPartOf\":{\"@id\":\"https:\\\/\\\/saiga.es\\\/fr\\\/#website\"},\"primaryImageOfPage\":{\"@id\":\"https:\\\/\\\/saiga.es\\\/fr\\\/produit\\\/diatomic-terre-de-diatomees\\\/#primaryimage\"},\"image\":{\"@id\":\"https:\\\/\\\/saiga.es\\\/fr\\\/produit\\\/diatomic-terre-de-diatomees\\\/#primaryimage\"},\"thumbnailUrl\":\"https:\\\/\\\/saiga.es\\\/wp-content\\\/uploads\\\/2025\\\/03\\\/Terra-de-Diatomees.jpg\",\"datePublished\":\"2025-03-27T13:30:33+00:00\",\"dateModified\":\"2025-12-10T14:38:59+00:00\",\"description\":\"La Terre de Diatom\u00e9es de Vithal Garden est un min\u00e9ral d'origine v\u00e9g\u00e9tale \u00e0 base d'algues, id\u00e9al pour l'agriculture biologique.\",\"breadcrumb\":{\"@id\":\"https:\\\/\\\/saiga.es\\\/fr\\\/produit\\\/diatomic-terre-de-diatomees\\\/#breadcrumb\"},\"inLanguage\":\"fr-FR\",\"potentialAction\":[{\"@type\":\"ReadAction\",\"target\":[\"https:\\\/\\\/saiga.es\\\/fr\\\/produit\\\/diatomic-terre-de-diatomees\\\/\"]}]},{\"@type\":\"ImageObject\",\"inLanguage\":\"fr-FR\",\"@id\":\"https:\\\/\\\/saiga.es\\\/fr\\\/produit\\\/diatomic-terre-de-diatomees\\\/#primaryimage\",\"url\":\"https:\\\/\\\/saiga.es\\\/wp-content\\\/uploads\\\/2025\\\/03\\\/Terra-de-Diatomees.jpg\",\"contentUrl\":\"https:\\\/\\\/saiga.es\\\/wp-content\\\/uploads\\\/2025\\\/03\\\/Terra-de-Diatomees.jpg\",\"width\":1080,\"height\":1080,\"caption\":\"La terre de diatom\u00e9es\"},{\"@type\":\"BreadcrumbList\",\"@id\":\"https:\\\/\\\/saiga.es\\\/fr\\\/produit\\\/diatomic-terre-de-diatomees\\\/#breadcrumb\",\"itemListElement\":[{\"@type\":\"ListItem\",\"position\":1,\"name\":\"Inici\",\"item\":\"https:\\\/\\\/saiga.es\\\/fr\\\/\"},{\"@type\":\"ListItem\",\"position\":2,\"name\":\"boutique\",\"item\":\"https:\\\/\\\/saiga.es\\\/fr\\\/boutique\\\/\"},{\"@type\":\"ListItem\",\"position\":3,\"name\":\"Diatomic Terre de Diatom\u00e9es\"}]},{\"@type\":\"WebSite\",\"@id\":\"https:\\\/\\\/saiga.es\\\/fr\\\/#website\",\"url\":\"https:\\\/\\\/saiga.es\\\/fr\\\/\",\"name\":\"SAIGA\",\"description\":\"M\u00e9s de 50 anys al servei de la terra i treballant per a un \u00fas eficient de l\u2019aigua!\",\"publisher\":{\"@id\":\"https:\\\/\\\/saiga.es\\\/fr\\\/#organization\"},\"potentialAction\":[{\"@type\":\"SearchAction\",\"target\":{\"@type\":\"EntryPoint\",\"urlTemplate\":\"https:\\\/\\\/saiga.es\\\/fr\\\/?s={search_term_string}\"},\"query-input\":{\"@type\":\"PropertyValueSpecification\",\"valueRequired\":true,\"valueName\":\"search_term_string\"}}],\"inLanguage\":\"fr-FR\"},{\"@type\":\"Organization\",\"@id\":\"https:\\\/\\\/saiga.es\\\/fr\\\/#organization\",\"name\":\"SAIGA\",\"url\":\"https:\\\/\\\/saiga.es\\\/fr\\\/\",\"logo\":{\"@type\":\"ImageObject\",\"inLanguage\":\"fr-FR\",\"@id\":\"https:\\\/\\\/saiga.es\\\/fr\\\/#\\\/schema\\\/logo\\\/image\\\/\",\"url\":\"https:\\\/\\\/saiga.es\\\/wp-content\\\/uploads\\\/2025\\\/07\\\/logo_saiga_baseline_optimitzat.svg\",\"contentUrl\":\"https:\\\/\\\/saiga.es\\\/wp-content\\\/uploads\\\/2025\\\/07\\\/logo_saiga_baseline_optimitzat.svg\",\"caption\":\"SAIGA\"},\"image\":{\"@id\":\"https:\\\/\\\/saiga.es\\\/fr\\\/#\\\/schema\\\/logo\\\/image\\\/\"},\"sameAs\":[\"https:\\\/\\\/x.com\\\/saiga_agro\",\"https:\\\/\\\/www.instagram.com\\\/saiga_agro\\\/\"]}]}<\/script>\n<!-- \/ Yoast SEO plugin. -->","yoast_head_json":{"title":"Diatomic Terre de Diatom\u00e9es | SAIGA","description":"La Terre de Diatom\u00e9es de Vithal Garden est un min\u00e9ral d'origine v\u00e9g\u00e9tale \u00e0 base d'algues, id\u00e9al pour l'agriculture biologique.","robots":{"index":"index","follow":"follow","max-snippet":"max-snippet:-1","max-image-preview":"max-image-preview:large","max-video-preview":"max-video-preview:-1"},"canonical":"https:\/\/saiga.es\/fr\/produit\/diatomic-terre-de-diatomees\/","og_locale":"fr_FR","og_type":"article","og_title":"Diatomic Terre de Diatom\u00e9es | SAIGA","og_description":"La Terre de Diatom\u00e9es de Vithal Garden est un min\u00e9ral d'origine v\u00e9g\u00e9tale \u00e0 base d'algues, id\u00e9al pour l'agriculture biologique.","og_url":"https:\/\/saiga.es\/fr\/produit\/diatomic-terre-de-diatomees\/","og_site_name":"SAIGA","article_modified_time":"2025-12-10T14:38:59+00:00","og_image":[{"width":1080,"height":1080,"url":"https:\/\/saiga.es\/wp-content\/uploads\/2025\/03\/Terra-de-Diatomees.jpg","type":"image\/jpeg"}],"twitter_card":"summary_large_image","twitter_site":"@saiga_agro","schema":{"@context":"https:\/\/schema.org","@graph":[{"@type":"WebPage","@id":"https:\/\/saiga.es\/fr\/produit\/diatomic-terre-de-diatomees\/","url":"https:\/\/saiga.es\/fr\/produit\/diatomic-terre-de-diatomees\/","name":"Diatomic Terre de Diatom\u00e9es | SAIGA","isPartOf":{"@id":"https:\/\/saiga.es\/fr\/#website"},"primaryImageOfPage":{"@id":"https:\/\/saiga.es\/fr\/produit\/diatomic-terre-de-diatomees\/#primaryimage"},"image":{"@id":"https:\/\/saiga.es\/fr\/produit\/diatomic-terre-de-diatomees\/#primaryimage"},"thumbnailUrl":"https:\/\/saiga.es\/wp-content\/uploads\/2025\/03\/Terra-de-Diatomees.jpg","datePublished":"2025-03-27T13:30:33+00:00","dateModified":"2025-12-10T14:38:59+00:00","description":"La Terre de Diatom\u00e9es de Vithal Garden est un min\u00e9ral d'origine v\u00e9g\u00e9tale \u00e0 base d'algues, id\u00e9al pour l'agriculture biologique.","breadcrumb":{"@id":"https:\/\/saiga.es\/fr\/produit\/diatomic-terre-de-diatomees\/#breadcrumb"},"inLanguage":"fr-FR","potentialAction":[{"@type":"ReadAction","target":["https:\/\/saiga.es\/fr\/produit\/diatomic-terre-de-diatomees\/"]}]},{"@type":"ImageObject","inLanguage":"fr-FR","@id":"https:\/\/saiga.es\/fr\/produit\/diatomic-terre-de-diatomees\/#primaryimage","url":"https:\/\/saiga.es\/wp-content\/uploads\/2025\/03\/Terra-de-Diatomees.jpg","contentUrl":"https:\/\/saiga.es\/wp-content\/uploads\/2025\/03\/Terra-de-Diatomees.jpg","width":1080,"height":1080,"caption":"La terre de diatom\u00e9es"},{"@type":"BreadcrumbList","@id":"https:\/\/saiga.es\/fr\/produit\/diatomic-terre-de-diatomees\/#breadcrumb","itemListElement":[{"@type":"ListItem","position":1,"name":"Inici","item":"https:\/\/saiga.es\/fr\/"},{"@type":"ListItem","position":2,"name":"boutique","item":"https:\/\/saiga.es\/fr\/boutique\/"},{"@type":"ListItem","position":3,"name":"Diatomic Terre de Diatom\u00e9es"}]},{"@type":"WebSite","@id":"https:\/\/saiga.es\/fr\/#website","url":"https:\/\/saiga.es\/fr\/","name":"SAIGA","description":"M\u00e9s de 50 anys al servei de la terra i treballant per a un \u00fas eficient de l\u2019aigua!","publisher":{"@id":"https:\/\/saiga.es\/fr\/#organization"},"potentialAction":[{"@type":"SearchAction","target":{"@type":"EntryPoint","urlTemplate":"https:\/\/saiga.es\/fr\/?s={search_term_string}"},"query-input":{"@type":"PropertyValueSpecification","valueRequired":true,"valueName":"search_term_string"}}],"inLanguage":"fr-FR"},{"@type":"Organization","@id":"https:\/\/saiga.es\/fr\/#organization","name":"SAIGA","url":"https:\/\/saiga.es\/fr\/","logo":{"@type":"ImageObject","inLanguage":"fr-FR","@id":"https:\/\/saiga.es\/fr\/#\/schema\/logo\/image\/","url":"https:\/\/saiga.es\/wp-content\/uploads\/2025\/07\/logo_saiga_baseline_optimitzat.svg","contentUrl":"https:\/\/saiga.es\/wp-content\/uploads\/2025\/07\/logo_saiga_baseline_optimitzat.svg","caption":"SAIGA"},"image":{"@id":"https:\/\/saiga.es\/fr\/#\/schema\/logo\/image\/"},"sameAs":["https:\/\/x.com\/saiga_agro","https:\/\/www.instagram.com\/saiga_agro\/"]}]}},"_links":{"self":[{"href":"https:\/\/saiga.es\/fr\/wp-json\/wp\/v2\/product\/14355","targetHints":{"allow":["GET"]}}],"collection":[{"href":"https:\/\/saiga.es\/fr\/wp-json\/wp\/v2\/product"}],"about":[{"href":"https:\/\/saiga.es\/fr\/wp-json\/wp\/v2\/types\/product"}],"replies":[{"embeddable":true,"href":"https:\/\/saiga.es\/fr\/wp-json\/wp\/v2\/comments?post=14355"}],"wp:featuredmedia":[{"embeddable":true,"href":"https:\/\/saiga.es\/fr\/wp-json\/wp\/v2\/media\/14353"}],"wp:attachment":[{"href":"https:\/\/saiga.es\/fr\/wp-json\/wp\/v2\/media?parent=14355"}],"wp:term":[{"taxonomy":"product_brand","embeddable":true,"href":"https:\/\/saiga.es\/fr\/wp-json\/wp\/v2\/product_brand?post=14355"},{"taxonomy":"product_cat","embeddable":true,"href":"https:\/\/saiga.es\/fr\/wp-json\/wp\/v2\/product_cat?post=14355"},{"taxonomy":"product_tag","embeddable":true,"href":"https:\/\/saiga.es\/fr\/wp-json\/wp\/v2\/product_tag?post=14355"}],"curies":[{"name":"wp","href":"https:\/\/api.w.org\/{rel}","templated":true}]}}