{"id":14407,"date":"2025-03-27T16:36:08","date_gmt":"2025-03-27T16:36:08","guid":{"rendered":"https:\/\/botiga.saiga.es\/producte\/houe-bellota-2-a\/"},"modified":"2025-12-10T14:43:49","modified_gmt":"2025-12-10T14:43:49","slug":"houe-bellota-2-a","status":"publish","type":"product","link":"https:\/\/saiga.es\/fr\/produit\/houe-bellota-2-a\/","title":{"rendered":"Houe Bellota 2 A"},"content":{"rendered":"<p>Houe Bellota 2 A<\/p>\n<p data-start=\"73\" data-end=\"520\">Houe forg\u00e9e en une seule pi\u00e8ce en acier Bellota, polie et aff\u00fbt\u00e9e pour faciliter son insertion dans le sol. Il est r\u00e9sistant et durable, id\u00e9al pour toute une vie. Sa nervure lui conf\u00e8re de la robustesse, \u00e9vitant qu&rsquo;il ne se d\u00e9forme pendant que vous travaillez. Le syst\u00e8me anti-rotation dans l&rsquo;\u0153il, combin\u00e9 \u00e0 la poign\u00e9e sp\u00e9ciale, garantit une union parfaite, \u00e9vitant les mouvements ou les d\u00e9salignements. Compatible avec les manches en bois traditionnels.    <\/p>\n<p data-start=\"522\" data-end=\"645\" data-is-last-node=\"\" data-is-only-node=\"\">Utilisation recommand\u00e9e : Pour a\u00e9rer, retourner et pr\u00e9parer le sol \u00e0 la plantation, ainsi qu&rsquo;au nettoyage autour des arbres et des vignes.<\/p>\n","protected":false},"excerpt":{"rendered":"<p>Houe Bellota 2 A<\/p>\n<p data-start=\"73\" data-end=\"520\">Houe forg\u00e9e en une seule pi\u00e8ce en acier Bellota, polie et aff\u00fbt\u00e9e pour faciliter son insertion dans le sol. Il est r\u00e9sistant et durable, id\u00e9al pour toute une vie. Sa nervure lui conf\u00e8re de la robustesse, \u00e9vitant qu&rsquo;il ne se d\u00e9forme pendant que vous travaillez. Le syst\u00e8me anti-rotation dans l&rsquo;\u0153il, combin\u00e9 \u00e0 la poign\u00e9e sp\u00e9ciale, garantit une union parfaite, \u00e9vitant les mouvements ou les d\u00e9salignements. Compatible avec les manches en bois traditionnels.    <\/p>\n<p data-start=\"522\" data-end=\"645\" data-is-last-node=\"\" data-is-only-node=\"\">Utilisation recommand\u00e9e : Pour a\u00e9rer, retourner et pr\u00e9parer le sol \u00e0 la plantation, ainsi qu&rsquo;au nettoyage autour des arbres et des vignes.<\/p>\n","protected":false},"featured_media":14395,"comment_status":"open","ping_status":"closed","template":"","meta":[],"product_brand":[1959],"product_cat":[1957],"product_tag":[],"class_list":{"0":"post-14407","1":"product","2":"type-product","3":"status-publish","4":"has-post-thumbnail","6":"product_brand-bellota","7":"product_cat-houes","9":"first","10":"instock","11":"taxable","12":"shipping-taxable","13":"purchasable","14":"product-type-simple"},"yoast_head":"<!-- This site is optimized with the Yoast SEO plugin v27.4 - https:\/\/yoast.com\/product\/yoast-seo-wordpress\/ -->\n<title>Houe Bellota 2 A | SAIGA<\/title>\n<meta name=\"description\" content=\"Houe forg\u00e9e dans une seule pi\u00e8ce d&#039;acier Bellota, r\u00e9sistante et durable. Id\u00e9al pour a\u00e9rer et pr\u00e9parer le sol \u00e0 la plantation et au nettoyage autour des arbres et des vignes.\" \/>\n<meta name=\"robots\" content=\"index, follow, max-snippet:-1, max-image-preview:large, max-video-preview:-1\" \/>\n<link rel=\"canonical\" href=\"https:\/\/saiga.es\/fr\/produit\/houe-bellota-2-a\/\" \/>\n<meta property=\"og:locale\" content=\"fr_FR\" \/>\n<meta property=\"og:type\" content=\"article\" \/>\n<meta property=\"og:title\" content=\"Houe Bellota 2 A | SAIGA\" \/>\n<meta property=\"og:description\" content=\"Houe forg\u00e9e dans une seule pi\u00e8ce d&#039;acier Bellota, r\u00e9sistante et durable. Id\u00e9al pour a\u00e9rer et pr\u00e9parer le sol \u00e0 la plantation et au nettoyage autour des arbres et des vignes.\" \/>\n<meta property=\"og:url\" content=\"https:\/\/saiga.es\/fr\/produit\/houe-bellota-2-a\/\" \/>\n<meta property=\"og:site_name\" content=\"SAIGA\" \/>\n<meta property=\"article:modified_time\" content=\"2025-12-10T14:43:49+00:00\" \/>\n<meta property=\"og:image\" content=\"https:\/\/saiga.es\/wp-content\/uploads\/2025\/03\/Diseno-sin-titulo-6.png\" \/>\n\t<meta property=\"og:image:width\" content=\"1080\" \/>\n\t<meta property=\"og:image:height\" content=\"1080\" \/>\n\t<meta property=\"og:image:type\" content=\"image\/png\" \/>\n<meta name=\"twitter:card\" content=\"summary_large_image\" \/>\n<meta name=\"twitter:site\" content=\"@saiga_agro\" \/>\n<meta name=\"twitter:label1\" content=\"Dur\u00e9e de lecture estim\u00e9e\" \/>\n\t<meta name=\"twitter:data1\" content=\"1 minute\" \/>\n<script type=\"application\/ld+json\" class=\"yoast-schema-graph\">{\"@context\":\"https:\\\/\\\/schema.org\",\"@graph\":[{\"@type\":\"WebPage\",\"@id\":\"https:\\\/\\\/saiga.es\\\/fr\\\/produit\\\/houe-bellota-2-a\\\/\",\"url\":\"https:\\\/\\\/saiga.es\\\/fr\\\/produit\\\/houe-bellota-2-a\\\/\",\"name\":\"Houe Bellota 2 A | SAIGA\",\"isPartOf\":{\"@id\":\"https:\\\/\\\/saiga.es\\\/fr\\\/#website\"},\"primaryImageOfPage\":{\"@id\":\"https:\\\/\\\/saiga.es\\\/fr\\\/produit\\\/houe-bellota-2-a\\\/#primaryimage\"},\"image\":{\"@id\":\"https:\\\/\\\/saiga.es\\\/fr\\\/produit\\\/houe-bellota-2-a\\\/#primaryimage\"},\"thumbnailUrl\":\"https:\\\/\\\/saiga.es\\\/wp-content\\\/uploads\\\/2025\\\/03\\\/Diseno-sin-titulo-6.png\",\"datePublished\":\"2025-03-27T16:36:08+00:00\",\"dateModified\":\"2025-12-10T14:43:49+00:00\",\"description\":\"Houe forg\u00e9e dans une seule pi\u00e8ce d'acier Bellota, r\u00e9sistante et durable. Id\u00e9al pour a\u00e9rer et pr\u00e9parer le sol \u00e0 la plantation et au nettoyage autour des arbres et des vignes.\",\"breadcrumb\":{\"@id\":\"https:\\\/\\\/saiga.es\\\/fr\\\/produit\\\/houe-bellota-2-a\\\/#breadcrumb\"},\"inLanguage\":\"fr-FR\",\"potentialAction\":[{\"@type\":\"ReadAction\",\"target\":[\"https:\\\/\\\/saiga.es\\\/fr\\\/produit\\\/houe-bellota-2-a\\\/\"]}]},{\"@type\":\"ImageObject\",\"inLanguage\":\"fr-FR\",\"@id\":\"https:\\\/\\\/saiga.es\\\/fr\\\/produit\\\/houe-bellota-2-a\\\/#primaryimage\",\"url\":\"https:\\\/\\\/saiga.es\\\/wp-content\\\/uploads\\\/2025\\\/03\\\/Diseno-sin-titulo-6.png\",\"contentUrl\":\"https:\\\/\\\/saiga.es\\\/wp-content\\\/uploads\\\/2025\\\/03\\\/Diseno-sin-titulo-6.png\",\"width\":1080,\"height\":1080},{\"@type\":\"BreadcrumbList\",\"@id\":\"https:\\\/\\\/saiga.es\\\/fr\\\/produit\\\/houe-bellota-2-a\\\/#breadcrumb\",\"itemListElement\":[{\"@type\":\"ListItem\",\"position\":1,\"name\":\"Inici\",\"item\":\"https:\\\/\\\/saiga.es\\\/fr\\\/\"},{\"@type\":\"ListItem\",\"position\":2,\"name\":\"boutique\",\"item\":\"https:\\\/\\\/saiga.es\\\/fr\\\/boutique\\\/\"},{\"@type\":\"ListItem\",\"position\":3,\"name\":\"Houe Bellota 2 A\"}]},{\"@type\":\"WebSite\",\"@id\":\"https:\\\/\\\/saiga.es\\\/fr\\\/#website\",\"url\":\"https:\\\/\\\/saiga.es\\\/fr\\\/\",\"name\":\"SAIGA\",\"description\":\"M\u00e9s de 50 anys al servei de la terra i treballant per a un \u00fas eficient de l\u2019aigua!\",\"publisher\":{\"@id\":\"https:\\\/\\\/saiga.es\\\/fr\\\/#organization\"},\"potentialAction\":[{\"@type\":\"SearchAction\",\"target\":{\"@type\":\"EntryPoint\",\"urlTemplate\":\"https:\\\/\\\/saiga.es\\\/fr\\\/?s={search_term_string}\"},\"query-input\":{\"@type\":\"PropertyValueSpecification\",\"valueRequired\":true,\"valueName\":\"search_term_string\"}}],\"inLanguage\":\"fr-FR\"},{\"@type\":\"Organization\",\"@id\":\"https:\\\/\\\/saiga.es\\\/fr\\\/#organization\",\"name\":\"SAIGA\",\"url\":\"https:\\\/\\\/saiga.es\\\/fr\\\/\",\"logo\":{\"@type\":\"ImageObject\",\"inLanguage\":\"fr-FR\",\"@id\":\"https:\\\/\\\/saiga.es\\\/fr\\\/#\\\/schema\\\/logo\\\/image\\\/\",\"url\":\"https:\\\/\\\/saiga.es\\\/wp-content\\\/uploads\\\/2025\\\/07\\\/logo_saiga_baseline_optimitzat.svg\",\"contentUrl\":\"https:\\\/\\\/saiga.es\\\/wp-content\\\/uploads\\\/2025\\\/07\\\/logo_saiga_baseline_optimitzat.svg\",\"caption\":\"SAIGA\"},\"image\":{\"@id\":\"https:\\\/\\\/saiga.es\\\/fr\\\/#\\\/schema\\\/logo\\\/image\\\/\"},\"sameAs\":[\"https:\\\/\\\/x.com\\\/saiga_agro\",\"https:\\\/\\\/www.instagram.com\\\/saiga_agro\\\/\"]}]}<\/script>\n<!-- \/ Yoast SEO plugin. -->","yoast_head_json":{"title":"Houe Bellota 2 A | SAIGA","description":"Houe forg\u00e9e dans une seule pi\u00e8ce d'acier Bellota, r\u00e9sistante et durable. Id\u00e9al pour a\u00e9rer et pr\u00e9parer le sol \u00e0 la plantation et au nettoyage autour des arbres et des vignes.","robots":{"index":"index","follow":"follow","max-snippet":"max-snippet:-1","max-image-preview":"max-image-preview:large","max-video-preview":"max-video-preview:-1"},"canonical":"https:\/\/saiga.es\/fr\/produit\/houe-bellota-2-a\/","og_locale":"fr_FR","og_type":"article","og_title":"Houe Bellota 2 A | SAIGA","og_description":"Houe forg\u00e9e dans une seule pi\u00e8ce d'acier Bellota, r\u00e9sistante et durable. Id\u00e9al pour a\u00e9rer et pr\u00e9parer le sol \u00e0 la plantation et au nettoyage autour des arbres et des vignes.","og_url":"https:\/\/saiga.es\/fr\/produit\/houe-bellota-2-a\/","og_site_name":"SAIGA","article_modified_time":"2025-12-10T14:43:49+00:00","og_image":[{"width":1080,"height":1080,"url":"https:\/\/saiga.es\/wp-content\/uploads\/2025\/03\/Diseno-sin-titulo-6.png","type":"image\/png"}],"twitter_card":"summary_large_image","twitter_site":"@saiga_agro","twitter_misc":{"Dur\u00e9e de lecture estim\u00e9e":"1 minute"},"schema":{"@context":"https:\/\/schema.org","@graph":[{"@type":"WebPage","@id":"https:\/\/saiga.es\/fr\/produit\/houe-bellota-2-a\/","url":"https:\/\/saiga.es\/fr\/produit\/houe-bellota-2-a\/","name":"Houe Bellota 2 A | SAIGA","isPartOf":{"@id":"https:\/\/saiga.es\/fr\/#website"},"primaryImageOfPage":{"@id":"https:\/\/saiga.es\/fr\/produit\/houe-bellota-2-a\/#primaryimage"},"image":{"@id":"https:\/\/saiga.es\/fr\/produit\/houe-bellota-2-a\/#primaryimage"},"thumbnailUrl":"https:\/\/saiga.es\/wp-content\/uploads\/2025\/03\/Diseno-sin-titulo-6.png","datePublished":"2025-03-27T16:36:08+00:00","dateModified":"2025-12-10T14:43:49+00:00","description":"Houe forg\u00e9e dans une seule pi\u00e8ce d'acier Bellota, r\u00e9sistante et durable. Id\u00e9al pour a\u00e9rer et pr\u00e9parer le sol \u00e0 la plantation et au nettoyage autour des arbres et des vignes.","breadcrumb":{"@id":"https:\/\/saiga.es\/fr\/produit\/houe-bellota-2-a\/#breadcrumb"},"inLanguage":"fr-FR","potentialAction":[{"@type":"ReadAction","target":["https:\/\/saiga.es\/fr\/produit\/houe-bellota-2-a\/"]}]},{"@type":"ImageObject","inLanguage":"fr-FR","@id":"https:\/\/saiga.es\/fr\/produit\/houe-bellota-2-a\/#primaryimage","url":"https:\/\/saiga.es\/wp-content\/uploads\/2025\/03\/Diseno-sin-titulo-6.png","contentUrl":"https:\/\/saiga.es\/wp-content\/uploads\/2025\/03\/Diseno-sin-titulo-6.png","width":1080,"height":1080},{"@type":"BreadcrumbList","@id":"https:\/\/saiga.es\/fr\/produit\/houe-bellota-2-a\/#breadcrumb","itemListElement":[{"@type":"ListItem","position":1,"name":"Inici","item":"https:\/\/saiga.es\/fr\/"},{"@type":"ListItem","position":2,"name":"boutique","item":"https:\/\/saiga.es\/fr\/boutique\/"},{"@type":"ListItem","position":3,"name":"Houe Bellota 2 A"}]},{"@type":"WebSite","@id":"https:\/\/saiga.es\/fr\/#website","url":"https:\/\/saiga.es\/fr\/","name":"SAIGA","description":"M\u00e9s de 50 anys al servei de la terra i treballant per a un \u00fas eficient de l\u2019aigua!","publisher":{"@id":"https:\/\/saiga.es\/fr\/#organization"},"potentialAction":[{"@type":"SearchAction","target":{"@type":"EntryPoint","urlTemplate":"https:\/\/saiga.es\/fr\/?s={search_term_string}"},"query-input":{"@type":"PropertyValueSpecification","valueRequired":true,"valueName":"search_term_string"}}],"inLanguage":"fr-FR"},{"@type":"Organization","@id":"https:\/\/saiga.es\/fr\/#organization","name":"SAIGA","url":"https:\/\/saiga.es\/fr\/","logo":{"@type":"ImageObject","inLanguage":"fr-FR","@id":"https:\/\/saiga.es\/fr\/#\/schema\/logo\/image\/","url":"https:\/\/saiga.es\/wp-content\/uploads\/2025\/07\/logo_saiga_baseline_optimitzat.svg","contentUrl":"https:\/\/saiga.es\/wp-content\/uploads\/2025\/07\/logo_saiga_baseline_optimitzat.svg","caption":"SAIGA"},"image":{"@id":"https:\/\/saiga.es\/fr\/#\/schema\/logo\/image\/"},"sameAs":["https:\/\/x.com\/saiga_agro","https:\/\/www.instagram.com\/saiga_agro\/"]}]}},"_links":{"self":[{"href":"https:\/\/saiga.es\/fr\/wp-json\/wp\/v2\/product\/14407","targetHints":{"allow":["GET"]}}],"collection":[{"href":"https:\/\/saiga.es\/fr\/wp-json\/wp\/v2\/product"}],"about":[{"href":"https:\/\/saiga.es\/fr\/wp-json\/wp\/v2\/types\/product"}],"replies":[{"embeddable":true,"href":"https:\/\/saiga.es\/fr\/wp-json\/wp\/v2\/comments?post=14407"}],"wp:featuredmedia":[{"embeddable":true,"href":"https:\/\/saiga.es\/fr\/wp-json\/wp\/v2\/media\/14395"}],"wp:attachment":[{"href":"https:\/\/saiga.es\/fr\/wp-json\/wp\/v2\/media?parent=14407"}],"wp:term":[{"taxonomy":"product_brand","embeddable":true,"href":"https:\/\/saiga.es\/fr\/wp-json\/wp\/v2\/product_brand?post=14407"},{"taxonomy":"product_cat","embeddable":true,"href":"https:\/\/saiga.es\/fr\/wp-json\/wp\/v2\/product_cat?post=14407"},{"taxonomy":"product_tag","embeddable":true,"href":"https:\/\/saiga.es\/fr\/wp-json\/wp\/v2\/product_tag?post=14407"}],"curies":[{"name":"wp","href":"https:\/\/api.w.org\/{rel}","templated":true}]}}