{"id":14439,"date":"2025-04-01T09:11:21","date_gmt":"2025-04-01T09:11:21","guid":{"rendered":"https:\/\/botiga.saiga.es\/producte\/bobine-de-cable-conducteur-3-mm-3-fils-02-200-m\/"},"modified":"2025-04-01T09:11:21","modified_gmt":"2025-04-01T09:11:21","slug":"bobine-de-cable-conducteur-3-mm-3-fils-02-200-m","status":"publish","type":"product","link":"https:\/\/saiga.es\/fr\/produit\/bobine-de-cable-conducteur-3-mm-3-fils-02-200-m\/","title":{"rendered":"Bobine de c\u00e2ble conducteur 3 mm 3 fils 0,2 200 m"},"content":{"rendered":"<p>Bobine de Corde Conductrice Bleu\/Vert \u2013 3 mm \u2013 3 fils \u2013 0,2 mm\u00b2 \u2013 200 m. Corde conductrice de haute qualit\u00e9, id\u00e9ale pour les cl\u00f4tures \u00e9lectriques, les installations agricoles et autres applications n\u00e9cessitant une conduction \u00e9lectrique. Conception r\u00e9sistante, avec 3 fils conducteurs de 0,2 mm\u00b2 pour garantir une bonne transmission \u00e9lectrique. Diam\u00e8tre de 3 mm pour une combinaison optimale de flexibilit\u00e9 et de r\u00e9sistance. Bobine de 200 m\u00e8tres, parfaite pour les projets \u00e0 grande \u00e9chelle. Couleurs bleues et vertes, qui am\u00e9liorent la visibilit\u00e9 et l&rsquo;int\u00e9gration dans diff\u00e9rents environnements.     <\/p>\n<p>Applications :<br \/>\nEnclos \u00e9lectriques pour bovins<br \/>\nSyst\u00e8mes de protection et de d\u00e9limitation<br \/>\nConnexions temporaires dans les installations ext\u00e9rieures<\/p>\n<p>&nbsp;<\/p>\n","protected":false},"excerpt":{"rendered":"<p>Corde conductrice de haute qualit\u00e9, id\u00e9ale pour les cl\u00f4tures \u00e9lectriques, les installations agricoles et autres applications n\u00e9cessitant une conduction \u00e9lectrique.<\/p>\n","protected":false},"featured_media":14437,"comment_status":"closed","ping_status":"closed","template":"","meta":[],"product_brand":[2227],"product_cat":[2007],"product_tag":[2015,1113,2014],"class_list":{"0":"post-14439","1":"product","2":"type-product","3":"status-publish","4":"has-post-thumbnail","6":"product_brand-dvf-fr","7":"product_cat-bobines-de-fil-electrique","8":"product_tag-corde-conductrice","9":"product_tag-fil-electrique","10":"product_tag-fil-electrique-fr","12":"first","13":"instock","14":"taxable","15":"shipping-taxable","16":"purchasable","17":"product-type-simple"},"yoast_head":"<!-- This site is optimized with the Yoast SEO plugin v27.4 - https:\/\/yoast.com\/product\/yoast-seo-wordpress\/ -->\n<title>Bobine de c\u00e2ble conducteur 3 mm 3 fils 0,2 200 m | SAIGA<\/title>\n<meta name=\"description\" content=\"Corde conductrice de haute qualit\u00e9, id\u00e9ale pour les cl\u00f4tures \u00e9lectriques, les installations agricoles et autres applications n\u00e9cessitant une conduction \u00e9lectrique.\" \/>\n<meta name=\"robots\" content=\"index, follow, max-snippet:-1, max-image-preview:large, max-video-preview:-1\" \/>\n<link rel=\"canonical\" href=\"https:\/\/saiga.es\/fr\/produit\/bobine-de-cable-conducteur-3-mm-3-fils-02-200-m\/\" \/>\n<meta property=\"og:locale\" content=\"fr_FR\" \/>\n<meta property=\"og:type\" content=\"article\" \/>\n<meta property=\"og:title\" content=\"Bobine de c\u00e2ble conducteur 3 mm 3 fils 0,2 200 m | SAIGA\" \/>\n<meta property=\"og:description\" content=\"Corde conductrice de haute qualit\u00e9, id\u00e9ale pour les cl\u00f4tures \u00e9lectriques, les installations agricoles et autres applications n\u00e9cessitant une conduction \u00e9lectrique.\" \/>\n<meta property=\"og:url\" content=\"https:\/\/saiga.es\/fr\/produit\/bobine-de-cable-conducteur-3-mm-3-fils-02-200-m\/\" \/>\n<meta property=\"og:site_name\" content=\"SAIGA\" \/>\n<meta property=\"og:image\" content=\"https:\/\/saiga.es\/wp-content\/uploads\/2025\/04\/Bobina-fil-electric-verd-i-blanc.jpg\" \/>\n\t<meta property=\"og:image:width\" content=\"1080\" \/>\n\t<meta property=\"og:image:height\" content=\"1080\" \/>\n\t<meta property=\"og:image:type\" content=\"image\/jpeg\" \/>\n<meta name=\"twitter:card\" content=\"summary_large_image\" \/>\n<meta name=\"twitter:site\" content=\"@saiga_agro\" \/>\n<meta name=\"twitter:label1\" content=\"Dur\u00e9e de lecture estim\u00e9e\" \/>\n\t<meta name=\"twitter:data1\" content=\"1 minute\" \/>\n<script type=\"application\/ld+json\" class=\"yoast-schema-graph\">{\"@context\":\"https:\\\/\\\/schema.org\",\"@graph\":[{\"@type\":\"WebPage\",\"@id\":\"https:\\\/\\\/saiga.es\\\/fr\\\/produit\\\/bobine-de-cable-conducteur-3-mm-3-fils-02-200-m\\\/\",\"url\":\"https:\\\/\\\/saiga.es\\\/fr\\\/produit\\\/bobine-de-cable-conducteur-3-mm-3-fils-02-200-m\\\/\",\"name\":\"Bobine de c\u00e2ble conducteur 3 mm 3 fils 0,2 200 m | SAIGA\",\"isPartOf\":{\"@id\":\"https:\\\/\\\/saiga.es\\\/fr\\\/#website\"},\"primaryImageOfPage\":{\"@id\":\"https:\\\/\\\/saiga.es\\\/fr\\\/produit\\\/bobine-de-cable-conducteur-3-mm-3-fils-02-200-m\\\/#primaryimage\"},\"image\":{\"@id\":\"https:\\\/\\\/saiga.es\\\/fr\\\/produit\\\/bobine-de-cable-conducteur-3-mm-3-fils-02-200-m\\\/#primaryimage\"},\"thumbnailUrl\":\"https:\\\/\\\/saiga.es\\\/wp-content\\\/uploads\\\/2025\\\/04\\\/Bobina-fil-electric-verd-i-blanc.jpg\",\"datePublished\":\"2025-04-01T09:11:21+00:00\",\"description\":\"Corde conductrice de haute qualit\u00e9, id\u00e9ale pour les cl\u00f4tures \u00e9lectriques, les installations agricoles et autres applications n\u00e9cessitant une conduction \u00e9lectrique.\",\"breadcrumb\":{\"@id\":\"https:\\\/\\\/saiga.es\\\/fr\\\/produit\\\/bobine-de-cable-conducteur-3-mm-3-fils-02-200-m\\\/#breadcrumb\"},\"inLanguage\":\"fr-FR\",\"potentialAction\":[{\"@type\":\"ReadAction\",\"target\":[\"https:\\\/\\\/saiga.es\\\/fr\\\/produit\\\/bobine-de-cable-conducteur-3-mm-3-fils-02-200-m\\\/\"]}]},{\"@type\":\"ImageObject\",\"inLanguage\":\"fr-FR\",\"@id\":\"https:\\\/\\\/saiga.es\\\/fr\\\/produit\\\/bobine-de-cable-conducteur-3-mm-3-fils-02-200-m\\\/#primaryimage\",\"url\":\"https:\\\/\\\/saiga.es\\\/wp-content\\\/uploads\\\/2025\\\/04\\\/Bobina-fil-electric-verd-i-blanc.jpg\",\"contentUrl\":\"https:\\\/\\\/saiga.es\\\/wp-content\\\/uploads\\\/2025\\\/04\\\/Bobina-fil-electric-verd-i-blanc.jpg\",\"width\":1080,\"height\":1080,\"caption\":\"Bobine de fil \u00e9lectrique\"},{\"@type\":\"BreadcrumbList\",\"@id\":\"https:\\\/\\\/saiga.es\\\/fr\\\/produit\\\/bobine-de-cable-conducteur-3-mm-3-fils-02-200-m\\\/#breadcrumb\",\"itemListElement\":[{\"@type\":\"ListItem\",\"position\":1,\"name\":\"Inici\",\"item\":\"https:\\\/\\\/saiga.es\\\/fr\\\/\"},{\"@type\":\"ListItem\",\"position\":2,\"name\":\"boutique\",\"item\":\"https:\\\/\\\/saiga.es\\\/fr\\\/boutique\\\/\"},{\"@type\":\"ListItem\",\"position\":3,\"name\":\"Bobine de c\u00e2ble conducteur 3 mm 3 fils 0,2 200 m\"}]},{\"@type\":\"WebSite\",\"@id\":\"https:\\\/\\\/saiga.es\\\/fr\\\/#website\",\"url\":\"https:\\\/\\\/saiga.es\\\/fr\\\/\",\"name\":\"SAIGA\",\"description\":\"M\u00e9s de 50 anys al servei de la terra i treballant per a un \u00fas eficient de l\u2019aigua!\",\"publisher\":{\"@id\":\"https:\\\/\\\/saiga.es\\\/fr\\\/#organization\"},\"potentialAction\":[{\"@type\":\"SearchAction\",\"target\":{\"@type\":\"EntryPoint\",\"urlTemplate\":\"https:\\\/\\\/saiga.es\\\/fr\\\/?s={search_term_string}\"},\"query-input\":{\"@type\":\"PropertyValueSpecification\",\"valueRequired\":true,\"valueName\":\"search_term_string\"}}],\"inLanguage\":\"fr-FR\"},{\"@type\":\"Organization\",\"@id\":\"https:\\\/\\\/saiga.es\\\/fr\\\/#organization\",\"name\":\"SAIGA\",\"url\":\"https:\\\/\\\/saiga.es\\\/fr\\\/\",\"logo\":{\"@type\":\"ImageObject\",\"inLanguage\":\"fr-FR\",\"@id\":\"https:\\\/\\\/saiga.es\\\/fr\\\/#\\\/schema\\\/logo\\\/image\\\/\",\"url\":\"https:\\\/\\\/saiga.es\\\/wp-content\\\/uploads\\\/2025\\\/07\\\/logo_saiga_baseline_optimitzat.svg\",\"contentUrl\":\"https:\\\/\\\/saiga.es\\\/wp-content\\\/uploads\\\/2025\\\/07\\\/logo_saiga_baseline_optimitzat.svg\",\"caption\":\"SAIGA\"},\"image\":{\"@id\":\"https:\\\/\\\/saiga.es\\\/fr\\\/#\\\/schema\\\/logo\\\/image\\\/\"},\"sameAs\":[\"https:\\\/\\\/x.com\\\/saiga_agro\",\"https:\\\/\\\/www.instagram.com\\\/saiga_agro\\\/\"]}]}<\/script>\n<!-- \/ Yoast SEO plugin. -->","yoast_head_json":{"title":"Bobine de c\u00e2ble conducteur 3 mm 3 fils 0,2 200 m | SAIGA","description":"Corde conductrice de haute qualit\u00e9, id\u00e9ale pour les cl\u00f4tures \u00e9lectriques, les installations agricoles et autres applications n\u00e9cessitant une conduction \u00e9lectrique.","robots":{"index":"index","follow":"follow","max-snippet":"max-snippet:-1","max-image-preview":"max-image-preview:large","max-video-preview":"max-video-preview:-1"},"canonical":"https:\/\/saiga.es\/fr\/produit\/bobine-de-cable-conducteur-3-mm-3-fils-02-200-m\/","og_locale":"fr_FR","og_type":"article","og_title":"Bobine de c\u00e2ble conducteur 3 mm 3 fils 0,2 200 m | SAIGA","og_description":"Corde conductrice de haute qualit\u00e9, id\u00e9ale pour les cl\u00f4tures \u00e9lectriques, les installations agricoles et autres applications n\u00e9cessitant une conduction \u00e9lectrique.","og_url":"https:\/\/saiga.es\/fr\/produit\/bobine-de-cable-conducteur-3-mm-3-fils-02-200-m\/","og_site_name":"SAIGA","og_image":[{"width":1080,"height":1080,"url":"https:\/\/saiga.es\/wp-content\/uploads\/2025\/04\/Bobina-fil-electric-verd-i-blanc.jpg","type":"image\/jpeg"}],"twitter_card":"summary_large_image","twitter_site":"@saiga_agro","twitter_misc":{"Dur\u00e9e de lecture estim\u00e9e":"1 minute"},"schema":{"@context":"https:\/\/schema.org","@graph":[{"@type":"WebPage","@id":"https:\/\/saiga.es\/fr\/produit\/bobine-de-cable-conducteur-3-mm-3-fils-02-200-m\/","url":"https:\/\/saiga.es\/fr\/produit\/bobine-de-cable-conducteur-3-mm-3-fils-02-200-m\/","name":"Bobine de c\u00e2ble conducteur 3 mm 3 fils 0,2 200 m | SAIGA","isPartOf":{"@id":"https:\/\/saiga.es\/fr\/#website"},"primaryImageOfPage":{"@id":"https:\/\/saiga.es\/fr\/produit\/bobine-de-cable-conducteur-3-mm-3-fils-02-200-m\/#primaryimage"},"image":{"@id":"https:\/\/saiga.es\/fr\/produit\/bobine-de-cable-conducteur-3-mm-3-fils-02-200-m\/#primaryimage"},"thumbnailUrl":"https:\/\/saiga.es\/wp-content\/uploads\/2025\/04\/Bobina-fil-electric-verd-i-blanc.jpg","datePublished":"2025-04-01T09:11:21+00:00","description":"Corde conductrice de haute qualit\u00e9, id\u00e9ale pour les cl\u00f4tures \u00e9lectriques, les installations agricoles et autres applications n\u00e9cessitant une conduction \u00e9lectrique.","breadcrumb":{"@id":"https:\/\/saiga.es\/fr\/produit\/bobine-de-cable-conducteur-3-mm-3-fils-02-200-m\/#breadcrumb"},"inLanguage":"fr-FR","potentialAction":[{"@type":"ReadAction","target":["https:\/\/saiga.es\/fr\/produit\/bobine-de-cable-conducteur-3-mm-3-fils-02-200-m\/"]}]},{"@type":"ImageObject","inLanguage":"fr-FR","@id":"https:\/\/saiga.es\/fr\/produit\/bobine-de-cable-conducteur-3-mm-3-fils-02-200-m\/#primaryimage","url":"https:\/\/saiga.es\/wp-content\/uploads\/2025\/04\/Bobina-fil-electric-verd-i-blanc.jpg","contentUrl":"https:\/\/saiga.es\/wp-content\/uploads\/2025\/04\/Bobina-fil-electric-verd-i-blanc.jpg","width":1080,"height":1080,"caption":"Bobine de fil \u00e9lectrique"},{"@type":"BreadcrumbList","@id":"https:\/\/saiga.es\/fr\/produit\/bobine-de-cable-conducteur-3-mm-3-fils-02-200-m\/#breadcrumb","itemListElement":[{"@type":"ListItem","position":1,"name":"Inici","item":"https:\/\/saiga.es\/fr\/"},{"@type":"ListItem","position":2,"name":"boutique","item":"https:\/\/saiga.es\/fr\/boutique\/"},{"@type":"ListItem","position":3,"name":"Bobine de c\u00e2ble conducteur 3 mm 3 fils 0,2 200 m"}]},{"@type":"WebSite","@id":"https:\/\/saiga.es\/fr\/#website","url":"https:\/\/saiga.es\/fr\/","name":"SAIGA","description":"M\u00e9s de 50 anys al servei de la terra i treballant per a un \u00fas eficient de l\u2019aigua!","publisher":{"@id":"https:\/\/saiga.es\/fr\/#organization"},"potentialAction":[{"@type":"SearchAction","target":{"@type":"EntryPoint","urlTemplate":"https:\/\/saiga.es\/fr\/?s={search_term_string}"},"query-input":{"@type":"PropertyValueSpecification","valueRequired":true,"valueName":"search_term_string"}}],"inLanguage":"fr-FR"},{"@type":"Organization","@id":"https:\/\/saiga.es\/fr\/#organization","name":"SAIGA","url":"https:\/\/saiga.es\/fr\/","logo":{"@type":"ImageObject","inLanguage":"fr-FR","@id":"https:\/\/saiga.es\/fr\/#\/schema\/logo\/image\/","url":"https:\/\/saiga.es\/wp-content\/uploads\/2025\/07\/logo_saiga_baseline_optimitzat.svg","contentUrl":"https:\/\/saiga.es\/wp-content\/uploads\/2025\/07\/logo_saiga_baseline_optimitzat.svg","caption":"SAIGA"},"image":{"@id":"https:\/\/saiga.es\/fr\/#\/schema\/logo\/image\/"},"sameAs":["https:\/\/x.com\/saiga_agro","https:\/\/www.instagram.com\/saiga_agro\/"]}]}},"_links":{"self":[{"href":"https:\/\/saiga.es\/fr\/wp-json\/wp\/v2\/product\/14439","targetHints":{"allow":["GET"]}}],"collection":[{"href":"https:\/\/saiga.es\/fr\/wp-json\/wp\/v2\/product"}],"about":[{"href":"https:\/\/saiga.es\/fr\/wp-json\/wp\/v2\/types\/product"}],"replies":[{"embeddable":true,"href":"https:\/\/saiga.es\/fr\/wp-json\/wp\/v2\/comments?post=14439"}],"wp:featuredmedia":[{"embeddable":true,"href":"https:\/\/saiga.es\/fr\/wp-json\/wp\/v2\/media\/14437"}],"wp:attachment":[{"href":"https:\/\/saiga.es\/fr\/wp-json\/wp\/v2\/media?parent=14439"}],"wp:term":[{"taxonomy":"product_brand","embeddable":true,"href":"https:\/\/saiga.es\/fr\/wp-json\/wp\/v2\/product_brand?post=14439"},{"taxonomy":"product_cat","embeddable":true,"href":"https:\/\/saiga.es\/fr\/wp-json\/wp\/v2\/product_cat?post=14439"},{"taxonomy":"product_tag","embeddable":true,"href":"https:\/\/saiga.es\/fr\/wp-json\/wp\/v2\/product_tag?post=14439"}],"curies":[{"name":"wp","href":"https:\/\/api.w.org\/{rel}","templated":true}]}}