{"id":14445,"date":"2025-04-01T09:28:28","date_gmt":"2025-04-01T09:28:28","guid":{"rendered":"https:\/\/botiga.saiga.es\/producte\/bobine-de-ruban-conducteur-10-mm-4-fils\/"},"modified":"2025-04-01T09:28:28","modified_gmt":"2025-04-01T09:28:28","slug":"bobine-de-ruban-conducteur-10-mm-4-fils","status":"publish","type":"product","link":"https:\/\/saiga.es\/fr\/produit\/bobine-de-ruban-conducteur-10-mm-4-fils\/","title":{"rendered":"Bobine de ruban conducteur 10 mm 4 fils"},"content":{"rendered":"<p>Bobine de Ruban Conducteur 10 mm \u2013 Bleu \u2013 4 Fils \u2013 0,16 mm\u00b2 \u2013 200 m<\/p>\n<p>Ruban conducteur de 10 mm de large, id\u00e9al pour les cl\u00f4tures \u00e9lectriques et les syst\u00e8mes de confinement du b\u00e9tail. Fabriqu\u00e9 avec 4 fils conducteurs de 0,16 mm\u00b2, il garantit une excellente conduction \u00e9lectrique et une durabilit\u00e9. La couleur bleue am\u00e9liore la visibilit\u00e9, tandis que les mat\u00e9riaux r\u00e9sistants assurent une longue dur\u00e9e de vie m\u00eame dans des conditions m\u00e9t\u00e9orologiques d\u00e9favorables. Avec 200 m\u00e8tres par bobine, il est parfait pour les grandes installations. Compatible avec la plupart des syst\u00e8mes d&rsquo;\u00e9lectrification de cl\u00f4ture.    <\/p>\n<ul>\n<li>Conduite \u00e9lev\u00e9e<\/li>\n<li>R\u00e9sistant aux rayons UV<\/li>\n<li> Installation facile<\/li>\n<\/ul>\n<p>&nbsp;<\/p>\n","protected":false},"excerpt":{"rendered":"<p>Ruban conducteur de 10 mm de large, id\u00e9al pour les cl\u00f4tures \u00e9lectriques et les syst\u00e8mes de confinement du b\u00e9tail.<\/p>\n","protected":false},"featured_media":14443,"comment_status":"closed","ping_status":"closed","template":"","meta":[],"product_brand":[2227],"product_cat":[2007],"product_tag":[2019,2014,2018],"class_list":{"0":"post-14445","1":"product","2":"type-product","3":"status-publish","4":"has-post-thumbnail","6":"product_brand-dvf-fr","7":"product_cat-bobines-de-fil-electrique","8":"product_tag-bobine-de-fil-electrique","9":"product_tag-fil-electrique-fr","10":"product_tag-ruban-conducteur","12":"first","13":"instock","14":"taxable","15":"shipping-taxable","16":"purchasable","17":"product-type-simple"},"yoast_head":"<!-- This site is optimized with the Yoast SEO plugin v27.4 - https:\/\/yoast.com\/product\/yoast-seo-wordpress\/ -->\n<title>Bobine de ruban conducteur 10 mm 4 fils | SAIGA<\/title>\n<meta name=\"description\" content=\"Ruban conducteur de 10 mm de large, id\u00e9al pour les cl\u00f4tures \u00e9lectriques et les syst\u00e8mes de confinement du b\u00e9tail.\" \/>\n<meta name=\"robots\" content=\"index, follow, max-snippet:-1, max-image-preview:large, max-video-preview:-1\" \/>\n<link rel=\"canonical\" href=\"https:\/\/saiga.es\/fr\/produit\/bobine-de-ruban-conducteur-10-mm-4-fils\/\" \/>\n<meta property=\"og:locale\" content=\"fr_FR\" \/>\n<meta property=\"og:type\" content=\"article\" \/>\n<meta property=\"og:title\" content=\"Bobine de ruban conducteur 10 mm 4 fils | SAIGA\" \/>\n<meta property=\"og:description\" content=\"Ruban conducteur de 10 mm de large, id\u00e9al pour les cl\u00f4tures \u00e9lectriques et les syst\u00e8mes de confinement du b\u00e9tail.\" \/>\n<meta property=\"og:url\" content=\"https:\/\/saiga.es\/fr\/produit\/bobine-de-ruban-conducteur-10-mm-4-fils\/\" \/>\n<meta property=\"og:site_name\" content=\"SAIGA\" \/>\n<meta property=\"og:image\" content=\"https:\/\/saiga.es\/wp-content\/uploads\/2025\/04\/Bobina-fil-electric-10mm-4fils.jpg\" \/>\n\t<meta property=\"og:image:width\" content=\"1080\" \/>\n\t<meta property=\"og:image:height\" content=\"1080\" \/>\n\t<meta property=\"og:image:type\" content=\"image\/jpeg\" \/>\n<meta name=\"twitter:card\" content=\"summary_large_image\" \/>\n<meta name=\"twitter:site\" content=\"@saiga_agro\" \/>\n<meta name=\"twitter:label1\" content=\"Dur\u00e9e de lecture estim\u00e9e\" \/>\n\t<meta name=\"twitter:data1\" content=\"1 minute\" \/>\n<script type=\"application\/ld+json\" class=\"yoast-schema-graph\">{\"@context\":\"https:\\\/\\\/schema.org\",\"@graph\":[{\"@type\":\"WebPage\",\"@id\":\"https:\\\/\\\/saiga.es\\\/fr\\\/produit\\\/bobine-de-ruban-conducteur-10-mm-4-fils\\\/\",\"url\":\"https:\\\/\\\/saiga.es\\\/fr\\\/produit\\\/bobine-de-ruban-conducteur-10-mm-4-fils\\\/\",\"name\":\"Bobine de ruban conducteur 10 mm 4 fils | SAIGA\",\"isPartOf\":{\"@id\":\"https:\\\/\\\/saiga.es\\\/fr\\\/#website\"},\"primaryImageOfPage\":{\"@id\":\"https:\\\/\\\/saiga.es\\\/fr\\\/produit\\\/bobine-de-ruban-conducteur-10-mm-4-fils\\\/#primaryimage\"},\"image\":{\"@id\":\"https:\\\/\\\/saiga.es\\\/fr\\\/produit\\\/bobine-de-ruban-conducteur-10-mm-4-fils\\\/#primaryimage\"},\"thumbnailUrl\":\"https:\\\/\\\/saiga.es\\\/wp-content\\\/uploads\\\/2025\\\/04\\\/Bobina-fil-electric-10mm-4fils.jpg\",\"datePublished\":\"2025-04-01T09:28:28+00:00\",\"description\":\"Ruban conducteur de 10 mm de large, id\u00e9al pour les cl\u00f4tures \u00e9lectriques et les syst\u00e8mes de confinement du b\u00e9tail.\",\"breadcrumb\":{\"@id\":\"https:\\\/\\\/saiga.es\\\/fr\\\/produit\\\/bobine-de-ruban-conducteur-10-mm-4-fils\\\/#breadcrumb\"},\"inLanguage\":\"fr-FR\",\"potentialAction\":[{\"@type\":\"ReadAction\",\"target\":[\"https:\\\/\\\/saiga.es\\\/fr\\\/produit\\\/bobine-de-ruban-conducteur-10-mm-4-fils\\\/\"]}]},{\"@type\":\"ImageObject\",\"inLanguage\":\"fr-FR\",\"@id\":\"https:\\\/\\\/saiga.es\\\/fr\\\/produit\\\/bobine-de-ruban-conducteur-10-mm-4-fils\\\/#primaryimage\",\"url\":\"https:\\\/\\\/saiga.es\\\/wp-content\\\/uploads\\\/2025\\\/04\\\/Bobina-fil-electric-10mm-4fils.jpg\",\"contentUrl\":\"https:\\\/\\\/saiga.es\\\/wp-content\\\/uploads\\\/2025\\\/04\\\/Bobina-fil-electric-10mm-4fils.jpg\",\"width\":1080,\"height\":1080,\"caption\":\"Bobine de fil \u00e9lectrique\"},{\"@type\":\"BreadcrumbList\",\"@id\":\"https:\\\/\\\/saiga.es\\\/fr\\\/produit\\\/bobine-de-ruban-conducteur-10-mm-4-fils\\\/#breadcrumb\",\"itemListElement\":[{\"@type\":\"ListItem\",\"position\":1,\"name\":\"Inici\",\"item\":\"https:\\\/\\\/saiga.es\\\/fr\\\/\"},{\"@type\":\"ListItem\",\"position\":2,\"name\":\"boutique\",\"item\":\"https:\\\/\\\/saiga.es\\\/fr\\\/boutique\\\/\"},{\"@type\":\"ListItem\",\"position\":3,\"name\":\"Bobine de ruban conducteur 10 mm 4 fils\"}]},{\"@type\":\"WebSite\",\"@id\":\"https:\\\/\\\/saiga.es\\\/fr\\\/#website\",\"url\":\"https:\\\/\\\/saiga.es\\\/fr\\\/\",\"name\":\"SAIGA\",\"description\":\"M\u00e9s de 50 anys al servei de la terra i treballant per a un \u00fas eficient de l\u2019aigua!\",\"publisher\":{\"@id\":\"https:\\\/\\\/saiga.es\\\/fr\\\/#organization\"},\"potentialAction\":[{\"@type\":\"SearchAction\",\"target\":{\"@type\":\"EntryPoint\",\"urlTemplate\":\"https:\\\/\\\/saiga.es\\\/fr\\\/?s={search_term_string}\"},\"query-input\":{\"@type\":\"PropertyValueSpecification\",\"valueRequired\":true,\"valueName\":\"search_term_string\"}}],\"inLanguage\":\"fr-FR\"},{\"@type\":\"Organization\",\"@id\":\"https:\\\/\\\/saiga.es\\\/fr\\\/#organization\",\"name\":\"SAIGA\",\"url\":\"https:\\\/\\\/saiga.es\\\/fr\\\/\",\"logo\":{\"@type\":\"ImageObject\",\"inLanguage\":\"fr-FR\",\"@id\":\"https:\\\/\\\/saiga.es\\\/fr\\\/#\\\/schema\\\/logo\\\/image\\\/\",\"url\":\"https:\\\/\\\/saiga.es\\\/wp-content\\\/uploads\\\/2025\\\/07\\\/logo_saiga_baseline_optimitzat.svg\",\"contentUrl\":\"https:\\\/\\\/saiga.es\\\/wp-content\\\/uploads\\\/2025\\\/07\\\/logo_saiga_baseline_optimitzat.svg\",\"caption\":\"SAIGA\"},\"image\":{\"@id\":\"https:\\\/\\\/saiga.es\\\/fr\\\/#\\\/schema\\\/logo\\\/image\\\/\"},\"sameAs\":[\"https:\\\/\\\/x.com\\\/saiga_agro\",\"https:\\\/\\\/www.instagram.com\\\/saiga_agro\\\/\"]}]}<\/script>\n<!-- \/ Yoast SEO plugin. -->","yoast_head_json":{"title":"Bobine de ruban conducteur 10 mm 4 fils | SAIGA","description":"Ruban conducteur de 10 mm de large, id\u00e9al pour les cl\u00f4tures \u00e9lectriques et les syst\u00e8mes de confinement du b\u00e9tail.","robots":{"index":"index","follow":"follow","max-snippet":"max-snippet:-1","max-image-preview":"max-image-preview:large","max-video-preview":"max-video-preview:-1"},"canonical":"https:\/\/saiga.es\/fr\/produit\/bobine-de-ruban-conducteur-10-mm-4-fils\/","og_locale":"fr_FR","og_type":"article","og_title":"Bobine de ruban conducteur 10 mm 4 fils | SAIGA","og_description":"Ruban conducteur de 10 mm de large, id\u00e9al pour les cl\u00f4tures \u00e9lectriques et les syst\u00e8mes de confinement du b\u00e9tail.","og_url":"https:\/\/saiga.es\/fr\/produit\/bobine-de-ruban-conducteur-10-mm-4-fils\/","og_site_name":"SAIGA","og_image":[{"width":1080,"height":1080,"url":"https:\/\/saiga.es\/wp-content\/uploads\/2025\/04\/Bobina-fil-electric-10mm-4fils.jpg","type":"image\/jpeg"}],"twitter_card":"summary_large_image","twitter_site":"@saiga_agro","twitter_misc":{"Dur\u00e9e de lecture estim\u00e9e":"1 minute"},"schema":{"@context":"https:\/\/schema.org","@graph":[{"@type":"WebPage","@id":"https:\/\/saiga.es\/fr\/produit\/bobine-de-ruban-conducteur-10-mm-4-fils\/","url":"https:\/\/saiga.es\/fr\/produit\/bobine-de-ruban-conducteur-10-mm-4-fils\/","name":"Bobine de ruban conducteur 10 mm 4 fils | SAIGA","isPartOf":{"@id":"https:\/\/saiga.es\/fr\/#website"},"primaryImageOfPage":{"@id":"https:\/\/saiga.es\/fr\/produit\/bobine-de-ruban-conducteur-10-mm-4-fils\/#primaryimage"},"image":{"@id":"https:\/\/saiga.es\/fr\/produit\/bobine-de-ruban-conducteur-10-mm-4-fils\/#primaryimage"},"thumbnailUrl":"https:\/\/saiga.es\/wp-content\/uploads\/2025\/04\/Bobina-fil-electric-10mm-4fils.jpg","datePublished":"2025-04-01T09:28:28+00:00","description":"Ruban conducteur de 10 mm de large, id\u00e9al pour les cl\u00f4tures \u00e9lectriques et les syst\u00e8mes de confinement du b\u00e9tail.","breadcrumb":{"@id":"https:\/\/saiga.es\/fr\/produit\/bobine-de-ruban-conducteur-10-mm-4-fils\/#breadcrumb"},"inLanguage":"fr-FR","potentialAction":[{"@type":"ReadAction","target":["https:\/\/saiga.es\/fr\/produit\/bobine-de-ruban-conducteur-10-mm-4-fils\/"]}]},{"@type":"ImageObject","inLanguage":"fr-FR","@id":"https:\/\/saiga.es\/fr\/produit\/bobine-de-ruban-conducteur-10-mm-4-fils\/#primaryimage","url":"https:\/\/saiga.es\/wp-content\/uploads\/2025\/04\/Bobina-fil-electric-10mm-4fils.jpg","contentUrl":"https:\/\/saiga.es\/wp-content\/uploads\/2025\/04\/Bobina-fil-electric-10mm-4fils.jpg","width":1080,"height":1080,"caption":"Bobine de fil \u00e9lectrique"},{"@type":"BreadcrumbList","@id":"https:\/\/saiga.es\/fr\/produit\/bobine-de-ruban-conducteur-10-mm-4-fils\/#breadcrumb","itemListElement":[{"@type":"ListItem","position":1,"name":"Inici","item":"https:\/\/saiga.es\/fr\/"},{"@type":"ListItem","position":2,"name":"boutique","item":"https:\/\/saiga.es\/fr\/boutique\/"},{"@type":"ListItem","position":3,"name":"Bobine de ruban conducteur 10 mm 4 fils"}]},{"@type":"WebSite","@id":"https:\/\/saiga.es\/fr\/#website","url":"https:\/\/saiga.es\/fr\/","name":"SAIGA","description":"M\u00e9s de 50 anys al servei de la terra i treballant per a un \u00fas eficient de l\u2019aigua!","publisher":{"@id":"https:\/\/saiga.es\/fr\/#organization"},"potentialAction":[{"@type":"SearchAction","target":{"@type":"EntryPoint","urlTemplate":"https:\/\/saiga.es\/fr\/?s={search_term_string}"},"query-input":{"@type":"PropertyValueSpecification","valueRequired":true,"valueName":"search_term_string"}}],"inLanguage":"fr-FR"},{"@type":"Organization","@id":"https:\/\/saiga.es\/fr\/#organization","name":"SAIGA","url":"https:\/\/saiga.es\/fr\/","logo":{"@type":"ImageObject","inLanguage":"fr-FR","@id":"https:\/\/saiga.es\/fr\/#\/schema\/logo\/image\/","url":"https:\/\/saiga.es\/wp-content\/uploads\/2025\/07\/logo_saiga_baseline_optimitzat.svg","contentUrl":"https:\/\/saiga.es\/wp-content\/uploads\/2025\/07\/logo_saiga_baseline_optimitzat.svg","caption":"SAIGA"},"image":{"@id":"https:\/\/saiga.es\/fr\/#\/schema\/logo\/image\/"},"sameAs":["https:\/\/x.com\/saiga_agro","https:\/\/www.instagram.com\/saiga_agro\/"]}]}},"_links":{"self":[{"href":"https:\/\/saiga.es\/fr\/wp-json\/wp\/v2\/product\/14445","targetHints":{"allow":["GET"]}}],"collection":[{"href":"https:\/\/saiga.es\/fr\/wp-json\/wp\/v2\/product"}],"about":[{"href":"https:\/\/saiga.es\/fr\/wp-json\/wp\/v2\/types\/product"}],"replies":[{"embeddable":true,"href":"https:\/\/saiga.es\/fr\/wp-json\/wp\/v2\/comments?post=14445"}],"wp:featuredmedia":[{"embeddable":true,"href":"https:\/\/saiga.es\/fr\/wp-json\/wp\/v2\/media\/14443"}],"wp:attachment":[{"href":"https:\/\/saiga.es\/fr\/wp-json\/wp\/v2\/media?parent=14445"}],"wp:term":[{"taxonomy":"product_brand","embeddable":true,"href":"https:\/\/saiga.es\/fr\/wp-json\/wp\/v2\/product_brand?post=14445"},{"taxonomy":"product_cat","embeddable":true,"href":"https:\/\/saiga.es\/fr\/wp-json\/wp\/v2\/product_cat?post=14445"},{"taxonomy":"product_tag","embeddable":true,"href":"https:\/\/saiga.es\/fr\/wp-json\/wp\/v2\/product_tag?post=14445"}],"curies":[{"name":"wp","href":"https:\/\/api.w.org\/{rel}","templated":true}]}}