{"id":14459,"date":"2025-04-01T11:20:49","date_gmt":"2025-04-01T11:20:49","guid":{"rendered":"https:\/\/botiga.saiga.es\/producte\/panneau-solaire-berger-electrique-10-w\/"},"modified":"2025-04-01T11:20:49","modified_gmt":"2025-04-01T11:20:49","slug":"panneau-solaire-berger-electrique-10-w","status":"publish","type":"product","link":"https:\/\/saiga.es\/fr\/produit\/panneau-solaire-berger-electrique-10-w\/","title":{"rendered":"Panneau solaire berger \u00e9lectrique 10 W"},"content":{"rendered":"<p>Panneau solaire de puissance 10 W, con\u00e7u pour alimenter les bergers \u00e9lectriques de mani\u00e8re efficace et \u00e9cologique. Avec une tension maximale de 17,6 V et une capacit\u00e9 de charge de 0,56 A, il assure une alimentation \u00e9lectrique stable pour maintenir la cl\u00f4ture \u00e9lectrique active plus longtemps. Id\u00e9al pour une utilisation en ext\u00e9rieur, il r\u00e9siste aux intemp\u00e9ries et offre des performances optimales face au sud et maintenu propre.  <\/p>\n<ul>\n<li>Efficacit\u00e9 \u00e9nerg\u00e9tique<\/li>\n<li>Solide et durable<\/li>\n<li>Installation facile<\/li>\n<\/ul>\n","protected":false},"excerpt":{"rendered":"<p>Panneau solaire de puissance 10 W, con\u00e7u pour alimenter les bergers \u00e9lectriques de mani\u00e8re efficace et \u00e9cologique.<\/p>\n","protected":false},"featured_media":14457,"comment_status":"closed","ping_status":"closed","template":"","meta":[],"product_brand":[2229],"product_cat":[2004],"product_tag":[1113,2023],"class_list":{"0":"post-14459","1":"product","2":"type-product","3":"status-publish","4":"has-post-thumbnail","6":"product_brand-zarcudeyo-fr","7":"product_cat-bergers-electriques-fr","8":"product_tag-fil-electrique","9":"product_tag-panneau-solaire","11":"first","12":"instock","13":"taxable","14":"shipping-taxable","15":"purchasable","16":"product-type-simple"},"yoast_head":"<!-- This site is optimized with the Yoast SEO plugin v27.4 - https:\/\/yoast.com\/product\/yoast-seo-wordpress\/ -->\n<title>Panneau solaire berger \u00e9lectrique 10 W | SAIGA<\/title>\n<meta name=\"description\" content=\"Panneau solaire de puissance 10 W, con\u00e7u pour alimenter les bergers \u00e9lectriques de mani\u00e8re efficace et \u00e9cologique.\" \/>\n<meta name=\"robots\" content=\"index, follow, max-snippet:-1, max-image-preview:large, max-video-preview:-1\" \/>\n<link rel=\"canonical\" href=\"https:\/\/saiga.es\/fr\/produit\/panneau-solaire-berger-electrique-10-w\/\" \/>\n<meta property=\"og:locale\" content=\"fr_FR\" \/>\n<meta property=\"og:type\" content=\"article\" \/>\n<meta property=\"og:title\" content=\"Panneau solaire berger \u00e9lectrique 10 W | SAIGA\" \/>\n<meta property=\"og:description\" content=\"Panneau solaire de puissance 10 W, con\u00e7u pour alimenter les bergers \u00e9lectriques de mani\u00e8re efficace et \u00e9cologique.\" \/>\n<meta property=\"og:url\" content=\"https:\/\/saiga.es\/fr\/produit\/panneau-solaire-berger-electrique-10-w\/\" \/>\n<meta property=\"og:site_name\" content=\"SAIGA\" \/>\n<meta property=\"og:image\" content=\"https:\/\/saiga.es\/wp-content\/uploads\/2025\/04\/Panell-solar-pastors-electrics.jpg\" \/>\n\t<meta property=\"og:image:width\" content=\"1080\" \/>\n\t<meta property=\"og:image:height\" content=\"1080\" \/>\n\t<meta property=\"og:image:type\" content=\"image\/jpeg\" \/>\n<meta name=\"twitter:card\" content=\"summary_large_image\" \/>\n<meta name=\"twitter:site\" content=\"@saiga_agro\" \/>\n<script type=\"application\/ld+json\" class=\"yoast-schema-graph\">{\"@context\":\"https:\\\/\\\/schema.org\",\"@graph\":[{\"@type\":\"WebPage\",\"@id\":\"https:\\\/\\\/saiga.es\\\/fr\\\/produit\\\/panneau-solaire-berger-electrique-10-w\\\/\",\"url\":\"https:\\\/\\\/saiga.es\\\/fr\\\/produit\\\/panneau-solaire-berger-electrique-10-w\\\/\",\"name\":\"Panneau solaire berger \u00e9lectrique 10 W | SAIGA\",\"isPartOf\":{\"@id\":\"https:\\\/\\\/saiga.es\\\/fr\\\/#website\"},\"primaryImageOfPage\":{\"@id\":\"https:\\\/\\\/saiga.es\\\/fr\\\/produit\\\/panneau-solaire-berger-electrique-10-w\\\/#primaryimage\"},\"image\":{\"@id\":\"https:\\\/\\\/saiga.es\\\/fr\\\/produit\\\/panneau-solaire-berger-electrique-10-w\\\/#primaryimage\"},\"thumbnailUrl\":\"https:\\\/\\\/saiga.es\\\/wp-content\\\/uploads\\\/2025\\\/04\\\/Panell-solar-pastors-electrics.jpg\",\"datePublished\":\"2025-04-01T11:20:49+00:00\",\"description\":\"Panneau solaire de puissance 10 W, con\u00e7u pour alimenter les bergers \u00e9lectriques de mani\u00e8re efficace et \u00e9cologique.\",\"breadcrumb\":{\"@id\":\"https:\\\/\\\/saiga.es\\\/fr\\\/produit\\\/panneau-solaire-berger-electrique-10-w\\\/#breadcrumb\"},\"inLanguage\":\"fr-FR\",\"potentialAction\":[{\"@type\":\"ReadAction\",\"target\":[\"https:\\\/\\\/saiga.es\\\/fr\\\/produit\\\/panneau-solaire-berger-electrique-10-w\\\/\"]}]},{\"@type\":\"ImageObject\",\"inLanguage\":\"fr-FR\",\"@id\":\"https:\\\/\\\/saiga.es\\\/fr\\\/produit\\\/panneau-solaire-berger-electrique-10-w\\\/#primaryimage\",\"url\":\"https:\\\/\\\/saiga.es\\\/wp-content\\\/uploads\\\/2025\\\/04\\\/Panell-solar-pastors-electrics.jpg\",\"contentUrl\":\"https:\\\/\\\/saiga.es\\\/wp-content\\\/uploads\\\/2025\\\/04\\\/Panell-solar-pastors-electrics.jpg\",\"width\":1080,\"height\":1080,\"caption\":\"Panneau solaire berger \u00e9lectrique\"},{\"@type\":\"BreadcrumbList\",\"@id\":\"https:\\\/\\\/saiga.es\\\/fr\\\/produit\\\/panneau-solaire-berger-electrique-10-w\\\/#breadcrumb\",\"itemListElement\":[{\"@type\":\"ListItem\",\"position\":1,\"name\":\"Inici\",\"item\":\"https:\\\/\\\/saiga.es\\\/fr\\\/\"},{\"@type\":\"ListItem\",\"position\":2,\"name\":\"boutique\",\"item\":\"https:\\\/\\\/saiga.es\\\/fr\\\/boutique\\\/\"},{\"@type\":\"ListItem\",\"position\":3,\"name\":\"Panneau solaire berger \u00e9lectrique 10 W\"}]},{\"@type\":\"WebSite\",\"@id\":\"https:\\\/\\\/saiga.es\\\/fr\\\/#website\",\"url\":\"https:\\\/\\\/saiga.es\\\/fr\\\/\",\"name\":\"SAIGA\",\"description\":\"M\u00e9s de 50 anys al servei de la terra i treballant per a un \u00fas eficient de l\u2019aigua!\",\"publisher\":{\"@id\":\"https:\\\/\\\/saiga.es\\\/fr\\\/#organization\"},\"potentialAction\":[{\"@type\":\"SearchAction\",\"target\":{\"@type\":\"EntryPoint\",\"urlTemplate\":\"https:\\\/\\\/saiga.es\\\/fr\\\/?s={search_term_string}\"},\"query-input\":{\"@type\":\"PropertyValueSpecification\",\"valueRequired\":true,\"valueName\":\"search_term_string\"}}],\"inLanguage\":\"fr-FR\"},{\"@type\":\"Organization\",\"@id\":\"https:\\\/\\\/saiga.es\\\/fr\\\/#organization\",\"name\":\"SAIGA\",\"url\":\"https:\\\/\\\/saiga.es\\\/fr\\\/\",\"logo\":{\"@type\":\"ImageObject\",\"inLanguage\":\"fr-FR\",\"@id\":\"https:\\\/\\\/saiga.es\\\/fr\\\/#\\\/schema\\\/logo\\\/image\\\/\",\"url\":\"https:\\\/\\\/saiga.es\\\/wp-content\\\/uploads\\\/2025\\\/07\\\/logo_saiga_baseline_optimitzat.svg\",\"contentUrl\":\"https:\\\/\\\/saiga.es\\\/wp-content\\\/uploads\\\/2025\\\/07\\\/logo_saiga_baseline_optimitzat.svg\",\"caption\":\"SAIGA\"},\"image\":{\"@id\":\"https:\\\/\\\/saiga.es\\\/fr\\\/#\\\/schema\\\/logo\\\/image\\\/\"},\"sameAs\":[\"https:\\\/\\\/x.com\\\/saiga_agro\",\"https:\\\/\\\/www.instagram.com\\\/saiga_agro\\\/\"]}]}<\/script>\n<!-- \/ Yoast SEO plugin. -->","yoast_head_json":{"title":"Panneau solaire berger \u00e9lectrique 10 W | SAIGA","description":"Panneau solaire de puissance 10 W, con\u00e7u pour alimenter les bergers \u00e9lectriques de mani\u00e8re efficace et \u00e9cologique.","robots":{"index":"index","follow":"follow","max-snippet":"max-snippet:-1","max-image-preview":"max-image-preview:large","max-video-preview":"max-video-preview:-1"},"canonical":"https:\/\/saiga.es\/fr\/produit\/panneau-solaire-berger-electrique-10-w\/","og_locale":"fr_FR","og_type":"article","og_title":"Panneau solaire berger \u00e9lectrique 10 W | SAIGA","og_description":"Panneau solaire de puissance 10 W, con\u00e7u pour alimenter les bergers \u00e9lectriques de mani\u00e8re efficace et \u00e9cologique.","og_url":"https:\/\/saiga.es\/fr\/produit\/panneau-solaire-berger-electrique-10-w\/","og_site_name":"SAIGA","og_image":[{"width":1080,"height":1080,"url":"https:\/\/saiga.es\/wp-content\/uploads\/2025\/04\/Panell-solar-pastors-electrics.jpg","type":"image\/jpeg"}],"twitter_card":"summary_large_image","twitter_site":"@saiga_agro","schema":{"@context":"https:\/\/schema.org","@graph":[{"@type":"WebPage","@id":"https:\/\/saiga.es\/fr\/produit\/panneau-solaire-berger-electrique-10-w\/","url":"https:\/\/saiga.es\/fr\/produit\/panneau-solaire-berger-electrique-10-w\/","name":"Panneau solaire berger \u00e9lectrique 10 W | SAIGA","isPartOf":{"@id":"https:\/\/saiga.es\/fr\/#website"},"primaryImageOfPage":{"@id":"https:\/\/saiga.es\/fr\/produit\/panneau-solaire-berger-electrique-10-w\/#primaryimage"},"image":{"@id":"https:\/\/saiga.es\/fr\/produit\/panneau-solaire-berger-electrique-10-w\/#primaryimage"},"thumbnailUrl":"https:\/\/saiga.es\/wp-content\/uploads\/2025\/04\/Panell-solar-pastors-electrics.jpg","datePublished":"2025-04-01T11:20:49+00:00","description":"Panneau solaire de puissance 10 W, con\u00e7u pour alimenter les bergers \u00e9lectriques de mani\u00e8re efficace et \u00e9cologique.","breadcrumb":{"@id":"https:\/\/saiga.es\/fr\/produit\/panneau-solaire-berger-electrique-10-w\/#breadcrumb"},"inLanguage":"fr-FR","potentialAction":[{"@type":"ReadAction","target":["https:\/\/saiga.es\/fr\/produit\/panneau-solaire-berger-electrique-10-w\/"]}]},{"@type":"ImageObject","inLanguage":"fr-FR","@id":"https:\/\/saiga.es\/fr\/produit\/panneau-solaire-berger-electrique-10-w\/#primaryimage","url":"https:\/\/saiga.es\/wp-content\/uploads\/2025\/04\/Panell-solar-pastors-electrics.jpg","contentUrl":"https:\/\/saiga.es\/wp-content\/uploads\/2025\/04\/Panell-solar-pastors-electrics.jpg","width":1080,"height":1080,"caption":"Panneau solaire berger \u00e9lectrique"},{"@type":"BreadcrumbList","@id":"https:\/\/saiga.es\/fr\/produit\/panneau-solaire-berger-electrique-10-w\/#breadcrumb","itemListElement":[{"@type":"ListItem","position":1,"name":"Inici","item":"https:\/\/saiga.es\/fr\/"},{"@type":"ListItem","position":2,"name":"boutique","item":"https:\/\/saiga.es\/fr\/boutique\/"},{"@type":"ListItem","position":3,"name":"Panneau solaire berger \u00e9lectrique 10 W"}]},{"@type":"WebSite","@id":"https:\/\/saiga.es\/fr\/#website","url":"https:\/\/saiga.es\/fr\/","name":"SAIGA","description":"M\u00e9s de 50 anys al servei de la terra i treballant per a un \u00fas eficient de l\u2019aigua!","publisher":{"@id":"https:\/\/saiga.es\/fr\/#organization"},"potentialAction":[{"@type":"SearchAction","target":{"@type":"EntryPoint","urlTemplate":"https:\/\/saiga.es\/fr\/?s={search_term_string}"},"query-input":{"@type":"PropertyValueSpecification","valueRequired":true,"valueName":"search_term_string"}}],"inLanguage":"fr-FR"},{"@type":"Organization","@id":"https:\/\/saiga.es\/fr\/#organization","name":"SAIGA","url":"https:\/\/saiga.es\/fr\/","logo":{"@type":"ImageObject","inLanguage":"fr-FR","@id":"https:\/\/saiga.es\/fr\/#\/schema\/logo\/image\/","url":"https:\/\/saiga.es\/wp-content\/uploads\/2025\/07\/logo_saiga_baseline_optimitzat.svg","contentUrl":"https:\/\/saiga.es\/wp-content\/uploads\/2025\/07\/logo_saiga_baseline_optimitzat.svg","caption":"SAIGA"},"image":{"@id":"https:\/\/saiga.es\/fr\/#\/schema\/logo\/image\/"},"sameAs":["https:\/\/x.com\/saiga_agro","https:\/\/www.instagram.com\/saiga_agro\/"]}]}},"_links":{"self":[{"href":"https:\/\/saiga.es\/fr\/wp-json\/wp\/v2\/product\/14459","targetHints":{"allow":["GET"]}}],"collection":[{"href":"https:\/\/saiga.es\/fr\/wp-json\/wp\/v2\/product"}],"about":[{"href":"https:\/\/saiga.es\/fr\/wp-json\/wp\/v2\/types\/product"}],"replies":[{"embeddable":true,"href":"https:\/\/saiga.es\/fr\/wp-json\/wp\/v2\/comments?post=14459"}],"wp:featuredmedia":[{"embeddable":true,"href":"https:\/\/saiga.es\/fr\/wp-json\/wp\/v2\/media\/14457"}],"wp:attachment":[{"href":"https:\/\/saiga.es\/fr\/wp-json\/wp\/v2\/media?parent=14459"}],"wp:term":[{"taxonomy":"product_brand","embeddable":true,"href":"https:\/\/saiga.es\/fr\/wp-json\/wp\/v2\/product_brand?post=14459"},{"taxonomy":"product_cat","embeddable":true,"href":"https:\/\/saiga.es\/fr\/wp-json\/wp\/v2\/product_cat?post=14459"},{"taxonomy":"product_tag","embeddable":true,"href":"https:\/\/saiga.es\/fr\/wp-json\/wp\/v2\/product_tag?post=14459"}],"curies":[{"name":"wp","href":"https:\/\/api.w.org\/{rel}","templated":true}]}}