{"id":14475,"date":"2025-04-01T12:39:17","date_gmt":"2025-04-01T12:39:17","guid":{"rendered":"https:\/\/botiga.saiga.es\/producte\/pastor-zarpazo-zar-25-45-j-12-v-solaire\/"},"modified":"2025-04-01T12:39:17","modified_gmt":"2025-04-01T12:39:17","slug":"pastor-zarpazo-zar-25-45-j-12-v-solaire","status":"publish","type":"product","link":"https:\/\/saiga.es\/fr\/produit\/pastor-zarpazo-zar-25-45-j-12-v-solaire\/","title":{"rendered":"Pastor Zarpazo ZAR 2,5\/4,5 J 12 V Solaire"},"content":{"rendered":"<p>Berger \u00c9lectrique Zarpazo Zar 2,5\/4,5 J \u2013 12V Solaire<\/p>\n<p>Le Zarpazo Zar 2,5\/4,5 J est un puissant berger \u00e9lectrique aliment\u00e9 par une batterie 12V (non incluse) et un panneau solaire monocristallin de 25W, id\u00e9al pour les longues cl\u00f4tures sans acc\u00e8s \u00e0 l&rsquo;\u00e9lectricit\u00e9. Il offre une \u00e9nergie de 2,5 \u00e0 4,5 J et une tension de 5 kV sur 500 Ohms, garantissant une grande efficacit\u00e9 dans le confinement du b\u00e9tail. Il dispose d&rsquo;un contr\u00f4le automatique de la charge de la batterie et d&rsquo;une consommation de 170-330 mA. Pour des performances optimales, le panneau doit \u00eatre orient\u00e9 vers le sud et maintenu propre.   <\/p>\n<ul>\n<li>Haute puissance<\/li>\n<li>Autonome et efficace<\/li>\n<li>Id\u00e9al pour les longues cl\u00f4tures<\/li>\n<\/ul>\n<p>&nbsp;<\/p>\n","protected":false},"excerpt":{"rendered":"<p>Le Zarpazo Zar 2,5\/4,5 J est un puissant berger \u00e9lectrique aliment\u00e9 par une batterie 12V (non incluse) et un panneau solaire monocristallin de 25W, id\u00e9al pour les longues cl\u00f4tures sans acc\u00e8s \u00e0 l&rsquo;\u00e9lectricit\u00e9.<\/p>\n","protected":false},"featured_media":14473,"comment_status":"closed","ping_status":"closed","template":"","meta":[],"product_brand":[2229],"product_cat":[2004],"product_tag":[2026,1113],"class_list":{"0":"post-14475","1":"product","2":"type-product","3":"status-publish","4":"has-post-thumbnail","6":"product_brand-zarcudeyo-fr","7":"product_cat-bergers-electriques-fr","8":"product_tag-berger-electrique-solaire","9":"product_tag-fil-electrique","11":"first","12":"instock","13":"taxable","14":"shipping-taxable","15":"purchasable","16":"product-type-simple"},"yoast_head":"<!-- This site is optimized with the Yoast SEO plugin v27.4 - https:\/\/yoast.com\/product\/yoast-seo-wordpress\/ -->\n<title>Pastor Zarpazo ZAR 2,5\/4,5 J 12 V Solaire | SAIGA<\/title>\n<meta name=\"description\" content=\"Le Zarpazo Zar 2,5\/4,5 J est un puissant berger \u00e9lectrique aliment\u00e9 par une batterie 12V (non incluse) et un panneau solaire monocristallin de 25W, id\u00e9al pour les longues cl\u00f4tures sans acc\u00e8s \u00e0 l&#039;\u00e9lectricit\u00e9.\" \/>\n<meta name=\"robots\" content=\"index, follow, max-snippet:-1, max-image-preview:large, max-video-preview:-1\" \/>\n<link rel=\"canonical\" href=\"https:\/\/saiga.es\/fr\/produit\/pastor-zarpazo-zar-25-45-j-12-v-solaire\/\" \/>\n<meta property=\"og:locale\" content=\"fr_FR\" \/>\n<meta property=\"og:type\" content=\"article\" \/>\n<meta property=\"og:title\" content=\"Pastor Zarpazo ZAR 2,5\/4,5 J 12 V Solaire | SAIGA\" \/>\n<meta property=\"og:description\" content=\"Le Zarpazo Zar 2,5\/4,5 J est un puissant berger \u00e9lectrique aliment\u00e9 par une batterie 12V (non incluse) et un panneau solaire monocristallin de 25W, id\u00e9al pour les longues cl\u00f4tures sans acc\u00e8s \u00e0 l&#039;\u00e9lectricit\u00e9.\" \/>\n<meta property=\"og:url\" content=\"https:\/\/saiga.es\/fr\/produit\/pastor-zarpazo-zar-25-45-j-12-v-solaire\/\" \/>\n<meta property=\"og:site_name\" content=\"SAIGA\" \/>\n<meta property=\"og:image\" content=\"https:\/\/saiga.es\/wp-content\/uploads\/2025\/04\/Zarpazo-pastor-electric-solar.png\" \/>\n\t<meta property=\"og:image:width\" content=\"1080\" \/>\n\t<meta property=\"og:image:height\" content=\"1080\" \/>\n\t<meta property=\"og:image:type\" content=\"image\/png\" \/>\n<meta name=\"twitter:card\" content=\"summary_large_image\" \/>\n<meta name=\"twitter:site\" content=\"@saiga_agro\" \/>\n<meta name=\"twitter:label1\" content=\"Dur\u00e9e de lecture estim\u00e9e\" \/>\n\t<meta name=\"twitter:data1\" content=\"1 minute\" \/>\n<script type=\"application\/ld+json\" class=\"yoast-schema-graph\">{\"@context\":\"https:\\\/\\\/schema.org\",\"@graph\":[{\"@type\":\"WebPage\",\"@id\":\"https:\\\/\\\/saiga.es\\\/fr\\\/produit\\\/pastor-zarpazo-zar-25-45-j-12-v-solaire\\\/\",\"url\":\"https:\\\/\\\/saiga.es\\\/fr\\\/produit\\\/pastor-zarpazo-zar-25-45-j-12-v-solaire\\\/\",\"name\":\"Pastor Zarpazo ZAR 2,5\\\/4,5 J 12 V Solaire | SAIGA\",\"isPartOf\":{\"@id\":\"https:\\\/\\\/saiga.es\\\/fr\\\/#website\"},\"primaryImageOfPage\":{\"@id\":\"https:\\\/\\\/saiga.es\\\/fr\\\/produit\\\/pastor-zarpazo-zar-25-45-j-12-v-solaire\\\/#primaryimage\"},\"image\":{\"@id\":\"https:\\\/\\\/saiga.es\\\/fr\\\/produit\\\/pastor-zarpazo-zar-25-45-j-12-v-solaire\\\/#primaryimage\"},\"thumbnailUrl\":\"https:\\\/\\\/saiga.es\\\/wp-content\\\/uploads\\\/2025\\\/04\\\/Zarpazo-pastor-electric-solar.png\",\"datePublished\":\"2025-04-01T12:39:17+00:00\",\"description\":\"Le Zarpazo Zar 2,5\\\/4,5 J est un puissant berger \u00e9lectrique aliment\u00e9 par une batterie 12V (non incluse) et un panneau solaire monocristallin de 25W, id\u00e9al pour les longues cl\u00f4tures sans acc\u00e8s \u00e0 l'\u00e9lectricit\u00e9.\",\"breadcrumb\":{\"@id\":\"https:\\\/\\\/saiga.es\\\/fr\\\/produit\\\/pastor-zarpazo-zar-25-45-j-12-v-solaire\\\/#breadcrumb\"},\"inLanguage\":\"fr-FR\",\"potentialAction\":[{\"@type\":\"ReadAction\",\"target\":[\"https:\\\/\\\/saiga.es\\\/fr\\\/produit\\\/pastor-zarpazo-zar-25-45-j-12-v-solaire\\\/\"]}]},{\"@type\":\"ImageObject\",\"inLanguage\":\"fr-FR\",\"@id\":\"https:\\\/\\\/saiga.es\\\/fr\\\/produit\\\/pastor-zarpazo-zar-25-45-j-12-v-solaire\\\/#primaryimage\",\"url\":\"https:\\\/\\\/saiga.es\\\/wp-content\\\/uploads\\\/2025\\\/04\\\/Zarpazo-pastor-electric-solar.png\",\"contentUrl\":\"https:\\\/\\\/saiga.es\\\/wp-content\\\/uploads\\\/2025\\\/04\\\/Zarpazo-pastor-electric-solar.png\",\"width\":1080,\"height\":1080,\"caption\":\"Berger \u00e9lectrique solaire Zarpazo\"},{\"@type\":\"BreadcrumbList\",\"@id\":\"https:\\\/\\\/saiga.es\\\/fr\\\/produit\\\/pastor-zarpazo-zar-25-45-j-12-v-solaire\\\/#breadcrumb\",\"itemListElement\":[{\"@type\":\"ListItem\",\"position\":1,\"name\":\"Inici\",\"item\":\"https:\\\/\\\/saiga.es\\\/fr\\\/\"},{\"@type\":\"ListItem\",\"position\":2,\"name\":\"boutique\",\"item\":\"https:\\\/\\\/saiga.es\\\/fr\\\/boutique\\\/\"},{\"@type\":\"ListItem\",\"position\":3,\"name\":\"Pastor Zarpazo ZAR 2,5\\\/4,5 J 12 V Solaire\"}]},{\"@type\":\"WebSite\",\"@id\":\"https:\\\/\\\/saiga.es\\\/fr\\\/#website\",\"url\":\"https:\\\/\\\/saiga.es\\\/fr\\\/\",\"name\":\"SAIGA\",\"description\":\"M\u00e9s de 50 anys al servei de la terra i treballant per a un \u00fas eficient de l\u2019aigua!\",\"publisher\":{\"@id\":\"https:\\\/\\\/saiga.es\\\/fr\\\/#organization\"},\"potentialAction\":[{\"@type\":\"SearchAction\",\"target\":{\"@type\":\"EntryPoint\",\"urlTemplate\":\"https:\\\/\\\/saiga.es\\\/fr\\\/?s={search_term_string}\"},\"query-input\":{\"@type\":\"PropertyValueSpecification\",\"valueRequired\":true,\"valueName\":\"search_term_string\"}}],\"inLanguage\":\"fr-FR\"},{\"@type\":\"Organization\",\"@id\":\"https:\\\/\\\/saiga.es\\\/fr\\\/#organization\",\"name\":\"SAIGA\",\"url\":\"https:\\\/\\\/saiga.es\\\/fr\\\/\",\"logo\":{\"@type\":\"ImageObject\",\"inLanguage\":\"fr-FR\",\"@id\":\"https:\\\/\\\/saiga.es\\\/fr\\\/#\\\/schema\\\/logo\\\/image\\\/\",\"url\":\"https:\\\/\\\/saiga.es\\\/wp-content\\\/uploads\\\/2025\\\/07\\\/logo_saiga_baseline_optimitzat.svg\",\"contentUrl\":\"https:\\\/\\\/saiga.es\\\/wp-content\\\/uploads\\\/2025\\\/07\\\/logo_saiga_baseline_optimitzat.svg\",\"caption\":\"SAIGA\"},\"image\":{\"@id\":\"https:\\\/\\\/saiga.es\\\/fr\\\/#\\\/schema\\\/logo\\\/image\\\/\"},\"sameAs\":[\"https:\\\/\\\/x.com\\\/saiga_agro\",\"https:\\\/\\\/www.instagram.com\\\/saiga_agro\\\/\"]}]}<\/script>\n<!-- \/ Yoast SEO plugin. -->","yoast_head_json":{"title":"Pastor Zarpazo ZAR 2,5\/4,5 J 12 V Solaire | SAIGA","description":"Le Zarpazo Zar 2,5\/4,5 J est un puissant berger \u00e9lectrique aliment\u00e9 par une batterie 12V (non incluse) et un panneau solaire monocristallin de 25W, id\u00e9al pour les longues cl\u00f4tures sans acc\u00e8s \u00e0 l'\u00e9lectricit\u00e9.","robots":{"index":"index","follow":"follow","max-snippet":"max-snippet:-1","max-image-preview":"max-image-preview:large","max-video-preview":"max-video-preview:-1"},"canonical":"https:\/\/saiga.es\/fr\/produit\/pastor-zarpazo-zar-25-45-j-12-v-solaire\/","og_locale":"fr_FR","og_type":"article","og_title":"Pastor Zarpazo ZAR 2,5\/4,5 J 12 V Solaire | SAIGA","og_description":"Le Zarpazo Zar 2,5\/4,5 J est un puissant berger \u00e9lectrique aliment\u00e9 par une batterie 12V (non incluse) et un panneau solaire monocristallin de 25W, id\u00e9al pour les longues cl\u00f4tures sans acc\u00e8s \u00e0 l'\u00e9lectricit\u00e9.","og_url":"https:\/\/saiga.es\/fr\/produit\/pastor-zarpazo-zar-25-45-j-12-v-solaire\/","og_site_name":"SAIGA","og_image":[{"width":1080,"height":1080,"url":"https:\/\/saiga.es\/wp-content\/uploads\/2025\/04\/Zarpazo-pastor-electric-solar.png","type":"image\/png"}],"twitter_card":"summary_large_image","twitter_site":"@saiga_agro","twitter_misc":{"Dur\u00e9e de lecture estim\u00e9e":"1 minute"},"schema":{"@context":"https:\/\/schema.org","@graph":[{"@type":"WebPage","@id":"https:\/\/saiga.es\/fr\/produit\/pastor-zarpazo-zar-25-45-j-12-v-solaire\/","url":"https:\/\/saiga.es\/fr\/produit\/pastor-zarpazo-zar-25-45-j-12-v-solaire\/","name":"Pastor Zarpazo ZAR 2,5\/4,5 J 12 V Solaire | SAIGA","isPartOf":{"@id":"https:\/\/saiga.es\/fr\/#website"},"primaryImageOfPage":{"@id":"https:\/\/saiga.es\/fr\/produit\/pastor-zarpazo-zar-25-45-j-12-v-solaire\/#primaryimage"},"image":{"@id":"https:\/\/saiga.es\/fr\/produit\/pastor-zarpazo-zar-25-45-j-12-v-solaire\/#primaryimage"},"thumbnailUrl":"https:\/\/saiga.es\/wp-content\/uploads\/2025\/04\/Zarpazo-pastor-electric-solar.png","datePublished":"2025-04-01T12:39:17+00:00","description":"Le Zarpazo Zar 2,5\/4,5 J est un puissant berger \u00e9lectrique aliment\u00e9 par une batterie 12V (non incluse) et un panneau solaire monocristallin de 25W, id\u00e9al pour les longues cl\u00f4tures sans acc\u00e8s \u00e0 l'\u00e9lectricit\u00e9.","breadcrumb":{"@id":"https:\/\/saiga.es\/fr\/produit\/pastor-zarpazo-zar-25-45-j-12-v-solaire\/#breadcrumb"},"inLanguage":"fr-FR","potentialAction":[{"@type":"ReadAction","target":["https:\/\/saiga.es\/fr\/produit\/pastor-zarpazo-zar-25-45-j-12-v-solaire\/"]}]},{"@type":"ImageObject","inLanguage":"fr-FR","@id":"https:\/\/saiga.es\/fr\/produit\/pastor-zarpazo-zar-25-45-j-12-v-solaire\/#primaryimage","url":"https:\/\/saiga.es\/wp-content\/uploads\/2025\/04\/Zarpazo-pastor-electric-solar.png","contentUrl":"https:\/\/saiga.es\/wp-content\/uploads\/2025\/04\/Zarpazo-pastor-electric-solar.png","width":1080,"height":1080,"caption":"Berger \u00e9lectrique solaire Zarpazo"},{"@type":"BreadcrumbList","@id":"https:\/\/saiga.es\/fr\/produit\/pastor-zarpazo-zar-25-45-j-12-v-solaire\/#breadcrumb","itemListElement":[{"@type":"ListItem","position":1,"name":"Inici","item":"https:\/\/saiga.es\/fr\/"},{"@type":"ListItem","position":2,"name":"boutique","item":"https:\/\/saiga.es\/fr\/boutique\/"},{"@type":"ListItem","position":3,"name":"Pastor Zarpazo ZAR 2,5\/4,5 J 12 V Solaire"}]},{"@type":"WebSite","@id":"https:\/\/saiga.es\/fr\/#website","url":"https:\/\/saiga.es\/fr\/","name":"SAIGA","description":"M\u00e9s de 50 anys al servei de la terra i treballant per a un \u00fas eficient de l\u2019aigua!","publisher":{"@id":"https:\/\/saiga.es\/fr\/#organization"},"potentialAction":[{"@type":"SearchAction","target":{"@type":"EntryPoint","urlTemplate":"https:\/\/saiga.es\/fr\/?s={search_term_string}"},"query-input":{"@type":"PropertyValueSpecification","valueRequired":true,"valueName":"search_term_string"}}],"inLanguage":"fr-FR"},{"@type":"Organization","@id":"https:\/\/saiga.es\/fr\/#organization","name":"SAIGA","url":"https:\/\/saiga.es\/fr\/","logo":{"@type":"ImageObject","inLanguage":"fr-FR","@id":"https:\/\/saiga.es\/fr\/#\/schema\/logo\/image\/","url":"https:\/\/saiga.es\/wp-content\/uploads\/2025\/07\/logo_saiga_baseline_optimitzat.svg","contentUrl":"https:\/\/saiga.es\/wp-content\/uploads\/2025\/07\/logo_saiga_baseline_optimitzat.svg","caption":"SAIGA"},"image":{"@id":"https:\/\/saiga.es\/fr\/#\/schema\/logo\/image\/"},"sameAs":["https:\/\/x.com\/saiga_agro","https:\/\/www.instagram.com\/saiga_agro\/"]}]}},"_links":{"self":[{"href":"https:\/\/saiga.es\/fr\/wp-json\/wp\/v2\/product\/14475","targetHints":{"allow":["GET"]}}],"collection":[{"href":"https:\/\/saiga.es\/fr\/wp-json\/wp\/v2\/product"}],"about":[{"href":"https:\/\/saiga.es\/fr\/wp-json\/wp\/v2\/types\/product"}],"replies":[{"embeddable":true,"href":"https:\/\/saiga.es\/fr\/wp-json\/wp\/v2\/comments?post=14475"}],"wp:featuredmedia":[{"embeddable":true,"href":"https:\/\/saiga.es\/fr\/wp-json\/wp\/v2\/media\/14473"}],"wp:attachment":[{"href":"https:\/\/saiga.es\/fr\/wp-json\/wp\/v2\/media?parent=14475"}],"wp:term":[{"taxonomy":"product_brand","embeddable":true,"href":"https:\/\/saiga.es\/fr\/wp-json\/wp\/v2\/product_brand?post=14475"},{"taxonomy":"product_cat","embeddable":true,"href":"https:\/\/saiga.es\/fr\/wp-json\/wp\/v2\/product_cat?post=14475"},{"taxonomy":"product_tag","embeddable":true,"href":"https:\/\/saiga.es\/fr\/wp-json\/wp\/v2\/product_tag?post=14475"}],"curies":[{"name":"wp","href":"https:\/\/api.w.org\/{rel}","templated":true}]}}