{"id":14481,"date":"2025-04-01T12:58:35","date_gmt":"2025-04-01T12:58:35","guid":{"rendered":"https:\/\/botiga.saiga.es\/producte\/impacto-12-v\/"},"modified":"2025-04-01T12:58:35","modified_gmt":"2025-04-01T12:58:35","slug":"impacto-12-v","status":"publish","type":"product","link":"https:\/\/saiga.es\/fr\/produit\/impacto-12-v\/","title":{"rendered":"Impacto 12 V"},"content":{"rendered":"<p>Le berger \u00e9lectrique Impacto 12 V, tr\u00e8s polyvalent et puissant, fonctionne aussi bien avec une batterie externe que branch\u00e9 sur secteur via un adaptateur. Avec un poids et une taille r\u00e9duits, il facilite le transport, la manipulation et l&rsquo;installation, id\u00e9al pour les armoires longue distance. Compatible avec une batterie 12 V de la taille souhait\u00e9e et ayant ainsi une plus grande capacit\u00e9 d&rsquo;amp\u00e9rage, augmentant consid\u00e9rablement son autonomie. S&rsquo;il est raccord\u00e9 \u00e0 un r\u00e9seau \u00e9lectrique, il doit \u00eatre plac\u00e9 \u00e0 l&rsquo;int\u00e9rieur d&rsquo;un b\u00e2timent ou d&rsquo;un hangar, \u00e0 l&rsquo;abri de l&rsquo;eau et \u00e0 l&rsquo;\u00e9cart des mati\u00e8res combustibles.   <\/p>\n","protected":false},"excerpt":{"rendered":"<p>Le berger \u00e9lectrique Impacto 12 V, tr\u00e8s polyvalent et puissant, fonctionne aussi bien avec une batterie externe que branch\u00e9 sur secteur via un adaptateur.<\/p>\n","protected":false},"featured_media":14479,"comment_status":"closed","ping_status":"closed","template":"","meta":[],"product_brand":[2229],"product_cat":[2004],"product_tag":[1113],"class_list":{"0":"post-14481","1":"product","2":"type-product","3":"status-publish","4":"has-post-thumbnail","6":"product_brand-zarcudeyo-fr","7":"product_cat-bergers-electriques-fr","8":"product_tag-fil-electrique","10":"first","11":"instock","12":"taxable","13":"shipping-taxable","14":"purchasable","15":"product-type-simple"},"yoast_head":"<!-- This site is optimized with the Yoast SEO plugin v27.4 - https:\/\/yoast.com\/product\/yoast-seo-wordpress\/ -->\n<title>Impacto 12 V | SAIGA<\/title>\n<meta name=\"description\" content=\"Le berger \u00e9lectrique Impacto 12 V, tr\u00e8s polyvalent et puissant, fonctionne aussi bien avec une batterie externe que branch\u00e9 sur secteur via un adaptateur.\" \/>\n<meta name=\"robots\" content=\"index, follow, max-snippet:-1, max-image-preview:large, max-video-preview:-1\" \/>\n<link rel=\"canonical\" href=\"https:\/\/saiga.es\/fr\/produit\/impacto-12-v\/\" \/>\n<meta property=\"og:locale\" content=\"fr_FR\" \/>\n<meta property=\"og:type\" content=\"article\" \/>\n<meta property=\"og:title\" content=\"Impacto 12 V | SAIGA\" \/>\n<meta property=\"og:description\" content=\"Le berger \u00e9lectrique Impacto 12 V, tr\u00e8s polyvalent et puissant, fonctionne aussi bien avec une batterie externe que branch\u00e9 sur secteur via un adaptateur.\" \/>\n<meta property=\"og:url\" content=\"https:\/\/saiga.es\/fr\/produit\/impacto-12-v\/\" \/>\n<meta property=\"og:site_name\" content=\"SAIGA\" \/>\n<meta property=\"og:image\" content=\"https:\/\/saiga.es\/wp-content\/uploads\/2025\/04\/Impacto-12-V.jpg\" \/>\n\t<meta property=\"og:image:width\" content=\"1080\" \/>\n\t<meta property=\"og:image:height\" content=\"1080\" \/>\n\t<meta property=\"og:image:type\" content=\"image\/jpeg\" \/>\n<meta name=\"twitter:card\" content=\"summary_large_image\" \/>\n<meta name=\"twitter:site\" content=\"@saiga_agro\" \/>\n<meta name=\"twitter:label1\" content=\"Dur\u00e9e de lecture estim\u00e9e\" \/>\n\t<meta name=\"twitter:data1\" content=\"1 minute\" \/>\n<script type=\"application\/ld+json\" class=\"yoast-schema-graph\">{\"@context\":\"https:\\\/\\\/schema.org\",\"@graph\":[{\"@type\":\"WebPage\",\"@id\":\"https:\\\/\\\/saiga.es\\\/fr\\\/produit\\\/impacto-12-v\\\/\",\"url\":\"https:\\\/\\\/saiga.es\\\/fr\\\/produit\\\/impacto-12-v\\\/\",\"name\":\"Impacto 12 V | SAIGA\",\"isPartOf\":{\"@id\":\"https:\\\/\\\/saiga.es\\\/fr\\\/#website\"},\"primaryImageOfPage\":{\"@id\":\"https:\\\/\\\/saiga.es\\\/fr\\\/produit\\\/impacto-12-v\\\/#primaryimage\"},\"image\":{\"@id\":\"https:\\\/\\\/saiga.es\\\/fr\\\/produit\\\/impacto-12-v\\\/#primaryimage\"},\"thumbnailUrl\":\"https:\\\/\\\/saiga.es\\\/wp-content\\\/uploads\\\/2025\\\/04\\\/Impacto-12-V.jpg\",\"datePublished\":\"2025-04-01T12:58:35+00:00\",\"description\":\"Le berger \u00e9lectrique Impacto 12 V, tr\u00e8s polyvalent et puissant, fonctionne aussi bien avec une batterie externe que branch\u00e9 sur secteur via un adaptateur.\",\"breadcrumb\":{\"@id\":\"https:\\\/\\\/saiga.es\\\/fr\\\/produit\\\/impacto-12-v\\\/#breadcrumb\"},\"inLanguage\":\"fr-FR\",\"potentialAction\":[{\"@type\":\"ReadAction\",\"target\":[\"https:\\\/\\\/saiga.es\\\/fr\\\/produit\\\/impacto-12-v\\\/\"]}]},{\"@type\":\"ImageObject\",\"inLanguage\":\"fr-FR\",\"@id\":\"https:\\\/\\\/saiga.es\\\/fr\\\/produit\\\/impacto-12-v\\\/#primaryimage\",\"url\":\"https:\\\/\\\/saiga.es\\\/wp-content\\\/uploads\\\/2025\\\/04\\\/Impacto-12-V.jpg\",\"contentUrl\":\"https:\\\/\\\/saiga.es\\\/wp-content\\\/uploads\\\/2025\\\/04\\\/Impacto-12-V.jpg\",\"width\":1080,\"height\":1080,\"caption\":\"Impacto 12 V\"},{\"@type\":\"BreadcrumbList\",\"@id\":\"https:\\\/\\\/saiga.es\\\/fr\\\/produit\\\/impacto-12-v\\\/#breadcrumb\",\"itemListElement\":[{\"@type\":\"ListItem\",\"position\":1,\"name\":\"Inici\",\"item\":\"https:\\\/\\\/saiga.es\\\/fr\\\/\"},{\"@type\":\"ListItem\",\"position\":2,\"name\":\"boutique\",\"item\":\"https:\\\/\\\/saiga.es\\\/fr\\\/boutique\\\/\"},{\"@type\":\"ListItem\",\"position\":3,\"name\":\"Impacto 12 V\"}]},{\"@type\":\"WebSite\",\"@id\":\"https:\\\/\\\/saiga.es\\\/fr\\\/#website\",\"url\":\"https:\\\/\\\/saiga.es\\\/fr\\\/\",\"name\":\"SAIGA\",\"description\":\"M\u00e9s de 50 anys al servei de la terra i treballant per a un \u00fas eficient de l\u2019aigua!\",\"publisher\":{\"@id\":\"https:\\\/\\\/saiga.es\\\/fr\\\/#organization\"},\"potentialAction\":[{\"@type\":\"SearchAction\",\"target\":{\"@type\":\"EntryPoint\",\"urlTemplate\":\"https:\\\/\\\/saiga.es\\\/fr\\\/?s={search_term_string}\"},\"query-input\":{\"@type\":\"PropertyValueSpecification\",\"valueRequired\":true,\"valueName\":\"search_term_string\"}}],\"inLanguage\":\"fr-FR\"},{\"@type\":\"Organization\",\"@id\":\"https:\\\/\\\/saiga.es\\\/fr\\\/#organization\",\"name\":\"SAIGA\",\"url\":\"https:\\\/\\\/saiga.es\\\/fr\\\/\",\"logo\":{\"@type\":\"ImageObject\",\"inLanguage\":\"fr-FR\",\"@id\":\"https:\\\/\\\/saiga.es\\\/fr\\\/#\\\/schema\\\/logo\\\/image\\\/\",\"url\":\"https:\\\/\\\/saiga.es\\\/wp-content\\\/uploads\\\/2025\\\/07\\\/logo_saiga_baseline_optimitzat.svg\",\"contentUrl\":\"https:\\\/\\\/saiga.es\\\/wp-content\\\/uploads\\\/2025\\\/07\\\/logo_saiga_baseline_optimitzat.svg\",\"caption\":\"SAIGA\"},\"image\":{\"@id\":\"https:\\\/\\\/saiga.es\\\/fr\\\/#\\\/schema\\\/logo\\\/image\\\/\"},\"sameAs\":[\"https:\\\/\\\/x.com\\\/saiga_agro\",\"https:\\\/\\\/www.instagram.com\\\/saiga_agro\\\/\"]}]}<\/script>\n<!-- \/ Yoast SEO plugin. -->","yoast_head_json":{"title":"Impacto 12 V | SAIGA","description":"Le berger \u00e9lectrique Impacto 12 V, tr\u00e8s polyvalent et puissant, fonctionne aussi bien avec une batterie externe que branch\u00e9 sur secteur via un adaptateur.","robots":{"index":"index","follow":"follow","max-snippet":"max-snippet:-1","max-image-preview":"max-image-preview:large","max-video-preview":"max-video-preview:-1"},"canonical":"https:\/\/saiga.es\/fr\/produit\/impacto-12-v\/","og_locale":"fr_FR","og_type":"article","og_title":"Impacto 12 V | SAIGA","og_description":"Le berger \u00e9lectrique Impacto 12 V, tr\u00e8s polyvalent et puissant, fonctionne aussi bien avec une batterie externe que branch\u00e9 sur secteur via un adaptateur.","og_url":"https:\/\/saiga.es\/fr\/produit\/impacto-12-v\/","og_site_name":"SAIGA","og_image":[{"width":1080,"height":1080,"url":"https:\/\/saiga.es\/wp-content\/uploads\/2025\/04\/Impacto-12-V.jpg","type":"image\/jpeg"}],"twitter_card":"summary_large_image","twitter_site":"@saiga_agro","twitter_misc":{"Dur\u00e9e de lecture estim\u00e9e":"1 minute"},"schema":{"@context":"https:\/\/schema.org","@graph":[{"@type":"WebPage","@id":"https:\/\/saiga.es\/fr\/produit\/impacto-12-v\/","url":"https:\/\/saiga.es\/fr\/produit\/impacto-12-v\/","name":"Impacto 12 V | SAIGA","isPartOf":{"@id":"https:\/\/saiga.es\/fr\/#website"},"primaryImageOfPage":{"@id":"https:\/\/saiga.es\/fr\/produit\/impacto-12-v\/#primaryimage"},"image":{"@id":"https:\/\/saiga.es\/fr\/produit\/impacto-12-v\/#primaryimage"},"thumbnailUrl":"https:\/\/saiga.es\/wp-content\/uploads\/2025\/04\/Impacto-12-V.jpg","datePublished":"2025-04-01T12:58:35+00:00","description":"Le berger \u00e9lectrique Impacto 12 V, tr\u00e8s polyvalent et puissant, fonctionne aussi bien avec une batterie externe que branch\u00e9 sur secteur via un adaptateur.","breadcrumb":{"@id":"https:\/\/saiga.es\/fr\/produit\/impacto-12-v\/#breadcrumb"},"inLanguage":"fr-FR","potentialAction":[{"@type":"ReadAction","target":["https:\/\/saiga.es\/fr\/produit\/impacto-12-v\/"]}]},{"@type":"ImageObject","inLanguage":"fr-FR","@id":"https:\/\/saiga.es\/fr\/produit\/impacto-12-v\/#primaryimage","url":"https:\/\/saiga.es\/wp-content\/uploads\/2025\/04\/Impacto-12-V.jpg","contentUrl":"https:\/\/saiga.es\/wp-content\/uploads\/2025\/04\/Impacto-12-V.jpg","width":1080,"height":1080,"caption":"Impacto 12 V"},{"@type":"BreadcrumbList","@id":"https:\/\/saiga.es\/fr\/produit\/impacto-12-v\/#breadcrumb","itemListElement":[{"@type":"ListItem","position":1,"name":"Inici","item":"https:\/\/saiga.es\/fr\/"},{"@type":"ListItem","position":2,"name":"boutique","item":"https:\/\/saiga.es\/fr\/boutique\/"},{"@type":"ListItem","position":3,"name":"Impacto 12 V"}]},{"@type":"WebSite","@id":"https:\/\/saiga.es\/fr\/#website","url":"https:\/\/saiga.es\/fr\/","name":"SAIGA","description":"M\u00e9s de 50 anys al servei de la terra i treballant per a un \u00fas eficient de l\u2019aigua!","publisher":{"@id":"https:\/\/saiga.es\/fr\/#organization"},"potentialAction":[{"@type":"SearchAction","target":{"@type":"EntryPoint","urlTemplate":"https:\/\/saiga.es\/fr\/?s={search_term_string}"},"query-input":{"@type":"PropertyValueSpecification","valueRequired":true,"valueName":"search_term_string"}}],"inLanguage":"fr-FR"},{"@type":"Organization","@id":"https:\/\/saiga.es\/fr\/#organization","name":"SAIGA","url":"https:\/\/saiga.es\/fr\/","logo":{"@type":"ImageObject","inLanguage":"fr-FR","@id":"https:\/\/saiga.es\/fr\/#\/schema\/logo\/image\/","url":"https:\/\/saiga.es\/wp-content\/uploads\/2025\/07\/logo_saiga_baseline_optimitzat.svg","contentUrl":"https:\/\/saiga.es\/wp-content\/uploads\/2025\/07\/logo_saiga_baseline_optimitzat.svg","caption":"SAIGA"},"image":{"@id":"https:\/\/saiga.es\/fr\/#\/schema\/logo\/image\/"},"sameAs":["https:\/\/x.com\/saiga_agro","https:\/\/www.instagram.com\/saiga_agro\/"]}]}},"_links":{"self":[{"href":"https:\/\/saiga.es\/fr\/wp-json\/wp\/v2\/product\/14481","targetHints":{"allow":["GET"]}}],"collection":[{"href":"https:\/\/saiga.es\/fr\/wp-json\/wp\/v2\/product"}],"about":[{"href":"https:\/\/saiga.es\/fr\/wp-json\/wp\/v2\/types\/product"}],"replies":[{"embeddable":true,"href":"https:\/\/saiga.es\/fr\/wp-json\/wp\/v2\/comments?post=14481"}],"wp:featuredmedia":[{"embeddable":true,"href":"https:\/\/saiga.es\/fr\/wp-json\/wp\/v2\/media\/14479"}],"wp:attachment":[{"href":"https:\/\/saiga.es\/fr\/wp-json\/wp\/v2\/media?parent=14481"}],"wp:term":[{"taxonomy":"product_brand","embeddable":true,"href":"https:\/\/saiga.es\/fr\/wp-json\/wp\/v2\/product_brand?post=14481"},{"taxonomy":"product_cat","embeddable":true,"href":"https:\/\/saiga.es\/fr\/wp-json\/wp\/v2\/product_cat?post=14481"},{"taxonomy":"product_tag","embeddable":true,"href":"https:\/\/saiga.es\/fr\/wp-json\/wp\/v2\/product_tag?post=14481"}],"curies":[{"name":"wp","href":"https:\/\/api.w.org\/{rel}","templated":true}]}}