{"id":14495,"date":"2025-04-08T11:55:06","date_gmt":"2025-04-08T11:55:06","guid":{"rendered":"https:\/\/botiga.saiga.es\/producte\/ruban-adhesif-anti-chenilles-et-anti-fourmis\/"},"modified":"2025-12-10T14:55:50","modified_gmt":"2025-12-10T14:55:50","slug":"ruban-adhesif-anti-chenilles-et-anti-fourmis","status":"publish","type":"product","link":"https:\/\/saiga.es\/fr\/produit\/ruban-adhesif-anti-chenilles-et-anti-fourmis\/","title":{"rendered":"Ruban adh\u00e9sif anti-chenilles et anti-fourmis"},"content":{"rendered":"<p>Prot\u00e8ge les arbres fruitiers et ornementaux contre les parasites qui grimpent et descendent le long du tronc. Adh\u00e9sif sp\u00e9cial \u00e0 base de r\u00e9sines et de cires naturelles. Colle respectueuse des insectes utiles et qui ne s&rsquo;enl\u00e8ve pas avec la pluie ou les gouttes \u00e0 haute temp\u00e9rature. Sans insecticides.<x id=\"gid_0\"><\/x>Le ruban adh\u00e9sif peut \u00eatre utilis\u00e9 toute l&rsquo;ann\u00e9e contre le puceron lanig\u00e8re de fin septembre \u00e0 avril. Contre les fourmis et les chenilles de d\u00e9but mars \u00e0 septembre.    <\/p>\n","protected":false},"excerpt":{"rendered":"<p>Prot\u00e8ge les arbres fruitiers et ornementaux contre les parasites qui grimpent et descendent le long du tronc.<\/p>\n","protected":false},"featured_media":14498,"comment_status":"closed","ping_status":"closed","template":"","meta":[],"product_brand":[1974],"product_cat":[442,1551],"product_tag":[2043,1368,2044,2045],"class_list":{"0":"post-14495","1":"product","2":"type-product","3":"status-publish","4":"has-post-thumbnail","6":"product_brand-neudorff","7":"product_cat-non-classe","8":"product_cat-produits-naturels","9":"product_tag-anti-chenilles","10":"product_tag-biocides-fr","11":"product_tag-chenilles","12":"product_tag-ruban-adhesif","14":"first","15":"instock","16":"taxable","17":"shipping-taxable","18":"purchasable","19":"product-type-simple"},"yoast_head":"<!-- This site is optimized with the Yoast SEO plugin v27.4 - https:\/\/yoast.com\/product\/yoast-seo-wordpress\/ -->\n<title>Ruban adh\u00e9sif anti-chenilles et anti-fourmis | SAIGA<\/title>\n<meta name=\"description\" content=\"Prot\u00e8ge les arbres fruitiers et ornementaux contre les parasites qui grimpent et descendent le long du tronc.\" \/>\n<meta name=\"robots\" content=\"index, follow, max-snippet:-1, max-image-preview:large, max-video-preview:-1\" \/>\n<link rel=\"canonical\" href=\"https:\/\/saiga.es\/fr\/produit\/ruban-adhesif-anti-chenilles-et-anti-fourmis\/\" \/>\n<meta property=\"og:locale\" content=\"fr_FR\" \/>\n<meta property=\"og:type\" content=\"article\" \/>\n<meta property=\"og:title\" content=\"Ruban adh\u00e9sif anti-chenilles et anti-fourmis | SAIGA\" \/>\n<meta property=\"og:description\" content=\"Prot\u00e8ge les arbres fruitiers et ornementaux contre les parasites qui grimpent et descendent le long du tronc.\" \/>\n<meta property=\"og:url\" content=\"https:\/\/saiga.es\/fr\/produit\/ruban-adhesif-anti-chenilles-et-anti-fourmis\/\" \/>\n<meta property=\"og:site_name\" content=\"SAIGA\" \/>\n<meta property=\"article:modified_time\" content=\"2025-12-10T14:55:50+00:00\" \/>\n<meta property=\"og:image\" content=\"https:\/\/saiga.es\/wp-content\/uploads\/2025\/04\/Cinta-encolada-2.jpg\" \/>\n\t<meta property=\"og:image:width\" content=\"1080\" \/>\n\t<meta property=\"og:image:height\" content=\"1080\" \/>\n\t<meta property=\"og:image:type\" content=\"image\/jpeg\" \/>\n<meta name=\"twitter:card\" content=\"summary_large_image\" \/>\n<meta name=\"twitter:site\" content=\"@saiga_agro\" \/>\n<script type=\"application\/ld+json\" class=\"yoast-schema-graph\">{\"@context\":\"https:\\\/\\\/schema.org\",\"@graph\":[{\"@type\":\"WebPage\",\"@id\":\"https:\\\/\\\/saiga.es\\\/fr\\\/produit\\\/ruban-adhesif-anti-chenilles-et-anti-fourmis\\\/\",\"url\":\"https:\\\/\\\/saiga.es\\\/fr\\\/produit\\\/ruban-adhesif-anti-chenilles-et-anti-fourmis\\\/\",\"name\":\"Ruban adh\u00e9sif anti-chenilles et anti-fourmis | SAIGA\",\"isPartOf\":{\"@id\":\"https:\\\/\\\/saiga.es\\\/fr\\\/#website\"},\"primaryImageOfPage\":{\"@id\":\"https:\\\/\\\/saiga.es\\\/fr\\\/produit\\\/ruban-adhesif-anti-chenilles-et-anti-fourmis\\\/#primaryimage\"},\"image\":{\"@id\":\"https:\\\/\\\/saiga.es\\\/fr\\\/produit\\\/ruban-adhesif-anti-chenilles-et-anti-fourmis\\\/#primaryimage\"},\"thumbnailUrl\":\"https:\\\/\\\/saiga.es\\\/wp-content\\\/uploads\\\/2025\\\/04\\\/Cinta-encolada-2.jpg\",\"datePublished\":\"2025-04-08T11:55:06+00:00\",\"dateModified\":\"2025-12-10T14:55:50+00:00\",\"description\":\"Prot\u00e8ge les arbres fruitiers et ornementaux contre les parasites qui grimpent et descendent le long du tronc.\",\"breadcrumb\":{\"@id\":\"https:\\\/\\\/saiga.es\\\/fr\\\/produit\\\/ruban-adhesif-anti-chenilles-et-anti-fourmis\\\/#breadcrumb\"},\"inLanguage\":\"fr-FR\",\"potentialAction\":[{\"@type\":\"ReadAction\",\"target\":[\"https:\\\/\\\/saiga.es\\\/fr\\\/produit\\\/ruban-adhesif-anti-chenilles-et-anti-fourmis\\\/\"]}]},{\"@type\":\"ImageObject\",\"inLanguage\":\"fr-FR\",\"@id\":\"https:\\\/\\\/saiga.es\\\/fr\\\/produit\\\/ruban-adhesif-anti-chenilles-et-anti-fourmis\\\/#primaryimage\",\"url\":\"https:\\\/\\\/saiga.es\\\/wp-content\\\/uploads\\\/2025\\\/04\\\/Cinta-encolada-2.jpg\",\"contentUrl\":\"https:\\\/\\\/saiga.es\\\/wp-content\\\/uploads\\\/2025\\\/04\\\/Cinta-encolada-2.jpg\",\"width\":1080,\"height\":1080,\"caption\":\"Ruban adh\u00e9sif anti-chenilles\"},{\"@type\":\"BreadcrumbList\",\"@id\":\"https:\\\/\\\/saiga.es\\\/fr\\\/produit\\\/ruban-adhesif-anti-chenilles-et-anti-fourmis\\\/#breadcrumb\",\"itemListElement\":[{\"@type\":\"ListItem\",\"position\":1,\"name\":\"Inici\",\"item\":\"https:\\\/\\\/saiga.es\\\/fr\\\/\"},{\"@type\":\"ListItem\",\"position\":2,\"name\":\"boutique\",\"item\":\"https:\\\/\\\/saiga.es\\\/fr\\\/boutique\\\/\"},{\"@type\":\"ListItem\",\"position\":3,\"name\":\"Ruban adh\u00e9sif anti-chenilles et anti-fourmis\"}]},{\"@type\":\"WebSite\",\"@id\":\"https:\\\/\\\/saiga.es\\\/fr\\\/#website\",\"url\":\"https:\\\/\\\/saiga.es\\\/fr\\\/\",\"name\":\"SAIGA\",\"description\":\"M\u00e9s de 50 anys al servei de la terra i treballant per a un \u00fas eficient de l\u2019aigua!\",\"publisher\":{\"@id\":\"https:\\\/\\\/saiga.es\\\/fr\\\/#organization\"},\"potentialAction\":[{\"@type\":\"SearchAction\",\"target\":{\"@type\":\"EntryPoint\",\"urlTemplate\":\"https:\\\/\\\/saiga.es\\\/fr\\\/?s={search_term_string}\"},\"query-input\":{\"@type\":\"PropertyValueSpecification\",\"valueRequired\":true,\"valueName\":\"search_term_string\"}}],\"inLanguage\":\"fr-FR\"},{\"@type\":\"Organization\",\"@id\":\"https:\\\/\\\/saiga.es\\\/fr\\\/#organization\",\"name\":\"SAIGA\",\"url\":\"https:\\\/\\\/saiga.es\\\/fr\\\/\",\"logo\":{\"@type\":\"ImageObject\",\"inLanguage\":\"fr-FR\",\"@id\":\"https:\\\/\\\/saiga.es\\\/fr\\\/#\\\/schema\\\/logo\\\/image\\\/\",\"url\":\"https:\\\/\\\/saiga.es\\\/wp-content\\\/uploads\\\/2025\\\/07\\\/logo_saiga_baseline_optimitzat.svg\",\"contentUrl\":\"https:\\\/\\\/saiga.es\\\/wp-content\\\/uploads\\\/2025\\\/07\\\/logo_saiga_baseline_optimitzat.svg\",\"caption\":\"SAIGA\"},\"image\":{\"@id\":\"https:\\\/\\\/saiga.es\\\/fr\\\/#\\\/schema\\\/logo\\\/image\\\/\"},\"sameAs\":[\"https:\\\/\\\/x.com\\\/saiga_agro\",\"https:\\\/\\\/www.instagram.com\\\/saiga_agro\\\/\"]}]}<\/script>\n<!-- \/ Yoast SEO plugin. -->","yoast_head_json":{"title":"Ruban adh\u00e9sif anti-chenilles et anti-fourmis | SAIGA","description":"Prot\u00e8ge les arbres fruitiers et ornementaux contre les parasites qui grimpent et descendent le long du tronc.","robots":{"index":"index","follow":"follow","max-snippet":"max-snippet:-1","max-image-preview":"max-image-preview:large","max-video-preview":"max-video-preview:-1"},"canonical":"https:\/\/saiga.es\/fr\/produit\/ruban-adhesif-anti-chenilles-et-anti-fourmis\/","og_locale":"fr_FR","og_type":"article","og_title":"Ruban adh\u00e9sif anti-chenilles et anti-fourmis | SAIGA","og_description":"Prot\u00e8ge les arbres fruitiers et ornementaux contre les parasites qui grimpent et descendent le long du tronc.","og_url":"https:\/\/saiga.es\/fr\/produit\/ruban-adhesif-anti-chenilles-et-anti-fourmis\/","og_site_name":"SAIGA","article_modified_time":"2025-12-10T14:55:50+00:00","og_image":[{"width":1080,"height":1080,"url":"https:\/\/saiga.es\/wp-content\/uploads\/2025\/04\/Cinta-encolada-2.jpg","type":"image\/jpeg"}],"twitter_card":"summary_large_image","twitter_site":"@saiga_agro","schema":{"@context":"https:\/\/schema.org","@graph":[{"@type":"WebPage","@id":"https:\/\/saiga.es\/fr\/produit\/ruban-adhesif-anti-chenilles-et-anti-fourmis\/","url":"https:\/\/saiga.es\/fr\/produit\/ruban-adhesif-anti-chenilles-et-anti-fourmis\/","name":"Ruban adh\u00e9sif anti-chenilles et anti-fourmis | SAIGA","isPartOf":{"@id":"https:\/\/saiga.es\/fr\/#website"},"primaryImageOfPage":{"@id":"https:\/\/saiga.es\/fr\/produit\/ruban-adhesif-anti-chenilles-et-anti-fourmis\/#primaryimage"},"image":{"@id":"https:\/\/saiga.es\/fr\/produit\/ruban-adhesif-anti-chenilles-et-anti-fourmis\/#primaryimage"},"thumbnailUrl":"https:\/\/saiga.es\/wp-content\/uploads\/2025\/04\/Cinta-encolada-2.jpg","datePublished":"2025-04-08T11:55:06+00:00","dateModified":"2025-12-10T14:55:50+00:00","description":"Prot\u00e8ge les arbres fruitiers et ornementaux contre les parasites qui grimpent et descendent le long du tronc.","breadcrumb":{"@id":"https:\/\/saiga.es\/fr\/produit\/ruban-adhesif-anti-chenilles-et-anti-fourmis\/#breadcrumb"},"inLanguage":"fr-FR","potentialAction":[{"@type":"ReadAction","target":["https:\/\/saiga.es\/fr\/produit\/ruban-adhesif-anti-chenilles-et-anti-fourmis\/"]}]},{"@type":"ImageObject","inLanguage":"fr-FR","@id":"https:\/\/saiga.es\/fr\/produit\/ruban-adhesif-anti-chenilles-et-anti-fourmis\/#primaryimage","url":"https:\/\/saiga.es\/wp-content\/uploads\/2025\/04\/Cinta-encolada-2.jpg","contentUrl":"https:\/\/saiga.es\/wp-content\/uploads\/2025\/04\/Cinta-encolada-2.jpg","width":1080,"height":1080,"caption":"Ruban adh\u00e9sif anti-chenilles"},{"@type":"BreadcrumbList","@id":"https:\/\/saiga.es\/fr\/produit\/ruban-adhesif-anti-chenilles-et-anti-fourmis\/#breadcrumb","itemListElement":[{"@type":"ListItem","position":1,"name":"Inici","item":"https:\/\/saiga.es\/fr\/"},{"@type":"ListItem","position":2,"name":"boutique","item":"https:\/\/saiga.es\/fr\/boutique\/"},{"@type":"ListItem","position":3,"name":"Ruban adh\u00e9sif anti-chenilles et anti-fourmis"}]},{"@type":"WebSite","@id":"https:\/\/saiga.es\/fr\/#website","url":"https:\/\/saiga.es\/fr\/","name":"SAIGA","description":"M\u00e9s de 50 anys al servei de la terra i treballant per a un \u00fas eficient de l\u2019aigua!","publisher":{"@id":"https:\/\/saiga.es\/fr\/#organization"},"potentialAction":[{"@type":"SearchAction","target":{"@type":"EntryPoint","urlTemplate":"https:\/\/saiga.es\/fr\/?s={search_term_string}"},"query-input":{"@type":"PropertyValueSpecification","valueRequired":true,"valueName":"search_term_string"}}],"inLanguage":"fr-FR"},{"@type":"Organization","@id":"https:\/\/saiga.es\/fr\/#organization","name":"SAIGA","url":"https:\/\/saiga.es\/fr\/","logo":{"@type":"ImageObject","inLanguage":"fr-FR","@id":"https:\/\/saiga.es\/fr\/#\/schema\/logo\/image\/","url":"https:\/\/saiga.es\/wp-content\/uploads\/2025\/07\/logo_saiga_baseline_optimitzat.svg","contentUrl":"https:\/\/saiga.es\/wp-content\/uploads\/2025\/07\/logo_saiga_baseline_optimitzat.svg","caption":"SAIGA"},"image":{"@id":"https:\/\/saiga.es\/fr\/#\/schema\/logo\/image\/"},"sameAs":["https:\/\/x.com\/saiga_agro","https:\/\/www.instagram.com\/saiga_agro\/"]}]}},"_links":{"self":[{"href":"https:\/\/saiga.es\/fr\/wp-json\/wp\/v2\/product\/14495","targetHints":{"allow":["GET"]}}],"collection":[{"href":"https:\/\/saiga.es\/fr\/wp-json\/wp\/v2\/product"}],"about":[{"href":"https:\/\/saiga.es\/fr\/wp-json\/wp\/v2\/types\/product"}],"replies":[{"embeddable":true,"href":"https:\/\/saiga.es\/fr\/wp-json\/wp\/v2\/comments?post=14495"}],"wp:featuredmedia":[{"embeddable":true,"href":"https:\/\/saiga.es\/fr\/wp-json\/wp\/v2\/media\/14498"}],"wp:attachment":[{"href":"https:\/\/saiga.es\/fr\/wp-json\/wp\/v2\/media?parent=14495"}],"wp:term":[{"taxonomy":"product_brand","embeddable":true,"href":"https:\/\/saiga.es\/fr\/wp-json\/wp\/v2\/product_brand?post=14495"},{"taxonomy":"product_cat","embeddable":true,"href":"https:\/\/saiga.es\/fr\/wp-json\/wp\/v2\/product_cat?post=14495"},{"taxonomy":"product_tag","embeddable":true,"href":"https:\/\/saiga.es\/fr\/wp-json\/wp\/v2\/product_tag?post=14495"}],"curies":[{"name":"wp","href":"https:\/\/api.w.org\/{rel}","templated":true}]}}