{"id":14508,"date":"2025-04-08T14:13:48","date_gmt":"2025-04-08T14:13:48","guid":{"rendered":"https:\/\/botiga.saiga.es\/producte\/procerex-collier\/"},"modified":"2026-02-10T07:29:41","modified_gmt":"2026-02-10T07:29:41","slug":"procerex-collier","status":"publish","type":"product","link":"https:\/\/saiga.es\/fr\/produit\/procerex-collier\/","title":{"rendered":"Procerex Collier"},"content":{"rendered":"<p data-start=\"299\" data-end=\"763\">Le Procerex Collar Pro est une solution m\u00e9canique efficace et \u00e9cologique pour lutter contre la processionnaire du pin (Thaumetopoea pityocampa). Ce pi\u00e8ge exploite le comportement naturel de la larve lors de sa descente du tronc vers le sol, en la redirigeant par un canal vers un sac de collecte s\u00e9curis\u00e9. Ainsi, elle ne touche pas le sol et les risques pour les personnes et les animaux sont minimis\u00e9s. <\/p>\n<p data-start=\"765\" data-end=\"1194\">Contrairement aux traitements chimiques, le collier Procerex Pro ne n\u00e9cessite ni insecticides ni ph\u00e9romones, ne laisse aucun r\u00e9sidu et respecte pleinement la physiologie de l&rsquo;arbre. Son installation est simple et rapide : il se place autour du tronc \u00e0 une hauteur inaccessible aux humains et aux animaux domestiques pendant la p\u00e9riode de descente des chenilles (de janvier \u00e0 mars, selon la zone climatique). <\/p>\n<p data-start=\"1196\" data-end=\"1600\">Ce kit professionnel contient tous les \u00e9l\u00e9ments n\u00e9cessaires pour traiter plusieurs arbres et est r\u00e9utilisable pendant plusieurs saisons, offrant ainsi une solution durable pour les jardins, les for\u00eats et les parcs. Il est id\u00e9al pour les particuliers, les professionnels de la lutte antiparasitaire et les administrations qui recherchent une pr\u00e9vention efficace et \u00e9cologique contre la processionnaire du pin. <\/p>\n","protected":false},"excerpt":{"rendered":"<p>Luttez contre les chenilles processionnaires du pin de mani\u00e8re \u00e9cologique et sans produits chimiques gr\u00e2ce au collier Procerex Pro. Ce pi\u00e8ge m\u00e9canique facile \u00e0 installer r\u00e9duit le nombre de chenilles en les capturant lorsqu&rsquo;elles descendent le long du tronc. Solution durable et r\u00e9utilisable pour les jardins et les zones foresti\u00e8res.  <\/p>\n","protected":false},"featured_media":14504,"comment_status":"closed","ping_status":"closed","template":"","meta":[],"product_brand":[],"product_cat":[439,442,1551],"product_tag":[2043,750,2044,2050],"class_list":{"0":"post-14508","1":"product","2":"type-product","3":"status-publish","4":"has-post-thumbnail","6":"product_cat-biocides-fr","7":"product_cat-non-classe","8":"product_cat-produits-naturels","9":"product_tag-anti-chenilles","10":"product_tag-biocide","11":"product_tag-chenilles","12":"product_tag-processionnel","14":"first","15":"instock","16":"taxable","17":"shipping-taxable","18":"purchasable","19":"product-type-simple"},"yoast_head":"<!-- This site is optimized with the Yoast SEO plugin v27.3 - https:\/\/yoast.com\/product\/yoast-seo-wordpress\/ -->\n<title>Procerex Collier | SAIGA<\/title>\n<meta name=\"description\" content=\"Luttez contre la processionnaire du pin de mani\u00e8re \u00e9cologique et sans produits chimiques gr\u00e2ce au collier Procerex Pro. Pi\u00e8ge m\u00e9canique facile \u00e0 installer.\" \/>\n<meta name=\"robots\" content=\"index, follow, max-snippet:-1, max-image-preview:large, max-video-preview:-1\" \/>\n<link rel=\"canonical\" href=\"https:\/\/saiga.es\/fr\/produit\/procerex-collier\/\" \/>\n<meta property=\"og:locale\" content=\"fr_FR\" \/>\n<meta property=\"og:type\" content=\"article\" \/>\n<meta property=\"og:title\" content=\"Procerex Collier | SAIGA\" \/>\n<meta property=\"og:description\" content=\"Luttez contre la processionnaire du pin de mani\u00e8re \u00e9cologique et sans produits chimiques gr\u00e2ce au collier Procerex Pro. Pi\u00e8ge m\u00e9canique facile \u00e0 installer.\" \/>\n<meta property=\"og:url\" content=\"https:\/\/saiga.es\/fr\/produit\/procerex-collier\/\" \/>\n<meta property=\"og:site_name\" content=\"SAIGA\" \/>\n<meta property=\"article:modified_time\" content=\"2026-02-10T07:29:41+00:00\" \/>\n<meta property=\"og:image\" content=\"https:\/\/saiga.es\/wp-content\/uploads\/2025\/04\/Procerex-Collar.jpg\" \/>\n\t<meta property=\"og:image:width\" content=\"1080\" \/>\n\t<meta property=\"og:image:height\" content=\"1080\" \/>\n\t<meta property=\"og:image:type\" content=\"image\/jpeg\" \/>\n<meta name=\"twitter:card\" content=\"summary_large_image\" \/>\n<meta name=\"twitter:site\" content=\"@saiga_agro\" \/>\n<meta name=\"twitter:label1\" content=\"Dur\u00e9e de lecture estim\u00e9e\" \/>\n\t<meta name=\"twitter:data1\" content=\"1 minute\" \/>\n<script type=\"application\/ld+json\" class=\"yoast-schema-graph\">{\"@context\":\"https:\\\/\\\/schema.org\",\"@graph\":[{\"@type\":\"WebPage\",\"@id\":\"https:\\\/\\\/saiga.es\\\/fr\\\/produit\\\/procerex-collier\\\/\",\"url\":\"https:\\\/\\\/saiga.es\\\/fr\\\/produit\\\/procerex-collier\\\/\",\"name\":\"Procerex Collier | SAIGA\",\"isPartOf\":{\"@id\":\"https:\\\/\\\/saiga.es\\\/fr\\\/#website\"},\"primaryImageOfPage\":{\"@id\":\"https:\\\/\\\/saiga.es\\\/fr\\\/produit\\\/procerex-collier\\\/#primaryimage\"},\"image\":{\"@id\":\"https:\\\/\\\/saiga.es\\\/fr\\\/produit\\\/procerex-collier\\\/#primaryimage\"},\"thumbnailUrl\":\"https:\\\/\\\/saiga.es\\\/wp-content\\\/uploads\\\/2025\\\/04\\\/Procerex-Collar.jpg\",\"datePublished\":\"2025-04-08T14:13:48+00:00\",\"dateModified\":\"2026-02-10T07:29:41+00:00\",\"description\":\"Luttez contre la processionnaire du pin de mani\u00e8re \u00e9cologique et sans produits chimiques gr\u00e2ce au collier Procerex Pro. Pi\u00e8ge m\u00e9canique facile \u00e0 installer.\",\"breadcrumb\":{\"@id\":\"https:\\\/\\\/saiga.es\\\/fr\\\/produit\\\/procerex-collier\\\/#breadcrumb\"},\"inLanguage\":\"fr-FR\",\"potentialAction\":[{\"@type\":\"ReadAction\",\"target\":[\"https:\\\/\\\/saiga.es\\\/fr\\\/produit\\\/procerex-collier\\\/\"]}]},{\"@type\":\"ImageObject\",\"inLanguage\":\"fr-FR\",\"@id\":\"https:\\\/\\\/saiga.es\\\/fr\\\/produit\\\/procerex-collier\\\/#primaryimage\",\"url\":\"https:\\\/\\\/saiga.es\\\/wp-content\\\/uploads\\\/2025\\\/04\\\/Procerex-Collar.jpg\",\"contentUrl\":\"https:\\\/\\\/saiga.es\\\/wp-content\\\/uploads\\\/2025\\\/04\\\/Procerex-Collar.jpg\",\"width\":1080,\"height\":1080,\"caption\":\"Procerex Collier\"},{\"@type\":\"BreadcrumbList\",\"@id\":\"https:\\\/\\\/saiga.es\\\/fr\\\/produit\\\/procerex-collier\\\/#breadcrumb\",\"itemListElement\":[{\"@type\":\"ListItem\",\"position\":1,\"name\":\"Inici\",\"item\":\"https:\\\/\\\/saiga.es\\\/fr\\\/\"},{\"@type\":\"ListItem\",\"position\":2,\"name\":\"boutique\",\"item\":\"https:\\\/\\\/saiga.es\\\/fr\\\/boutique\\\/\"},{\"@type\":\"ListItem\",\"position\":3,\"name\":\"Procerex Collier\"}]},{\"@type\":\"WebSite\",\"@id\":\"https:\\\/\\\/saiga.es\\\/fr\\\/#website\",\"url\":\"https:\\\/\\\/saiga.es\\\/fr\\\/\",\"name\":\"SAIGA\",\"description\":\"M\u00e9s de 50 anys al servei de la terra i treballant per a un \u00fas eficient de l\u2019aigua!\",\"publisher\":{\"@id\":\"https:\\\/\\\/saiga.es\\\/fr\\\/#organization\"},\"potentialAction\":[{\"@type\":\"SearchAction\",\"target\":{\"@type\":\"EntryPoint\",\"urlTemplate\":\"https:\\\/\\\/saiga.es\\\/fr\\\/?s={search_term_string}\"},\"query-input\":{\"@type\":\"PropertyValueSpecification\",\"valueRequired\":true,\"valueName\":\"search_term_string\"}}],\"inLanguage\":\"fr-FR\"},{\"@type\":\"Organization\",\"@id\":\"https:\\\/\\\/saiga.es\\\/fr\\\/#organization\",\"name\":\"SAIGA\",\"url\":\"https:\\\/\\\/saiga.es\\\/fr\\\/\",\"logo\":{\"@type\":\"ImageObject\",\"inLanguage\":\"fr-FR\",\"@id\":\"https:\\\/\\\/saiga.es\\\/fr\\\/#\\\/schema\\\/logo\\\/image\\\/\",\"url\":\"https:\\\/\\\/saiga.es\\\/wp-content\\\/uploads\\\/2025\\\/07\\\/logo_saiga_baseline_optimitzat.svg\",\"contentUrl\":\"https:\\\/\\\/saiga.es\\\/wp-content\\\/uploads\\\/2025\\\/07\\\/logo_saiga_baseline_optimitzat.svg\",\"caption\":\"SAIGA\"},\"image\":{\"@id\":\"https:\\\/\\\/saiga.es\\\/fr\\\/#\\\/schema\\\/logo\\\/image\\\/\"},\"sameAs\":[\"https:\\\/\\\/x.com\\\/saiga_agro\",\"https:\\\/\\\/www.instagram.com\\\/saiga_agro\\\/\"]}]}<\/script>\n<!-- \/ Yoast SEO plugin. -->","yoast_head_json":{"title":"Procerex Collier | SAIGA","description":"Luttez contre la processionnaire du pin de mani\u00e8re \u00e9cologique et sans produits chimiques gr\u00e2ce au collier Procerex Pro. Pi\u00e8ge m\u00e9canique facile \u00e0 installer.","robots":{"index":"index","follow":"follow","max-snippet":"max-snippet:-1","max-image-preview":"max-image-preview:large","max-video-preview":"max-video-preview:-1"},"canonical":"https:\/\/saiga.es\/fr\/produit\/procerex-collier\/","og_locale":"fr_FR","og_type":"article","og_title":"Procerex Collier | SAIGA","og_description":"Luttez contre la processionnaire du pin de mani\u00e8re \u00e9cologique et sans produits chimiques gr\u00e2ce au collier Procerex Pro. Pi\u00e8ge m\u00e9canique facile \u00e0 installer.","og_url":"https:\/\/saiga.es\/fr\/produit\/procerex-collier\/","og_site_name":"SAIGA","article_modified_time":"2026-02-10T07:29:41+00:00","og_image":[{"width":1080,"height":1080,"url":"https:\/\/saiga.es\/wp-content\/uploads\/2025\/04\/Procerex-Collar.jpg","type":"image\/jpeg"}],"twitter_card":"summary_large_image","twitter_site":"@saiga_agro","twitter_misc":{"Dur\u00e9e de lecture estim\u00e9e":"1 minute"},"schema":{"@context":"https:\/\/schema.org","@graph":[{"@type":"WebPage","@id":"https:\/\/saiga.es\/fr\/produit\/procerex-collier\/","url":"https:\/\/saiga.es\/fr\/produit\/procerex-collier\/","name":"Procerex Collier | SAIGA","isPartOf":{"@id":"https:\/\/saiga.es\/fr\/#website"},"primaryImageOfPage":{"@id":"https:\/\/saiga.es\/fr\/produit\/procerex-collier\/#primaryimage"},"image":{"@id":"https:\/\/saiga.es\/fr\/produit\/procerex-collier\/#primaryimage"},"thumbnailUrl":"https:\/\/saiga.es\/wp-content\/uploads\/2025\/04\/Procerex-Collar.jpg","datePublished":"2025-04-08T14:13:48+00:00","dateModified":"2026-02-10T07:29:41+00:00","description":"Luttez contre la processionnaire du pin de mani\u00e8re \u00e9cologique et sans produits chimiques gr\u00e2ce au collier Procerex Pro. Pi\u00e8ge m\u00e9canique facile \u00e0 installer.","breadcrumb":{"@id":"https:\/\/saiga.es\/fr\/produit\/procerex-collier\/#breadcrumb"},"inLanguage":"fr-FR","potentialAction":[{"@type":"ReadAction","target":["https:\/\/saiga.es\/fr\/produit\/procerex-collier\/"]}]},{"@type":"ImageObject","inLanguage":"fr-FR","@id":"https:\/\/saiga.es\/fr\/produit\/procerex-collier\/#primaryimage","url":"https:\/\/saiga.es\/wp-content\/uploads\/2025\/04\/Procerex-Collar.jpg","contentUrl":"https:\/\/saiga.es\/wp-content\/uploads\/2025\/04\/Procerex-Collar.jpg","width":1080,"height":1080,"caption":"Procerex Collier"},{"@type":"BreadcrumbList","@id":"https:\/\/saiga.es\/fr\/produit\/procerex-collier\/#breadcrumb","itemListElement":[{"@type":"ListItem","position":1,"name":"Inici","item":"https:\/\/saiga.es\/fr\/"},{"@type":"ListItem","position":2,"name":"boutique","item":"https:\/\/saiga.es\/fr\/boutique\/"},{"@type":"ListItem","position":3,"name":"Procerex Collier"}]},{"@type":"WebSite","@id":"https:\/\/saiga.es\/fr\/#website","url":"https:\/\/saiga.es\/fr\/","name":"SAIGA","description":"M\u00e9s de 50 anys al servei de la terra i treballant per a un \u00fas eficient de l\u2019aigua!","publisher":{"@id":"https:\/\/saiga.es\/fr\/#organization"},"potentialAction":[{"@type":"SearchAction","target":{"@type":"EntryPoint","urlTemplate":"https:\/\/saiga.es\/fr\/?s={search_term_string}"},"query-input":{"@type":"PropertyValueSpecification","valueRequired":true,"valueName":"search_term_string"}}],"inLanguage":"fr-FR"},{"@type":"Organization","@id":"https:\/\/saiga.es\/fr\/#organization","name":"SAIGA","url":"https:\/\/saiga.es\/fr\/","logo":{"@type":"ImageObject","inLanguage":"fr-FR","@id":"https:\/\/saiga.es\/fr\/#\/schema\/logo\/image\/","url":"https:\/\/saiga.es\/wp-content\/uploads\/2025\/07\/logo_saiga_baseline_optimitzat.svg","contentUrl":"https:\/\/saiga.es\/wp-content\/uploads\/2025\/07\/logo_saiga_baseline_optimitzat.svg","caption":"SAIGA"},"image":{"@id":"https:\/\/saiga.es\/fr\/#\/schema\/logo\/image\/"},"sameAs":["https:\/\/x.com\/saiga_agro","https:\/\/www.instagram.com\/saiga_agro\/"]}]}},"_links":{"self":[{"href":"https:\/\/saiga.es\/fr\/wp-json\/wp\/v2\/product\/14508","targetHints":{"allow":["GET"]}}],"collection":[{"href":"https:\/\/saiga.es\/fr\/wp-json\/wp\/v2\/product"}],"about":[{"href":"https:\/\/saiga.es\/fr\/wp-json\/wp\/v2\/types\/product"}],"replies":[{"embeddable":true,"href":"https:\/\/saiga.es\/fr\/wp-json\/wp\/v2\/comments?post=14508"}],"wp:featuredmedia":[{"embeddable":true,"href":"https:\/\/saiga.es\/fr\/wp-json\/wp\/v2\/media\/14504"}],"wp:attachment":[{"href":"https:\/\/saiga.es\/fr\/wp-json\/wp\/v2\/media?parent=14508"}],"wp:term":[{"taxonomy":"product_brand","embeddable":true,"href":"https:\/\/saiga.es\/fr\/wp-json\/wp\/v2\/product_brand?post=14508"},{"taxonomy":"product_cat","embeddable":true,"href":"https:\/\/saiga.es\/fr\/wp-json\/wp\/v2\/product_cat?post=14508"},{"taxonomy":"product_tag","embeddable":true,"href":"https:\/\/saiga.es\/fr\/wp-json\/wp\/v2\/product_tag?post=14508"}],"curies":[{"name":"wp","href":"https:\/\/api.w.org\/{rel}","templated":true}]}}