{"id":14514,"date":"2025-04-09T12:49:33","date_gmt":"2025-04-09T12:49:33","guid":{"rendered":"https:\/\/botiga.saiga.es\/producte\/engrais-bleu-universel-2-kg\/"},"modified":"2025-10-27T07:54:13","modified_gmt":"2025-10-27T07:54:13","slug":"engrais-bleu-universel-2-kg","status":"publish","type":"product","link":"https:\/\/saiga.es\/fr\/produit\/engrais-bleu-universel-2-kg\/","title":{"rendered":"Engrais granulaire bleu universel \u2013 Nutrition compl\u00e8te pour plantes, pelouse et potager"},"content":{"rendered":"<p data-start=\"242\" data-end=\"562\">L&rsquo;engrais granulaire universel bleu est la solution id\u00e9ale pour favoriser une croissance saine et vigoureuse de toutes vos plantes. Sa formule \u00e9quilibr\u00e9e en nutriments essentiels (azote, phosphore et potassium) assure une nutrition compl\u00e8te pour une grande vari\u00e9t\u00e9 de cultures et d&rsquo;espaces verts. <\/p>\n<p data-start=\"564\" data-end=\"885\">Cet engrais multi-usages est particuli\u00e8rement efficace pour les haies, les arbres d&rsquo;ornement, les arbustes, les pelouses, les potagers et les plantes de jardin. Il apporte les nutriments n\u00e9cessaires pour stimuler un bon enracinement, favoriser la floraison et accro\u00eetre la r\u00e9sistance des plantes aux conditions d\u00e9favorables comme la s\u00e9cheresse ou le froid. <\/p>\n<p data-start=\"887\" data-end=\"1112\">Gr\u00e2ce \u00e0 son format granulaire, il est tr\u00e8s facile \u00e0 appliquer. Il garantit une distribution uniforme et permet une assimilation progressive des nutriments, en les lib\u00e9rant constamment pour favoriser un d\u00e9veloppement continu. <\/p>\n<p data-start=\"1114\" data-end=\"1363\">Cet engrais bleu polyvalent convient aussi bien aux particuliers qu&rsquo;aux professionnels. Que vous souhaitiez entretenir un jardin luxuriant, une pelouse verdoyante ou un potager sain et productif, cet engrais offre des r\u00e9sultats visibles et durables. <\/p>\n<p data-start=\"1370\" data-end=\"1397\"> Principaux avantages :<\/p>\n<ul data-start=\"1398\" data-end=\"1652\">\n<li data-start=\"1398\" data-end=\"1459\">\n<p data-start=\"1400\" data-end=\"1459\">Nutrition \u00e9quilibr\u00e9e avec NPK (azote, phosphore et potassium)<\/p>\n<\/li>\n<li data-start=\"1460\" data-end=\"1511\">\n<p data-start=\"1462\" data-end=\"1511\">Am\u00e9liore la sant\u00e9 et la croissance des plantes<\/p>\n<\/li>\n<li data-start=\"1512\" data-end=\"1567\">\n<p data-start=\"1514\" data-end=\"1567\">Stimule la floraison et le d\u00e9veloppement des fruits<\/p>\n<\/li>\n<li data-start=\"1568\" data-end=\"1609\">\n<p data-start=\"1570\" data-end=\"1609\">Facile \u00e0 appliquer, avec un effet prolong\u00e9<\/p>\n<\/li>\n<li data-start=\"1610\" data-end=\"1652\">\n<p data-start=\"1612\" data-end=\"1652\">Convient \u00e0 tous les types de sols et de cultures<\/p>\n<\/li>\n<\/ul>\n<p data-start=\"1654\" data-end=\"1780\">Avec cet engrais granulaire universel, votre jardin et votre potager seront verts, sains et pleins de vie toute l&rsquo;ann\u00e9e.<\/p>\n","protected":false},"excerpt":{"rendered":"<p>Engrais granulaire bleu universel formul\u00e9 pour tous types de plantes, haies, arbres, arbustes, pelouses et jardins en g\u00e9n\u00e9ral.<\/p>\n","protected":false},"featured_media":14512,"comment_status":"closed","ping_status":"closed","template":"","meta":[],"product_brand":[2206],"product_cat":[1898,425],"product_tag":[895,2054,2055],"class_list":{"0":"post-14514","1":"product","2":"type-product","3":"status-publish","4":"has-post-thumbnail","6":"product_brand-fertiberia-fr","7":"product_cat-plantes-ornementales","8":"product_cat-potager","9":"product_tag-abono","10":"product_tag-engrais-bleu","11":"product_tag-engrais-universel","13":"first","14":"instock","15":"taxable","16":"shipping-taxable","17":"purchasable","18":"product-type-simple"},"yoast_head":"<!-- This site is optimized with the Yoast SEO plugin v27.4 - https:\/\/yoast.com\/product\/yoast-seo-wordpress\/ -->\n<title>Engrais granulaire bleu universel \u2013 Nutrition compl\u00e8te pour plantes, pelouse et potager | SAIGA<\/title>\n<meta name=\"description\" content=\"Engrais granulaire bleu universel formul\u00e9 pour tous types de plantes, haies, arbres, arbustes, pelouses et jardins en g\u00e9n\u00e9ral.\" \/>\n<meta name=\"robots\" content=\"index, follow, max-snippet:-1, max-image-preview:large, max-video-preview:-1\" \/>\n<link rel=\"canonical\" href=\"https:\/\/saiga.es\/fr\/produit\/engrais-bleu-universel-2-kg\/\" \/>\n<meta property=\"og:locale\" content=\"fr_FR\" \/>\n<meta property=\"og:type\" content=\"article\" \/>\n<meta property=\"og:title\" content=\"Engrais granulaire bleu universel \u2013 Nutrition compl\u00e8te pour plantes, pelouse et potager | SAIGA\" \/>\n<meta property=\"og:description\" content=\"Engrais granulaire bleu universel formul\u00e9 pour tous types de plantes, haies, arbres, arbustes, pelouses et jardins en g\u00e9n\u00e9ral.\" \/>\n<meta property=\"og:url\" content=\"https:\/\/saiga.es\/fr\/produit\/engrais-bleu-universel-2-kg\/\" \/>\n<meta property=\"og:site_name\" content=\"SAIGA\" \/>\n<meta property=\"article:modified_time\" content=\"2025-10-27T07:54:13+00:00\" \/>\n<meta property=\"og:image\" content=\"https:\/\/saiga.es\/wp-content\/uploads\/2025\/04\/Adob-granulat-blau-Fertiberia-2-Kg.jpg\" \/>\n\t<meta property=\"og:image:width\" content=\"1080\" \/>\n\t<meta property=\"og:image:height\" content=\"1080\" \/>\n\t<meta property=\"og:image:type\" content=\"image\/jpeg\" \/>\n<meta name=\"twitter:card\" content=\"summary_large_image\" \/>\n<meta name=\"twitter:site\" content=\"@saiga_agro\" \/>\n<meta name=\"twitter:label1\" content=\"Dur\u00e9e de lecture estim\u00e9e\" \/>\n\t<meta name=\"twitter:data1\" content=\"1 minute\" \/>\n<script type=\"application\/ld+json\" class=\"yoast-schema-graph\">{\"@context\":\"https:\\\/\\\/schema.org\",\"@graph\":[{\"@type\":\"WebPage\",\"@id\":\"https:\\\/\\\/saiga.es\\\/fr\\\/produit\\\/engrais-bleu-universel-2-kg\\\/\",\"url\":\"https:\\\/\\\/saiga.es\\\/fr\\\/produit\\\/engrais-bleu-universel-2-kg\\\/\",\"name\":\"Engrais granulaire bleu universel \u2013 Nutrition compl\u00e8te pour plantes, pelouse et potager | SAIGA\",\"isPartOf\":{\"@id\":\"https:\\\/\\\/saiga.es\\\/fr\\\/#website\"},\"primaryImageOfPage\":{\"@id\":\"https:\\\/\\\/saiga.es\\\/fr\\\/produit\\\/engrais-bleu-universel-2-kg\\\/#primaryimage\"},\"image\":{\"@id\":\"https:\\\/\\\/saiga.es\\\/fr\\\/produit\\\/engrais-bleu-universel-2-kg\\\/#primaryimage\"},\"thumbnailUrl\":\"https:\\\/\\\/saiga.es\\\/wp-content\\\/uploads\\\/2025\\\/04\\\/Adob-granulat-blau-Fertiberia-2-Kg.jpg\",\"datePublished\":\"2025-04-09T12:49:33+00:00\",\"dateModified\":\"2025-10-27T07:54:13+00:00\",\"description\":\"Engrais granulaire bleu universel formul\u00e9 pour tous types de plantes, haies, arbres, arbustes, pelouses et jardins en g\u00e9n\u00e9ral.\",\"breadcrumb\":{\"@id\":\"https:\\\/\\\/saiga.es\\\/fr\\\/produit\\\/engrais-bleu-universel-2-kg\\\/#breadcrumb\"},\"inLanguage\":\"fr-FR\",\"potentialAction\":[{\"@type\":\"ReadAction\",\"target\":[\"https:\\\/\\\/saiga.es\\\/fr\\\/produit\\\/engrais-bleu-universel-2-kg\\\/\"]}]},{\"@type\":\"ImageObject\",\"inLanguage\":\"fr-FR\",\"@id\":\"https:\\\/\\\/saiga.es\\\/fr\\\/produit\\\/engrais-bleu-universel-2-kg\\\/#primaryimage\",\"url\":\"https:\\\/\\\/saiga.es\\\/wp-content\\\/uploads\\\/2025\\\/04\\\/Adob-granulat-blau-Fertiberia-2-Kg.jpg\",\"contentUrl\":\"https:\\\/\\\/saiga.es\\\/wp-content\\\/uploads\\\/2025\\\/04\\\/Adob-granulat-blau-Fertiberia-2-Kg.jpg\",\"width\":1080,\"height\":1080,\"caption\":\"Engrais bleu universel\"},{\"@type\":\"BreadcrumbList\",\"@id\":\"https:\\\/\\\/saiga.es\\\/fr\\\/produit\\\/engrais-bleu-universel-2-kg\\\/#breadcrumb\",\"itemListElement\":[{\"@type\":\"ListItem\",\"position\":1,\"name\":\"Inici\",\"item\":\"https:\\\/\\\/saiga.es\\\/fr\\\/\"},{\"@type\":\"ListItem\",\"position\":2,\"name\":\"boutique\",\"item\":\"https:\\\/\\\/saiga.es\\\/fr\\\/boutique\\\/\"},{\"@type\":\"ListItem\",\"position\":3,\"name\":\"Engrais granulaire bleu universel \u2013 Nutrition compl\u00e8te pour plantes, pelouse et potager\"}]},{\"@type\":\"WebSite\",\"@id\":\"https:\\\/\\\/saiga.es\\\/fr\\\/#website\",\"url\":\"https:\\\/\\\/saiga.es\\\/fr\\\/\",\"name\":\"SAIGA\",\"description\":\"M\u00e9s de 50 anys al servei de la terra i treballant per a un \u00fas eficient de l\u2019aigua!\",\"publisher\":{\"@id\":\"https:\\\/\\\/saiga.es\\\/fr\\\/#organization\"},\"potentialAction\":[{\"@type\":\"SearchAction\",\"target\":{\"@type\":\"EntryPoint\",\"urlTemplate\":\"https:\\\/\\\/saiga.es\\\/fr\\\/?s={search_term_string}\"},\"query-input\":{\"@type\":\"PropertyValueSpecification\",\"valueRequired\":true,\"valueName\":\"search_term_string\"}}],\"inLanguage\":\"fr-FR\"},{\"@type\":\"Organization\",\"@id\":\"https:\\\/\\\/saiga.es\\\/fr\\\/#organization\",\"name\":\"SAIGA\",\"url\":\"https:\\\/\\\/saiga.es\\\/fr\\\/\",\"logo\":{\"@type\":\"ImageObject\",\"inLanguage\":\"fr-FR\",\"@id\":\"https:\\\/\\\/saiga.es\\\/fr\\\/#\\\/schema\\\/logo\\\/image\\\/\",\"url\":\"https:\\\/\\\/saiga.es\\\/wp-content\\\/uploads\\\/2025\\\/07\\\/logo_saiga_baseline_optimitzat.svg\",\"contentUrl\":\"https:\\\/\\\/saiga.es\\\/wp-content\\\/uploads\\\/2025\\\/07\\\/logo_saiga_baseline_optimitzat.svg\",\"caption\":\"SAIGA\"},\"image\":{\"@id\":\"https:\\\/\\\/saiga.es\\\/fr\\\/#\\\/schema\\\/logo\\\/image\\\/\"},\"sameAs\":[\"https:\\\/\\\/x.com\\\/saiga_agro\",\"https:\\\/\\\/www.instagram.com\\\/saiga_agro\\\/\"]}]}<\/script>\n<!-- \/ Yoast SEO plugin. -->","yoast_head_json":{"title":"Engrais granulaire bleu universel \u2013 Nutrition compl\u00e8te pour plantes, pelouse et potager | SAIGA","description":"Engrais granulaire bleu universel formul\u00e9 pour tous types de plantes, haies, arbres, arbustes, pelouses et jardins en g\u00e9n\u00e9ral.","robots":{"index":"index","follow":"follow","max-snippet":"max-snippet:-1","max-image-preview":"max-image-preview:large","max-video-preview":"max-video-preview:-1"},"canonical":"https:\/\/saiga.es\/fr\/produit\/engrais-bleu-universel-2-kg\/","og_locale":"fr_FR","og_type":"article","og_title":"Engrais granulaire bleu universel \u2013 Nutrition compl\u00e8te pour plantes, pelouse et potager | SAIGA","og_description":"Engrais granulaire bleu universel formul\u00e9 pour tous types de plantes, haies, arbres, arbustes, pelouses et jardins en g\u00e9n\u00e9ral.","og_url":"https:\/\/saiga.es\/fr\/produit\/engrais-bleu-universel-2-kg\/","og_site_name":"SAIGA","article_modified_time":"2025-10-27T07:54:13+00:00","og_image":[{"width":1080,"height":1080,"url":"https:\/\/saiga.es\/wp-content\/uploads\/2025\/04\/Adob-granulat-blau-Fertiberia-2-Kg.jpg","type":"image\/jpeg"}],"twitter_card":"summary_large_image","twitter_site":"@saiga_agro","twitter_misc":{"Dur\u00e9e de lecture estim\u00e9e":"1 minute"},"schema":{"@context":"https:\/\/schema.org","@graph":[{"@type":"WebPage","@id":"https:\/\/saiga.es\/fr\/produit\/engrais-bleu-universel-2-kg\/","url":"https:\/\/saiga.es\/fr\/produit\/engrais-bleu-universel-2-kg\/","name":"Engrais granulaire bleu universel \u2013 Nutrition compl\u00e8te pour plantes, pelouse et potager | SAIGA","isPartOf":{"@id":"https:\/\/saiga.es\/fr\/#website"},"primaryImageOfPage":{"@id":"https:\/\/saiga.es\/fr\/produit\/engrais-bleu-universel-2-kg\/#primaryimage"},"image":{"@id":"https:\/\/saiga.es\/fr\/produit\/engrais-bleu-universel-2-kg\/#primaryimage"},"thumbnailUrl":"https:\/\/saiga.es\/wp-content\/uploads\/2025\/04\/Adob-granulat-blau-Fertiberia-2-Kg.jpg","datePublished":"2025-04-09T12:49:33+00:00","dateModified":"2025-10-27T07:54:13+00:00","description":"Engrais granulaire bleu universel formul\u00e9 pour tous types de plantes, haies, arbres, arbustes, pelouses et jardins en g\u00e9n\u00e9ral.","breadcrumb":{"@id":"https:\/\/saiga.es\/fr\/produit\/engrais-bleu-universel-2-kg\/#breadcrumb"},"inLanguage":"fr-FR","potentialAction":[{"@type":"ReadAction","target":["https:\/\/saiga.es\/fr\/produit\/engrais-bleu-universel-2-kg\/"]}]},{"@type":"ImageObject","inLanguage":"fr-FR","@id":"https:\/\/saiga.es\/fr\/produit\/engrais-bleu-universel-2-kg\/#primaryimage","url":"https:\/\/saiga.es\/wp-content\/uploads\/2025\/04\/Adob-granulat-blau-Fertiberia-2-Kg.jpg","contentUrl":"https:\/\/saiga.es\/wp-content\/uploads\/2025\/04\/Adob-granulat-blau-Fertiberia-2-Kg.jpg","width":1080,"height":1080,"caption":"Engrais bleu universel"},{"@type":"BreadcrumbList","@id":"https:\/\/saiga.es\/fr\/produit\/engrais-bleu-universel-2-kg\/#breadcrumb","itemListElement":[{"@type":"ListItem","position":1,"name":"Inici","item":"https:\/\/saiga.es\/fr\/"},{"@type":"ListItem","position":2,"name":"boutique","item":"https:\/\/saiga.es\/fr\/boutique\/"},{"@type":"ListItem","position":3,"name":"Engrais granulaire bleu universel \u2013 Nutrition compl\u00e8te pour plantes, pelouse et potager"}]},{"@type":"WebSite","@id":"https:\/\/saiga.es\/fr\/#website","url":"https:\/\/saiga.es\/fr\/","name":"SAIGA","description":"M\u00e9s de 50 anys al servei de la terra i treballant per a un \u00fas eficient de l\u2019aigua!","publisher":{"@id":"https:\/\/saiga.es\/fr\/#organization"},"potentialAction":[{"@type":"SearchAction","target":{"@type":"EntryPoint","urlTemplate":"https:\/\/saiga.es\/fr\/?s={search_term_string}"},"query-input":{"@type":"PropertyValueSpecification","valueRequired":true,"valueName":"search_term_string"}}],"inLanguage":"fr-FR"},{"@type":"Organization","@id":"https:\/\/saiga.es\/fr\/#organization","name":"SAIGA","url":"https:\/\/saiga.es\/fr\/","logo":{"@type":"ImageObject","inLanguage":"fr-FR","@id":"https:\/\/saiga.es\/fr\/#\/schema\/logo\/image\/","url":"https:\/\/saiga.es\/wp-content\/uploads\/2025\/07\/logo_saiga_baseline_optimitzat.svg","contentUrl":"https:\/\/saiga.es\/wp-content\/uploads\/2025\/07\/logo_saiga_baseline_optimitzat.svg","caption":"SAIGA"},"image":{"@id":"https:\/\/saiga.es\/fr\/#\/schema\/logo\/image\/"},"sameAs":["https:\/\/x.com\/saiga_agro","https:\/\/www.instagram.com\/saiga_agro\/"]}]}},"_links":{"self":[{"href":"https:\/\/saiga.es\/fr\/wp-json\/wp\/v2\/product\/14514","targetHints":{"allow":["GET"]}}],"collection":[{"href":"https:\/\/saiga.es\/fr\/wp-json\/wp\/v2\/product"}],"about":[{"href":"https:\/\/saiga.es\/fr\/wp-json\/wp\/v2\/types\/product"}],"replies":[{"embeddable":true,"href":"https:\/\/saiga.es\/fr\/wp-json\/wp\/v2\/comments?post=14514"}],"wp:featuredmedia":[{"embeddable":true,"href":"https:\/\/saiga.es\/fr\/wp-json\/wp\/v2\/media\/14512"}],"wp:attachment":[{"href":"https:\/\/saiga.es\/fr\/wp-json\/wp\/v2\/media?parent=14514"}],"wp:term":[{"taxonomy":"product_brand","embeddable":true,"href":"https:\/\/saiga.es\/fr\/wp-json\/wp\/v2\/product_brand?post=14514"},{"taxonomy":"product_cat","embeddable":true,"href":"https:\/\/saiga.es\/fr\/wp-json\/wp\/v2\/product_cat?post=14514"},{"taxonomy":"product_tag","embeddable":true,"href":"https:\/\/saiga.es\/fr\/wp-json\/wp\/v2\/product_tag?post=14514"}],"curies":[{"name":"wp","href":"https:\/\/api.w.org\/{rel}","templated":true}]}}