{"id":14556,"date":"2025-04-10T11:18:51","date_gmt":"2025-04-10T11:18:51","guid":{"rendered":"https:\/\/botiga.saiga.es\/producte\/engrais-granule-pour-vergers-et-arbres-fruitiers\/"},"modified":"2025-10-27T07:54:13","modified_gmt":"2025-10-27T07:54:13","slug":"engrais-granule-pour-vergers-et-arbres-fruitiers","status":"publish","type":"product","link":"https:\/\/saiga.es\/fr\/produit\/engrais-granule-pour-vergers-et-arbres-fruitiers\/","title":{"rendered":"Engrais granul\u00e9 pour vergers et arbres fruitiers"},"content":{"rendered":"<p>L&rsquo;engrais granul\u00e9 pour l\u00e9gumes et fruits est une solution id\u00e9ale pour les cultures mara\u00eech\u00e8res, les arbres fruitiers, les agrumes et les plantes ornementales. Sa formule granul\u00e9e est con\u00e7ue pour rehausser la saveur et l&rsquo;apparence des l\u00e9gumes et des fruits, assurant une floraison abondante et un d\u00e9veloppement racinaire vigoureux. Il contribue \u00e9galement \u00e0 accro\u00eetre la r\u00e9sistance au froid, \u00e0 la s\u00e9cheresse et aux autres stress environnementaux.  <\/p>\n<p>Pour les vergers et les arbres fruitiers : cet engrais granulaire est polyvalent et efficace. Son format compact permet une application simple et pr\u00e9cise, id\u00e9ale pour un apport direct au sol ou au niveau des racines. Avec un poids de 1 kg, il est facile \u00e0 manipuler et \u00e0 stocker, et offre une dose id\u00e9ale pour les petites et moyennes surfaces.  <\/p>\n<p>Ce produit, de la marque Fertiberia, se distingue par sa capacit\u00e9 \u00e0 am\u00e9liorer la qualit\u00e9 des r\u00e9coltes : il renforce l&rsquo;enracinement, favorise la floraison et am\u00e9liore la texture et la saveur des produits obtenus, c&rsquo;est donc une option optimale aussi bien pour les jardins familiaux que pour les plantations d&rsquo;arbres fruitiers et les jardins d&rsquo;ornement.<\/p>\n<p>Les principaux avantages comprennent :<\/p>\n<ul>\n<li>Am\u00e9lioration visible de l\u2019apparence et de la saveur des cultures.<\/li>\n<li>Floraison abondante, ce qui facilite une r\u00e9colte plus riche.<\/li>\n<li>Des racines plus fortes, la base de plantes saines et productives.<\/li>\n<li>Protection contre le stress climatique et autres conditions d\u00e9favorables.<\/li>\n<\/ul>\n<p>Id\u00e9al pour les agriculteurs et les jardiniers \u00e0 la recherche d&rsquo;un engrais efficace, pratique et facile \u00e0 utiliser.<\/p>\n<p>&nbsp;<\/p>\n","protected":false},"excerpt":{"rendered":"<p>Engrais granul\u00e9 formul\u00e9 pour tous types de cultures mara\u00eech\u00e8res, arbres fruitiers, agrumes, ainsi que arbres et arbustes d&rsquo;ornement.<\/p>\n","protected":false},"featured_media":14530,"comment_status":"closed","ping_status":"closed","template":"","meta":[],"product_brand":[2206],"product_cat":[1878,425],"product_tag":[895,2054,2065],"class_list":{"0":"post-14556","1":"product","2":"type-product","3":"status-publish","4":"has-post-thumbnail","6":"product_brand-fertiberia-fr","7":"product_cat-engrais-et-engrais","8":"product_cat-potager","9":"product_tag-abono","10":"product_tag-engrais-bleu","11":"product_tag-granule","13":"first","14":"instock","15":"taxable","16":"shipping-taxable","17":"purchasable","18":"product-type-simple"},"yoast_head":"<!-- This site is optimized with the Yoast SEO plugin v27.4 - https:\/\/yoast.com\/product\/yoast-seo-wordpress\/ -->\n<title>Engrais granul\u00e9 pour vergers et arbres fruitiers | SAIGA<\/title>\n<meta name=\"description\" content=\"Engrais granul\u00e9 formul\u00e9 pour tous types de cultures mara\u00eech\u00e8res, arbres fruitiers, agrumes, ainsi que arbres et arbustes d&#039;ornement.\" \/>\n<meta name=\"robots\" content=\"index, follow, max-snippet:-1, max-image-preview:large, max-video-preview:-1\" \/>\n<link rel=\"canonical\" href=\"https:\/\/saiga.es\/fr\/produit\/engrais-granule-pour-vergers-et-arbres-fruitiers\/\" \/>\n<meta property=\"og:locale\" content=\"fr_FR\" \/>\n<meta property=\"og:type\" content=\"article\" \/>\n<meta property=\"og:title\" content=\"Engrais granul\u00e9 pour vergers et arbres fruitiers | SAIGA\" \/>\n<meta property=\"og:description\" content=\"Engrais granul\u00e9 formul\u00e9 pour tous types de cultures mara\u00eech\u00e8res, arbres fruitiers, agrumes, ainsi que arbres et arbustes d&#039;ornement.\" \/>\n<meta property=\"og:url\" content=\"https:\/\/saiga.es\/fr\/produit\/engrais-granule-pour-vergers-et-arbres-fruitiers\/\" \/>\n<meta property=\"og:site_name\" content=\"SAIGA\" \/>\n<meta property=\"article:modified_time\" content=\"2025-10-27T07:54:13+00:00\" \/>\n<meta property=\"og:image\" content=\"https:\/\/saiga.es\/wp-content\/uploads\/2025\/04\/Huerta-y-frutales.jpg\" \/>\n\t<meta property=\"og:image:width\" content=\"1080\" \/>\n\t<meta property=\"og:image:height\" content=\"1080\" \/>\n\t<meta property=\"og:image:type\" content=\"image\/jpeg\" \/>\n<meta name=\"twitter:card\" content=\"summary_large_image\" \/>\n<meta name=\"twitter:site\" content=\"@saiga_agro\" \/>\n<meta name=\"twitter:label1\" content=\"Dur\u00e9e de lecture estim\u00e9e\" \/>\n\t<meta name=\"twitter:data1\" content=\"1 minute\" \/>\n<script type=\"application\/ld+json\" class=\"yoast-schema-graph\">{\"@context\":\"https:\\\/\\\/schema.org\",\"@graph\":[{\"@type\":\"WebPage\",\"@id\":\"https:\\\/\\\/saiga.es\\\/fr\\\/produit\\\/engrais-granule-pour-vergers-et-arbres-fruitiers\\\/\",\"url\":\"https:\\\/\\\/saiga.es\\\/fr\\\/produit\\\/engrais-granule-pour-vergers-et-arbres-fruitiers\\\/\",\"name\":\"Engrais granul\u00e9 pour vergers et arbres fruitiers | SAIGA\",\"isPartOf\":{\"@id\":\"https:\\\/\\\/saiga.es\\\/fr\\\/#website\"},\"primaryImageOfPage\":{\"@id\":\"https:\\\/\\\/saiga.es\\\/fr\\\/produit\\\/engrais-granule-pour-vergers-et-arbres-fruitiers\\\/#primaryimage\"},\"image\":{\"@id\":\"https:\\\/\\\/saiga.es\\\/fr\\\/produit\\\/engrais-granule-pour-vergers-et-arbres-fruitiers\\\/#primaryimage\"},\"thumbnailUrl\":\"https:\\\/\\\/saiga.es\\\/wp-content\\\/uploads\\\/2025\\\/04\\\/Huerta-y-frutales.jpg\",\"datePublished\":\"2025-04-10T11:18:51+00:00\",\"dateModified\":\"2025-10-27T07:54:13+00:00\",\"description\":\"Engrais granul\u00e9 formul\u00e9 pour tous types de cultures mara\u00eech\u00e8res, arbres fruitiers, agrumes, ainsi que arbres et arbustes d'ornement.\",\"breadcrumb\":{\"@id\":\"https:\\\/\\\/saiga.es\\\/fr\\\/produit\\\/engrais-granule-pour-vergers-et-arbres-fruitiers\\\/#breadcrumb\"},\"inLanguage\":\"fr-FR\",\"potentialAction\":[{\"@type\":\"ReadAction\",\"target\":[\"https:\\\/\\\/saiga.es\\\/fr\\\/produit\\\/engrais-granule-pour-vergers-et-arbres-fruitiers\\\/\"]}]},{\"@type\":\"ImageObject\",\"inLanguage\":\"fr-FR\",\"@id\":\"https:\\\/\\\/saiga.es\\\/fr\\\/produit\\\/engrais-granule-pour-vergers-et-arbres-fruitiers\\\/#primaryimage\",\"url\":\"https:\\\/\\\/saiga.es\\\/wp-content\\\/uploads\\\/2025\\\/04\\\/Huerta-y-frutales.jpg\",\"contentUrl\":\"https:\\\/\\\/saiga.es\\\/wp-content\\\/uploads\\\/2025\\\/04\\\/Huerta-y-frutales.jpg\",\"width\":1080,\"height\":1080,\"caption\":\"Huarta y frutales, adob granulat\"},{\"@type\":\"BreadcrumbList\",\"@id\":\"https:\\\/\\\/saiga.es\\\/fr\\\/produit\\\/engrais-granule-pour-vergers-et-arbres-fruitiers\\\/#breadcrumb\",\"itemListElement\":[{\"@type\":\"ListItem\",\"position\":1,\"name\":\"Inici\",\"item\":\"https:\\\/\\\/saiga.es\\\/fr\\\/\"},{\"@type\":\"ListItem\",\"position\":2,\"name\":\"boutique\",\"item\":\"https:\\\/\\\/saiga.es\\\/fr\\\/boutique\\\/\"},{\"@type\":\"ListItem\",\"position\":3,\"name\":\"Engrais granul\u00e9 pour vergers et arbres fruitiers\"}]},{\"@type\":\"WebSite\",\"@id\":\"https:\\\/\\\/saiga.es\\\/fr\\\/#website\",\"url\":\"https:\\\/\\\/saiga.es\\\/fr\\\/\",\"name\":\"SAIGA\",\"description\":\"M\u00e9s de 50 anys al servei de la terra i treballant per a un \u00fas eficient de l\u2019aigua!\",\"publisher\":{\"@id\":\"https:\\\/\\\/saiga.es\\\/fr\\\/#organization\"},\"potentialAction\":[{\"@type\":\"SearchAction\",\"target\":{\"@type\":\"EntryPoint\",\"urlTemplate\":\"https:\\\/\\\/saiga.es\\\/fr\\\/?s={search_term_string}\"},\"query-input\":{\"@type\":\"PropertyValueSpecification\",\"valueRequired\":true,\"valueName\":\"search_term_string\"}}],\"inLanguage\":\"fr-FR\"},{\"@type\":\"Organization\",\"@id\":\"https:\\\/\\\/saiga.es\\\/fr\\\/#organization\",\"name\":\"SAIGA\",\"url\":\"https:\\\/\\\/saiga.es\\\/fr\\\/\",\"logo\":{\"@type\":\"ImageObject\",\"inLanguage\":\"fr-FR\",\"@id\":\"https:\\\/\\\/saiga.es\\\/fr\\\/#\\\/schema\\\/logo\\\/image\\\/\",\"url\":\"https:\\\/\\\/saiga.es\\\/wp-content\\\/uploads\\\/2025\\\/07\\\/logo_saiga_baseline_optimitzat.svg\",\"contentUrl\":\"https:\\\/\\\/saiga.es\\\/wp-content\\\/uploads\\\/2025\\\/07\\\/logo_saiga_baseline_optimitzat.svg\",\"caption\":\"SAIGA\"},\"image\":{\"@id\":\"https:\\\/\\\/saiga.es\\\/fr\\\/#\\\/schema\\\/logo\\\/image\\\/\"},\"sameAs\":[\"https:\\\/\\\/x.com\\\/saiga_agro\",\"https:\\\/\\\/www.instagram.com\\\/saiga_agro\\\/\"]}]}<\/script>\n<!-- \/ Yoast SEO plugin. -->","yoast_head_json":{"title":"Engrais granul\u00e9 pour vergers et arbres fruitiers | SAIGA","description":"Engrais granul\u00e9 formul\u00e9 pour tous types de cultures mara\u00eech\u00e8res, arbres fruitiers, agrumes, ainsi que arbres et arbustes d'ornement.","robots":{"index":"index","follow":"follow","max-snippet":"max-snippet:-1","max-image-preview":"max-image-preview:large","max-video-preview":"max-video-preview:-1"},"canonical":"https:\/\/saiga.es\/fr\/produit\/engrais-granule-pour-vergers-et-arbres-fruitiers\/","og_locale":"fr_FR","og_type":"article","og_title":"Engrais granul\u00e9 pour vergers et arbres fruitiers | SAIGA","og_description":"Engrais granul\u00e9 formul\u00e9 pour tous types de cultures mara\u00eech\u00e8res, arbres fruitiers, agrumes, ainsi que arbres et arbustes d'ornement.","og_url":"https:\/\/saiga.es\/fr\/produit\/engrais-granule-pour-vergers-et-arbres-fruitiers\/","og_site_name":"SAIGA","article_modified_time":"2025-10-27T07:54:13+00:00","og_image":[{"width":1080,"height":1080,"url":"https:\/\/saiga.es\/wp-content\/uploads\/2025\/04\/Huerta-y-frutales.jpg","type":"image\/jpeg"}],"twitter_card":"summary_large_image","twitter_site":"@saiga_agro","twitter_misc":{"Dur\u00e9e de lecture estim\u00e9e":"1 minute"},"schema":{"@context":"https:\/\/schema.org","@graph":[{"@type":"WebPage","@id":"https:\/\/saiga.es\/fr\/produit\/engrais-granule-pour-vergers-et-arbres-fruitiers\/","url":"https:\/\/saiga.es\/fr\/produit\/engrais-granule-pour-vergers-et-arbres-fruitiers\/","name":"Engrais granul\u00e9 pour vergers et arbres fruitiers | SAIGA","isPartOf":{"@id":"https:\/\/saiga.es\/fr\/#website"},"primaryImageOfPage":{"@id":"https:\/\/saiga.es\/fr\/produit\/engrais-granule-pour-vergers-et-arbres-fruitiers\/#primaryimage"},"image":{"@id":"https:\/\/saiga.es\/fr\/produit\/engrais-granule-pour-vergers-et-arbres-fruitiers\/#primaryimage"},"thumbnailUrl":"https:\/\/saiga.es\/wp-content\/uploads\/2025\/04\/Huerta-y-frutales.jpg","datePublished":"2025-04-10T11:18:51+00:00","dateModified":"2025-10-27T07:54:13+00:00","description":"Engrais granul\u00e9 formul\u00e9 pour tous types de cultures mara\u00eech\u00e8res, arbres fruitiers, agrumes, ainsi que arbres et arbustes d'ornement.","breadcrumb":{"@id":"https:\/\/saiga.es\/fr\/produit\/engrais-granule-pour-vergers-et-arbres-fruitiers\/#breadcrumb"},"inLanguage":"fr-FR","potentialAction":[{"@type":"ReadAction","target":["https:\/\/saiga.es\/fr\/produit\/engrais-granule-pour-vergers-et-arbres-fruitiers\/"]}]},{"@type":"ImageObject","inLanguage":"fr-FR","@id":"https:\/\/saiga.es\/fr\/produit\/engrais-granule-pour-vergers-et-arbres-fruitiers\/#primaryimage","url":"https:\/\/saiga.es\/wp-content\/uploads\/2025\/04\/Huerta-y-frutales.jpg","contentUrl":"https:\/\/saiga.es\/wp-content\/uploads\/2025\/04\/Huerta-y-frutales.jpg","width":1080,"height":1080,"caption":"Huarta y frutales, adob granulat"},{"@type":"BreadcrumbList","@id":"https:\/\/saiga.es\/fr\/produit\/engrais-granule-pour-vergers-et-arbres-fruitiers\/#breadcrumb","itemListElement":[{"@type":"ListItem","position":1,"name":"Inici","item":"https:\/\/saiga.es\/fr\/"},{"@type":"ListItem","position":2,"name":"boutique","item":"https:\/\/saiga.es\/fr\/boutique\/"},{"@type":"ListItem","position":3,"name":"Engrais granul\u00e9 pour vergers et arbres fruitiers"}]},{"@type":"WebSite","@id":"https:\/\/saiga.es\/fr\/#website","url":"https:\/\/saiga.es\/fr\/","name":"SAIGA","description":"M\u00e9s de 50 anys al servei de la terra i treballant per a un \u00fas eficient de l\u2019aigua!","publisher":{"@id":"https:\/\/saiga.es\/fr\/#organization"},"potentialAction":[{"@type":"SearchAction","target":{"@type":"EntryPoint","urlTemplate":"https:\/\/saiga.es\/fr\/?s={search_term_string}"},"query-input":{"@type":"PropertyValueSpecification","valueRequired":true,"valueName":"search_term_string"}}],"inLanguage":"fr-FR"},{"@type":"Organization","@id":"https:\/\/saiga.es\/fr\/#organization","name":"SAIGA","url":"https:\/\/saiga.es\/fr\/","logo":{"@type":"ImageObject","inLanguage":"fr-FR","@id":"https:\/\/saiga.es\/fr\/#\/schema\/logo\/image\/","url":"https:\/\/saiga.es\/wp-content\/uploads\/2025\/07\/logo_saiga_baseline_optimitzat.svg","contentUrl":"https:\/\/saiga.es\/wp-content\/uploads\/2025\/07\/logo_saiga_baseline_optimitzat.svg","caption":"SAIGA"},"image":{"@id":"https:\/\/saiga.es\/fr\/#\/schema\/logo\/image\/"},"sameAs":["https:\/\/x.com\/saiga_agro","https:\/\/www.instagram.com\/saiga_agro\/"]}]}},"_links":{"self":[{"href":"https:\/\/saiga.es\/fr\/wp-json\/wp\/v2\/product\/14556","targetHints":{"allow":["GET"]}}],"collection":[{"href":"https:\/\/saiga.es\/fr\/wp-json\/wp\/v2\/product"}],"about":[{"href":"https:\/\/saiga.es\/fr\/wp-json\/wp\/v2\/types\/product"}],"replies":[{"embeddable":true,"href":"https:\/\/saiga.es\/fr\/wp-json\/wp\/v2\/comments?post=14556"}],"wp:featuredmedia":[{"embeddable":true,"href":"https:\/\/saiga.es\/fr\/wp-json\/wp\/v2\/media\/14530"}],"wp:attachment":[{"href":"https:\/\/saiga.es\/fr\/wp-json\/wp\/v2\/media?parent=14556"}],"wp:term":[{"taxonomy":"product_brand","embeddable":true,"href":"https:\/\/saiga.es\/fr\/wp-json\/wp\/v2\/product_brand?post=14556"},{"taxonomy":"product_cat","embeddable":true,"href":"https:\/\/saiga.es\/fr\/wp-json\/wp\/v2\/product_cat?post=14556"},{"taxonomy":"product_tag","embeddable":true,"href":"https:\/\/saiga.es\/fr\/wp-json\/wp\/v2\/product_tag?post=14556"}],"curies":[{"name":"wp","href":"https:\/\/api.w.org\/{rel}","templated":true}]}}