{"id":14579,"date":"2025-04-11T11:43:00","date_gmt":"2025-04-11T11:43:00","guid":{"rendered":"https:\/\/botiga.saiga.es\/producte\/fems-de-caball\/"},"modified":"2025-04-11T11:43:00","modified_gmt":"2025-04-11T11:43:00","slug":"fems-de-caball","status":"publish","type":"product","link":"https:\/\/saiga.es\/fr\/produit\/fems-de-caball\/","title":{"rendered":"Fems de caball"},"content":{"rendered":"<div class=\"product media\"><\/div>\n<div class=\"product-info-main\">\n<div class=\"product-info-price\">\n<div class=\"product attribute overview\">\n<div class=\"value\">\n<p>Vithal FEMS DE CAVALL R\u00e9g\u00e9n\u00e9ratif est un amendement biologique certifi\u00e9 sp\u00e9cialement con\u00e7u pour incorporer de la mati\u00e8re organique et favoriser le d\u00e9veloppement d&rsquo;une flore microbiologique b\u00e9n\u00e9fique dans les sols tr\u00e8s pauvres.<br \/>\ncompact\u00e9<\/p>\n<p>L&rsquo;utilisation du FUMIER DE CHEVAL R\u00e9g\u00e9n\u00e9rant Vithal est une solution optimale pour obtenir tous les b\u00e9n\u00e9fices d&rsquo;un apport de mati\u00e8re organique de qualit\u00e9 : apport progressif de nutriments, spongiosit\u00e9 du sol,<br \/>\nam\u00e9liorant la flore b\u00e9n\u00e9fique et augmentant la capacit\u00e9 de r\u00e9tention d&rsquo;eau. Il s\u2019agit, en bref, d\u2019une solution qui active les processus naturels de r\u00e9g\u00e9n\u00e9ration de la fertilit\u00e9 et de la sant\u00e9 de notre potager ou jardin.<br \/>\n\u2022 Apport nutritif longue dur\u00e9e pour les sols compact\u00e9s.<br \/>\n\u2022 Capacit\u00e9 de germination \u00e0 100 %.<br \/>\n\u2022 Augmente la capacit\u00e9 de r\u00e9tention d\u2019eau.<\/p>\n<\/div>\n<\/div>\n<\/div>\n<\/div>\n","protected":false},"excerpt":{"rendered":"<p>Vithal FUMIER DE CHEVAL R\u00e9g\u00e9n\u00e9ratif est un amendement biologique certifi\u00e9 sp\u00e9cialement con\u00e7u pour incorporer la mati\u00e8re organique et favoriser le d\u00e9veloppement d&rsquo;une flore microbiologique b\u00e9n\u00e9fique dans les sols tr\u00e8s compact\u00e9s.<\/p>\n","protected":false},"featured_media":14577,"comment_status":"closed","ping_status":"closed","template":"","meta":[],"product_brand":[2231],"product_cat":[447],"product_tag":[2069,723],"class_list":{"0":"post-14579","1":"product","2":"type-product","3":"status-publish","4":"has-post-thumbnail","6":"product_brand-vithal-fr","7":"product_cat-terres-potageres","8":"product_tag-fumier","9":"product_tag-substrat-fr","11":"first","12":"instock","13":"taxable","14":"shipping-taxable","15":"purchasable","16":"product-type-simple"},"yoast_head":"<!-- This site is optimized with the Yoast SEO plugin v27.4 - https:\/\/yoast.com\/product\/yoast-seo-wordpress\/ -->\n<title>Fems de caball | SAIGA<\/title>\n<meta name=\"description\" content=\"Vithal FUMIER DE CHEVAL R\u00e9g\u00e9n\u00e9ratif est un amendement biologique certifi\u00e9 sp\u00e9cialement con\u00e7u pour incorporer la mati\u00e8re organique et favoriser le d\u00e9veloppement d&#039;une flore microbiologique b\u00e9n\u00e9fique dans les sols tr\u00e8s compact\u00e9s.\" \/>\n<meta name=\"robots\" content=\"index, follow, max-snippet:-1, max-image-preview:large, max-video-preview:-1\" \/>\n<link rel=\"canonical\" href=\"https:\/\/saiga.es\/fr\/produit\/fems-de-caball\/\" \/>\n<meta property=\"og:locale\" content=\"fr_FR\" \/>\n<meta property=\"og:type\" content=\"article\" \/>\n<meta property=\"og:title\" content=\"Fems de caball | SAIGA\" \/>\n<meta property=\"og:description\" content=\"Vithal FUMIER DE CHEVAL R\u00e9g\u00e9n\u00e9ratif est un amendement biologique certifi\u00e9 sp\u00e9cialement con\u00e7u pour incorporer la mati\u00e8re organique et favoriser le d\u00e9veloppement d&#039;une flore microbiologique b\u00e9n\u00e9fique dans les sols tr\u00e8s compact\u00e9s.\" \/>\n<meta property=\"og:url\" content=\"https:\/\/saiga.es\/fr\/produit\/fems-de-caball\/\" \/>\n<meta property=\"og:site_name\" content=\"SAIGA\" \/>\n<meta property=\"og:image\" content=\"https:\/\/saiga.es\/wp-content\/uploads\/2025\/04\/Estiercol-de-caballo.jpg\" \/>\n\t<meta property=\"og:image:width\" content=\"1080\" \/>\n\t<meta property=\"og:image:height\" content=\"1080\" \/>\n\t<meta property=\"og:image:type\" content=\"image\/jpeg\" \/>\n<meta name=\"twitter:card\" content=\"summary_large_image\" \/>\n<meta name=\"twitter:site\" content=\"@saiga_agro\" \/>\n<meta name=\"twitter:label1\" content=\"Dur\u00e9e de lecture estim\u00e9e\" \/>\n\t<meta name=\"twitter:data1\" content=\"1 minute\" \/>\n<script type=\"application\/ld+json\" class=\"yoast-schema-graph\">{\"@context\":\"https:\\\/\\\/schema.org\",\"@graph\":[{\"@type\":\"WebPage\",\"@id\":\"https:\\\/\\\/saiga.es\\\/fr\\\/produit\\\/fems-de-caball\\\/\",\"url\":\"https:\\\/\\\/saiga.es\\\/fr\\\/produit\\\/fems-de-caball\\\/\",\"name\":\"Fems de caball | SAIGA\",\"isPartOf\":{\"@id\":\"https:\\\/\\\/saiga.es\\\/fr\\\/#website\"},\"primaryImageOfPage\":{\"@id\":\"https:\\\/\\\/saiga.es\\\/fr\\\/produit\\\/fems-de-caball\\\/#primaryimage\"},\"image\":{\"@id\":\"https:\\\/\\\/saiga.es\\\/fr\\\/produit\\\/fems-de-caball\\\/#primaryimage\"},\"thumbnailUrl\":\"https:\\\/\\\/saiga.es\\\/wp-content\\\/uploads\\\/2025\\\/04\\\/Estiercol-de-caballo.jpg\",\"datePublished\":\"2025-04-11T11:43:00+00:00\",\"description\":\"Vithal FUMIER DE CHEVAL R\u00e9g\u00e9n\u00e9ratif est un amendement biologique certifi\u00e9 sp\u00e9cialement con\u00e7u pour incorporer la mati\u00e8re organique et favoriser le d\u00e9veloppement d'une flore microbiologique b\u00e9n\u00e9fique dans les sols tr\u00e8s compact\u00e9s.\",\"breadcrumb\":{\"@id\":\"https:\\\/\\\/saiga.es\\\/fr\\\/produit\\\/fems-de-caball\\\/#breadcrumb\"},\"inLanguage\":\"fr-FR\",\"potentialAction\":[{\"@type\":\"ReadAction\",\"target\":[\"https:\\\/\\\/saiga.es\\\/fr\\\/produit\\\/fems-de-caball\\\/\"]}]},{\"@type\":\"ImageObject\",\"inLanguage\":\"fr-FR\",\"@id\":\"https:\\\/\\\/saiga.es\\\/fr\\\/produit\\\/fems-de-caball\\\/#primaryimage\",\"url\":\"https:\\\/\\\/saiga.es\\\/wp-content\\\/uploads\\\/2025\\\/04\\\/Estiercol-de-caballo.jpg\",\"contentUrl\":\"https:\\\/\\\/saiga.es\\\/wp-content\\\/uploads\\\/2025\\\/04\\\/Estiercol-de-caballo.jpg\",\"width\":1080,\"height\":1080,\"caption\":\"Esti\u00e9rcol de caballo\"},{\"@type\":\"BreadcrumbList\",\"@id\":\"https:\\\/\\\/saiga.es\\\/fr\\\/produit\\\/fems-de-caball\\\/#breadcrumb\",\"itemListElement\":[{\"@type\":\"ListItem\",\"position\":1,\"name\":\"Inici\",\"item\":\"https:\\\/\\\/saiga.es\\\/fr\\\/\"},{\"@type\":\"ListItem\",\"position\":2,\"name\":\"boutique\",\"item\":\"https:\\\/\\\/saiga.es\\\/fr\\\/boutique\\\/\"},{\"@type\":\"ListItem\",\"position\":3,\"name\":\"Fems de caball\"}]},{\"@type\":\"WebSite\",\"@id\":\"https:\\\/\\\/saiga.es\\\/fr\\\/#website\",\"url\":\"https:\\\/\\\/saiga.es\\\/fr\\\/\",\"name\":\"SAIGA\",\"description\":\"M\u00e9s de 50 anys al servei de la terra i treballant per a un \u00fas eficient de l\u2019aigua!\",\"publisher\":{\"@id\":\"https:\\\/\\\/saiga.es\\\/fr\\\/#organization\"},\"potentialAction\":[{\"@type\":\"SearchAction\",\"target\":{\"@type\":\"EntryPoint\",\"urlTemplate\":\"https:\\\/\\\/saiga.es\\\/fr\\\/?s={search_term_string}\"},\"query-input\":{\"@type\":\"PropertyValueSpecification\",\"valueRequired\":true,\"valueName\":\"search_term_string\"}}],\"inLanguage\":\"fr-FR\"},{\"@type\":\"Organization\",\"@id\":\"https:\\\/\\\/saiga.es\\\/fr\\\/#organization\",\"name\":\"SAIGA\",\"url\":\"https:\\\/\\\/saiga.es\\\/fr\\\/\",\"logo\":{\"@type\":\"ImageObject\",\"inLanguage\":\"fr-FR\",\"@id\":\"https:\\\/\\\/saiga.es\\\/fr\\\/#\\\/schema\\\/logo\\\/image\\\/\",\"url\":\"https:\\\/\\\/saiga.es\\\/wp-content\\\/uploads\\\/2025\\\/07\\\/logo_saiga_baseline_optimitzat.svg\",\"contentUrl\":\"https:\\\/\\\/saiga.es\\\/wp-content\\\/uploads\\\/2025\\\/07\\\/logo_saiga_baseline_optimitzat.svg\",\"caption\":\"SAIGA\"},\"image\":{\"@id\":\"https:\\\/\\\/saiga.es\\\/fr\\\/#\\\/schema\\\/logo\\\/image\\\/\"},\"sameAs\":[\"https:\\\/\\\/x.com\\\/saiga_agro\",\"https:\\\/\\\/www.instagram.com\\\/saiga_agro\\\/\"]}]}<\/script>\n<!-- \/ Yoast SEO plugin. -->","yoast_head_json":{"title":"Fems de caball | SAIGA","description":"Vithal FUMIER DE CHEVAL R\u00e9g\u00e9n\u00e9ratif est un amendement biologique certifi\u00e9 sp\u00e9cialement con\u00e7u pour incorporer la mati\u00e8re organique et favoriser le d\u00e9veloppement d'une flore microbiologique b\u00e9n\u00e9fique dans les sols tr\u00e8s compact\u00e9s.","robots":{"index":"index","follow":"follow","max-snippet":"max-snippet:-1","max-image-preview":"max-image-preview:large","max-video-preview":"max-video-preview:-1"},"canonical":"https:\/\/saiga.es\/fr\/produit\/fems-de-caball\/","og_locale":"fr_FR","og_type":"article","og_title":"Fems de caball | SAIGA","og_description":"Vithal FUMIER DE CHEVAL R\u00e9g\u00e9n\u00e9ratif est un amendement biologique certifi\u00e9 sp\u00e9cialement con\u00e7u pour incorporer la mati\u00e8re organique et favoriser le d\u00e9veloppement d'une flore microbiologique b\u00e9n\u00e9fique dans les sols tr\u00e8s compact\u00e9s.","og_url":"https:\/\/saiga.es\/fr\/produit\/fems-de-caball\/","og_site_name":"SAIGA","og_image":[{"width":1080,"height":1080,"url":"https:\/\/saiga.es\/wp-content\/uploads\/2025\/04\/Estiercol-de-caballo.jpg","type":"image\/jpeg"}],"twitter_card":"summary_large_image","twitter_site":"@saiga_agro","twitter_misc":{"Dur\u00e9e de lecture estim\u00e9e":"1 minute"},"schema":{"@context":"https:\/\/schema.org","@graph":[{"@type":"WebPage","@id":"https:\/\/saiga.es\/fr\/produit\/fems-de-caball\/","url":"https:\/\/saiga.es\/fr\/produit\/fems-de-caball\/","name":"Fems de caball | SAIGA","isPartOf":{"@id":"https:\/\/saiga.es\/fr\/#website"},"primaryImageOfPage":{"@id":"https:\/\/saiga.es\/fr\/produit\/fems-de-caball\/#primaryimage"},"image":{"@id":"https:\/\/saiga.es\/fr\/produit\/fems-de-caball\/#primaryimage"},"thumbnailUrl":"https:\/\/saiga.es\/wp-content\/uploads\/2025\/04\/Estiercol-de-caballo.jpg","datePublished":"2025-04-11T11:43:00+00:00","description":"Vithal FUMIER DE CHEVAL R\u00e9g\u00e9n\u00e9ratif est un amendement biologique certifi\u00e9 sp\u00e9cialement con\u00e7u pour incorporer la mati\u00e8re organique et favoriser le d\u00e9veloppement d'une flore microbiologique b\u00e9n\u00e9fique dans les sols tr\u00e8s compact\u00e9s.","breadcrumb":{"@id":"https:\/\/saiga.es\/fr\/produit\/fems-de-caball\/#breadcrumb"},"inLanguage":"fr-FR","potentialAction":[{"@type":"ReadAction","target":["https:\/\/saiga.es\/fr\/produit\/fems-de-caball\/"]}]},{"@type":"ImageObject","inLanguage":"fr-FR","@id":"https:\/\/saiga.es\/fr\/produit\/fems-de-caball\/#primaryimage","url":"https:\/\/saiga.es\/wp-content\/uploads\/2025\/04\/Estiercol-de-caballo.jpg","contentUrl":"https:\/\/saiga.es\/wp-content\/uploads\/2025\/04\/Estiercol-de-caballo.jpg","width":1080,"height":1080,"caption":"Esti\u00e9rcol de caballo"},{"@type":"BreadcrumbList","@id":"https:\/\/saiga.es\/fr\/produit\/fems-de-caball\/#breadcrumb","itemListElement":[{"@type":"ListItem","position":1,"name":"Inici","item":"https:\/\/saiga.es\/fr\/"},{"@type":"ListItem","position":2,"name":"boutique","item":"https:\/\/saiga.es\/fr\/boutique\/"},{"@type":"ListItem","position":3,"name":"Fems de caball"}]},{"@type":"WebSite","@id":"https:\/\/saiga.es\/fr\/#website","url":"https:\/\/saiga.es\/fr\/","name":"SAIGA","description":"M\u00e9s de 50 anys al servei de la terra i treballant per a un \u00fas eficient de l\u2019aigua!","publisher":{"@id":"https:\/\/saiga.es\/fr\/#organization"},"potentialAction":[{"@type":"SearchAction","target":{"@type":"EntryPoint","urlTemplate":"https:\/\/saiga.es\/fr\/?s={search_term_string}"},"query-input":{"@type":"PropertyValueSpecification","valueRequired":true,"valueName":"search_term_string"}}],"inLanguage":"fr-FR"},{"@type":"Organization","@id":"https:\/\/saiga.es\/fr\/#organization","name":"SAIGA","url":"https:\/\/saiga.es\/fr\/","logo":{"@type":"ImageObject","inLanguage":"fr-FR","@id":"https:\/\/saiga.es\/fr\/#\/schema\/logo\/image\/","url":"https:\/\/saiga.es\/wp-content\/uploads\/2025\/07\/logo_saiga_baseline_optimitzat.svg","contentUrl":"https:\/\/saiga.es\/wp-content\/uploads\/2025\/07\/logo_saiga_baseline_optimitzat.svg","caption":"SAIGA"},"image":{"@id":"https:\/\/saiga.es\/fr\/#\/schema\/logo\/image\/"},"sameAs":["https:\/\/x.com\/saiga_agro","https:\/\/www.instagram.com\/saiga_agro\/"]}]}},"_links":{"self":[{"href":"https:\/\/saiga.es\/fr\/wp-json\/wp\/v2\/product\/14579","targetHints":{"allow":["GET"]}}],"collection":[{"href":"https:\/\/saiga.es\/fr\/wp-json\/wp\/v2\/product"}],"about":[{"href":"https:\/\/saiga.es\/fr\/wp-json\/wp\/v2\/types\/product"}],"replies":[{"embeddable":true,"href":"https:\/\/saiga.es\/fr\/wp-json\/wp\/v2\/comments?post=14579"}],"wp:featuredmedia":[{"embeddable":true,"href":"https:\/\/saiga.es\/fr\/wp-json\/wp\/v2\/media\/14577"}],"wp:attachment":[{"href":"https:\/\/saiga.es\/fr\/wp-json\/wp\/v2\/media?parent=14579"}],"wp:term":[{"taxonomy":"product_brand","embeddable":true,"href":"https:\/\/saiga.es\/fr\/wp-json\/wp\/v2\/product_brand?post=14579"},{"taxonomy":"product_cat","embeddable":true,"href":"https:\/\/saiga.es\/fr\/wp-json\/wp\/v2\/product_cat?post=14579"},{"taxonomy":"product_tag","embeddable":true,"href":"https:\/\/saiga.es\/fr\/wp-json\/wp\/v2\/product_tag?post=14579"}],"curies":[{"name":"wp","href":"https:\/\/api.w.org\/{rel}","templated":true}]}}