{"id":14589,"date":"2025-04-15T11:44:56","date_gmt":"2025-04-15T11:44:56","guid":{"rendered":"https:\/\/botiga.saiga.es\/producte\/pate-cicatrisante-maitresse\/"},"modified":"2025-04-15T11:44:56","modified_gmt":"2025-04-15T11:44:56","slug":"pate-cicatrisante-maitresse","status":"publish","type":"product","link":"https:\/\/saiga.es\/fr\/produit\/pate-cicatrisante-maitresse\/","title":{"rendered":"P\u00e2te cicatrisante ma\u00eetresse"},"content":{"rendered":"<p>P\u00e2te cicatrisante indiqu\u00e9e pour la fixation des greffes et la cicatrisation et la protection des plaies subies par les arbres et arbustes ornementaux et fruitiers, apr\u00e8s la taille, ou caus\u00e9es par des actions m\u00e9caniques, des animaux ou des conditions climatiques d\u00e9favorables.<\/p>\n","protected":false},"excerpt":{"rendered":"<p>P\u00e2te cicatrisante indiqu\u00e9e pour fixer les greffes et cicatriser et prot\u00e9ger les plaies subies par les arbres lorsque cela est possible.<\/p>\n","protected":false},"featured_media":14587,"comment_status":"closed","ping_status":"closed","template":"","meta":[],"product_brand":[1841],"product_cat":[468],"product_tag":[2073,2072,548],"class_list":{"0":"post-14589","1":"product","2":"type-product","3":"status-publish","4":"has-post-thumbnail","6":"product_brand-sipcam","7":"product_cat-taille","8":"product_tag-greffes","9":"product_tag-guerison","10":"product_tag-taille-fr","12":"first","13":"instock","14":"taxable","15":"shipping-taxable","16":"purchasable","17":"product-type-simple"},"yoast_head":"<!-- This site is optimized with the Yoast SEO plugin v27.4 - https:\/\/yoast.com\/product\/yoast-seo-wordpress\/ -->\n<title>P\u00e2te cicatrisante ma\u00eetresse | SAIGA<\/title>\n<meta name=\"description\" content=\"P\u00e2te cicatrisante indiqu\u00e9e pour fixer les greffes et cicatriser et prot\u00e9ger les plaies subies par les arbres lorsque cela est possible.\" \/>\n<meta name=\"robots\" content=\"index, follow, max-snippet:-1, max-image-preview:large, max-video-preview:-1\" \/>\n<link rel=\"canonical\" href=\"https:\/\/saiga.es\/fr\/produit\/pate-cicatrisante-maitresse\/\" \/>\n<meta property=\"og:locale\" content=\"fr_FR\" \/>\n<meta property=\"og:type\" content=\"article\" \/>\n<meta property=\"og:title\" content=\"P\u00e2te cicatrisante ma\u00eetresse | SAIGA\" \/>\n<meta property=\"og:description\" content=\"P\u00e2te cicatrisante indiqu\u00e9e pour fixer les greffes et cicatriser et prot\u00e9ger les plaies subies par les arbres lorsque cela est possible.\" \/>\n<meta property=\"og:url\" content=\"https:\/\/saiga.es\/fr\/produit\/pate-cicatrisante-maitresse\/\" \/>\n<meta property=\"og:site_name\" content=\"SAIGA\" \/>\n<meta property=\"og:image\" content=\"https:\/\/saiga.es\/wp-content\/uploads\/2025\/04\/Master-pasta-cicatrizant.jpg\" \/>\n\t<meta property=\"og:image:width\" content=\"1080\" \/>\n\t<meta property=\"og:image:height\" content=\"1080\" \/>\n\t<meta property=\"og:image:type\" content=\"image\/jpeg\" \/>\n<meta name=\"twitter:card\" content=\"summary_large_image\" \/>\n<meta name=\"twitter:site\" content=\"@saiga_agro\" \/>\n<script type=\"application\/ld+json\" class=\"yoast-schema-graph\">{\"@context\":\"https:\\\/\\\/schema.org\",\"@graph\":[{\"@type\":\"WebPage\",\"@id\":\"https:\\\/\\\/saiga.es\\\/fr\\\/produit\\\/pate-cicatrisante-maitresse\\\/\",\"url\":\"https:\\\/\\\/saiga.es\\\/fr\\\/produit\\\/pate-cicatrisante-maitresse\\\/\",\"name\":\"P\u00e2te cicatrisante ma\u00eetresse | SAIGA\",\"isPartOf\":{\"@id\":\"https:\\\/\\\/saiga.es\\\/fr\\\/#website\"},\"primaryImageOfPage\":{\"@id\":\"https:\\\/\\\/saiga.es\\\/fr\\\/produit\\\/pate-cicatrisante-maitresse\\\/#primaryimage\"},\"image\":{\"@id\":\"https:\\\/\\\/saiga.es\\\/fr\\\/produit\\\/pate-cicatrisante-maitresse\\\/#primaryimage\"},\"thumbnailUrl\":\"https:\\\/\\\/saiga.es\\\/wp-content\\\/uploads\\\/2025\\\/04\\\/Master-pasta-cicatrizant.jpg\",\"datePublished\":\"2025-04-15T11:44:56+00:00\",\"description\":\"P\u00e2te cicatrisante indiqu\u00e9e pour fixer les greffes et cicatriser et prot\u00e9ger les plaies subies par les arbres lorsque cela est possible.\",\"breadcrumb\":{\"@id\":\"https:\\\/\\\/saiga.es\\\/fr\\\/produit\\\/pate-cicatrisante-maitresse\\\/#breadcrumb\"},\"inLanguage\":\"fr-FR\",\"potentialAction\":[{\"@type\":\"ReadAction\",\"target\":[\"https:\\\/\\\/saiga.es\\\/fr\\\/produit\\\/pate-cicatrisante-maitresse\\\/\"]}]},{\"@type\":\"ImageObject\",\"inLanguage\":\"fr-FR\",\"@id\":\"https:\\\/\\\/saiga.es\\\/fr\\\/produit\\\/pate-cicatrisante-maitresse\\\/#primaryimage\",\"url\":\"https:\\\/\\\/saiga.es\\\/wp-content\\\/uploads\\\/2025\\\/04\\\/Master-pasta-cicatrizant.jpg\",\"contentUrl\":\"https:\\\/\\\/saiga.es\\\/wp-content\\\/uploads\\\/2025\\\/04\\\/Master-pasta-cicatrizant.jpg\",\"width\":1080,\"height\":1080,\"caption\":\"Master pasta cicatritzant\"},{\"@type\":\"BreadcrumbList\",\"@id\":\"https:\\\/\\\/saiga.es\\\/fr\\\/produit\\\/pate-cicatrisante-maitresse\\\/#breadcrumb\",\"itemListElement\":[{\"@type\":\"ListItem\",\"position\":1,\"name\":\"Inici\",\"item\":\"https:\\\/\\\/saiga.es\\\/fr\\\/\"},{\"@type\":\"ListItem\",\"position\":2,\"name\":\"boutique\",\"item\":\"https:\\\/\\\/saiga.es\\\/fr\\\/boutique\\\/\"},{\"@type\":\"ListItem\",\"position\":3,\"name\":\"P\u00e2te cicatrisante ma\u00eetresse\"}]},{\"@type\":\"WebSite\",\"@id\":\"https:\\\/\\\/saiga.es\\\/fr\\\/#website\",\"url\":\"https:\\\/\\\/saiga.es\\\/fr\\\/\",\"name\":\"SAIGA\",\"description\":\"M\u00e9s de 50 anys al servei de la terra i treballant per a un \u00fas eficient de l\u2019aigua!\",\"publisher\":{\"@id\":\"https:\\\/\\\/saiga.es\\\/fr\\\/#organization\"},\"potentialAction\":[{\"@type\":\"SearchAction\",\"target\":{\"@type\":\"EntryPoint\",\"urlTemplate\":\"https:\\\/\\\/saiga.es\\\/fr\\\/?s={search_term_string}\"},\"query-input\":{\"@type\":\"PropertyValueSpecification\",\"valueRequired\":true,\"valueName\":\"search_term_string\"}}],\"inLanguage\":\"fr-FR\"},{\"@type\":\"Organization\",\"@id\":\"https:\\\/\\\/saiga.es\\\/fr\\\/#organization\",\"name\":\"SAIGA\",\"url\":\"https:\\\/\\\/saiga.es\\\/fr\\\/\",\"logo\":{\"@type\":\"ImageObject\",\"inLanguage\":\"fr-FR\",\"@id\":\"https:\\\/\\\/saiga.es\\\/fr\\\/#\\\/schema\\\/logo\\\/image\\\/\",\"url\":\"https:\\\/\\\/saiga.es\\\/wp-content\\\/uploads\\\/2025\\\/07\\\/logo_saiga_baseline_optimitzat.svg\",\"contentUrl\":\"https:\\\/\\\/saiga.es\\\/wp-content\\\/uploads\\\/2025\\\/07\\\/logo_saiga_baseline_optimitzat.svg\",\"caption\":\"SAIGA\"},\"image\":{\"@id\":\"https:\\\/\\\/saiga.es\\\/fr\\\/#\\\/schema\\\/logo\\\/image\\\/\"},\"sameAs\":[\"https:\\\/\\\/x.com\\\/saiga_agro\",\"https:\\\/\\\/www.instagram.com\\\/saiga_agro\\\/\"]}]}<\/script>\n<!-- \/ Yoast SEO plugin. -->","yoast_head_json":{"title":"P\u00e2te cicatrisante ma\u00eetresse | SAIGA","description":"P\u00e2te cicatrisante indiqu\u00e9e pour fixer les greffes et cicatriser et prot\u00e9ger les plaies subies par les arbres lorsque cela est possible.","robots":{"index":"index","follow":"follow","max-snippet":"max-snippet:-1","max-image-preview":"max-image-preview:large","max-video-preview":"max-video-preview:-1"},"canonical":"https:\/\/saiga.es\/fr\/produit\/pate-cicatrisante-maitresse\/","og_locale":"fr_FR","og_type":"article","og_title":"P\u00e2te cicatrisante ma\u00eetresse | SAIGA","og_description":"P\u00e2te cicatrisante indiqu\u00e9e pour fixer les greffes et cicatriser et prot\u00e9ger les plaies subies par les arbres lorsque cela est possible.","og_url":"https:\/\/saiga.es\/fr\/produit\/pate-cicatrisante-maitresse\/","og_site_name":"SAIGA","og_image":[{"width":1080,"height":1080,"url":"https:\/\/saiga.es\/wp-content\/uploads\/2025\/04\/Master-pasta-cicatrizant.jpg","type":"image\/jpeg"}],"twitter_card":"summary_large_image","twitter_site":"@saiga_agro","schema":{"@context":"https:\/\/schema.org","@graph":[{"@type":"WebPage","@id":"https:\/\/saiga.es\/fr\/produit\/pate-cicatrisante-maitresse\/","url":"https:\/\/saiga.es\/fr\/produit\/pate-cicatrisante-maitresse\/","name":"P\u00e2te cicatrisante ma\u00eetresse | SAIGA","isPartOf":{"@id":"https:\/\/saiga.es\/fr\/#website"},"primaryImageOfPage":{"@id":"https:\/\/saiga.es\/fr\/produit\/pate-cicatrisante-maitresse\/#primaryimage"},"image":{"@id":"https:\/\/saiga.es\/fr\/produit\/pate-cicatrisante-maitresse\/#primaryimage"},"thumbnailUrl":"https:\/\/saiga.es\/wp-content\/uploads\/2025\/04\/Master-pasta-cicatrizant.jpg","datePublished":"2025-04-15T11:44:56+00:00","description":"P\u00e2te cicatrisante indiqu\u00e9e pour fixer les greffes et cicatriser et prot\u00e9ger les plaies subies par les arbres lorsque cela est possible.","breadcrumb":{"@id":"https:\/\/saiga.es\/fr\/produit\/pate-cicatrisante-maitresse\/#breadcrumb"},"inLanguage":"fr-FR","potentialAction":[{"@type":"ReadAction","target":["https:\/\/saiga.es\/fr\/produit\/pate-cicatrisante-maitresse\/"]}]},{"@type":"ImageObject","inLanguage":"fr-FR","@id":"https:\/\/saiga.es\/fr\/produit\/pate-cicatrisante-maitresse\/#primaryimage","url":"https:\/\/saiga.es\/wp-content\/uploads\/2025\/04\/Master-pasta-cicatrizant.jpg","contentUrl":"https:\/\/saiga.es\/wp-content\/uploads\/2025\/04\/Master-pasta-cicatrizant.jpg","width":1080,"height":1080,"caption":"Master pasta cicatritzant"},{"@type":"BreadcrumbList","@id":"https:\/\/saiga.es\/fr\/produit\/pate-cicatrisante-maitresse\/#breadcrumb","itemListElement":[{"@type":"ListItem","position":1,"name":"Inici","item":"https:\/\/saiga.es\/fr\/"},{"@type":"ListItem","position":2,"name":"boutique","item":"https:\/\/saiga.es\/fr\/boutique\/"},{"@type":"ListItem","position":3,"name":"P\u00e2te cicatrisante ma\u00eetresse"}]},{"@type":"WebSite","@id":"https:\/\/saiga.es\/fr\/#website","url":"https:\/\/saiga.es\/fr\/","name":"SAIGA","description":"M\u00e9s de 50 anys al servei de la terra i treballant per a un \u00fas eficient de l\u2019aigua!","publisher":{"@id":"https:\/\/saiga.es\/fr\/#organization"},"potentialAction":[{"@type":"SearchAction","target":{"@type":"EntryPoint","urlTemplate":"https:\/\/saiga.es\/fr\/?s={search_term_string}"},"query-input":{"@type":"PropertyValueSpecification","valueRequired":true,"valueName":"search_term_string"}}],"inLanguage":"fr-FR"},{"@type":"Organization","@id":"https:\/\/saiga.es\/fr\/#organization","name":"SAIGA","url":"https:\/\/saiga.es\/fr\/","logo":{"@type":"ImageObject","inLanguage":"fr-FR","@id":"https:\/\/saiga.es\/fr\/#\/schema\/logo\/image\/","url":"https:\/\/saiga.es\/wp-content\/uploads\/2025\/07\/logo_saiga_baseline_optimitzat.svg","contentUrl":"https:\/\/saiga.es\/wp-content\/uploads\/2025\/07\/logo_saiga_baseline_optimitzat.svg","caption":"SAIGA"},"image":{"@id":"https:\/\/saiga.es\/fr\/#\/schema\/logo\/image\/"},"sameAs":["https:\/\/x.com\/saiga_agro","https:\/\/www.instagram.com\/saiga_agro\/"]}]}},"_links":{"self":[{"href":"https:\/\/saiga.es\/fr\/wp-json\/wp\/v2\/product\/14589","targetHints":{"allow":["GET"]}}],"collection":[{"href":"https:\/\/saiga.es\/fr\/wp-json\/wp\/v2\/product"}],"about":[{"href":"https:\/\/saiga.es\/fr\/wp-json\/wp\/v2\/types\/product"}],"replies":[{"embeddable":true,"href":"https:\/\/saiga.es\/fr\/wp-json\/wp\/v2\/comments?post=14589"}],"wp:featuredmedia":[{"embeddable":true,"href":"https:\/\/saiga.es\/fr\/wp-json\/wp\/v2\/media\/14587"}],"wp:attachment":[{"href":"https:\/\/saiga.es\/fr\/wp-json\/wp\/v2\/media?parent=14589"}],"wp:term":[{"taxonomy":"product_brand","embeddable":true,"href":"https:\/\/saiga.es\/fr\/wp-json\/wp\/v2\/product_brand?post=14589"},{"taxonomy":"product_cat","embeddable":true,"href":"https:\/\/saiga.es\/fr\/wp-json\/wp\/v2\/product_cat?post=14589"},{"taxonomy":"product_tag","embeddable":true,"href":"https:\/\/saiga.es\/fr\/wp-json\/wp\/v2\/product_tag?post=14589"}],"curies":[{"name":"wp","href":"https:\/\/api.w.org\/{rel}","templated":true}]}}