{"id":14596,"date":"2025-04-15T12:50:51","date_gmt":"2025-04-15T12:50:51","guid":{"rendered":"https:\/\/botiga.saiga.es\/producte\/queue-de-cheval\/"},"modified":"2025-10-27T07:54:14","modified_gmt":"2025-10-27T07:54:14","slug":"queue-de-cheval","status":"publish","type":"product","link":"https:\/\/saiga.es\/fr\/produit\/queue-de-cheval\/","title":{"rendered":"Queue de cheval"},"content":{"rendered":"<p>Produit naturel \u00e0 base d&rsquo;extrait d&rsquo;Equisetum arvense L. autoris\u00e9 comme substance de base pour le contr\u00f4le d&rsquo;un large \u00e9ventail de maladies fongiques (o\u00efdium, botrytis, mildiou, alternaria entre autres). Il a \u00e9galement un effet stimulant sur les m\u00e9canismes de d\u00e9fense de la plante, am\u00e9liorant la r\u00e9ponse de la culture aux attaques fongiques. Il permet un plus grand \u00e9paississement des parois cellulaires, offrant une plus grande r\u00e9sistance m\u00e9canique \u00e0 l&rsquo;entr\u00e9e des champignons. Il a \u00e9galement un effet dess\u00e9chant sur la surface de la culture, \u00e9vitant l&rsquo;exc\u00e8s d&rsquo;humidit\u00e9 et d\u00e9shydratant les spores et le myc\u00e9lium du champignon.   <\/p>\n","protected":false},"excerpt":{"rendered":"<p>Produit naturel \u00e0 base d&rsquo;extrait d&rsquo;Equisetum arvense L. autoris\u00e9 comme substance de base pour le contr\u00f4le d&rsquo;un large \u00e9ventail de maladies fongiques (o\u00efdium, botrytis, mildiou, alternaria entre autres).<\/p>\n","protected":false},"featured_media":14594,"comment_status":"closed","ping_status":"closed","template":"","meta":[],"product_brand":[2233],"product_cat":[444,1551],"product_tag":[2080,1361,2079],"class_list":{"0":"post-14596","1":"product","2":"type-product","3":"status-publish","4":"has-post-thumbnail","6":"product_brand-seipasa-fr","7":"product_cat-fongicides","8":"product_cat-produits-naturels","9":"product_tag-agriculture-biologique","10":"product_tag-ecologique","11":"product_tag-queue-de-cheval","13":"first","14":"instock","15":"taxable","16":"shipping-taxable","17":"purchasable","18":"product-type-simple"},"yoast_head":"<!-- This site is optimized with the Yoast SEO plugin v27.3 - https:\/\/yoast.com\/product\/yoast-seo-wordpress\/ -->\n<title>Queue de cheval | SAIGA<\/title>\n<meta name=\"description\" content=\"Produit naturel \u00e0 base d&#039;extrait d&#039;Equisetum arvense L. autoris\u00e9 comme substance de base pour le contr\u00f4le d&#039;un large \u00e9ventail de maladies fongiques (o\u00efdium, botrytis, mildiou, alternaria entre autres).\" \/>\n<meta name=\"robots\" content=\"index, follow, max-snippet:-1, max-image-preview:large, max-video-preview:-1\" \/>\n<link rel=\"canonical\" href=\"https:\/\/saiga.es\/fr\/produit\/queue-de-cheval\/\" \/>\n<meta property=\"og:locale\" content=\"fr_FR\" \/>\n<meta property=\"og:type\" content=\"article\" \/>\n<meta property=\"og:title\" content=\"Queue de cheval | SAIGA\" \/>\n<meta property=\"og:description\" content=\"Produit naturel \u00e0 base d&#039;extrait d&#039;Equisetum arvense L. autoris\u00e9 comme substance de base pour le contr\u00f4le d&#039;un large \u00e9ventail de maladies fongiques (o\u00efdium, botrytis, mildiou, alternaria entre autres).\" \/>\n<meta property=\"og:url\" content=\"https:\/\/saiga.es\/fr\/produit\/queue-de-cheval\/\" \/>\n<meta property=\"og:site_name\" content=\"SAIGA\" \/>\n<meta property=\"article:modified_time\" content=\"2025-10-27T07:54:14+00:00\" \/>\n<meta property=\"og:image\" content=\"https:\/\/saiga.es\/wp-content\/uploads\/2025\/04\/Cua-de-cavall.jpg\" \/>\n\t<meta property=\"og:image:width\" content=\"1080\" \/>\n\t<meta property=\"og:image:height\" content=\"1080\" \/>\n\t<meta property=\"og:image:type\" content=\"image\/jpeg\" \/>\n<meta name=\"twitter:card\" content=\"summary_large_image\" \/>\n<meta name=\"twitter:site\" content=\"@saiga_agro\" \/>\n<meta name=\"twitter:label1\" content=\"Dur\u00e9e de lecture estim\u00e9e\" \/>\n\t<meta name=\"twitter:data1\" content=\"1 minute\" \/>\n<script type=\"application\/ld+json\" class=\"yoast-schema-graph\">{\"@context\":\"https:\\\/\\\/schema.org\",\"@graph\":[{\"@type\":\"WebPage\",\"@id\":\"https:\\\/\\\/saiga.es\\\/fr\\\/produit\\\/queue-de-cheval\\\/\",\"url\":\"https:\\\/\\\/saiga.es\\\/fr\\\/produit\\\/queue-de-cheval\\\/\",\"name\":\"Queue de cheval | SAIGA\",\"isPartOf\":{\"@id\":\"https:\\\/\\\/saiga.es\\\/fr\\\/#website\"},\"primaryImageOfPage\":{\"@id\":\"https:\\\/\\\/saiga.es\\\/fr\\\/produit\\\/queue-de-cheval\\\/#primaryimage\"},\"image\":{\"@id\":\"https:\\\/\\\/saiga.es\\\/fr\\\/produit\\\/queue-de-cheval\\\/#primaryimage\"},\"thumbnailUrl\":\"https:\\\/\\\/saiga.es\\\/wp-content\\\/uploads\\\/2025\\\/04\\\/Cua-de-cavall.jpg\",\"datePublished\":\"2025-04-15T12:50:51+00:00\",\"dateModified\":\"2025-10-27T07:54:14+00:00\",\"description\":\"Produit naturel \u00e0 base d'extrait d'Equisetum arvense L. autoris\u00e9 comme substance de base pour le contr\u00f4le d'un large \u00e9ventail de maladies fongiques (o\u00efdium, botrytis, mildiou, alternaria entre autres).\",\"breadcrumb\":{\"@id\":\"https:\\\/\\\/saiga.es\\\/fr\\\/produit\\\/queue-de-cheval\\\/#breadcrumb\"},\"inLanguage\":\"fr-FR\",\"potentialAction\":[{\"@type\":\"ReadAction\",\"target\":[\"https:\\\/\\\/saiga.es\\\/fr\\\/produit\\\/queue-de-cheval\\\/\"]}]},{\"@type\":\"ImageObject\",\"inLanguage\":\"fr-FR\",\"@id\":\"https:\\\/\\\/saiga.es\\\/fr\\\/produit\\\/queue-de-cheval\\\/#primaryimage\",\"url\":\"https:\\\/\\\/saiga.es\\\/wp-content\\\/uploads\\\/2025\\\/04\\\/Cua-de-cavall.jpg\",\"contentUrl\":\"https:\\\/\\\/saiga.es\\\/wp-content\\\/uploads\\\/2025\\\/04\\\/Cua-de-cavall.jpg\",\"width\":1080,\"height\":1080,\"caption\":\"Cua de cavall\"},{\"@type\":\"BreadcrumbList\",\"@id\":\"https:\\\/\\\/saiga.es\\\/fr\\\/produit\\\/queue-de-cheval\\\/#breadcrumb\",\"itemListElement\":[{\"@type\":\"ListItem\",\"position\":1,\"name\":\"Inici\",\"item\":\"https:\\\/\\\/saiga.es\\\/fr\\\/\"},{\"@type\":\"ListItem\",\"position\":2,\"name\":\"boutique\",\"item\":\"https:\\\/\\\/saiga.es\\\/fr\\\/boutique\\\/\"},{\"@type\":\"ListItem\",\"position\":3,\"name\":\"Queue de cheval\"}]},{\"@type\":\"WebSite\",\"@id\":\"https:\\\/\\\/saiga.es\\\/fr\\\/#website\",\"url\":\"https:\\\/\\\/saiga.es\\\/fr\\\/\",\"name\":\"SAIGA\",\"description\":\"M\u00e9s de 50 anys al servei de la terra i treballant per a un \u00fas eficient de l\u2019aigua!\",\"publisher\":{\"@id\":\"https:\\\/\\\/saiga.es\\\/fr\\\/#organization\"},\"potentialAction\":[{\"@type\":\"SearchAction\",\"target\":{\"@type\":\"EntryPoint\",\"urlTemplate\":\"https:\\\/\\\/saiga.es\\\/fr\\\/?s={search_term_string}\"},\"query-input\":{\"@type\":\"PropertyValueSpecification\",\"valueRequired\":true,\"valueName\":\"search_term_string\"}}],\"inLanguage\":\"fr-FR\"},{\"@type\":\"Organization\",\"@id\":\"https:\\\/\\\/saiga.es\\\/fr\\\/#organization\",\"name\":\"SAIGA\",\"url\":\"https:\\\/\\\/saiga.es\\\/fr\\\/\",\"logo\":{\"@type\":\"ImageObject\",\"inLanguage\":\"fr-FR\",\"@id\":\"https:\\\/\\\/saiga.es\\\/fr\\\/#\\\/schema\\\/logo\\\/image\\\/\",\"url\":\"https:\\\/\\\/saiga.es\\\/wp-content\\\/uploads\\\/2025\\\/07\\\/logo_saiga_baseline_optimitzat.svg\",\"contentUrl\":\"https:\\\/\\\/saiga.es\\\/wp-content\\\/uploads\\\/2025\\\/07\\\/logo_saiga_baseline_optimitzat.svg\",\"caption\":\"SAIGA\"},\"image\":{\"@id\":\"https:\\\/\\\/saiga.es\\\/fr\\\/#\\\/schema\\\/logo\\\/image\\\/\"},\"sameAs\":[\"https:\\\/\\\/x.com\\\/saiga_agro\",\"https:\\\/\\\/www.instagram.com\\\/saiga_agro\\\/\"]}]}<\/script>\n<!-- \/ Yoast SEO plugin. -->","yoast_head_json":{"title":"Queue de cheval | SAIGA","description":"Produit naturel \u00e0 base d'extrait d'Equisetum arvense L. autoris\u00e9 comme substance de base pour le contr\u00f4le d'un large \u00e9ventail de maladies fongiques (o\u00efdium, botrytis, mildiou, alternaria entre autres).","robots":{"index":"index","follow":"follow","max-snippet":"max-snippet:-1","max-image-preview":"max-image-preview:large","max-video-preview":"max-video-preview:-1"},"canonical":"https:\/\/saiga.es\/fr\/produit\/queue-de-cheval\/","og_locale":"fr_FR","og_type":"article","og_title":"Queue de cheval | SAIGA","og_description":"Produit naturel \u00e0 base d'extrait d'Equisetum arvense L. autoris\u00e9 comme substance de base pour le contr\u00f4le d'un large \u00e9ventail de maladies fongiques (o\u00efdium, botrytis, mildiou, alternaria entre autres).","og_url":"https:\/\/saiga.es\/fr\/produit\/queue-de-cheval\/","og_site_name":"SAIGA","article_modified_time":"2025-10-27T07:54:14+00:00","og_image":[{"width":1080,"height":1080,"url":"https:\/\/saiga.es\/wp-content\/uploads\/2025\/04\/Cua-de-cavall.jpg","type":"image\/jpeg"}],"twitter_card":"summary_large_image","twitter_site":"@saiga_agro","twitter_misc":{"Dur\u00e9e de lecture estim\u00e9e":"1 minute"},"schema":{"@context":"https:\/\/schema.org","@graph":[{"@type":"WebPage","@id":"https:\/\/saiga.es\/fr\/produit\/queue-de-cheval\/","url":"https:\/\/saiga.es\/fr\/produit\/queue-de-cheval\/","name":"Queue de cheval | SAIGA","isPartOf":{"@id":"https:\/\/saiga.es\/fr\/#website"},"primaryImageOfPage":{"@id":"https:\/\/saiga.es\/fr\/produit\/queue-de-cheval\/#primaryimage"},"image":{"@id":"https:\/\/saiga.es\/fr\/produit\/queue-de-cheval\/#primaryimage"},"thumbnailUrl":"https:\/\/saiga.es\/wp-content\/uploads\/2025\/04\/Cua-de-cavall.jpg","datePublished":"2025-04-15T12:50:51+00:00","dateModified":"2025-10-27T07:54:14+00:00","description":"Produit naturel \u00e0 base d'extrait d'Equisetum arvense L. autoris\u00e9 comme substance de base pour le contr\u00f4le d'un large \u00e9ventail de maladies fongiques (o\u00efdium, botrytis, mildiou, alternaria entre autres).","breadcrumb":{"@id":"https:\/\/saiga.es\/fr\/produit\/queue-de-cheval\/#breadcrumb"},"inLanguage":"fr-FR","potentialAction":[{"@type":"ReadAction","target":["https:\/\/saiga.es\/fr\/produit\/queue-de-cheval\/"]}]},{"@type":"ImageObject","inLanguage":"fr-FR","@id":"https:\/\/saiga.es\/fr\/produit\/queue-de-cheval\/#primaryimage","url":"https:\/\/saiga.es\/wp-content\/uploads\/2025\/04\/Cua-de-cavall.jpg","contentUrl":"https:\/\/saiga.es\/wp-content\/uploads\/2025\/04\/Cua-de-cavall.jpg","width":1080,"height":1080,"caption":"Cua de cavall"},{"@type":"BreadcrumbList","@id":"https:\/\/saiga.es\/fr\/produit\/queue-de-cheval\/#breadcrumb","itemListElement":[{"@type":"ListItem","position":1,"name":"Inici","item":"https:\/\/saiga.es\/fr\/"},{"@type":"ListItem","position":2,"name":"boutique","item":"https:\/\/saiga.es\/fr\/boutique\/"},{"@type":"ListItem","position":3,"name":"Queue de cheval"}]},{"@type":"WebSite","@id":"https:\/\/saiga.es\/fr\/#website","url":"https:\/\/saiga.es\/fr\/","name":"SAIGA","description":"M\u00e9s de 50 anys al servei de la terra i treballant per a un \u00fas eficient de l\u2019aigua!","publisher":{"@id":"https:\/\/saiga.es\/fr\/#organization"},"potentialAction":[{"@type":"SearchAction","target":{"@type":"EntryPoint","urlTemplate":"https:\/\/saiga.es\/fr\/?s={search_term_string}"},"query-input":{"@type":"PropertyValueSpecification","valueRequired":true,"valueName":"search_term_string"}}],"inLanguage":"fr-FR"},{"@type":"Organization","@id":"https:\/\/saiga.es\/fr\/#organization","name":"SAIGA","url":"https:\/\/saiga.es\/fr\/","logo":{"@type":"ImageObject","inLanguage":"fr-FR","@id":"https:\/\/saiga.es\/fr\/#\/schema\/logo\/image\/","url":"https:\/\/saiga.es\/wp-content\/uploads\/2025\/07\/logo_saiga_baseline_optimitzat.svg","contentUrl":"https:\/\/saiga.es\/wp-content\/uploads\/2025\/07\/logo_saiga_baseline_optimitzat.svg","caption":"SAIGA"},"image":{"@id":"https:\/\/saiga.es\/fr\/#\/schema\/logo\/image\/"},"sameAs":["https:\/\/x.com\/saiga_agro","https:\/\/www.instagram.com\/saiga_agro\/"]}]}},"_links":{"self":[{"href":"https:\/\/saiga.es\/fr\/wp-json\/wp\/v2\/product\/14596","targetHints":{"allow":["GET"]}}],"collection":[{"href":"https:\/\/saiga.es\/fr\/wp-json\/wp\/v2\/product"}],"about":[{"href":"https:\/\/saiga.es\/fr\/wp-json\/wp\/v2\/types\/product"}],"replies":[{"embeddable":true,"href":"https:\/\/saiga.es\/fr\/wp-json\/wp\/v2\/comments?post=14596"}],"wp:featuredmedia":[{"embeddable":true,"href":"https:\/\/saiga.es\/fr\/wp-json\/wp\/v2\/media\/14594"}],"wp:attachment":[{"href":"https:\/\/saiga.es\/fr\/wp-json\/wp\/v2\/media?parent=14596"}],"wp:term":[{"taxonomy":"product_brand","embeddable":true,"href":"https:\/\/saiga.es\/fr\/wp-json\/wp\/v2\/product_brand?post=14596"},{"taxonomy":"product_cat","embeddable":true,"href":"https:\/\/saiga.es\/fr\/wp-json\/wp\/v2\/product_cat?post=14596"},{"taxonomy":"product_tag","embeddable":true,"href":"https:\/\/saiga.es\/fr\/wp-json\/wp\/v2\/product_tag?post=14596"}],"curies":[{"name":"wp","href":"https:\/\/api.w.org\/{rel}","templated":true}]}}