{"id":14602,"date":"2025-04-15T13:40:01","date_gmt":"2025-04-15T13:40:01","guid":{"rendered":"https:\/\/botiga.saiga.es\/producte\/engrais-liquide-de-floraison\/"},"modified":"2025-12-11T09:37:55","modified_gmt":"2025-12-11T09:37:55","slug":"engrais-liquide-de-floraison","status":"publish","type":"product","link":"https:\/\/saiga.es\/fr\/produit\/engrais-liquide-de-floraison\/","title":{"rendered":"Engrais liquide de floraison"},"content":{"rendered":"<p>Engrais enrichi en acides amin\u00e9s naturels et en extrait d&rsquo;algues qui stimule la floraison et l&rsquo;activit\u00e9 photosynth\u00e9tique de toutes sortes de plantes m\u00e9dicinales, aromatiques, ornementales et potag\u00e8res. Sa composition rehausse la couleur, renforce l&rsquo;odeur et la saveur, am\u00e9liorant la qualit\u00e9 des fruits et des graines. Augmente la r\u00e9sistance de la plante aux situations de stress.  <\/p>\n","protected":false},"excerpt":{"rendered":"<p>Engrais enrichi en acides amin\u00e9s naturels et en extrait d&rsquo;algues qui stimule la floraison et l&rsquo;activit\u00e9 photosynth\u00e9tique de toutes sortes de plantes m\u00e9dicinales, aromatiques, ornementales et potag\u00e8res.<\/p>\n","protected":false},"featured_media":14600,"comment_status":"closed","ping_status":"closed","template":"","meta":[],"product_brand":[2206],"product_cat":[1898],"product_tag":[895,1994,2084],"class_list":{"0":"post-14602","1":"product","2":"type-product","3":"status-publish","4":"has-post-thumbnail","6":"product_brand-fertiberia-fr","7":"product_cat-plantes-ornementales","8":"product_tag-abono","9":"product_tag-engrais-liquide","10":"product_tag-floraison","12":"first","13":"instock","14":"taxable","15":"shipping-taxable","16":"purchasable","17":"product-type-simple"},"yoast_head":"<!-- This site is optimized with the Yoast SEO plugin v27.4 - https:\/\/yoast.com\/product\/yoast-seo-wordpress\/ -->\n<title>Engrais liquide de floraison | SAIGA<\/title>\n<meta name=\"description\" content=\"Engrais enrichi en acides amin\u00e9s naturels et en extrait d&#039;algues qui stimule la floraison et l&#039;activit\u00e9 photosynth\u00e9tique de toutes sortes de plantes m\u00e9dicinales, aromatiques, ornementales et potag\u00e8res.\" \/>\n<meta name=\"robots\" content=\"index, follow, max-snippet:-1, max-image-preview:large, max-video-preview:-1\" \/>\n<link rel=\"canonical\" href=\"https:\/\/saiga.es\/fr\/produit\/engrais-liquide-de-floraison\/\" \/>\n<meta property=\"og:locale\" content=\"fr_FR\" \/>\n<meta property=\"og:type\" content=\"article\" \/>\n<meta property=\"og:title\" content=\"Engrais liquide de floraison | SAIGA\" \/>\n<meta property=\"og:description\" content=\"Engrais enrichi en acides amin\u00e9s naturels et en extrait d&#039;algues qui stimule la floraison et l&#039;activit\u00e9 photosynth\u00e9tique de toutes sortes de plantes m\u00e9dicinales, aromatiques, ornementales et potag\u00e8res.\" \/>\n<meta property=\"og:url\" content=\"https:\/\/saiga.es\/fr\/produit\/engrais-liquide-de-floraison\/\" \/>\n<meta property=\"og:site_name\" content=\"SAIGA\" \/>\n<meta property=\"article:modified_time\" content=\"2025-12-11T09:37:55+00:00\" \/>\n<meta property=\"og:image\" content=\"https:\/\/saiga.es\/wp-content\/uploads\/2025\/04\/Abono-liquido-floracion.jpg\" \/>\n\t<meta property=\"og:image:width\" content=\"1080\" \/>\n\t<meta property=\"og:image:height\" content=\"1080\" \/>\n\t<meta property=\"og:image:type\" content=\"image\/jpeg\" \/>\n<meta name=\"twitter:card\" content=\"summary_large_image\" \/>\n<meta name=\"twitter:site\" content=\"@saiga_agro\" \/>\n<script type=\"application\/ld+json\" class=\"yoast-schema-graph\">{\"@context\":\"https:\\\/\\\/schema.org\",\"@graph\":[{\"@type\":\"WebPage\",\"@id\":\"https:\\\/\\\/saiga.es\\\/fr\\\/produit\\\/engrais-liquide-de-floraison\\\/\",\"url\":\"https:\\\/\\\/saiga.es\\\/fr\\\/produit\\\/engrais-liquide-de-floraison\\\/\",\"name\":\"Engrais liquide de floraison | SAIGA\",\"isPartOf\":{\"@id\":\"https:\\\/\\\/saiga.es\\\/fr\\\/#website\"},\"primaryImageOfPage\":{\"@id\":\"https:\\\/\\\/saiga.es\\\/fr\\\/produit\\\/engrais-liquide-de-floraison\\\/#primaryimage\"},\"image\":{\"@id\":\"https:\\\/\\\/saiga.es\\\/fr\\\/produit\\\/engrais-liquide-de-floraison\\\/#primaryimage\"},\"thumbnailUrl\":\"https:\\\/\\\/saiga.es\\\/wp-content\\\/uploads\\\/2025\\\/04\\\/Abono-liquido-floracion.jpg\",\"datePublished\":\"2025-04-15T13:40:01+00:00\",\"dateModified\":\"2025-12-11T09:37:55+00:00\",\"description\":\"Engrais enrichi en acides amin\u00e9s naturels et en extrait d'algues qui stimule la floraison et l'activit\u00e9 photosynth\u00e9tique de toutes sortes de plantes m\u00e9dicinales, aromatiques, ornementales et potag\u00e8res.\",\"breadcrumb\":{\"@id\":\"https:\\\/\\\/saiga.es\\\/fr\\\/produit\\\/engrais-liquide-de-floraison\\\/#breadcrumb\"},\"inLanguage\":\"fr-FR\",\"potentialAction\":[{\"@type\":\"ReadAction\",\"target\":[\"https:\\\/\\\/saiga.es\\\/fr\\\/produit\\\/engrais-liquide-de-floraison\\\/\"]}]},{\"@type\":\"ImageObject\",\"inLanguage\":\"fr-FR\",\"@id\":\"https:\\\/\\\/saiga.es\\\/fr\\\/produit\\\/engrais-liquide-de-floraison\\\/#primaryimage\",\"url\":\"https:\\\/\\\/saiga.es\\\/wp-content\\\/uploads\\\/2025\\\/04\\\/Abono-liquido-floracion.jpg\",\"contentUrl\":\"https:\\\/\\\/saiga.es\\\/wp-content\\\/uploads\\\/2025\\\/04\\\/Abono-liquido-floracion.jpg\",\"width\":1080,\"height\":1080,\"caption\":\"Engrais liquide pour floraison\"},{\"@type\":\"BreadcrumbList\",\"@id\":\"https:\\\/\\\/saiga.es\\\/fr\\\/produit\\\/engrais-liquide-de-floraison\\\/#breadcrumb\",\"itemListElement\":[{\"@type\":\"ListItem\",\"position\":1,\"name\":\"Inici\",\"item\":\"https:\\\/\\\/saiga.es\\\/fr\\\/\"},{\"@type\":\"ListItem\",\"position\":2,\"name\":\"boutique\",\"item\":\"https:\\\/\\\/saiga.es\\\/fr\\\/boutique\\\/\"},{\"@type\":\"ListItem\",\"position\":3,\"name\":\"Engrais liquide de floraison\"}]},{\"@type\":\"WebSite\",\"@id\":\"https:\\\/\\\/saiga.es\\\/fr\\\/#website\",\"url\":\"https:\\\/\\\/saiga.es\\\/fr\\\/\",\"name\":\"SAIGA\",\"description\":\"M\u00e9s de 50 anys al servei de la terra i treballant per a un \u00fas eficient de l\u2019aigua!\",\"publisher\":{\"@id\":\"https:\\\/\\\/saiga.es\\\/fr\\\/#organization\"},\"potentialAction\":[{\"@type\":\"SearchAction\",\"target\":{\"@type\":\"EntryPoint\",\"urlTemplate\":\"https:\\\/\\\/saiga.es\\\/fr\\\/?s={search_term_string}\"},\"query-input\":{\"@type\":\"PropertyValueSpecification\",\"valueRequired\":true,\"valueName\":\"search_term_string\"}}],\"inLanguage\":\"fr-FR\"},{\"@type\":\"Organization\",\"@id\":\"https:\\\/\\\/saiga.es\\\/fr\\\/#organization\",\"name\":\"SAIGA\",\"url\":\"https:\\\/\\\/saiga.es\\\/fr\\\/\",\"logo\":{\"@type\":\"ImageObject\",\"inLanguage\":\"fr-FR\",\"@id\":\"https:\\\/\\\/saiga.es\\\/fr\\\/#\\\/schema\\\/logo\\\/image\\\/\",\"url\":\"https:\\\/\\\/saiga.es\\\/wp-content\\\/uploads\\\/2025\\\/07\\\/logo_saiga_baseline_optimitzat.svg\",\"contentUrl\":\"https:\\\/\\\/saiga.es\\\/wp-content\\\/uploads\\\/2025\\\/07\\\/logo_saiga_baseline_optimitzat.svg\",\"caption\":\"SAIGA\"},\"image\":{\"@id\":\"https:\\\/\\\/saiga.es\\\/fr\\\/#\\\/schema\\\/logo\\\/image\\\/\"},\"sameAs\":[\"https:\\\/\\\/x.com\\\/saiga_agro\",\"https:\\\/\\\/www.instagram.com\\\/saiga_agro\\\/\"]}]}<\/script>\n<!-- \/ Yoast SEO plugin. -->","yoast_head_json":{"title":"Engrais liquide de floraison | SAIGA","description":"Engrais enrichi en acides amin\u00e9s naturels et en extrait d'algues qui stimule la floraison et l'activit\u00e9 photosynth\u00e9tique de toutes sortes de plantes m\u00e9dicinales, aromatiques, ornementales et potag\u00e8res.","robots":{"index":"index","follow":"follow","max-snippet":"max-snippet:-1","max-image-preview":"max-image-preview:large","max-video-preview":"max-video-preview:-1"},"canonical":"https:\/\/saiga.es\/fr\/produit\/engrais-liquide-de-floraison\/","og_locale":"fr_FR","og_type":"article","og_title":"Engrais liquide de floraison | SAIGA","og_description":"Engrais enrichi en acides amin\u00e9s naturels et en extrait d'algues qui stimule la floraison et l'activit\u00e9 photosynth\u00e9tique de toutes sortes de plantes m\u00e9dicinales, aromatiques, ornementales et potag\u00e8res.","og_url":"https:\/\/saiga.es\/fr\/produit\/engrais-liquide-de-floraison\/","og_site_name":"SAIGA","article_modified_time":"2025-12-11T09:37:55+00:00","og_image":[{"width":1080,"height":1080,"url":"https:\/\/saiga.es\/wp-content\/uploads\/2025\/04\/Abono-liquido-floracion.jpg","type":"image\/jpeg"}],"twitter_card":"summary_large_image","twitter_site":"@saiga_agro","schema":{"@context":"https:\/\/schema.org","@graph":[{"@type":"WebPage","@id":"https:\/\/saiga.es\/fr\/produit\/engrais-liquide-de-floraison\/","url":"https:\/\/saiga.es\/fr\/produit\/engrais-liquide-de-floraison\/","name":"Engrais liquide de floraison | SAIGA","isPartOf":{"@id":"https:\/\/saiga.es\/fr\/#website"},"primaryImageOfPage":{"@id":"https:\/\/saiga.es\/fr\/produit\/engrais-liquide-de-floraison\/#primaryimage"},"image":{"@id":"https:\/\/saiga.es\/fr\/produit\/engrais-liquide-de-floraison\/#primaryimage"},"thumbnailUrl":"https:\/\/saiga.es\/wp-content\/uploads\/2025\/04\/Abono-liquido-floracion.jpg","datePublished":"2025-04-15T13:40:01+00:00","dateModified":"2025-12-11T09:37:55+00:00","description":"Engrais enrichi en acides amin\u00e9s naturels et en extrait d'algues qui stimule la floraison et l'activit\u00e9 photosynth\u00e9tique de toutes sortes de plantes m\u00e9dicinales, aromatiques, ornementales et potag\u00e8res.","breadcrumb":{"@id":"https:\/\/saiga.es\/fr\/produit\/engrais-liquide-de-floraison\/#breadcrumb"},"inLanguage":"fr-FR","potentialAction":[{"@type":"ReadAction","target":["https:\/\/saiga.es\/fr\/produit\/engrais-liquide-de-floraison\/"]}]},{"@type":"ImageObject","inLanguage":"fr-FR","@id":"https:\/\/saiga.es\/fr\/produit\/engrais-liquide-de-floraison\/#primaryimage","url":"https:\/\/saiga.es\/wp-content\/uploads\/2025\/04\/Abono-liquido-floracion.jpg","contentUrl":"https:\/\/saiga.es\/wp-content\/uploads\/2025\/04\/Abono-liquido-floracion.jpg","width":1080,"height":1080,"caption":"Engrais liquide pour floraison"},{"@type":"BreadcrumbList","@id":"https:\/\/saiga.es\/fr\/produit\/engrais-liquide-de-floraison\/#breadcrumb","itemListElement":[{"@type":"ListItem","position":1,"name":"Inici","item":"https:\/\/saiga.es\/fr\/"},{"@type":"ListItem","position":2,"name":"boutique","item":"https:\/\/saiga.es\/fr\/boutique\/"},{"@type":"ListItem","position":3,"name":"Engrais liquide de floraison"}]},{"@type":"WebSite","@id":"https:\/\/saiga.es\/fr\/#website","url":"https:\/\/saiga.es\/fr\/","name":"SAIGA","description":"M\u00e9s de 50 anys al servei de la terra i treballant per a un \u00fas eficient de l\u2019aigua!","publisher":{"@id":"https:\/\/saiga.es\/fr\/#organization"},"potentialAction":[{"@type":"SearchAction","target":{"@type":"EntryPoint","urlTemplate":"https:\/\/saiga.es\/fr\/?s={search_term_string}"},"query-input":{"@type":"PropertyValueSpecification","valueRequired":true,"valueName":"search_term_string"}}],"inLanguage":"fr-FR"},{"@type":"Organization","@id":"https:\/\/saiga.es\/fr\/#organization","name":"SAIGA","url":"https:\/\/saiga.es\/fr\/","logo":{"@type":"ImageObject","inLanguage":"fr-FR","@id":"https:\/\/saiga.es\/fr\/#\/schema\/logo\/image\/","url":"https:\/\/saiga.es\/wp-content\/uploads\/2025\/07\/logo_saiga_baseline_optimitzat.svg","contentUrl":"https:\/\/saiga.es\/wp-content\/uploads\/2025\/07\/logo_saiga_baseline_optimitzat.svg","caption":"SAIGA"},"image":{"@id":"https:\/\/saiga.es\/fr\/#\/schema\/logo\/image\/"},"sameAs":["https:\/\/x.com\/saiga_agro","https:\/\/www.instagram.com\/saiga_agro\/"]}]}},"_links":{"self":[{"href":"https:\/\/saiga.es\/fr\/wp-json\/wp\/v2\/product\/14602","targetHints":{"allow":["GET"]}}],"collection":[{"href":"https:\/\/saiga.es\/fr\/wp-json\/wp\/v2\/product"}],"about":[{"href":"https:\/\/saiga.es\/fr\/wp-json\/wp\/v2\/types\/product"}],"replies":[{"embeddable":true,"href":"https:\/\/saiga.es\/fr\/wp-json\/wp\/v2\/comments?post=14602"}],"wp:featuredmedia":[{"embeddable":true,"href":"https:\/\/saiga.es\/fr\/wp-json\/wp\/v2\/media\/14600"}],"wp:attachment":[{"href":"https:\/\/saiga.es\/fr\/wp-json\/wp\/v2\/media?parent=14602"}],"wp:term":[{"taxonomy":"product_brand","embeddable":true,"href":"https:\/\/saiga.es\/fr\/wp-json\/wp\/v2\/product_brand?post=14602"},{"taxonomy":"product_cat","embeddable":true,"href":"https:\/\/saiga.es\/fr\/wp-json\/wp\/v2\/product_cat?post=14602"},{"taxonomy":"product_tag","embeddable":true,"href":"https:\/\/saiga.es\/fr\/wp-json\/wp\/v2\/product_tag?post=14602"}],"curies":[{"name":"wp","href":"https:\/\/api.w.org\/{rel}","templated":true}]}}