{"id":14626,"date":"2025-04-17T13:38:15","date_gmt":"2025-04-17T13:38:15","guid":{"rendered":"https:\/\/botiga.saiga.es\/producte\/modele-de-poulailler-amsterdam\/"},"modified":"2025-12-10T12:47:38","modified_gmt":"2025-12-10T12:47:38","slug":"modele-de-poulailler-amsterdam","status":"publish","type":"product","link":"https:\/\/saiga.es\/fr\/produit\/modele-de-poulailler-amsterdam\/","title":{"rendered":"Mod\u00e8le de poulailler Amsterdam"},"content":{"rendered":"<p>Le poulailler mod\u00e8le Amsterdam est une option populaire en raison de son excellent rapport qualit\u00e9-prix, id\u00e9al pour ceux qui d\u00e9butent dans l&rsquo;\u00e9levage de poulets et souhaitent profiter d&rsquo;\u0153ufs frais tous les jours.<\/p>\n<p>Fabriqu\u00e9 en bois de sapin trait\u00e9 et en m\u00e9tal galvanis\u00e9, cet abri allie r\u00e9sistance et esth\u00e9tique, avec une finition en bois naturel qui s&rsquo;adapte \u00e0 tout environnement. Sa conception comprend un toit \u00e0 pignon recouvert de tissu asphalt\u00e9 pour garantir l&rsquo;imperm\u00e9abilit\u00e9 et la protection contre les \u00e9l\u00e9ments. <\/p>\n<p>Il dispose de deux cintres pour que les poules puissent se reposer confortablement, offrant un espace s\u00fbr et confortable. Le mod\u00e8le Amsterdam Poultry House est une solution pratique et attrayante pour les petits \u00e9leveurs et les amateurs de soins aux volailles. <\/p>\n","protected":false},"excerpt":{"rendered":"<p>Le poulailler mod\u00e8le Amsterdam est une option populaire en raison de son excellent rapport qualit\u00e9-prix, id\u00e9al pour ceux qui d\u00e9butent dans l&rsquo;\u00e9levage de poulets et souhaitent profiter d&rsquo;\u0153ufs frais tous les jours.<\/p>\n","protected":false},"featured_media":14624,"comment_status":"closed","ping_status":"closed","template":"","meta":[],"product_brand":[2212],"product_cat":[1811],"product_tag":[2094,1936],"class_list":{"0":"post-14626","1":"product","2":"type-product","3":"status-publish","4":"has-post-thumbnail","6":"product_brand-gaun-fr","7":"product_cat-poulaillers","8":"product_tag-poulailler-fr","9":"product_tag-poulaillers","11":"first","12":"instock","13":"taxable","14":"shipping-taxable","15":"purchasable","16":"product-type-simple"},"yoast_head":"<!-- This site is optimized with the Yoast SEO plugin v27.3 - https:\/\/yoast.com\/product\/yoast-seo-wordpress\/ -->\n<title>Mod\u00e8le de poulailler Amsterdam | SAIGA<\/title>\n<meta name=\"description\" content=\"Le poulailler mod\u00e8le Amsterdam est une option populaire en raison de son excellent rapport qualit\u00e9-prix, id\u00e9al pour ceux qui d\u00e9butent dans l&#039;\u00e9levage de poulets et souhaitent profiter d&#039;\u0153ufs frais tous les jours.\" \/>\n<meta name=\"robots\" content=\"index, follow, max-snippet:-1, max-image-preview:large, max-video-preview:-1\" \/>\n<link rel=\"canonical\" href=\"https:\/\/saiga.es\/fr\/produit\/modele-de-poulailler-amsterdam\/\" \/>\n<meta property=\"og:locale\" content=\"fr_FR\" \/>\n<meta property=\"og:type\" content=\"article\" \/>\n<meta property=\"og:title\" content=\"Mod\u00e8le de poulailler Amsterdam | SAIGA\" \/>\n<meta property=\"og:description\" content=\"Le poulailler mod\u00e8le Amsterdam est une option populaire en raison de son excellent rapport qualit\u00e9-prix, id\u00e9al pour ceux qui d\u00e9butent dans l&#039;\u00e9levage de poulets et souhaitent profiter d&#039;\u0153ufs frais tous les jours.\" \/>\n<meta property=\"og:url\" content=\"https:\/\/saiga.es\/fr\/produit\/modele-de-poulailler-amsterdam\/\" \/>\n<meta property=\"og:site_name\" content=\"SAIGA\" \/>\n<meta property=\"article:modified_time\" content=\"2025-12-10T12:47:38+00:00\" \/>\n<meta property=\"og:image\" content=\"https:\/\/saiga.es\/wp-content\/uploads\/2025\/04\/Galliner-Amsterdam-1.jpg\" \/>\n\t<meta property=\"og:image:width\" content=\"1080\" \/>\n\t<meta property=\"og:image:height\" content=\"1080\" \/>\n\t<meta property=\"og:image:type\" content=\"image\/jpeg\" \/>\n<meta name=\"twitter:card\" content=\"summary_large_image\" \/>\n<meta name=\"twitter:site\" content=\"@saiga_agro\" \/>\n<meta name=\"twitter:label1\" content=\"Dur\u00e9e de lecture estim\u00e9e\" \/>\n\t<meta name=\"twitter:data1\" content=\"1 minute\" \/>\n<script type=\"application\/ld+json\" class=\"yoast-schema-graph\">{\"@context\":\"https:\\\/\\\/schema.org\",\"@graph\":[{\"@type\":\"WebPage\",\"@id\":\"https:\\\/\\\/saiga.es\\\/fr\\\/produit\\\/modele-de-poulailler-amsterdam\\\/\",\"url\":\"https:\\\/\\\/saiga.es\\\/fr\\\/produit\\\/modele-de-poulailler-amsterdam\\\/\",\"name\":\"Mod\u00e8le de poulailler Amsterdam | SAIGA\",\"isPartOf\":{\"@id\":\"https:\\\/\\\/saiga.es\\\/fr\\\/#website\"},\"primaryImageOfPage\":{\"@id\":\"https:\\\/\\\/saiga.es\\\/fr\\\/produit\\\/modele-de-poulailler-amsterdam\\\/#primaryimage\"},\"image\":{\"@id\":\"https:\\\/\\\/saiga.es\\\/fr\\\/produit\\\/modele-de-poulailler-amsterdam\\\/#primaryimage\"},\"thumbnailUrl\":\"https:\\\/\\\/saiga.es\\\/wp-content\\\/uploads\\\/2025\\\/04\\\/Galliner-Amsterdam-1.jpg\",\"datePublished\":\"2025-04-17T13:38:15+00:00\",\"dateModified\":\"2025-12-10T12:47:38+00:00\",\"description\":\"Le poulailler mod\u00e8le Amsterdam est une option populaire en raison de son excellent rapport qualit\u00e9-prix, id\u00e9al pour ceux qui d\u00e9butent dans l'\u00e9levage de poulets et souhaitent profiter d'\u0153ufs frais tous les jours.\",\"breadcrumb\":{\"@id\":\"https:\\\/\\\/saiga.es\\\/fr\\\/produit\\\/modele-de-poulailler-amsterdam\\\/#breadcrumb\"},\"inLanguage\":\"fr-FR\",\"potentialAction\":[{\"@type\":\"ReadAction\",\"target\":[\"https:\\\/\\\/saiga.es\\\/fr\\\/produit\\\/modele-de-poulailler-amsterdam\\\/\"]}]},{\"@type\":\"ImageObject\",\"inLanguage\":\"fr-FR\",\"@id\":\"https:\\\/\\\/saiga.es\\\/fr\\\/produit\\\/modele-de-poulailler-amsterdam\\\/#primaryimage\",\"url\":\"https:\\\/\\\/saiga.es\\\/wp-content\\\/uploads\\\/2025\\\/04\\\/Galliner-Amsterdam-1.jpg\",\"contentUrl\":\"https:\\\/\\\/saiga.es\\\/wp-content\\\/uploads\\\/2025\\\/04\\\/Galliner-Amsterdam-1.jpg\",\"width\":1080,\"height\":1080,\"caption\":\"poulailler Amsterdam\"},{\"@type\":\"BreadcrumbList\",\"@id\":\"https:\\\/\\\/saiga.es\\\/fr\\\/produit\\\/modele-de-poulailler-amsterdam\\\/#breadcrumb\",\"itemListElement\":[{\"@type\":\"ListItem\",\"position\":1,\"name\":\"Inici\",\"item\":\"https:\\\/\\\/saiga.es\\\/fr\\\/\"},{\"@type\":\"ListItem\",\"position\":2,\"name\":\"boutique\",\"item\":\"https:\\\/\\\/saiga.es\\\/fr\\\/boutique\\\/\"},{\"@type\":\"ListItem\",\"position\":3,\"name\":\"Mod\u00e8le de poulailler Amsterdam\"}]},{\"@type\":\"WebSite\",\"@id\":\"https:\\\/\\\/saiga.es\\\/fr\\\/#website\",\"url\":\"https:\\\/\\\/saiga.es\\\/fr\\\/\",\"name\":\"SAIGA\",\"description\":\"M\u00e9s de 50 anys al servei de la terra i treballant per a un \u00fas eficient de l\u2019aigua!\",\"publisher\":{\"@id\":\"https:\\\/\\\/saiga.es\\\/fr\\\/#organization\"},\"potentialAction\":[{\"@type\":\"SearchAction\",\"target\":{\"@type\":\"EntryPoint\",\"urlTemplate\":\"https:\\\/\\\/saiga.es\\\/fr\\\/?s={search_term_string}\"},\"query-input\":{\"@type\":\"PropertyValueSpecification\",\"valueRequired\":true,\"valueName\":\"search_term_string\"}}],\"inLanguage\":\"fr-FR\"},{\"@type\":\"Organization\",\"@id\":\"https:\\\/\\\/saiga.es\\\/fr\\\/#organization\",\"name\":\"SAIGA\",\"url\":\"https:\\\/\\\/saiga.es\\\/fr\\\/\",\"logo\":{\"@type\":\"ImageObject\",\"inLanguage\":\"fr-FR\",\"@id\":\"https:\\\/\\\/saiga.es\\\/fr\\\/#\\\/schema\\\/logo\\\/image\\\/\",\"url\":\"https:\\\/\\\/saiga.es\\\/wp-content\\\/uploads\\\/2025\\\/07\\\/logo_saiga_baseline_optimitzat.svg\",\"contentUrl\":\"https:\\\/\\\/saiga.es\\\/wp-content\\\/uploads\\\/2025\\\/07\\\/logo_saiga_baseline_optimitzat.svg\",\"caption\":\"SAIGA\"},\"image\":{\"@id\":\"https:\\\/\\\/saiga.es\\\/fr\\\/#\\\/schema\\\/logo\\\/image\\\/\"},\"sameAs\":[\"https:\\\/\\\/x.com\\\/saiga_agro\",\"https:\\\/\\\/www.instagram.com\\\/saiga_agro\\\/\"]}]}<\/script>\n<!-- \/ Yoast SEO plugin. -->","yoast_head_json":{"title":"Mod\u00e8le de poulailler Amsterdam | SAIGA","description":"Le poulailler mod\u00e8le Amsterdam est une option populaire en raison de son excellent rapport qualit\u00e9-prix, id\u00e9al pour ceux qui d\u00e9butent dans l'\u00e9levage de poulets et souhaitent profiter d'\u0153ufs frais tous les jours.","robots":{"index":"index","follow":"follow","max-snippet":"max-snippet:-1","max-image-preview":"max-image-preview:large","max-video-preview":"max-video-preview:-1"},"canonical":"https:\/\/saiga.es\/fr\/produit\/modele-de-poulailler-amsterdam\/","og_locale":"fr_FR","og_type":"article","og_title":"Mod\u00e8le de poulailler Amsterdam | SAIGA","og_description":"Le poulailler mod\u00e8le Amsterdam est une option populaire en raison de son excellent rapport qualit\u00e9-prix, id\u00e9al pour ceux qui d\u00e9butent dans l'\u00e9levage de poulets et souhaitent profiter d'\u0153ufs frais tous les jours.","og_url":"https:\/\/saiga.es\/fr\/produit\/modele-de-poulailler-amsterdam\/","og_site_name":"SAIGA","article_modified_time":"2025-12-10T12:47:38+00:00","og_image":[{"width":1080,"height":1080,"url":"https:\/\/saiga.es\/wp-content\/uploads\/2025\/04\/Galliner-Amsterdam-1.jpg","type":"image\/jpeg"}],"twitter_card":"summary_large_image","twitter_site":"@saiga_agro","twitter_misc":{"Dur\u00e9e de lecture estim\u00e9e":"1 minute"},"schema":{"@context":"https:\/\/schema.org","@graph":[{"@type":"WebPage","@id":"https:\/\/saiga.es\/fr\/produit\/modele-de-poulailler-amsterdam\/","url":"https:\/\/saiga.es\/fr\/produit\/modele-de-poulailler-amsterdam\/","name":"Mod\u00e8le de poulailler Amsterdam | SAIGA","isPartOf":{"@id":"https:\/\/saiga.es\/fr\/#website"},"primaryImageOfPage":{"@id":"https:\/\/saiga.es\/fr\/produit\/modele-de-poulailler-amsterdam\/#primaryimage"},"image":{"@id":"https:\/\/saiga.es\/fr\/produit\/modele-de-poulailler-amsterdam\/#primaryimage"},"thumbnailUrl":"https:\/\/saiga.es\/wp-content\/uploads\/2025\/04\/Galliner-Amsterdam-1.jpg","datePublished":"2025-04-17T13:38:15+00:00","dateModified":"2025-12-10T12:47:38+00:00","description":"Le poulailler mod\u00e8le Amsterdam est une option populaire en raison de son excellent rapport qualit\u00e9-prix, id\u00e9al pour ceux qui d\u00e9butent dans l'\u00e9levage de poulets et souhaitent profiter d'\u0153ufs frais tous les jours.","breadcrumb":{"@id":"https:\/\/saiga.es\/fr\/produit\/modele-de-poulailler-amsterdam\/#breadcrumb"},"inLanguage":"fr-FR","potentialAction":[{"@type":"ReadAction","target":["https:\/\/saiga.es\/fr\/produit\/modele-de-poulailler-amsterdam\/"]}]},{"@type":"ImageObject","inLanguage":"fr-FR","@id":"https:\/\/saiga.es\/fr\/produit\/modele-de-poulailler-amsterdam\/#primaryimage","url":"https:\/\/saiga.es\/wp-content\/uploads\/2025\/04\/Galliner-Amsterdam-1.jpg","contentUrl":"https:\/\/saiga.es\/wp-content\/uploads\/2025\/04\/Galliner-Amsterdam-1.jpg","width":1080,"height":1080,"caption":"poulailler Amsterdam"},{"@type":"BreadcrumbList","@id":"https:\/\/saiga.es\/fr\/produit\/modele-de-poulailler-amsterdam\/#breadcrumb","itemListElement":[{"@type":"ListItem","position":1,"name":"Inici","item":"https:\/\/saiga.es\/fr\/"},{"@type":"ListItem","position":2,"name":"boutique","item":"https:\/\/saiga.es\/fr\/boutique\/"},{"@type":"ListItem","position":3,"name":"Mod\u00e8le de poulailler Amsterdam"}]},{"@type":"WebSite","@id":"https:\/\/saiga.es\/fr\/#website","url":"https:\/\/saiga.es\/fr\/","name":"SAIGA","description":"M\u00e9s de 50 anys al servei de la terra i treballant per a un \u00fas eficient de l\u2019aigua!","publisher":{"@id":"https:\/\/saiga.es\/fr\/#organization"},"potentialAction":[{"@type":"SearchAction","target":{"@type":"EntryPoint","urlTemplate":"https:\/\/saiga.es\/fr\/?s={search_term_string}"},"query-input":{"@type":"PropertyValueSpecification","valueRequired":true,"valueName":"search_term_string"}}],"inLanguage":"fr-FR"},{"@type":"Organization","@id":"https:\/\/saiga.es\/fr\/#organization","name":"SAIGA","url":"https:\/\/saiga.es\/fr\/","logo":{"@type":"ImageObject","inLanguage":"fr-FR","@id":"https:\/\/saiga.es\/fr\/#\/schema\/logo\/image\/","url":"https:\/\/saiga.es\/wp-content\/uploads\/2025\/07\/logo_saiga_baseline_optimitzat.svg","contentUrl":"https:\/\/saiga.es\/wp-content\/uploads\/2025\/07\/logo_saiga_baseline_optimitzat.svg","caption":"SAIGA"},"image":{"@id":"https:\/\/saiga.es\/fr\/#\/schema\/logo\/image\/"},"sameAs":["https:\/\/x.com\/saiga_agro","https:\/\/www.instagram.com\/saiga_agro\/"]}]}},"_links":{"self":[{"href":"https:\/\/saiga.es\/fr\/wp-json\/wp\/v2\/product\/14626","targetHints":{"allow":["GET"]}}],"collection":[{"href":"https:\/\/saiga.es\/fr\/wp-json\/wp\/v2\/product"}],"about":[{"href":"https:\/\/saiga.es\/fr\/wp-json\/wp\/v2\/types\/product"}],"replies":[{"embeddable":true,"href":"https:\/\/saiga.es\/fr\/wp-json\/wp\/v2\/comments?post=14626"}],"wp:featuredmedia":[{"embeddable":true,"href":"https:\/\/saiga.es\/fr\/wp-json\/wp\/v2\/media\/14624"}],"wp:attachment":[{"href":"https:\/\/saiga.es\/fr\/wp-json\/wp\/v2\/media?parent=14626"}],"wp:term":[{"taxonomy":"product_brand","embeddable":true,"href":"https:\/\/saiga.es\/fr\/wp-json\/wp\/v2\/product_brand?post=14626"},{"taxonomy":"product_cat","embeddable":true,"href":"https:\/\/saiga.es\/fr\/wp-json\/wp\/v2\/product_cat?post=14626"},{"taxonomy":"product_tag","embeddable":true,"href":"https:\/\/saiga.es\/fr\/wp-json\/wp\/v2\/product_tag?post=14626"}],"curies":[{"name":"wp","href":"https:\/\/api.w.org\/{rel}","templated":true}]}}