{"id":14632,"date":"2025-04-17T13:57:21","date_gmt":"2025-04-17T13:57:21","guid":{"rendered":"https:\/\/botiga.saiga.es\/producte\/poulailler-modele-lyon\/"},"modified":"2025-12-10T12:49:43","modified_gmt":"2025-12-10T12:49:43","slug":"poulailler-modele-lyon","status":"publish","type":"product","link":"https:\/\/saiga.es\/fr\/produit\/poulailler-modele-lyon\/","title":{"rendered":"Poulailler mod\u00e8le Lyon"},"content":{"rendered":"<p>Poulailler mod\u00e8le Lyon : Esth\u00e9tique et fonctionnalit\u00e9 pour vos poules<\/p>\n<p>Le poulailler mod\u00e8le Lyon est le choix id\u00e9al pour ceux qui recherchent un poulailler \u00e9cologique et esth\u00e9tique. Au rez-de-chauss\u00e9e, on trouve des barreaux o\u00f9 les poules peuvent se percher, picorer ou se nettoyer, ainsi qu&rsquo;une large porte qui facilite l&rsquo;acc\u00e8s pour les t\u00e2ches d&rsquo;entretien. <\/p>\n<p>Au sommet, les oiseaux peuvent acc\u00e9der \u00e0 une petite maison con\u00e7ue pour pondre leurs \u0153ufs et se reposer confortablement. En n&rsquo;ayant pas de base, ce poulailler permet aux oiseaux de nettoyer le sol, contribuant ainsi \u00e0 un environnement sain. <\/p>\n<p>Fabriqu\u00e9 en bois de sapin de haute qualit\u00e9, trait\u00e9 pour une utilisation en ext\u00e9rieur, il est dot\u00e9 d&rsquo;un toit vert imperm\u00e9able et d&rsquo;un treillis m\u00e9tallique galvanis\u00e9, assurant durabilit\u00e9 et protection contre les intemp\u00e9ries. Son design esth\u00e9tique fait du nichoir Lyon un choix parfait pour les jardins, les terrasses ou les terrains, ajoutant une touche de beaut\u00e9 \u00e0 n&rsquo;importe quel espace. <\/p>\n","protected":false},"excerpt":{"rendered":"<p>Le poulailler mod\u00e8le Lyon est le choix id\u00e9al pour ceux qui recherchent un poulailler \u00e9cologique et esth\u00e9tique.<\/p>\n","protected":false},"featured_media":14630,"comment_status":"closed","ping_status":"closed","template":"","meta":[],"product_brand":[2212],"product_cat":[1811],"product_tag":[1361,1930,1825],"class_list":{"0":"post-14632","1":"product","2":"type-product","3":"status-publish","4":"has-post-thumbnail","6":"product_brand-gaun-fr","7":"product_cat-poulaillers","8":"product_tag-ecologique","9":"product_tag-poulailler","10":"product_tag-poulets","12":"first","13":"instock","14":"taxable","15":"shipping-taxable","16":"purchasable","17":"product-type-simple"},"yoast_head":"<!-- This site is optimized with the Yoast SEO plugin v27.3 - https:\/\/yoast.com\/product\/yoast-seo-wordpress\/ -->\n<title>Poulailler mod\u00e8le Lyon | SAIGA<\/title>\n<meta name=\"description\" content=\"Le poulailler mod\u00e8le Lyon est le choix id\u00e9al pour ceux qui recherchent un poulailler \u00e9cologique et esth\u00e9tique.\" \/>\n<meta name=\"robots\" content=\"index, follow, max-snippet:-1, max-image-preview:large, max-video-preview:-1\" \/>\n<link rel=\"canonical\" href=\"https:\/\/saiga.es\/fr\/produit\/poulailler-modele-lyon\/\" \/>\n<meta property=\"og:locale\" content=\"fr_FR\" \/>\n<meta property=\"og:type\" content=\"article\" \/>\n<meta property=\"og:title\" content=\"Poulailler mod\u00e8le Lyon | SAIGA\" \/>\n<meta property=\"og:description\" content=\"Le poulailler mod\u00e8le Lyon est le choix id\u00e9al pour ceux qui recherchent un poulailler \u00e9cologique et esth\u00e9tique.\" \/>\n<meta property=\"og:url\" content=\"https:\/\/saiga.es\/fr\/produit\/poulailler-modele-lyon\/\" \/>\n<meta property=\"og:site_name\" content=\"SAIGA\" \/>\n<meta property=\"article:modified_time\" content=\"2025-12-10T12:49:43+00:00\" \/>\n<meta property=\"og:image\" content=\"https:\/\/saiga.es\/wp-content\/uploads\/2025\/04\/Galliner-Lyon.jpg\" \/>\n\t<meta property=\"og:image:width\" content=\"1080\" \/>\n\t<meta property=\"og:image:height\" content=\"1080\" \/>\n\t<meta property=\"og:image:type\" content=\"image\/jpeg\" \/>\n<meta name=\"twitter:card\" content=\"summary_large_image\" \/>\n<meta name=\"twitter:site\" content=\"@saiga_agro\" \/>\n<meta name=\"twitter:label1\" content=\"Dur\u00e9e de lecture estim\u00e9e\" \/>\n\t<meta name=\"twitter:data1\" content=\"1 minute\" \/>\n<script type=\"application\/ld+json\" class=\"yoast-schema-graph\">{\"@context\":\"https:\\\/\\\/schema.org\",\"@graph\":[{\"@type\":\"WebPage\",\"@id\":\"https:\\\/\\\/saiga.es\\\/fr\\\/produit\\\/poulailler-modele-lyon\\\/\",\"url\":\"https:\\\/\\\/saiga.es\\\/fr\\\/produit\\\/poulailler-modele-lyon\\\/\",\"name\":\"Poulailler mod\u00e8le Lyon | SAIGA\",\"isPartOf\":{\"@id\":\"https:\\\/\\\/saiga.es\\\/fr\\\/#website\"},\"primaryImageOfPage\":{\"@id\":\"https:\\\/\\\/saiga.es\\\/fr\\\/produit\\\/poulailler-modele-lyon\\\/#primaryimage\"},\"image\":{\"@id\":\"https:\\\/\\\/saiga.es\\\/fr\\\/produit\\\/poulailler-modele-lyon\\\/#primaryimage\"},\"thumbnailUrl\":\"https:\\\/\\\/saiga.es\\\/wp-content\\\/uploads\\\/2025\\\/04\\\/Galliner-Lyon.jpg\",\"datePublished\":\"2025-04-17T13:57:21+00:00\",\"dateModified\":\"2025-12-10T12:49:43+00:00\",\"description\":\"Le poulailler mod\u00e8le Lyon est le choix id\u00e9al pour ceux qui recherchent un poulailler \u00e9cologique et esth\u00e9tique.\",\"breadcrumb\":{\"@id\":\"https:\\\/\\\/saiga.es\\\/fr\\\/produit\\\/poulailler-modele-lyon\\\/#breadcrumb\"},\"inLanguage\":\"fr-FR\",\"potentialAction\":[{\"@type\":\"ReadAction\",\"target\":[\"https:\\\/\\\/saiga.es\\\/fr\\\/produit\\\/poulailler-modele-lyon\\\/\"]}]},{\"@type\":\"ImageObject\",\"inLanguage\":\"fr-FR\",\"@id\":\"https:\\\/\\\/saiga.es\\\/fr\\\/produit\\\/poulailler-modele-lyon\\\/#primaryimage\",\"url\":\"https:\\\/\\\/saiga.es\\\/wp-content\\\/uploads\\\/2025\\\/04\\\/Galliner-Lyon.jpg\",\"contentUrl\":\"https:\\\/\\\/saiga.es\\\/wp-content\\\/uploads\\\/2025\\\/04\\\/Galliner-Lyon.jpg\",\"width\":1080,\"height\":1080,\"caption\":\"Galliner Lyon\"},{\"@type\":\"BreadcrumbList\",\"@id\":\"https:\\\/\\\/saiga.es\\\/fr\\\/produit\\\/poulailler-modele-lyon\\\/#breadcrumb\",\"itemListElement\":[{\"@type\":\"ListItem\",\"position\":1,\"name\":\"Inici\",\"item\":\"https:\\\/\\\/saiga.es\\\/fr\\\/\"},{\"@type\":\"ListItem\",\"position\":2,\"name\":\"boutique\",\"item\":\"https:\\\/\\\/saiga.es\\\/fr\\\/boutique\\\/\"},{\"@type\":\"ListItem\",\"position\":3,\"name\":\"Poulailler mod\u00e8le Lyon\"}]},{\"@type\":\"WebSite\",\"@id\":\"https:\\\/\\\/saiga.es\\\/fr\\\/#website\",\"url\":\"https:\\\/\\\/saiga.es\\\/fr\\\/\",\"name\":\"SAIGA\",\"description\":\"M\u00e9s de 50 anys al servei de la terra i treballant per a un \u00fas eficient de l\u2019aigua!\",\"publisher\":{\"@id\":\"https:\\\/\\\/saiga.es\\\/fr\\\/#organization\"},\"potentialAction\":[{\"@type\":\"SearchAction\",\"target\":{\"@type\":\"EntryPoint\",\"urlTemplate\":\"https:\\\/\\\/saiga.es\\\/fr\\\/?s={search_term_string}\"},\"query-input\":{\"@type\":\"PropertyValueSpecification\",\"valueRequired\":true,\"valueName\":\"search_term_string\"}}],\"inLanguage\":\"fr-FR\"},{\"@type\":\"Organization\",\"@id\":\"https:\\\/\\\/saiga.es\\\/fr\\\/#organization\",\"name\":\"SAIGA\",\"url\":\"https:\\\/\\\/saiga.es\\\/fr\\\/\",\"logo\":{\"@type\":\"ImageObject\",\"inLanguage\":\"fr-FR\",\"@id\":\"https:\\\/\\\/saiga.es\\\/fr\\\/#\\\/schema\\\/logo\\\/image\\\/\",\"url\":\"https:\\\/\\\/saiga.es\\\/wp-content\\\/uploads\\\/2025\\\/07\\\/logo_saiga_baseline_optimitzat.svg\",\"contentUrl\":\"https:\\\/\\\/saiga.es\\\/wp-content\\\/uploads\\\/2025\\\/07\\\/logo_saiga_baseline_optimitzat.svg\",\"caption\":\"SAIGA\"},\"image\":{\"@id\":\"https:\\\/\\\/saiga.es\\\/fr\\\/#\\\/schema\\\/logo\\\/image\\\/\"},\"sameAs\":[\"https:\\\/\\\/x.com\\\/saiga_agro\",\"https:\\\/\\\/www.instagram.com\\\/saiga_agro\\\/\"]}]}<\/script>\n<!-- \/ Yoast SEO plugin. -->","yoast_head_json":{"title":"Poulailler mod\u00e8le Lyon | SAIGA","description":"Le poulailler mod\u00e8le Lyon est le choix id\u00e9al pour ceux qui recherchent un poulailler \u00e9cologique et esth\u00e9tique.","robots":{"index":"index","follow":"follow","max-snippet":"max-snippet:-1","max-image-preview":"max-image-preview:large","max-video-preview":"max-video-preview:-1"},"canonical":"https:\/\/saiga.es\/fr\/produit\/poulailler-modele-lyon\/","og_locale":"fr_FR","og_type":"article","og_title":"Poulailler mod\u00e8le Lyon | SAIGA","og_description":"Le poulailler mod\u00e8le Lyon est le choix id\u00e9al pour ceux qui recherchent un poulailler \u00e9cologique et esth\u00e9tique.","og_url":"https:\/\/saiga.es\/fr\/produit\/poulailler-modele-lyon\/","og_site_name":"SAIGA","article_modified_time":"2025-12-10T12:49:43+00:00","og_image":[{"width":1080,"height":1080,"url":"https:\/\/saiga.es\/wp-content\/uploads\/2025\/04\/Galliner-Lyon.jpg","type":"image\/jpeg"}],"twitter_card":"summary_large_image","twitter_site":"@saiga_agro","twitter_misc":{"Dur\u00e9e de lecture estim\u00e9e":"1 minute"},"schema":{"@context":"https:\/\/schema.org","@graph":[{"@type":"WebPage","@id":"https:\/\/saiga.es\/fr\/produit\/poulailler-modele-lyon\/","url":"https:\/\/saiga.es\/fr\/produit\/poulailler-modele-lyon\/","name":"Poulailler mod\u00e8le Lyon | SAIGA","isPartOf":{"@id":"https:\/\/saiga.es\/fr\/#website"},"primaryImageOfPage":{"@id":"https:\/\/saiga.es\/fr\/produit\/poulailler-modele-lyon\/#primaryimage"},"image":{"@id":"https:\/\/saiga.es\/fr\/produit\/poulailler-modele-lyon\/#primaryimage"},"thumbnailUrl":"https:\/\/saiga.es\/wp-content\/uploads\/2025\/04\/Galliner-Lyon.jpg","datePublished":"2025-04-17T13:57:21+00:00","dateModified":"2025-12-10T12:49:43+00:00","description":"Le poulailler mod\u00e8le Lyon est le choix id\u00e9al pour ceux qui recherchent un poulailler \u00e9cologique et esth\u00e9tique.","breadcrumb":{"@id":"https:\/\/saiga.es\/fr\/produit\/poulailler-modele-lyon\/#breadcrumb"},"inLanguage":"fr-FR","potentialAction":[{"@type":"ReadAction","target":["https:\/\/saiga.es\/fr\/produit\/poulailler-modele-lyon\/"]}]},{"@type":"ImageObject","inLanguage":"fr-FR","@id":"https:\/\/saiga.es\/fr\/produit\/poulailler-modele-lyon\/#primaryimage","url":"https:\/\/saiga.es\/wp-content\/uploads\/2025\/04\/Galliner-Lyon.jpg","contentUrl":"https:\/\/saiga.es\/wp-content\/uploads\/2025\/04\/Galliner-Lyon.jpg","width":1080,"height":1080,"caption":"Galliner Lyon"},{"@type":"BreadcrumbList","@id":"https:\/\/saiga.es\/fr\/produit\/poulailler-modele-lyon\/#breadcrumb","itemListElement":[{"@type":"ListItem","position":1,"name":"Inici","item":"https:\/\/saiga.es\/fr\/"},{"@type":"ListItem","position":2,"name":"boutique","item":"https:\/\/saiga.es\/fr\/boutique\/"},{"@type":"ListItem","position":3,"name":"Poulailler mod\u00e8le Lyon"}]},{"@type":"WebSite","@id":"https:\/\/saiga.es\/fr\/#website","url":"https:\/\/saiga.es\/fr\/","name":"SAIGA","description":"M\u00e9s de 50 anys al servei de la terra i treballant per a un \u00fas eficient de l\u2019aigua!","publisher":{"@id":"https:\/\/saiga.es\/fr\/#organization"},"potentialAction":[{"@type":"SearchAction","target":{"@type":"EntryPoint","urlTemplate":"https:\/\/saiga.es\/fr\/?s={search_term_string}"},"query-input":{"@type":"PropertyValueSpecification","valueRequired":true,"valueName":"search_term_string"}}],"inLanguage":"fr-FR"},{"@type":"Organization","@id":"https:\/\/saiga.es\/fr\/#organization","name":"SAIGA","url":"https:\/\/saiga.es\/fr\/","logo":{"@type":"ImageObject","inLanguage":"fr-FR","@id":"https:\/\/saiga.es\/fr\/#\/schema\/logo\/image\/","url":"https:\/\/saiga.es\/wp-content\/uploads\/2025\/07\/logo_saiga_baseline_optimitzat.svg","contentUrl":"https:\/\/saiga.es\/wp-content\/uploads\/2025\/07\/logo_saiga_baseline_optimitzat.svg","caption":"SAIGA"},"image":{"@id":"https:\/\/saiga.es\/fr\/#\/schema\/logo\/image\/"},"sameAs":["https:\/\/x.com\/saiga_agro","https:\/\/www.instagram.com\/saiga_agro\/"]}]}},"_links":{"self":[{"href":"https:\/\/saiga.es\/fr\/wp-json\/wp\/v2\/product\/14632","targetHints":{"allow":["GET"]}}],"collection":[{"href":"https:\/\/saiga.es\/fr\/wp-json\/wp\/v2\/product"}],"about":[{"href":"https:\/\/saiga.es\/fr\/wp-json\/wp\/v2\/types\/product"}],"replies":[{"embeddable":true,"href":"https:\/\/saiga.es\/fr\/wp-json\/wp\/v2\/comments?post=14632"}],"wp:featuredmedia":[{"embeddable":true,"href":"https:\/\/saiga.es\/fr\/wp-json\/wp\/v2\/media\/14630"}],"wp:attachment":[{"href":"https:\/\/saiga.es\/fr\/wp-json\/wp\/v2\/media?parent=14632"}],"wp:term":[{"taxonomy":"product_brand","embeddable":true,"href":"https:\/\/saiga.es\/fr\/wp-json\/wp\/v2\/product_brand?post=14632"},{"taxonomy":"product_cat","embeddable":true,"href":"https:\/\/saiga.es\/fr\/wp-json\/wp\/v2\/product_cat?post=14632"},{"taxonomy":"product_tag","embeddable":true,"href":"https:\/\/saiga.es\/fr\/wp-json\/wp\/v2\/product_tag?post=14632"}],"curies":[{"name":"wp","href":"https:\/\/api.w.org\/{rel}","templated":true}]}}