{"id":14663,"date":"2025-04-30T13:07:28","date_gmt":"2025-04-30T13:07:28","guid":{"rendered":"https:\/\/botiga.saiga.es\/producte\/zas-barriere-olfactive-contre-les-rongeurs\/"},"modified":"2025-12-11T09:27:37","modified_gmt":"2025-12-11T09:27:37","slug":"zas-barriere-olfactive-contre-les-rongeurs","status":"publish","type":"product","link":"https:\/\/saiga.es\/fr\/produit\/zas-barriere-olfactive-contre-les-rongeurs\/","title":{"rendered":"Zas! Barri\u00e8re olfactive contre les rongeurs"},"content":{"rendered":"<p>ZAS ! Barri\u00e8re olfactive pour rongeurs.  Cela les \u00e9loigne des c\u00e2bles \u00e9lectriques, des moteurs, des tuyaux, des pi\u00e8ces en plastique\u2026 Cela emp\u00eache naturellement la pr\u00e9sence de souris dans les garages, les ateliers, les sous-sols, les usines, les serres, les fermes, les caves, les jardins, etc. Ce produit est compos\u00e9 d&rsquo;un m\u00e9lange de substances \u00e0 l&rsquo;odeur d\u00e9sagr\u00e9able qui repousse les souris et les fait fuir de la zone trait\u00e9e.<br \/>\nGr\u00e2ce \u00e0 sa valve filtrante sp\u00e9ciale, il permet d&rsquo;atteindre les endroits difficiles d&rsquo;acc\u00e8s.<\/p>\n","protected":false},"excerpt":{"rendered":"<p>ZAS ! Barri\u00e8re olfactive pour rongeurs.  Gardez-les loin des c\u00e2bles \u00e9lectriques, des moteurs, des tuyaux, des pi\u00e8ces en plastique, etc.<\/p>\n","protected":false},"featured_media":14661,"comment_status":"closed","ping_status":"closed","template":"","meta":[],"product_brand":[2237],"product_cat":[442],"product_tag":[2104,2106,2105],"class_list":{"0":"post-14663","1":"product","2":"type-product","3":"status-publish","4":"has-post-thumbnail","6":"product_brand-impex-fr","7":"product_cat-non-classe","8":"product_tag-rats","9":"product_tag-rongeurs","10":"product_tag-souris","12":"first","13":"instock","14":"taxable","15":"shipping-taxable","16":"purchasable","17":"product-type-simple"},"yoast_head":"<!-- This site is optimized with the Yoast SEO plugin v27.4 - https:\/\/yoast.com\/product\/yoast-seo-wordpress\/ -->\n<title>Zas! Barri\u00e8re olfactive contre les rongeurs | SAIGA<\/title>\n<meta name=\"description\" content=\"ZAS ! Barri\u00e8re olfactive pour rongeurs. Gardez-les loin des c\u00e2bles \u00e9lectriques, des moteurs, des tuyaux, des pi\u00e8ces en plastique, etc.\" \/>\n<meta name=\"robots\" content=\"index, follow, max-snippet:-1, max-image-preview:large, max-video-preview:-1\" \/>\n<link rel=\"canonical\" href=\"https:\/\/saiga.es\/fr\/produit\/zas-barriere-olfactive-contre-les-rongeurs\/\" \/>\n<meta property=\"og:locale\" content=\"fr_FR\" \/>\n<meta property=\"og:type\" content=\"article\" \/>\n<meta property=\"og:title\" content=\"Zas! Barri\u00e8re olfactive contre les rongeurs | SAIGA\" \/>\n<meta property=\"og:description\" content=\"ZAS ! Barri\u00e8re olfactive pour rongeurs. Gardez-les loin des c\u00e2bles \u00e9lectriques, des moteurs, des tuyaux, des pi\u00e8ces en plastique, etc.\" \/>\n<meta property=\"og:url\" content=\"https:\/\/saiga.es\/fr\/produit\/zas-barriere-olfactive-contre-les-rongeurs\/\" \/>\n<meta property=\"og:site_name\" content=\"SAIGA\" \/>\n<meta property=\"article:modified_time\" content=\"2025-12-11T09:27:37+00:00\" \/>\n<meta property=\"og:image\" content=\"https:\/\/saiga.es\/wp-content\/uploads\/2025\/04\/Zas-barrera-olfactiva.jpg\" \/>\n\t<meta property=\"og:image:width\" content=\"1080\" \/>\n\t<meta property=\"og:image:height\" content=\"1080\" \/>\n\t<meta property=\"og:image:type\" content=\"image\/jpeg\" \/>\n<meta name=\"twitter:card\" content=\"summary_large_image\" \/>\n<meta name=\"twitter:site\" content=\"@saiga_agro\" \/>\n<script type=\"application\/ld+json\" class=\"yoast-schema-graph\">{\"@context\":\"https:\\\/\\\/schema.org\",\"@graph\":[{\"@type\":\"WebPage\",\"@id\":\"https:\\\/\\\/saiga.es\\\/fr\\\/produit\\\/zas-barriere-olfactive-contre-les-rongeurs\\\/\",\"url\":\"https:\\\/\\\/saiga.es\\\/fr\\\/produit\\\/zas-barriere-olfactive-contre-les-rongeurs\\\/\",\"name\":\"Zas! Barri\u00e8re olfactive contre les rongeurs | SAIGA\",\"isPartOf\":{\"@id\":\"https:\\\/\\\/saiga.es\\\/fr\\\/#website\"},\"primaryImageOfPage\":{\"@id\":\"https:\\\/\\\/saiga.es\\\/fr\\\/produit\\\/zas-barriere-olfactive-contre-les-rongeurs\\\/#primaryimage\"},\"image\":{\"@id\":\"https:\\\/\\\/saiga.es\\\/fr\\\/produit\\\/zas-barriere-olfactive-contre-les-rongeurs\\\/#primaryimage\"},\"thumbnailUrl\":\"https:\\\/\\\/saiga.es\\\/wp-content\\\/uploads\\\/2025\\\/04\\\/Zas-barrera-olfactiva.jpg\",\"datePublished\":\"2025-04-30T13:07:28+00:00\",\"dateModified\":\"2025-12-11T09:27:37+00:00\",\"description\":\"ZAS ! Barri\u00e8re olfactive pour rongeurs. Gardez-les loin des c\u00e2bles \u00e9lectriques, des moteurs, des tuyaux, des pi\u00e8ces en plastique, etc.\",\"breadcrumb\":{\"@id\":\"https:\\\/\\\/saiga.es\\\/fr\\\/produit\\\/zas-barriere-olfactive-contre-les-rongeurs\\\/#breadcrumb\"},\"inLanguage\":\"fr-FR\",\"potentialAction\":[{\"@type\":\"ReadAction\",\"target\":[\"https:\\\/\\\/saiga.es\\\/fr\\\/produit\\\/zas-barriere-olfactive-contre-les-rongeurs\\\/\"]}]},{\"@type\":\"ImageObject\",\"inLanguage\":\"fr-FR\",\"@id\":\"https:\\\/\\\/saiga.es\\\/fr\\\/produit\\\/zas-barriere-olfactive-contre-les-rongeurs\\\/#primaryimage\",\"url\":\"https:\\\/\\\/saiga.es\\\/wp-content\\\/uploads\\\/2025\\\/04\\\/Zas-barrera-olfactiva.jpg\",\"contentUrl\":\"https:\\\/\\\/saiga.es\\\/wp-content\\\/uploads\\\/2025\\\/04\\\/Zas-barrera-olfactiva.jpg\",\"width\":1080,\"height\":1080,\"caption\":\"La barri\u00e8re olfactive de Zas repousse les rongeurs\"},{\"@type\":\"BreadcrumbList\",\"@id\":\"https:\\\/\\\/saiga.es\\\/fr\\\/produit\\\/zas-barriere-olfactive-contre-les-rongeurs\\\/#breadcrumb\",\"itemListElement\":[{\"@type\":\"ListItem\",\"position\":1,\"name\":\"Inici\",\"item\":\"https:\\\/\\\/saiga.es\\\/fr\\\/\"},{\"@type\":\"ListItem\",\"position\":2,\"name\":\"boutique\",\"item\":\"https:\\\/\\\/saiga.es\\\/fr\\\/boutique\\\/\"},{\"@type\":\"ListItem\",\"position\":3,\"name\":\"Zas! Barri\u00e8re olfactive contre les rongeurs\"}]},{\"@type\":\"WebSite\",\"@id\":\"https:\\\/\\\/saiga.es\\\/fr\\\/#website\",\"url\":\"https:\\\/\\\/saiga.es\\\/fr\\\/\",\"name\":\"SAIGA\",\"description\":\"M\u00e9s de 50 anys al servei de la terra i treballant per a un \u00fas eficient de l\u2019aigua!\",\"publisher\":{\"@id\":\"https:\\\/\\\/saiga.es\\\/fr\\\/#organization\"},\"potentialAction\":[{\"@type\":\"SearchAction\",\"target\":{\"@type\":\"EntryPoint\",\"urlTemplate\":\"https:\\\/\\\/saiga.es\\\/fr\\\/?s={search_term_string}\"},\"query-input\":{\"@type\":\"PropertyValueSpecification\",\"valueRequired\":true,\"valueName\":\"search_term_string\"}}],\"inLanguage\":\"fr-FR\"},{\"@type\":\"Organization\",\"@id\":\"https:\\\/\\\/saiga.es\\\/fr\\\/#organization\",\"name\":\"SAIGA\",\"url\":\"https:\\\/\\\/saiga.es\\\/fr\\\/\",\"logo\":{\"@type\":\"ImageObject\",\"inLanguage\":\"fr-FR\",\"@id\":\"https:\\\/\\\/saiga.es\\\/fr\\\/#\\\/schema\\\/logo\\\/image\\\/\",\"url\":\"https:\\\/\\\/saiga.es\\\/wp-content\\\/uploads\\\/2025\\\/07\\\/logo_saiga_baseline_optimitzat.svg\",\"contentUrl\":\"https:\\\/\\\/saiga.es\\\/wp-content\\\/uploads\\\/2025\\\/07\\\/logo_saiga_baseline_optimitzat.svg\",\"caption\":\"SAIGA\"},\"image\":{\"@id\":\"https:\\\/\\\/saiga.es\\\/fr\\\/#\\\/schema\\\/logo\\\/image\\\/\"},\"sameAs\":[\"https:\\\/\\\/x.com\\\/saiga_agro\",\"https:\\\/\\\/www.instagram.com\\\/saiga_agro\\\/\"]}]}<\/script>\n<!-- \/ Yoast SEO plugin. -->","yoast_head_json":{"title":"Zas! Barri\u00e8re olfactive contre les rongeurs | SAIGA","description":"ZAS ! Barri\u00e8re olfactive pour rongeurs. Gardez-les loin des c\u00e2bles \u00e9lectriques, des moteurs, des tuyaux, des pi\u00e8ces en plastique, etc.","robots":{"index":"index","follow":"follow","max-snippet":"max-snippet:-1","max-image-preview":"max-image-preview:large","max-video-preview":"max-video-preview:-1"},"canonical":"https:\/\/saiga.es\/fr\/produit\/zas-barriere-olfactive-contre-les-rongeurs\/","og_locale":"fr_FR","og_type":"article","og_title":"Zas! Barri\u00e8re olfactive contre les rongeurs | SAIGA","og_description":"ZAS ! Barri\u00e8re olfactive pour rongeurs. Gardez-les loin des c\u00e2bles \u00e9lectriques, des moteurs, des tuyaux, des pi\u00e8ces en plastique, etc.","og_url":"https:\/\/saiga.es\/fr\/produit\/zas-barriere-olfactive-contre-les-rongeurs\/","og_site_name":"SAIGA","article_modified_time":"2025-12-11T09:27:37+00:00","og_image":[{"width":1080,"height":1080,"url":"https:\/\/saiga.es\/wp-content\/uploads\/2025\/04\/Zas-barrera-olfactiva.jpg","type":"image\/jpeg"}],"twitter_card":"summary_large_image","twitter_site":"@saiga_agro","schema":{"@context":"https:\/\/schema.org","@graph":[{"@type":"WebPage","@id":"https:\/\/saiga.es\/fr\/produit\/zas-barriere-olfactive-contre-les-rongeurs\/","url":"https:\/\/saiga.es\/fr\/produit\/zas-barriere-olfactive-contre-les-rongeurs\/","name":"Zas! Barri\u00e8re olfactive contre les rongeurs | SAIGA","isPartOf":{"@id":"https:\/\/saiga.es\/fr\/#website"},"primaryImageOfPage":{"@id":"https:\/\/saiga.es\/fr\/produit\/zas-barriere-olfactive-contre-les-rongeurs\/#primaryimage"},"image":{"@id":"https:\/\/saiga.es\/fr\/produit\/zas-barriere-olfactive-contre-les-rongeurs\/#primaryimage"},"thumbnailUrl":"https:\/\/saiga.es\/wp-content\/uploads\/2025\/04\/Zas-barrera-olfactiva.jpg","datePublished":"2025-04-30T13:07:28+00:00","dateModified":"2025-12-11T09:27:37+00:00","description":"ZAS ! Barri\u00e8re olfactive pour rongeurs. Gardez-les loin des c\u00e2bles \u00e9lectriques, des moteurs, des tuyaux, des pi\u00e8ces en plastique, etc.","breadcrumb":{"@id":"https:\/\/saiga.es\/fr\/produit\/zas-barriere-olfactive-contre-les-rongeurs\/#breadcrumb"},"inLanguage":"fr-FR","potentialAction":[{"@type":"ReadAction","target":["https:\/\/saiga.es\/fr\/produit\/zas-barriere-olfactive-contre-les-rongeurs\/"]}]},{"@type":"ImageObject","inLanguage":"fr-FR","@id":"https:\/\/saiga.es\/fr\/produit\/zas-barriere-olfactive-contre-les-rongeurs\/#primaryimage","url":"https:\/\/saiga.es\/wp-content\/uploads\/2025\/04\/Zas-barrera-olfactiva.jpg","contentUrl":"https:\/\/saiga.es\/wp-content\/uploads\/2025\/04\/Zas-barrera-olfactiva.jpg","width":1080,"height":1080,"caption":"La barri\u00e8re olfactive de Zas repousse les rongeurs"},{"@type":"BreadcrumbList","@id":"https:\/\/saiga.es\/fr\/produit\/zas-barriere-olfactive-contre-les-rongeurs\/#breadcrumb","itemListElement":[{"@type":"ListItem","position":1,"name":"Inici","item":"https:\/\/saiga.es\/fr\/"},{"@type":"ListItem","position":2,"name":"boutique","item":"https:\/\/saiga.es\/fr\/boutique\/"},{"@type":"ListItem","position":3,"name":"Zas! Barri\u00e8re olfactive contre les rongeurs"}]},{"@type":"WebSite","@id":"https:\/\/saiga.es\/fr\/#website","url":"https:\/\/saiga.es\/fr\/","name":"SAIGA","description":"M\u00e9s de 50 anys al servei de la terra i treballant per a un \u00fas eficient de l\u2019aigua!","publisher":{"@id":"https:\/\/saiga.es\/fr\/#organization"},"potentialAction":[{"@type":"SearchAction","target":{"@type":"EntryPoint","urlTemplate":"https:\/\/saiga.es\/fr\/?s={search_term_string}"},"query-input":{"@type":"PropertyValueSpecification","valueRequired":true,"valueName":"search_term_string"}}],"inLanguage":"fr-FR"},{"@type":"Organization","@id":"https:\/\/saiga.es\/fr\/#organization","name":"SAIGA","url":"https:\/\/saiga.es\/fr\/","logo":{"@type":"ImageObject","inLanguage":"fr-FR","@id":"https:\/\/saiga.es\/fr\/#\/schema\/logo\/image\/","url":"https:\/\/saiga.es\/wp-content\/uploads\/2025\/07\/logo_saiga_baseline_optimitzat.svg","contentUrl":"https:\/\/saiga.es\/wp-content\/uploads\/2025\/07\/logo_saiga_baseline_optimitzat.svg","caption":"SAIGA"},"image":{"@id":"https:\/\/saiga.es\/fr\/#\/schema\/logo\/image\/"},"sameAs":["https:\/\/x.com\/saiga_agro","https:\/\/www.instagram.com\/saiga_agro\/"]}]}},"_links":{"self":[{"href":"https:\/\/saiga.es\/fr\/wp-json\/wp\/v2\/product\/14663","targetHints":{"allow":["GET"]}}],"collection":[{"href":"https:\/\/saiga.es\/fr\/wp-json\/wp\/v2\/product"}],"about":[{"href":"https:\/\/saiga.es\/fr\/wp-json\/wp\/v2\/types\/product"}],"replies":[{"embeddable":true,"href":"https:\/\/saiga.es\/fr\/wp-json\/wp\/v2\/comments?post=14663"}],"wp:featuredmedia":[{"embeddable":true,"href":"https:\/\/saiga.es\/fr\/wp-json\/wp\/v2\/media\/14661"}],"wp:attachment":[{"href":"https:\/\/saiga.es\/fr\/wp-json\/wp\/v2\/media?parent=14663"}],"wp:term":[{"taxonomy":"product_brand","embeddable":true,"href":"https:\/\/saiga.es\/fr\/wp-json\/wp\/v2\/product_brand?post=14663"},{"taxonomy":"product_cat","embeddable":true,"href":"https:\/\/saiga.es\/fr\/wp-json\/wp\/v2\/product_cat?post=14663"},{"taxonomy":"product_tag","embeddable":true,"href":"https:\/\/saiga.es\/fr\/wp-json\/wp\/v2\/product_tag?post=14663"}],"curies":[{"name":"wp","href":"https:\/\/api.w.org\/{rel}","templated":true}]}}