{"id":14670,"date":"2025-04-30T13:29:27","date_gmt":"2025-04-30T13:29:27","guid":{"rendered":"https:\/\/botiga.saiga.es\/producte\/rodenticida-storm-ultra\/"},"modified":"2025-12-10T13:52:54","modified_gmt":"2025-12-10T13:52:54","slug":"rodenticida-storm-ultra","status":"publish","type":"product","link":"https:\/\/saiga.es\/fr\/produit\/rodenticida-storm-ultra\/","title":{"rendered":"Rodenticide Storm Ultra"},"content":{"rendered":"<p>Storm Ultra Rodenticide combine une nouvelle formulation plus d\u00e9sirable avec l&rsquo;ingr\u00e9dient actif flocoumafen \u00e0 25 ppm.<br \/>\nNouvelle formulation, hautement souhaitable : au moins deux fois plus souhaitable que les blocs d&rsquo;app\u00e2ts anticoagulants en raison de l&rsquo;\u00e9limination de la paraffine.<br \/>\nLa formulation brevet\u00e9e utilise un agent coh\u00e9sif BASF aux performances sup\u00e9rieures.<br \/>\nUne plus grande stabilit\u00e9 dans des conditions de temp\u00e9rature extr\u00eames, aussi bien pour les environnements urbains que ruraux.<br \/>\nApp\u00e2t \u00e0 ingestion unique tr\u00e8s efficace contre les rats et les souris et \u00e9galement contre les races de rongeurs r\u00e9sistantes aux anticoagulants.<br \/>\nAu moins deux fois plus d\u00e9sirable que les app\u00e2ts principaux.<\/p>\n","protected":false},"excerpt":{"rendered":"<p>Storm Ultra Rodenticide combine une nouvelle formulation plus d\u00e9sirable avec l&rsquo;ingr\u00e9dient actif flocoumafen \u00e0 25 ppm.<\/p>\n","protected":false},"featured_media":14957,"comment_status":"closed","ping_status":"closed","template":"","meta":[],"product_brand":[2110],"product_cat":[442],"product_tag":[1368,2104,2106],"class_list":{"0":"post-14670","1":"product","2":"type-product","3":"status-publish","4":"has-post-thumbnail","6":"product_brand-basf","7":"product_cat-non-classe","8":"product_tag-biocides-fr","9":"product_tag-rats","10":"product_tag-rongeurs","12":"first","13":"instock","14":"taxable","15":"shipping-taxable","16":"purchasable","17":"product-type-simple"},"yoast_head":"<!-- This site is optimized with the Yoast SEO plugin v27.4 - https:\/\/yoast.com\/product\/yoast-seo-wordpress\/ -->\n<title>Rodenticide Storm Ultra | SAIGA<\/title>\n<meta name=\"description\" content=\"Storm Ultra Rodenticide combine une nouvelle formulation plus d\u00e9sirable avec l&#039;ingr\u00e9dient actif flocoumafen \u00e0 25 ppm.\" \/>\n<meta name=\"robots\" content=\"index, follow, max-snippet:-1, max-image-preview:large, max-video-preview:-1\" \/>\n<link rel=\"canonical\" href=\"https:\/\/saiga.es\/fr\/produit\/rodenticida-storm-ultra\/\" \/>\n<meta property=\"og:locale\" content=\"fr_FR\" \/>\n<meta property=\"og:type\" content=\"article\" \/>\n<meta property=\"og:title\" content=\"Rodenticide Storm Ultra | SAIGA\" \/>\n<meta property=\"og:description\" content=\"Storm Ultra Rodenticide combine une nouvelle formulation plus d\u00e9sirable avec l&#039;ingr\u00e9dient actif flocoumafen \u00e0 25 ppm.\" \/>\n<meta property=\"og:url\" content=\"https:\/\/saiga.es\/fr\/produit\/rodenticida-storm-ultra\/\" \/>\n<meta property=\"og:site_name\" content=\"SAIGA\" \/>\n<meta property=\"article:modified_time\" content=\"2025-12-10T13:52:54+00:00\" \/>\n<meta property=\"og:image\" content=\"https:\/\/saiga.es\/wp-content\/uploads\/2025\/04\/Storm-150-g.jpg\" \/>\n\t<meta property=\"og:image:width\" content=\"1080\" \/>\n\t<meta property=\"og:image:height\" content=\"1080\" \/>\n\t<meta property=\"og:image:type\" content=\"image\/jpeg\" \/>\n<meta name=\"twitter:card\" content=\"summary_large_image\" \/>\n<meta name=\"twitter:site\" content=\"@saiga_agro\" \/>\n<meta name=\"twitter:label1\" content=\"Dur\u00e9e de lecture estim\u00e9e\" \/>\n\t<meta name=\"twitter:data1\" content=\"1 minute\" \/>\n<script type=\"application\/ld+json\" class=\"yoast-schema-graph\">{\"@context\":\"https:\\\/\\\/schema.org\",\"@graph\":[{\"@type\":\"WebPage\",\"@id\":\"https:\\\/\\\/saiga.es\\\/fr\\\/produit\\\/rodenticida-storm-ultra\\\/\",\"url\":\"https:\\\/\\\/saiga.es\\\/fr\\\/produit\\\/rodenticida-storm-ultra\\\/\",\"name\":\"Rodenticide Storm Ultra | SAIGA\",\"isPartOf\":{\"@id\":\"https:\\\/\\\/saiga.es\\\/fr\\\/#website\"},\"primaryImageOfPage\":{\"@id\":\"https:\\\/\\\/saiga.es\\\/fr\\\/produit\\\/rodenticida-storm-ultra\\\/#primaryimage\"},\"image\":{\"@id\":\"https:\\\/\\\/saiga.es\\\/fr\\\/produit\\\/rodenticida-storm-ultra\\\/#primaryimage\"},\"thumbnailUrl\":\"https:\\\/\\\/saiga.es\\\/wp-content\\\/uploads\\\/2025\\\/04\\\/Storm-150-g.jpg\",\"datePublished\":\"2025-04-30T13:29:27+00:00\",\"dateModified\":\"2025-12-10T13:52:54+00:00\",\"description\":\"Storm Ultra Rodenticide combine une nouvelle formulation plus d\u00e9sirable avec l'ingr\u00e9dient actif flocoumafen \u00e0 25 ppm.\",\"breadcrumb\":{\"@id\":\"https:\\\/\\\/saiga.es\\\/fr\\\/produit\\\/rodenticida-storm-ultra\\\/#breadcrumb\"},\"inLanguage\":\"fr-FR\",\"potentialAction\":[{\"@type\":\"ReadAction\",\"target\":[\"https:\\\/\\\/saiga.es\\\/fr\\\/produit\\\/rodenticida-storm-ultra\\\/\"]}]},{\"@type\":\"ImageObject\",\"inLanguage\":\"fr-FR\",\"@id\":\"https:\\\/\\\/saiga.es\\\/fr\\\/produit\\\/rodenticida-storm-ultra\\\/#primaryimage\",\"url\":\"https:\\\/\\\/saiga.es\\\/wp-content\\\/uploads\\\/2025\\\/04\\\/Storm-150-g.jpg\",\"contentUrl\":\"https:\\\/\\\/saiga.es\\\/wp-content\\\/uploads\\\/2025\\\/04\\\/Storm-150-g.jpg\",\"width\":1080,\"height\":1080,\"caption\":\"Storm\"},{\"@type\":\"BreadcrumbList\",\"@id\":\"https:\\\/\\\/saiga.es\\\/fr\\\/produit\\\/rodenticida-storm-ultra\\\/#breadcrumb\",\"itemListElement\":[{\"@type\":\"ListItem\",\"position\":1,\"name\":\"Inici\",\"item\":\"https:\\\/\\\/saiga.es\\\/fr\\\/\"},{\"@type\":\"ListItem\",\"position\":2,\"name\":\"boutique\",\"item\":\"https:\\\/\\\/saiga.es\\\/fr\\\/boutique\\\/\"},{\"@type\":\"ListItem\",\"position\":3,\"name\":\"Rodenticide Storm Ultra\"}]},{\"@type\":\"WebSite\",\"@id\":\"https:\\\/\\\/saiga.es\\\/fr\\\/#website\",\"url\":\"https:\\\/\\\/saiga.es\\\/fr\\\/\",\"name\":\"SAIGA\",\"description\":\"M\u00e9s de 50 anys al servei de la terra i treballant per a un \u00fas eficient de l\u2019aigua!\",\"publisher\":{\"@id\":\"https:\\\/\\\/saiga.es\\\/fr\\\/#organization\"},\"potentialAction\":[{\"@type\":\"SearchAction\",\"target\":{\"@type\":\"EntryPoint\",\"urlTemplate\":\"https:\\\/\\\/saiga.es\\\/fr\\\/?s={search_term_string}\"},\"query-input\":{\"@type\":\"PropertyValueSpecification\",\"valueRequired\":true,\"valueName\":\"search_term_string\"}}],\"inLanguage\":\"fr-FR\"},{\"@type\":\"Organization\",\"@id\":\"https:\\\/\\\/saiga.es\\\/fr\\\/#organization\",\"name\":\"SAIGA\",\"url\":\"https:\\\/\\\/saiga.es\\\/fr\\\/\",\"logo\":{\"@type\":\"ImageObject\",\"inLanguage\":\"fr-FR\",\"@id\":\"https:\\\/\\\/saiga.es\\\/fr\\\/#\\\/schema\\\/logo\\\/image\\\/\",\"url\":\"https:\\\/\\\/saiga.es\\\/wp-content\\\/uploads\\\/2025\\\/07\\\/logo_saiga_baseline_optimitzat.svg\",\"contentUrl\":\"https:\\\/\\\/saiga.es\\\/wp-content\\\/uploads\\\/2025\\\/07\\\/logo_saiga_baseline_optimitzat.svg\",\"caption\":\"SAIGA\"},\"image\":{\"@id\":\"https:\\\/\\\/saiga.es\\\/fr\\\/#\\\/schema\\\/logo\\\/image\\\/\"},\"sameAs\":[\"https:\\\/\\\/x.com\\\/saiga_agro\",\"https:\\\/\\\/www.instagram.com\\\/saiga_agro\\\/\"]}]}<\/script>\n<!-- \/ Yoast SEO plugin. -->","yoast_head_json":{"title":"Rodenticide Storm Ultra | SAIGA","description":"Storm Ultra Rodenticide combine une nouvelle formulation plus d\u00e9sirable avec l'ingr\u00e9dient actif flocoumafen \u00e0 25 ppm.","robots":{"index":"index","follow":"follow","max-snippet":"max-snippet:-1","max-image-preview":"max-image-preview:large","max-video-preview":"max-video-preview:-1"},"canonical":"https:\/\/saiga.es\/fr\/produit\/rodenticida-storm-ultra\/","og_locale":"fr_FR","og_type":"article","og_title":"Rodenticide Storm Ultra | SAIGA","og_description":"Storm Ultra Rodenticide combine une nouvelle formulation plus d\u00e9sirable avec l'ingr\u00e9dient actif flocoumafen \u00e0 25 ppm.","og_url":"https:\/\/saiga.es\/fr\/produit\/rodenticida-storm-ultra\/","og_site_name":"SAIGA","article_modified_time":"2025-12-10T13:52:54+00:00","og_image":[{"width":1080,"height":1080,"url":"https:\/\/saiga.es\/wp-content\/uploads\/2025\/04\/Storm-150-g.jpg","type":"image\/jpeg"}],"twitter_card":"summary_large_image","twitter_site":"@saiga_agro","twitter_misc":{"Dur\u00e9e de lecture estim\u00e9e":"1 minute"},"schema":{"@context":"https:\/\/schema.org","@graph":[{"@type":"WebPage","@id":"https:\/\/saiga.es\/fr\/produit\/rodenticida-storm-ultra\/","url":"https:\/\/saiga.es\/fr\/produit\/rodenticida-storm-ultra\/","name":"Rodenticide Storm Ultra | SAIGA","isPartOf":{"@id":"https:\/\/saiga.es\/fr\/#website"},"primaryImageOfPage":{"@id":"https:\/\/saiga.es\/fr\/produit\/rodenticida-storm-ultra\/#primaryimage"},"image":{"@id":"https:\/\/saiga.es\/fr\/produit\/rodenticida-storm-ultra\/#primaryimage"},"thumbnailUrl":"https:\/\/saiga.es\/wp-content\/uploads\/2025\/04\/Storm-150-g.jpg","datePublished":"2025-04-30T13:29:27+00:00","dateModified":"2025-12-10T13:52:54+00:00","description":"Storm Ultra Rodenticide combine une nouvelle formulation plus d\u00e9sirable avec l'ingr\u00e9dient actif flocoumafen \u00e0 25 ppm.","breadcrumb":{"@id":"https:\/\/saiga.es\/fr\/produit\/rodenticida-storm-ultra\/#breadcrumb"},"inLanguage":"fr-FR","potentialAction":[{"@type":"ReadAction","target":["https:\/\/saiga.es\/fr\/produit\/rodenticida-storm-ultra\/"]}]},{"@type":"ImageObject","inLanguage":"fr-FR","@id":"https:\/\/saiga.es\/fr\/produit\/rodenticida-storm-ultra\/#primaryimage","url":"https:\/\/saiga.es\/wp-content\/uploads\/2025\/04\/Storm-150-g.jpg","contentUrl":"https:\/\/saiga.es\/wp-content\/uploads\/2025\/04\/Storm-150-g.jpg","width":1080,"height":1080,"caption":"Storm"},{"@type":"BreadcrumbList","@id":"https:\/\/saiga.es\/fr\/produit\/rodenticida-storm-ultra\/#breadcrumb","itemListElement":[{"@type":"ListItem","position":1,"name":"Inici","item":"https:\/\/saiga.es\/fr\/"},{"@type":"ListItem","position":2,"name":"boutique","item":"https:\/\/saiga.es\/fr\/boutique\/"},{"@type":"ListItem","position":3,"name":"Rodenticide Storm Ultra"}]},{"@type":"WebSite","@id":"https:\/\/saiga.es\/fr\/#website","url":"https:\/\/saiga.es\/fr\/","name":"SAIGA","description":"M\u00e9s de 50 anys al servei de la terra i treballant per a un \u00fas eficient de l\u2019aigua!","publisher":{"@id":"https:\/\/saiga.es\/fr\/#organization"},"potentialAction":[{"@type":"SearchAction","target":{"@type":"EntryPoint","urlTemplate":"https:\/\/saiga.es\/fr\/?s={search_term_string}"},"query-input":{"@type":"PropertyValueSpecification","valueRequired":true,"valueName":"search_term_string"}}],"inLanguage":"fr-FR"},{"@type":"Organization","@id":"https:\/\/saiga.es\/fr\/#organization","name":"SAIGA","url":"https:\/\/saiga.es\/fr\/","logo":{"@type":"ImageObject","inLanguage":"fr-FR","@id":"https:\/\/saiga.es\/fr\/#\/schema\/logo\/image\/","url":"https:\/\/saiga.es\/wp-content\/uploads\/2025\/07\/logo_saiga_baseline_optimitzat.svg","contentUrl":"https:\/\/saiga.es\/wp-content\/uploads\/2025\/07\/logo_saiga_baseline_optimitzat.svg","caption":"SAIGA"},"image":{"@id":"https:\/\/saiga.es\/fr\/#\/schema\/logo\/image\/"},"sameAs":["https:\/\/x.com\/saiga_agro","https:\/\/www.instagram.com\/saiga_agro\/"]}]}},"_links":{"self":[{"href":"https:\/\/saiga.es\/fr\/wp-json\/wp\/v2\/product\/14670","targetHints":{"allow":["GET"]}}],"collection":[{"href":"https:\/\/saiga.es\/fr\/wp-json\/wp\/v2\/product"}],"about":[{"href":"https:\/\/saiga.es\/fr\/wp-json\/wp\/v2\/types\/product"}],"replies":[{"embeddable":true,"href":"https:\/\/saiga.es\/fr\/wp-json\/wp\/v2\/comments?post=14670"}],"wp:featuredmedia":[{"embeddable":true,"href":"https:\/\/saiga.es\/fr\/wp-json\/wp\/v2\/media\/14957"}],"wp:attachment":[{"href":"https:\/\/saiga.es\/fr\/wp-json\/wp\/v2\/media?parent=14670"}],"wp:term":[{"taxonomy":"product_brand","embeddable":true,"href":"https:\/\/saiga.es\/fr\/wp-json\/wp\/v2\/product_brand?post=14670"},{"taxonomy":"product_cat","embeddable":true,"href":"https:\/\/saiga.es\/fr\/wp-json\/wp\/v2\/product_cat?post=14670"},{"taxonomy":"product_tag","embeddable":true,"href":"https:\/\/saiga.es\/fr\/wp-json\/wp\/v2\/product_tag?post=14670"}],"curies":[{"name":"wp","href":"https:\/\/api.w.org\/{rel}","templated":true}]}}