{"id":14686,"date":"2025-05-02T10:21:43","date_gmt":"2025-05-02T10:21:43","guid":{"rendered":"https:\/\/botiga.saiga.es\/producte\/adybac-1001\/"},"modified":"2025-05-02T10:21:43","modified_gmt":"2025-05-02T10:21:43","slug":"adybac-1001","status":"publish","type":"product","link":"https:\/\/saiga.es\/fr\/produit\/adybac-1001\/","title":{"rendered":"Adybac 1001"},"content":{"rendered":"<p>Adybac 1001 est un insecticide tr\u00e8s efficace capable d&rsquo;\u00e9liminer rapidement et facilement tous les types d&rsquo;insectes, sp\u00e9cialement formul\u00e9 pour tuer les gu\u00eapes de velours, les gu\u00eapes asiatiques, les frelons et leurs nids. Applicable aussi bien \u00e0 l&rsquo;int\u00e9rieur qu&rsquo;\u00e0 l&rsquo;ext\u00e9rieur et avec un capuchon pulv\u00e9risateur pour assurer une application correcte. Il forme un effet de nuage similaire \u00e0 celui produit lorsqu&rsquo;un extincteur est d\u00e9clench\u00e9 et a une large port\u00e9e.  <\/p>\n","protected":false},"excerpt":{"rendered":"<p>Adybac 1001 est un insecticide tr\u00e8s efficace capable d&rsquo;\u00e9liminer rapidement et facilement tous les types d&rsquo;insectes, sp\u00e9cialement formul\u00e9 pour tuer les gu\u00eapes de velours, les gu\u00eapes asiatiques, les frelons et leurs nids.<\/p>\n","protected":false},"featured_media":14684,"comment_status":"closed","ping_status":"closed","template":"","meta":[],"product_brand":[2204],"product_cat":[442],"product_tag":[2124,2123],"class_list":{"0":"post-14686","1":"product","2":"type-product","3":"status-publish","4":"has-post-thumbnail","6":"product_brand-pba-fr","7":"product_cat-non-classe","8":"product_tag-guepe-asiatique","9":"product_tag-guepes-fr","11":"first","12":"outofstock","13":"taxable","14":"shipping-taxable","15":"purchasable","16":"product-type-simple"},"yoast_head":"<!-- This site is optimized with the Yoast SEO plugin v27.4 - https:\/\/yoast.com\/product\/yoast-seo-wordpress\/ -->\n<title>Adybac 1001 | SAIGA<\/title>\n<meta name=\"description\" content=\"Adybac 1001 est un insecticide tr\u00e8s efficace capable d&#039;\u00e9liminer rapidement et facilement tous les types d&#039;insectes, sp\u00e9cialement formul\u00e9 pour tuer les gu\u00eapes de velours, les gu\u00eapes asiatiques, les frelons et leurs nids.\" \/>\n<meta name=\"robots\" content=\"index, follow, max-snippet:-1, max-image-preview:large, max-video-preview:-1\" \/>\n<link rel=\"canonical\" href=\"https:\/\/saiga.es\/fr\/produit\/adybac-1001\/\" \/>\n<meta property=\"og:locale\" content=\"fr_FR\" \/>\n<meta property=\"og:type\" content=\"article\" \/>\n<meta property=\"og:title\" content=\"Adybac 1001 | SAIGA\" \/>\n<meta property=\"og:description\" content=\"Adybac 1001 est un insecticide tr\u00e8s efficace capable d&#039;\u00e9liminer rapidement et facilement tous les types d&#039;insectes, sp\u00e9cialement formul\u00e9 pour tuer les gu\u00eapes de velours, les gu\u00eapes asiatiques, les frelons et leurs nids.\" \/>\n<meta property=\"og:url\" content=\"https:\/\/saiga.es\/fr\/produit\/adybac-1001\/\" \/>\n<meta property=\"og:site_name\" content=\"SAIGA\" \/>\n<meta property=\"og:image\" content=\"https:\/\/saiga.es\/wp-content\/uploads\/2025\/05\/Adybac-vespers-PBA.jpg\" \/>\n\t<meta property=\"og:image:width\" content=\"1080\" \/>\n\t<meta property=\"og:image:height\" content=\"1080\" \/>\n\t<meta property=\"og:image:type\" content=\"image\/jpeg\" \/>\n<meta name=\"twitter:card\" content=\"summary_large_image\" \/>\n<meta name=\"twitter:site\" content=\"@saiga_agro\" \/>\n<script type=\"application\/ld+json\" class=\"yoast-schema-graph\">{\"@context\":\"https:\\\/\\\/schema.org\",\"@graph\":[{\"@type\":\"WebPage\",\"@id\":\"https:\\\/\\\/saiga.es\\\/fr\\\/produit\\\/adybac-1001\\\/\",\"url\":\"https:\\\/\\\/saiga.es\\\/fr\\\/produit\\\/adybac-1001\\\/\",\"name\":\"Adybac 1001 | SAIGA\",\"isPartOf\":{\"@id\":\"https:\\\/\\\/saiga.es\\\/fr\\\/#website\"},\"primaryImageOfPage\":{\"@id\":\"https:\\\/\\\/saiga.es\\\/fr\\\/produit\\\/adybac-1001\\\/#primaryimage\"},\"image\":{\"@id\":\"https:\\\/\\\/saiga.es\\\/fr\\\/produit\\\/adybac-1001\\\/#primaryimage\"},\"thumbnailUrl\":\"https:\\\/\\\/saiga.es\\\/wp-content\\\/uploads\\\/2025\\\/05\\\/Adybac-vespers-PBA.jpg\",\"datePublished\":\"2025-05-02T10:21:43+00:00\",\"description\":\"Adybac 1001 est un insecticide tr\u00e8s efficace capable d'\u00e9liminer rapidement et facilement tous les types d'insectes, sp\u00e9cialement formul\u00e9 pour tuer les gu\u00eapes de velours, les gu\u00eapes asiatiques, les frelons et leurs nids.\",\"breadcrumb\":{\"@id\":\"https:\\\/\\\/saiga.es\\\/fr\\\/produit\\\/adybac-1001\\\/#breadcrumb\"},\"inLanguage\":\"fr-FR\",\"potentialAction\":[{\"@type\":\"ReadAction\",\"target\":[\"https:\\\/\\\/saiga.es\\\/fr\\\/produit\\\/adybac-1001\\\/\"]}]},{\"@type\":\"ImageObject\",\"inLanguage\":\"fr-FR\",\"@id\":\"https:\\\/\\\/saiga.es\\\/fr\\\/produit\\\/adybac-1001\\\/#primaryimage\",\"url\":\"https:\\\/\\\/saiga.es\\\/wp-content\\\/uploads\\\/2025\\\/05\\\/Adybac-vespers-PBA.jpg\",\"contentUrl\":\"https:\\\/\\\/saiga.es\\\/wp-content\\\/uploads\\\/2025\\\/05\\\/Adybac-vespers-PBA.jpg\",\"width\":1080,\"height\":1080,\"caption\":\"Adybac Avisperos PBA\"},{\"@type\":\"BreadcrumbList\",\"@id\":\"https:\\\/\\\/saiga.es\\\/fr\\\/produit\\\/adybac-1001\\\/#breadcrumb\",\"itemListElement\":[{\"@type\":\"ListItem\",\"position\":1,\"name\":\"Inici\",\"item\":\"https:\\\/\\\/saiga.es\\\/fr\\\/\"},{\"@type\":\"ListItem\",\"position\":2,\"name\":\"boutique\",\"item\":\"https:\\\/\\\/saiga.es\\\/fr\\\/boutique\\\/\"},{\"@type\":\"ListItem\",\"position\":3,\"name\":\"Adybac 1001\"}]},{\"@type\":\"WebSite\",\"@id\":\"https:\\\/\\\/saiga.es\\\/fr\\\/#website\",\"url\":\"https:\\\/\\\/saiga.es\\\/fr\\\/\",\"name\":\"SAIGA\",\"description\":\"M\u00e9s de 50 anys al servei de la terra i treballant per a un \u00fas eficient de l\u2019aigua!\",\"publisher\":{\"@id\":\"https:\\\/\\\/saiga.es\\\/fr\\\/#organization\"},\"potentialAction\":[{\"@type\":\"SearchAction\",\"target\":{\"@type\":\"EntryPoint\",\"urlTemplate\":\"https:\\\/\\\/saiga.es\\\/fr\\\/?s={search_term_string}\"},\"query-input\":{\"@type\":\"PropertyValueSpecification\",\"valueRequired\":true,\"valueName\":\"search_term_string\"}}],\"inLanguage\":\"fr-FR\"},{\"@type\":\"Organization\",\"@id\":\"https:\\\/\\\/saiga.es\\\/fr\\\/#organization\",\"name\":\"SAIGA\",\"url\":\"https:\\\/\\\/saiga.es\\\/fr\\\/\",\"logo\":{\"@type\":\"ImageObject\",\"inLanguage\":\"fr-FR\",\"@id\":\"https:\\\/\\\/saiga.es\\\/fr\\\/#\\\/schema\\\/logo\\\/image\\\/\",\"url\":\"https:\\\/\\\/saiga.es\\\/wp-content\\\/uploads\\\/2025\\\/07\\\/logo_saiga_baseline_optimitzat.svg\",\"contentUrl\":\"https:\\\/\\\/saiga.es\\\/wp-content\\\/uploads\\\/2025\\\/07\\\/logo_saiga_baseline_optimitzat.svg\",\"caption\":\"SAIGA\"},\"image\":{\"@id\":\"https:\\\/\\\/saiga.es\\\/fr\\\/#\\\/schema\\\/logo\\\/image\\\/\"},\"sameAs\":[\"https:\\\/\\\/x.com\\\/saiga_agro\",\"https:\\\/\\\/www.instagram.com\\\/saiga_agro\\\/\"]}]}<\/script>\n<!-- \/ Yoast SEO plugin. -->","yoast_head_json":{"title":"Adybac 1001 | SAIGA","description":"Adybac 1001 est un insecticide tr\u00e8s efficace capable d'\u00e9liminer rapidement et facilement tous les types d'insectes, sp\u00e9cialement formul\u00e9 pour tuer les gu\u00eapes de velours, les gu\u00eapes asiatiques, les frelons et leurs nids.","robots":{"index":"index","follow":"follow","max-snippet":"max-snippet:-1","max-image-preview":"max-image-preview:large","max-video-preview":"max-video-preview:-1"},"canonical":"https:\/\/saiga.es\/fr\/produit\/adybac-1001\/","og_locale":"fr_FR","og_type":"article","og_title":"Adybac 1001 | SAIGA","og_description":"Adybac 1001 est un insecticide tr\u00e8s efficace capable d'\u00e9liminer rapidement et facilement tous les types d'insectes, sp\u00e9cialement formul\u00e9 pour tuer les gu\u00eapes de velours, les gu\u00eapes asiatiques, les frelons et leurs nids.","og_url":"https:\/\/saiga.es\/fr\/produit\/adybac-1001\/","og_site_name":"SAIGA","og_image":[{"width":1080,"height":1080,"url":"https:\/\/saiga.es\/wp-content\/uploads\/2025\/05\/Adybac-vespers-PBA.jpg","type":"image\/jpeg"}],"twitter_card":"summary_large_image","twitter_site":"@saiga_agro","schema":{"@context":"https:\/\/schema.org","@graph":[{"@type":"WebPage","@id":"https:\/\/saiga.es\/fr\/produit\/adybac-1001\/","url":"https:\/\/saiga.es\/fr\/produit\/adybac-1001\/","name":"Adybac 1001 | SAIGA","isPartOf":{"@id":"https:\/\/saiga.es\/fr\/#website"},"primaryImageOfPage":{"@id":"https:\/\/saiga.es\/fr\/produit\/adybac-1001\/#primaryimage"},"image":{"@id":"https:\/\/saiga.es\/fr\/produit\/adybac-1001\/#primaryimage"},"thumbnailUrl":"https:\/\/saiga.es\/wp-content\/uploads\/2025\/05\/Adybac-vespers-PBA.jpg","datePublished":"2025-05-02T10:21:43+00:00","description":"Adybac 1001 est un insecticide tr\u00e8s efficace capable d'\u00e9liminer rapidement et facilement tous les types d'insectes, sp\u00e9cialement formul\u00e9 pour tuer les gu\u00eapes de velours, les gu\u00eapes asiatiques, les frelons et leurs nids.","breadcrumb":{"@id":"https:\/\/saiga.es\/fr\/produit\/adybac-1001\/#breadcrumb"},"inLanguage":"fr-FR","potentialAction":[{"@type":"ReadAction","target":["https:\/\/saiga.es\/fr\/produit\/adybac-1001\/"]}]},{"@type":"ImageObject","inLanguage":"fr-FR","@id":"https:\/\/saiga.es\/fr\/produit\/adybac-1001\/#primaryimage","url":"https:\/\/saiga.es\/wp-content\/uploads\/2025\/05\/Adybac-vespers-PBA.jpg","contentUrl":"https:\/\/saiga.es\/wp-content\/uploads\/2025\/05\/Adybac-vespers-PBA.jpg","width":1080,"height":1080,"caption":"Adybac Avisperos PBA"},{"@type":"BreadcrumbList","@id":"https:\/\/saiga.es\/fr\/produit\/adybac-1001\/#breadcrumb","itemListElement":[{"@type":"ListItem","position":1,"name":"Inici","item":"https:\/\/saiga.es\/fr\/"},{"@type":"ListItem","position":2,"name":"boutique","item":"https:\/\/saiga.es\/fr\/boutique\/"},{"@type":"ListItem","position":3,"name":"Adybac 1001"}]},{"@type":"WebSite","@id":"https:\/\/saiga.es\/fr\/#website","url":"https:\/\/saiga.es\/fr\/","name":"SAIGA","description":"M\u00e9s de 50 anys al servei de la terra i treballant per a un \u00fas eficient de l\u2019aigua!","publisher":{"@id":"https:\/\/saiga.es\/fr\/#organization"},"potentialAction":[{"@type":"SearchAction","target":{"@type":"EntryPoint","urlTemplate":"https:\/\/saiga.es\/fr\/?s={search_term_string}"},"query-input":{"@type":"PropertyValueSpecification","valueRequired":true,"valueName":"search_term_string"}}],"inLanguage":"fr-FR"},{"@type":"Organization","@id":"https:\/\/saiga.es\/fr\/#organization","name":"SAIGA","url":"https:\/\/saiga.es\/fr\/","logo":{"@type":"ImageObject","inLanguage":"fr-FR","@id":"https:\/\/saiga.es\/fr\/#\/schema\/logo\/image\/","url":"https:\/\/saiga.es\/wp-content\/uploads\/2025\/07\/logo_saiga_baseline_optimitzat.svg","contentUrl":"https:\/\/saiga.es\/wp-content\/uploads\/2025\/07\/logo_saiga_baseline_optimitzat.svg","caption":"SAIGA"},"image":{"@id":"https:\/\/saiga.es\/fr\/#\/schema\/logo\/image\/"},"sameAs":["https:\/\/x.com\/saiga_agro","https:\/\/www.instagram.com\/saiga_agro\/"]}]}},"_links":{"self":[{"href":"https:\/\/saiga.es\/fr\/wp-json\/wp\/v2\/product\/14686","targetHints":{"allow":["GET"]}}],"collection":[{"href":"https:\/\/saiga.es\/fr\/wp-json\/wp\/v2\/product"}],"about":[{"href":"https:\/\/saiga.es\/fr\/wp-json\/wp\/v2\/types\/product"}],"replies":[{"embeddable":true,"href":"https:\/\/saiga.es\/fr\/wp-json\/wp\/v2\/comments?post=14686"}],"wp:featuredmedia":[{"embeddable":true,"href":"https:\/\/saiga.es\/fr\/wp-json\/wp\/v2\/media\/14684"}],"wp:attachment":[{"href":"https:\/\/saiga.es\/fr\/wp-json\/wp\/v2\/media?parent=14686"}],"wp:term":[{"taxonomy":"product_brand","embeddable":true,"href":"https:\/\/saiga.es\/fr\/wp-json\/wp\/v2\/product_brand?post=14686"},{"taxonomy":"product_cat","embeddable":true,"href":"https:\/\/saiga.es\/fr\/wp-json\/wp\/v2\/product_cat?post=14686"},{"taxonomy":"product_tag","embeddable":true,"href":"https:\/\/saiga.es\/fr\/wp-json\/wp\/v2\/product_tag?post=14686"}],"curies":[{"name":"wp","href":"https:\/\/api.w.org\/{rel}","templated":true}]}}