{"id":14696,"date":"2025-05-05T10:46:41","date_gmt":"2025-05-05T10:46:41","guid":{"rendered":"https:\/\/botiga.saiga.es\/producte\/skuld-fluogel-anticucarachas\/"},"modified":"2025-12-10T14:03:14","modified_gmt":"2025-12-10T14:03:14","slug":"skuld-fluogel-anticucarachas","status":"publish","type":"product","link":"https:\/\/saiga.es\/fr\/produit\/skuld-fluogel-anticucarachas\/","title":{"rendered":"Skuld Fluogel anti-cafards"},"content":{"rendered":"<p>Skuld Fluogel Anticucarachas : votre alli\u00e9 invisible contre les cafards. Skuld Fluogel est un gel insecticide tr\u00e8s efficace, sp\u00e9cialement formul\u00e9 pour \u00e9liminer rapidement et durablement les cafards de cuisine (Blattella germanica et autres esp\u00e8ces courantes). Simple et discret d&rsquo;application, ce produit agit silencieusement mais implacablement, attirant les cafards et les \u00e9liminant de l&rsquo;int\u00e9rieur du nid.  <\/p>\n<p>Principales caract\u00e9ristiques :<\/p>\n<ul>\n<li>Action rapide et prolong\u00e9e : r\u00e9sultats visibles en quelques jours, avec une protection continue pendant des semaines.<\/li>\n<li>Formule gel : Permet une application pr\u00e9cise dans les fissures, les coins et les zones difficiles d&rsquo;acc\u00e8s.<\/li>\n<li>Fort pouvoir d&rsquo;attraction : Formul\u00e9 avec des attractifs alimentaires qui garantissent l&rsquo;ingestion par les vers.<\/li>\n<li>Usage domestique et professionnel : Id\u00e9al pour les cuisines, les salles de bains, les locaux commerciaux et l\u2019industrie agroalimentaire.<\/li>\n<\/ul>\n<p>Comment est-il utilis\u00e9 ?<br \/>\nAppliquez de petites gouttes de gel (de la taille d&rsquo;un pois chiche) \u00e0 des endroits strat\u00e9giques : derri\u00e8re les meubles, les appareils \u00e9lectrom\u00e9nagers, dans les fissures et les zones sombres et humides o\u00f9 se cachent les punaises de lit.<\/p>\n<p>Appliquez de petites gouttes de gel (de la taille d&rsquo;un petit pois) \u00e0 des endroits strat\u00e9giques : derri\u00e8re les meubles, les appareils \u00e9lectrom\u00e9nagers, dans les crevasses et les zones sombres et humides o\u00f9 se cachent les punaises de lit.Confia en Skuld Fluogel i oblida\u2019t de les cuques de forma neta, segura i efectiva.<\/p>\n<p>&nbsp;<\/p>\n","protected":false},"excerpt":{"rendered":"<p>Skuld Fluogel est un gel insecticide tr\u00e8s efficace sp\u00e9cialement formul\u00e9 pour \u00e9liminer les blattes de cuisine (Blattella germanica et autres esp\u00e8ces courantes) rapidement et durablement.<\/p>\n","protected":false},"featured_media":14703,"comment_status":"closed","ping_status":"closed","template":"","meta":[],"product_brand":[2206],"product_cat":[442],"product_tag":[2129,2130],"class_list":{"0":"post-14696","1":"product","2":"type-product","3":"status-publish","4":"has-post-thumbnail","6":"product_brand-fertiberia-fr","7":"product_cat-non-classe","8":"product_tag-antifongique","9":"product_tag-cafards","11":"first","12":"instock","13":"taxable","14":"shipping-taxable","15":"purchasable","16":"product-type-simple"},"yoast_head":"<!-- This site is optimized with the Yoast SEO plugin v27.4 - https:\/\/yoast.com\/product\/yoast-seo-wordpress\/ -->\n<title>Skuld Fluogel anti-cafards | SAIGA<\/title>\n<meta name=\"description\" content=\"Skuld Fluogel est un gel insecticide tr\u00e8s efficace sp\u00e9cialement formul\u00e9 pour \u00e9liminer les blattes de cuisine (Blattella germanica et autres esp\u00e8ces courantes) rapidement et durablement.\" \/>\n<meta name=\"robots\" content=\"index, follow, max-snippet:-1, max-image-preview:large, max-video-preview:-1\" \/>\n<link rel=\"canonical\" href=\"https:\/\/saiga.es\/fr\/produit\/skuld-fluogel-anticucarachas\/\" \/>\n<meta property=\"og:locale\" content=\"fr_FR\" \/>\n<meta property=\"og:type\" content=\"article\" \/>\n<meta property=\"og:title\" content=\"Skuld Fluogel anti-cafards | SAIGA\" \/>\n<meta property=\"og:description\" content=\"Skuld Fluogel est un gel insecticide tr\u00e8s efficace sp\u00e9cialement formul\u00e9 pour \u00e9liminer les blattes de cuisine (Blattella germanica et autres esp\u00e8ces courantes) rapidement et durablement.\" \/>\n<meta property=\"og:url\" content=\"https:\/\/saiga.es\/fr\/produit\/skuld-fluogel-anticucarachas\/\" \/>\n<meta property=\"og:site_name\" content=\"SAIGA\" \/>\n<meta property=\"article:modified_time\" content=\"2025-12-10T14:03:14+00:00\" \/>\n<meta property=\"og:image\" content=\"https:\/\/saiga.es\/wp-content\/uploads\/2025\/05\/Skuld-Fluogel-anticucarachas-1.jpg\" \/>\n\t<meta property=\"og:image:width\" content=\"1080\" \/>\n\t<meta property=\"og:image:height\" content=\"1080\" \/>\n\t<meta property=\"og:image:type\" content=\"image\/jpeg\" \/>\n<meta name=\"twitter:card\" content=\"summary_large_image\" \/>\n<meta name=\"twitter:site\" content=\"@saiga_agro\" \/>\n<meta name=\"twitter:label1\" content=\"Dur\u00e9e de lecture estim\u00e9e\" \/>\n\t<meta name=\"twitter:data1\" content=\"1 minute\" \/>\n<script type=\"application\/ld+json\" class=\"yoast-schema-graph\">{\"@context\":\"https:\\\/\\\/schema.org\",\"@graph\":[{\"@type\":\"WebPage\",\"@id\":\"https:\\\/\\\/saiga.es\\\/fr\\\/produit\\\/skuld-fluogel-anticucarachas\\\/\",\"url\":\"https:\\\/\\\/saiga.es\\\/fr\\\/produit\\\/skuld-fluogel-anticucarachas\\\/\",\"name\":\"Skuld Fluogel anti-cafards | SAIGA\",\"isPartOf\":{\"@id\":\"https:\\\/\\\/saiga.es\\\/fr\\\/#website\"},\"primaryImageOfPage\":{\"@id\":\"https:\\\/\\\/saiga.es\\\/fr\\\/produit\\\/skuld-fluogel-anticucarachas\\\/#primaryimage\"},\"image\":{\"@id\":\"https:\\\/\\\/saiga.es\\\/fr\\\/produit\\\/skuld-fluogel-anticucarachas\\\/#primaryimage\"},\"thumbnailUrl\":\"https:\\\/\\\/saiga.es\\\/wp-content\\\/uploads\\\/2025\\\/05\\\/Skuld-Fluogel-anticucarachas-1.jpg\",\"datePublished\":\"2025-05-05T10:46:41+00:00\",\"dateModified\":\"2025-12-10T14:03:14+00:00\",\"description\":\"Skuld Fluogel est un gel insecticide tr\u00e8s efficace sp\u00e9cialement formul\u00e9 pour \u00e9liminer les blattes de cuisine (Blattella germanica et autres esp\u00e8ces courantes) rapidement et durablement.\",\"breadcrumb\":{\"@id\":\"https:\\\/\\\/saiga.es\\\/fr\\\/produit\\\/skuld-fluogel-anticucarachas\\\/#breadcrumb\"},\"inLanguage\":\"fr-FR\",\"potentialAction\":[{\"@type\":\"ReadAction\",\"target\":[\"https:\\\/\\\/saiga.es\\\/fr\\\/produit\\\/skuld-fluogel-anticucarachas\\\/\"]}]},{\"@type\":\"ImageObject\",\"inLanguage\":\"fr-FR\",\"@id\":\"https:\\\/\\\/saiga.es\\\/fr\\\/produit\\\/skuld-fluogel-anticucarachas\\\/#primaryimage\",\"url\":\"https:\\\/\\\/saiga.es\\\/wp-content\\\/uploads\\\/2025\\\/05\\\/Skuld-Fluogel-anticucarachas-1.jpg\",\"contentUrl\":\"https:\\\/\\\/saiga.es\\\/wp-content\\\/uploads\\\/2025\\\/05\\\/Skuld-Fluogel-anticucarachas-1.jpg\",\"width\":1080,\"height\":1080,\"caption\":\"Skuld Fluogel anti-cafards\"},{\"@type\":\"BreadcrumbList\",\"@id\":\"https:\\\/\\\/saiga.es\\\/fr\\\/produit\\\/skuld-fluogel-anticucarachas\\\/#breadcrumb\",\"itemListElement\":[{\"@type\":\"ListItem\",\"position\":1,\"name\":\"Inici\",\"item\":\"https:\\\/\\\/saiga.es\\\/fr\\\/\"},{\"@type\":\"ListItem\",\"position\":2,\"name\":\"boutique\",\"item\":\"https:\\\/\\\/saiga.es\\\/fr\\\/boutique\\\/\"},{\"@type\":\"ListItem\",\"position\":3,\"name\":\"Skuld Fluogel anti-cafards\"}]},{\"@type\":\"WebSite\",\"@id\":\"https:\\\/\\\/saiga.es\\\/fr\\\/#website\",\"url\":\"https:\\\/\\\/saiga.es\\\/fr\\\/\",\"name\":\"SAIGA\",\"description\":\"M\u00e9s de 50 anys al servei de la terra i treballant per a un \u00fas eficient de l\u2019aigua!\",\"publisher\":{\"@id\":\"https:\\\/\\\/saiga.es\\\/fr\\\/#organization\"},\"potentialAction\":[{\"@type\":\"SearchAction\",\"target\":{\"@type\":\"EntryPoint\",\"urlTemplate\":\"https:\\\/\\\/saiga.es\\\/fr\\\/?s={search_term_string}\"},\"query-input\":{\"@type\":\"PropertyValueSpecification\",\"valueRequired\":true,\"valueName\":\"search_term_string\"}}],\"inLanguage\":\"fr-FR\"},{\"@type\":\"Organization\",\"@id\":\"https:\\\/\\\/saiga.es\\\/fr\\\/#organization\",\"name\":\"SAIGA\",\"url\":\"https:\\\/\\\/saiga.es\\\/fr\\\/\",\"logo\":{\"@type\":\"ImageObject\",\"inLanguage\":\"fr-FR\",\"@id\":\"https:\\\/\\\/saiga.es\\\/fr\\\/#\\\/schema\\\/logo\\\/image\\\/\",\"url\":\"https:\\\/\\\/saiga.es\\\/wp-content\\\/uploads\\\/2025\\\/07\\\/logo_saiga_baseline_optimitzat.svg\",\"contentUrl\":\"https:\\\/\\\/saiga.es\\\/wp-content\\\/uploads\\\/2025\\\/07\\\/logo_saiga_baseline_optimitzat.svg\",\"caption\":\"SAIGA\"},\"image\":{\"@id\":\"https:\\\/\\\/saiga.es\\\/fr\\\/#\\\/schema\\\/logo\\\/image\\\/\"},\"sameAs\":[\"https:\\\/\\\/x.com\\\/saiga_agro\",\"https:\\\/\\\/www.instagram.com\\\/saiga_agro\\\/\"]}]}<\/script>\n<!-- \/ Yoast SEO plugin. -->","yoast_head_json":{"title":"Skuld Fluogel anti-cafards | SAIGA","description":"Skuld Fluogel est un gel insecticide tr\u00e8s efficace sp\u00e9cialement formul\u00e9 pour \u00e9liminer les blattes de cuisine (Blattella germanica et autres esp\u00e8ces courantes) rapidement et durablement.","robots":{"index":"index","follow":"follow","max-snippet":"max-snippet:-1","max-image-preview":"max-image-preview:large","max-video-preview":"max-video-preview:-1"},"canonical":"https:\/\/saiga.es\/fr\/produit\/skuld-fluogel-anticucarachas\/","og_locale":"fr_FR","og_type":"article","og_title":"Skuld Fluogel anti-cafards | SAIGA","og_description":"Skuld Fluogel est un gel insecticide tr\u00e8s efficace sp\u00e9cialement formul\u00e9 pour \u00e9liminer les blattes de cuisine (Blattella germanica et autres esp\u00e8ces courantes) rapidement et durablement.","og_url":"https:\/\/saiga.es\/fr\/produit\/skuld-fluogel-anticucarachas\/","og_site_name":"SAIGA","article_modified_time":"2025-12-10T14:03:14+00:00","og_image":[{"width":1080,"height":1080,"url":"https:\/\/saiga.es\/wp-content\/uploads\/2025\/05\/Skuld-Fluogel-anticucarachas-1.jpg","type":"image\/jpeg"}],"twitter_card":"summary_large_image","twitter_site":"@saiga_agro","twitter_misc":{"Dur\u00e9e de lecture estim\u00e9e":"1 minute"},"schema":{"@context":"https:\/\/schema.org","@graph":[{"@type":"WebPage","@id":"https:\/\/saiga.es\/fr\/produit\/skuld-fluogel-anticucarachas\/","url":"https:\/\/saiga.es\/fr\/produit\/skuld-fluogel-anticucarachas\/","name":"Skuld Fluogel anti-cafards | SAIGA","isPartOf":{"@id":"https:\/\/saiga.es\/fr\/#website"},"primaryImageOfPage":{"@id":"https:\/\/saiga.es\/fr\/produit\/skuld-fluogel-anticucarachas\/#primaryimage"},"image":{"@id":"https:\/\/saiga.es\/fr\/produit\/skuld-fluogel-anticucarachas\/#primaryimage"},"thumbnailUrl":"https:\/\/saiga.es\/wp-content\/uploads\/2025\/05\/Skuld-Fluogel-anticucarachas-1.jpg","datePublished":"2025-05-05T10:46:41+00:00","dateModified":"2025-12-10T14:03:14+00:00","description":"Skuld Fluogel est un gel insecticide tr\u00e8s efficace sp\u00e9cialement formul\u00e9 pour \u00e9liminer les blattes de cuisine (Blattella germanica et autres esp\u00e8ces courantes) rapidement et durablement.","breadcrumb":{"@id":"https:\/\/saiga.es\/fr\/produit\/skuld-fluogel-anticucarachas\/#breadcrumb"},"inLanguage":"fr-FR","potentialAction":[{"@type":"ReadAction","target":["https:\/\/saiga.es\/fr\/produit\/skuld-fluogel-anticucarachas\/"]}]},{"@type":"ImageObject","inLanguage":"fr-FR","@id":"https:\/\/saiga.es\/fr\/produit\/skuld-fluogel-anticucarachas\/#primaryimage","url":"https:\/\/saiga.es\/wp-content\/uploads\/2025\/05\/Skuld-Fluogel-anticucarachas-1.jpg","contentUrl":"https:\/\/saiga.es\/wp-content\/uploads\/2025\/05\/Skuld-Fluogel-anticucarachas-1.jpg","width":1080,"height":1080,"caption":"Skuld Fluogel anti-cafards"},{"@type":"BreadcrumbList","@id":"https:\/\/saiga.es\/fr\/produit\/skuld-fluogel-anticucarachas\/#breadcrumb","itemListElement":[{"@type":"ListItem","position":1,"name":"Inici","item":"https:\/\/saiga.es\/fr\/"},{"@type":"ListItem","position":2,"name":"boutique","item":"https:\/\/saiga.es\/fr\/boutique\/"},{"@type":"ListItem","position":3,"name":"Skuld Fluogel anti-cafards"}]},{"@type":"WebSite","@id":"https:\/\/saiga.es\/fr\/#website","url":"https:\/\/saiga.es\/fr\/","name":"SAIGA","description":"M\u00e9s de 50 anys al servei de la terra i treballant per a un \u00fas eficient de l\u2019aigua!","publisher":{"@id":"https:\/\/saiga.es\/fr\/#organization"},"potentialAction":[{"@type":"SearchAction","target":{"@type":"EntryPoint","urlTemplate":"https:\/\/saiga.es\/fr\/?s={search_term_string}"},"query-input":{"@type":"PropertyValueSpecification","valueRequired":true,"valueName":"search_term_string"}}],"inLanguage":"fr-FR"},{"@type":"Organization","@id":"https:\/\/saiga.es\/fr\/#organization","name":"SAIGA","url":"https:\/\/saiga.es\/fr\/","logo":{"@type":"ImageObject","inLanguage":"fr-FR","@id":"https:\/\/saiga.es\/fr\/#\/schema\/logo\/image\/","url":"https:\/\/saiga.es\/wp-content\/uploads\/2025\/07\/logo_saiga_baseline_optimitzat.svg","contentUrl":"https:\/\/saiga.es\/wp-content\/uploads\/2025\/07\/logo_saiga_baseline_optimitzat.svg","caption":"SAIGA"},"image":{"@id":"https:\/\/saiga.es\/fr\/#\/schema\/logo\/image\/"},"sameAs":["https:\/\/x.com\/saiga_agro","https:\/\/www.instagram.com\/saiga_agro\/"]}]}},"_links":{"self":[{"href":"https:\/\/saiga.es\/fr\/wp-json\/wp\/v2\/product\/14696","targetHints":{"allow":["GET"]}}],"collection":[{"href":"https:\/\/saiga.es\/fr\/wp-json\/wp\/v2\/product"}],"about":[{"href":"https:\/\/saiga.es\/fr\/wp-json\/wp\/v2\/types\/product"}],"replies":[{"embeddable":true,"href":"https:\/\/saiga.es\/fr\/wp-json\/wp\/v2\/comments?post=14696"}],"wp:featuredmedia":[{"embeddable":true,"href":"https:\/\/saiga.es\/fr\/wp-json\/wp\/v2\/media\/14703"}],"wp:attachment":[{"href":"https:\/\/saiga.es\/fr\/wp-json\/wp\/v2\/media?parent=14696"}],"wp:term":[{"taxonomy":"product_brand","embeddable":true,"href":"https:\/\/saiga.es\/fr\/wp-json\/wp\/v2\/product_brand?post=14696"},{"taxonomy":"product_cat","embeddable":true,"href":"https:\/\/saiga.es\/fr\/wp-json\/wp\/v2\/product_cat?post=14696"},{"taxonomy":"product_tag","embeddable":true,"href":"https:\/\/saiga.es\/fr\/wp-json\/wp\/v2\/product_tag?post=14696"}],"curies":[{"name":"wp","href":"https:\/\/api.w.org\/{rel}","templated":true}]}}