{"id":14809,"date":"2025-05-13T09:43:34","date_gmt":"2025-05-13T09:43:34","guid":{"rendered":"https:\/\/botiga.saiga.es\/producte\/programmateur-dirrigation-aquauno-logica-1-ligne\/"},"modified":"2025-05-13T09:43:34","modified_gmt":"2025-05-13T09:43:34","slug":"programmateur-dirrigation-aquauno-logica-1-ligne","status":"publish","type":"product","link":"https:\/\/saiga.es\/fr\/produit\/programmateur-dirrigation-aquauno-logica-1-ligne\/","title":{"rendered":"Programmateur d&rsquo;irrigation Aquauno Logica 1 ligne"},"content":{"rendered":"<p>Programmateur d&rsquo;irrigation monocanal avec 15 programmes pr\u00e9d\u00e9finis qui sont s\u00e9lectionn\u00e9s en tournant le bouton de commande unique. En tournant simplement le bouton sur l&rsquo;un des 15 num\u00e9ros de programme, le programme d&rsquo;irrigation est s\u00e9lectionn\u00e9 en quelques secondes. Tous les programmes d&rsquo;irrigation sont r\u00e9sum\u00e9s dans un sch\u00e9ma attach\u00e9 au couvercle. Equip\u00e9 d&rsquo;un filtre en maille m\u00e9tallique. Raccordement au robinet 3\/4&Prime; (20-27 mm). Fonctionne avec une pile alcaline de 9 V, suffisante pour une station compl\u00e8te. Les composants \u00e9lectroniques sont scell\u00e9s. Pression de service de 0,5 \u00e0 10 bar. 100 % contr\u00f4l\u00e9 et test\u00e9.        <\/p>\n","protected":false},"excerpt":{"rendered":"<p>Programmateur d&rsquo;irrigation monocanal avec 15 programmes pr\u00e9d\u00e9finis qui sont s\u00e9lectionn\u00e9s en tournant le bouton de commande unique.<\/p>\n","protected":false},"featured_media":14807,"comment_status":"closed","ping_status":"closed","template":"","meta":[],"product_brand":[1887],"product_cat":[475],"product_tag":[1289,2144,2143,869],"class_list":{"0":"post-14809","1":"product","2":"type-product","3":"status-publish","4":"has-post-thumbnail","6":"product_brand-gardena","7":"product_cat-programmeurs","8":"product_tag-automatique","9":"product_tag-programmeur-a-sens-unique","10":"product_tag-programmeur-enregistre","11":"product_tag-tuyau","13":"first","14":"instock","15":"taxable","16":"shipping-taxable","17":"purchasable","18":"product-type-simple"},"yoast_head":"<!-- This site is optimized with the Yoast SEO plugin v27.4 - https:\/\/yoast.com\/product\/yoast-seo-wordpress\/ -->\n<title>Programmateur d&#039;irrigation Aquauno Logica 1 ligne | SAIGA<\/title>\n<meta name=\"description\" content=\"Programmateur d&#039;irrigation monocanal avec 15 programmes pr\u00e9d\u00e9finis qui sont s\u00e9lectionn\u00e9s en tournant le bouton de commande unique.\" \/>\n<meta name=\"robots\" content=\"index, follow, max-snippet:-1, max-image-preview:large, max-video-preview:-1\" \/>\n<link rel=\"canonical\" href=\"https:\/\/saiga.es\/fr\/produit\/programmateur-dirrigation-aquauno-logica-1-ligne\/\" \/>\n<meta property=\"og:locale\" content=\"fr_FR\" \/>\n<meta property=\"og:type\" content=\"article\" \/>\n<meta property=\"og:title\" content=\"Programmateur d&#039;irrigation Aquauno Logica 1 ligne | SAIGA\" \/>\n<meta property=\"og:description\" content=\"Programmateur d&#039;irrigation monocanal avec 15 programmes pr\u00e9d\u00e9finis qui sont s\u00e9lectionn\u00e9s en tournant le bouton de commande unique.\" \/>\n<meta property=\"og:url\" content=\"https:\/\/saiga.es\/fr\/produit\/programmateur-dirrigation-aquauno-logica-1-ligne\/\" \/>\n<meta property=\"og:site_name\" content=\"SAIGA\" \/>\n<meta property=\"og:image\" content=\"https:\/\/saiga.es\/wp-content\/uploads\/2025\/05\/Programador-reg-8422-Aquauno-Logica.jpg\" \/>\n\t<meta property=\"og:image:width\" content=\"1080\" \/>\n\t<meta property=\"og:image:height\" content=\"1080\" \/>\n\t<meta property=\"og:image:type\" content=\"image\/jpeg\" \/>\n<meta name=\"twitter:card\" content=\"summary_large_image\" \/>\n<meta name=\"twitter:site\" content=\"@saiga_agro\" \/>\n<script type=\"application\/ld+json\" class=\"yoast-schema-graph\">{\"@context\":\"https:\\\/\\\/schema.org\",\"@graph\":[{\"@type\":\"WebPage\",\"@id\":\"https:\\\/\\\/saiga.es\\\/fr\\\/produit\\\/programmateur-dirrigation-aquauno-logica-1-ligne\\\/\",\"url\":\"https:\\\/\\\/saiga.es\\\/fr\\\/produit\\\/programmateur-dirrigation-aquauno-logica-1-ligne\\\/\",\"name\":\"Programmateur d'irrigation Aquauno Logica 1 ligne | SAIGA\",\"isPartOf\":{\"@id\":\"https:\\\/\\\/saiga.es\\\/fr\\\/#website\"},\"primaryImageOfPage\":{\"@id\":\"https:\\\/\\\/saiga.es\\\/fr\\\/produit\\\/programmateur-dirrigation-aquauno-logica-1-ligne\\\/#primaryimage\"},\"image\":{\"@id\":\"https:\\\/\\\/saiga.es\\\/fr\\\/produit\\\/programmateur-dirrigation-aquauno-logica-1-ligne\\\/#primaryimage\"},\"thumbnailUrl\":\"https:\\\/\\\/saiga.es\\\/wp-content\\\/uploads\\\/2025\\\/05\\\/Programador-reg-8422-Aquauno-Logica.jpg\",\"datePublished\":\"2025-05-13T09:43:34+00:00\",\"description\":\"Programmateur d'irrigation monocanal avec 15 programmes pr\u00e9d\u00e9finis qui sont s\u00e9lectionn\u00e9s en tournant le bouton de commande unique.\",\"breadcrumb\":{\"@id\":\"https:\\\/\\\/saiga.es\\\/fr\\\/produit\\\/programmateur-dirrigation-aquauno-logica-1-ligne\\\/#breadcrumb\"},\"inLanguage\":\"fr-FR\",\"potentialAction\":[{\"@type\":\"ReadAction\",\"target\":[\"https:\\\/\\\/saiga.es\\\/fr\\\/produit\\\/programmateur-dirrigation-aquauno-logica-1-ligne\\\/\"]}]},{\"@type\":\"ImageObject\",\"inLanguage\":\"fr-FR\",\"@id\":\"https:\\\/\\\/saiga.es\\\/fr\\\/produit\\\/programmateur-dirrigation-aquauno-logica-1-ligne\\\/#primaryimage\",\"url\":\"https:\\\/\\\/saiga.es\\\/wp-content\\\/uploads\\\/2025\\\/05\\\/Programador-reg-8422-Aquauno-Logica.jpg\",\"contentUrl\":\"https:\\\/\\\/saiga.es\\\/wp-content\\\/uploads\\\/2025\\\/05\\\/Programador-reg-8422-Aquauno-Logica.jpg\",\"width\":1080,\"height\":1080,\"caption\":\"Programador reg 8422 Logica 1 l\u00ednia\"},{\"@type\":\"BreadcrumbList\",\"@id\":\"https:\\\/\\\/saiga.es\\\/fr\\\/produit\\\/programmateur-dirrigation-aquauno-logica-1-ligne\\\/#breadcrumb\",\"itemListElement\":[{\"@type\":\"ListItem\",\"position\":1,\"name\":\"Inici\",\"item\":\"https:\\\/\\\/saiga.es\\\/fr\\\/\"},{\"@type\":\"ListItem\",\"position\":2,\"name\":\"boutique\",\"item\":\"https:\\\/\\\/saiga.es\\\/fr\\\/boutique\\\/\"},{\"@type\":\"ListItem\",\"position\":3,\"name\":\"Programmateur d&#8217;irrigation Aquauno Logica 1 ligne\"}]},{\"@type\":\"WebSite\",\"@id\":\"https:\\\/\\\/saiga.es\\\/fr\\\/#website\",\"url\":\"https:\\\/\\\/saiga.es\\\/fr\\\/\",\"name\":\"SAIGA\",\"description\":\"M\u00e9s de 50 anys al servei de la terra i treballant per a un \u00fas eficient de l\u2019aigua!\",\"publisher\":{\"@id\":\"https:\\\/\\\/saiga.es\\\/fr\\\/#organization\"},\"potentialAction\":[{\"@type\":\"SearchAction\",\"target\":{\"@type\":\"EntryPoint\",\"urlTemplate\":\"https:\\\/\\\/saiga.es\\\/fr\\\/?s={search_term_string}\"},\"query-input\":{\"@type\":\"PropertyValueSpecification\",\"valueRequired\":true,\"valueName\":\"search_term_string\"}}],\"inLanguage\":\"fr-FR\"},{\"@type\":\"Organization\",\"@id\":\"https:\\\/\\\/saiga.es\\\/fr\\\/#organization\",\"name\":\"SAIGA\",\"url\":\"https:\\\/\\\/saiga.es\\\/fr\\\/\",\"logo\":{\"@type\":\"ImageObject\",\"inLanguage\":\"fr-FR\",\"@id\":\"https:\\\/\\\/saiga.es\\\/fr\\\/#\\\/schema\\\/logo\\\/image\\\/\",\"url\":\"https:\\\/\\\/saiga.es\\\/wp-content\\\/uploads\\\/2025\\\/07\\\/logo_saiga_baseline_optimitzat.svg\",\"contentUrl\":\"https:\\\/\\\/saiga.es\\\/wp-content\\\/uploads\\\/2025\\\/07\\\/logo_saiga_baseline_optimitzat.svg\",\"caption\":\"SAIGA\"},\"image\":{\"@id\":\"https:\\\/\\\/saiga.es\\\/fr\\\/#\\\/schema\\\/logo\\\/image\\\/\"},\"sameAs\":[\"https:\\\/\\\/x.com\\\/saiga_agro\",\"https:\\\/\\\/www.instagram.com\\\/saiga_agro\\\/\"]}]}<\/script>\n<!-- \/ Yoast SEO plugin. -->","yoast_head_json":{"title":"Programmateur d'irrigation Aquauno Logica 1 ligne | SAIGA","description":"Programmateur d'irrigation monocanal avec 15 programmes pr\u00e9d\u00e9finis qui sont s\u00e9lectionn\u00e9s en tournant le bouton de commande unique.","robots":{"index":"index","follow":"follow","max-snippet":"max-snippet:-1","max-image-preview":"max-image-preview:large","max-video-preview":"max-video-preview:-1"},"canonical":"https:\/\/saiga.es\/fr\/produit\/programmateur-dirrigation-aquauno-logica-1-ligne\/","og_locale":"fr_FR","og_type":"article","og_title":"Programmateur d'irrigation Aquauno Logica 1 ligne | SAIGA","og_description":"Programmateur d'irrigation monocanal avec 15 programmes pr\u00e9d\u00e9finis qui sont s\u00e9lectionn\u00e9s en tournant le bouton de commande unique.","og_url":"https:\/\/saiga.es\/fr\/produit\/programmateur-dirrigation-aquauno-logica-1-ligne\/","og_site_name":"SAIGA","og_image":[{"width":1080,"height":1080,"url":"https:\/\/saiga.es\/wp-content\/uploads\/2025\/05\/Programador-reg-8422-Aquauno-Logica.jpg","type":"image\/jpeg"}],"twitter_card":"summary_large_image","twitter_site":"@saiga_agro","schema":{"@context":"https:\/\/schema.org","@graph":[{"@type":"WebPage","@id":"https:\/\/saiga.es\/fr\/produit\/programmateur-dirrigation-aquauno-logica-1-ligne\/","url":"https:\/\/saiga.es\/fr\/produit\/programmateur-dirrigation-aquauno-logica-1-ligne\/","name":"Programmateur d'irrigation Aquauno Logica 1 ligne | SAIGA","isPartOf":{"@id":"https:\/\/saiga.es\/fr\/#website"},"primaryImageOfPage":{"@id":"https:\/\/saiga.es\/fr\/produit\/programmateur-dirrigation-aquauno-logica-1-ligne\/#primaryimage"},"image":{"@id":"https:\/\/saiga.es\/fr\/produit\/programmateur-dirrigation-aquauno-logica-1-ligne\/#primaryimage"},"thumbnailUrl":"https:\/\/saiga.es\/wp-content\/uploads\/2025\/05\/Programador-reg-8422-Aquauno-Logica.jpg","datePublished":"2025-05-13T09:43:34+00:00","description":"Programmateur d'irrigation monocanal avec 15 programmes pr\u00e9d\u00e9finis qui sont s\u00e9lectionn\u00e9s en tournant le bouton de commande unique.","breadcrumb":{"@id":"https:\/\/saiga.es\/fr\/produit\/programmateur-dirrigation-aquauno-logica-1-ligne\/#breadcrumb"},"inLanguage":"fr-FR","potentialAction":[{"@type":"ReadAction","target":["https:\/\/saiga.es\/fr\/produit\/programmateur-dirrigation-aquauno-logica-1-ligne\/"]}]},{"@type":"ImageObject","inLanguage":"fr-FR","@id":"https:\/\/saiga.es\/fr\/produit\/programmateur-dirrigation-aquauno-logica-1-ligne\/#primaryimage","url":"https:\/\/saiga.es\/wp-content\/uploads\/2025\/05\/Programador-reg-8422-Aquauno-Logica.jpg","contentUrl":"https:\/\/saiga.es\/wp-content\/uploads\/2025\/05\/Programador-reg-8422-Aquauno-Logica.jpg","width":1080,"height":1080,"caption":"Programador reg 8422 Logica 1 l\u00ednia"},{"@type":"BreadcrumbList","@id":"https:\/\/saiga.es\/fr\/produit\/programmateur-dirrigation-aquauno-logica-1-ligne\/#breadcrumb","itemListElement":[{"@type":"ListItem","position":1,"name":"Inici","item":"https:\/\/saiga.es\/fr\/"},{"@type":"ListItem","position":2,"name":"boutique","item":"https:\/\/saiga.es\/fr\/boutique\/"},{"@type":"ListItem","position":3,"name":"Programmateur d&#8217;irrigation Aquauno Logica 1 ligne"}]},{"@type":"WebSite","@id":"https:\/\/saiga.es\/fr\/#website","url":"https:\/\/saiga.es\/fr\/","name":"SAIGA","description":"M\u00e9s de 50 anys al servei de la terra i treballant per a un \u00fas eficient de l\u2019aigua!","publisher":{"@id":"https:\/\/saiga.es\/fr\/#organization"},"potentialAction":[{"@type":"SearchAction","target":{"@type":"EntryPoint","urlTemplate":"https:\/\/saiga.es\/fr\/?s={search_term_string}"},"query-input":{"@type":"PropertyValueSpecification","valueRequired":true,"valueName":"search_term_string"}}],"inLanguage":"fr-FR"},{"@type":"Organization","@id":"https:\/\/saiga.es\/fr\/#organization","name":"SAIGA","url":"https:\/\/saiga.es\/fr\/","logo":{"@type":"ImageObject","inLanguage":"fr-FR","@id":"https:\/\/saiga.es\/fr\/#\/schema\/logo\/image\/","url":"https:\/\/saiga.es\/wp-content\/uploads\/2025\/07\/logo_saiga_baseline_optimitzat.svg","contentUrl":"https:\/\/saiga.es\/wp-content\/uploads\/2025\/07\/logo_saiga_baseline_optimitzat.svg","caption":"SAIGA"},"image":{"@id":"https:\/\/saiga.es\/fr\/#\/schema\/logo\/image\/"},"sameAs":["https:\/\/x.com\/saiga_agro","https:\/\/www.instagram.com\/saiga_agro\/"]}]}},"_links":{"self":[{"href":"https:\/\/saiga.es\/fr\/wp-json\/wp\/v2\/product\/14809","targetHints":{"allow":["GET"]}}],"collection":[{"href":"https:\/\/saiga.es\/fr\/wp-json\/wp\/v2\/product"}],"about":[{"href":"https:\/\/saiga.es\/fr\/wp-json\/wp\/v2\/types\/product"}],"replies":[{"embeddable":true,"href":"https:\/\/saiga.es\/fr\/wp-json\/wp\/v2\/comments?post=14809"}],"wp:featuredmedia":[{"embeddable":true,"href":"https:\/\/saiga.es\/fr\/wp-json\/wp\/v2\/media\/14807"}],"wp:attachment":[{"href":"https:\/\/saiga.es\/fr\/wp-json\/wp\/v2\/media?parent=14809"}],"wp:term":[{"taxonomy":"product_brand","embeddable":true,"href":"https:\/\/saiga.es\/fr\/wp-json\/wp\/v2\/product_brand?post=14809"},{"taxonomy":"product_cat","embeddable":true,"href":"https:\/\/saiga.es\/fr\/wp-json\/wp\/v2\/product_cat?post=14809"},{"taxonomy":"product_tag","embeddable":true,"href":"https:\/\/saiga.es\/fr\/wp-json\/wp\/v2\/product_tag?post=14809"}],"curies":[{"name":"wp","href":"https:\/\/api.w.org\/{rel}","templated":true}]}}