{"id":14834,"date":"2025-05-14T08:38:02","date_gmt":"2025-05-14T08:38:02","guid":{"rendered":"https:\/\/botiga.saiga.es\/producte\/bruleur-de-jardin-120-l\/"},"modified":"2025-12-10T14:15:01","modified_gmt":"2025-12-10T14:15:01","slug":"bruleur-de-jardin-120-l","status":"publish","type":"product","link":"https:\/\/saiga.es\/fr\/produit\/bruleur-de-jardin-120-l\/","title":{"rendered":"Br\u00fbleur de jardin 120 L"},"content":{"rendered":"<p>Br\u00fbleur de jardin en m\u00e9tal galvanis\u00e9 120 L<\/p>\n<p>Le br\u00fbleur de jardin en m\u00e9tal galvanis\u00e9 est l&rsquo;outil id\u00e9al pour \u00e9liminer les d\u00e9bris v\u00e9g\u00e9taux tels que les branches s\u00e8ches, les feuilles, les mauvaises herbes et autres d\u00e9chets organiques du jardin de mani\u00e8re propre et contr\u00f4l\u00e9e.<\/p>\n<p>Principales caract\u00e9risticas<\/p>\n<p>Capacit\u00e9 : 120 litres<\/p>\n<p>Mat\u00e9riau : Acier galvanis\u00e9 r\u00e9sistant \u00e0 la rouille et \u00e0 la chaleur<\/p>\n<p>Ventilation efficace : Trous dans la base et les c\u00f4t\u00e9s pour favoriser la combustion<\/p>\n<p>Conception robuste avec couvercle sup\u00e9rieur qui int\u00e8gre une chemin\u00e9e pour diriger la fum\u00e9e<\/p>\n<p>Avec pieds relevables pour prot\u00e9ger le sol et am\u00e9liorer la circulation de l&rsquo;air<\/p>\n<p>C&rsquo;est une solution pratique et \u00e9cologique pour g\u00e9rer les d\u00e9chets de jardin \u00e0 domicile, sans avoir \u00e0 les d\u00e9poser dans un point de collecte. Id\u00e9ale pour les zones rurales ou les grands jardins. <\/p>\n<p>\u00c0 utiliser exclusivement en ext\u00e9rieur et conform\u00e9ment \u00e0 la r\u00e9glementation locale en mati\u00e8re d&rsquo;incendie. Ne convient pas aux ordures m\u00e9nag\u00e8res.. <\/p>\n","protected":false},"excerpt":{"rendered":"<p>Le br\u00fbleur de jardin en m\u00e9tal galvanis\u00e9 est l&rsquo;outil id\u00e9al pour \u00e9liminer les d\u00e9bris v\u00e9g\u00e9taux tels que les branches s\u00e8ches, les feuilles, les mauvaises herbes et autres d\u00e9chets organiques du jardin de mani\u00e8re propre et contr\u00f4l\u00e9e.<\/p>\n","protected":false},"featured_media":14832,"comment_status":"closed","ping_status":"closed","template":"","meta":[],"product_brand":[2212],"product_cat":[2153],"product_tag":[],"class_list":{"0":"post-14834","1":"product","2":"type-product","3":"status-publish","4":"has-post-thumbnail","6":"product_brand-gaun-fr","7":"product_cat-divers","9":"first","10":"instock","11":"taxable","12":"shipping-taxable","13":"purchasable","14":"product-type-simple"},"yoast_head":"<!-- This site is optimized with the Yoast SEO plugin v27.4 - https:\/\/yoast.com\/product\/yoast-seo-wordpress\/ -->\n<title>Br\u00fbleur de jardin 120 L | SAIGA<\/title>\n<meta name=\"description\" content=\"Le br\u00fbleur de jardin en m\u00e9tal galvanis\u00e9 est l&#039;outil id\u00e9al pour \u00e9liminer les d\u00e9bris v\u00e9g\u00e9taux tels que les branches s\u00e8ches, les feuilles, les mauvaises herbes et autres d\u00e9chets organiques du jardin de mani\u00e8re propre et contr\u00f4l\u00e9e.\" \/>\n<meta name=\"robots\" content=\"index, follow, max-snippet:-1, max-image-preview:large, max-video-preview:-1\" \/>\n<link rel=\"canonical\" href=\"https:\/\/saiga.es\/fr\/produit\/bruleur-de-jardin-120-l\/\" \/>\n<meta property=\"og:locale\" content=\"fr_FR\" \/>\n<meta property=\"og:type\" content=\"article\" \/>\n<meta property=\"og:title\" content=\"Br\u00fbleur de jardin 120 L | SAIGA\" \/>\n<meta property=\"og:description\" content=\"Le br\u00fbleur de jardin en m\u00e9tal galvanis\u00e9 est l&#039;outil id\u00e9al pour \u00e9liminer les d\u00e9bris v\u00e9g\u00e9taux tels que les branches s\u00e8ches, les feuilles, les mauvaises herbes et autres d\u00e9chets organiques du jardin de mani\u00e8re propre et contr\u00f4l\u00e9e.\" \/>\n<meta property=\"og:url\" content=\"https:\/\/saiga.es\/fr\/produit\/bruleur-de-jardin-120-l\/\" \/>\n<meta property=\"og:site_name\" content=\"SAIGA\" \/>\n<meta property=\"article:modified_time\" content=\"2025-12-10T14:15:01+00:00\" \/>\n<meta property=\"og:image\" content=\"https:\/\/saiga.es\/wp-content\/uploads\/2025\/05\/Incinerador-120-litres.jpg\" \/>\n\t<meta property=\"og:image:width\" content=\"1080\" \/>\n\t<meta property=\"og:image:height\" content=\"1080\" \/>\n\t<meta property=\"og:image:type\" content=\"image\/jpeg\" \/>\n<meta name=\"twitter:card\" content=\"summary_large_image\" \/>\n<meta name=\"twitter:site\" content=\"@saiga_agro\" \/>\n<meta name=\"twitter:label1\" content=\"Dur\u00e9e de lecture estim\u00e9e\" \/>\n\t<meta name=\"twitter:data1\" content=\"1 minute\" \/>\n<script type=\"application\/ld+json\" class=\"yoast-schema-graph\">{\"@context\":\"https:\\\/\\\/schema.org\",\"@graph\":[{\"@type\":\"WebPage\",\"@id\":\"https:\\\/\\\/saiga.es\\\/fr\\\/produit\\\/bruleur-de-jardin-120-l\\\/\",\"url\":\"https:\\\/\\\/saiga.es\\\/fr\\\/produit\\\/bruleur-de-jardin-120-l\\\/\",\"name\":\"Br\u00fbleur de jardin 120 L | SAIGA\",\"isPartOf\":{\"@id\":\"https:\\\/\\\/saiga.es\\\/fr\\\/#website\"},\"primaryImageOfPage\":{\"@id\":\"https:\\\/\\\/saiga.es\\\/fr\\\/produit\\\/bruleur-de-jardin-120-l\\\/#primaryimage\"},\"image\":{\"@id\":\"https:\\\/\\\/saiga.es\\\/fr\\\/produit\\\/bruleur-de-jardin-120-l\\\/#primaryimage\"},\"thumbnailUrl\":\"https:\\\/\\\/saiga.es\\\/wp-content\\\/uploads\\\/2025\\\/05\\\/Incinerador-120-litres.jpg\",\"datePublished\":\"2025-05-14T08:38:02+00:00\",\"dateModified\":\"2025-12-10T14:15:01+00:00\",\"description\":\"Le br\u00fbleur de jardin en m\u00e9tal galvanis\u00e9 est l'outil id\u00e9al pour \u00e9liminer les d\u00e9bris v\u00e9g\u00e9taux tels que les branches s\u00e8ches, les feuilles, les mauvaises herbes et autres d\u00e9chets organiques du jardin de mani\u00e8re propre et contr\u00f4l\u00e9e.\",\"breadcrumb\":{\"@id\":\"https:\\\/\\\/saiga.es\\\/fr\\\/produit\\\/bruleur-de-jardin-120-l\\\/#breadcrumb\"},\"inLanguage\":\"fr-FR\",\"potentialAction\":[{\"@type\":\"ReadAction\",\"target\":[\"https:\\\/\\\/saiga.es\\\/fr\\\/produit\\\/bruleur-de-jardin-120-l\\\/\"]}]},{\"@type\":\"ImageObject\",\"inLanguage\":\"fr-FR\",\"@id\":\"https:\\\/\\\/saiga.es\\\/fr\\\/produit\\\/bruleur-de-jardin-120-l\\\/#primaryimage\",\"url\":\"https:\\\/\\\/saiga.es\\\/wp-content\\\/uploads\\\/2025\\\/05\\\/Incinerador-120-litres.jpg\",\"contentUrl\":\"https:\\\/\\\/saiga.es\\\/wp-content\\\/uploads\\\/2025\\\/05\\\/Incinerador-120-litres.jpg\",\"width\":1080,\"height\":1080,\"caption\":\"Incin\u00e9rateur de jardin\"},{\"@type\":\"BreadcrumbList\",\"@id\":\"https:\\\/\\\/saiga.es\\\/fr\\\/produit\\\/bruleur-de-jardin-120-l\\\/#breadcrumb\",\"itemListElement\":[{\"@type\":\"ListItem\",\"position\":1,\"name\":\"Inici\",\"item\":\"https:\\\/\\\/saiga.es\\\/fr\\\/\"},{\"@type\":\"ListItem\",\"position\":2,\"name\":\"boutique\",\"item\":\"https:\\\/\\\/saiga.es\\\/fr\\\/boutique\\\/\"},{\"@type\":\"ListItem\",\"position\":3,\"name\":\"Br\u00fbleur de jardin 120 L\"}]},{\"@type\":\"WebSite\",\"@id\":\"https:\\\/\\\/saiga.es\\\/fr\\\/#website\",\"url\":\"https:\\\/\\\/saiga.es\\\/fr\\\/\",\"name\":\"SAIGA\",\"description\":\"M\u00e9s de 50 anys al servei de la terra i treballant per a un \u00fas eficient de l\u2019aigua!\",\"publisher\":{\"@id\":\"https:\\\/\\\/saiga.es\\\/fr\\\/#organization\"},\"potentialAction\":[{\"@type\":\"SearchAction\",\"target\":{\"@type\":\"EntryPoint\",\"urlTemplate\":\"https:\\\/\\\/saiga.es\\\/fr\\\/?s={search_term_string}\"},\"query-input\":{\"@type\":\"PropertyValueSpecification\",\"valueRequired\":true,\"valueName\":\"search_term_string\"}}],\"inLanguage\":\"fr-FR\"},{\"@type\":\"Organization\",\"@id\":\"https:\\\/\\\/saiga.es\\\/fr\\\/#organization\",\"name\":\"SAIGA\",\"url\":\"https:\\\/\\\/saiga.es\\\/fr\\\/\",\"logo\":{\"@type\":\"ImageObject\",\"inLanguage\":\"fr-FR\",\"@id\":\"https:\\\/\\\/saiga.es\\\/fr\\\/#\\\/schema\\\/logo\\\/image\\\/\",\"url\":\"https:\\\/\\\/saiga.es\\\/wp-content\\\/uploads\\\/2025\\\/07\\\/logo_saiga_baseline_optimitzat.svg\",\"contentUrl\":\"https:\\\/\\\/saiga.es\\\/wp-content\\\/uploads\\\/2025\\\/07\\\/logo_saiga_baseline_optimitzat.svg\",\"caption\":\"SAIGA\"},\"image\":{\"@id\":\"https:\\\/\\\/saiga.es\\\/fr\\\/#\\\/schema\\\/logo\\\/image\\\/\"},\"sameAs\":[\"https:\\\/\\\/x.com\\\/saiga_agro\",\"https:\\\/\\\/www.instagram.com\\\/saiga_agro\\\/\"]}]}<\/script>\n<!-- \/ Yoast SEO plugin. -->","yoast_head_json":{"title":"Br\u00fbleur de jardin 120 L | SAIGA","description":"Le br\u00fbleur de jardin en m\u00e9tal galvanis\u00e9 est l'outil id\u00e9al pour \u00e9liminer les d\u00e9bris v\u00e9g\u00e9taux tels que les branches s\u00e8ches, les feuilles, les mauvaises herbes et autres d\u00e9chets organiques du jardin de mani\u00e8re propre et contr\u00f4l\u00e9e.","robots":{"index":"index","follow":"follow","max-snippet":"max-snippet:-1","max-image-preview":"max-image-preview:large","max-video-preview":"max-video-preview:-1"},"canonical":"https:\/\/saiga.es\/fr\/produit\/bruleur-de-jardin-120-l\/","og_locale":"fr_FR","og_type":"article","og_title":"Br\u00fbleur de jardin 120 L | SAIGA","og_description":"Le br\u00fbleur de jardin en m\u00e9tal galvanis\u00e9 est l'outil id\u00e9al pour \u00e9liminer les d\u00e9bris v\u00e9g\u00e9taux tels que les branches s\u00e8ches, les feuilles, les mauvaises herbes et autres d\u00e9chets organiques du jardin de mani\u00e8re propre et contr\u00f4l\u00e9e.","og_url":"https:\/\/saiga.es\/fr\/produit\/bruleur-de-jardin-120-l\/","og_site_name":"SAIGA","article_modified_time":"2025-12-10T14:15:01+00:00","og_image":[{"width":1080,"height":1080,"url":"https:\/\/saiga.es\/wp-content\/uploads\/2025\/05\/Incinerador-120-litres.jpg","type":"image\/jpeg"}],"twitter_card":"summary_large_image","twitter_site":"@saiga_agro","twitter_misc":{"Dur\u00e9e de lecture estim\u00e9e":"1 minute"},"schema":{"@context":"https:\/\/schema.org","@graph":[{"@type":"WebPage","@id":"https:\/\/saiga.es\/fr\/produit\/bruleur-de-jardin-120-l\/","url":"https:\/\/saiga.es\/fr\/produit\/bruleur-de-jardin-120-l\/","name":"Br\u00fbleur de jardin 120 L | SAIGA","isPartOf":{"@id":"https:\/\/saiga.es\/fr\/#website"},"primaryImageOfPage":{"@id":"https:\/\/saiga.es\/fr\/produit\/bruleur-de-jardin-120-l\/#primaryimage"},"image":{"@id":"https:\/\/saiga.es\/fr\/produit\/bruleur-de-jardin-120-l\/#primaryimage"},"thumbnailUrl":"https:\/\/saiga.es\/wp-content\/uploads\/2025\/05\/Incinerador-120-litres.jpg","datePublished":"2025-05-14T08:38:02+00:00","dateModified":"2025-12-10T14:15:01+00:00","description":"Le br\u00fbleur de jardin en m\u00e9tal galvanis\u00e9 est l'outil id\u00e9al pour \u00e9liminer les d\u00e9bris v\u00e9g\u00e9taux tels que les branches s\u00e8ches, les feuilles, les mauvaises herbes et autres d\u00e9chets organiques du jardin de mani\u00e8re propre et contr\u00f4l\u00e9e.","breadcrumb":{"@id":"https:\/\/saiga.es\/fr\/produit\/bruleur-de-jardin-120-l\/#breadcrumb"},"inLanguage":"fr-FR","potentialAction":[{"@type":"ReadAction","target":["https:\/\/saiga.es\/fr\/produit\/bruleur-de-jardin-120-l\/"]}]},{"@type":"ImageObject","inLanguage":"fr-FR","@id":"https:\/\/saiga.es\/fr\/produit\/bruleur-de-jardin-120-l\/#primaryimage","url":"https:\/\/saiga.es\/wp-content\/uploads\/2025\/05\/Incinerador-120-litres.jpg","contentUrl":"https:\/\/saiga.es\/wp-content\/uploads\/2025\/05\/Incinerador-120-litres.jpg","width":1080,"height":1080,"caption":"Incin\u00e9rateur de jardin"},{"@type":"BreadcrumbList","@id":"https:\/\/saiga.es\/fr\/produit\/bruleur-de-jardin-120-l\/#breadcrumb","itemListElement":[{"@type":"ListItem","position":1,"name":"Inici","item":"https:\/\/saiga.es\/fr\/"},{"@type":"ListItem","position":2,"name":"boutique","item":"https:\/\/saiga.es\/fr\/boutique\/"},{"@type":"ListItem","position":3,"name":"Br\u00fbleur de jardin 120 L"}]},{"@type":"WebSite","@id":"https:\/\/saiga.es\/fr\/#website","url":"https:\/\/saiga.es\/fr\/","name":"SAIGA","description":"M\u00e9s de 50 anys al servei de la terra i treballant per a un \u00fas eficient de l\u2019aigua!","publisher":{"@id":"https:\/\/saiga.es\/fr\/#organization"},"potentialAction":[{"@type":"SearchAction","target":{"@type":"EntryPoint","urlTemplate":"https:\/\/saiga.es\/fr\/?s={search_term_string}"},"query-input":{"@type":"PropertyValueSpecification","valueRequired":true,"valueName":"search_term_string"}}],"inLanguage":"fr-FR"},{"@type":"Organization","@id":"https:\/\/saiga.es\/fr\/#organization","name":"SAIGA","url":"https:\/\/saiga.es\/fr\/","logo":{"@type":"ImageObject","inLanguage":"fr-FR","@id":"https:\/\/saiga.es\/fr\/#\/schema\/logo\/image\/","url":"https:\/\/saiga.es\/wp-content\/uploads\/2025\/07\/logo_saiga_baseline_optimitzat.svg","contentUrl":"https:\/\/saiga.es\/wp-content\/uploads\/2025\/07\/logo_saiga_baseline_optimitzat.svg","caption":"SAIGA"},"image":{"@id":"https:\/\/saiga.es\/fr\/#\/schema\/logo\/image\/"},"sameAs":["https:\/\/x.com\/saiga_agro","https:\/\/www.instagram.com\/saiga_agro\/"]}]}},"_links":{"self":[{"href":"https:\/\/saiga.es\/fr\/wp-json\/wp\/v2\/product\/14834","targetHints":{"allow":["GET"]}}],"collection":[{"href":"https:\/\/saiga.es\/fr\/wp-json\/wp\/v2\/product"}],"about":[{"href":"https:\/\/saiga.es\/fr\/wp-json\/wp\/v2\/types\/product"}],"replies":[{"embeddable":true,"href":"https:\/\/saiga.es\/fr\/wp-json\/wp\/v2\/comments?post=14834"}],"wp:featuredmedia":[{"embeddable":true,"href":"https:\/\/saiga.es\/fr\/wp-json\/wp\/v2\/media\/14832"}],"wp:attachment":[{"href":"https:\/\/saiga.es\/fr\/wp-json\/wp\/v2\/media?parent=14834"}],"wp:term":[{"taxonomy":"product_brand","embeddable":true,"href":"https:\/\/saiga.es\/fr\/wp-json\/wp\/v2\/product_brand?post=14834"},{"taxonomy":"product_cat","embeddable":true,"href":"https:\/\/saiga.es\/fr\/wp-json\/wp\/v2\/product_cat?post=14834"},{"taxonomy":"product_tag","embeddable":true,"href":"https:\/\/saiga.es\/fr\/wp-json\/wp\/v2\/product_tag?post=14834"}],"curies":[{"name":"wp","href":"https:\/\/api.w.org\/{rel}","templated":true}]}}