{"id":14899,"date":"2025-05-22T07:36:42","date_gmt":"2025-05-22T07:36:42","guid":{"rendered":"https:\/\/botiga.saiga.es\/producte\/fourche-forgee-a-4-dents-pour-ramasser-le-foin-et-le-fumier\/"},"modified":"2025-12-10T14:27:39","modified_gmt":"2025-12-10T14:27:39","slug":"fourche-forgee-a-4-dents-pour-ramasser-le-foin-et-le-fumier","status":"publish","type":"product","link":"https:\/\/saiga.es\/fr\/produit\/fourche-forgee-a-4-dents-pour-ramasser-le-foin-et-le-fumier\/","title":{"rendered":"fourche \u00e0 quatre dents forg\u00e9e"},"content":{"rendered":"<p>Fourche \u00e0 4 dents forg\u00e9e en une seule pi\u00e8ce et fabriqu\u00e9e en acier sp\u00e9cial Bellota. Trait\u00e9 thermiquement. Il vous durera toute une vie, il ne se cassera pas, ne se d\u00e9formera pas et ne s&rsquo;usera pas.   Les dents sont aff\u00fbt\u00e9es pour une bonne prise sur les fagots et tremp\u00e9es sur toute leur longueur pour mieux supporter leur poids. Elles sont peintes pour pr\u00e9venir la rouille et faciliter l&rsquo;entretien. La manipulation des fagots sera ainsi plus ais\u00e9e. Le manche en fr\u00eane, issu de for\u00eats g\u00e9r\u00e9es durablement et de sources contr\u00f4l\u00e9es (PEFC\/14-35-00020), offre un toucher doux et est disponible en trois versions : anneau, b\u00e9quille ou long.  <\/p>\n","protected":false},"excerpt":{"rendered":"<p>Fourche \u00e0 4 dents forg\u00e9e en une seule pi\u00e8ce et fabriqu\u00e9e en acier sp\u00e9cial Bellota. Trait\u00e9 thermiquement. Il vous durera toute une vie, il ne se cassera pas, ne se d\u00e9formera pas et ne s&rsquo;usera pas.  <\/p>\n","protected":false},"featured_media":14897,"comment_status":"closed","ping_status":"closed","template":"","meta":[],"product_brand":[1959],"product_cat":[2170],"product_tag":[2171,2169],"class_list":{"0":"post-14899","1":"product","2":"type-product","3":"status-publish","4":"has-post-thumbnail","6":"product_brand-bellota","7":"product_cat-fourches","8":"product_tag-fourche","9":"product_tag-outils","11":"first","12":"instock","13":"taxable","14":"shipping-taxable","15":"purchasable","16":"product-type-simple"},"yoast_head":"<!-- This site is optimized with the Yoast SEO plugin v27.4 - https:\/\/yoast.com\/product\/yoast-seo-wordpress\/ -->\n<title>fourche \u00e0 quatre dents forg\u00e9e | SAIGA<\/title>\n<meta name=\"description\" content=\"Fourche \u00e0 4 dents forg\u00e9e en une seule pi\u00e8ce et fabriqu\u00e9e en acier sp\u00e9cial Bellota. Trait\u00e9 thermiquement. Il vous durera toute une vie, il ne se cassera pas, ne se d\u00e9formera pas et ne s&#039;usera pas.\" \/>\n<meta name=\"robots\" content=\"index, follow, max-snippet:-1, max-image-preview:large, max-video-preview:-1\" \/>\n<link rel=\"canonical\" href=\"https:\/\/saiga.es\/fr\/produit\/fourche-forgee-a-4-dents-pour-ramasser-le-foin-et-le-fumier\/\" \/>\n<meta property=\"og:locale\" content=\"fr_FR\" \/>\n<meta property=\"og:type\" content=\"article\" \/>\n<meta property=\"og:title\" content=\"fourche \u00e0 quatre dents forg\u00e9e | SAIGA\" \/>\n<meta property=\"og:description\" content=\"Fourche \u00e0 4 dents forg\u00e9e en une seule pi\u00e8ce et fabriqu\u00e9e en acier sp\u00e9cial Bellota. Trait\u00e9 thermiquement. Il vous durera toute une vie, il ne se cassera pas, ne se d\u00e9formera pas et ne s&#039;usera pas.\" \/>\n<meta property=\"og:url\" content=\"https:\/\/saiga.es\/fr\/produit\/fourche-forgee-a-4-dents-pour-ramasser-le-foin-et-le-fumier\/\" \/>\n<meta property=\"og:site_name\" content=\"SAIGA\" \/>\n<meta property=\"article:modified_time\" content=\"2025-12-10T14:27:39+00:00\" \/>\n<meta property=\"og:image\" content=\"https:\/\/saiga.es\/wp-content\/uploads\/2025\/05\/Forca-de-quatre-pues.jpg\" \/>\n\t<meta property=\"og:image:width\" content=\"1080\" \/>\n\t<meta property=\"og:image:height\" content=\"1080\" \/>\n\t<meta property=\"og:image:type\" content=\"image\/jpeg\" \/>\n<meta name=\"twitter:card\" content=\"summary_large_image\" \/>\n<meta name=\"twitter:site\" content=\"@saiga_agro\" \/>\n<meta name=\"twitter:label1\" content=\"Dur\u00e9e de lecture estim\u00e9e\" \/>\n\t<meta name=\"twitter:data1\" content=\"1 minute\" \/>\n<script type=\"application\/ld+json\" class=\"yoast-schema-graph\">{\"@context\":\"https:\\\/\\\/schema.org\",\"@graph\":[{\"@type\":\"WebPage\",\"@id\":\"https:\\\/\\\/saiga.es\\\/fr\\\/produit\\\/fourche-forgee-a-4-dents-pour-ramasser-le-foin-et-le-fumier\\\/\",\"url\":\"https:\\\/\\\/saiga.es\\\/fr\\\/produit\\\/fourche-forgee-a-4-dents-pour-ramasser-le-foin-et-le-fumier\\\/\",\"name\":\"fourche \u00e0 quatre dents forg\u00e9e | SAIGA\",\"isPartOf\":{\"@id\":\"https:\\\/\\\/saiga.es\\\/fr\\\/#website\"},\"primaryImageOfPage\":{\"@id\":\"https:\\\/\\\/saiga.es\\\/fr\\\/produit\\\/fourche-forgee-a-4-dents-pour-ramasser-le-foin-et-le-fumier\\\/#primaryimage\"},\"image\":{\"@id\":\"https:\\\/\\\/saiga.es\\\/fr\\\/produit\\\/fourche-forgee-a-4-dents-pour-ramasser-le-foin-et-le-fumier\\\/#primaryimage\"},\"thumbnailUrl\":\"https:\\\/\\\/saiga.es\\\/wp-content\\\/uploads\\\/2025\\\/05\\\/Forca-de-quatre-pues.jpg\",\"datePublished\":\"2025-05-22T07:36:42+00:00\",\"dateModified\":\"2025-12-10T14:27:39+00:00\",\"description\":\"Fourche \u00e0 4 dents forg\u00e9e en une seule pi\u00e8ce et fabriqu\u00e9e en acier sp\u00e9cial Bellota. Trait\u00e9 thermiquement. Il vous durera toute une vie, il ne se cassera pas, ne se d\u00e9formera pas et ne s'usera pas.\",\"breadcrumb\":{\"@id\":\"https:\\\/\\\/saiga.es\\\/fr\\\/produit\\\/fourche-forgee-a-4-dents-pour-ramasser-le-foin-et-le-fumier\\\/#breadcrumb\"},\"inLanguage\":\"fr-FR\",\"potentialAction\":[{\"@type\":\"ReadAction\",\"target\":[\"https:\\\/\\\/saiga.es\\\/fr\\\/produit\\\/fourche-forgee-a-4-dents-pour-ramasser-le-foin-et-le-fumier\\\/\"]}]},{\"@type\":\"ImageObject\",\"inLanguage\":\"fr-FR\",\"@id\":\"https:\\\/\\\/saiga.es\\\/fr\\\/produit\\\/fourche-forgee-a-4-dents-pour-ramasser-le-foin-et-le-fumier\\\/#primaryimage\",\"url\":\"https:\\\/\\\/saiga.es\\\/wp-content\\\/uploads\\\/2025\\\/05\\\/Forca-de-quatre-pues.jpg\",\"contentUrl\":\"https:\\\/\\\/saiga.es\\\/wp-content\\\/uploads\\\/2025\\\/05\\\/Forca-de-quatre-pues.jpg\",\"width\":1080,\"height\":1080,\"caption\":\"fourche \u00e0 quatre dents\"},{\"@type\":\"BreadcrumbList\",\"@id\":\"https:\\\/\\\/saiga.es\\\/fr\\\/produit\\\/fourche-forgee-a-4-dents-pour-ramasser-le-foin-et-le-fumier\\\/#breadcrumb\",\"itemListElement\":[{\"@type\":\"ListItem\",\"position\":1,\"name\":\"Inici\",\"item\":\"https:\\\/\\\/saiga.es\\\/fr\\\/\"},{\"@type\":\"ListItem\",\"position\":2,\"name\":\"boutique\",\"item\":\"https:\\\/\\\/saiga.es\\\/fr\\\/boutique\\\/\"},{\"@type\":\"ListItem\",\"position\":3,\"name\":\"fourche \u00e0 quatre dents forg\u00e9e\"}]},{\"@type\":\"WebSite\",\"@id\":\"https:\\\/\\\/saiga.es\\\/fr\\\/#website\",\"url\":\"https:\\\/\\\/saiga.es\\\/fr\\\/\",\"name\":\"SAIGA\",\"description\":\"M\u00e9s de 50 anys al servei de la terra i treballant per a un \u00fas eficient de l\u2019aigua!\",\"publisher\":{\"@id\":\"https:\\\/\\\/saiga.es\\\/fr\\\/#organization\"},\"potentialAction\":[{\"@type\":\"SearchAction\",\"target\":{\"@type\":\"EntryPoint\",\"urlTemplate\":\"https:\\\/\\\/saiga.es\\\/fr\\\/?s={search_term_string}\"},\"query-input\":{\"@type\":\"PropertyValueSpecification\",\"valueRequired\":true,\"valueName\":\"search_term_string\"}}],\"inLanguage\":\"fr-FR\"},{\"@type\":\"Organization\",\"@id\":\"https:\\\/\\\/saiga.es\\\/fr\\\/#organization\",\"name\":\"SAIGA\",\"url\":\"https:\\\/\\\/saiga.es\\\/fr\\\/\",\"logo\":{\"@type\":\"ImageObject\",\"inLanguage\":\"fr-FR\",\"@id\":\"https:\\\/\\\/saiga.es\\\/fr\\\/#\\\/schema\\\/logo\\\/image\\\/\",\"url\":\"https:\\\/\\\/saiga.es\\\/wp-content\\\/uploads\\\/2025\\\/07\\\/logo_saiga_baseline_optimitzat.svg\",\"contentUrl\":\"https:\\\/\\\/saiga.es\\\/wp-content\\\/uploads\\\/2025\\\/07\\\/logo_saiga_baseline_optimitzat.svg\",\"caption\":\"SAIGA\"},\"image\":{\"@id\":\"https:\\\/\\\/saiga.es\\\/fr\\\/#\\\/schema\\\/logo\\\/image\\\/\"},\"sameAs\":[\"https:\\\/\\\/x.com\\\/saiga_agro\",\"https:\\\/\\\/www.instagram.com\\\/saiga_agro\\\/\"]}]}<\/script>\n<!-- \/ Yoast SEO plugin. -->","yoast_head_json":{"title":"fourche \u00e0 quatre dents forg\u00e9e | SAIGA","description":"Fourche \u00e0 4 dents forg\u00e9e en une seule pi\u00e8ce et fabriqu\u00e9e en acier sp\u00e9cial Bellota. Trait\u00e9 thermiquement. Il vous durera toute une vie, il ne se cassera pas, ne se d\u00e9formera pas et ne s'usera pas.","robots":{"index":"index","follow":"follow","max-snippet":"max-snippet:-1","max-image-preview":"max-image-preview:large","max-video-preview":"max-video-preview:-1"},"canonical":"https:\/\/saiga.es\/fr\/produit\/fourche-forgee-a-4-dents-pour-ramasser-le-foin-et-le-fumier\/","og_locale":"fr_FR","og_type":"article","og_title":"fourche \u00e0 quatre dents forg\u00e9e | SAIGA","og_description":"Fourche \u00e0 4 dents forg\u00e9e en une seule pi\u00e8ce et fabriqu\u00e9e en acier sp\u00e9cial Bellota. Trait\u00e9 thermiquement. Il vous durera toute une vie, il ne se cassera pas, ne se d\u00e9formera pas et ne s'usera pas.","og_url":"https:\/\/saiga.es\/fr\/produit\/fourche-forgee-a-4-dents-pour-ramasser-le-foin-et-le-fumier\/","og_site_name":"SAIGA","article_modified_time":"2025-12-10T14:27:39+00:00","og_image":[{"width":1080,"height":1080,"url":"https:\/\/saiga.es\/wp-content\/uploads\/2025\/05\/Forca-de-quatre-pues.jpg","type":"image\/jpeg"}],"twitter_card":"summary_large_image","twitter_site":"@saiga_agro","twitter_misc":{"Dur\u00e9e de lecture estim\u00e9e":"1 minute"},"schema":{"@context":"https:\/\/schema.org","@graph":[{"@type":"WebPage","@id":"https:\/\/saiga.es\/fr\/produit\/fourche-forgee-a-4-dents-pour-ramasser-le-foin-et-le-fumier\/","url":"https:\/\/saiga.es\/fr\/produit\/fourche-forgee-a-4-dents-pour-ramasser-le-foin-et-le-fumier\/","name":"fourche \u00e0 quatre dents forg\u00e9e | SAIGA","isPartOf":{"@id":"https:\/\/saiga.es\/fr\/#website"},"primaryImageOfPage":{"@id":"https:\/\/saiga.es\/fr\/produit\/fourche-forgee-a-4-dents-pour-ramasser-le-foin-et-le-fumier\/#primaryimage"},"image":{"@id":"https:\/\/saiga.es\/fr\/produit\/fourche-forgee-a-4-dents-pour-ramasser-le-foin-et-le-fumier\/#primaryimage"},"thumbnailUrl":"https:\/\/saiga.es\/wp-content\/uploads\/2025\/05\/Forca-de-quatre-pues.jpg","datePublished":"2025-05-22T07:36:42+00:00","dateModified":"2025-12-10T14:27:39+00:00","description":"Fourche \u00e0 4 dents forg\u00e9e en une seule pi\u00e8ce et fabriqu\u00e9e en acier sp\u00e9cial Bellota. Trait\u00e9 thermiquement. Il vous durera toute une vie, il ne se cassera pas, ne se d\u00e9formera pas et ne s'usera pas.","breadcrumb":{"@id":"https:\/\/saiga.es\/fr\/produit\/fourche-forgee-a-4-dents-pour-ramasser-le-foin-et-le-fumier\/#breadcrumb"},"inLanguage":"fr-FR","potentialAction":[{"@type":"ReadAction","target":["https:\/\/saiga.es\/fr\/produit\/fourche-forgee-a-4-dents-pour-ramasser-le-foin-et-le-fumier\/"]}]},{"@type":"ImageObject","inLanguage":"fr-FR","@id":"https:\/\/saiga.es\/fr\/produit\/fourche-forgee-a-4-dents-pour-ramasser-le-foin-et-le-fumier\/#primaryimage","url":"https:\/\/saiga.es\/wp-content\/uploads\/2025\/05\/Forca-de-quatre-pues.jpg","contentUrl":"https:\/\/saiga.es\/wp-content\/uploads\/2025\/05\/Forca-de-quatre-pues.jpg","width":1080,"height":1080,"caption":"fourche \u00e0 quatre dents"},{"@type":"BreadcrumbList","@id":"https:\/\/saiga.es\/fr\/produit\/fourche-forgee-a-4-dents-pour-ramasser-le-foin-et-le-fumier\/#breadcrumb","itemListElement":[{"@type":"ListItem","position":1,"name":"Inici","item":"https:\/\/saiga.es\/fr\/"},{"@type":"ListItem","position":2,"name":"boutique","item":"https:\/\/saiga.es\/fr\/boutique\/"},{"@type":"ListItem","position":3,"name":"fourche \u00e0 quatre dents forg\u00e9e"}]},{"@type":"WebSite","@id":"https:\/\/saiga.es\/fr\/#website","url":"https:\/\/saiga.es\/fr\/","name":"SAIGA","description":"M\u00e9s de 50 anys al servei de la terra i treballant per a un \u00fas eficient de l\u2019aigua!","publisher":{"@id":"https:\/\/saiga.es\/fr\/#organization"},"potentialAction":[{"@type":"SearchAction","target":{"@type":"EntryPoint","urlTemplate":"https:\/\/saiga.es\/fr\/?s={search_term_string}"},"query-input":{"@type":"PropertyValueSpecification","valueRequired":true,"valueName":"search_term_string"}}],"inLanguage":"fr-FR"},{"@type":"Organization","@id":"https:\/\/saiga.es\/fr\/#organization","name":"SAIGA","url":"https:\/\/saiga.es\/fr\/","logo":{"@type":"ImageObject","inLanguage":"fr-FR","@id":"https:\/\/saiga.es\/fr\/#\/schema\/logo\/image\/","url":"https:\/\/saiga.es\/wp-content\/uploads\/2025\/07\/logo_saiga_baseline_optimitzat.svg","contentUrl":"https:\/\/saiga.es\/wp-content\/uploads\/2025\/07\/logo_saiga_baseline_optimitzat.svg","caption":"SAIGA"},"image":{"@id":"https:\/\/saiga.es\/fr\/#\/schema\/logo\/image\/"},"sameAs":["https:\/\/x.com\/saiga_agro","https:\/\/www.instagram.com\/saiga_agro\/"]}]}},"_links":{"self":[{"href":"https:\/\/saiga.es\/fr\/wp-json\/wp\/v2\/product\/14899","targetHints":{"allow":["GET"]}}],"collection":[{"href":"https:\/\/saiga.es\/fr\/wp-json\/wp\/v2\/product"}],"about":[{"href":"https:\/\/saiga.es\/fr\/wp-json\/wp\/v2\/types\/product"}],"replies":[{"embeddable":true,"href":"https:\/\/saiga.es\/fr\/wp-json\/wp\/v2\/comments?post=14899"}],"wp:featuredmedia":[{"embeddable":true,"href":"https:\/\/saiga.es\/fr\/wp-json\/wp\/v2\/media\/14897"}],"wp:attachment":[{"href":"https:\/\/saiga.es\/fr\/wp-json\/wp\/v2\/media?parent=14899"}],"wp:term":[{"taxonomy":"product_brand","embeddable":true,"href":"https:\/\/saiga.es\/fr\/wp-json\/wp\/v2\/product_brand?post=14899"},{"taxonomy":"product_cat","embeddable":true,"href":"https:\/\/saiga.es\/fr\/wp-json\/wp\/v2\/product_cat?post=14899"},{"taxonomy":"product_tag","embeddable":true,"href":"https:\/\/saiga.es\/fr\/wp-json\/wp\/v2\/product_tag?post=14899"}],"curies":[{"name":"wp","href":"https:\/\/api.w.org\/{rel}","templated":true}]}}