{"id":14919,"date":"2025-05-22T11:19:34","date_gmt":"2025-05-22T11:19:34","guid":{"rendered":"https:\/\/botiga.saiga.es\/producte\/fourche-forgee-a-6-dents\/"},"modified":"2025-12-10T12:15:41","modified_gmt":"2025-12-10T12:15:41","slug":"fourche-forgee-a-6-dents","status":"publish","type":"product","link":"https:\/\/saiga.es\/fr\/produit\/fourche-forgee-a-6-dents\/","title":{"rendered":"Fourche forg\u00e9e \u00e0 6 dents"},"content":{"rendered":"<p>Fourche \u00e0 6 dents forg\u00e9e en une seule pi\u00e8ce et fabriqu\u00e9e en acier sp\u00e9cial Bellota. Trait\u00e9 thermiquement. Il vous durera toute une vie, il ne se cassera pas, ne se d\u00e9formera pas et ne s&rsquo;usera pas.   Les dents sont aff\u00fbt\u00e9es pour une bonne prise sur les fagots et tremp\u00e9es sur toute leur longueur pour mieux supporter leur poids. Elles sont peintes pour pr\u00e9venir la rouille et faciliter l&rsquo;entretien. La manipulation des fagots sera ainsi plus ais\u00e9e. Le manche en fr\u00eane, issu de for\u00eats g\u00e9r\u00e9es durablement et de sources contr\u00f4l\u00e9es (PEFC\/14-35-00020), offre un toucher doux et est disponible en trois versions : anneau, b\u00e9quille ou long.  <\/p>\n","protected":false},"excerpt":{"rendered":"<p>Fourche \u00e0 6 dents forg\u00e9e en une seule pi\u00e8ce et fabriqu\u00e9e en acier sp\u00e9cial Bellota. Trait\u00e9 thermiquement. Il vous durera toute une vie, il ne se cassera pas, ne se d\u00e9formera pas et ne s&rsquo;usera pas.  <\/p>\n","protected":false},"featured_media":14917,"comment_status":"closed","ping_status":"closed","template":"","meta":[],"product_brand":[1959],"product_cat":[2170],"product_tag":[],"class_list":{"0":"post-14919","1":"product","2":"type-product","3":"status-publish","4":"has-post-thumbnail","6":"product_brand-bellota","7":"product_cat-fourches","9":"first","10":"instock","11":"taxable","12":"shipping-taxable","13":"purchasable","14":"product-type-simple"},"yoast_head":"<!-- This site is optimized with the Yoast SEO plugin v27.5 - https:\/\/yoast.com\/product\/yoast-seo-wordpress\/ -->\n<title>Fourche forg\u00e9e \u00e0 6 dents | SAIGA<\/title>\n<meta name=\"description\" content=\"Fourche \u00e0 6 dents forg\u00e9e en une seule pi\u00e8ce et fabriqu\u00e9e en acier sp\u00e9cial Bellota. Trait\u00e9 thermiquement. Il vous durera toute une vie, il ne se cassera pas, ne se d\u00e9formera pas et ne s&#039;usera pas.\" \/>\n<meta name=\"robots\" content=\"index, follow, max-snippet:-1, max-image-preview:large, max-video-preview:-1\" \/>\n<link rel=\"canonical\" href=\"https:\/\/saiga.es\/fr\/produit\/fourche-forgee-a-6-dents\/\" \/>\n<meta property=\"og:locale\" content=\"fr_FR\" \/>\n<meta property=\"og:type\" content=\"article\" \/>\n<meta property=\"og:title\" content=\"Fourche forg\u00e9e \u00e0 6 dents | SAIGA\" \/>\n<meta property=\"og:description\" content=\"Fourche \u00e0 6 dents forg\u00e9e en une seule pi\u00e8ce et fabriqu\u00e9e en acier sp\u00e9cial Bellota. Trait\u00e9 thermiquement. Il vous durera toute une vie, il ne se cassera pas, ne se d\u00e9formera pas et ne s&#039;usera pas.\" \/>\n<meta property=\"og:url\" content=\"https:\/\/saiga.es\/fr\/produit\/fourche-forgee-a-6-dents\/\" \/>\n<meta property=\"og:site_name\" content=\"SAIGA\" \/>\n<meta property=\"article:modified_time\" content=\"2025-12-10T12:15:41+00:00\" \/>\n<meta property=\"og:image\" content=\"https:\/\/saiga.es\/wp-content\/uploads\/2025\/05\/Forca-6-pues.jpg\" \/>\n\t<meta property=\"og:image:width\" content=\"1080\" \/>\n\t<meta property=\"og:image:height\" content=\"1080\" \/>\n\t<meta property=\"og:image:type\" content=\"image\/jpeg\" \/>\n<meta name=\"twitter:card\" content=\"summary_large_image\" \/>\n<meta name=\"twitter:site\" content=\"@saiga_agro\" \/>\n<meta name=\"twitter:label1\" content=\"Dur\u00e9e de lecture estim\u00e9e\" \/>\n\t<meta name=\"twitter:data1\" content=\"1 minute\" \/>\n<script type=\"application\/ld+json\" class=\"yoast-schema-graph\">{\"@context\":\"https:\\\/\\\/schema.org\",\"@graph\":[{\"@type\":\"WebPage\",\"@id\":\"https:\\\/\\\/saiga.es\\\/fr\\\/produit\\\/fourche-forgee-a-6-dents\\\/\",\"url\":\"https:\\\/\\\/saiga.es\\\/fr\\\/produit\\\/fourche-forgee-a-6-dents\\\/\",\"name\":\"Fourche forg\u00e9e \u00e0 6 dents | SAIGA\",\"isPartOf\":{\"@id\":\"https:\\\/\\\/saiga.es\\\/fr\\\/#website\"},\"primaryImageOfPage\":{\"@id\":\"https:\\\/\\\/saiga.es\\\/fr\\\/produit\\\/fourche-forgee-a-6-dents\\\/#primaryimage\"},\"image\":{\"@id\":\"https:\\\/\\\/saiga.es\\\/fr\\\/produit\\\/fourche-forgee-a-6-dents\\\/#primaryimage\"},\"thumbnailUrl\":\"https:\\\/\\\/saiga.es\\\/wp-content\\\/uploads\\\/2025\\\/05\\\/Forca-6-pues.jpg\",\"datePublished\":\"2025-05-22T11:19:34+00:00\",\"dateModified\":\"2025-12-10T12:15:41+00:00\",\"description\":\"Fourche \u00e0 6 dents forg\u00e9e en une seule pi\u00e8ce et fabriqu\u00e9e en acier sp\u00e9cial Bellota. Trait\u00e9 thermiquement. Il vous durera toute une vie, il ne se cassera pas, ne se d\u00e9formera pas et ne s'usera pas.\",\"breadcrumb\":{\"@id\":\"https:\\\/\\\/saiga.es\\\/fr\\\/produit\\\/fourche-forgee-a-6-dents\\\/#breadcrumb\"},\"inLanguage\":\"fr-FR\",\"potentialAction\":[{\"@type\":\"ReadAction\",\"target\":[\"https:\\\/\\\/saiga.es\\\/fr\\\/produit\\\/fourche-forgee-a-6-dents\\\/\"]}]},{\"@type\":\"ImageObject\",\"inLanguage\":\"fr-FR\",\"@id\":\"https:\\\/\\\/saiga.es\\\/fr\\\/produit\\\/fourche-forgee-a-6-dents\\\/#primaryimage\",\"url\":\"https:\\\/\\\/saiga.es\\\/wp-content\\\/uploads\\\/2025\\\/05\\\/Forca-6-pues.jpg\",\"contentUrl\":\"https:\\\/\\\/saiga.es\\\/wp-content\\\/uploads\\\/2025\\\/05\\\/Forca-6-pues.jpg\",\"width\":1080,\"height\":1080,\"caption\":\"Fourche \u00e0 six dentsForca forjada 6 pues\"},{\"@type\":\"BreadcrumbList\",\"@id\":\"https:\\\/\\\/saiga.es\\\/fr\\\/produit\\\/fourche-forgee-a-6-dents\\\/#breadcrumb\",\"itemListElement\":[{\"@type\":\"ListItem\",\"position\":1,\"name\":\"Inici\",\"item\":\"https:\\\/\\\/saiga.es\\\/fr\\\/\"},{\"@type\":\"ListItem\",\"position\":2,\"name\":\"boutique\",\"item\":\"https:\\\/\\\/saiga.es\\\/fr\\\/boutique\\\/\"},{\"@type\":\"ListItem\",\"position\":3,\"name\":\"Fourche forg\u00e9e \u00e0 6 dents\"}]},{\"@type\":\"WebSite\",\"@id\":\"https:\\\/\\\/saiga.es\\\/fr\\\/#website\",\"url\":\"https:\\\/\\\/saiga.es\\\/fr\\\/\",\"name\":\"SAIGA\",\"description\":\"M\u00e9s de 50 anys al servei de la terra i treballant per a un \u00fas eficient de l\u2019aigua!\",\"publisher\":{\"@id\":\"https:\\\/\\\/saiga.es\\\/fr\\\/#organization\"},\"potentialAction\":[{\"@type\":\"SearchAction\",\"target\":{\"@type\":\"EntryPoint\",\"urlTemplate\":\"https:\\\/\\\/saiga.es\\\/fr\\\/?s={search_term_string}\"},\"query-input\":{\"@type\":\"PropertyValueSpecification\",\"valueRequired\":true,\"valueName\":\"search_term_string\"}}],\"inLanguage\":\"fr-FR\"},{\"@type\":\"Organization\",\"@id\":\"https:\\\/\\\/saiga.es\\\/fr\\\/#organization\",\"name\":\"SAIGA\",\"url\":\"https:\\\/\\\/saiga.es\\\/fr\\\/\",\"logo\":{\"@type\":\"ImageObject\",\"inLanguage\":\"fr-FR\",\"@id\":\"https:\\\/\\\/saiga.es\\\/fr\\\/#\\\/schema\\\/logo\\\/image\\\/\",\"url\":\"https:\\\/\\\/saiga.es\\\/wp-content\\\/uploads\\\/2025\\\/07\\\/logo_saiga_baseline_optimitzat.svg\",\"contentUrl\":\"https:\\\/\\\/saiga.es\\\/wp-content\\\/uploads\\\/2025\\\/07\\\/logo_saiga_baseline_optimitzat.svg\",\"caption\":\"SAIGA\"},\"image\":{\"@id\":\"https:\\\/\\\/saiga.es\\\/fr\\\/#\\\/schema\\\/logo\\\/image\\\/\"},\"sameAs\":[\"https:\\\/\\\/x.com\\\/saiga_agro\",\"https:\\\/\\\/www.instagram.com\\\/saiga_agro\\\/\"]}]}<\/script>\n<!-- \/ Yoast SEO plugin. -->","yoast_head_json":{"title":"Fourche forg\u00e9e \u00e0 6 dents | SAIGA","description":"Fourche \u00e0 6 dents forg\u00e9e en une seule pi\u00e8ce et fabriqu\u00e9e en acier sp\u00e9cial Bellota. Trait\u00e9 thermiquement. Il vous durera toute une vie, il ne se cassera pas, ne se d\u00e9formera pas et ne s'usera pas.","robots":{"index":"index","follow":"follow","max-snippet":"max-snippet:-1","max-image-preview":"max-image-preview:large","max-video-preview":"max-video-preview:-1"},"canonical":"https:\/\/saiga.es\/fr\/produit\/fourche-forgee-a-6-dents\/","og_locale":"fr_FR","og_type":"article","og_title":"Fourche forg\u00e9e \u00e0 6 dents | SAIGA","og_description":"Fourche \u00e0 6 dents forg\u00e9e en une seule pi\u00e8ce et fabriqu\u00e9e en acier sp\u00e9cial Bellota. Trait\u00e9 thermiquement. Il vous durera toute une vie, il ne se cassera pas, ne se d\u00e9formera pas et ne s'usera pas.","og_url":"https:\/\/saiga.es\/fr\/produit\/fourche-forgee-a-6-dents\/","og_site_name":"SAIGA","article_modified_time":"2025-12-10T12:15:41+00:00","og_image":[{"width":1080,"height":1080,"url":"https:\/\/saiga.es\/wp-content\/uploads\/2025\/05\/Forca-6-pues.jpg","type":"image\/jpeg"}],"twitter_card":"summary_large_image","twitter_site":"@saiga_agro","twitter_misc":{"Dur\u00e9e de lecture estim\u00e9e":"1 minute"},"schema":{"@context":"https:\/\/schema.org","@graph":[{"@type":"WebPage","@id":"https:\/\/saiga.es\/fr\/produit\/fourche-forgee-a-6-dents\/","url":"https:\/\/saiga.es\/fr\/produit\/fourche-forgee-a-6-dents\/","name":"Fourche forg\u00e9e \u00e0 6 dents | SAIGA","isPartOf":{"@id":"https:\/\/saiga.es\/fr\/#website"},"primaryImageOfPage":{"@id":"https:\/\/saiga.es\/fr\/produit\/fourche-forgee-a-6-dents\/#primaryimage"},"image":{"@id":"https:\/\/saiga.es\/fr\/produit\/fourche-forgee-a-6-dents\/#primaryimage"},"thumbnailUrl":"https:\/\/saiga.es\/wp-content\/uploads\/2025\/05\/Forca-6-pues.jpg","datePublished":"2025-05-22T11:19:34+00:00","dateModified":"2025-12-10T12:15:41+00:00","description":"Fourche \u00e0 6 dents forg\u00e9e en une seule pi\u00e8ce et fabriqu\u00e9e en acier sp\u00e9cial Bellota. Trait\u00e9 thermiquement. Il vous durera toute une vie, il ne se cassera pas, ne se d\u00e9formera pas et ne s'usera pas.","breadcrumb":{"@id":"https:\/\/saiga.es\/fr\/produit\/fourche-forgee-a-6-dents\/#breadcrumb"},"inLanguage":"fr-FR","potentialAction":[{"@type":"ReadAction","target":["https:\/\/saiga.es\/fr\/produit\/fourche-forgee-a-6-dents\/"]}]},{"@type":"ImageObject","inLanguage":"fr-FR","@id":"https:\/\/saiga.es\/fr\/produit\/fourche-forgee-a-6-dents\/#primaryimage","url":"https:\/\/saiga.es\/wp-content\/uploads\/2025\/05\/Forca-6-pues.jpg","contentUrl":"https:\/\/saiga.es\/wp-content\/uploads\/2025\/05\/Forca-6-pues.jpg","width":1080,"height":1080,"caption":"Fourche \u00e0 six dentsForca forjada 6 pues"},{"@type":"BreadcrumbList","@id":"https:\/\/saiga.es\/fr\/produit\/fourche-forgee-a-6-dents\/#breadcrumb","itemListElement":[{"@type":"ListItem","position":1,"name":"Inici","item":"https:\/\/saiga.es\/fr\/"},{"@type":"ListItem","position":2,"name":"boutique","item":"https:\/\/saiga.es\/fr\/boutique\/"},{"@type":"ListItem","position":3,"name":"Fourche forg\u00e9e \u00e0 6 dents"}]},{"@type":"WebSite","@id":"https:\/\/saiga.es\/fr\/#website","url":"https:\/\/saiga.es\/fr\/","name":"SAIGA","description":"M\u00e9s de 50 anys al servei de la terra i treballant per a un \u00fas eficient de l\u2019aigua!","publisher":{"@id":"https:\/\/saiga.es\/fr\/#organization"},"potentialAction":[{"@type":"SearchAction","target":{"@type":"EntryPoint","urlTemplate":"https:\/\/saiga.es\/fr\/?s={search_term_string}"},"query-input":{"@type":"PropertyValueSpecification","valueRequired":true,"valueName":"search_term_string"}}],"inLanguage":"fr-FR"},{"@type":"Organization","@id":"https:\/\/saiga.es\/fr\/#organization","name":"SAIGA","url":"https:\/\/saiga.es\/fr\/","logo":{"@type":"ImageObject","inLanguage":"fr-FR","@id":"https:\/\/saiga.es\/fr\/#\/schema\/logo\/image\/","url":"https:\/\/saiga.es\/wp-content\/uploads\/2025\/07\/logo_saiga_baseline_optimitzat.svg","contentUrl":"https:\/\/saiga.es\/wp-content\/uploads\/2025\/07\/logo_saiga_baseline_optimitzat.svg","caption":"SAIGA"},"image":{"@id":"https:\/\/saiga.es\/fr\/#\/schema\/logo\/image\/"},"sameAs":["https:\/\/x.com\/saiga_agro","https:\/\/www.instagram.com\/saiga_agro\/"]}]}},"_links":{"self":[{"href":"https:\/\/saiga.es\/fr\/wp-json\/wp\/v2\/product\/14919","targetHints":{"allow":["GET"]}}],"collection":[{"href":"https:\/\/saiga.es\/fr\/wp-json\/wp\/v2\/product"}],"about":[{"href":"https:\/\/saiga.es\/fr\/wp-json\/wp\/v2\/types\/product"}],"replies":[{"embeddable":true,"href":"https:\/\/saiga.es\/fr\/wp-json\/wp\/v2\/comments?post=14919"}],"wp:featuredmedia":[{"embeddable":true,"href":"https:\/\/saiga.es\/fr\/wp-json\/wp\/v2\/media\/14917"}],"wp:attachment":[{"href":"https:\/\/saiga.es\/fr\/wp-json\/wp\/v2\/media?parent=14919"}],"wp:term":[{"taxonomy":"product_brand","embeddable":true,"href":"https:\/\/saiga.es\/fr\/wp-json\/wp\/v2\/product_brand?post=14919"},{"taxonomy":"product_cat","embeddable":true,"href":"https:\/\/saiga.es\/fr\/wp-json\/wp\/v2\/product_cat?post=14919"},{"taxonomy":"product_tag","embeddable":true,"href":"https:\/\/saiga.es\/fr\/wp-json\/wp\/v2\/product_tag?post=14919"}],"curies":[{"name":"wp","href":"https:\/\/api.w.org\/{rel}","templated":true}]}}