{"id":14938,"date":"2025-05-22T13:07:24","date_gmt":"2025-05-22T13:07:24","guid":{"rendered":"https:\/\/botiga.saiga.es\/producte\/planteuse-large-en-aluminium\/"},"modified":"2025-12-10T12:08:23","modified_gmt":"2025-12-10T12:08:23","slug":"planteuse-large-en-aluminium","status":"publish","type":"product","link":"https:\/\/saiga.es\/fr\/produit\/planteuse-large-en-aluminium\/","title":{"rendered":"Planteuse large en aluminium"},"content":{"rendered":"<p>Transplanteur monobloc en aluminium. Largeur de travail 80 mm. Faites briller votre balcon ou votre terrasse.   Repiquez, plantez des graines et des bulbes, m\u00e9langez ou \u00e9talez la nappe. Votre travail deviendra plus agr\u00e9able. Les poign\u00e9es sont bimati\u00e8res avec une finition douce au toucher.  <\/p>\n","protected":false},"excerpt":{"rendered":"<p>Transplanteur monobloc en aluminium. Largeur de travail 80 mm. Faites briller votre balcon ou votre terrasse.  <\/p>\n","protected":false},"featured_media":14936,"comment_status":"closed","ping_status":"closed","template":"","meta":[],"product_brand":[1959],"product_cat":[2153],"product_tag":[],"class_list":{"0":"post-14938","1":"product","2":"type-product","3":"status-publish","4":"has-post-thumbnail","6":"product_brand-bellota","7":"product_cat-divers","9":"first","10":"instock","11":"taxable","12":"shipping-taxable","13":"purchasable","14":"product-type-simple"},"yoast_head":"<!-- This site is optimized with the Yoast SEO plugin v27.4 - https:\/\/yoast.com\/product\/yoast-seo-wordpress\/ -->\n<title>Planteuse large en aluminium | SAIGA<\/title>\n<meta name=\"description\" content=\"Transplanteur monobloc en aluminium. Largeur de travail 80 mm. Faites briller votre balcon ou votre terrasse.\" \/>\n<meta name=\"robots\" content=\"index, follow, max-snippet:-1, max-image-preview:large, max-video-preview:-1\" \/>\n<link rel=\"canonical\" href=\"https:\/\/saiga.es\/fr\/produit\/planteuse-large-en-aluminium\/\" \/>\n<meta property=\"og:locale\" content=\"fr_FR\" \/>\n<meta property=\"og:type\" content=\"article\" \/>\n<meta property=\"og:title\" content=\"Planteuse large en aluminium | SAIGA\" \/>\n<meta property=\"og:description\" content=\"Transplanteur monobloc en aluminium. Largeur de travail 80 mm. Faites briller votre balcon ou votre terrasse.\" \/>\n<meta property=\"og:url\" content=\"https:\/\/saiga.es\/fr\/produit\/planteuse-large-en-aluminium\/\" \/>\n<meta property=\"og:site_name\" content=\"SAIGA\" \/>\n<meta property=\"article:modified_time\" content=\"2025-12-10T12:08:23+00:00\" \/>\n<meta property=\"og:image\" content=\"https:\/\/saiga.es\/wp-content\/uploads\/2025\/05\/Trasplantador-ample-dalumini.jpg\" \/>\n\t<meta property=\"og:image:width\" content=\"1080\" \/>\n\t<meta property=\"og:image:height\" content=\"1080\" \/>\n\t<meta property=\"og:image:type\" content=\"image\/jpeg\" \/>\n<meta name=\"twitter:card\" content=\"summary_large_image\" \/>\n<meta name=\"twitter:site\" content=\"@saiga_agro\" \/>\n<script type=\"application\/ld+json\" class=\"yoast-schema-graph\">{\"@context\":\"https:\\\/\\\/schema.org\",\"@graph\":[{\"@type\":\"WebPage\",\"@id\":\"https:\\\/\\\/saiga.es\\\/fr\\\/produit\\\/planteuse-large-en-aluminium\\\/\",\"url\":\"https:\\\/\\\/saiga.es\\\/fr\\\/produit\\\/planteuse-large-en-aluminium\\\/\",\"name\":\"Planteuse large en aluminium | SAIGA\",\"isPartOf\":{\"@id\":\"https:\\\/\\\/saiga.es\\\/fr\\\/#website\"},\"primaryImageOfPage\":{\"@id\":\"https:\\\/\\\/saiga.es\\\/fr\\\/produit\\\/planteuse-large-en-aluminium\\\/#primaryimage\"},\"image\":{\"@id\":\"https:\\\/\\\/saiga.es\\\/fr\\\/produit\\\/planteuse-large-en-aluminium\\\/#primaryimage\"},\"thumbnailUrl\":\"https:\\\/\\\/saiga.es\\\/wp-content\\\/uploads\\\/2025\\\/05\\\/Trasplantador-ample-dalumini.jpg\",\"datePublished\":\"2025-05-22T13:07:24+00:00\",\"dateModified\":\"2025-12-10T12:08:23+00:00\",\"description\":\"Transplanteur monobloc en aluminium. Largeur de travail 80 mm. Faites briller votre balcon ou votre terrasse.\",\"breadcrumb\":{\"@id\":\"https:\\\/\\\/saiga.es\\\/fr\\\/produit\\\/planteuse-large-en-aluminium\\\/#breadcrumb\"},\"inLanguage\":\"fr-FR\",\"potentialAction\":[{\"@type\":\"ReadAction\",\"target\":[\"https:\\\/\\\/saiga.es\\\/fr\\\/produit\\\/planteuse-large-en-aluminium\\\/\"]}]},{\"@type\":\"ImageObject\",\"inLanguage\":\"fr-FR\",\"@id\":\"https:\\\/\\\/saiga.es\\\/fr\\\/produit\\\/planteuse-large-en-aluminium\\\/#primaryimage\",\"url\":\"https:\\\/\\\/saiga.es\\\/wp-content\\\/uploads\\\/2025\\\/05\\\/Trasplantador-ample-dalumini.jpg\",\"contentUrl\":\"https:\\\/\\\/saiga.es\\\/wp-content\\\/uploads\\\/2025\\\/05\\\/Trasplantador-ample-dalumini.jpg\",\"width\":1080,\"height\":1080,\"caption\":\"Planteuse large en aluminium\"},{\"@type\":\"BreadcrumbList\",\"@id\":\"https:\\\/\\\/saiga.es\\\/fr\\\/produit\\\/planteuse-large-en-aluminium\\\/#breadcrumb\",\"itemListElement\":[{\"@type\":\"ListItem\",\"position\":1,\"name\":\"Inici\",\"item\":\"https:\\\/\\\/saiga.es\\\/fr\\\/\"},{\"@type\":\"ListItem\",\"position\":2,\"name\":\"boutique\",\"item\":\"https:\\\/\\\/saiga.es\\\/fr\\\/boutique\\\/\"},{\"@type\":\"ListItem\",\"position\":3,\"name\":\"Planteuse large en aluminium\"}]},{\"@type\":\"WebSite\",\"@id\":\"https:\\\/\\\/saiga.es\\\/fr\\\/#website\",\"url\":\"https:\\\/\\\/saiga.es\\\/fr\\\/\",\"name\":\"SAIGA\",\"description\":\"M\u00e9s de 50 anys al servei de la terra i treballant per a un \u00fas eficient de l\u2019aigua!\",\"publisher\":{\"@id\":\"https:\\\/\\\/saiga.es\\\/fr\\\/#organization\"},\"potentialAction\":[{\"@type\":\"SearchAction\",\"target\":{\"@type\":\"EntryPoint\",\"urlTemplate\":\"https:\\\/\\\/saiga.es\\\/fr\\\/?s={search_term_string}\"},\"query-input\":{\"@type\":\"PropertyValueSpecification\",\"valueRequired\":true,\"valueName\":\"search_term_string\"}}],\"inLanguage\":\"fr-FR\"},{\"@type\":\"Organization\",\"@id\":\"https:\\\/\\\/saiga.es\\\/fr\\\/#organization\",\"name\":\"SAIGA\",\"url\":\"https:\\\/\\\/saiga.es\\\/fr\\\/\",\"logo\":{\"@type\":\"ImageObject\",\"inLanguage\":\"fr-FR\",\"@id\":\"https:\\\/\\\/saiga.es\\\/fr\\\/#\\\/schema\\\/logo\\\/image\\\/\",\"url\":\"https:\\\/\\\/saiga.es\\\/wp-content\\\/uploads\\\/2025\\\/07\\\/logo_saiga_baseline_optimitzat.svg\",\"contentUrl\":\"https:\\\/\\\/saiga.es\\\/wp-content\\\/uploads\\\/2025\\\/07\\\/logo_saiga_baseline_optimitzat.svg\",\"caption\":\"SAIGA\"},\"image\":{\"@id\":\"https:\\\/\\\/saiga.es\\\/fr\\\/#\\\/schema\\\/logo\\\/image\\\/\"},\"sameAs\":[\"https:\\\/\\\/x.com\\\/saiga_agro\",\"https:\\\/\\\/www.instagram.com\\\/saiga_agro\\\/\"]}]}<\/script>\n<!-- \/ Yoast SEO plugin. -->","yoast_head_json":{"title":"Planteuse large en aluminium | SAIGA","description":"Transplanteur monobloc en aluminium. Largeur de travail 80 mm. Faites briller votre balcon ou votre terrasse.","robots":{"index":"index","follow":"follow","max-snippet":"max-snippet:-1","max-image-preview":"max-image-preview:large","max-video-preview":"max-video-preview:-1"},"canonical":"https:\/\/saiga.es\/fr\/produit\/planteuse-large-en-aluminium\/","og_locale":"fr_FR","og_type":"article","og_title":"Planteuse large en aluminium | SAIGA","og_description":"Transplanteur monobloc en aluminium. Largeur de travail 80 mm. Faites briller votre balcon ou votre terrasse.","og_url":"https:\/\/saiga.es\/fr\/produit\/planteuse-large-en-aluminium\/","og_site_name":"SAIGA","article_modified_time":"2025-12-10T12:08:23+00:00","og_image":[{"width":1080,"height":1080,"url":"https:\/\/saiga.es\/wp-content\/uploads\/2025\/05\/Trasplantador-ample-dalumini.jpg","type":"image\/jpeg"}],"twitter_card":"summary_large_image","twitter_site":"@saiga_agro","schema":{"@context":"https:\/\/schema.org","@graph":[{"@type":"WebPage","@id":"https:\/\/saiga.es\/fr\/produit\/planteuse-large-en-aluminium\/","url":"https:\/\/saiga.es\/fr\/produit\/planteuse-large-en-aluminium\/","name":"Planteuse large en aluminium | SAIGA","isPartOf":{"@id":"https:\/\/saiga.es\/fr\/#website"},"primaryImageOfPage":{"@id":"https:\/\/saiga.es\/fr\/produit\/planteuse-large-en-aluminium\/#primaryimage"},"image":{"@id":"https:\/\/saiga.es\/fr\/produit\/planteuse-large-en-aluminium\/#primaryimage"},"thumbnailUrl":"https:\/\/saiga.es\/wp-content\/uploads\/2025\/05\/Trasplantador-ample-dalumini.jpg","datePublished":"2025-05-22T13:07:24+00:00","dateModified":"2025-12-10T12:08:23+00:00","description":"Transplanteur monobloc en aluminium. Largeur de travail 80 mm. Faites briller votre balcon ou votre terrasse.","breadcrumb":{"@id":"https:\/\/saiga.es\/fr\/produit\/planteuse-large-en-aluminium\/#breadcrumb"},"inLanguage":"fr-FR","potentialAction":[{"@type":"ReadAction","target":["https:\/\/saiga.es\/fr\/produit\/planteuse-large-en-aluminium\/"]}]},{"@type":"ImageObject","inLanguage":"fr-FR","@id":"https:\/\/saiga.es\/fr\/produit\/planteuse-large-en-aluminium\/#primaryimage","url":"https:\/\/saiga.es\/wp-content\/uploads\/2025\/05\/Trasplantador-ample-dalumini.jpg","contentUrl":"https:\/\/saiga.es\/wp-content\/uploads\/2025\/05\/Trasplantador-ample-dalumini.jpg","width":1080,"height":1080,"caption":"Planteuse large en aluminium"},{"@type":"BreadcrumbList","@id":"https:\/\/saiga.es\/fr\/produit\/planteuse-large-en-aluminium\/#breadcrumb","itemListElement":[{"@type":"ListItem","position":1,"name":"Inici","item":"https:\/\/saiga.es\/fr\/"},{"@type":"ListItem","position":2,"name":"boutique","item":"https:\/\/saiga.es\/fr\/boutique\/"},{"@type":"ListItem","position":3,"name":"Planteuse large en aluminium"}]},{"@type":"WebSite","@id":"https:\/\/saiga.es\/fr\/#website","url":"https:\/\/saiga.es\/fr\/","name":"SAIGA","description":"M\u00e9s de 50 anys al servei de la terra i treballant per a un \u00fas eficient de l\u2019aigua!","publisher":{"@id":"https:\/\/saiga.es\/fr\/#organization"},"potentialAction":[{"@type":"SearchAction","target":{"@type":"EntryPoint","urlTemplate":"https:\/\/saiga.es\/fr\/?s={search_term_string}"},"query-input":{"@type":"PropertyValueSpecification","valueRequired":true,"valueName":"search_term_string"}}],"inLanguage":"fr-FR"},{"@type":"Organization","@id":"https:\/\/saiga.es\/fr\/#organization","name":"SAIGA","url":"https:\/\/saiga.es\/fr\/","logo":{"@type":"ImageObject","inLanguage":"fr-FR","@id":"https:\/\/saiga.es\/fr\/#\/schema\/logo\/image\/","url":"https:\/\/saiga.es\/wp-content\/uploads\/2025\/07\/logo_saiga_baseline_optimitzat.svg","contentUrl":"https:\/\/saiga.es\/wp-content\/uploads\/2025\/07\/logo_saiga_baseline_optimitzat.svg","caption":"SAIGA"},"image":{"@id":"https:\/\/saiga.es\/fr\/#\/schema\/logo\/image\/"},"sameAs":["https:\/\/x.com\/saiga_agro","https:\/\/www.instagram.com\/saiga_agro\/"]}]}},"_links":{"self":[{"href":"https:\/\/saiga.es\/fr\/wp-json\/wp\/v2\/product\/14938","targetHints":{"allow":["GET"]}}],"collection":[{"href":"https:\/\/saiga.es\/fr\/wp-json\/wp\/v2\/product"}],"about":[{"href":"https:\/\/saiga.es\/fr\/wp-json\/wp\/v2\/types\/product"}],"replies":[{"embeddable":true,"href":"https:\/\/saiga.es\/fr\/wp-json\/wp\/v2\/comments?post=14938"}],"wp:featuredmedia":[{"embeddable":true,"href":"https:\/\/saiga.es\/fr\/wp-json\/wp\/v2\/media\/14936"}],"wp:attachment":[{"href":"https:\/\/saiga.es\/fr\/wp-json\/wp\/v2\/media?parent=14938"}],"wp:term":[{"taxonomy":"product_brand","embeddable":true,"href":"https:\/\/saiga.es\/fr\/wp-json\/wp\/v2\/product_brand?post=14938"},{"taxonomy":"product_cat","embeddable":true,"href":"https:\/\/saiga.es\/fr\/wp-json\/wp\/v2\/product_cat?post=14938"},{"taxonomy":"product_tag","embeddable":true,"href":"https:\/\/saiga.es\/fr\/wp-json\/wp\/v2\/product_tag?post=14938"}],"curies":[{"name":"wp","href":"https:\/\/api.w.org\/{rel}","templated":true}]}}