{"id":15043,"date":"2025-06-06T09:56:36","date_gmt":"2025-06-06T09:56:36","guid":{"rendered":"https:\/\/botiga.saiga.es\/producte\/zotal-desinfectant-pour-fermes-et-ecuries\/"},"modified":"2025-12-10T12:03:27","modified_gmt":"2025-12-10T12:03:27","slug":"zotal-desinfectant-pour-fermes-et-ecuries","status":"publish","type":"product","link":"https:\/\/saiga.es\/fr\/produit\/zotal-desinfectant-pour-fermes-et-ecuries\/","title":{"rendered":"Zotal, d\u00e9sinfectant pour fermes et \u00e9curies"},"content":{"rendered":"<p>ZOTAL est un produit d\u00e9sinfectant destin\u00e9 \u00e0 \u00e9liminer les germes. De plus, son action d\u00e9sodorisante permet d&rsquo;\u00e9liminer les odeurs d\u00e9sagr\u00e9ables, offrant ainsi un environnement hygi\u00e9nique et propre. <\/p>\n<p>Sa composition (\u00e0 base principalement de Biph\u00e9nyl-2-ol 3%, Chloroph\u00e8ne 1,5%, Naphta, solvants et excipients q.s.p 100%) favorise l&rsquo;action d\u00e9sinfectante et bact\u00e9ricide, assurant la p\u00e9n\u00e9tration du produit pour atteindre une efficacit\u00e9 maximale.<\/p>\n<p>Ces raisons font de ZOTAL\u00ae un produit quasi indispensable dans le secteur de l&rsquo;\u00e9levage, car il permet de nettoyer en profondeur les \u00e9tables, les poulaillers, les chenils et les taches, \u00e9liminant ainsi tous les microbes susceptibles d&rsquo;alt\u00e9rer le fonctionnement normal de ces installations. De plus, les odeurs d\u00e9sagr\u00e9ables que l&rsquo;on retrouve souvent dans ces lieux dispara\u00eetront. <\/p>\n<p>Il convient \u00e9galement de noter que ce n&rsquo;est pas le seul domaine d&rsquo;application : son usage domestique est parfaitement autoris\u00e9, permettant ainsi le nettoyage et la d\u00e9sinfection des maisons, des entrep\u00f4ts, des terrasses ou des enclos, entre autres. Il est d&rsquo;ailleurs homologu\u00e9 sous le num\u00e9ro d&rsquo;enregistrement 14-20\/40-07083 par le minist\u00e8re de la Sant\u00e9, des Affaires sociales et de l&rsquo;\u00c9galit\u00e9. <\/p>\n","protected":false},"excerpt":{"rendered":"<p>ZOTAL est un produit d\u00e9sinfectant destin\u00e9 \u00e0 \u00e9liminer les germes. De plus, son action d\u00e9sodorisante permet d&rsquo;\u00e9liminer les odeurs d\u00e9sagr\u00e9ables, offrant ainsi un environnement hygi\u00e9nique et propre. <\/p>\n<p>&nbsp;<\/p>\n","protected":false},"featured_media":15041,"comment_status":"closed","ping_status":"closed","template":"","meta":[],"product_brand":[],"product_cat":[439,1969,1811],"product_tag":[],"class_list":{"0":"post-15043","1":"product","2":"type-product","3":"status-publish","4":"has-post-thumbnail","6":"product_cat-biocides-fr","7":"product_cat-materiel-divers","8":"product_cat-poulaillers","10":"first","11":"instock","12":"taxable","13":"shipping-taxable","14":"purchasable","15":"product-type-simple"},"yoast_head":"<!-- This site is optimized with the Yoast SEO plugin v27.4 - https:\/\/yoast.com\/product\/yoast-seo-wordpress\/ -->\n<title>Zotal, d\u00e9sinfectant pour fermes et \u00e9curies | SAIGA<\/title>\n<meta name=\"description\" content=\"ZOTAL est un produit d\u00e9sinfectant destin\u00e9 \u00e0 \u00e9liminer les germes. De plus, son action d\u00e9sodorisante permet d&#039;\u00e9liminer les odeurs d\u00e9sagr\u00e9ables, offrant ainsi un environnement hygi\u00e9nique et propre.\" \/>\n<meta name=\"robots\" content=\"index, follow, max-snippet:-1, max-image-preview:large, max-video-preview:-1\" \/>\n<link rel=\"canonical\" href=\"https:\/\/saiga.es\/fr\/produit\/zotal-desinfectant-pour-fermes-et-ecuries\/\" \/>\n<meta property=\"og:locale\" content=\"fr_FR\" \/>\n<meta property=\"og:type\" content=\"article\" \/>\n<meta property=\"og:title\" content=\"Zotal, d\u00e9sinfectant pour fermes et \u00e9curies | SAIGA\" \/>\n<meta property=\"og:description\" content=\"ZOTAL est un produit d\u00e9sinfectant destin\u00e9 \u00e0 \u00e9liminer les germes. De plus, son action d\u00e9sodorisante permet d&#039;\u00e9liminer les odeurs d\u00e9sagr\u00e9ables, offrant ainsi un environnement hygi\u00e9nique et propre.\" \/>\n<meta property=\"og:url\" content=\"https:\/\/saiga.es\/fr\/produit\/zotal-desinfectant-pour-fermes-et-ecuries\/\" \/>\n<meta property=\"og:site_name\" content=\"SAIGA\" \/>\n<meta property=\"article:modified_time\" content=\"2025-12-10T12:03:27+00:00\" \/>\n<meta property=\"og:image\" content=\"https:\/\/saiga.es\/wp-content\/uploads\/2025\/06\/biotrituradora-honda-bio510-de-lloguer-2.jpg\" \/>\n\t<meta property=\"og:image:width\" content=\"1080\" \/>\n\t<meta property=\"og:image:height\" content=\"1080\" \/>\n\t<meta property=\"og:image:type\" content=\"image\/jpeg\" \/>\n<meta name=\"twitter:card\" content=\"summary_large_image\" \/>\n<meta name=\"twitter:site\" content=\"@saiga_agro\" \/>\n<meta name=\"twitter:label1\" content=\"Dur\u00e9e de lecture estim\u00e9e\" \/>\n\t<meta name=\"twitter:data1\" content=\"1 minute\" \/>\n<script type=\"application\/ld+json\" class=\"yoast-schema-graph\">{\"@context\":\"https:\\\/\\\/schema.org\",\"@graph\":[{\"@type\":\"WebPage\",\"@id\":\"https:\\\/\\\/saiga.es\\\/fr\\\/produit\\\/zotal-desinfectant-pour-fermes-et-ecuries\\\/\",\"url\":\"https:\\\/\\\/saiga.es\\\/fr\\\/produit\\\/zotal-desinfectant-pour-fermes-et-ecuries\\\/\",\"name\":\"Zotal, d\u00e9sinfectant pour fermes et \u00e9curies | SAIGA\",\"isPartOf\":{\"@id\":\"https:\\\/\\\/saiga.es\\\/fr\\\/#website\"},\"primaryImageOfPage\":{\"@id\":\"https:\\\/\\\/saiga.es\\\/fr\\\/produit\\\/zotal-desinfectant-pour-fermes-et-ecuries\\\/#primaryimage\"},\"image\":{\"@id\":\"https:\\\/\\\/saiga.es\\\/fr\\\/produit\\\/zotal-desinfectant-pour-fermes-et-ecuries\\\/#primaryimage\"},\"thumbnailUrl\":\"https:\\\/\\\/saiga.es\\\/wp-content\\\/uploads\\\/2025\\\/06\\\/biotrituradora-honda-bio510-de-lloguer-2.jpg\",\"datePublished\":\"2025-06-06T09:56:36+00:00\",\"dateModified\":\"2025-12-10T12:03:27+00:00\",\"description\":\"ZOTAL est un produit d\u00e9sinfectant destin\u00e9 \u00e0 \u00e9liminer les germes. De plus, son action d\u00e9sodorisante permet d'\u00e9liminer les odeurs d\u00e9sagr\u00e9ables, offrant ainsi un environnement hygi\u00e9nique et propre.\",\"breadcrumb\":{\"@id\":\"https:\\\/\\\/saiga.es\\\/fr\\\/produit\\\/zotal-desinfectant-pour-fermes-et-ecuries\\\/#breadcrumb\"},\"inLanguage\":\"fr-FR\",\"potentialAction\":[{\"@type\":\"ReadAction\",\"target\":[\"https:\\\/\\\/saiga.es\\\/fr\\\/produit\\\/zotal-desinfectant-pour-fermes-et-ecuries\\\/\"]}]},{\"@type\":\"ImageObject\",\"inLanguage\":\"fr-FR\",\"@id\":\"https:\\\/\\\/saiga.es\\\/fr\\\/produit\\\/zotal-desinfectant-pour-fermes-et-ecuries\\\/#primaryimage\",\"url\":\"https:\\\/\\\/saiga.es\\\/wp-content\\\/uploads\\\/2025\\\/06\\\/biotrituradora-honda-bio510-de-lloguer-2.jpg\",\"contentUrl\":\"https:\\\/\\\/saiga.es\\\/wp-content\\\/uploads\\\/2025\\\/06\\\/biotrituradora-honda-bio510-de-lloguer-2.jpg\",\"width\":1080,\"height\":1080,\"caption\":\"Zotal d\u00e9sinfectant\"},{\"@type\":\"BreadcrumbList\",\"@id\":\"https:\\\/\\\/saiga.es\\\/fr\\\/produit\\\/zotal-desinfectant-pour-fermes-et-ecuries\\\/#breadcrumb\",\"itemListElement\":[{\"@type\":\"ListItem\",\"position\":1,\"name\":\"Inici\",\"item\":\"https:\\\/\\\/saiga.es\\\/fr\\\/\"},{\"@type\":\"ListItem\",\"position\":2,\"name\":\"boutique\",\"item\":\"https:\\\/\\\/saiga.es\\\/fr\\\/boutique\\\/\"},{\"@type\":\"ListItem\",\"position\":3,\"name\":\"Zotal, d\u00e9sinfectant pour fermes et \u00e9curies\"}]},{\"@type\":\"WebSite\",\"@id\":\"https:\\\/\\\/saiga.es\\\/fr\\\/#website\",\"url\":\"https:\\\/\\\/saiga.es\\\/fr\\\/\",\"name\":\"SAIGA\",\"description\":\"M\u00e9s de 50 anys al servei de la terra i treballant per a un \u00fas eficient de l\u2019aigua!\",\"publisher\":{\"@id\":\"https:\\\/\\\/saiga.es\\\/fr\\\/#organization\"},\"potentialAction\":[{\"@type\":\"SearchAction\",\"target\":{\"@type\":\"EntryPoint\",\"urlTemplate\":\"https:\\\/\\\/saiga.es\\\/fr\\\/?s={search_term_string}\"},\"query-input\":{\"@type\":\"PropertyValueSpecification\",\"valueRequired\":true,\"valueName\":\"search_term_string\"}}],\"inLanguage\":\"fr-FR\"},{\"@type\":\"Organization\",\"@id\":\"https:\\\/\\\/saiga.es\\\/fr\\\/#organization\",\"name\":\"SAIGA\",\"url\":\"https:\\\/\\\/saiga.es\\\/fr\\\/\",\"logo\":{\"@type\":\"ImageObject\",\"inLanguage\":\"fr-FR\",\"@id\":\"https:\\\/\\\/saiga.es\\\/fr\\\/#\\\/schema\\\/logo\\\/image\\\/\",\"url\":\"https:\\\/\\\/saiga.es\\\/wp-content\\\/uploads\\\/2025\\\/07\\\/logo_saiga_baseline_optimitzat.svg\",\"contentUrl\":\"https:\\\/\\\/saiga.es\\\/wp-content\\\/uploads\\\/2025\\\/07\\\/logo_saiga_baseline_optimitzat.svg\",\"caption\":\"SAIGA\"},\"image\":{\"@id\":\"https:\\\/\\\/saiga.es\\\/fr\\\/#\\\/schema\\\/logo\\\/image\\\/\"},\"sameAs\":[\"https:\\\/\\\/x.com\\\/saiga_agro\",\"https:\\\/\\\/www.instagram.com\\\/saiga_agro\\\/\"]}]}<\/script>\n<!-- \/ Yoast SEO plugin. -->","yoast_head_json":{"title":"Zotal, d\u00e9sinfectant pour fermes et \u00e9curies | SAIGA","description":"ZOTAL est un produit d\u00e9sinfectant destin\u00e9 \u00e0 \u00e9liminer les germes. De plus, son action d\u00e9sodorisante permet d'\u00e9liminer les odeurs d\u00e9sagr\u00e9ables, offrant ainsi un environnement hygi\u00e9nique et propre.","robots":{"index":"index","follow":"follow","max-snippet":"max-snippet:-1","max-image-preview":"max-image-preview:large","max-video-preview":"max-video-preview:-1"},"canonical":"https:\/\/saiga.es\/fr\/produit\/zotal-desinfectant-pour-fermes-et-ecuries\/","og_locale":"fr_FR","og_type":"article","og_title":"Zotal, d\u00e9sinfectant pour fermes et \u00e9curies | SAIGA","og_description":"ZOTAL est un produit d\u00e9sinfectant destin\u00e9 \u00e0 \u00e9liminer les germes. De plus, son action d\u00e9sodorisante permet d'\u00e9liminer les odeurs d\u00e9sagr\u00e9ables, offrant ainsi un environnement hygi\u00e9nique et propre.","og_url":"https:\/\/saiga.es\/fr\/produit\/zotal-desinfectant-pour-fermes-et-ecuries\/","og_site_name":"SAIGA","article_modified_time":"2025-12-10T12:03:27+00:00","og_image":[{"width":1080,"height":1080,"url":"https:\/\/saiga.es\/wp-content\/uploads\/2025\/06\/biotrituradora-honda-bio510-de-lloguer-2.jpg","type":"image\/jpeg"}],"twitter_card":"summary_large_image","twitter_site":"@saiga_agro","twitter_misc":{"Dur\u00e9e de lecture estim\u00e9e":"1 minute"},"schema":{"@context":"https:\/\/schema.org","@graph":[{"@type":"WebPage","@id":"https:\/\/saiga.es\/fr\/produit\/zotal-desinfectant-pour-fermes-et-ecuries\/","url":"https:\/\/saiga.es\/fr\/produit\/zotal-desinfectant-pour-fermes-et-ecuries\/","name":"Zotal, d\u00e9sinfectant pour fermes et \u00e9curies | SAIGA","isPartOf":{"@id":"https:\/\/saiga.es\/fr\/#website"},"primaryImageOfPage":{"@id":"https:\/\/saiga.es\/fr\/produit\/zotal-desinfectant-pour-fermes-et-ecuries\/#primaryimage"},"image":{"@id":"https:\/\/saiga.es\/fr\/produit\/zotal-desinfectant-pour-fermes-et-ecuries\/#primaryimage"},"thumbnailUrl":"https:\/\/saiga.es\/wp-content\/uploads\/2025\/06\/biotrituradora-honda-bio510-de-lloguer-2.jpg","datePublished":"2025-06-06T09:56:36+00:00","dateModified":"2025-12-10T12:03:27+00:00","description":"ZOTAL est un produit d\u00e9sinfectant destin\u00e9 \u00e0 \u00e9liminer les germes. De plus, son action d\u00e9sodorisante permet d'\u00e9liminer les odeurs d\u00e9sagr\u00e9ables, offrant ainsi un environnement hygi\u00e9nique et propre.","breadcrumb":{"@id":"https:\/\/saiga.es\/fr\/produit\/zotal-desinfectant-pour-fermes-et-ecuries\/#breadcrumb"},"inLanguage":"fr-FR","potentialAction":[{"@type":"ReadAction","target":["https:\/\/saiga.es\/fr\/produit\/zotal-desinfectant-pour-fermes-et-ecuries\/"]}]},{"@type":"ImageObject","inLanguage":"fr-FR","@id":"https:\/\/saiga.es\/fr\/produit\/zotal-desinfectant-pour-fermes-et-ecuries\/#primaryimage","url":"https:\/\/saiga.es\/wp-content\/uploads\/2025\/06\/biotrituradora-honda-bio510-de-lloguer-2.jpg","contentUrl":"https:\/\/saiga.es\/wp-content\/uploads\/2025\/06\/biotrituradora-honda-bio510-de-lloguer-2.jpg","width":1080,"height":1080,"caption":"Zotal d\u00e9sinfectant"},{"@type":"BreadcrumbList","@id":"https:\/\/saiga.es\/fr\/produit\/zotal-desinfectant-pour-fermes-et-ecuries\/#breadcrumb","itemListElement":[{"@type":"ListItem","position":1,"name":"Inici","item":"https:\/\/saiga.es\/fr\/"},{"@type":"ListItem","position":2,"name":"boutique","item":"https:\/\/saiga.es\/fr\/boutique\/"},{"@type":"ListItem","position":3,"name":"Zotal, d\u00e9sinfectant pour fermes et \u00e9curies"}]},{"@type":"WebSite","@id":"https:\/\/saiga.es\/fr\/#website","url":"https:\/\/saiga.es\/fr\/","name":"SAIGA","description":"M\u00e9s de 50 anys al servei de la terra i treballant per a un \u00fas eficient de l\u2019aigua!","publisher":{"@id":"https:\/\/saiga.es\/fr\/#organization"},"potentialAction":[{"@type":"SearchAction","target":{"@type":"EntryPoint","urlTemplate":"https:\/\/saiga.es\/fr\/?s={search_term_string}"},"query-input":{"@type":"PropertyValueSpecification","valueRequired":true,"valueName":"search_term_string"}}],"inLanguage":"fr-FR"},{"@type":"Organization","@id":"https:\/\/saiga.es\/fr\/#organization","name":"SAIGA","url":"https:\/\/saiga.es\/fr\/","logo":{"@type":"ImageObject","inLanguage":"fr-FR","@id":"https:\/\/saiga.es\/fr\/#\/schema\/logo\/image\/","url":"https:\/\/saiga.es\/wp-content\/uploads\/2025\/07\/logo_saiga_baseline_optimitzat.svg","contentUrl":"https:\/\/saiga.es\/wp-content\/uploads\/2025\/07\/logo_saiga_baseline_optimitzat.svg","caption":"SAIGA"},"image":{"@id":"https:\/\/saiga.es\/fr\/#\/schema\/logo\/image\/"},"sameAs":["https:\/\/x.com\/saiga_agro","https:\/\/www.instagram.com\/saiga_agro\/"]}]}},"_links":{"self":[{"href":"https:\/\/saiga.es\/fr\/wp-json\/wp\/v2\/product\/15043","targetHints":{"allow":["GET"]}}],"collection":[{"href":"https:\/\/saiga.es\/fr\/wp-json\/wp\/v2\/product"}],"about":[{"href":"https:\/\/saiga.es\/fr\/wp-json\/wp\/v2\/types\/product"}],"replies":[{"embeddable":true,"href":"https:\/\/saiga.es\/fr\/wp-json\/wp\/v2\/comments?post=15043"}],"wp:featuredmedia":[{"embeddable":true,"href":"https:\/\/saiga.es\/fr\/wp-json\/wp\/v2\/media\/15041"}],"wp:attachment":[{"href":"https:\/\/saiga.es\/fr\/wp-json\/wp\/v2\/media?parent=15043"}],"wp:term":[{"taxonomy":"product_brand","embeddable":true,"href":"https:\/\/saiga.es\/fr\/wp-json\/wp\/v2\/product_brand?post=15043"},{"taxonomy":"product_cat","embeddable":true,"href":"https:\/\/saiga.es\/fr\/wp-json\/wp\/v2\/product_cat?post=15043"},{"taxonomy":"product_tag","embeddable":true,"href":"https:\/\/saiga.es\/fr\/wp-json\/wp\/v2\/product_tag?post=15043"}],"curies":[{"name":"wp","href":"https:\/\/api.w.org\/{rel}","templated":true}]}}