{"id":15296,"date":"2025-07-02T09:08:07","date_gmt":"2025-07-02T09:08:07","guid":{"rendered":"https:\/\/botiga.saiga.es\/producte\/parasital-pro-herbal-anti-moustiques-et-tiques\/"},"modified":"2025-12-10T12:02:37","modified_gmt":"2025-12-10T12:02:37","slug":"parasital-pro-herbal-anti-moustiques-et-tiques","status":"publish","type":"product","link":"https:\/\/saiga.es\/fr\/produit\/parasital-pro-herbal-anti-moustiques-et-tiques\/","title":{"rendered":"Parasital Pro Herbal, anti-moustiques et tiques"},"content":{"rendered":"<p>Le spray insectifuge Parasital Pro pour usage humain est un produit r\u00e9pulsif contre les piq\u00fbres et autres insectes. Il est \u00e0 base de citrodiol, un principe actif d&rsquo;origine v\u00e9g\u00e9tale qui offre une protection jusqu&rsquo;\u00e0 5 heures. Il est \u00e9galement efficace contre le moustique tigre, contre lequel il offre jusqu&rsquo;\u00e0 6 heures de protection. <\/p>\n<p>Appliquer 6 \u00e0 7 pulv\u00e9risations par membre et r\u00e9partir uniform\u00e9ment. Ne pas vaporiser directement sur le visage, mais appliquer d&rsquo;abord sur les mains. \u00c9viter tout contact avec les yeux, les muqueuses, les zones cutan\u00e9es sensibles ou malades et les plaies. Ne pas appliquer sur les mains des enfants. Ne pas utiliser chez les enfants de moins de 3 ans. Utiliser avec prudence chez les enfants de moins de 6 ans, sous la surveillance d&rsquo;un adulte. Appliquer le produit lorsque les conditions ext\u00e9rieures le pr\u00e9conisent. Des applications fr\u00e9quentes et r\u00e9p\u00e9t\u00e9es sont inutiles.       <\/p>\n","protected":false},"excerpt":{"rendered":"<p>Parasital Pro Spray Insectifuge \u00e0 Usage Humain est un produit r\u00e9pulsif pour pr\u00e9venir les piq\u00fbres et autres insectes tels que les tiques, \u00e0 base de citrodiol, un principe actif d&rsquo;origine v\u00e9g\u00e9tale qui offre une p\u00e9riode de protection allant jusqu&rsquo;\u00e0 5 heures.<\/p>\n","protected":false},"featured_media":15294,"comment_status":"closed","ping_status":"closed","template":"","meta":[],"product_brand":[2249],"product_cat":[445,442],"product_tag":[2190,1476,2189],"class_list":{"0":"post-15296","1":"product","2":"type-product","3":"status-publish","4":"has-post-thumbnail","6":"product_brand-zotal-fr","7":"product_cat-insecticides-fr-2","8":"product_cat-non-classe","9":"product_tag-anti-tiques","10":"product_tag-anti-moustique","11":"product_tag-tiques","13":"first","14":"instock","15":"taxable","16":"shipping-taxable","17":"purchasable","18":"product-type-simple"},"yoast_head":"<!-- This site is optimized with the Yoast SEO plugin v27.3 - https:\/\/yoast.com\/product\/yoast-seo-wordpress\/ -->\n<title>Parasital Pro Herbal, anti-moustiques et tiques | SAIGA<\/title>\n<meta name=\"description\" content=\"Le spray insectifuge Parasital Pro pour usage humain est un produit r\u00e9pulsif pour pr\u00e9venir les piq\u00fbres et autres insectes tels que les tiques.\" \/>\n<meta name=\"robots\" content=\"index, follow, max-snippet:-1, max-image-preview:large, max-video-preview:-1\" \/>\n<link rel=\"canonical\" href=\"https:\/\/saiga.es\/fr\/produit\/parasital-pro-herbal-anti-moustiques-et-tiques\/\" \/>\n<meta property=\"og:locale\" content=\"fr_FR\" \/>\n<meta property=\"og:type\" content=\"article\" \/>\n<meta property=\"og:title\" content=\"Parasital Pro Herbal, anti-moustiques et tiques | SAIGA\" \/>\n<meta property=\"og:description\" content=\"Le spray insectifuge Parasital Pro pour usage humain est un produit r\u00e9pulsif pour pr\u00e9venir les piq\u00fbres et autres insectes tels que les tiques.\" \/>\n<meta property=\"og:url\" content=\"https:\/\/saiga.es\/fr\/produit\/parasital-pro-herbal-anti-moustiques-et-tiques\/\" \/>\n<meta property=\"og:site_name\" content=\"SAIGA\" \/>\n<meta property=\"article:modified_time\" content=\"2025-12-10T12:02:37+00:00\" \/>\n<meta property=\"og:image\" content=\"https:\/\/saiga.es\/wp-content\/uploads\/2025\/07\/Parasital-Pro-herbal.jpg\" \/>\n\t<meta property=\"og:image:width\" content=\"1080\" \/>\n\t<meta property=\"og:image:height\" content=\"1080\" \/>\n\t<meta property=\"og:image:type\" content=\"image\/jpeg\" \/>\n<meta name=\"twitter:card\" content=\"summary_large_image\" \/>\n<meta name=\"twitter:site\" content=\"@saiga_agro\" \/>\n<meta name=\"twitter:label1\" content=\"Dur\u00e9e de lecture estim\u00e9e\" \/>\n\t<meta name=\"twitter:data1\" content=\"1 minute\" \/>\n<script type=\"application\/ld+json\" class=\"yoast-schema-graph\">{\"@context\":\"https:\\\/\\\/schema.org\",\"@graph\":[{\"@type\":\"WebPage\",\"@id\":\"https:\\\/\\\/saiga.es\\\/fr\\\/produit\\\/parasital-pro-herbal-anti-moustiques-et-tiques\\\/\",\"url\":\"https:\\\/\\\/saiga.es\\\/fr\\\/produit\\\/parasital-pro-herbal-anti-moustiques-et-tiques\\\/\",\"name\":\"Parasital Pro Herbal, anti-moustiques et tiques | SAIGA\",\"isPartOf\":{\"@id\":\"https:\\\/\\\/saiga.es\\\/fr\\\/#website\"},\"primaryImageOfPage\":{\"@id\":\"https:\\\/\\\/saiga.es\\\/fr\\\/produit\\\/parasital-pro-herbal-anti-moustiques-et-tiques\\\/#primaryimage\"},\"image\":{\"@id\":\"https:\\\/\\\/saiga.es\\\/fr\\\/produit\\\/parasital-pro-herbal-anti-moustiques-et-tiques\\\/#primaryimage\"},\"thumbnailUrl\":\"https:\\\/\\\/saiga.es\\\/wp-content\\\/uploads\\\/2025\\\/07\\\/Parasital-Pro-herbal.jpg\",\"datePublished\":\"2025-07-02T09:08:07+00:00\",\"dateModified\":\"2025-12-10T12:02:37+00:00\",\"description\":\"Le spray insectifuge Parasital Pro pour usage humain est un produit r\u00e9pulsif pour pr\u00e9venir les piq\u00fbres et autres insectes tels que les tiques.\",\"breadcrumb\":{\"@id\":\"https:\\\/\\\/saiga.es\\\/fr\\\/produit\\\/parasital-pro-herbal-anti-moustiques-et-tiques\\\/#breadcrumb\"},\"inLanguage\":\"fr-FR\",\"potentialAction\":[{\"@type\":\"ReadAction\",\"target\":[\"https:\\\/\\\/saiga.es\\\/fr\\\/produit\\\/parasital-pro-herbal-anti-moustiques-et-tiques\\\/\"]}]},{\"@type\":\"ImageObject\",\"inLanguage\":\"fr-FR\",\"@id\":\"https:\\\/\\\/saiga.es\\\/fr\\\/produit\\\/parasital-pro-herbal-anti-moustiques-et-tiques\\\/#primaryimage\",\"url\":\"https:\\\/\\\/saiga.es\\\/wp-content\\\/uploads\\\/2025\\\/07\\\/Parasital-Pro-herbal.jpg\",\"contentUrl\":\"https:\\\/\\\/saiga.es\\\/wp-content\\\/uploads\\\/2025\\\/07\\\/Parasital-Pro-herbal.jpg\",\"width\":1080,\"height\":1080,\"caption\":\"Parasital Pro Herbal\"},{\"@type\":\"BreadcrumbList\",\"@id\":\"https:\\\/\\\/saiga.es\\\/fr\\\/produit\\\/parasital-pro-herbal-anti-moustiques-et-tiques\\\/#breadcrumb\",\"itemListElement\":[{\"@type\":\"ListItem\",\"position\":1,\"name\":\"Inici\",\"item\":\"https:\\\/\\\/saiga.es\\\/fr\\\/\"},{\"@type\":\"ListItem\",\"position\":2,\"name\":\"boutique\",\"item\":\"https:\\\/\\\/saiga.es\\\/fr\\\/boutique\\\/\"},{\"@type\":\"ListItem\",\"position\":3,\"name\":\"Parasital Pro Herbal, anti-moustiques et tiques\"}]},{\"@type\":\"WebSite\",\"@id\":\"https:\\\/\\\/saiga.es\\\/fr\\\/#website\",\"url\":\"https:\\\/\\\/saiga.es\\\/fr\\\/\",\"name\":\"SAIGA\",\"description\":\"M\u00e9s de 50 anys al servei de la terra i treballant per a un \u00fas eficient de l\u2019aigua!\",\"publisher\":{\"@id\":\"https:\\\/\\\/saiga.es\\\/fr\\\/#organization\"},\"potentialAction\":[{\"@type\":\"SearchAction\",\"target\":{\"@type\":\"EntryPoint\",\"urlTemplate\":\"https:\\\/\\\/saiga.es\\\/fr\\\/?s={search_term_string}\"},\"query-input\":{\"@type\":\"PropertyValueSpecification\",\"valueRequired\":true,\"valueName\":\"search_term_string\"}}],\"inLanguage\":\"fr-FR\"},{\"@type\":\"Organization\",\"@id\":\"https:\\\/\\\/saiga.es\\\/fr\\\/#organization\",\"name\":\"SAIGA\",\"url\":\"https:\\\/\\\/saiga.es\\\/fr\\\/\",\"logo\":{\"@type\":\"ImageObject\",\"inLanguage\":\"fr-FR\",\"@id\":\"https:\\\/\\\/saiga.es\\\/fr\\\/#\\\/schema\\\/logo\\\/image\\\/\",\"url\":\"https:\\\/\\\/saiga.es\\\/wp-content\\\/uploads\\\/2025\\\/07\\\/logo_saiga_baseline_optimitzat.svg\",\"contentUrl\":\"https:\\\/\\\/saiga.es\\\/wp-content\\\/uploads\\\/2025\\\/07\\\/logo_saiga_baseline_optimitzat.svg\",\"caption\":\"SAIGA\"},\"image\":{\"@id\":\"https:\\\/\\\/saiga.es\\\/fr\\\/#\\\/schema\\\/logo\\\/image\\\/\"},\"sameAs\":[\"https:\\\/\\\/x.com\\\/saiga_agro\",\"https:\\\/\\\/www.instagram.com\\\/saiga_agro\\\/\"]}]}<\/script>\n<!-- \/ Yoast SEO plugin. -->","yoast_head_json":{"title":"Parasital Pro Herbal, anti-moustiques et tiques | SAIGA","description":"Le spray insectifuge Parasital Pro pour usage humain est un produit r\u00e9pulsif pour pr\u00e9venir les piq\u00fbres et autres insectes tels que les tiques.","robots":{"index":"index","follow":"follow","max-snippet":"max-snippet:-1","max-image-preview":"max-image-preview:large","max-video-preview":"max-video-preview:-1"},"canonical":"https:\/\/saiga.es\/fr\/produit\/parasital-pro-herbal-anti-moustiques-et-tiques\/","og_locale":"fr_FR","og_type":"article","og_title":"Parasital Pro Herbal, anti-moustiques et tiques | SAIGA","og_description":"Le spray insectifuge Parasital Pro pour usage humain est un produit r\u00e9pulsif pour pr\u00e9venir les piq\u00fbres et autres insectes tels que les tiques.","og_url":"https:\/\/saiga.es\/fr\/produit\/parasital-pro-herbal-anti-moustiques-et-tiques\/","og_site_name":"SAIGA","article_modified_time":"2025-12-10T12:02:37+00:00","og_image":[{"width":1080,"height":1080,"url":"https:\/\/saiga.es\/wp-content\/uploads\/2025\/07\/Parasital-Pro-herbal.jpg","type":"image\/jpeg"}],"twitter_card":"summary_large_image","twitter_site":"@saiga_agro","twitter_misc":{"Dur\u00e9e de lecture estim\u00e9e":"1 minute"},"schema":{"@context":"https:\/\/schema.org","@graph":[{"@type":"WebPage","@id":"https:\/\/saiga.es\/fr\/produit\/parasital-pro-herbal-anti-moustiques-et-tiques\/","url":"https:\/\/saiga.es\/fr\/produit\/parasital-pro-herbal-anti-moustiques-et-tiques\/","name":"Parasital Pro Herbal, anti-moustiques et tiques | SAIGA","isPartOf":{"@id":"https:\/\/saiga.es\/fr\/#website"},"primaryImageOfPage":{"@id":"https:\/\/saiga.es\/fr\/produit\/parasital-pro-herbal-anti-moustiques-et-tiques\/#primaryimage"},"image":{"@id":"https:\/\/saiga.es\/fr\/produit\/parasital-pro-herbal-anti-moustiques-et-tiques\/#primaryimage"},"thumbnailUrl":"https:\/\/saiga.es\/wp-content\/uploads\/2025\/07\/Parasital-Pro-herbal.jpg","datePublished":"2025-07-02T09:08:07+00:00","dateModified":"2025-12-10T12:02:37+00:00","description":"Le spray insectifuge Parasital Pro pour usage humain est un produit r\u00e9pulsif pour pr\u00e9venir les piq\u00fbres et autres insectes tels que les tiques.","breadcrumb":{"@id":"https:\/\/saiga.es\/fr\/produit\/parasital-pro-herbal-anti-moustiques-et-tiques\/#breadcrumb"},"inLanguage":"fr-FR","potentialAction":[{"@type":"ReadAction","target":["https:\/\/saiga.es\/fr\/produit\/parasital-pro-herbal-anti-moustiques-et-tiques\/"]}]},{"@type":"ImageObject","inLanguage":"fr-FR","@id":"https:\/\/saiga.es\/fr\/produit\/parasital-pro-herbal-anti-moustiques-et-tiques\/#primaryimage","url":"https:\/\/saiga.es\/wp-content\/uploads\/2025\/07\/Parasital-Pro-herbal.jpg","contentUrl":"https:\/\/saiga.es\/wp-content\/uploads\/2025\/07\/Parasital-Pro-herbal.jpg","width":1080,"height":1080,"caption":"Parasital Pro Herbal"},{"@type":"BreadcrumbList","@id":"https:\/\/saiga.es\/fr\/produit\/parasital-pro-herbal-anti-moustiques-et-tiques\/#breadcrumb","itemListElement":[{"@type":"ListItem","position":1,"name":"Inici","item":"https:\/\/saiga.es\/fr\/"},{"@type":"ListItem","position":2,"name":"boutique","item":"https:\/\/saiga.es\/fr\/boutique\/"},{"@type":"ListItem","position":3,"name":"Parasital Pro Herbal, anti-moustiques et tiques"}]},{"@type":"WebSite","@id":"https:\/\/saiga.es\/fr\/#website","url":"https:\/\/saiga.es\/fr\/","name":"SAIGA","description":"M\u00e9s de 50 anys al servei de la terra i treballant per a un \u00fas eficient de l\u2019aigua!","publisher":{"@id":"https:\/\/saiga.es\/fr\/#organization"},"potentialAction":[{"@type":"SearchAction","target":{"@type":"EntryPoint","urlTemplate":"https:\/\/saiga.es\/fr\/?s={search_term_string}"},"query-input":{"@type":"PropertyValueSpecification","valueRequired":true,"valueName":"search_term_string"}}],"inLanguage":"fr-FR"},{"@type":"Organization","@id":"https:\/\/saiga.es\/fr\/#organization","name":"SAIGA","url":"https:\/\/saiga.es\/fr\/","logo":{"@type":"ImageObject","inLanguage":"fr-FR","@id":"https:\/\/saiga.es\/fr\/#\/schema\/logo\/image\/","url":"https:\/\/saiga.es\/wp-content\/uploads\/2025\/07\/logo_saiga_baseline_optimitzat.svg","contentUrl":"https:\/\/saiga.es\/wp-content\/uploads\/2025\/07\/logo_saiga_baseline_optimitzat.svg","caption":"SAIGA"},"image":{"@id":"https:\/\/saiga.es\/fr\/#\/schema\/logo\/image\/"},"sameAs":["https:\/\/x.com\/saiga_agro","https:\/\/www.instagram.com\/saiga_agro\/"]}]}},"_links":{"self":[{"href":"https:\/\/saiga.es\/fr\/wp-json\/wp\/v2\/product\/15296","targetHints":{"allow":["GET"]}}],"collection":[{"href":"https:\/\/saiga.es\/fr\/wp-json\/wp\/v2\/product"}],"about":[{"href":"https:\/\/saiga.es\/fr\/wp-json\/wp\/v2\/types\/product"}],"replies":[{"embeddable":true,"href":"https:\/\/saiga.es\/fr\/wp-json\/wp\/v2\/comments?post=15296"}],"wp:featuredmedia":[{"embeddable":true,"href":"https:\/\/saiga.es\/fr\/wp-json\/wp\/v2\/media\/15294"}],"wp:attachment":[{"href":"https:\/\/saiga.es\/fr\/wp-json\/wp\/v2\/media?parent=15296"}],"wp:term":[{"taxonomy":"product_brand","embeddable":true,"href":"https:\/\/saiga.es\/fr\/wp-json\/wp\/v2\/product_brand?post=15296"},{"taxonomy":"product_cat","embeddable":true,"href":"https:\/\/saiga.es\/fr\/wp-json\/wp\/v2\/product_cat?post=15296"},{"taxonomy":"product_tag","embeddable":true,"href":"https:\/\/saiga.es\/fr\/wp-json\/wp\/v2\/product_tag?post=15296"}],"curies":[{"name":"wp","href":"https:\/\/api.w.org\/{rel}","templated":true}]}}