{"id":15311,"date":"2025-07-07T14:01:38","date_gmt":"2025-07-07T14:01:38","guid":{"rendered":"https:\/\/botiga.saiga.es\/producte\/piege-a-charancons-du-palmier\/"},"modified":"2025-12-10T12:01:08","modified_gmt":"2025-12-10T12:01:08","slug":"piege-a-charancons-du-palmier","status":"publish","type":"product","link":"https:\/\/saiga.es\/fr\/produit\/piege-a-charancons-du-palmier\/","title":{"rendered":"Pi\u00e8ge \u00e0 charan\u00e7ons du palmier"},"content":{"rendered":"<p>Le pi\u00e8ge SOSpalm est un outil efficace, \u00e9cologique et durable pour lutter contre le charan\u00e7on du palmier (Rhynchophorus ferrugineus). Sp\u00e9cialement con\u00e7u pour la capture massive de ce col\u00e9opt\u00e8re invasif, sa forme conique optimise l&rsquo;entr\u00e9e des insectes et emp\u00eache leur sortie, maximisant ainsi l&rsquo;efficacit\u00e9 de la lutte biotechnique. <\/p>\n<p>Fonctionnalit\u00e9s principales :<\/p>\n<ul>\n<li>Conception robuste et r\u00e9sistante aux intemp\u00e9ries, fabriqu\u00e9e avec des mat\u00e9riaux de qualit\u00e9 pour une longue durabilit\u00e9 en ext\u00e9rieur.<\/li>\n<li>Couleur noir mat qui favorise l&rsquo;attraction visuelle du charan\u00e7on.<\/li>\n<li>Couvercle sup\u00e9rieur vert avec entr\u00e9es strat\u00e9giques, qui permettent une diffusion optimale des ph\u00e9romones et des attractifs alimentaires.<\/li>\n<li>Montage simple et entretien minimal.<\/li>\n<\/ul>\n<p>Fonctionnement :<br \/>\nLe pi\u00e8ge est utilis\u00e9 en combinaison avec des ph\u00e9romones sp\u00e9cifiques et des attractifs alimentaires qui attirent le charan\u00e7on \u00e0 l&rsquo;int\u00e9rieur. Une fois \u00e0 l&rsquo;int\u00e9rieur, sa forme et sa structure l&#8217;emp\u00eachent de s&rsquo;\u00e9chapper. <\/p>\n<p>Principales applications :<\/p>\n<ul>\n<li>Contr\u00f4le int\u00e9gr\u00e9 et \u00e9cologique dans les espaces publics, jardins, parcs et zones agricoles.<\/li>\n<li>Compl\u00e9ment id\u00e9al aux traitements phytosanitaires pour r\u00e9duire les populations de charan\u00e7ons de mani\u00e8re s\u00e9lective et sans impact environnemental.<\/li>\n<\/ul>\n<p>Faites confiance \u00e0 SOSPalm pour prot\u00e9ger vos palmiers de mani\u00e8re efficace et durable.<\/p>\n","protected":false},"excerpt":{"rendered":"<p>Le pi\u00e8ge SOSpalm est un outil efficace, \u00e9cologique et durable pour lutter contre le charan\u00e7on du palmier (Rhynchophorus ferrugineus).<\/p>\n","protected":false},"featured_media":15307,"comment_status":"closed","ping_status":"closed","template":"","meta":[],"product_brand":[],"product_cat":[442],"product_tag":[2194,1565],"class_list":{"0":"post-15311","1":"product","2":"type-product","3":"status-publish","4":"has-post-thumbnail","6":"product_cat-non-classe","7":"product_tag-charancon-du-palmier","8":"product_tag-piege","10":"first","11":"instock","12":"taxable","13":"shipping-taxable","14":"purchasable","15":"product-type-simple"},"yoast_head":"<!-- This site is optimized with the Yoast SEO plugin v27.4 - https:\/\/yoast.com\/product\/yoast-seo-wordpress\/ -->\n<title>Pi\u00e8ge \u00e0 charan\u00e7ons du palmier | SAIGA<\/title>\n<meta name=\"description\" content=\"Le pi\u00e8ge SOSpalm est un outil efficace, \u00e9cologique et durable pour lutter contre le charan\u00e7on du palmier (Rhynchophorus ferrugineus).\" \/>\n<meta name=\"robots\" content=\"index, follow, max-snippet:-1, max-image-preview:large, max-video-preview:-1\" \/>\n<link rel=\"canonical\" href=\"https:\/\/saiga.es\/fr\/produit\/piege-a-charancons-du-palmier\/\" \/>\n<meta property=\"og:locale\" content=\"fr_FR\" \/>\n<meta property=\"og:type\" content=\"article\" \/>\n<meta property=\"og:title\" content=\"Pi\u00e8ge \u00e0 charan\u00e7ons du palmier | SAIGA\" \/>\n<meta property=\"og:description\" content=\"Le pi\u00e8ge SOSpalm est un outil efficace, \u00e9cologique et durable pour lutter contre le charan\u00e7on du palmier (Rhynchophorus ferrugineus).\" \/>\n<meta property=\"og:url\" content=\"https:\/\/saiga.es\/fr\/produit\/piege-a-charancons-du-palmier\/\" \/>\n<meta property=\"og:site_name\" content=\"SAIGA\" \/>\n<meta property=\"article:modified_time\" content=\"2025-12-10T12:01:08+00:00\" \/>\n<meta property=\"og:image\" content=\"https:\/\/saiga.es\/wp-content\/uploads\/2025\/07\/Trampa-morrut.jpg\" \/>\n\t<meta property=\"og:image:width\" content=\"1080\" \/>\n\t<meta property=\"og:image:height\" content=\"1080\" \/>\n\t<meta property=\"og:image:type\" content=\"image\/jpeg\" \/>\n<meta name=\"twitter:card\" content=\"summary_large_image\" \/>\n<meta name=\"twitter:site\" content=\"@saiga_agro\" \/>\n<meta name=\"twitter:label1\" content=\"Dur\u00e9e de lecture estim\u00e9e\" \/>\n\t<meta name=\"twitter:data1\" content=\"1 minute\" \/>\n<script type=\"application\/ld+json\" class=\"yoast-schema-graph\">{\"@context\":\"https:\\\/\\\/schema.org\",\"@graph\":[{\"@type\":\"WebPage\",\"@id\":\"https:\\\/\\\/saiga.es\\\/fr\\\/produit\\\/piege-a-charancons-du-palmier\\\/\",\"url\":\"https:\\\/\\\/saiga.es\\\/fr\\\/produit\\\/piege-a-charancons-du-palmier\\\/\",\"name\":\"Pi\u00e8ge \u00e0 charan\u00e7ons du palmier | SAIGA\",\"isPartOf\":{\"@id\":\"https:\\\/\\\/saiga.es\\\/fr\\\/#website\"},\"primaryImageOfPage\":{\"@id\":\"https:\\\/\\\/saiga.es\\\/fr\\\/produit\\\/piege-a-charancons-du-palmier\\\/#primaryimage\"},\"image\":{\"@id\":\"https:\\\/\\\/saiga.es\\\/fr\\\/produit\\\/piege-a-charancons-du-palmier\\\/#primaryimage\"},\"thumbnailUrl\":\"https:\\\/\\\/saiga.es\\\/wp-content\\\/uploads\\\/2025\\\/07\\\/Trampa-morrut.jpg\",\"datePublished\":\"2025-07-07T14:01:38+00:00\",\"dateModified\":\"2025-12-10T12:01:08+00:00\",\"description\":\"Le pi\u00e8ge SOSpalm est un outil efficace, \u00e9cologique et durable pour lutter contre le charan\u00e7on du palmier (Rhynchophorus ferrugineus).\",\"breadcrumb\":{\"@id\":\"https:\\\/\\\/saiga.es\\\/fr\\\/produit\\\/piege-a-charancons-du-palmier\\\/#breadcrumb\"},\"inLanguage\":\"fr-FR\",\"potentialAction\":[{\"@type\":\"ReadAction\",\"target\":[\"https:\\\/\\\/saiga.es\\\/fr\\\/produit\\\/piege-a-charancons-du-palmier\\\/\"]}]},{\"@type\":\"ImageObject\",\"inLanguage\":\"fr-FR\",\"@id\":\"https:\\\/\\\/saiga.es\\\/fr\\\/produit\\\/piege-a-charancons-du-palmier\\\/#primaryimage\",\"url\":\"https:\\\/\\\/saiga.es\\\/wp-content\\\/uploads\\\/2025\\\/07\\\/Trampa-morrut.jpg\",\"contentUrl\":\"https:\\\/\\\/saiga.es\\\/wp-content\\\/uploads\\\/2025\\\/07\\\/Trampa-morrut.jpg\",\"width\":1080,\"height\":1080,\"caption\":\"Pi\u00e8ge \u00e0 charan\u00e7ons du palmier\"},{\"@type\":\"BreadcrumbList\",\"@id\":\"https:\\\/\\\/saiga.es\\\/fr\\\/produit\\\/piege-a-charancons-du-palmier\\\/#breadcrumb\",\"itemListElement\":[{\"@type\":\"ListItem\",\"position\":1,\"name\":\"Inici\",\"item\":\"https:\\\/\\\/saiga.es\\\/fr\\\/\"},{\"@type\":\"ListItem\",\"position\":2,\"name\":\"boutique\",\"item\":\"https:\\\/\\\/saiga.es\\\/fr\\\/boutique\\\/\"},{\"@type\":\"ListItem\",\"position\":3,\"name\":\"Pi\u00e8ge \u00e0 charan\u00e7ons du palmier\"}]},{\"@type\":\"WebSite\",\"@id\":\"https:\\\/\\\/saiga.es\\\/fr\\\/#website\",\"url\":\"https:\\\/\\\/saiga.es\\\/fr\\\/\",\"name\":\"SAIGA\",\"description\":\"M\u00e9s de 50 anys al servei de la terra i treballant per a un \u00fas eficient de l\u2019aigua!\",\"publisher\":{\"@id\":\"https:\\\/\\\/saiga.es\\\/fr\\\/#organization\"},\"potentialAction\":[{\"@type\":\"SearchAction\",\"target\":{\"@type\":\"EntryPoint\",\"urlTemplate\":\"https:\\\/\\\/saiga.es\\\/fr\\\/?s={search_term_string}\"},\"query-input\":{\"@type\":\"PropertyValueSpecification\",\"valueRequired\":true,\"valueName\":\"search_term_string\"}}],\"inLanguage\":\"fr-FR\"},{\"@type\":\"Organization\",\"@id\":\"https:\\\/\\\/saiga.es\\\/fr\\\/#organization\",\"name\":\"SAIGA\",\"url\":\"https:\\\/\\\/saiga.es\\\/fr\\\/\",\"logo\":{\"@type\":\"ImageObject\",\"inLanguage\":\"fr-FR\",\"@id\":\"https:\\\/\\\/saiga.es\\\/fr\\\/#\\\/schema\\\/logo\\\/image\\\/\",\"url\":\"https:\\\/\\\/saiga.es\\\/wp-content\\\/uploads\\\/2025\\\/07\\\/logo_saiga_baseline_optimitzat.svg\",\"contentUrl\":\"https:\\\/\\\/saiga.es\\\/wp-content\\\/uploads\\\/2025\\\/07\\\/logo_saiga_baseline_optimitzat.svg\",\"caption\":\"SAIGA\"},\"image\":{\"@id\":\"https:\\\/\\\/saiga.es\\\/fr\\\/#\\\/schema\\\/logo\\\/image\\\/\"},\"sameAs\":[\"https:\\\/\\\/x.com\\\/saiga_agro\",\"https:\\\/\\\/www.instagram.com\\\/saiga_agro\\\/\"]}]}<\/script>\n<!-- \/ Yoast SEO plugin. -->","yoast_head_json":{"title":"Pi\u00e8ge \u00e0 charan\u00e7ons du palmier | SAIGA","description":"Le pi\u00e8ge SOSpalm est un outil efficace, \u00e9cologique et durable pour lutter contre le charan\u00e7on du palmier (Rhynchophorus ferrugineus).","robots":{"index":"index","follow":"follow","max-snippet":"max-snippet:-1","max-image-preview":"max-image-preview:large","max-video-preview":"max-video-preview:-1"},"canonical":"https:\/\/saiga.es\/fr\/produit\/piege-a-charancons-du-palmier\/","og_locale":"fr_FR","og_type":"article","og_title":"Pi\u00e8ge \u00e0 charan\u00e7ons du palmier | SAIGA","og_description":"Le pi\u00e8ge SOSpalm est un outil efficace, \u00e9cologique et durable pour lutter contre le charan\u00e7on du palmier (Rhynchophorus ferrugineus).","og_url":"https:\/\/saiga.es\/fr\/produit\/piege-a-charancons-du-palmier\/","og_site_name":"SAIGA","article_modified_time":"2025-12-10T12:01:08+00:00","og_image":[{"width":1080,"height":1080,"url":"https:\/\/saiga.es\/wp-content\/uploads\/2025\/07\/Trampa-morrut.jpg","type":"image\/jpeg"}],"twitter_card":"summary_large_image","twitter_site":"@saiga_agro","twitter_misc":{"Dur\u00e9e de lecture estim\u00e9e":"1 minute"},"schema":{"@context":"https:\/\/schema.org","@graph":[{"@type":"WebPage","@id":"https:\/\/saiga.es\/fr\/produit\/piege-a-charancons-du-palmier\/","url":"https:\/\/saiga.es\/fr\/produit\/piege-a-charancons-du-palmier\/","name":"Pi\u00e8ge \u00e0 charan\u00e7ons du palmier | SAIGA","isPartOf":{"@id":"https:\/\/saiga.es\/fr\/#website"},"primaryImageOfPage":{"@id":"https:\/\/saiga.es\/fr\/produit\/piege-a-charancons-du-palmier\/#primaryimage"},"image":{"@id":"https:\/\/saiga.es\/fr\/produit\/piege-a-charancons-du-palmier\/#primaryimage"},"thumbnailUrl":"https:\/\/saiga.es\/wp-content\/uploads\/2025\/07\/Trampa-morrut.jpg","datePublished":"2025-07-07T14:01:38+00:00","dateModified":"2025-12-10T12:01:08+00:00","description":"Le pi\u00e8ge SOSpalm est un outil efficace, \u00e9cologique et durable pour lutter contre le charan\u00e7on du palmier (Rhynchophorus ferrugineus).","breadcrumb":{"@id":"https:\/\/saiga.es\/fr\/produit\/piege-a-charancons-du-palmier\/#breadcrumb"},"inLanguage":"fr-FR","potentialAction":[{"@type":"ReadAction","target":["https:\/\/saiga.es\/fr\/produit\/piege-a-charancons-du-palmier\/"]}]},{"@type":"ImageObject","inLanguage":"fr-FR","@id":"https:\/\/saiga.es\/fr\/produit\/piege-a-charancons-du-palmier\/#primaryimage","url":"https:\/\/saiga.es\/wp-content\/uploads\/2025\/07\/Trampa-morrut.jpg","contentUrl":"https:\/\/saiga.es\/wp-content\/uploads\/2025\/07\/Trampa-morrut.jpg","width":1080,"height":1080,"caption":"Pi\u00e8ge \u00e0 charan\u00e7ons du palmier"},{"@type":"BreadcrumbList","@id":"https:\/\/saiga.es\/fr\/produit\/piege-a-charancons-du-palmier\/#breadcrumb","itemListElement":[{"@type":"ListItem","position":1,"name":"Inici","item":"https:\/\/saiga.es\/fr\/"},{"@type":"ListItem","position":2,"name":"boutique","item":"https:\/\/saiga.es\/fr\/boutique\/"},{"@type":"ListItem","position":3,"name":"Pi\u00e8ge \u00e0 charan\u00e7ons du palmier"}]},{"@type":"WebSite","@id":"https:\/\/saiga.es\/fr\/#website","url":"https:\/\/saiga.es\/fr\/","name":"SAIGA","description":"M\u00e9s de 50 anys al servei de la terra i treballant per a un \u00fas eficient de l\u2019aigua!","publisher":{"@id":"https:\/\/saiga.es\/fr\/#organization"},"potentialAction":[{"@type":"SearchAction","target":{"@type":"EntryPoint","urlTemplate":"https:\/\/saiga.es\/fr\/?s={search_term_string}"},"query-input":{"@type":"PropertyValueSpecification","valueRequired":true,"valueName":"search_term_string"}}],"inLanguage":"fr-FR"},{"@type":"Organization","@id":"https:\/\/saiga.es\/fr\/#organization","name":"SAIGA","url":"https:\/\/saiga.es\/fr\/","logo":{"@type":"ImageObject","inLanguage":"fr-FR","@id":"https:\/\/saiga.es\/fr\/#\/schema\/logo\/image\/","url":"https:\/\/saiga.es\/wp-content\/uploads\/2025\/07\/logo_saiga_baseline_optimitzat.svg","contentUrl":"https:\/\/saiga.es\/wp-content\/uploads\/2025\/07\/logo_saiga_baseline_optimitzat.svg","caption":"SAIGA"},"image":{"@id":"https:\/\/saiga.es\/fr\/#\/schema\/logo\/image\/"},"sameAs":["https:\/\/x.com\/saiga_agro","https:\/\/www.instagram.com\/saiga_agro\/"]}]}},"_links":{"self":[{"href":"https:\/\/saiga.es\/fr\/wp-json\/wp\/v2\/product\/15311","targetHints":{"allow":["GET"]}}],"collection":[{"href":"https:\/\/saiga.es\/fr\/wp-json\/wp\/v2\/product"}],"about":[{"href":"https:\/\/saiga.es\/fr\/wp-json\/wp\/v2\/types\/product"}],"replies":[{"embeddable":true,"href":"https:\/\/saiga.es\/fr\/wp-json\/wp\/v2\/comments?post=15311"}],"wp:featuredmedia":[{"embeddable":true,"href":"https:\/\/saiga.es\/fr\/wp-json\/wp\/v2\/media\/15307"}],"wp:attachment":[{"href":"https:\/\/saiga.es\/fr\/wp-json\/wp\/v2\/media?parent=15311"}],"wp:term":[{"taxonomy":"product_brand","embeddable":true,"href":"https:\/\/saiga.es\/fr\/wp-json\/wp\/v2\/product_brand?post=15311"},{"taxonomy":"product_cat","embeddable":true,"href":"https:\/\/saiga.es\/fr\/wp-json\/wp\/v2\/product_cat?post=15311"},{"taxonomy":"product_tag","embeddable":true,"href":"https:\/\/saiga.es\/fr\/wp-json\/wp\/v2\/product_tag?post=15311"}],"curies":[{"name":"wp","href":"https:\/\/api.w.org\/{rel}","templated":true}]}}