{"id":15322,"date":"2025-07-09T07:29:53","date_gmt":"2025-07-09T07:29:53","guid":{"rendered":"https:\/\/botiga.saiga.es\/producte\/poudre-dengrais-cuprazufre-2\/"},"modified":"2025-12-10T11:57:11","modified_gmt":"2025-12-10T11:57:11","slug":"poudre-dengrais-cuprazufre-2","status":"publish","type":"product","link":"https:\/\/saiga.es\/fr\/produit\/poudre-dengrais-cuprazufre-2\/","title":{"rendered":"Poudre d&rsquo;engrais Cuprazufre 2"},"content":{"rendered":"<p data-start=\"428\" data-end=\"795\">CUPRAZUFRE 2 \u00e9s un fertilitzant en pols desenvolupat a base de<strong data-start=\"495\" data-end=\"514\"> sofre elemental<\/strong> i <strong data-start=\"517\" data-end=\"526\">coure,<\/strong> formulat especialment per a la seva aplicaci\u00f3 directa tant al s\u00f2l com a la planta. <\/p>\n<p data-start=\"797\" data-end=\"1199\">Le soufre est essentiel \u00e0 la formation des prot\u00e9ines et des acides amin\u00e9s, et participe \u00e0 la synth\u00e8se de diverses enzymes v\u00e9g\u00e9tales. Le cuivre, quant \u00e0 lui, joue un r\u00f4le cl\u00e9 dans des processus physiologiques tels que la photosynth\u00e8se, la respiration et le m\u00e9tabolisme des glucides. Ensemble, ils agissent en synergie, am\u00e9liorant l&rsquo;activit\u00e9 m\u00e9tabolique des plantes et contribuant \u00e0 corriger les carences nutritionnelles courantes.  <\/p>\n<p data-start=\"1201\" data-end=\"1467\">CUPRAZUFRE 2 s&rsquo;applique facilement par aspersion, permettant une couverture uniforme et une assimilation efficace des nutriments, aussi bien dans les cultures ligneuses qu&rsquo;horticoles. Il est particuli\u00e8rement utile en p\u00e9riode de croissance active ou en situation de stress nutritionnel. <\/p>\n<p data-start=\"1469\" data-end=\"1790\">Gr\u00e2ce \u00e0 sa formulation, le produit peut \u00e9galement avoir un effet compl\u00e9mentaire contre certaines pathologies associ\u00e9es \u00e0 des carences en soufre ou en cuivre. De plus, conform\u00e9ment \u00e0 la r\u00e9glementation et \u00e0 la certification en vigueur,<strong data-start=\"1678\" data-end=\"1728\"> il peut \u00eatre utilis\u00e9 en agriculture biologique<\/strong> (<em data-start=\"1730\" data-end=\"1788\">consulter l&rsquo;\u00e9tiquette ou le fabricant pour confirmation officielle).<\/em> <\/p>\n<p data-start=\"1792\" data-end=\"1948\">CUPRAZUFRE 2 est une solution pratique, efficace et polyvalente pour optimiser la nutrition min\u00e9rale de vos cultures et favoriser leur rendement et leur qualit\u00e9.<\/p>\n","protected":false},"excerpt":{"rendered":"<p>CUPRAZUFRE 2 est un engrais en poudre formul\u00e9 avec du soufre \u00e9l\u00e9mentaire et du cuivre, con\u00e7u pour \u00eatre appliqu\u00e9 directement sur le sol et sur la plante.<\/p>\n","protected":false},"featured_media":15319,"comment_status":"closed","ping_status":"closed","template":"","meta":[],"product_brand":[],"product_cat":[1878,425],"product_tag":[],"class_list":{"0":"post-15322","1":"product","2":"type-product","3":"status-publish","4":"has-post-thumbnail","6":"product_cat-engrais-et-engrais","7":"product_cat-potager","9":"first","10":"instock","11":"taxable","12":"shipping-taxable","13":"purchasable","14":"product-type-simple"},"yoast_head":"<!-- This site is optimized with the Yoast SEO plugin v27.4 - https:\/\/yoast.com\/product\/yoast-seo-wordpress\/ -->\n<title>Poudre d&#039;engrais Cuprazufre 2 | SAIGA<\/title>\n<meta name=\"description\" content=\"CUPRAZUFRE 2 est un engrais en poudre formul\u00e9 avec du soufre \u00e9l\u00e9mentaire et du cuivre, con\u00e7u pour \u00eatre appliqu\u00e9 directement sur le sol et sur la plante.\" \/>\n<meta name=\"robots\" content=\"index, follow, max-snippet:-1, max-image-preview:large, max-video-preview:-1\" \/>\n<link rel=\"canonical\" href=\"https:\/\/saiga.es\/fr\/produit\/poudre-dengrais-cuprazufre-2\/\" \/>\n<meta property=\"og:locale\" content=\"fr_FR\" \/>\n<meta property=\"og:type\" content=\"article\" \/>\n<meta property=\"og:title\" content=\"Poudre d&#039;engrais Cuprazufre 2 | SAIGA\" \/>\n<meta property=\"og:description\" content=\"CUPRAZUFRE 2 est un engrais en poudre formul\u00e9 avec du soufre \u00e9l\u00e9mentaire et du cuivre, con\u00e7u pour \u00eatre appliqu\u00e9 directement sur le sol et sur la plante.\" \/>\n<meta property=\"og:url\" content=\"https:\/\/saiga.es\/fr\/produit\/poudre-dengrais-cuprazufre-2\/\" \/>\n<meta property=\"og:site_name\" content=\"SAIGA\" \/>\n<meta property=\"article:modified_time\" content=\"2025-12-10T11:57:11+00:00\" \/>\n<meta property=\"og:image\" content=\"https:\/\/saiga.es\/wp-content\/uploads\/2025\/07\/Cuprazufre-2-1-Kg.jpg\" \/>\n\t<meta property=\"og:image:width\" content=\"1080\" \/>\n\t<meta property=\"og:image:height\" content=\"1080\" \/>\n\t<meta property=\"og:image:type\" content=\"image\/jpeg\" \/>\n<meta name=\"twitter:card\" content=\"summary_large_image\" \/>\n<meta name=\"twitter:site\" content=\"@saiga_agro\" \/>\n<meta name=\"twitter:label1\" content=\"Dur\u00e9e de lecture estim\u00e9e\" \/>\n\t<meta name=\"twitter:data1\" content=\"1 minute\" \/>\n<script type=\"application\/ld+json\" class=\"yoast-schema-graph\">{\"@context\":\"https:\\\/\\\/schema.org\",\"@graph\":[{\"@type\":\"WebPage\",\"@id\":\"https:\\\/\\\/saiga.es\\\/fr\\\/produit\\\/poudre-dengrais-cuprazufre-2\\\/\",\"url\":\"https:\\\/\\\/saiga.es\\\/fr\\\/produit\\\/poudre-dengrais-cuprazufre-2\\\/\",\"name\":\"Poudre d'engrais Cuprazufre 2 | SAIGA\",\"isPartOf\":{\"@id\":\"https:\\\/\\\/saiga.es\\\/fr\\\/#website\"},\"primaryImageOfPage\":{\"@id\":\"https:\\\/\\\/saiga.es\\\/fr\\\/produit\\\/poudre-dengrais-cuprazufre-2\\\/#primaryimage\"},\"image\":{\"@id\":\"https:\\\/\\\/saiga.es\\\/fr\\\/produit\\\/poudre-dengrais-cuprazufre-2\\\/#primaryimage\"},\"thumbnailUrl\":\"https:\\\/\\\/saiga.es\\\/wp-content\\\/uploads\\\/2025\\\/07\\\/Cuprazufre-2-1-Kg.jpg\",\"datePublished\":\"2025-07-09T07:29:53+00:00\",\"dateModified\":\"2025-12-10T11:57:11+00:00\",\"description\":\"CUPRAZUFRE 2 est un engrais en poudre formul\u00e9 avec du soufre \u00e9l\u00e9mentaire et du cuivre, con\u00e7u pour \u00eatre appliqu\u00e9 directement sur le sol et sur la plante.\",\"breadcrumb\":{\"@id\":\"https:\\\/\\\/saiga.es\\\/fr\\\/produit\\\/poudre-dengrais-cuprazufre-2\\\/#breadcrumb\"},\"inLanguage\":\"fr-FR\",\"potentialAction\":[{\"@type\":\"ReadAction\",\"target\":[\"https:\\\/\\\/saiga.es\\\/fr\\\/produit\\\/poudre-dengrais-cuprazufre-2\\\/\"]}]},{\"@type\":\"ImageObject\",\"inLanguage\":\"fr-FR\",\"@id\":\"https:\\\/\\\/saiga.es\\\/fr\\\/produit\\\/poudre-dengrais-cuprazufre-2\\\/#primaryimage\",\"url\":\"https:\\\/\\\/saiga.es\\\/wp-content\\\/uploads\\\/2025\\\/07\\\/Cuprazufre-2-1-Kg.jpg\",\"contentUrl\":\"https:\\\/\\\/saiga.es\\\/wp-content\\\/uploads\\\/2025\\\/07\\\/Cuprazufre-2-1-Kg.jpg\",\"width\":1080,\"height\":1080,\"caption\":\"Cuprazufre\"},{\"@type\":\"BreadcrumbList\",\"@id\":\"https:\\\/\\\/saiga.es\\\/fr\\\/produit\\\/poudre-dengrais-cuprazufre-2\\\/#breadcrumb\",\"itemListElement\":[{\"@type\":\"ListItem\",\"position\":1,\"name\":\"Inici\",\"item\":\"https:\\\/\\\/saiga.es\\\/fr\\\/\"},{\"@type\":\"ListItem\",\"position\":2,\"name\":\"boutique\",\"item\":\"https:\\\/\\\/saiga.es\\\/fr\\\/boutique\\\/\"},{\"@type\":\"ListItem\",\"position\":3,\"name\":\"Poudre d&rsquo;engrais Cuprazufre 2\"}]},{\"@type\":\"WebSite\",\"@id\":\"https:\\\/\\\/saiga.es\\\/fr\\\/#website\",\"url\":\"https:\\\/\\\/saiga.es\\\/fr\\\/\",\"name\":\"SAIGA\",\"description\":\"M\u00e9s de 50 anys al servei de la terra i treballant per a un \u00fas eficient de l\u2019aigua!\",\"publisher\":{\"@id\":\"https:\\\/\\\/saiga.es\\\/fr\\\/#organization\"},\"potentialAction\":[{\"@type\":\"SearchAction\",\"target\":{\"@type\":\"EntryPoint\",\"urlTemplate\":\"https:\\\/\\\/saiga.es\\\/fr\\\/?s={search_term_string}\"},\"query-input\":{\"@type\":\"PropertyValueSpecification\",\"valueRequired\":true,\"valueName\":\"search_term_string\"}}],\"inLanguage\":\"fr-FR\"},{\"@type\":\"Organization\",\"@id\":\"https:\\\/\\\/saiga.es\\\/fr\\\/#organization\",\"name\":\"SAIGA\",\"url\":\"https:\\\/\\\/saiga.es\\\/fr\\\/\",\"logo\":{\"@type\":\"ImageObject\",\"inLanguage\":\"fr-FR\",\"@id\":\"https:\\\/\\\/saiga.es\\\/fr\\\/#\\\/schema\\\/logo\\\/image\\\/\",\"url\":\"https:\\\/\\\/saiga.es\\\/wp-content\\\/uploads\\\/2025\\\/07\\\/logo_saiga_baseline_optimitzat.svg\",\"contentUrl\":\"https:\\\/\\\/saiga.es\\\/wp-content\\\/uploads\\\/2025\\\/07\\\/logo_saiga_baseline_optimitzat.svg\",\"caption\":\"SAIGA\"},\"image\":{\"@id\":\"https:\\\/\\\/saiga.es\\\/fr\\\/#\\\/schema\\\/logo\\\/image\\\/\"},\"sameAs\":[\"https:\\\/\\\/x.com\\\/saiga_agro\",\"https:\\\/\\\/www.instagram.com\\\/saiga_agro\\\/\"]}]}<\/script>\n<!-- \/ Yoast SEO plugin. -->","yoast_head_json":{"title":"Poudre d'engrais Cuprazufre 2 | SAIGA","description":"CUPRAZUFRE 2 est un engrais en poudre formul\u00e9 avec du soufre \u00e9l\u00e9mentaire et du cuivre, con\u00e7u pour \u00eatre appliqu\u00e9 directement sur le sol et sur la plante.","robots":{"index":"index","follow":"follow","max-snippet":"max-snippet:-1","max-image-preview":"max-image-preview:large","max-video-preview":"max-video-preview:-1"},"canonical":"https:\/\/saiga.es\/fr\/produit\/poudre-dengrais-cuprazufre-2\/","og_locale":"fr_FR","og_type":"article","og_title":"Poudre d'engrais Cuprazufre 2 | SAIGA","og_description":"CUPRAZUFRE 2 est un engrais en poudre formul\u00e9 avec du soufre \u00e9l\u00e9mentaire et du cuivre, con\u00e7u pour \u00eatre appliqu\u00e9 directement sur le sol et sur la plante.","og_url":"https:\/\/saiga.es\/fr\/produit\/poudre-dengrais-cuprazufre-2\/","og_site_name":"SAIGA","article_modified_time":"2025-12-10T11:57:11+00:00","og_image":[{"width":1080,"height":1080,"url":"https:\/\/saiga.es\/wp-content\/uploads\/2025\/07\/Cuprazufre-2-1-Kg.jpg","type":"image\/jpeg"}],"twitter_card":"summary_large_image","twitter_site":"@saiga_agro","twitter_misc":{"Dur\u00e9e de lecture estim\u00e9e":"1 minute"},"schema":{"@context":"https:\/\/schema.org","@graph":[{"@type":"WebPage","@id":"https:\/\/saiga.es\/fr\/produit\/poudre-dengrais-cuprazufre-2\/","url":"https:\/\/saiga.es\/fr\/produit\/poudre-dengrais-cuprazufre-2\/","name":"Poudre d'engrais Cuprazufre 2 | SAIGA","isPartOf":{"@id":"https:\/\/saiga.es\/fr\/#website"},"primaryImageOfPage":{"@id":"https:\/\/saiga.es\/fr\/produit\/poudre-dengrais-cuprazufre-2\/#primaryimage"},"image":{"@id":"https:\/\/saiga.es\/fr\/produit\/poudre-dengrais-cuprazufre-2\/#primaryimage"},"thumbnailUrl":"https:\/\/saiga.es\/wp-content\/uploads\/2025\/07\/Cuprazufre-2-1-Kg.jpg","datePublished":"2025-07-09T07:29:53+00:00","dateModified":"2025-12-10T11:57:11+00:00","description":"CUPRAZUFRE 2 est un engrais en poudre formul\u00e9 avec du soufre \u00e9l\u00e9mentaire et du cuivre, con\u00e7u pour \u00eatre appliqu\u00e9 directement sur le sol et sur la plante.","breadcrumb":{"@id":"https:\/\/saiga.es\/fr\/produit\/poudre-dengrais-cuprazufre-2\/#breadcrumb"},"inLanguage":"fr-FR","potentialAction":[{"@type":"ReadAction","target":["https:\/\/saiga.es\/fr\/produit\/poudre-dengrais-cuprazufre-2\/"]}]},{"@type":"ImageObject","inLanguage":"fr-FR","@id":"https:\/\/saiga.es\/fr\/produit\/poudre-dengrais-cuprazufre-2\/#primaryimage","url":"https:\/\/saiga.es\/wp-content\/uploads\/2025\/07\/Cuprazufre-2-1-Kg.jpg","contentUrl":"https:\/\/saiga.es\/wp-content\/uploads\/2025\/07\/Cuprazufre-2-1-Kg.jpg","width":1080,"height":1080,"caption":"Cuprazufre"},{"@type":"BreadcrumbList","@id":"https:\/\/saiga.es\/fr\/produit\/poudre-dengrais-cuprazufre-2\/#breadcrumb","itemListElement":[{"@type":"ListItem","position":1,"name":"Inici","item":"https:\/\/saiga.es\/fr\/"},{"@type":"ListItem","position":2,"name":"boutique","item":"https:\/\/saiga.es\/fr\/boutique\/"},{"@type":"ListItem","position":3,"name":"Poudre d&rsquo;engrais Cuprazufre 2"}]},{"@type":"WebSite","@id":"https:\/\/saiga.es\/fr\/#website","url":"https:\/\/saiga.es\/fr\/","name":"SAIGA","description":"M\u00e9s de 50 anys al servei de la terra i treballant per a un \u00fas eficient de l\u2019aigua!","publisher":{"@id":"https:\/\/saiga.es\/fr\/#organization"},"potentialAction":[{"@type":"SearchAction","target":{"@type":"EntryPoint","urlTemplate":"https:\/\/saiga.es\/fr\/?s={search_term_string}"},"query-input":{"@type":"PropertyValueSpecification","valueRequired":true,"valueName":"search_term_string"}}],"inLanguage":"fr-FR"},{"@type":"Organization","@id":"https:\/\/saiga.es\/fr\/#organization","name":"SAIGA","url":"https:\/\/saiga.es\/fr\/","logo":{"@type":"ImageObject","inLanguage":"fr-FR","@id":"https:\/\/saiga.es\/fr\/#\/schema\/logo\/image\/","url":"https:\/\/saiga.es\/wp-content\/uploads\/2025\/07\/logo_saiga_baseline_optimitzat.svg","contentUrl":"https:\/\/saiga.es\/wp-content\/uploads\/2025\/07\/logo_saiga_baseline_optimitzat.svg","caption":"SAIGA"},"image":{"@id":"https:\/\/saiga.es\/fr\/#\/schema\/logo\/image\/"},"sameAs":["https:\/\/x.com\/saiga_agro","https:\/\/www.instagram.com\/saiga_agro\/"]}]}},"_links":{"self":[{"href":"https:\/\/saiga.es\/fr\/wp-json\/wp\/v2\/product\/15322","targetHints":{"allow":["GET"]}}],"collection":[{"href":"https:\/\/saiga.es\/fr\/wp-json\/wp\/v2\/product"}],"about":[{"href":"https:\/\/saiga.es\/fr\/wp-json\/wp\/v2\/types\/product"}],"replies":[{"embeddable":true,"href":"https:\/\/saiga.es\/fr\/wp-json\/wp\/v2\/comments?post=15322"}],"wp:featuredmedia":[{"embeddable":true,"href":"https:\/\/saiga.es\/fr\/wp-json\/wp\/v2\/media\/15319"}],"wp:attachment":[{"href":"https:\/\/saiga.es\/fr\/wp-json\/wp\/v2\/media?parent=15322"}],"wp:term":[{"taxonomy":"product_brand","embeddable":true,"href":"https:\/\/saiga.es\/fr\/wp-json\/wp\/v2\/product_brand?post=15322"},{"taxonomy":"product_cat","embeddable":true,"href":"https:\/\/saiga.es\/fr\/wp-json\/wp\/v2\/product_cat?post=15322"},{"taxonomy":"product_tag","embeddable":true,"href":"https:\/\/saiga.es\/fr\/wp-json\/wp\/v2\/product_tag?post=15322"}],"curies":[{"name":"wp","href":"https:\/\/api.w.org\/{rel}","templated":true}]}}