{"id":15329,"date":"2025-07-09T09:30:29","date_gmt":"2025-07-09T09:30:29","guid":{"rendered":"https:\/\/botiga.saiga.es\/producte\/engrais-granule-pour-agrumes\/"},"modified":"2025-12-10T11:48:36","modified_gmt":"2025-12-10T11:48:36","slug":"engrais-granule-pour-agrumes","status":"publish","type":"product","link":"https:\/\/saiga.es\/fr\/produit\/engrais-granule-pour-agrumes\/","title":{"rendered":"Engrais granul\u00e9 pour agrumes"},"content":{"rendered":"<p data-start=\"211\" data-end=\"452\">L&rsquo;engrais granulaire pour agrumes KB Osmocote (750 g) est un engrais \u00e0 lib\u00e9ration lente con\u00e7u pour r\u00e9pondre aux besoins des agrumes : citronnier, oranger, mandarinier et pamplemousse.<\/p>\n<p data-start=\"454\" data-end=\"693\">Sa formule compl\u00e8te et \u00e9quilibr\u00e9e (NPK 20-7-16 avec 2,5 % de MgO) assure une nutrition prolong\u00e9e et constante. Le magn\u00e9sium est essentiel \u00e0 la chlorophylle et au bon d\u00e9veloppement du feuillage. <\/p>\n<p data-start=\"695\" data-end=\"918\">Gr\u00e2ce \u00e0 la technologie de lib\u00e9ration contr\u00f4l\u00e9e, les nutriments sont lib\u00e9r\u00e9s progressivement sur plusieurs mois. Cela \u00e9vite le risque de surfertilisation et optimise l&rsquo;absorption. <\/p>\n<p data-start=\"920\" data-end=\"1302\">Il est id\u00e9al comme engrais d&rsquo;entretien ou lorsque les cultures en ont le plus besoin, comme apr\u00e8s la taille, en p\u00e9riode de gel ou pendant la floraison et la fructification. Son application est on ne peut plus simple : il suffit de disperser les granul\u00e9s au pied de l&rsquo;arbre et d&rsquo;arroser pour que les nutriments soient incorpor\u00e9s au sol. <\/p>\n<p data-start=\"1304\" data-end=\"1322\">Avantages cl\u00e9s<\/p>\n<ul data-start=\"1323\" data-end=\"1554\">\n<li data-start=\"1323\" data-end=\"1404\">\n<p data-start=\"1325\" data-end=\"1404\">Des nutriments constants pendant des mois, jusqu\u2019\u00e0 6 mois d\u2019approvisionnement continu.<\/p>\n<\/li>\n<li data-start=\"1405\" data-end=\"1440\">\n<p data-start=\"1407\" data-end=\"1440\">Des fruits plus gros et plus savoureux.<\/p>\n<\/li>\n<li data-start=\"1441\" data-end=\"1481\">\n<p data-start=\"1443\" data-end=\"1481\">Arbres plus vigoureux et r\u00e9sistants.<\/p>\n<\/li>\n<li data-start=\"1482\" data-end=\"1554\">\n<p data-start=\"1484\" data-end=\"1554\">Application pratique et efficace.<\/p>\n<\/li>\n<\/ul>\n<p data-start=\"1556\" data-end=\"1841\">Cet engrais est vendu en pot de 750 g, pratique, maniable et durable. Avec Osmocote Citrus, vos arbres recevront tout ce dont ils ont besoin pour pousser forts et en bonne sant\u00e9. C&rsquo;est une valeur s\u00fbre pour votre jardin ou votre potager.  <\/p>\n","protected":false},"excerpt":{"rendered":"<p>L&rsquo;engrais granulaire pour agrumes Osmocote 750 g de KB est un engrais \u00e0 lib\u00e9ration lente con\u00e7u pour r\u00e9pondre aux besoins nutritionnels des agrumes.<\/p>\n","protected":false},"featured_media":15327,"comment_status":"closed","ping_status":"closed","template":"","meta":[],"product_brand":[],"product_cat":[1878],"product_tag":[],"class_list":{"0":"post-15329","1":"product","2":"type-product","3":"status-publish","4":"has-post-thumbnail","6":"product_cat-engrais-et-engrais","8":"first","9":"instock","10":"taxable","11":"shipping-taxable","12":"purchasable","13":"product-type-simple"},"yoast_head":"<!-- This site is optimized with the Yoast SEO plugin v27.4 - https:\/\/yoast.com\/product\/yoast-seo-wordpress\/ -->\n<title>Engrais granul\u00e9 pour agrumes | SAIGA<\/title>\n<meta name=\"description\" content=\"L&#039;engrais granulaire pour agrumes Osmocote 750 g de KB est un engrais \u00e0 lib\u00e9ration lente con\u00e7u pour r\u00e9pondre aux besoins nutritionnels des agrumes.\" \/>\n<meta name=\"robots\" content=\"index, follow, max-snippet:-1, max-image-preview:large, max-video-preview:-1\" \/>\n<link rel=\"canonical\" href=\"https:\/\/saiga.es\/fr\/produit\/engrais-granule-pour-agrumes\/\" \/>\n<meta property=\"og:locale\" content=\"fr_FR\" \/>\n<meta property=\"og:type\" content=\"article\" \/>\n<meta property=\"og:title\" content=\"Engrais granul\u00e9 pour agrumes | SAIGA\" \/>\n<meta property=\"og:description\" content=\"L&#039;engrais granulaire pour agrumes Osmocote 750 g de KB est un engrais \u00e0 lib\u00e9ration lente con\u00e7u pour r\u00e9pondre aux besoins nutritionnels des agrumes.\" \/>\n<meta property=\"og:url\" content=\"https:\/\/saiga.es\/fr\/produit\/engrais-granule-pour-agrumes\/\" \/>\n<meta property=\"og:site_name\" content=\"SAIGA\" \/>\n<meta property=\"article:modified_time\" content=\"2025-12-10T11:48:36+00:00\" \/>\n<meta property=\"og:image\" content=\"https:\/\/saiga.es\/wp-content\/uploads\/2025\/07\/Adob-citrics-KB.jpg\" \/>\n\t<meta property=\"og:image:width\" content=\"1080\" \/>\n\t<meta property=\"og:image:height\" content=\"1080\" \/>\n\t<meta property=\"og:image:type\" content=\"image\/jpeg\" \/>\n<meta name=\"twitter:card\" content=\"summary_large_image\" \/>\n<meta name=\"twitter:site\" content=\"@saiga_agro\" \/>\n<meta name=\"twitter:label1\" content=\"Dur\u00e9e de lecture estim\u00e9e\" \/>\n\t<meta name=\"twitter:data1\" content=\"1 minute\" \/>\n<script type=\"application\/ld+json\" class=\"yoast-schema-graph\">{\"@context\":\"https:\\\/\\\/schema.org\",\"@graph\":[{\"@type\":\"WebPage\",\"@id\":\"https:\\\/\\\/saiga.es\\\/fr\\\/produit\\\/engrais-granule-pour-agrumes\\\/\",\"url\":\"https:\\\/\\\/saiga.es\\\/fr\\\/produit\\\/engrais-granule-pour-agrumes\\\/\",\"name\":\"Engrais granul\u00e9 pour agrumes | SAIGA\",\"isPartOf\":{\"@id\":\"https:\\\/\\\/saiga.es\\\/fr\\\/#website\"},\"primaryImageOfPage\":{\"@id\":\"https:\\\/\\\/saiga.es\\\/fr\\\/produit\\\/engrais-granule-pour-agrumes\\\/#primaryimage\"},\"image\":{\"@id\":\"https:\\\/\\\/saiga.es\\\/fr\\\/produit\\\/engrais-granule-pour-agrumes\\\/#primaryimage\"},\"thumbnailUrl\":\"https:\\\/\\\/saiga.es\\\/wp-content\\\/uploads\\\/2025\\\/07\\\/Adob-citrics-KB.jpg\",\"datePublished\":\"2025-07-09T09:30:29+00:00\",\"dateModified\":\"2025-12-10T11:48:36+00:00\",\"description\":\"L'engrais granulaire pour agrumes Osmocote 750 g de KB est un engrais \u00e0 lib\u00e9ration lente con\u00e7u pour r\u00e9pondre aux besoins nutritionnels des agrumes.\",\"breadcrumb\":{\"@id\":\"https:\\\/\\\/saiga.es\\\/fr\\\/produit\\\/engrais-granule-pour-agrumes\\\/#breadcrumb\"},\"inLanguage\":\"fr-FR\",\"potentialAction\":[{\"@type\":\"ReadAction\",\"target\":[\"https:\\\/\\\/saiga.es\\\/fr\\\/produit\\\/engrais-granule-pour-agrumes\\\/\"]}]},{\"@type\":\"ImageObject\",\"inLanguage\":\"fr-FR\",\"@id\":\"https:\\\/\\\/saiga.es\\\/fr\\\/produit\\\/engrais-granule-pour-agrumes\\\/#primaryimage\",\"url\":\"https:\\\/\\\/saiga.es\\\/wp-content\\\/uploads\\\/2025\\\/07\\\/Adob-citrics-KB.jpg\",\"contentUrl\":\"https:\\\/\\\/saiga.es\\\/wp-content\\\/uploads\\\/2025\\\/07\\\/Adob-citrics-KB.jpg\",\"width\":1080,\"height\":1080,\"caption\":\"Adob granulat c\u00edtrics KB\"},{\"@type\":\"BreadcrumbList\",\"@id\":\"https:\\\/\\\/saiga.es\\\/fr\\\/produit\\\/engrais-granule-pour-agrumes\\\/#breadcrumb\",\"itemListElement\":[{\"@type\":\"ListItem\",\"position\":1,\"name\":\"Inici\",\"item\":\"https:\\\/\\\/saiga.es\\\/fr\\\/\"},{\"@type\":\"ListItem\",\"position\":2,\"name\":\"boutique\",\"item\":\"https:\\\/\\\/saiga.es\\\/fr\\\/boutique\\\/\"},{\"@type\":\"ListItem\",\"position\":3,\"name\":\"Engrais granul\u00e9 pour agrumes\"}]},{\"@type\":\"WebSite\",\"@id\":\"https:\\\/\\\/saiga.es\\\/fr\\\/#website\",\"url\":\"https:\\\/\\\/saiga.es\\\/fr\\\/\",\"name\":\"SAIGA\",\"description\":\"M\u00e9s de 50 anys al servei de la terra i treballant per a un \u00fas eficient de l\u2019aigua!\",\"publisher\":{\"@id\":\"https:\\\/\\\/saiga.es\\\/fr\\\/#organization\"},\"potentialAction\":[{\"@type\":\"SearchAction\",\"target\":{\"@type\":\"EntryPoint\",\"urlTemplate\":\"https:\\\/\\\/saiga.es\\\/fr\\\/?s={search_term_string}\"},\"query-input\":{\"@type\":\"PropertyValueSpecification\",\"valueRequired\":true,\"valueName\":\"search_term_string\"}}],\"inLanguage\":\"fr-FR\"},{\"@type\":\"Organization\",\"@id\":\"https:\\\/\\\/saiga.es\\\/fr\\\/#organization\",\"name\":\"SAIGA\",\"url\":\"https:\\\/\\\/saiga.es\\\/fr\\\/\",\"logo\":{\"@type\":\"ImageObject\",\"inLanguage\":\"fr-FR\",\"@id\":\"https:\\\/\\\/saiga.es\\\/fr\\\/#\\\/schema\\\/logo\\\/image\\\/\",\"url\":\"https:\\\/\\\/saiga.es\\\/wp-content\\\/uploads\\\/2025\\\/07\\\/logo_saiga_baseline_optimitzat.svg\",\"contentUrl\":\"https:\\\/\\\/saiga.es\\\/wp-content\\\/uploads\\\/2025\\\/07\\\/logo_saiga_baseline_optimitzat.svg\",\"caption\":\"SAIGA\"},\"image\":{\"@id\":\"https:\\\/\\\/saiga.es\\\/fr\\\/#\\\/schema\\\/logo\\\/image\\\/\"},\"sameAs\":[\"https:\\\/\\\/x.com\\\/saiga_agro\",\"https:\\\/\\\/www.instagram.com\\\/saiga_agro\\\/\"]}]}<\/script>\n<!-- \/ Yoast SEO plugin. -->","yoast_head_json":{"title":"Engrais granul\u00e9 pour agrumes | SAIGA","description":"L'engrais granulaire pour agrumes Osmocote 750 g de KB est un engrais \u00e0 lib\u00e9ration lente con\u00e7u pour r\u00e9pondre aux besoins nutritionnels des agrumes.","robots":{"index":"index","follow":"follow","max-snippet":"max-snippet:-1","max-image-preview":"max-image-preview:large","max-video-preview":"max-video-preview:-1"},"canonical":"https:\/\/saiga.es\/fr\/produit\/engrais-granule-pour-agrumes\/","og_locale":"fr_FR","og_type":"article","og_title":"Engrais granul\u00e9 pour agrumes | SAIGA","og_description":"L'engrais granulaire pour agrumes Osmocote 750 g de KB est un engrais \u00e0 lib\u00e9ration lente con\u00e7u pour r\u00e9pondre aux besoins nutritionnels des agrumes.","og_url":"https:\/\/saiga.es\/fr\/produit\/engrais-granule-pour-agrumes\/","og_site_name":"SAIGA","article_modified_time":"2025-12-10T11:48:36+00:00","og_image":[{"width":1080,"height":1080,"url":"https:\/\/saiga.es\/wp-content\/uploads\/2025\/07\/Adob-citrics-KB.jpg","type":"image\/jpeg"}],"twitter_card":"summary_large_image","twitter_site":"@saiga_agro","twitter_misc":{"Dur\u00e9e de lecture estim\u00e9e":"1 minute"},"schema":{"@context":"https:\/\/schema.org","@graph":[{"@type":"WebPage","@id":"https:\/\/saiga.es\/fr\/produit\/engrais-granule-pour-agrumes\/","url":"https:\/\/saiga.es\/fr\/produit\/engrais-granule-pour-agrumes\/","name":"Engrais granul\u00e9 pour agrumes | SAIGA","isPartOf":{"@id":"https:\/\/saiga.es\/fr\/#website"},"primaryImageOfPage":{"@id":"https:\/\/saiga.es\/fr\/produit\/engrais-granule-pour-agrumes\/#primaryimage"},"image":{"@id":"https:\/\/saiga.es\/fr\/produit\/engrais-granule-pour-agrumes\/#primaryimage"},"thumbnailUrl":"https:\/\/saiga.es\/wp-content\/uploads\/2025\/07\/Adob-citrics-KB.jpg","datePublished":"2025-07-09T09:30:29+00:00","dateModified":"2025-12-10T11:48:36+00:00","description":"L'engrais granulaire pour agrumes Osmocote 750 g de KB est un engrais \u00e0 lib\u00e9ration lente con\u00e7u pour r\u00e9pondre aux besoins nutritionnels des agrumes.","breadcrumb":{"@id":"https:\/\/saiga.es\/fr\/produit\/engrais-granule-pour-agrumes\/#breadcrumb"},"inLanguage":"fr-FR","potentialAction":[{"@type":"ReadAction","target":["https:\/\/saiga.es\/fr\/produit\/engrais-granule-pour-agrumes\/"]}]},{"@type":"ImageObject","inLanguage":"fr-FR","@id":"https:\/\/saiga.es\/fr\/produit\/engrais-granule-pour-agrumes\/#primaryimage","url":"https:\/\/saiga.es\/wp-content\/uploads\/2025\/07\/Adob-citrics-KB.jpg","contentUrl":"https:\/\/saiga.es\/wp-content\/uploads\/2025\/07\/Adob-citrics-KB.jpg","width":1080,"height":1080,"caption":"Adob granulat c\u00edtrics KB"},{"@type":"BreadcrumbList","@id":"https:\/\/saiga.es\/fr\/produit\/engrais-granule-pour-agrumes\/#breadcrumb","itemListElement":[{"@type":"ListItem","position":1,"name":"Inici","item":"https:\/\/saiga.es\/fr\/"},{"@type":"ListItem","position":2,"name":"boutique","item":"https:\/\/saiga.es\/fr\/boutique\/"},{"@type":"ListItem","position":3,"name":"Engrais granul\u00e9 pour agrumes"}]},{"@type":"WebSite","@id":"https:\/\/saiga.es\/fr\/#website","url":"https:\/\/saiga.es\/fr\/","name":"SAIGA","description":"M\u00e9s de 50 anys al servei de la terra i treballant per a un \u00fas eficient de l\u2019aigua!","publisher":{"@id":"https:\/\/saiga.es\/fr\/#organization"},"potentialAction":[{"@type":"SearchAction","target":{"@type":"EntryPoint","urlTemplate":"https:\/\/saiga.es\/fr\/?s={search_term_string}"},"query-input":{"@type":"PropertyValueSpecification","valueRequired":true,"valueName":"search_term_string"}}],"inLanguage":"fr-FR"},{"@type":"Organization","@id":"https:\/\/saiga.es\/fr\/#organization","name":"SAIGA","url":"https:\/\/saiga.es\/fr\/","logo":{"@type":"ImageObject","inLanguage":"fr-FR","@id":"https:\/\/saiga.es\/fr\/#\/schema\/logo\/image\/","url":"https:\/\/saiga.es\/wp-content\/uploads\/2025\/07\/logo_saiga_baseline_optimitzat.svg","contentUrl":"https:\/\/saiga.es\/wp-content\/uploads\/2025\/07\/logo_saiga_baseline_optimitzat.svg","caption":"SAIGA"},"image":{"@id":"https:\/\/saiga.es\/fr\/#\/schema\/logo\/image\/"},"sameAs":["https:\/\/x.com\/saiga_agro","https:\/\/www.instagram.com\/saiga_agro\/"]}]}},"_links":{"self":[{"href":"https:\/\/saiga.es\/fr\/wp-json\/wp\/v2\/product\/15329","targetHints":{"allow":["GET"]}}],"collection":[{"href":"https:\/\/saiga.es\/fr\/wp-json\/wp\/v2\/product"}],"about":[{"href":"https:\/\/saiga.es\/fr\/wp-json\/wp\/v2\/types\/product"}],"replies":[{"embeddable":true,"href":"https:\/\/saiga.es\/fr\/wp-json\/wp\/v2\/comments?post=15329"}],"wp:featuredmedia":[{"embeddable":true,"href":"https:\/\/saiga.es\/fr\/wp-json\/wp\/v2\/media\/15327"}],"wp:attachment":[{"href":"https:\/\/saiga.es\/fr\/wp-json\/wp\/v2\/media?parent=15329"}],"wp:term":[{"taxonomy":"product_brand","embeddable":true,"href":"https:\/\/saiga.es\/fr\/wp-json\/wp\/v2\/product_brand?post=15329"},{"taxonomy":"product_cat","embeddable":true,"href":"https:\/\/saiga.es\/fr\/wp-json\/wp\/v2\/product_cat?post=15329"},{"taxonomy":"product_tag","embeddable":true,"href":"https:\/\/saiga.es\/fr\/wp-json\/wp\/v2\/product_tag?post=15329"}],"curies":[{"name":"wp","href":"https:\/\/api.w.org\/{rel}","templated":true}]}}